{"id":1918,"date":"2022-04-22T17:16:37","date_gmt":"2022-04-22T15:16:37","guid":{"rendered":"https:\/\/trendsandvision.nl\/de\/product\/esschert-design-bienenkorb\/"},"modified":"2026-04-22T14:54:28","modified_gmt":"2026-04-22T12:54:28","slug":"esschert-design-bienenkorb","status":"publish","type":"product","link":"https:\/\/trendsandvision.nl\/de\/product\/esschert-design-bienenkorb\/","title":{"rendered":"Esschert Design Bienenkorb"},"content":{"rendered":"<p>Bienenkorb, Volume 40 Liter.<br \/>\nDieser Strohbienenstock ist ein klassisches Bienenhaus und wird von Hand gewebt, wie es die Heideimker um 1900 gemacht haben. Der Strohbienenstock ist der Vorg\u00e4nger der h\u00f6lzernen Bienenst\u00f6cke Die Heide-Imker verlegen ihren Bienenstock regelm\u00e4\u00dfig in Gebiete mit bl\u00fchenden Nektarpflanzen. Dank den Einsatz dieses leichten Bienenstocks sind die Imker sehr mobil. Dieser Bienenstock bietet Bienen auf einfache und kosteng\u00fcnstige Weise ein Zuhause.<\/p>\n<p>Artikelname: Bienenkorb<br \/>\nArtikelnummer: C2041<br \/>\nProduktgruppe(n) V\u00f6gel&amp;Gartentiere, Gartentiere, <strong><a href=\"https:\/\/trendsandvision.nl\/de\/?s=bienen&amp;post_type=product&amp;dgwt_wcas=1\">Bienen und Hummeln<\/a><\/strong><br \/>\nProduktabmessungen in cm L 41,5 x T 41,5 x H 32,5<br \/>\nMaterial: Weizenstroh<br \/>\nNettogewicht 1,556 kg<br \/>\nBarcode 8714982098895<br \/>\nProduzent <a href=\"https:\/\/www.esschertdesign.com\/shop\/de\/bijenkorf-c2041\" target=\"_blank\">Esschert Design<\/a><\/p>\n","protected":false},"excerpt":{"rendered":"<p>Traditionelle Bienenkorb Volume: 40 Liter<br \/>\naus Stroh<br \/>\nleicht<br \/>\neinfach zu transportieren bzw. umzustellen<br \/>\nArtikelnummer: C2041<br \/>\nL 41,5 x T 41,5 x H 32,5 cm<br \/>\nMaterial: Weizenstroh<br \/>\nNettogewicht 1,556 kg<br \/>\nBarcode 8714982098895<\/p>\n","protected":false},"featured_media":1919,"template":"","meta":[],"product_brand":[9597,9598],"product_cat":[1128],"product_tag":[7136,7058,6758,7465],"class_list":{"0":"post-1918","1":"product","2":"type-product","3":"status-publish","4":"has-post-thumbnail","6":"product_brand-esschert-design","7":"product_brand-trends-and-vision","8":"product_cat-secrets-du-potager","9":"product_tag-bienenkorb","10":"product_tag-bienen","11":"product_tag-gartentiere","12":"product_tag-hummeln","13":"pa_anbieter-esschert-design","14":"pa_ean-code-1140","15":"pa_messungen-415x415x325-cm","17":"first","18":"instock","19":"sale","20":"featured","21":"taxable","22":"shipping-taxable","23":"purchasable","24":"product-type-simple","25":"czr-hentry"},"yoast_head":"<!-- This site is optimized with the Yoast SEO Premium plugin v27.4 (Yoast SEO v27.4) - https:\/\/yoast.com\/product\/yoast-seo-premium-wordpress\/ -->\n<title>Esschert Design Bienenkorb (C2041, 8714982098895)<\/title>\n<meta name=\"description\" content=\"Esschert Design Bienenkorb (C2041, 8714982098895) Volume: 40 Liter. L + T \u00f8 41,5 x H 32,5 cm, Material: Weizenstroh, Nettogewicht 1,556 kg\" \/>\n<meta name=\"robots\" content=\"index, follow, max-snippet:-1, max-image-preview:large, max-video-preview:-1\" \/>\n<link rel=\"canonical\" href=\"https:\/\/trendsandvision.nl\/de\/product\/esschert-design-bienenkorb\/\" \/>\n<meta property=\"og:locale\" content=\"de_DE\" \/>\n<meta property=\"og:type\" content=\"article\" \/>\n<meta property=\"og:title\" content=\"Esschert Design Bienenkorb\" \/>\n<meta property=\"og:description\" content=\"Esschert Design Bienenkorb (C2041, 8714982098895) Volume: 40 Liter. L + T \u00f8 41,5 x H 32,5 cm, Material: Weizenstroh, Nettogewicht 1,556 kg\" \/>\n<meta property=\"og:url\" content=\"https:\/\/trendsandvision.nl\/de\/product\/esschert-design-bienenkorb\/\" \/>\n<meta property=\"og:site_name\" content=\"Trends &amp; Vision (DE)\" \/>\n<meta property=\"article:modified_time\" content=\"2026-04-22T12:54:28+00:00\" \/>\n<meta property=\"og:image\" content=\"https:\/\/trendsandvision.nl\/de\/wp-content\/uploads\/sites\/3\/2022\/04\/C2041_01.jpg\" \/>\n\t<meta property=\"og:image:width\" content=\"800\" \/>\n\t<meta property=\"og:image:height\" content=\"800\" \/>\n\t<meta property=\"og:image:type\" content=\"image\/jpeg\" \/>\n<meta name=\"twitter:card\" content=\"summary_large_image\" \/>\n<meta name=\"twitter:label1\" content=\"Gesch\u00e4tzte Lesezeit\" \/>\n\t<meta name=\"twitter:data1\" content=\"1\u00a0Minute\" \/>\n<script type=\"application\/ld+json\" class=\"yoast-schema-graph\">{\"@context\":\"https:\\\/\\\/schema.org\",\"@graph\":[{\"@type\":\"WebPage\",\"@id\":\"https:\\\/\\\/trendsandvision.nl\\\/de\\\/product\\\/esschert-design-bienenkorb\\\/\",\"url\":\"https:\\\/\\\/trendsandvision.nl\\\/de\\\/product\\\/esschert-design-bienenkorb\\\/\",\"name\":\"Esschert Design Bienenkorb (C2041, 8714982098895)\",\"isPartOf\":{\"@id\":\"https:\\\/\\\/trendsandvision.nl\\\/de\\\/#website\"},\"primaryImageOfPage\":{\"@id\":\"https:\\\/\\\/trendsandvision.nl\\\/de\\\/product\\\/esschert-design-bienenkorb\\\/#primaryimage\"},\"image\":{\"@id\":\"https:\\\/\\\/trendsandvision.nl\\\/de\\\/product\\\/esschert-design-bienenkorb\\\/#primaryimage\"},\"thumbnailUrl\":\"https:\\\/\\\/trendsandvision.nl\\\/de\\\/wp-content\\\/uploads\\\/sites\\\/3\\\/2022\\\/04\\\/C2041_01.jpg\",\"datePublished\":\"2022-04-22T15:16:37+00:00\",\"dateModified\":\"2026-04-22T12:54:28+00:00\",\"description\":\"Esschert Design Bienenkorb (C2041, 8714982098895) Volume: 40 Liter. L + T \u00f8 41,5 x H 32,5 cm, Material: Weizenstroh, Nettogewicht 1,556 kg\",\"breadcrumb\":{\"@id\":\"https:\\\/\\\/trendsandvision.nl\\\/de\\\/product\\\/esschert-design-bienenkorb\\\/#breadcrumb\"},\"inLanguage\":\"de\",\"potentialAction\":[{\"@type\":\"ReadAction\",\"target\":[\"https:\\\/\\\/trendsandvision.nl\\\/de\\\/product\\\/esschert-design-bienenkorb\\\/\"]}]},{\"@type\":\"ImageObject\",\"inLanguage\":\"de\",\"@id\":\"https:\\\/\\\/trendsandvision.nl\\\/de\\\/product\\\/esschert-design-bienenkorb\\\/#primaryimage\",\"url\":\"https:\\\/\\\/trendsandvision.nl\\\/de\\\/wp-content\\\/uploads\\\/sites\\\/3\\\/2022\\\/04\\\/C2041_01.jpg\",\"contentUrl\":\"https:\\\/\\\/trendsandvision.nl\\\/de\\\/wp-content\\\/uploads\\\/sites\\\/3\\\/2022\\\/04\\\/C2041_01.jpg\",\"width\":800,\"height\":800,\"caption\":\"Trends and Vision Bienenkorb (C2041, 8714982098895) Volume: 40 Liter. L + T \u00f8 41,5 x H 32,5 cm, Material: Weizenstroh, Nettogewicht 1,556 kg\"},{\"@type\":\"BreadcrumbList\",\"@id\":\"https:\\\/\\\/trendsandvision.nl\\\/de\\\/product\\\/esschert-design-bienenkorb\\\/#breadcrumb\",\"itemListElement\":[{\"@type\":\"ListItem\",\"position\":1,\"name\":\"Home\",\"item\":\"https:\\\/\\\/trendsandvision.nl\\\/de\\\/\"},{\"@type\":\"ListItem\",\"position\":2,\"name\":\"Gesch\u00e4ft\",\"item\":\"https:\\\/\\\/trendsandvision.nl\\\/de\\\/geschaft\\\/\"},{\"@type\":\"ListItem\",\"position\":3,\"name\":\"Esschert Design Bienenkorb\"}]},{\"@type\":\"WebSite\",\"@id\":\"https:\\\/\\\/trendsandvision.nl\\\/de\\\/#website\",\"url\":\"https:\\\/\\\/trendsandvision.nl\\\/de\\\/\",\"name\":\"Trends &amp; Vision (DE)\",\"description\":\"Der Webshop f\u00fcr Esschert Design Artikel\",\"publisher\":{\"@id\":\"https:\\\/\\\/trendsandvision.nl\\\/de\\\/#organization\"},\"potentialAction\":[{\"@type\":\"SearchAction\",\"target\":{\"@type\":\"EntryPoint\",\"urlTemplate\":\"https:\\\/\\\/trendsandvision.nl\\\/de\\\/?s={search_term_string}\"},\"query-input\":{\"@type\":\"PropertyValueSpecification\",\"valueRequired\":true,\"valueName\":\"search_term_string\"}}],\"inLanguage\":\"de\"},{\"@type\":\"Organization\",\"@id\":\"https:\\\/\\\/trendsandvision.nl\\\/de\\\/#organization\",\"name\":\"Trends &amp; Vision (DE)\",\"url\":\"https:\\\/\\\/trendsandvision.nl\\\/de\\\/\",\"logo\":{\"@type\":\"ImageObject\",\"inLanguage\":\"de\",\"@id\":\"https:\\\/\\\/trendsandvision.nl\\\/de\\\/#\\\/schema\\\/logo\\\/image\\\/\",\"url\":\"https:\\\/\\\/trendsandvision.nl\\\/de\\\/wp-content\\\/uploads\\\/sites\\\/3\\\/2022\\\/04\\\/trends-and-vision-logo.jpg\",\"contentUrl\":\"https:\\\/\\\/trendsandvision.nl\\\/de\\\/wp-content\\\/uploads\\\/sites\\\/3\\\/2022\\\/04\\\/trends-and-vision-logo.jpg\",\"width\":213,\"height\":100,\"caption\":\"Trends &amp; Vision (DE)\"},\"image\":{\"@id\":\"https:\\\/\\\/trendsandvision.nl\\\/de\\\/#\\\/schema\\\/logo\\\/image\\\/\"}}]}<\/script>\n<!-- \/ Yoast SEO Premium plugin. -->","yoast_head_json":{"title":"Esschert Design Bienenkorb (C2041, 8714982098895)","description":"Esschert Design Bienenkorb (C2041, 8714982098895) Volume: 40 Liter. L + T \u00f8 41,5 x H 32,5 cm, Material: Weizenstroh, Nettogewicht 1,556 kg","robots":{"index":"index","follow":"follow","max-snippet":"max-snippet:-1","max-image-preview":"max-image-preview:large","max-video-preview":"max-video-preview:-1"},"canonical":"https:\/\/trendsandvision.nl\/de\/product\/esschert-design-bienenkorb\/","og_locale":"de_DE","og_type":"article","og_title":"Esschert Design Bienenkorb","og_description":"Esschert Design Bienenkorb (C2041, 8714982098895) Volume: 40 Liter. L + T \u00f8 41,5 x H 32,5 cm, Material: Weizenstroh, Nettogewicht 1,556 kg","og_url":"https:\/\/trendsandvision.nl\/de\/product\/esschert-design-bienenkorb\/","og_site_name":"Trends &amp; Vision (DE)","article_modified_time":"2026-04-22T12:54:28+00:00","og_image":[{"width":800,"height":800,"url":"https:\/\/trendsandvision.nl\/de\/wp-content\/uploads\/sites\/3\/2022\/04\/C2041_01.jpg","type":"image\/jpeg"}],"twitter_card":"summary_large_image","twitter_misc":{"Gesch\u00e4tzte Lesezeit":"1\u00a0Minute"},"schema":{"@context":"https:\/\/schema.org","@graph":[{"@type":"WebPage","@id":"https:\/\/trendsandvision.nl\/de\/product\/esschert-design-bienenkorb\/","url":"https:\/\/trendsandvision.nl\/de\/product\/esschert-design-bienenkorb\/","name":"Esschert Design Bienenkorb (C2041, 8714982098895)","isPartOf":{"@id":"https:\/\/trendsandvision.nl\/de\/#website"},"primaryImageOfPage":{"@id":"https:\/\/trendsandvision.nl\/de\/product\/esschert-design-bienenkorb\/#primaryimage"},"image":{"@id":"https:\/\/trendsandvision.nl\/de\/product\/esschert-design-bienenkorb\/#primaryimage"},"thumbnailUrl":"https:\/\/trendsandvision.nl\/de\/wp-content\/uploads\/sites\/3\/2022\/04\/C2041_01.jpg","datePublished":"2022-04-22T15:16:37+00:00","dateModified":"2026-04-22T12:54:28+00:00","description":"Esschert Design Bienenkorb (C2041, 8714982098895) Volume: 40 Liter. L + T \u00f8 41,5 x H 32,5 cm, Material: Weizenstroh, Nettogewicht 1,556 kg","breadcrumb":{"@id":"https:\/\/trendsandvision.nl\/de\/product\/esschert-design-bienenkorb\/#breadcrumb"},"inLanguage":"de","potentialAction":[{"@type":"ReadAction","target":["https:\/\/trendsandvision.nl\/de\/product\/esschert-design-bienenkorb\/"]}]},{"@type":"ImageObject","inLanguage":"de","@id":"https:\/\/trendsandvision.nl\/de\/product\/esschert-design-bienenkorb\/#primaryimage","url":"https:\/\/trendsandvision.nl\/de\/wp-content\/uploads\/sites\/3\/2022\/04\/C2041_01.jpg","contentUrl":"https:\/\/trendsandvision.nl\/de\/wp-content\/uploads\/sites\/3\/2022\/04\/C2041_01.jpg","width":800,"height":800,"caption":"Trends and Vision Bienenkorb (C2041, 8714982098895) Volume: 40 Liter. L + T \u00f8 41,5 x H 32,5 cm, Material: Weizenstroh, Nettogewicht 1,556 kg"},{"@type":"BreadcrumbList","@id":"https:\/\/trendsandvision.nl\/de\/product\/esschert-design-bienenkorb\/#breadcrumb","itemListElement":[{"@type":"ListItem","position":1,"name":"Home","item":"https:\/\/trendsandvision.nl\/de\/"},{"@type":"ListItem","position":2,"name":"Gesch\u00e4ft","item":"https:\/\/trendsandvision.nl\/de\/geschaft\/"},{"@type":"ListItem","position":3,"name":"Esschert Design Bienenkorb"}]},{"@type":"WebSite","@id":"https:\/\/trendsandvision.nl\/de\/#website","url":"https:\/\/trendsandvision.nl\/de\/","name":"Trends &amp; Vision (DE)","description":"Der Webshop f\u00fcr Esschert Design Artikel","publisher":{"@id":"https:\/\/trendsandvision.nl\/de\/#organization"},"potentialAction":[{"@type":"SearchAction","target":{"@type":"EntryPoint","urlTemplate":"https:\/\/trendsandvision.nl\/de\/?s={search_term_string}"},"query-input":{"@type":"PropertyValueSpecification","valueRequired":true,"valueName":"search_term_string"}}],"inLanguage":"de"},{"@type":"Organization","@id":"https:\/\/trendsandvision.nl\/de\/#organization","name":"Trends &amp; Vision (DE)","url":"https:\/\/trendsandvision.nl\/de\/","logo":{"@type":"ImageObject","inLanguage":"de","@id":"https:\/\/trendsandvision.nl\/de\/#\/schema\/logo\/image\/","url":"https:\/\/trendsandvision.nl\/de\/wp-content\/uploads\/sites\/3\/2022\/04\/trends-and-vision-logo.jpg","contentUrl":"https:\/\/trendsandvision.nl\/de\/wp-content\/uploads\/sites\/3\/2022\/04\/trends-and-vision-logo.jpg","width":213,"height":100,"caption":"Trends &amp; Vision (DE)"},"image":{"@id":"https:\/\/trendsandvision.nl\/de\/#\/schema\/logo\/image\/"}}]}},"_links":{"self":[{"href":"https:\/\/trendsandvision.nl\/de\/wp-json\/wp\/v2\/product\/1918","targetHints":{"allow":["GET"]}}],"collection":[{"href":"https:\/\/trendsandvision.nl\/de\/wp-json\/wp\/v2\/product"}],"about":[{"href":"https:\/\/trendsandvision.nl\/de\/wp-json\/wp\/v2\/types\/product"}],"wp:featuredmedia":[{"embeddable":true,"href":"https:\/\/trendsandvision.nl\/de\/wp-json\/wp\/v2\/media\/1919"}],"wp:attachment":[{"href":"https:\/\/trendsandvision.nl\/de\/wp-json\/wp\/v2\/media?parent=1918"}],"wp:term":[{"taxonomy":"product_brand","embeddable":true,"href":"https:\/\/trendsandvision.nl\/de\/wp-json\/wp\/v2\/product_brand?post=1918"},{"taxonomy":"product_cat","embeddable":true,"href":"https:\/\/trendsandvision.nl\/de\/wp-json\/wp\/v2\/product_cat?post=1918"},{"taxonomy":"product_tag","embeddable":true,"href":"https:\/\/trendsandvision.nl\/de\/wp-json\/wp\/v2\/product_tag?post=1918"}],"curies":[{"name":"wp","href":"https:\/\/api.w.org\/{rel}","templated":true}]}}