{"id":1887,"date":"2022-04-22T17:15:32","date_gmt":"2022-04-22T15:15:32","guid":{"rendered":"https:\/\/trendsandvision.nl\/de\/product\/esschert-design-klassik-seifenschale-gusseisen\/"},"modified":"2026-04-22T14:54:25","modified_gmt":"2026-04-22T12:54:25","slug":"esschert-design-klassik-seifenschale-gusseisen","status":"publish","type":"product","link":"https:\/\/trendsandvision.nl\/de\/product\/esschert-design-klassik-seifenschale-gusseisen\/","title":{"rendered":"Esschert Design Klassik-Seifenschale Gu\u00dfeisen"},"content":{"rendered":"<p>Keine losen Seifen mehr mit dieser klassischen viktorianischen Seifenschale.<br \/>\nDank der L\u00f6cher in der Schale kann das Wasser leicht abgelassen werden und die Seife bleibt trocken.<br \/>\nDie Unterseite des Gusseisens hat Gummif\u00fc\u00dfe, um Besch\u00e4digungen an Oberfl\u00e4chen wie K\u00fcchenarbeitsplatten zu vermeiden.<br \/>\nDiese dekorative Seifenschale aus Gusseisen wird nach jahrhundertealter Tradition und Handwerkskunst von Hand gegossen.<\/p>\n<p>Artikelname <strong><a href=\"https:\/\/trendsandvision.nl\/de\/?s=Seifenschale&amp;post_type=product&amp;dgwt_wcas=1\">Seifenschale<\/a><\/strong> Gusseisen<br \/>\nArtikelnummer: BS09<br \/>\nProduktgruppe(n) Garten&amp;Terrasse, Gartenger\u00e4te, Reinigungstools, Kultivierung, Werkzeuge, Pers\u00f6nliche Pflege<br \/>\nProduktabmessungen in cm L 15,1 x T 10,7 x H 13,7<br \/>\nMaterial: Gusseisen<br \/>\nNettogewicht 0,744 kg<br \/>\nBarcode 8714982034268<\/p>\n<p>Alle unsere artikel f\u00fcr G\u00e4rtner &amp; <strong><a href=\"https:\/\/trendsandvision.nl\/de\/?s=Pers\u00f6nliche+Pflege&amp;post_type=product&amp;dgwt_wcas=1\">pers\u00f6nliche Pflege<\/a><\/strong><\/p>\n","protected":false},"excerpt":{"rendered":"<p>&#8211; Artikelname <strong><a href=\"https:\/\/trendsandvision.nl\/de\/?s=Seifenschale&amp;post_type=product&amp;dgwt_wcas=1\">Seifenschale<\/a><\/strong> Gusseisen<br \/>\n&#8211; Artikelnummer: BS09<br \/>\n&#8211; L 15,1 x T 10,7 x H 13,7 cm<br \/>\n&#8211; Material: Gusseisen<br \/>\n&#8211; L\u00f6cher in der Sch\u00fcssel<br \/>\n&#8211; Gummif\u00fc\u00dfe<br \/>\n&#8211; Nettogewicht 0,744 kg<br \/>\n&#8211; Barcode 8714982034268<\/p>\n","protected":false},"featured_media":1888,"template":"","meta":[],"product_brand":[9597,9598],"product_cat":[503],"product_tag":[6790,8018,7478,8017],"class_list":{"0":"post-1887","1":"product","2":"type-product","3":"status-publish","4":"has-post-thumbnail","6":"product_brand-esschert-design","7":"product_brand-trends-and-vision","8":"product_cat-esscherts-garden","9":"product_tag-gusseisen","10":"product_tag-klassik","11":"product_tag-persoenliche-pflege","12":"product_tag-seifenschale","13":"pa_anbieter-esschert-design","14":"pa_ean-code-1118","15":"pa_material-pulverbeschichtetes-gusseisen","16":"pa_messungen-16x115x14-cm","18":"first","19":"instock","20":"sale","21":"taxable","22":"shipping-taxable","23":"purchasable","24":"product-type-simple","25":"czr-hentry"},"yoast_head":"<!-- This site is optimized with the Yoast SEO Premium plugin v27.4 (Yoast SEO v27.4) - https:\/\/yoast.com\/product\/yoast-seo-premium-wordpress\/ -->\n<title>Esschert Design Klassik-Seifenschale Gu\u00dfeisen (BS09, 8714982034268) - Trends &amp; Vision<\/title>\n<meta name=\"description\" content=\"Esschert Design Klassik-Seifenschale Gu\u00dfeisen: Gu\u00dfeiserne rostbraune Seifenschale im viktorianischer Stil.\" \/>\n<meta name=\"robots\" content=\"index, follow, max-snippet:-1, max-image-preview:large, max-video-preview:-1\" \/>\n<link rel=\"canonical\" href=\"https:\/\/trendsandvision.nl\/de\/product\/esschert-design-klassik-seifenschale-gusseisen\/\" \/>\n<meta property=\"og:locale\" content=\"de_DE\" \/>\n<meta property=\"og:type\" content=\"article\" \/>\n<meta property=\"og:title\" content=\"Esschert Design Klassik-Seifenschale Gu\u00dfeisen\" \/>\n<meta property=\"og:description\" content=\"Esschert Design Klassik-Seifenschale Gu\u00dfeisen: Gu\u00dfeiserne rostbraune Seifenschale im viktorianischer Stil.\" \/>\n<meta property=\"og:url\" content=\"https:\/\/trendsandvision.nl\/de\/product\/esschert-design-klassik-seifenschale-gusseisen\/\" \/>\n<meta property=\"og:site_name\" content=\"Trends &amp; Vision (DE)\" \/>\n<meta property=\"article:modified_time\" content=\"2026-04-22T12:54:25+00:00\" \/>\n<meta property=\"og:image\" content=\"https:\/\/trendsandvision.nl\/de\/wp-content\/uploads\/sites\/3\/2022\/04\/BS09_01.jpg\" \/>\n\t<meta property=\"og:image:width\" content=\"800\" \/>\n\t<meta property=\"og:image:height\" content=\"800\" \/>\n\t<meta property=\"og:image:type\" content=\"image\/jpeg\" \/>\n<meta name=\"twitter:card\" content=\"summary_large_image\" \/>\n<meta name=\"twitter:label1\" content=\"Gesch\u00e4tzte Lesezeit\" \/>\n\t<meta name=\"twitter:data1\" content=\"1\u00a0Minute\" \/>\n<script type=\"application\/ld+json\" class=\"yoast-schema-graph\">{\"@context\":\"https:\\\/\\\/schema.org\",\"@graph\":[{\"@type\":\"WebPage\",\"@id\":\"https:\\\/\\\/trendsandvision.nl\\\/de\\\/product\\\/esschert-design-klassik-seifenschale-gusseisen\\\/\",\"url\":\"https:\\\/\\\/trendsandvision.nl\\\/de\\\/product\\\/esschert-design-klassik-seifenschale-gusseisen\\\/\",\"name\":\"Esschert Design Klassik-Seifenschale Gu\u00dfeisen (BS09, 8714982034268) - Trends & Vision\",\"isPartOf\":{\"@id\":\"https:\\\/\\\/trendsandvision.nl\\\/de\\\/#website\"},\"primaryImageOfPage\":{\"@id\":\"https:\\\/\\\/trendsandvision.nl\\\/de\\\/product\\\/esschert-design-klassik-seifenschale-gusseisen\\\/#primaryimage\"},\"image\":{\"@id\":\"https:\\\/\\\/trendsandvision.nl\\\/de\\\/product\\\/esschert-design-klassik-seifenschale-gusseisen\\\/#primaryimage\"},\"thumbnailUrl\":\"https:\\\/\\\/trendsandvision.nl\\\/de\\\/wp-content\\\/uploads\\\/sites\\\/3\\\/2022\\\/04\\\/BS09_01.jpg\",\"datePublished\":\"2022-04-22T15:15:32+00:00\",\"dateModified\":\"2026-04-22T12:54:25+00:00\",\"description\":\"Esschert Design Klassik-Seifenschale Gu\u00dfeisen: Gu\u00dfeiserne rostbraune Seifenschale im viktorianischer Stil.\",\"breadcrumb\":{\"@id\":\"https:\\\/\\\/trendsandvision.nl\\\/de\\\/product\\\/esschert-design-klassik-seifenschale-gusseisen\\\/#breadcrumb\"},\"inLanguage\":\"de\",\"potentialAction\":[{\"@type\":\"ReadAction\",\"target\":[\"https:\\\/\\\/trendsandvision.nl\\\/de\\\/product\\\/esschert-design-klassik-seifenschale-gusseisen\\\/\"]}]},{\"@type\":\"ImageObject\",\"inLanguage\":\"de\",\"@id\":\"https:\\\/\\\/trendsandvision.nl\\\/de\\\/product\\\/esschert-design-klassik-seifenschale-gusseisen\\\/#primaryimage\",\"url\":\"https:\\\/\\\/trendsandvision.nl\\\/de\\\/wp-content\\\/uploads\\\/sites\\\/3\\\/2022\\\/04\\\/BS09_01.jpg\",\"contentUrl\":\"https:\\\/\\\/trendsandvision.nl\\\/de\\\/wp-content\\\/uploads\\\/sites\\\/3\\\/2022\\\/04\\\/BS09_01.jpg\",\"width\":800,\"height\":800,\"caption\":\"Esschert Design Klassik-Seifenschale Gu\u00dfeisen (BS09\"},{\"@type\":\"BreadcrumbList\",\"@id\":\"https:\\\/\\\/trendsandvision.nl\\\/de\\\/product\\\/esschert-design-klassik-seifenschale-gusseisen\\\/#breadcrumb\",\"itemListElement\":[{\"@type\":\"ListItem\",\"position\":1,\"name\":\"Home\",\"item\":\"https:\\\/\\\/trendsandvision.nl\\\/de\\\/\"},{\"@type\":\"ListItem\",\"position\":2,\"name\":\"Gesch\u00e4ft\",\"item\":\"https:\\\/\\\/trendsandvision.nl\\\/de\\\/geschaft\\\/\"},{\"@type\":\"ListItem\",\"position\":3,\"name\":\"Esschert Design Klassik-Seifenschale Gu\u00dfeisen\"}]},{\"@type\":\"WebSite\",\"@id\":\"https:\\\/\\\/trendsandvision.nl\\\/de\\\/#website\",\"url\":\"https:\\\/\\\/trendsandvision.nl\\\/de\\\/\",\"name\":\"Trends &amp; Vision (DE)\",\"description\":\"Der Webshop f\u00fcr Esschert Design Artikel\",\"publisher\":{\"@id\":\"https:\\\/\\\/trendsandvision.nl\\\/de\\\/#organization\"},\"potentialAction\":[{\"@type\":\"SearchAction\",\"target\":{\"@type\":\"EntryPoint\",\"urlTemplate\":\"https:\\\/\\\/trendsandvision.nl\\\/de\\\/?s={search_term_string}\"},\"query-input\":{\"@type\":\"PropertyValueSpecification\",\"valueRequired\":true,\"valueName\":\"search_term_string\"}}],\"inLanguage\":\"de\"},{\"@type\":\"Organization\",\"@id\":\"https:\\\/\\\/trendsandvision.nl\\\/de\\\/#organization\",\"name\":\"Trends &amp; Vision (DE)\",\"url\":\"https:\\\/\\\/trendsandvision.nl\\\/de\\\/\",\"logo\":{\"@type\":\"ImageObject\",\"inLanguage\":\"de\",\"@id\":\"https:\\\/\\\/trendsandvision.nl\\\/de\\\/#\\\/schema\\\/logo\\\/image\\\/\",\"url\":\"https:\\\/\\\/trendsandvision.nl\\\/de\\\/wp-content\\\/uploads\\\/sites\\\/3\\\/2022\\\/04\\\/trends-and-vision-logo.jpg\",\"contentUrl\":\"https:\\\/\\\/trendsandvision.nl\\\/de\\\/wp-content\\\/uploads\\\/sites\\\/3\\\/2022\\\/04\\\/trends-and-vision-logo.jpg\",\"width\":213,\"height\":100,\"caption\":\"Trends &amp; Vision (DE)\"},\"image\":{\"@id\":\"https:\\\/\\\/trendsandvision.nl\\\/de\\\/#\\\/schema\\\/logo\\\/image\\\/\"}}]}<\/script>\n<!-- \/ Yoast SEO Premium plugin. -->","yoast_head_json":{"title":"Esschert Design Klassik-Seifenschale Gu\u00dfeisen (BS09, 8714982034268) - Trends & Vision","description":"Esschert Design Klassik-Seifenschale Gu\u00dfeisen: Gu\u00dfeiserne rostbraune Seifenschale im viktorianischer Stil.","robots":{"index":"index","follow":"follow","max-snippet":"max-snippet:-1","max-image-preview":"max-image-preview:large","max-video-preview":"max-video-preview:-1"},"canonical":"https:\/\/trendsandvision.nl\/de\/product\/esschert-design-klassik-seifenschale-gusseisen\/","og_locale":"de_DE","og_type":"article","og_title":"Esschert Design Klassik-Seifenschale Gu\u00dfeisen","og_description":"Esschert Design Klassik-Seifenschale Gu\u00dfeisen: Gu\u00dfeiserne rostbraune Seifenschale im viktorianischer Stil.","og_url":"https:\/\/trendsandvision.nl\/de\/product\/esschert-design-klassik-seifenschale-gusseisen\/","og_site_name":"Trends &amp; Vision (DE)","article_modified_time":"2026-04-22T12:54:25+00:00","og_image":[{"width":800,"height":800,"url":"https:\/\/trendsandvision.nl\/de\/wp-content\/uploads\/sites\/3\/2022\/04\/BS09_01.jpg","type":"image\/jpeg"}],"twitter_card":"summary_large_image","twitter_misc":{"Gesch\u00e4tzte Lesezeit":"1\u00a0Minute"},"schema":{"@context":"https:\/\/schema.org","@graph":[{"@type":"WebPage","@id":"https:\/\/trendsandvision.nl\/de\/product\/esschert-design-klassik-seifenschale-gusseisen\/","url":"https:\/\/trendsandvision.nl\/de\/product\/esschert-design-klassik-seifenschale-gusseisen\/","name":"Esschert Design Klassik-Seifenschale Gu\u00dfeisen (BS09, 8714982034268) - Trends & Vision","isPartOf":{"@id":"https:\/\/trendsandvision.nl\/de\/#website"},"primaryImageOfPage":{"@id":"https:\/\/trendsandvision.nl\/de\/product\/esschert-design-klassik-seifenschale-gusseisen\/#primaryimage"},"image":{"@id":"https:\/\/trendsandvision.nl\/de\/product\/esschert-design-klassik-seifenschale-gusseisen\/#primaryimage"},"thumbnailUrl":"https:\/\/trendsandvision.nl\/de\/wp-content\/uploads\/sites\/3\/2022\/04\/BS09_01.jpg","datePublished":"2022-04-22T15:15:32+00:00","dateModified":"2026-04-22T12:54:25+00:00","description":"Esschert Design Klassik-Seifenschale Gu\u00dfeisen: Gu\u00dfeiserne rostbraune Seifenschale im viktorianischer Stil.","breadcrumb":{"@id":"https:\/\/trendsandvision.nl\/de\/product\/esschert-design-klassik-seifenschale-gusseisen\/#breadcrumb"},"inLanguage":"de","potentialAction":[{"@type":"ReadAction","target":["https:\/\/trendsandvision.nl\/de\/product\/esschert-design-klassik-seifenschale-gusseisen\/"]}]},{"@type":"ImageObject","inLanguage":"de","@id":"https:\/\/trendsandvision.nl\/de\/product\/esschert-design-klassik-seifenschale-gusseisen\/#primaryimage","url":"https:\/\/trendsandvision.nl\/de\/wp-content\/uploads\/sites\/3\/2022\/04\/BS09_01.jpg","contentUrl":"https:\/\/trendsandvision.nl\/de\/wp-content\/uploads\/sites\/3\/2022\/04\/BS09_01.jpg","width":800,"height":800,"caption":"Esschert Design Klassik-Seifenschale Gu\u00dfeisen (BS09"},{"@type":"BreadcrumbList","@id":"https:\/\/trendsandvision.nl\/de\/product\/esschert-design-klassik-seifenschale-gusseisen\/#breadcrumb","itemListElement":[{"@type":"ListItem","position":1,"name":"Home","item":"https:\/\/trendsandvision.nl\/de\/"},{"@type":"ListItem","position":2,"name":"Gesch\u00e4ft","item":"https:\/\/trendsandvision.nl\/de\/geschaft\/"},{"@type":"ListItem","position":3,"name":"Esschert Design Klassik-Seifenschale Gu\u00dfeisen"}]},{"@type":"WebSite","@id":"https:\/\/trendsandvision.nl\/de\/#website","url":"https:\/\/trendsandvision.nl\/de\/","name":"Trends &amp; Vision (DE)","description":"Der Webshop f\u00fcr Esschert Design Artikel","publisher":{"@id":"https:\/\/trendsandvision.nl\/de\/#organization"},"potentialAction":[{"@type":"SearchAction","target":{"@type":"EntryPoint","urlTemplate":"https:\/\/trendsandvision.nl\/de\/?s={search_term_string}"},"query-input":{"@type":"PropertyValueSpecification","valueRequired":true,"valueName":"search_term_string"}}],"inLanguage":"de"},{"@type":"Organization","@id":"https:\/\/trendsandvision.nl\/de\/#organization","name":"Trends &amp; Vision (DE)","url":"https:\/\/trendsandvision.nl\/de\/","logo":{"@type":"ImageObject","inLanguage":"de","@id":"https:\/\/trendsandvision.nl\/de\/#\/schema\/logo\/image\/","url":"https:\/\/trendsandvision.nl\/de\/wp-content\/uploads\/sites\/3\/2022\/04\/trends-and-vision-logo.jpg","contentUrl":"https:\/\/trendsandvision.nl\/de\/wp-content\/uploads\/sites\/3\/2022\/04\/trends-and-vision-logo.jpg","width":213,"height":100,"caption":"Trends &amp; Vision (DE)"},"image":{"@id":"https:\/\/trendsandvision.nl\/de\/#\/schema\/logo\/image\/"}}]}},"_links":{"self":[{"href":"https:\/\/trendsandvision.nl\/de\/wp-json\/wp\/v2\/product\/1887","targetHints":{"allow":["GET"]}}],"collection":[{"href":"https:\/\/trendsandvision.nl\/de\/wp-json\/wp\/v2\/product"}],"about":[{"href":"https:\/\/trendsandvision.nl\/de\/wp-json\/wp\/v2\/types\/product"}],"wp:featuredmedia":[{"embeddable":true,"href":"https:\/\/trendsandvision.nl\/de\/wp-json\/wp\/v2\/media\/1888"}],"wp:attachment":[{"href":"https:\/\/trendsandvision.nl\/de\/wp-json\/wp\/v2\/media?parent=1887"}],"wp:term":[{"taxonomy":"product_brand","embeddable":true,"href":"https:\/\/trendsandvision.nl\/de\/wp-json\/wp\/v2\/product_brand?post=1887"},{"taxonomy":"product_cat","embeddable":true,"href":"https:\/\/trendsandvision.nl\/de\/wp-json\/wp\/v2\/product_cat?post=1887"},{"taxonomy":"product_tag","embeddable":true,"href":"https:\/\/trendsandvision.nl\/de\/wp-json\/wp\/v2\/product_tag?post=1887"}],"curies":[{"name":"wp","href":"https:\/\/api.w.org\/{rel}","templated":true}]}}