{"id":18721,"date":"2024-12-22T08:46:47","date_gmt":"2024-12-22T07:46:47","guid":{"rendered":"https:\/\/trendsandvision.nl\/de\/product\/esschert-design-bewaesserungshilfe-fliegende-terrakotta\/"},"modified":"2026-04-22T15:27:47","modified_gmt":"2026-04-22T13:27:47","slug":"esschert-design-bewaesserungshilfe-fliegenpilz-terrakotta","status":"publish","type":"product","link":"https:\/\/trendsandvision.nl\/de\/product\/esschert-design-bewaesserungshilfe-fliegenpilz-terrakotta\/","title":{"rendered":"Esschert Design Bew\u00e4sserungshilfe Fliegenpilz Terrakotta"},"content":{"rendered":"<p>Esschert Design Bew\u00e4sserungshilfe Fliegenpilz Terrakotta.<br \/>\nHalten Sie Ihre Pflanzen perfekt hydriert mit unserer verspielten Fliegenpilz-<strong><a href=\"https:\/\/trendsandvision.nl\/de\/?s=Bew\u00e4sserungs&amp;post_type=product&amp;dgwt_wcas=1\">Bew\u00e4sserungshilfe<\/a><\/strong>. Das por\u00f6se Terrakotta-Material gibt langsam Wasser an die Erde ab und versorgt Ihre Pflanzen mit gleichm\u00e4ssiger Feuchtigkeit. Einfach in der Anwendung: F\u00fcllen Sie den Beh\u00e4lter mit Wasser und stecken Sie ihn in den Blumentopf. Das Wasser wird anschliessend nach Bedarf der Pflanze langsam abgegeben. Hergestellt aus por\u00f6sem Tonmaterial, das Wasser aufnimmt und langsam an die umliegende Erde abgibt. Durch Kapillarwirkung wird das Wasser aus dem Einsatz gezogen und gleichm\u00e4ssig im Wurzelballen verteilt.<\/p>\n<p>Artikelnummer WH15<br \/>\nProduktgruppe(n) Garten &amp; Terrasse, <strong><a href=\"https:\/\/trendsandvision.nl\/de\/?s=Gartenger\u00e4t&amp;post_type=product&amp;dgwt_wcas=1\">Gartenger\u00e4te<\/a><\/strong>, <strong><a href=\"https:\/\/trendsandvision.nl\/de\/?s=gie\u00dfka&amp;post_type=product&amp;dgwt_wcas=1\">Gie\u00dfkannen und Spr\u00fchger\u00e4te<\/a><\/strong>, Praktisches Zubeh\u00f6r<br \/>\nProduktabmessungen in cm L 8,3 x T 8,3 x H 16,4<br \/>\nMaterial <strong><a href=\"https:\/\/trendsandvision.nl\/de\/?s=Terracotta&amp;post_type=product&amp;dgwt_wcas=1\">Terracotta<\/a><\/strong><br \/>\nNettogewicht 0,142 kg<br \/>\nBarcode 8714982280887<br \/>\nProduzent <a href=\"https:\/\/www.esschertdesign.com\/shop\/de\/bewateringshulp-vliegenzwam-terrac-wh15\" target=\"_blank\">Esschert Design<\/a><\/p>\n","protected":false},"excerpt":{"rendered":"<p>Pflanzen bew\u00e4ssern, wenn niemand zu Hause ist<br \/>\n<strong><a href=\"https:\/\/trendsandvision.nl\/de\/?s=Bew\u00e4sserungs&amp;post_type=product&amp;dgwt_wcas=1\">Gie\u00dfhilfe<\/a><\/strong> f\u00fcr mehrt\u00e4gige Abwesenheit<br \/>\nAus Terrakotta gefertigt<br \/>\nGleichm\u00e4ssige Verteilung im Wurzelballen der Pflanze<br \/>\nAbmessungen: 8.3 x 8.3 x 16.4 cm<br \/>\nNettogewicht 0,142 kg<br \/>\nBarcode 8714982280887<\/p>\n","protected":false},"featured_media":18722,"template":"","meta":[],"product_brand":[9597,9598],"product_cat":[1284],"product_tag":[7756,11254,11255,7433],"class_list":{"0":"post-18721","1":"product","2":"type-product","3":"status-publish","4":"has-post-thumbnail","6":"product_brand-esschert-design","7":"product_brand-trends-and-vision","8":"product_cat-water-in-the-garden","9":"product_tag-bewaesserungssysteme","10":"product_tag-fliegenpilz-terrakotta","11":"product_tag-mehrtaegige-abwesenheit","12":"product_tag-pilze","13":"pa_anbieter-esschert-design","14":"pa_ean-code-7751","16":"first","17":"instock","18":"sale","19":"taxable","20":"shipping-taxable","21":"purchasable","22":"product-type-simple","23":"czr-hentry"},"yoast_head":"<!-- This site is optimized with the Yoast SEO Premium plugin v27.4 (Yoast SEO v27.4) - https:\/\/yoast.com\/product\/yoast-seo-premium-wordpress\/ -->\n<title>Esschert Design Bew\u00e4sserungshilfe Fliegenpilz Terrakotta (WH15 )<\/title>\n<meta name=\"description\" content=\"Esschert Design Bew\u00e4sserungshilfe Fliegenpilz Terrakotta (WH15 8714982280887)Nettogewicht 0,142 kg, L 8,3 x T 8,3 x H 16,4,Material: Terrakotta\" \/>\n<meta name=\"robots\" content=\"index, follow, max-snippet:-1, max-image-preview:large, max-video-preview:-1\" \/>\n<link rel=\"canonical\" href=\"https:\/\/trendsandvision.nl\/de\/product\/esschert-design-bewaesserungshilfe-fliegenpilz-terrakotta\/\" \/>\n<meta property=\"og:locale\" content=\"de_DE\" \/>\n<meta property=\"og:type\" content=\"article\" \/>\n<meta property=\"og:title\" content=\"Esschert Design Bew\u00e4sserungshilfe Fliegenpilz Terrakotta\" \/>\n<meta property=\"og:description\" content=\"Esschert Design Bew\u00e4sserungshilfe Fliegenpilz Terrakotta (WH15 8714982280887)Nettogewicht 0,142 kg, L 8,3 x T 8,3 x H 16,4,Material: Terrakotta\" \/>\n<meta property=\"og:url\" content=\"https:\/\/trendsandvision.nl\/de\/product\/esschert-design-bewaesserungshilfe-fliegenpilz-terrakotta\/\" \/>\n<meta property=\"og:site_name\" content=\"Trends &amp; Vision (DE)\" \/>\n<meta property=\"article:modified_time\" content=\"2026-04-22T13:27:47+00:00\" \/>\n<meta property=\"og:image\" content=\"https:\/\/trendsandvision.nl\/de\/wp-content\/uploads\/sites\/3\/2024\/12\/WH15_01.jpg\" \/>\n\t<meta property=\"og:image:width\" content=\"800\" \/>\n\t<meta property=\"og:image:height\" content=\"800\" \/>\n\t<meta property=\"og:image:type\" content=\"image\/jpeg\" \/>\n<meta name=\"twitter:card\" content=\"summary_large_image\" \/>\n<meta name=\"twitter:label1\" content=\"Gesch\u00e4tzte Lesezeit\" \/>\n\t<meta name=\"twitter:data1\" content=\"1\u00a0Minute\" \/>\n<script type=\"application\/ld+json\" class=\"yoast-schema-graph\">{\"@context\":\"https:\\\/\\\/schema.org\",\"@graph\":[{\"@type\":\"WebPage\",\"@id\":\"https:\\\/\\\/trendsandvision.nl\\\/de\\\/product\\\/esschert-design-bewaesserungshilfe-fliegenpilz-terrakotta\\\/\",\"url\":\"https:\\\/\\\/trendsandvision.nl\\\/de\\\/product\\\/esschert-design-bewaesserungshilfe-fliegenpilz-terrakotta\\\/\",\"name\":\"Esschert Design Bew\u00e4sserungshilfe Fliegenpilz Terrakotta (WH15 )\",\"isPartOf\":{\"@id\":\"https:\\\/\\\/trendsandvision.nl\\\/de\\\/#website\"},\"primaryImageOfPage\":{\"@id\":\"https:\\\/\\\/trendsandvision.nl\\\/de\\\/product\\\/esschert-design-bewaesserungshilfe-fliegenpilz-terrakotta\\\/#primaryimage\"},\"image\":{\"@id\":\"https:\\\/\\\/trendsandvision.nl\\\/de\\\/product\\\/esschert-design-bewaesserungshilfe-fliegenpilz-terrakotta\\\/#primaryimage\"},\"thumbnailUrl\":\"https:\\\/\\\/trendsandvision.nl\\\/de\\\/wp-content\\\/uploads\\\/sites\\\/3\\\/2024\\\/12\\\/WH15_01.jpg\",\"datePublished\":\"2024-12-22T07:46:47+00:00\",\"dateModified\":\"2026-04-22T13:27:47+00:00\",\"description\":\"Esschert Design Bew\u00e4sserungshilfe Fliegenpilz Terrakotta (WH15 8714982280887)Nettogewicht 0,142 kg, L 8,3 x T 8,3 x H 16,4,Material: Terrakotta\",\"breadcrumb\":{\"@id\":\"https:\\\/\\\/trendsandvision.nl\\\/de\\\/product\\\/esschert-design-bewaesserungshilfe-fliegenpilz-terrakotta\\\/#breadcrumb\"},\"inLanguage\":\"de\",\"potentialAction\":[{\"@type\":\"ReadAction\",\"target\":[\"https:\\\/\\\/trendsandvision.nl\\\/de\\\/product\\\/esschert-design-bewaesserungshilfe-fliegenpilz-terrakotta\\\/\"]}]},{\"@type\":\"ImageObject\",\"inLanguage\":\"de\",\"@id\":\"https:\\\/\\\/trendsandvision.nl\\\/de\\\/product\\\/esschert-design-bewaesserungshilfe-fliegenpilz-terrakotta\\\/#primaryimage\",\"url\":\"https:\\\/\\\/trendsandvision.nl\\\/de\\\/wp-content\\\/uploads\\\/sites\\\/3\\\/2024\\\/12\\\/WH15_01.jpg\",\"contentUrl\":\"https:\\\/\\\/trendsandvision.nl\\\/de\\\/wp-content\\\/uploads\\\/sites\\\/3\\\/2024\\\/12\\\/WH15_01.jpg\",\"width\":800,\"height\":800,\"caption\":\"Esschert Design Bew\u00e4sserungshilfe fliegende Terrakotta (WH15 8714982280887) - 1\"},{\"@type\":\"BreadcrumbList\",\"@id\":\"https:\\\/\\\/trendsandvision.nl\\\/de\\\/product\\\/esschert-design-bewaesserungshilfe-fliegenpilz-terrakotta\\\/#breadcrumb\",\"itemListElement\":[{\"@type\":\"ListItem\",\"position\":1,\"name\":\"Home\",\"item\":\"https:\\\/\\\/trendsandvision.nl\\\/de\\\/\"},{\"@type\":\"ListItem\",\"position\":2,\"name\":\"Gesch\u00e4ft\",\"item\":\"https:\\\/\\\/trendsandvision.nl\\\/de\\\/geschaft\\\/\"},{\"@type\":\"ListItem\",\"position\":3,\"name\":\"Esschert Design Bew\u00e4sserungshilfe Fliegenpilz Terrakotta\"}]},{\"@type\":\"WebSite\",\"@id\":\"https:\\\/\\\/trendsandvision.nl\\\/de\\\/#website\",\"url\":\"https:\\\/\\\/trendsandvision.nl\\\/de\\\/\",\"name\":\"Trends &amp; Vision (DE)\",\"description\":\"Der Webshop f\u00fcr Esschert Design Artikel\",\"publisher\":{\"@id\":\"https:\\\/\\\/trendsandvision.nl\\\/de\\\/#organization\"},\"potentialAction\":[{\"@type\":\"SearchAction\",\"target\":{\"@type\":\"EntryPoint\",\"urlTemplate\":\"https:\\\/\\\/trendsandvision.nl\\\/de\\\/?s={search_term_string}\"},\"query-input\":{\"@type\":\"PropertyValueSpecification\",\"valueRequired\":true,\"valueName\":\"search_term_string\"}}],\"inLanguage\":\"de\"},{\"@type\":\"Organization\",\"@id\":\"https:\\\/\\\/trendsandvision.nl\\\/de\\\/#organization\",\"name\":\"Trends &amp; Vision (DE)\",\"url\":\"https:\\\/\\\/trendsandvision.nl\\\/de\\\/\",\"logo\":{\"@type\":\"ImageObject\",\"inLanguage\":\"de\",\"@id\":\"https:\\\/\\\/trendsandvision.nl\\\/de\\\/#\\\/schema\\\/logo\\\/image\\\/\",\"url\":\"https:\\\/\\\/trendsandvision.nl\\\/de\\\/wp-content\\\/uploads\\\/sites\\\/3\\\/2022\\\/04\\\/trends-and-vision-logo.jpg\",\"contentUrl\":\"https:\\\/\\\/trendsandvision.nl\\\/de\\\/wp-content\\\/uploads\\\/sites\\\/3\\\/2022\\\/04\\\/trends-and-vision-logo.jpg\",\"width\":213,\"height\":100,\"caption\":\"Trends &amp; Vision (DE)\"},\"image\":{\"@id\":\"https:\\\/\\\/trendsandvision.nl\\\/de\\\/#\\\/schema\\\/logo\\\/image\\\/\"}}]}<\/script>\n<!-- \/ Yoast SEO Premium plugin. -->","yoast_head_json":{"title":"Esschert Design Bew\u00e4sserungshilfe Fliegenpilz Terrakotta (WH15 )","description":"Esschert Design Bew\u00e4sserungshilfe Fliegenpilz Terrakotta (WH15 8714982280887)Nettogewicht 0,142 kg, L 8,3 x T 8,3 x H 16,4,Material: Terrakotta","robots":{"index":"index","follow":"follow","max-snippet":"max-snippet:-1","max-image-preview":"max-image-preview:large","max-video-preview":"max-video-preview:-1"},"canonical":"https:\/\/trendsandvision.nl\/de\/product\/esschert-design-bewaesserungshilfe-fliegenpilz-terrakotta\/","og_locale":"de_DE","og_type":"article","og_title":"Esschert Design Bew\u00e4sserungshilfe Fliegenpilz Terrakotta","og_description":"Esschert Design Bew\u00e4sserungshilfe Fliegenpilz Terrakotta (WH15 8714982280887)Nettogewicht 0,142 kg, L 8,3 x T 8,3 x H 16,4,Material: Terrakotta","og_url":"https:\/\/trendsandvision.nl\/de\/product\/esschert-design-bewaesserungshilfe-fliegenpilz-terrakotta\/","og_site_name":"Trends &amp; Vision (DE)","article_modified_time":"2026-04-22T13:27:47+00:00","og_image":[{"width":800,"height":800,"url":"https:\/\/trendsandvision.nl\/de\/wp-content\/uploads\/sites\/3\/2024\/12\/WH15_01.jpg","type":"image\/jpeg"}],"twitter_card":"summary_large_image","twitter_misc":{"Gesch\u00e4tzte Lesezeit":"1\u00a0Minute"},"schema":{"@context":"https:\/\/schema.org","@graph":[{"@type":"WebPage","@id":"https:\/\/trendsandvision.nl\/de\/product\/esschert-design-bewaesserungshilfe-fliegenpilz-terrakotta\/","url":"https:\/\/trendsandvision.nl\/de\/product\/esschert-design-bewaesserungshilfe-fliegenpilz-terrakotta\/","name":"Esschert Design Bew\u00e4sserungshilfe Fliegenpilz Terrakotta (WH15 )","isPartOf":{"@id":"https:\/\/trendsandvision.nl\/de\/#website"},"primaryImageOfPage":{"@id":"https:\/\/trendsandvision.nl\/de\/product\/esschert-design-bewaesserungshilfe-fliegenpilz-terrakotta\/#primaryimage"},"image":{"@id":"https:\/\/trendsandvision.nl\/de\/product\/esschert-design-bewaesserungshilfe-fliegenpilz-terrakotta\/#primaryimage"},"thumbnailUrl":"https:\/\/trendsandvision.nl\/de\/wp-content\/uploads\/sites\/3\/2024\/12\/WH15_01.jpg","datePublished":"2024-12-22T07:46:47+00:00","dateModified":"2026-04-22T13:27:47+00:00","description":"Esschert Design Bew\u00e4sserungshilfe Fliegenpilz Terrakotta (WH15 8714982280887)Nettogewicht 0,142 kg, L 8,3 x T 8,3 x H 16,4,Material: Terrakotta","breadcrumb":{"@id":"https:\/\/trendsandvision.nl\/de\/product\/esschert-design-bewaesserungshilfe-fliegenpilz-terrakotta\/#breadcrumb"},"inLanguage":"de","potentialAction":[{"@type":"ReadAction","target":["https:\/\/trendsandvision.nl\/de\/product\/esschert-design-bewaesserungshilfe-fliegenpilz-terrakotta\/"]}]},{"@type":"ImageObject","inLanguage":"de","@id":"https:\/\/trendsandvision.nl\/de\/product\/esschert-design-bewaesserungshilfe-fliegenpilz-terrakotta\/#primaryimage","url":"https:\/\/trendsandvision.nl\/de\/wp-content\/uploads\/sites\/3\/2024\/12\/WH15_01.jpg","contentUrl":"https:\/\/trendsandvision.nl\/de\/wp-content\/uploads\/sites\/3\/2024\/12\/WH15_01.jpg","width":800,"height":800,"caption":"Esschert Design Bew\u00e4sserungshilfe fliegende Terrakotta (WH15 8714982280887) - 1"},{"@type":"BreadcrumbList","@id":"https:\/\/trendsandvision.nl\/de\/product\/esschert-design-bewaesserungshilfe-fliegenpilz-terrakotta\/#breadcrumb","itemListElement":[{"@type":"ListItem","position":1,"name":"Home","item":"https:\/\/trendsandvision.nl\/de\/"},{"@type":"ListItem","position":2,"name":"Gesch\u00e4ft","item":"https:\/\/trendsandvision.nl\/de\/geschaft\/"},{"@type":"ListItem","position":3,"name":"Esschert Design Bew\u00e4sserungshilfe Fliegenpilz Terrakotta"}]},{"@type":"WebSite","@id":"https:\/\/trendsandvision.nl\/de\/#website","url":"https:\/\/trendsandvision.nl\/de\/","name":"Trends &amp; Vision (DE)","description":"Der Webshop f\u00fcr Esschert Design Artikel","publisher":{"@id":"https:\/\/trendsandvision.nl\/de\/#organization"},"potentialAction":[{"@type":"SearchAction","target":{"@type":"EntryPoint","urlTemplate":"https:\/\/trendsandvision.nl\/de\/?s={search_term_string}"},"query-input":{"@type":"PropertyValueSpecification","valueRequired":true,"valueName":"search_term_string"}}],"inLanguage":"de"},{"@type":"Organization","@id":"https:\/\/trendsandvision.nl\/de\/#organization","name":"Trends &amp; Vision (DE)","url":"https:\/\/trendsandvision.nl\/de\/","logo":{"@type":"ImageObject","inLanguage":"de","@id":"https:\/\/trendsandvision.nl\/de\/#\/schema\/logo\/image\/","url":"https:\/\/trendsandvision.nl\/de\/wp-content\/uploads\/sites\/3\/2022\/04\/trends-and-vision-logo.jpg","contentUrl":"https:\/\/trendsandvision.nl\/de\/wp-content\/uploads\/sites\/3\/2022\/04\/trends-and-vision-logo.jpg","width":213,"height":100,"caption":"Trends &amp; Vision (DE)"},"image":{"@id":"https:\/\/trendsandvision.nl\/de\/#\/schema\/logo\/image\/"}}]}},"_links":{"self":[{"href":"https:\/\/trendsandvision.nl\/de\/wp-json\/wp\/v2\/product\/18721","targetHints":{"allow":["GET"]}}],"collection":[{"href":"https:\/\/trendsandvision.nl\/de\/wp-json\/wp\/v2\/product"}],"about":[{"href":"https:\/\/trendsandvision.nl\/de\/wp-json\/wp\/v2\/types\/product"}],"wp:featuredmedia":[{"embeddable":true,"href":"https:\/\/trendsandvision.nl\/de\/wp-json\/wp\/v2\/media\/18722"}],"wp:attachment":[{"href":"https:\/\/trendsandvision.nl\/de\/wp-json\/wp\/v2\/media?parent=18721"}],"wp:term":[{"taxonomy":"product_brand","embeddable":true,"href":"https:\/\/trendsandvision.nl\/de\/wp-json\/wp\/v2\/product_brand?post=18721"},{"taxonomy":"product_cat","embeddable":true,"href":"https:\/\/trendsandvision.nl\/de\/wp-json\/wp\/v2\/product_cat?post=18721"},{"taxonomy":"product_tag","embeddable":true,"href":"https:\/\/trendsandvision.nl\/de\/wp-json\/wp\/v2\/product_tag?post=18721"}],"curies":[{"name":"wp","href":"https:\/\/api.w.org\/{rel}","templated":true}]}}