{"id":18719,"date":"2024-12-22T08:46:44","date_gmt":"2024-12-22T07:46:44","guid":{"rendered":"https:\/\/trendsandvision.nl\/de\/product\/esschert-design-bewaesserungshilfe-vogel-terrakotta-wahl\/"},"modified":"2026-04-22T15:27:47","modified_gmt":"2026-04-22T13:27:47","slug":"esschert-design-bewaesserungshilfe-vogel-terrakotta-wahl","status":"publish","type":"product","link":"https:\/\/trendsandvision.nl\/de\/product\/esschert-design-bewaesserungshilfe-vogel-terrakotta-wahl\/","title":{"rendered":"Esschert Design Bew\u00e4sserungshilfe Vogel Terrakotta Wahl"},"content":{"rendered":"<p>Esschert Design Bew\u00e4sserungshilfe Vogel Terrakotta Wahl.<br \/>\nTerrakotta-<strong><a href=\"https:\/\/trendsandvision.nl\/de\/?s=Bew\u00e4sserungs&amp;post_type=product&amp;dgwt_wcas=1\">Bew\u00e4sserungshilfen<\/a><\/strong> f\u00fcr Zimmerpflanzen sind praktische Werkzeuge, die das Giessen erleichtern. Sie helfen, \u00dcber- oder Unterversorgung mit Wasser zu vermeiden und sorgen f\u00fcr eine gleichm\u00e4ssige Feuchtigkeit der Pflanze. Die Anwendung ist einfach: Mit Wasser f\u00fcllen und in den Blumentopf stecken. Das Wasser wird nach und nach abgegeben, je nachdem, wie viel die Pflanze ben\u00f6tigt. Hergestellt aus por\u00f6sem Tonmaterial, das Wasser aufnimmt und langsam an die umliegende Erde abgibt. Durch Kapillarwirkung wird das Wasser aus dem Kegel gezogen und gleichm\u00e4ssig an den Wurzelballen verteilt.<\/p>\n<p>Artikelnummer WH14 (Wahl, Preis pro St\u00fcck)<br \/>\nGie\u00dfhilfe Terrakotta vogel f\u00fcr mehrt\u00e4gige Abwesenheit.<br \/>\nProduktgruppe(n) Garten &amp; Terrasse, Gartenger\u00e4te, Gie\u00dfkannen und Spr\u00fchger\u00e4te, Praktisches Zubeh\u00f6r<br \/>\nProduktabmessungen in cm L + T 8.3 x H 16.4<br \/>\nMaterial Terracotta<br \/>\nNettogewicht 0,142 kg<br \/>\nProduzent <a href=\"https:\/\/www.esschertdesign.com\/shop\/de\/bewateringshulp-vogel-terrac-ass-wh14\" target=\"_blank\">Esschert Design<\/a><\/p>\n","protected":false},"excerpt":{"rendered":"<p>Pflanzen <strong><a href=\"https:\/\/trendsandvision.nl\/de\/?s=Bew\u00e4sserungs&amp;post_type=product&amp;dgwt_wcas=1\">bew\u00e4ssern<\/a><\/strong>, wenn niemand zu Hause ist<br \/>\nF\u00fcr mehrt\u00e4gige Abwesenheit<br \/>\nAus Terrakotta gefertigt<br \/>\nGleichm\u00e4ssige Verteilung im<br \/>\nWurzelballen der Pflanze<br \/>\nL + T 8.3 x H 16.4 cm<br \/>\nMaterial Terracotta<br \/>\nNettogewicht 0,142 kg<\/p>\n","protected":false},"featured_media":18720,"template":"","meta":[],"product_brand":[9597,9870],"product_cat":[1284],"product_tag":[7756,7757,6714,6945],"class_list":{"0":"post-18719","1":"product","2":"type-product","3":"status-publish","4":"has-post-thumbnail","6":"product_brand-esschert-design","7":"product_brand-trends-vision","8":"product_cat-water-in-the-garden","9":"product_tag-bewaesserungssysteme","10":"product_tag-terra-cotta","11":"product_tag-voegel","12":"product_tag-wahl","13":"pa_anbieter-esschert-design","14":"pa_ean-code-7750","16":"first","17":"instock","18":"sale","19":"taxable","20":"shipping-taxable","21":"purchasable","22":"product-type-simple","23":"czr-hentry"},"yoast_head":"<!-- This site is optimized with the Yoast SEO Premium plugin v27.4 (Yoast SEO v27.4) - https:\/\/yoast.com\/product\/yoast-seo-premium-wordpress\/ -->\n<title>Esschert Design Bew\u00e4sserungshilfe Vogel Terrakotta Wahl (WH14 )<\/title>\n<meta name=\"description\" content=\"Esschert DesignBew\u00e4sserungshilfe Vogel Terrakotta Wahl (WH14 8714982275043) cm L + T 8.3 x H 16.4Material Terracotta- Nettogewicht 0,142 kg\" \/>\n<meta name=\"robots\" content=\"index, follow, max-snippet:-1, max-image-preview:large, max-video-preview:-1\" \/>\n<link rel=\"canonical\" href=\"https:\/\/trendsandvision.nl\/de\/product\/esschert-design-bewaesserungshilfe-vogel-terrakotta-wahl\/\" \/>\n<meta property=\"og:locale\" content=\"de_DE\" \/>\n<meta property=\"og:type\" content=\"article\" \/>\n<meta property=\"og:title\" content=\"Esschert Design Bew\u00e4sserungshilfe Vogel Terrakotta Wahl\" \/>\n<meta property=\"og:description\" content=\"Esschert DesignBew\u00e4sserungshilfe Vogel Terrakotta Wahl (WH14 8714982275043) cm L + T 8.3 x H 16.4Material Terracotta- Nettogewicht 0,142 kg\" \/>\n<meta property=\"og:url\" content=\"https:\/\/trendsandvision.nl\/de\/product\/esschert-design-bewaesserungshilfe-vogel-terrakotta-wahl\/\" \/>\n<meta property=\"og:site_name\" content=\"Trends &amp; Vision (DE)\" \/>\n<meta property=\"article:modified_time\" content=\"2026-04-22T13:27:47+00:00\" \/>\n<meta property=\"og:image\" content=\"https:\/\/trendsandvision.nl\/de\/wp-content\/uploads\/sites\/3\/2024\/12\/WH14_01.jpg\" \/>\n\t<meta property=\"og:image:width\" content=\"800\" \/>\n\t<meta property=\"og:image:height\" content=\"800\" \/>\n\t<meta property=\"og:image:type\" content=\"image\/jpeg\" \/>\n<meta name=\"twitter:card\" content=\"summary_large_image\" \/>\n<meta name=\"twitter:label1\" content=\"Gesch\u00e4tzte Lesezeit\" \/>\n\t<meta name=\"twitter:data1\" content=\"1\u00a0Minute\" \/>\n<script type=\"application\/ld+json\" class=\"yoast-schema-graph\">{\"@context\":\"https:\\\/\\\/schema.org\",\"@graph\":[{\"@type\":\"WebPage\",\"@id\":\"https:\\\/\\\/trendsandvision.nl\\\/de\\\/product\\\/esschert-design-bewaesserungshilfe-vogel-terrakotta-wahl\\\/\",\"url\":\"https:\\\/\\\/trendsandvision.nl\\\/de\\\/product\\\/esschert-design-bewaesserungshilfe-vogel-terrakotta-wahl\\\/\",\"name\":\"Esschert Design Bew\u00e4sserungshilfe Vogel Terrakotta Wahl (WH14 )\",\"isPartOf\":{\"@id\":\"https:\\\/\\\/trendsandvision.nl\\\/de\\\/#website\"},\"primaryImageOfPage\":{\"@id\":\"https:\\\/\\\/trendsandvision.nl\\\/de\\\/product\\\/esschert-design-bewaesserungshilfe-vogel-terrakotta-wahl\\\/#primaryimage\"},\"image\":{\"@id\":\"https:\\\/\\\/trendsandvision.nl\\\/de\\\/product\\\/esschert-design-bewaesserungshilfe-vogel-terrakotta-wahl\\\/#primaryimage\"},\"thumbnailUrl\":\"https:\\\/\\\/trendsandvision.nl\\\/de\\\/wp-content\\\/uploads\\\/sites\\\/3\\\/2024\\\/12\\\/WH14_01.jpg\",\"datePublished\":\"2024-12-22T07:46:44+00:00\",\"dateModified\":\"2026-04-22T13:27:47+00:00\",\"description\":\"Esschert DesignBew\u00e4sserungshilfe Vogel Terrakotta Wahl (WH14 8714982275043) cm L + T 8.3 x H 16.4Material Terracotta- Nettogewicht 0,142 kg\",\"breadcrumb\":{\"@id\":\"https:\\\/\\\/trendsandvision.nl\\\/de\\\/product\\\/esschert-design-bewaesserungshilfe-vogel-terrakotta-wahl\\\/#breadcrumb\"},\"inLanguage\":\"de\",\"potentialAction\":[{\"@type\":\"ReadAction\",\"target\":[\"https:\\\/\\\/trendsandvision.nl\\\/de\\\/product\\\/esschert-design-bewaesserungshilfe-vogel-terrakotta-wahl\\\/\"]}]},{\"@type\":\"ImageObject\",\"inLanguage\":\"de\",\"@id\":\"https:\\\/\\\/trendsandvision.nl\\\/de\\\/product\\\/esschert-design-bewaesserungshilfe-vogel-terrakotta-wahl\\\/#primaryimage\",\"url\":\"https:\\\/\\\/trendsandvision.nl\\\/de\\\/wp-content\\\/uploads\\\/sites\\\/3\\\/2024\\\/12\\\/WH14_01.jpg\",\"contentUrl\":\"https:\\\/\\\/trendsandvision.nl\\\/de\\\/wp-content\\\/uploads\\\/sites\\\/3\\\/2024\\\/12\\\/WH14_01.jpg\",\"width\":800,\"height\":800,\"caption\":\"Trends and Vision Bew\u00e4sserungshilfe Vogel Terrakotta Wahl (WH14 8714982275043) cm L + T 8.3 x H 16.4Material Terracotta- Nettogewicht 0,142 kg\"},{\"@type\":\"BreadcrumbList\",\"@id\":\"https:\\\/\\\/trendsandvision.nl\\\/de\\\/product\\\/esschert-design-bewaesserungshilfe-vogel-terrakotta-wahl\\\/#breadcrumb\",\"itemListElement\":[{\"@type\":\"ListItem\",\"position\":1,\"name\":\"Home\",\"item\":\"https:\\\/\\\/trendsandvision.nl\\\/de\\\/\"},{\"@type\":\"ListItem\",\"position\":2,\"name\":\"Gesch\u00e4ft\",\"item\":\"https:\\\/\\\/trendsandvision.nl\\\/de\\\/geschaft\\\/\"},{\"@type\":\"ListItem\",\"position\":3,\"name\":\"Esschert Design Bew\u00e4sserungshilfe Vogel Terrakotta Wahl\"}]},{\"@type\":\"WebSite\",\"@id\":\"https:\\\/\\\/trendsandvision.nl\\\/de\\\/#website\",\"url\":\"https:\\\/\\\/trendsandvision.nl\\\/de\\\/\",\"name\":\"Trends &amp; Vision (DE)\",\"description\":\"Der Webshop f\u00fcr Esschert Design Artikel\",\"publisher\":{\"@id\":\"https:\\\/\\\/trendsandvision.nl\\\/de\\\/#organization\"},\"potentialAction\":[{\"@type\":\"SearchAction\",\"target\":{\"@type\":\"EntryPoint\",\"urlTemplate\":\"https:\\\/\\\/trendsandvision.nl\\\/de\\\/?s={search_term_string}\"},\"query-input\":{\"@type\":\"PropertyValueSpecification\",\"valueRequired\":true,\"valueName\":\"search_term_string\"}}],\"inLanguage\":\"de\"},{\"@type\":\"Organization\",\"@id\":\"https:\\\/\\\/trendsandvision.nl\\\/de\\\/#organization\",\"name\":\"Trends &amp; Vision (DE)\",\"url\":\"https:\\\/\\\/trendsandvision.nl\\\/de\\\/\",\"logo\":{\"@type\":\"ImageObject\",\"inLanguage\":\"de\",\"@id\":\"https:\\\/\\\/trendsandvision.nl\\\/de\\\/#\\\/schema\\\/logo\\\/image\\\/\",\"url\":\"https:\\\/\\\/trendsandvision.nl\\\/de\\\/wp-content\\\/uploads\\\/sites\\\/3\\\/2022\\\/04\\\/trends-and-vision-logo.jpg\",\"contentUrl\":\"https:\\\/\\\/trendsandvision.nl\\\/de\\\/wp-content\\\/uploads\\\/sites\\\/3\\\/2022\\\/04\\\/trends-and-vision-logo.jpg\",\"width\":213,\"height\":100,\"caption\":\"Trends &amp; Vision (DE)\"},\"image\":{\"@id\":\"https:\\\/\\\/trendsandvision.nl\\\/de\\\/#\\\/schema\\\/logo\\\/image\\\/\"}}]}<\/script>\n<!-- \/ Yoast SEO Premium plugin. -->","yoast_head_json":{"title":"Esschert Design Bew\u00e4sserungshilfe Vogel Terrakotta Wahl (WH14 )","description":"Esschert DesignBew\u00e4sserungshilfe Vogel Terrakotta Wahl (WH14 8714982275043) cm L + T 8.3 x H 16.4Material Terracotta- Nettogewicht 0,142 kg","robots":{"index":"index","follow":"follow","max-snippet":"max-snippet:-1","max-image-preview":"max-image-preview:large","max-video-preview":"max-video-preview:-1"},"canonical":"https:\/\/trendsandvision.nl\/de\/product\/esschert-design-bewaesserungshilfe-vogel-terrakotta-wahl\/","og_locale":"de_DE","og_type":"article","og_title":"Esschert Design Bew\u00e4sserungshilfe Vogel Terrakotta Wahl","og_description":"Esschert DesignBew\u00e4sserungshilfe Vogel Terrakotta Wahl (WH14 8714982275043) cm L + T 8.3 x H 16.4Material Terracotta- Nettogewicht 0,142 kg","og_url":"https:\/\/trendsandvision.nl\/de\/product\/esschert-design-bewaesserungshilfe-vogel-terrakotta-wahl\/","og_site_name":"Trends &amp; Vision (DE)","article_modified_time":"2026-04-22T13:27:47+00:00","og_image":[{"width":800,"height":800,"url":"https:\/\/trendsandvision.nl\/de\/wp-content\/uploads\/sites\/3\/2024\/12\/WH14_01.jpg","type":"image\/jpeg"}],"twitter_card":"summary_large_image","twitter_misc":{"Gesch\u00e4tzte Lesezeit":"1\u00a0Minute"},"schema":{"@context":"https:\/\/schema.org","@graph":[{"@type":"WebPage","@id":"https:\/\/trendsandvision.nl\/de\/product\/esschert-design-bewaesserungshilfe-vogel-terrakotta-wahl\/","url":"https:\/\/trendsandvision.nl\/de\/product\/esschert-design-bewaesserungshilfe-vogel-terrakotta-wahl\/","name":"Esschert Design Bew\u00e4sserungshilfe Vogel Terrakotta Wahl (WH14 )","isPartOf":{"@id":"https:\/\/trendsandvision.nl\/de\/#website"},"primaryImageOfPage":{"@id":"https:\/\/trendsandvision.nl\/de\/product\/esschert-design-bewaesserungshilfe-vogel-terrakotta-wahl\/#primaryimage"},"image":{"@id":"https:\/\/trendsandvision.nl\/de\/product\/esschert-design-bewaesserungshilfe-vogel-terrakotta-wahl\/#primaryimage"},"thumbnailUrl":"https:\/\/trendsandvision.nl\/de\/wp-content\/uploads\/sites\/3\/2024\/12\/WH14_01.jpg","datePublished":"2024-12-22T07:46:44+00:00","dateModified":"2026-04-22T13:27:47+00:00","description":"Esschert DesignBew\u00e4sserungshilfe Vogel Terrakotta Wahl (WH14 8714982275043) cm L + T 8.3 x H 16.4Material Terracotta- Nettogewicht 0,142 kg","breadcrumb":{"@id":"https:\/\/trendsandvision.nl\/de\/product\/esschert-design-bewaesserungshilfe-vogel-terrakotta-wahl\/#breadcrumb"},"inLanguage":"de","potentialAction":[{"@type":"ReadAction","target":["https:\/\/trendsandvision.nl\/de\/product\/esschert-design-bewaesserungshilfe-vogel-terrakotta-wahl\/"]}]},{"@type":"ImageObject","inLanguage":"de","@id":"https:\/\/trendsandvision.nl\/de\/product\/esschert-design-bewaesserungshilfe-vogel-terrakotta-wahl\/#primaryimage","url":"https:\/\/trendsandvision.nl\/de\/wp-content\/uploads\/sites\/3\/2024\/12\/WH14_01.jpg","contentUrl":"https:\/\/trendsandvision.nl\/de\/wp-content\/uploads\/sites\/3\/2024\/12\/WH14_01.jpg","width":800,"height":800,"caption":"Trends and Vision Bew\u00e4sserungshilfe Vogel Terrakotta Wahl (WH14 8714982275043) cm L + T 8.3 x H 16.4Material Terracotta- Nettogewicht 0,142 kg"},{"@type":"BreadcrumbList","@id":"https:\/\/trendsandvision.nl\/de\/product\/esschert-design-bewaesserungshilfe-vogel-terrakotta-wahl\/#breadcrumb","itemListElement":[{"@type":"ListItem","position":1,"name":"Home","item":"https:\/\/trendsandvision.nl\/de\/"},{"@type":"ListItem","position":2,"name":"Gesch\u00e4ft","item":"https:\/\/trendsandvision.nl\/de\/geschaft\/"},{"@type":"ListItem","position":3,"name":"Esschert Design Bew\u00e4sserungshilfe Vogel Terrakotta Wahl"}]},{"@type":"WebSite","@id":"https:\/\/trendsandvision.nl\/de\/#website","url":"https:\/\/trendsandvision.nl\/de\/","name":"Trends &amp; Vision (DE)","description":"Der Webshop f\u00fcr Esschert Design Artikel","publisher":{"@id":"https:\/\/trendsandvision.nl\/de\/#organization"},"potentialAction":[{"@type":"SearchAction","target":{"@type":"EntryPoint","urlTemplate":"https:\/\/trendsandvision.nl\/de\/?s={search_term_string}"},"query-input":{"@type":"PropertyValueSpecification","valueRequired":true,"valueName":"search_term_string"}}],"inLanguage":"de"},{"@type":"Organization","@id":"https:\/\/trendsandvision.nl\/de\/#organization","name":"Trends &amp; Vision (DE)","url":"https:\/\/trendsandvision.nl\/de\/","logo":{"@type":"ImageObject","inLanguage":"de","@id":"https:\/\/trendsandvision.nl\/de\/#\/schema\/logo\/image\/","url":"https:\/\/trendsandvision.nl\/de\/wp-content\/uploads\/sites\/3\/2022\/04\/trends-and-vision-logo.jpg","contentUrl":"https:\/\/trendsandvision.nl\/de\/wp-content\/uploads\/sites\/3\/2022\/04\/trends-and-vision-logo.jpg","width":213,"height":100,"caption":"Trends &amp; Vision (DE)"},"image":{"@id":"https:\/\/trendsandvision.nl\/de\/#\/schema\/logo\/image\/"}}]}},"_links":{"self":[{"href":"https:\/\/trendsandvision.nl\/de\/wp-json\/wp\/v2\/product\/18719","targetHints":{"allow":["GET"]}}],"collection":[{"href":"https:\/\/trendsandvision.nl\/de\/wp-json\/wp\/v2\/product"}],"about":[{"href":"https:\/\/trendsandvision.nl\/de\/wp-json\/wp\/v2\/types\/product"}],"wp:featuredmedia":[{"embeddable":true,"href":"https:\/\/trendsandvision.nl\/de\/wp-json\/wp\/v2\/media\/18720"}],"wp:attachment":[{"href":"https:\/\/trendsandvision.nl\/de\/wp-json\/wp\/v2\/media?parent=18719"}],"wp:term":[{"taxonomy":"product_brand","embeddable":true,"href":"https:\/\/trendsandvision.nl\/de\/wp-json\/wp\/v2\/product_brand?post=18719"},{"taxonomy":"product_cat","embeddable":true,"href":"https:\/\/trendsandvision.nl\/de\/wp-json\/wp\/v2\/product_cat?post=18719"},{"taxonomy":"product_tag","embeddable":true,"href":"https:\/\/trendsandvision.nl\/de\/wp-json\/wp\/v2\/product_tag?post=18719"}],"curies":[{"name":"wp","href":"https:\/\/api.w.org\/{rel}","templated":true}]}}