{"id":18717,"date":"2024-12-22T08:46:41","date_gmt":"2024-12-22T07:46:41","guid":{"rendered":"https:\/\/trendsandvision.nl\/de\/product\/esschert-design-gestreiften-strandkoerben-wahl\/"},"modified":"2026-04-07T10:52:22","modified_gmt":"2026-04-07T08:52:22","slug":"esschert-design-gestreiften-strandstuhl-wahl","status":"publish","type":"product","link":"https:\/\/trendsandvision.nl\/de\/product\/esschert-design-gestreiften-strandstuhl-wahl\/","title":{"rendered":"Esschert Design Gestreiften Strandstuhl Wahl"},"content":{"rendered":"<p>Esschert Design Gestreiften Strandstuhl Wahl.<br \/>\nDiese <strong><a href=\"https:\/\/trendsandvision.nl\/de\/?s=Bayad\u00e8re&amp;post_type=product&amp;dgwt_wcas=1\">gestreifte<\/a><\/strong> Kollektion von Outdoor-Artikeln verleiht Ihrem Garten einen 70er-Jahre-Look.<br \/>\nEntspannen Sie stilvoll mit unserem klappbaren Strandstuhl aus Metall. Mit wei\u00dfem Gestell und festem Nackenkissen f\u00fcr zus\u00e4tzlichen Komfort. Erh\u00e4ltlich in vier Bayad\u00e8re-Streifendesigns \u2013 Gr\u00fcn, Blau, Lila und Orange. Das stabile Metallgestell sorgt f\u00fcr eine lange Lebensdauer. Das leichte, klappbare Design erm\u00f6glicht einfaches Verstauen und Transportieren.<\/p>\n<p>Artikelname Gestreifter Strandstuhl Wahl<br \/>\nArtikelnummer TR093<br \/>\nPreis pro stuck<br \/>\nProduktgruppe(n) M\u00f6bel, St\u00fchle, <strong><a href=\"https:\/\/trendsandvision.nl\/de\/?s=Strand&amp;post_type=product&amp;dgwt_wcas=1\">Strand<\/a><\/strong><br \/>\nProduktabmessungen in cm L 62,5 x T 94 x H 95<br \/>\nMaterial Eisen, Textilene (PVC-beschichtetes Polyestergewebe), Polyurethan, PP<br \/>\nNettogewicht 4,998 kg<br \/>\nBarcode 8714982283109<br \/>\nProduzent <a href=\"https:\/\/www.esschertdesign.com\/shop\/de\/gestreepte-strandstoel-ass-tr093\" target=\"_blank\">Esschert Design<\/a><br \/>\n<a href=\"https:\/\/www.bundesregierung.de\/breg-de\/aktuelles\/hitzeschutz-2198598\" target=\"_blank\" rel=\"noopener\">Gut gesch\u00fctzt!<\/a><\/p>\n","protected":false},"excerpt":{"rendered":"<p>H\u00f6henverstellbar<br \/>\nLange Lebensdauer<br \/>\nBequemens, festes Nackenkissen f\u00fcr zus\u00e4tzlichen Halt<br \/>\nWahl aus 4 Farben<br \/>\nL 62,5 x T 94 x H 95 Eisen, Textilene (PVC), Polyurethan, PP<br \/>\nNettogewicht 4,998 kg<br \/>\nBarcode 8714982283109<\/p>\n","protected":false},"featured_media":18718,"template":"","meta":[],"product_brand":[9597,9598],"product_cat":[769],"product_tag":[7982,10609,7759,9581,9583,8765],"class_list":{"0":"post-18717","1":"product","2":"type-product","3":"status-publish","4":"has-post-thumbnail","6":"product_brand-esschert-design","7":"product_brand-trends-and-vision","8":"product_cat-prints","9":"product_tag-faltbar","10":"product_tag-farbwahl-und-pro-stueck","11":"product_tag-gartenmoebel","12":"product_tag-gt350","13":"product_tag-kappe-gt349","14":"product_tag-strandstuhle","15":"pa_anbieter-esschert-design","16":"pa_ean-code-7749","18":"first","19":"instock","20":"sale","21":"taxable","22":"shipping-taxable","23":"purchasable","24":"product-type-simple","25":"czr-hentry"},"yoast_head":"<!-- This site is optimized with the Yoast SEO Premium plugin v26.4 (Yoast SEO v27.4) - https:\/\/yoast.com\/product\/yoast-seo-premium-wordpress\/ -->\n<title>Esschert Design Gestreiften Strandstuhl Wahl (TR093 )<\/title>\n<meta name=\"description\" content=\"Esschert Design gestreiften-strandstuhl-wahl (TR093 )cm L 62,5 x T 94 x H 95, Eisen, ,PVC- Polyestergewebe, Nettogewicht 4,998 kg, EAN 8714982283109\" \/>\n<meta name=\"robots\" content=\"index, follow, max-snippet:-1, max-image-preview:large, max-video-preview:-1\" \/>\n<link rel=\"canonical\" href=\"https:\/\/trendsandvision.nl\/de\/product\/esschert-design-gestreiften-strandstuhl-wahl\/\" \/>\n<meta property=\"og:locale\" content=\"de_DE\" \/>\n<meta property=\"og:type\" content=\"article\" \/>\n<meta property=\"og:title\" content=\"Esschert Design Gestreiften Strandstuhl Wahl\" \/>\n<meta property=\"og:description\" content=\"Esschert Design gestreiften-strandstuhl-wahl (TR093 )cm L 62,5 x T 94 x H 95, Eisen, ,PVC- Polyestergewebe, Nettogewicht 4,998 kg, EAN 8714982283109\" \/>\n<meta property=\"og:url\" content=\"https:\/\/trendsandvision.nl\/de\/product\/esschert-design-gestreiften-strandstuhl-wahl\/\" \/>\n<meta property=\"og:site_name\" content=\"Trends &amp; Vision (DE)\" \/>\n<meta property=\"article:modified_time\" content=\"2026-04-07T08:52:22+00:00\" \/>\n<meta property=\"og:image\" content=\"https:\/\/trendsandvision.nl\/de\/wp-content\/uploads\/sites\/3\/2024\/12\/TR093_01.jpg\" \/>\n\t<meta property=\"og:image:width\" content=\"800\" \/>\n\t<meta property=\"og:image:height\" content=\"800\" \/>\n\t<meta property=\"og:image:type\" content=\"image\/jpeg\" \/>\n<meta name=\"twitter:card\" content=\"summary_large_image\" \/>\n<meta name=\"twitter:label1\" content=\"Gesch\u00e4tzte Lesezeit\" \/>\n\t<meta name=\"twitter:data1\" content=\"2\u00a0Minuten\" \/>\n<script type=\"application\/ld+json\" class=\"yoast-schema-graph\">{\"@context\":\"https:\\\/\\\/schema.org\",\"@graph\":[{\"@type\":\"WebPage\",\"@id\":\"https:\\\/\\\/trendsandvision.nl\\\/de\\\/product\\\/esschert-design-gestreiften-strandstuhl-wahl\\\/\",\"url\":\"https:\\\/\\\/trendsandvision.nl\\\/de\\\/product\\\/esschert-design-gestreiften-strandstuhl-wahl\\\/\",\"name\":\"Esschert Design Gestreiften Strandstuhl Wahl (TR093 )\",\"isPartOf\":{\"@id\":\"https:\\\/\\\/trendsandvision.nl\\\/de\\\/#website\"},\"primaryImageOfPage\":{\"@id\":\"https:\\\/\\\/trendsandvision.nl\\\/de\\\/product\\\/esschert-design-gestreiften-strandstuhl-wahl\\\/#primaryimage\"},\"image\":{\"@id\":\"https:\\\/\\\/trendsandvision.nl\\\/de\\\/product\\\/esschert-design-gestreiften-strandstuhl-wahl\\\/#primaryimage\"},\"thumbnailUrl\":\"https:\\\/\\\/trendsandvision.nl\\\/de\\\/wp-content\\\/uploads\\\/sites\\\/3\\\/2024\\\/12\\\/TR093_01.jpg\",\"datePublished\":\"2024-12-22T07:46:41+00:00\",\"dateModified\":\"2026-04-07T08:52:22+00:00\",\"description\":\"Esschert Design gestreiften-strandstuhl-wahl (TR093 )cm L 62,5 x T 94 x H 95, Eisen, ,PVC- Polyestergewebe, Nettogewicht 4,998 kg, EAN 8714982283109\",\"breadcrumb\":{\"@id\":\"https:\\\/\\\/trendsandvision.nl\\\/de\\\/product\\\/esschert-design-gestreiften-strandstuhl-wahl\\\/#breadcrumb\"},\"inLanguage\":\"de\",\"potentialAction\":[{\"@type\":\"ReadAction\",\"target\":[\"https:\\\/\\\/trendsandvision.nl\\\/de\\\/product\\\/esschert-design-gestreiften-strandstuhl-wahl\\\/\"]}]},{\"@type\":\"ImageObject\",\"inLanguage\":\"de\",\"@id\":\"https:\\\/\\\/trendsandvision.nl\\\/de\\\/product\\\/esschert-design-gestreiften-strandstuhl-wahl\\\/#primaryimage\",\"url\":\"https:\\\/\\\/trendsandvision.nl\\\/de\\\/wp-content\\\/uploads\\\/sites\\\/3\\\/2024\\\/12\\\/TR093_01.jpg\",\"contentUrl\":\"https:\\\/\\\/trendsandvision.nl\\\/de\\\/wp-content\\\/uploads\\\/sites\\\/3\\\/2024\\\/12\\\/TR093_01.jpg\",\"width\":800,\"height\":800,\"caption\":\"Trends and Vision gestreiften-strandstuhl-wahl (TR093 )cm L 62,5 x T 94 x H 95, Eisen, ,PVC- Polyestergewebe, Nettogewicht 4,998 kg, EAN 8714982283109\"},{\"@type\":\"BreadcrumbList\",\"@id\":\"https:\\\/\\\/trendsandvision.nl\\\/de\\\/product\\\/esschert-design-gestreiften-strandstuhl-wahl\\\/#breadcrumb\",\"itemListElement\":[{\"@type\":\"ListItem\",\"position\":1,\"name\":\"Home\",\"item\":\"https:\\\/\\\/trendsandvision.nl\\\/de\\\/\"},{\"@type\":\"ListItem\",\"position\":2,\"name\":\"Gesch\u00e4ft\",\"item\":\"https:\\\/\\\/trendsandvision.nl\\\/de\\\/geschaft\\\/\"},{\"@type\":\"ListItem\",\"position\":3,\"name\":\"Esschert Design Gestreiften Strandstuhl Wahl\"}]},{\"@type\":\"WebSite\",\"@id\":\"https:\\\/\\\/trendsandvision.nl\\\/de\\\/#website\",\"url\":\"https:\\\/\\\/trendsandvision.nl\\\/de\\\/\",\"name\":\"Trends &amp; Vision (DE)\",\"description\":\"Der Webshop f\u00fcr Esschert Design Artikel\",\"publisher\":{\"@id\":\"https:\\\/\\\/trendsandvision.nl\\\/de\\\/#organization\"},\"potentialAction\":[{\"@type\":\"SearchAction\",\"target\":{\"@type\":\"EntryPoint\",\"urlTemplate\":\"https:\\\/\\\/trendsandvision.nl\\\/de\\\/?s={search_term_string}\"},\"query-input\":{\"@type\":\"PropertyValueSpecification\",\"valueRequired\":true,\"valueName\":\"search_term_string\"}}],\"inLanguage\":\"de\"},{\"@type\":\"Organization\",\"@id\":\"https:\\\/\\\/trendsandvision.nl\\\/de\\\/#organization\",\"name\":\"Trends &amp; Vision (DE)\",\"url\":\"https:\\\/\\\/trendsandvision.nl\\\/de\\\/\",\"logo\":{\"@type\":\"ImageObject\",\"inLanguage\":\"de\",\"@id\":\"https:\\\/\\\/trendsandvision.nl\\\/de\\\/#\\\/schema\\\/logo\\\/image\\\/\",\"url\":\"https:\\\/\\\/trendsandvision.nl\\\/de\\\/wp-content\\\/uploads\\\/sites\\\/3\\\/2022\\\/04\\\/trends-and-vision-logo.jpg\",\"contentUrl\":\"https:\\\/\\\/trendsandvision.nl\\\/de\\\/wp-content\\\/uploads\\\/sites\\\/3\\\/2022\\\/04\\\/trends-and-vision-logo.jpg\",\"width\":213,\"height\":100,\"caption\":\"Trends &amp; Vision (DE)\"},\"image\":{\"@id\":\"https:\\\/\\\/trendsandvision.nl\\\/de\\\/#\\\/schema\\\/logo\\\/image\\\/\"}}]}<\/script>\n<!-- \/ Yoast SEO Premium plugin. -->","yoast_head_json":{"title":"Esschert Design Gestreiften Strandstuhl Wahl (TR093 )","description":"Esschert Design gestreiften-strandstuhl-wahl (TR093 )cm L 62,5 x T 94 x H 95, Eisen, ,PVC- Polyestergewebe, Nettogewicht 4,998 kg, EAN 8714982283109","robots":{"index":"index","follow":"follow","max-snippet":"max-snippet:-1","max-image-preview":"max-image-preview:large","max-video-preview":"max-video-preview:-1"},"canonical":"https:\/\/trendsandvision.nl\/de\/product\/esschert-design-gestreiften-strandstuhl-wahl\/","og_locale":"de_DE","og_type":"article","og_title":"Esschert Design Gestreiften Strandstuhl Wahl","og_description":"Esschert Design gestreiften-strandstuhl-wahl (TR093 )cm L 62,5 x T 94 x H 95, Eisen, ,PVC- Polyestergewebe, Nettogewicht 4,998 kg, EAN 8714982283109","og_url":"https:\/\/trendsandvision.nl\/de\/product\/esschert-design-gestreiften-strandstuhl-wahl\/","og_site_name":"Trends &amp; Vision (DE)","article_modified_time":"2026-04-07T08:52:22+00:00","og_image":[{"width":800,"height":800,"url":"https:\/\/trendsandvision.nl\/de\/wp-content\/uploads\/sites\/3\/2024\/12\/TR093_01.jpg","type":"image\/jpeg"}],"twitter_card":"summary_large_image","twitter_misc":{"Gesch\u00e4tzte Lesezeit":"2\u00a0Minuten"},"schema":{"@context":"https:\/\/schema.org","@graph":[{"@type":"WebPage","@id":"https:\/\/trendsandvision.nl\/de\/product\/esschert-design-gestreiften-strandstuhl-wahl\/","url":"https:\/\/trendsandvision.nl\/de\/product\/esschert-design-gestreiften-strandstuhl-wahl\/","name":"Esschert Design Gestreiften Strandstuhl Wahl (TR093 )","isPartOf":{"@id":"https:\/\/trendsandvision.nl\/de\/#website"},"primaryImageOfPage":{"@id":"https:\/\/trendsandvision.nl\/de\/product\/esschert-design-gestreiften-strandstuhl-wahl\/#primaryimage"},"image":{"@id":"https:\/\/trendsandvision.nl\/de\/product\/esschert-design-gestreiften-strandstuhl-wahl\/#primaryimage"},"thumbnailUrl":"https:\/\/trendsandvision.nl\/de\/wp-content\/uploads\/sites\/3\/2024\/12\/TR093_01.jpg","datePublished":"2024-12-22T07:46:41+00:00","dateModified":"2026-04-07T08:52:22+00:00","description":"Esschert Design gestreiften-strandstuhl-wahl (TR093 )cm L 62,5 x T 94 x H 95, Eisen, ,PVC- Polyestergewebe, Nettogewicht 4,998 kg, EAN 8714982283109","breadcrumb":{"@id":"https:\/\/trendsandvision.nl\/de\/product\/esschert-design-gestreiften-strandstuhl-wahl\/#breadcrumb"},"inLanguage":"de","potentialAction":[{"@type":"ReadAction","target":["https:\/\/trendsandvision.nl\/de\/product\/esschert-design-gestreiften-strandstuhl-wahl\/"]}]},{"@type":"ImageObject","inLanguage":"de","@id":"https:\/\/trendsandvision.nl\/de\/product\/esschert-design-gestreiften-strandstuhl-wahl\/#primaryimage","url":"https:\/\/trendsandvision.nl\/de\/wp-content\/uploads\/sites\/3\/2024\/12\/TR093_01.jpg","contentUrl":"https:\/\/trendsandvision.nl\/de\/wp-content\/uploads\/sites\/3\/2024\/12\/TR093_01.jpg","width":800,"height":800,"caption":"Trends and Vision gestreiften-strandstuhl-wahl (TR093 )cm L 62,5 x T 94 x H 95, Eisen, ,PVC- Polyestergewebe, Nettogewicht 4,998 kg, EAN 8714982283109"},{"@type":"BreadcrumbList","@id":"https:\/\/trendsandvision.nl\/de\/product\/esschert-design-gestreiften-strandstuhl-wahl\/#breadcrumb","itemListElement":[{"@type":"ListItem","position":1,"name":"Home","item":"https:\/\/trendsandvision.nl\/de\/"},{"@type":"ListItem","position":2,"name":"Gesch\u00e4ft","item":"https:\/\/trendsandvision.nl\/de\/geschaft\/"},{"@type":"ListItem","position":3,"name":"Esschert Design Gestreiften Strandstuhl Wahl"}]},{"@type":"WebSite","@id":"https:\/\/trendsandvision.nl\/de\/#website","url":"https:\/\/trendsandvision.nl\/de\/","name":"Trends &amp; Vision (DE)","description":"Der Webshop f\u00fcr Esschert Design Artikel","publisher":{"@id":"https:\/\/trendsandvision.nl\/de\/#organization"},"potentialAction":[{"@type":"SearchAction","target":{"@type":"EntryPoint","urlTemplate":"https:\/\/trendsandvision.nl\/de\/?s={search_term_string}"},"query-input":{"@type":"PropertyValueSpecification","valueRequired":true,"valueName":"search_term_string"}}],"inLanguage":"de"},{"@type":"Organization","@id":"https:\/\/trendsandvision.nl\/de\/#organization","name":"Trends &amp; Vision (DE)","url":"https:\/\/trendsandvision.nl\/de\/","logo":{"@type":"ImageObject","inLanguage":"de","@id":"https:\/\/trendsandvision.nl\/de\/#\/schema\/logo\/image\/","url":"https:\/\/trendsandvision.nl\/de\/wp-content\/uploads\/sites\/3\/2022\/04\/trends-and-vision-logo.jpg","contentUrl":"https:\/\/trendsandvision.nl\/de\/wp-content\/uploads\/sites\/3\/2022\/04\/trends-and-vision-logo.jpg","width":213,"height":100,"caption":"Trends &amp; Vision (DE)"},"image":{"@id":"https:\/\/trendsandvision.nl\/de\/#\/schema\/logo\/image\/"}}]}},"_links":{"self":[{"href":"https:\/\/trendsandvision.nl\/de\/wp-json\/wp\/v2\/product\/18717","targetHints":{"allow":["GET"]}}],"collection":[{"href":"https:\/\/trendsandvision.nl\/de\/wp-json\/wp\/v2\/product"}],"about":[{"href":"https:\/\/trendsandvision.nl\/de\/wp-json\/wp\/v2\/types\/product"}],"wp:featuredmedia":[{"embeddable":true,"href":"https:\/\/trendsandvision.nl\/de\/wp-json\/wp\/v2\/media\/18718"}],"wp:attachment":[{"href":"https:\/\/trendsandvision.nl\/de\/wp-json\/wp\/v2\/media?parent=18717"}],"wp:term":[{"taxonomy":"product_brand","embeddable":true,"href":"https:\/\/trendsandvision.nl\/de\/wp-json\/wp\/v2\/product_brand?post=18717"},{"taxonomy":"product_cat","embeddable":true,"href":"https:\/\/trendsandvision.nl\/de\/wp-json\/wp\/v2\/product_cat?post=18717"},{"taxonomy":"product_tag","embeddable":true,"href":"https:\/\/trendsandvision.nl\/de\/wp-json\/wp\/v2\/product_tag?post=18717"}],"curies":[{"name":"wp","href":"https:\/\/api.w.org\/{rel}","templated":true}]}}