{"id":18702,"date":"2024-12-22T08:46:24","date_gmt":"2024-12-22T07:46:24","guid":{"rendered":"https:\/\/trendsandvision.nl\/de\/product\/esschert-design-gestreifte-orangefarbene-serviette\/"},"modified":"2026-04-22T15:25:07","modified_gmt":"2026-04-22T13:25:07","slug":"esschert-design-gestreifte-orangefarbene-servietten","status":"publish","type":"product","link":"https:\/\/trendsandvision.nl\/de\/product\/esschert-design-gestreifte-orangefarbene-servietten\/","title":{"rendered":"Esschert Design Gestreifte orangefarbene Servietten"},"content":{"rendered":"<p>Bringen Sie Farbe auf den Tisch mit unserer orangefarbenen <strong><a href=\"https:\/\/trendsandvision.nl\/de\/?s=Bayad\u00e8re&amp;post_type=product&amp;dgwt_wcas=1\">gestreiften<\/a><\/strong> Serviette (4er-Set).<br \/>\nHergestellt aus 100 % Baumwolle, ist sie perfekt f\u00fcr den t\u00e4glichen Gebrauch und f\u00fchlt sich angenehm weich an. Die fr\u00f6hlichen orangefarbenen Streifen lassen sich problemlos mit anderen Designs kombinieren. Pflegeleicht und maschinenwaschbar. Beh\u00e4lt ihre leuchtende Farbe.<\/p>\n<p>Sch\u00f6ne Baumwollservietten, 4er Set, mit orangefarbenem Streifenmuster<br \/>\nArtikelnummer TR087<br \/>\nProduktabmessungen in cm L 35 x T 35 x H 0,5<br \/>\nMaterial Baumwolle<br \/>\nNettogewicht 0,1 kg<br \/>\nBarcode 8714982282928<br \/>\nProduzent <a href=\"https:\/\/www.esschertdesign.com\/shop\/de\/gestreept-servet-oranje-tr087\" target=\"_blank\">Esschert Design<\/a><\/p>\n<p>Neugierig auf unsere Papierservietten? Klicken Sie <strong><a href=\"https:\/\/trendsandvision.nl\/de\/?s=serviett&amp;post_type=product&amp;dgwt_wcas=1\">HIER<\/a><\/strong><\/p>\n","protected":false},"excerpt":{"rendered":"<p>4er-Set<br \/>\nMaterial 100 % Baumwolle<br \/>\nMaschinenwaschbar und farbecht<br \/>\nLeicht zu reinigen und zu pflegen<br \/>\nL 35 x T 35 x H 0,5 cm<br \/>\nNettogewicht 0,1 kg<br \/>\nBarcode 8714982282928<\/p>\n","protected":false},"featured_media":18703,"template":"","meta":[],"product_brand":[9597,9598],"product_cat":[769],"product_tag":[10208,7759,7460,7762],"class_list":{"0":"post-18702","1":"product","2":"type-product","3":"status-publish","4":"has-post-thumbnail","6":"product_brand-esschert-design","7":"product_brand-trends-and-vision","8":"product_cat-prints","9":"product_tag-decoupage-servietten","10":"product_tag-gartenmoebel","11":"product_tag-servietten","12":"product_tag-textilien","13":"pa_anbieter-esschert-design","14":"pa_ean-code-7743","16":"first","17":"instock","18":"sale","19":"taxable","20":"shipping-taxable","21":"purchasable","22":"product-type-simple","23":"czr-hentry"},"yoast_head":"<!-- This site is optimized with the Yoast SEO Premium plugin v27.4 (Yoast SEO v27.5) - https:\/\/yoast.com\/product\/yoast-seo-premium-wordpress\/ -->\n<title>Esschert Design Gestreifte orangefarbene Servietten (TR087)<\/title>\n<meta name=\"description\" content=\"Esschert Design Gestreifte orangefarbene Servietten (TR087 EAN 8714982282928) 4er-Set, Baumwolle, Maschinenwaschbar, farbecht, L 35 x T 35 x H 0,5 cm\" \/>\n<meta name=\"robots\" content=\"index, follow, max-snippet:-1, max-image-preview:large, max-video-preview:-1\" \/>\n<link rel=\"canonical\" href=\"https:\/\/trendsandvision.nl\/de\/product\/esschert-design-gestreifte-orangefarbene-servietten\/\" \/>\n<meta property=\"og:locale\" content=\"de_DE\" \/>\n<meta property=\"og:type\" content=\"article\" \/>\n<meta property=\"og:title\" content=\"Esschert Design Gestreifte orangefarbene Servietten\" \/>\n<meta property=\"og:description\" content=\"Esschert Design Gestreifte orangefarbene Servietten (TR087 EAN 8714982282928) 4er-Set, Baumwolle, Maschinenwaschbar, farbecht, L 35 x T 35 x H 0,5 cm\" \/>\n<meta property=\"og:url\" content=\"https:\/\/trendsandvision.nl\/de\/product\/esschert-design-gestreifte-orangefarbene-servietten\/\" \/>\n<meta property=\"og:site_name\" content=\"Trends &amp; Vision (DE)\" \/>\n<meta property=\"article:modified_time\" content=\"2026-04-22T13:25:07+00:00\" \/>\n<meta property=\"og:image\" content=\"https:\/\/trendsandvision.nl\/de\/wp-content\/uploads\/sites\/3\/2024\/12\/TR087_01.jpg\" \/>\n\t<meta property=\"og:image:width\" content=\"800\" \/>\n\t<meta property=\"og:image:height\" content=\"800\" \/>\n\t<meta property=\"og:image:type\" content=\"image\/jpeg\" \/>\n<meta name=\"twitter:card\" content=\"summary_large_image\" \/>\n<meta name=\"twitter:label1\" content=\"Gesch\u00e4tzte Lesezeit\" \/>\n\t<meta name=\"twitter:data1\" content=\"1\u00a0Minute\" \/>\n<script type=\"application\/ld+json\" class=\"yoast-schema-graph\">{\"@context\":\"https:\\\/\\\/schema.org\",\"@graph\":[{\"@type\":\"WebPage\",\"@id\":\"https:\\\/\\\/trendsandvision.nl\\\/de\\\/product\\\/esschert-design-gestreifte-orangefarbene-servietten\\\/\",\"url\":\"https:\\\/\\\/trendsandvision.nl\\\/de\\\/product\\\/esschert-design-gestreifte-orangefarbene-servietten\\\/\",\"name\":\"Esschert Design Gestreifte orangefarbene Servietten (TR087)\",\"isPartOf\":{\"@id\":\"https:\\\/\\\/trendsandvision.nl\\\/de\\\/#website\"},\"primaryImageOfPage\":{\"@id\":\"https:\\\/\\\/trendsandvision.nl\\\/de\\\/product\\\/esschert-design-gestreifte-orangefarbene-servietten\\\/#primaryimage\"},\"image\":{\"@id\":\"https:\\\/\\\/trendsandvision.nl\\\/de\\\/product\\\/esschert-design-gestreifte-orangefarbene-servietten\\\/#primaryimage\"},\"thumbnailUrl\":\"https:\\\/\\\/trendsandvision.nl\\\/de\\\/wp-content\\\/uploads\\\/sites\\\/3\\\/2024\\\/12\\\/TR087_01.jpg\",\"datePublished\":\"2024-12-22T07:46:24+00:00\",\"dateModified\":\"2026-04-22T13:25:07+00:00\",\"description\":\"Esschert Design Gestreifte orangefarbene Servietten (TR087 EAN 8714982282928) 4er-Set, Baumwolle, Maschinenwaschbar, farbecht, L 35 x T 35 x H 0,5 cm\",\"breadcrumb\":{\"@id\":\"https:\\\/\\\/trendsandvision.nl\\\/de\\\/product\\\/esschert-design-gestreifte-orangefarbene-servietten\\\/#breadcrumb\"},\"inLanguage\":\"de\",\"potentialAction\":[{\"@type\":\"ReadAction\",\"target\":[\"https:\\\/\\\/trendsandvision.nl\\\/de\\\/product\\\/esschert-design-gestreifte-orangefarbene-servietten\\\/\"]}]},{\"@type\":\"ImageObject\",\"inLanguage\":\"de\",\"@id\":\"https:\\\/\\\/trendsandvision.nl\\\/de\\\/product\\\/esschert-design-gestreifte-orangefarbene-servietten\\\/#primaryimage\",\"url\":\"https:\\\/\\\/trendsandvision.nl\\\/de\\\/wp-content\\\/uploads\\\/sites\\\/3\\\/2024\\\/12\\\/TR087_01.jpg\",\"contentUrl\":\"https:\\\/\\\/trendsandvision.nl\\\/de\\\/wp-content\\\/uploads\\\/sites\\\/3\\\/2024\\\/12\\\/TR087_01.jpg\",\"width\":800,\"height\":800,\"caption\":\"Trends and Vision Gestreifte orangefarbene Servietten (TR087 EAN 8714982282928) 4er-Set, Baumwolle, Maschinenwaschbar, farbecht, L 35 x T 35 x H 0,5 cm\"},{\"@type\":\"BreadcrumbList\",\"@id\":\"https:\\\/\\\/trendsandvision.nl\\\/de\\\/product\\\/esschert-design-gestreifte-orangefarbene-servietten\\\/#breadcrumb\",\"itemListElement\":[{\"@type\":\"ListItem\",\"position\":1,\"name\":\"Home\",\"item\":\"https:\\\/\\\/trendsandvision.nl\\\/de\\\/\"},{\"@type\":\"ListItem\",\"position\":2,\"name\":\"Gesch\u00e4ft\",\"item\":\"https:\\\/\\\/trendsandvision.nl\\\/de\\\/geschaft\\\/\"},{\"@type\":\"ListItem\",\"position\":3,\"name\":\"Esschert Design Gestreifte orangefarbene Servietten\"}]},{\"@type\":\"WebSite\",\"@id\":\"https:\\\/\\\/trendsandvision.nl\\\/de\\\/#website\",\"url\":\"https:\\\/\\\/trendsandvision.nl\\\/de\\\/\",\"name\":\"Trends &amp; Vision (DE)\",\"description\":\"Der Webshop f\u00fcr Esschert Design Artikel\",\"publisher\":{\"@id\":\"https:\\\/\\\/trendsandvision.nl\\\/de\\\/#organization\"},\"potentialAction\":[{\"@type\":\"SearchAction\",\"target\":{\"@type\":\"EntryPoint\",\"urlTemplate\":\"https:\\\/\\\/trendsandvision.nl\\\/de\\\/?s={search_term_string}\"},\"query-input\":{\"@type\":\"PropertyValueSpecification\",\"valueRequired\":true,\"valueName\":\"search_term_string\"}}],\"inLanguage\":\"de\"},{\"@type\":\"Organization\",\"@id\":\"https:\\\/\\\/trendsandvision.nl\\\/de\\\/#organization\",\"name\":\"Trends &amp; Vision (DE)\",\"url\":\"https:\\\/\\\/trendsandvision.nl\\\/de\\\/\",\"logo\":{\"@type\":\"ImageObject\",\"inLanguage\":\"de\",\"@id\":\"https:\\\/\\\/trendsandvision.nl\\\/de\\\/#\\\/schema\\\/logo\\\/image\\\/\",\"url\":\"https:\\\/\\\/trendsandvision.nl\\\/de\\\/wp-content\\\/uploads\\\/sites\\\/3\\\/2022\\\/04\\\/trends-and-vision-logo.jpg\",\"contentUrl\":\"https:\\\/\\\/trendsandvision.nl\\\/de\\\/wp-content\\\/uploads\\\/sites\\\/3\\\/2022\\\/04\\\/trends-and-vision-logo.jpg\",\"width\":213,\"height\":100,\"caption\":\"Trends &amp; Vision (DE)\"},\"image\":{\"@id\":\"https:\\\/\\\/trendsandvision.nl\\\/de\\\/#\\\/schema\\\/logo\\\/image\\\/\"}}]}<\/script>\n<!-- \/ Yoast SEO Premium plugin. -->","yoast_head_json":{"title":"Esschert Design Gestreifte orangefarbene Servietten (TR087)","description":"Esschert Design Gestreifte orangefarbene Servietten (TR087 EAN 8714982282928) 4er-Set, Baumwolle, Maschinenwaschbar, farbecht, L 35 x T 35 x H 0,5 cm","robots":{"index":"index","follow":"follow","max-snippet":"max-snippet:-1","max-image-preview":"max-image-preview:large","max-video-preview":"max-video-preview:-1"},"canonical":"https:\/\/trendsandvision.nl\/de\/product\/esschert-design-gestreifte-orangefarbene-servietten\/","og_locale":"de_DE","og_type":"article","og_title":"Esschert Design Gestreifte orangefarbene Servietten","og_description":"Esschert Design Gestreifte orangefarbene Servietten (TR087 EAN 8714982282928) 4er-Set, Baumwolle, Maschinenwaschbar, farbecht, L 35 x T 35 x H 0,5 cm","og_url":"https:\/\/trendsandvision.nl\/de\/product\/esschert-design-gestreifte-orangefarbene-servietten\/","og_site_name":"Trends &amp; Vision (DE)","article_modified_time":"2026-04-22T13:25:07+00:00","og_image":[{"width":800,"height":800,"url":"https:\/\/trendsandvision.nl\/de\/wp-content\/uploads\/sites\/3\/2024\/12\/TR087_01.jpg","type":"image\/jpeg"}],"twitter_card":"summary_large_image","twitter_misc":{"Gesch\u00e4tzte Lesezeit":"1\u00a0Minute"},"schema":{"@context":"https:\/\/schema.org","@graph":[{"@type":"WebPage","@id":"https:\/\/trendsandvision.nl\/de\/product\/esschert-design-gestreifte-orangefarbene-servietten\/","url":"https:\/\/trendsandvision.nl\/de\/product\/esschert-design-gestreifte-orangefarbene-servietten\/","name":"Esschert Design Gestreifte orangefarbene Servietten (TR087)","isPartOf":{"@id":"https:\/\/trendsandvision.nl\/de\/#website"},"primaryImageOfPage":{"@id":"https:\/\/trendsandvision.nl\/de\/product\/esschert-design-gestreifte-orangefarbene-servietten\/#primaryimage"},"image":{"@id":"https:\/\/trendsandvision.nl\/de\/product\/esschert-design-gestreifte-orangefarbene-servietten\/#primaryimage"},"thumbnailUrl":"https:\/\/trendsandvision.nl\/de\/wp-content\/uploads\/sites\/3\/2024\/12\/TR087_01.jpg","datePublished":"2024-12-22T07:46:24+00:00","dateModified":"2026-04-22T13:25:07+00:00","description":"Esschert Design Gestreifte orangefarbene Servietten (TR087 EAN 8714982282928) 4er-Set, Baumwolle, Maschinenwaschbar, farbecht, L 35 x T 35 x H 0,5 cm","breadcrumb":{"@id":"https:\/\/trendsandvision.nl\/de\/product\/esschert-design-gestreifte-orangefarbene-servietten\/#breadcrumb"},"inLanguage":"de","potentialAction":[{"@type":"ReadAction","target":["https:\/\/trendsandvision.nl\/de\/product\/esschert-design-gestreifte-orangefarbene-servietten\/"]}]},{"@type":"ImageObject","inLanguage":"de","@id":"https:\/\/trendsandvision.nl\/de\/product\/esschert-design-gestreifte-orangefarbene-servietten\/#primaryimage","url":"https:\/\/trendsandvision.nl\/de\/wp-content\/uploads\/sites\/3\/2024\/12\/TR087_01.jpg","contentUrl":"https:\/\/trendsandvision.nl\/de\/wp-content\/uploads\/sites\/3\/2024\/12\/TR087_01.jpg","width":800,"height":800,"caption":"Trends and Vision Gestreifte orangefarbene Servietten (TR087 EAN 8714982282928) 4er-Set, Baumwolle, Maschinenwaschbar, farbecht, L 35 x T 35 x H 0,5 cm"},{"@type":"BreadcrumbList","@id":"https:\/\/trendsandvision.nl\/de\/product\/esschert-design-gestreifte-orangefarbene-servietten\/#breadcrumb","itemListElement":[{"@type":"ListItem","position":1,"name":"Home","item":"https:\/\/trendsandvision.nl\/de\/"},{"@type":"ListItem","position":2,"name":"Gesch\u00e4ft","item":"https:\/\/trendsandvision.nl\/de\/geschaft\/"},{"@type":"ListItem","position":3,"name":"Esschert Design Gestreifte orangefarbene Servietten"}]},{"@type":"WebSite","@id":"https:\/\/trendsandvision.nl\/de\/#website","url":"https:\/\/trendsandvision.nl\/de\/","name":"Trends &amp; Vision (DE)","description":"Der Webshop f\u00fcr Esschert Design Artikel","publisher":{"@id":"https:\/\/trendsandvision.nl\/de\/#organization"},"potentialAction":[{"@type":"SearchAction","target":{"@type":"EntryPoint","urlTemplate":"https:\/\/trendsandvision.nl\/de\/?s={search_term_string}"},"query-input":{"@type":"PropertyValueSpecification","valueRequired":true,"valueName":"search_term_string"}}],"inLanguage":"de"},{"@type":"Organization","@id":"https:\/\/trendsandvision.nl\/de\/#organization","name":"Trends &amp; Vision (DE)","url":"https:\/\/trendsandvision.nl\/de\/","logo":{"@type":"ImageObject","inLanguage":"de","@id":"https:\/\/trendsandvision.nl\/de\/#\/schema\/logo\/image\/","url":"https:\/\/trendsandvision.nl\/de\/wp-content\/uploads\/sites\/3\/2022\/04\/trends-and-vision-logo.jpg","contentUrl":"https:\/\/trendsandvision.nl\/de\/wp-content\/uploads\/sites\/3\/2022\/04\/trends-and-vision-logo.jpg","width":213,"height":100,"caption":"Trends &amp; Vision (DE)"},"image":{"@id":"https:\/\/trendsandvision.nl\/de\/#\/schema\/logo\/image\/"}}]}},"_links":{"self":[{"href":"https:\/\/trendsandvision.nl\/de\/wp-json\/wp\/v2\/product\/18702","targetHints":{"allow":["GET"]}}],"collection":[{"href":"https:\/\/trendsandvision.nl\/de\/wp-json\/wp\/v2\/product"}],"about":[{"href":"https:\/\/trendsandvision.nl\/de\/wp-json\/wp\/v2\/types\/product"}],"wp:featuredmedia":[{"embeddable":true,"href":"https:\/\/trendsandvision.nl\/de\/wp-json\/wp\/v2\/media\/18703"}],"wp:attachment":[{"href":"https:\/\/trendsandvision.nl\/de\/wp-json\/wp\/v2\/media?parent=18702"}],"wp:term":[{"taxonomy":"product_brand","embeddable":true,"href":"https:\/\/trendsandvision.nl\/de\/wp-json\/wp\/v2\/product_brand?post=18702"},{"taxonomy":"product_cat","embeddable":true,"href":"https:\/\/trendsandvision.nl\/de\/wp-json\/wp\/v2\/product_cat?post=18702"},{"taxonomy":"product_tag","embeddable":true,"href":"https:\/\/trendsandvision.nl\/de\/wp-json\/wp\/v2\/product_tag?post=18702"}],"curies":[{"name":"wp","href":"https:\/\/api.w.org\/{rel}","templated":true}]}}