{"id":18688,"date":"2024-12-22T08:46:11","date_gmt":"2024-12-22T07:46:11","guid":{"rendered":"https:\/\/trendsandvision.nl\/de\/product\/esschert-design-gestreifter-sonnenschirm-gruen\/"},"modified":"2026-04-22T15:25:04","modified_gmt":"2026-04-22T13:25:04","slug":"esschert-design-gestreifter-sonnenschirm-gruen","status":"publish","type":"product","link":"https:\/\/trendsandvision.nl\/de\/product\/esschert-design-gestreifter-sonnenschirm-gruen\/","title":{"rendered":"Esschert Design Gestreifter Sonnenschirm gr\u00fcn"},"content":{"rendered":"<p>Artikelname Gestreifter Sonnenschirm gr\u00fcn.<br \/>\nOptimaler Sonnenschutz mit diesem gestreiften Sonnenschirm, diese gestreifte Kollektion von Outdoor-Artikeln verleiht Ihrem Garten einen 70er-Jahre-Look.<br \/>\nSchicker Sonnenschirm mit <strong><a href=\"https:\/\/trendsandvision.nl\/de\/?s=Bayad\u00e8re&amp;post_type=product&amp;dgwt_wcas=1\">Bayad\u00e8re-Streifenmuster<\/a><\/strong> in lebendigen Gr\u00fcnt\u00f6nen. Der Name \u201eBayad\u00e8re\u201c stammt vom franz\u00f6sischen Wort f\u00fcr \u201eT\u00e4nzerin\u201c und spiegelt die anmutigen, rhythmischen Linien einer Ballettauff\u00fchrung wider. Der Schirm bietet ausreichend Schatten und die gr\u00fcne Farbe wirkt erfrischend. Sowohl gerade als auch geneigt verwendbar. H\u00f6henverstellbar.<\/p>\n<p>Produktgruppe(n) Gartenm\u00f6bel, <strong><a href=\"https:\/\/trendsandvision.nl\/de\/?s=Sonnenschirm&amp;post_type=product&amp;dgwt_wcas=1\">Sonnenschirme<\/a><\/strong>, <strong><a href=\"https:\/\/trendsandvision.nl\/de\/?s=schirmfu&amp;post_type=product&amp;dgwt_wcas=1\">Schirmf\u00fc\u00dfe<\/a><\/strong><br \/>\nProduktabmessungen in cm \u00f8 L 180 x T 180 x H 220<br \/>\nMaterial Polyester, Stahl, Zinklegierung, PP<br \/>\nBruttogewicht 2.091 kg<br \/>\nNettogewicht 2.048 kg<br \/>\nBarcode 8714982282881<br \/>\nProduzent <a href=\"https:\/\/www.esschertdesign.com\/shop\/de\/gestreepte-parasol-groen-tr083\" target=\"_blank\">Esschert Design<\/a><\/p>\n<p><a href=\"https:\/\/www.bundesregierung.de\/breg-de\/aktuelles\/hitzeschutz-2198598\" target=\"_blank\">Gut gesch\u00fctzt!<\/a><\/p>\n","protected":false},"excerpt":{"rendered":"<p>H\u00f6hen und neigungsverstellbar<br \/>\nMit Erdspie\u00df<br \/>\nFranz\u00f6sisches Design<br \/>\n\u00f8 L 180 x T 180 x H 220 cm<br \/>\nMaterial Polyester, Stahl, Zinklegierung, PP<br \/>\nNettogewicht 2.048 kg<br \/>\nBarcode 8714982282881<\/p>\n","protected":false},"featured_media":18689,"template":"","meta":[],"product_brand":[9597,9598],"product_cat":[769],"product_tag":[7759,10832,7767],"class_list":{"0":"post-18688","1":"product","2":"type-product","3":"status-publish","4":"has-post-thumbnail","6":"product_brand-esschert-design","7":"product_brand-trends-and-vision","8":"product_cat-prints","9":"product_tag-gartenmoebel","10":"product_tag-sonnenschirmen","11":"product_tag-sonnenschirmstaender","12":"pa_anbieter-esschert-design","13":"pa_ean-code-7739","15":"first","16":"instock","17":"sale","18":"taxable","19":"shipping-taxable","20":"purchasable","21":"product-type-simple","22":"czr-hentry"},"yoast_head":"<!-- This site is optimized with the Yoast SEO Premium plugin v27.4 (Yoast SEO v27.5) - https:\/\/yoast.com\/product\/yoast-seo-premium-wordpress\/ -->\n<title>Esschert Design Gestreifter Sonnenschirm gr\u00fcn (TR083)<\/title>\n<meta name=\"description\" content=\"Esschert Design Gestreifter Sonnenschirm gr\u00fcn (TR083 EAN 8714982282881) \u00f8 L 180 x T 180 x H 220 cm; Polyester, Stahl, Zinklegierung, PP, Gewicht 2.05 kg\" \/>\n<meta name=\"robots\" content=\"index, follow, max-snippet:-1, max-image-preview:large, max-video-preview:-1\" \/>\n<link rel=\"canonical\" href=\"https:\/\/trendsandvision.nl\/de\/product\/esschert-design-gestreifter-sonnenschirm-gruen\/\" \/>\n<meta property=\"og:locale\" content=\"de_DE\" \/>\n<meta property=\"og:type\" content=\"article\" \/>\n<meta property=\"og:title\" content=\"Esschert Design Gestreifter Sonnenschirm gr\u00fcn\" \/>\n<meta property=\"og:description\" content=\"Esschert Design Gestreifter Sonnenschirm gr\u00fcn (TR083 EAN 8714982282881) \u00f8 L 180 x T 180 x H 220 cm; Polyester, Stahl, Zinklegierung, PP, Gewicht 2.05 kg\" \/>\n<meta property=\"og:url\" content=\"https:\/\/trendsandvision.nl\/de\/product\/esschert-design-gestreifter-sonnenschirm-gruen\/\" \/>\n<meta property=\"og:site_name\" content=\"Trends &amp; Vision (DE)\" \/>\n<meta property=\"article:modified_time\" content=\"2026-04-22T13:25:04+00:00\" \/>\n<meta property=\"og:image\" content=\"https:\/\/trendsandvision.nl\/de\/wp-content\/uploads\/sites\/3\/2024\/12\/TR083_01.jpg\" \/>\n\t<meta property=\"og:image:width\" content=\"800\" \/>\n\t<meta property=\"og:image:height\" content=\"800\" \/>\n\t<meta property=\"og:image:type\" content=\"image\/jpeg\" \/>\n<meta name=\"twitter:card\" content=\"summary_large_image\" \/>\n<meta name=\"twitter:label1\" content=\"Gesch\u00e4tzte Lesezeit\" \/>\n\t<meta name=\"twitter:data1\" content=\"1\u00a0Minute\" \/>\n<script type=\"application\/ld+json\" class=\"yoast-schema-graph\">{\"@context\":\"https:\\\/\\\/schema.org\",\"@graph\":[{\"@type\":\"WebPage\",\"@id\":\"https:\\\/\\\/trendsandvision.nl\\\/de\\\/product\\\/esschert-design-gestreifter-sonnenschirm-gruen\\\/\",\"url\":\"https:\\\/\\\/trendsandvision.nl\\\/de\\\/product\\\/esschert-design-gestreifter-sonnenschirm-gruen\\\/\",\"name\":\"Esschert Design Gestreifter Sonnenschirm gr\u00fcn (TR083)\",\"isPartOf\":{\"@id\":\"https:\\\/\\\/trendsandvision.nl\\\/de\\\/#website\"},\"primaryImageOfPage\":{\"@id\":\"https:\\\/\\\/trendsandvision.nl\\\/de\\\/product\\\/esschert-design-gestreifter-sonnenschirm-gruen\\\/#primaryimage\"},\"image\":{\"@id\":\"https:\\\/\\\/trendsandvision.nl\\\/de\\\/product\\\/esschert-design-gestreifter-sonnenschirm-gruen\\\/#primaryimage\"},\"thumbnailUrl\":\"https:\\\/\\\/trendsandvision.nl\\\/de\\\/wp-content\\\/uploads\\\/sites\\\/3\\\/2024\\\/12\\\/TR083_01.jpg\",\"datePublished\":\"2024-12-22T07:46:11+00:00\",\"dateModified\":\"2026-04-22T13:25:04+00:00\",\"description\":\"Esschert Design Gestreifter Sonnenschirm gr\u00fcn (TR083 EAN 8714982282881) \u00f8 L 180 x T 180 x H 220 cm; Polyester, Stahl, Zinklegierung, PP, Gewicht 2.05 kg\",\"breadcrumb\":{\"@id\":\"https:\\\/\\\/trendsandvision.nl\\\/de\\\/product\\\/esschert-design-gestreifter-sonnenschirm-gruen\\\/#breadcrumb\"},\"inLanguage\":\"de\",\"potentialAction\":[{\"@type\":\"ReadAction\",\"target\":[\"https:\\\/\\\/trendsandvision.nl\\\/de\\\/product\\\/esschert-design-gestreifter-sonnenschirm-gruen\\\/\"]}]},{\"@type\":\"ImageObject\",\"inLanguage\":\"de\",\"@id\":\"https:\\\/\\\/trendsandvision.nl\\\/de\\\/product\\\/esschert-design-gestreifter-sonnenschirm-gruen\\\/#primaryimage\",\"url\":\"https:\\\/\\\/trendsandvision.nl\\\/de\\\/wp-content\\\/uploads\\\/sites\\\/3\\\/2024\\\/12\\\/TR083_01.jpg\",\"contentUrl\":\"https:\\\/\\\/trendsandvision.nl\\\/de\\\/wp-content\\\/uploads\\\/sites\\\/3\\\/2024\\\/12\\\/TR083_01.jpg\",\"width\":800,\"height\":800,\"caption\":\"Trends and Vision Gestreifter Sonnenschirm gr\u00fcn (TR083 EAN 8714982282881) \u00f8 L 180 x T 180 x H 220 cm; Polyester, Stahl, Zinklegierung, PP, Gewicht 2.05 kg\"},{\"@type\":\"BreadcrumbList\",\"@id\":\"https:\\\/\\\/trendsandvision.nl\\\/de\\\/product\\\/esschert-design-gestreifter-sonnenschirm-gruen\\\/#breadcrumb\",\"itemListElement\":[{\"@type\":\"ListItem\",\"position\":1,\"name\":\"Home\",\"item\":\"https:\\\/\\\/trendsandvision.nl\\\/de\\\/\"},{\"@type\":\"ListItem\",\"position\":2,\"name\":\"Gesch\u00e4ft\",\"item\":\"https:\\\/\\\/trendsandvision.nl\\\/de\\\/geschaft\\\/\"},{\"@type\":\"ListItem\",\"position\":3,\"name\":\"Esschert Design Gestreifter Sonnenschirm gr\u00fcn\"}]},{\"@type\":\"WebSite\",\"@id\":\"https:\\\/\\\/trendsandvision.nl\\\/de\\\/#website\",\"url\":\"https:\\\/\\\/trendsandvision.nl\\\/de\\\/\",\"name\":\"Trends &amp; Vision (DE)\",\"description\":\"Der Webshop f\u00fcr Esschert Design Artikel\",\"publisher\":{\"@id\":\"https:\\\/\\\/trendsandvision.nl\\\/de\\\/#organization\"},\"potentialAction\":[{\"@type\":\"SearchAction\",\"target\":{\"@type\":\"EntryPoint\",\"urlTemplate\":\"https:\\\/\\\/trendsandvision.nl\\\/de\\\/?s={search_term_string}\"},\"query-input\":{\"@type\":\"PropertyValueSpecification\",\"valueRequired\":true,\"valueName\":\"search_term_string\"}}],\"inLanguage\":\"de\"},{\"@type\":\"Organization\",\"@id\":\"https:\\\/\\\/trendsandvision.nl\\\/de\\\/#organization\",\"name\":\"Trends &amp; Vision (DE)\",\"url\":\"https:\\\/\\\/trendsandvision.nl\\\/de\\\/\",\"logo\":{\"@type\":\"ImageObject\",\"inLanguage\":\"de\",\"@id\":\"https:\\\/\\\/trendsandvision.nl\\\/de\\\/#\\\/schema\\\/logo\\\/image\\\/\",\"url\":\"https:\\\/\\\/trendsandvision.nl\\\/de\\\/wp-content\\\/uploads\\\/sites\\\/3\\\/2022\\\/04\\\/trends-and-vision-logo.jpg\",\"contentUrl\":\"https:\\\/\\\/trendsandvision.nl\\\/de\\\/wp-content\\\/uploads\\\/sites\\\/3\\\/2022\\\/04\\\/trends-and-vision-logo.jpg\",\"width\":213,\"height\":100,\"caption\":\"Trends &amp; Vision (DE)\"},\"image\":{\"@id\":\"https:\\\/\\\/trendsandvision.nl\\\/de\\\/#\\\/schema\\\/logo\\\/image\\\/\"}}]}<\/script>\n<!-- \/ Yoast SEO Premium plugin. -->","yoast_head_json":{"title":"Esschert Design Gestreifter Sonnenschirm gr\u00fcn (TR083)","description":"Esschert Design Gestreifter Sonnenschirm gr\u00fcn (TR083 EAN 8714982282881) \u00f8 L 180 x T 180 x H 220 cm; Polyester, Stahl, Zinklegierung, PP, Gewicht 2.05 kg","robots":{"index":"index","follow":"follow","max-snippet":"max-snippet:-1","max-image-preview":"max-image-preview:large","max-video-preview":"max-video-preview:-1"},"canonical":"https:\/\/trendsandvision.nl\/de\/product\/esschert-design-gestreifter-sonnenschirm-gruen\/","og_locale":"de_DE","og_type":"article","og_title":"Esschert Design Gestreifter Sonnenschirm gr\u00fcn","og_description":"Esschert Design Gestreifter Sonnenschirm gr\u00fcn (TR083 EAN 8714982282881) \u00f8 L 180 x T 180 x H 220 cm; Polyester, Stahl, Zinklegierung, PP, Gewicht 2.05 kg","og_url":"https:\/\/trendsandvision.nl\/de\/product\/esschert-design-gestreifter-sonnenschirm-gruen\/","og_site_name":"Trends &amp; Vision (DE)","article_modified_time":"2026-04-22T13:25:04+00:00","og_image":[{"width":800,"height":800,"url":"https:\/\/trendsandvision.nl\/de\/wp-content\/uploads\/sites\/3\/2024\/12\/TR083_01.jpg","type":"image\/jpeg"}],"twitter_card":"summary_large_image","twitter_misc":{"Gesch\u00e4tzte Lesezeit":"1\u00a0Minute"},"schema":{"@context":"https:\/\/schema.org","@graph":[{"@type":"WebPage","@id":"https:\/\/trendsandvision.nl\/de\/product\/esschert-design-gestreifter-sonnenschirm-gruen\/","url":"https:\/\/trendsandvision.nl\/de\/product\/esschert-design-gestreifter-sonnenschirm-gruen\/","name":"Esschert Design Gestreifter Sonnenschirm gr\u00fcn (TR083)","isPartOf":{"@id":"https:\/\/trendsandvision.nl\/de\/#website"},"primaryImageOfPage":{"@id":"https:\/\/trendsandvision.nl\/de\/product\/esschert-design-gestreifter-sonnenschirm-gruen\/#primaryimage"},"image":{"@id":"https:\/\/trendsandvision.nl\/de\/product\/esschert-design-gestreifter-sonnenschirm-gruen\/#primaryimage"},"thumbnailUrl":"https:\/\/trendsandvision.nl\/de\/wp-content\/uploads\/sites\/3\/2024\/12\/TR083_01.jpg","datePublished":"2024-12-22T07:46:11+00:00","dateModified":"2026-04-22T13:25:04+00:00","description":"Esschert Design Gestreifter Sonnenschirm gr\u00fcn (TR083 EAN 8714982282881) \u00f8 L 180 x T 180 x H 220 cm; Polyester, Stahl, Zinklegierung, PP, Gewicht 2.05 kg","breadcrumb":{"@id":"https:\/\/trendsandvision.nl\/de\/product\/esschert-design-gestreifter-sonnenschirm-gruen\/#breadcrumb"},"inLanguage":"de","potentialAction":[{"@type":"ReadAction","target":["https:\/\/trendsandvision.nl\/de\/product\/esschert-design-gestreifter-sonnenschirm-gruen\/"]}]},{"@type":"ImageObject","inLanguage":"de","@id":"https:\/\/trendsandvision.nl\/de\/product\/esschert-design-gestreifter-sonnenschirm-gruen\/#primaryimage","url":"https:\/\/trendsandvision.nl\/de\/wp-content\/uploads\/sites\/3\/2024\/12\/TR083_01.jpg","contentUrl":"https:\/\/trendsandvision.nl\/de\/wp-content\/uploads\/sites\/3\/2024\/12\/TR083_01.jpg","width":800,"height":800,"caption":"Trends and Vision Gestreifter Sonnenschirm gr\u00fcn (TR083 EAN 8714982282881) \u00f8 L 180 x T 180 x H 220 cm; Polyester, Stahl, Zinklegierung, PP, Gewicht 2.05 kg"},{"@type":"BreadcrumbList","@id":"https:\/\/trendsandvision.nl\/de\/product\/esschert-design-gestreifter-sonnenschirm-gruen\/#breadcrumb","itemListElement":[{"@type":"ListItem","position":1,"name":"Home","item":"https:\/\/trendsandvision.nl\/de\/"},{"@type":"ListItem","position":2,"name":"Gesch\u00e4ft","item":"https:\/\/trendsandvision.nl\/de\/geschaft\/"},{"@type":"ListItem","position":3,"name":"Esschert Design Gestreifter Sonnenschirm gr\u00fcn"}]},{"@type":"WebSite","@id":"https:\/\/trendsandvision.nl\/de\/#website","url":"https:\/\/trendsandvision.nl\/de\/","name":"Trends &amp; Vision (DE)","description":"Der Webshop f\u00fcr Esschert Design Artikel","publisher":{"@id":"https:\/\/trendsandvision.nl\/de\/#organization"},"potentialAction":[{"@type":"SearchAction","target":{"@type":"EntryPoint","urlTemplate":"https:\/\/trendsandvision.nl\/de\/?s={search_term_string}"},"query-input":{"@type":"PropertyValueSpecification","valueRequired":true,"valueName":"search_term_string"}}],"inLanguage":"de"},{"@type":"Organization","@id":"https:\/\/trendsandvision.nl\/de\/#organization","name":"Trends &amp; Vision (DE)","url":"https:\/\/trendsandvision.nl\/de\/","logo":{"@type":"ImageObject","inLanguage":"de","@id":"https:\/\/trendsandvision.nl\/de\/#\/schema\/logo\/image\/","url":"https:\/\/trendsandvision.nl\/de\/wp-content\/uploads\/sites\/3\/2022\/04\/trends-and-vision-logo.jpg","contentUrl":"https:\/\/trendsandvision.nl\/de\/wp-content\/uploads\/sites\/3\/2022\/04\/trends-and-vision-logo.jpg","width":213,"height":100,"caption":"Trends &amp; Vision (DE)"},"image":{"@id":"https:\/\/trendsandvision.nl\/de\/#\/schema\/logo\/image\/"}}]}},"_links":{"self":[{"href":"https:\/\/trendsandvision.nl\/de\/wp-json\/wp\/v2\/product\/18688","targetHints":{"allow":["GET"]}}],"collection":[{"href":"https:\/\/trendsandvision.nl\/de\/wp-json\/wp\/v2\/product"}],"about":[{"href":"https:\/\/trendsandvision.nl\/de\/wp-json\/wp\/v2\/types\/product"}],"wp:featuredmedia":[{"embeddable":true,"href":"https:\/\/trendsandvision.nl\/de\/wp-json\/wp\/v2\/media\/18689"}],"wp:attachment":[{"href":"https:\/\/trendsandvision.nl\/de\/wp-json\/wp\/v2\/media?parent=18688"}],"wp:term":[{"taxonomy":"product_brand","embeddable":true,"href":"https:\/\/trendsandvision.nl\/de\/wp-json\/wp\/v2\/product_brand?post=18688"},{"taxonomy":"product_cat","embeddable":true,"href":"https:\/\/trendsandvision.nl\/de\/wp-json\/wp\/v2\/product_cat?post=18688"},{"taxonomy":"product_tag","embeddable":true,"href":"https:\/\/trendsandvision.nl\/de\/wp-json\/wp\/v2\/product_tag?post=18688"}],"curies":[{"name":"wp","href":"https:\/\/api.w.org\/{rel}","templated":true}]}}