{"id":18683,"date":"2024-12-22T08:46:06","date_gmt":"2024-12-22T07:46:06","guid":{"rendered":"https:\/\/trendsandvision.nl\/de\/product\/esschert-design-gestreifter-schirmmix\/"},"modified":"2026-04-22T15:25:03","modified_gmt":"2026-04-22T13:25:03","slug":"esschert-design-gestreifter-schirm-mix","status":"publish","type":"product","link":"https:\/\/trendsandvision.nl\/de\/product\/esschert-design-gestreifter-schirm-mix\/","title":{"rendered":"Esschert Design Gestreifter Schirm Mix"},"content":{"rendered":"<p>Esschert Design Gestreifter Schirm Mix.<br \/>\nFaltbar &amp; Ausziehregenschirm (Preis pro St\u00fcck), Design-Mix aus farbigen Streifen.<br \/>\nDiese gestreifte Kollektion von Outdoor-Artikeln verleiht Ihrem Garten einen 70er Jahre Mediterraner Look. <\/p>\n<p>Gerader, gestreifter Regenschirm mit farbenfrohem Mix f\u00fcr Erwachsene. Mit vier einzigartigen Farben im Bayad\u00e8re-<strong><a href=\"https:\/\/trendsandvision.nl\/de\/?s=Streifen&amp;post_type=product&amp;dgwt_wcas=1\">Streifenmuster<\/a><\/strong>. Der Name \u201eBayad\u00e8re\u201c stammt vom franz\u00f6sischen Wort f\u00fcr \u201eT\u00e4nzerin\u201c und steht f\u00fcr die anmutigen, rhythmischen Linien einer Ballettauff\u00fchrung. Die Farbmischung f\u00e4llt im Regen besonders auf und ist ideal bei starkem Regen.<\/p>\n<p>Perfekt f\u00fcr starke Regenschauer<br \/>\n<strong><a href=\"https:\/\/trendsandvision.nl\/de\/?s=Bayad\u00e8re&amp;post_type=product&amp;dgwt_wcas=1\">Bayad\u00e8re-Streifenmuster<\/a><\/strong> mit 4 Farben<br \/>\nOptimale Benutzerfreundlichkeit<br \/>\nHolzgriff<br \/>\nArtikelnummer TR082<br \/>\nProduktgruppe(n) Taschen &amp; Regenschirme, <strong><a href=\"https:\/\/trendsandvision.nl\/de\/?s=Regenschirm&amp;post_type=product&amp;dgwt_wcas=1\">Regenschirme<\/a><\/strong><br \/>\nProduktabmessungen in cm  \u00f8 L 120 x T 120 x H 96<br \/>\nMaterial Polyester, Schima Superba-Holz, Stahl<br \/>\nNettogewicht 0,434 kg<br \/>\nBarcode 8714982282874<br \/>\nProduzent <a href=\"https:\/\/www.esschertdesign.com\/shop\/de\/gestreepte-paraplu-mix-tr082\" target=\"_blank\">Esschert Design<\/a><\/p>\n","protected":false},"excerpt":{"rendered":"<p>Perfekt f\u00fcr starke Regenschauer<br \/>\nBayad\u00e8re-Streifenmuster mit 4 Farben<br \/>\nOptimale Benutzerfreundlichkeit<br \/>\nHolzgriff<br \/>\n\u00f8 L 120 x T 120 x H 96 cm<br \/>\nPolyester, Schima Superba-Holz, Stahl<br \/>\nNettogewicht 0,434 kg<br \/>\nBarcode 8714982282874<\/p>\n","protected":false},"featured_media":18684,"template":"","meta":[],"product_brand":[9597,9598],"product_cat":[769],"product_tag":[7759,8715,10832,7767],"class_list":{"0":"post-18683","1":"product","2":"type-product","3":"status-publish","4":"has-post-thumbnail","6":"product_brand-esschert-design","7":"product_brand-trends-and-vision","8":"product_cat-prints","9":"product_tag-gartenmoebel","10":"product_tag-regenschirmen","11":"product_tag-sonnenschirmen","12":"product_tag-sonnenschirmstaender","13":"pa_anbieter-esschert-design","14":"pa_ean-code-7738","16":"first","17":"instock","18":"sale","19":"taxable","20":"shipping-taxable","21":"purchasable","22":"product-type-simple","23":"czr-hentry"},"yoast_head":"<!-- This site is optimized with the Yoast SEO Premium plugin v27.4 (Yoast SEO v27.5) - https:\/\/yoast.com\/product\/yoast-seo-premium-wordpress\/ -->\n<title>Esschert Design Gestreifter Schirm Mix (TR082 8714982282874)<\/title>\n<meta name=\"description\" content=\"Esschert Design Gestreifter Schirm Mix (TR082 EAN 8714982282874) \u00f8 L + 120 x T 120 x H 96 cm, Polyester, Schima Superba-Holz, Stahl, Gewicht 0,434 kg\" \/>\n<meta name=\"robots\" content=\"index, follow, max-snippet:-1, max-image-preview:large, max-video-preview:-1\" \/>\n<link rel=\"canonical\" href=\"https:\/\/trendsandvision.nl\/de\/product\/esschert-design-gestreifter-schirm-mix\/\" \/>\n<meta property=\"og:locale\" content=\"de_DE\" \/>\n<meta property=\"og:type\" content=\"article\" \/>\n<meta property=\"og:title\" content=\"Esschert Design Gestreifter Schirm Mix\" \/>\n<meta property=\"og:description\" content=\"Esschert Design Gestreifter Schirm Mix (TR082 EAN 8714982282874) \u00f8 L + 120 x T 120 x H 96 cm, Polyester, Schima Superba-Holz, Stahl, Gewicht 0,434 kg\" \/>\n<meta property=\"og:url\" content=\"https:\/\/trendsandvision.nl\/de\/product\/esschert-design-gestreifter-schirm-mix\/\" \/>\n<meta property=\"og:site_name\" content=\"Trends &amp; Vision (DE)\" \/>\n<meta property=\"article:modified_time\" content=\"2026-04-22T13:25:03+00:00\" \/>\n<meta property=\"og:image\" content=\"https:\/\/trendsandvision.nl\/de\/wp-content\/uploads\/sites\/3\/2024\/12\/TR082_01.jpg\" \/>\n\t<meta property=\"og:image:width\" content=\"800\" \/>\n\t<meta property=\"og:image:height\" content=\"800\" \/>\n\t<meta property=\"og:image:type\" content=\"image\/jpeg\" \/>\n<meta name=\"twitter:card\" content=\"summary_large_image\" \/>\n<meta name=\"twitter:label1\" content=\"Gesch\u00e4tzte Lesezeit\" \/>\n\t<meta name=\"twitter:data1\" content=\"1\u00a0Minute\" \/>\n<script type=\"application\/ld+json\" class=\"yoast-schema-graph\">{\"@context\":\"https:\\\/\\\/schema.org\",\"@graph\":[{\"@type\":\"WebPage\",\"@id\":\"https:\\\/\\\/trendsandvision.nl\\\/de\\\/product\\\/esschert-design-gestreifter-schirm-mix\\\/\",\"url\":\"https:\\\/\\\/trendsandvision.nl\\\/de\\\/product\\\/esschert-design-gestreifter-schirm-mix\\\/\",\"name\":\"Esschert Design Gestreifter Schirm Mix (TR082 8714982282874)\",\"isPartOf\":{\"@id\":\"https:\\\/\\\/trendsandvision.nl\\\/de\\\/#website\"},\"primaryImageOfPage\":{\"@id\":\"https:\\\/\\\/trendsandvision.nl\\\/de\\\/product\\\/esschert-design-gestreifter-schirm-mix\\\/#primaryimage\"},\"image\":{\"@id\":\"https:\\\/\\\/trendsandvision.nl\\\/de\\\/product\\\/esschert-design-gestreifter-schirm-mix\\\/#primaryimage\"},\"thumbnailUrl\":\"https:\\\/\\\/trendsandvision.nl\\\/de\\\/wp-content\\\/uploads\\\/sites\\\/3\\\/2024\\\/12\\\/TR082_01.jpg\",\"datePublished\":\"2024-12-22T07:46:06+00:00\",\"dateModified\":\"2026-04-22T13:25:03+00:00\",\"description\":\"Esschert Design Gestreifter Schirm Mix (TR082 EAN 8714982282874) \u00f8 L + 120 x T 120 x H 96 cm, Polyester, Schima Superba-Holz, Stahl, Gewicht 0,434 kg\",\"breadcrumb\":{\"@id\":\"https:\\\/\\\/trendsandvision.nl\\\/de\\\/product\\\/esschert-design-gestreifter-schirm-mix\\\/#breadcrumb\"},\"inLanguage\":\"de\",\"potentialAction\":[{\"@type\":\"ReadAction\",\"target\":[\"https:\\\/\\\/trendsandvision.nl\\\/de\\\/product\\\/esschert-design-gestreifter-schirm-mix\\\/\"]}]},{\"@type\":\"ImageObject\",\"inLanguage\":\"de\",\"@id\":\"https:\\\/\\\/trendsandvision.nl\\\/de\\\/product\\\/esschert-design-gestreifter-schirm-mix\\\/#primaryimage\",\"url\":\"https:\\\/\\\/trendsandvision.nl\\\/de\\\/wp-content\\\/uploads\\\/sites\\\/3\\\/2024\\\/12\\\/TR082_01.jpg\",\"contentUrl\":\"https:\\\/\\\/trendsandvision.nl\\\/de\\\/wp-content\\\/uploads\\\/sites\\\/3\\\/2024\\\/12\\\/TR082_01.jpg\",\"width\":800,\"height\":800,\"caption\":\"Trends and Vision Gestreifter Schirm Mix (TR082 EAN 8714982282874) \u00f8 L + 120 x T 120 x H 96 cm, Polyester, Schima Superba-Holz, Stahl, Gewicht 0,434 kg\"},{\"@type\":\"BreadcrumbList\",\"@id\":\"https:\\\/\\\/trendsandvision.nl\\\/de\\\/product\\\/esschert-design-gestreifter-schirm-mix\\\/#breadcrumb\",\"itemListElement\":[{\"@type\":\"ListItem\",\"position\":1,\"name\":\"Home\",\"item\":\"https:\\\/\\\/trendsandvision.nl\\\/de\\\/\"},{\"@type\":\"ListItem\",\"position\":2,\"name\":\"Gesch\u00e4ft\",\"item\":\"https:\\\/\\\/trendsandvision.nl\\\/de\\\/geschaft\\\/\"},{\"@type\":\"ListItem\",\"position\":3,\"name\":\"Esschert Design Gestreifter Schirm Mix\"}]},{\"@type\":\"WebSite\",\"@id\":\"https:\\\/\\\/trendsandvision.nl\\\/de\\\/#website\",\"url\":\"https:\\\/\\\/trendsandvision.nl\\\/de\\\/\",\"name\":\"Trends &amp; Vision (DE)\",\"description\":\"Der Webshop f\u00fcr Esschert Design Artikel\",\"publisher\":{\"@id\":\"https:\\\/\\\/trendsandvision.nl\\\/de\\\/#organization\"},\"potentialAction\":[{\"@type\":\"SearchAction\",\"target\":{\"@type\":\"EntryPoint\",\"urlTemplate\":\"https:\\\/\\\/trendsandvision.nl\\\/de\\\/?s={search_term_string}\"},\"query-input\":{\"@type\":\"PropertyValueSpecification\",\"valueRequired\":true,\"valueName\":\"search_term_string\"}}],\"inLanguage\":\"de\"},{\"@type\":\"Organization\",\"@id\":\"https:\\\/\\\/trendsandvision.nl\\\/de\\\/#organization\",\"name\":\"Trends &amp; Vision (DE)\",\"url\":\"https:\\\/\\\/trendsandvision.nl\\\/de\\\/\",\"logo\":{\"@type\":\"ImageObject\",\"inLanguage\":\"de\",\"@id\":\"https:\\\/\\\/trendsandvision.nl\\\/de\\\/#\\\/schema\\\/logo\\\/image\\\/\",\"url\":\"https:\\\/\\\/trendsandvision.nl\\\/de\\\/wp-content\\\/uploads\\\/sites\\\/3\\\/2022\\\/04\\\/trends-and-vision-logo.jpg\",\"contentUrl\":\"https:\\\/\\\/trendsandvision.nl\\\/de\\\/wp-content\\\/uploads\\\/sites\\\/3\\\/2022\\\/04\\\/trends-and-vision-logo.jpg\",\"width\":213,\"height\":100,\"caption\":\"Trends &amp; Vision (DE)\"},\"image\":{\"@id\":\"https:\\\/\\\/trendsandvision.nl\\\/de\\\/#\\\/schema\\\/logo\\\/image\\\/\"}}]}<\/script>\n<!-- \/ Yoast SEO Premium plugin. -->","yoast_head_json":{"title":"Esschert Design Gestreifter Schirm Mix (TR082 8714982282874)","description":"Esschert Design Gestreifter Schirm Mix (TR082 EAN 8714982282874) \u00f8 L + 120 x T 120 x H 96 cm, Polyester, Schima Superba-Holz, Stahl, Gewicht 0,434 kg","robots":{"index":"index","follow":"follow","max-snippet":"max-snippet:-1","max-image-preview":"max-image-preview:large","max-video-preview":"max-video-preview:-1"},"canonical":"https:\/\/trendsandvision.nl\/de\/product\/esschert-design-gestreifter-schirm-mix\/","og_locale":"de_DE","og_type":"article","og_title":"Esschert Design Gestreifter Schirm Mix","og_description":"Esschert Design Gestreifter Schirm Mix (TR082 EAN 8714982282874) \u00f8 L + 120 x T 120 x H 96 cm, Polyester, Schima Superba-Holz, Stahl, Gewicht 0,434 kg","og_url":"https:\/\/trendsandvision.nl\/de\/product\/esschert-design-gestreifter-schirm-mix\/","og_site_name":"Trends &amp; Vision (DE)","article_modified_time":"2026-04-22T13:25:03+00:00","og_image":[{"width":800,"height":800,"url":"https:\/\/trendsandvision.nl\/de\/wp-content\/uploads\/sites\/3\/2024\/12\/TR082_01.jpg","type":"image\/jpeg"}],"twitter_card":"summary_large_image","twitter_misc":{"Gesch\u00e4tzte Lesezeit":"1\u00a0Minute"},"schema":{"@context":"https:\/\/schema.org","@graph":[{"@type":"WebPage","@id":"https:\/\/trendsandvision.nl\/de\/product\/esschert-design-gestreifter-schirm-mix\/","url":"https:\/\/trendsandvision.nl\/de\/product\/esschert-design-gestreifter-schirm-mix\/","name":"Esschert Design Gestreifter Schirm Mix (TR082 8714982282874)","isPartOf":{"@id":"https:\/\/trendsandvision.nl\/de\/#website"},"primaryImageOfPage":{"@id":"https:\/\/trendsandvision.nl\/de\/product\/esschert-design-gestreifter-schirm-mix\/#primaryimage"},"image":{"@id":"https:\/\/trendsandvision.nl\/de\/product\/esschert-design-gestreifter-schirm-mix\/#primaryimage"},"thumbnailUrl":"https:\/\/trendsandvision.nl\/de\/wp-content\/uploads\/sites\/3\/2024\/12\/TR082_01.jpg","datePublished":"2024-12-22T07:46:06+00:00","dateModified":"2026-04-22T13:25:03+00:00","description":"Esschert Design Gestreifter Schirm Mix (TR082 EAN 8714982282874) \u00f8 L + 120 x T 120 x H 96 cm, Polyester, Schima Superba-Holz, Stahl, Gewicht 0,434 kg","breadcrumb":{"@id":"https:\/\/trendsandvision.nl\/de\/product\/esschert-design-gestreifter-schirm-mix\/#breadcrumb"},"inLanguage":"de","potentialAction":[{"@type":"ReadAction","target":["https:\/\/trendsandvision.nl\/de\/product\/esschert-design-gestreifter-schirm-mix\/"]}]},{"@type":"ImageObject","inLanguage":"de","@id":"https:\/\/trendsandvision.nl\/de\/product\/esschert-design-gestreifter-schirm-mix\/#primaryimage","url":"https:\/\/trendsandvision.nl\/de\/wp-content\/uploads\/sites\/3\/2024\/12\/TR082_01.jpg","contentUrl":"https:\/\/trendsandvision.nl\/de\/wp-content\/uploads\/sites\/3\/2024\/12\/TR082_01.jpg","width":800,"height":800,"caption":"Trends and Vision Gestreifter Schirm Mix (TR082 EAN 8714982282874) \u00f8 L + 120 x T 120 x H 96 cm, Polyester, Schima Superba-Holz, Stahl, Gewicht 0,434 kg"},{"@type":"BreadcrumbList","@id":"https:\/\/trendsandvision.nl\/de\/product\/esschert-design-gestreifter-schirm-mix\/#breadcrumb","itemListElement":[{"@type":"ListItem","position":1,"name":"Home","item":"https:\/\/trendsandvision.nl\/de\/"},{"@type":"ListItem","position":2,"name":"Gesch\u00e4ft","item":"https:\/\/trendsandvision.nl\/de\/geschaft\/"},{"@type":"ListItem","position":3,"name":"Esschert Design Gestreifter Schirm Mix"}]},{"@type":"WebSite","@id":"https:\/\/trendsandvision.nl\/de\/#website","url":"https:\/\/trendsandvision.nl\/de\/","name":"Trends &amp; Vision (DE)","description":"Der Webshop f\u00fcr Esschert Design Artikel","publisher":{"@id":"https:\/\/trendsandvision.nl\/de\/#organization"},"potentialAction":[{"@type":"SearchAction","target":{"@type":"EntryPoint","urlTemplate":"https:\/\/trendsandvision.nl\/de\/?s={search_term_string}"},"query-input":{"@type":"PropertyValueSpecification","valueRequired":true,"valueName":"search_term_string"}}],"inLanguage":"de"},{"@type":"Organization","@id":"https:\/\/trendsandvision.nl\/de\/#organization","name":"Trends &amp; Vision (DE)","url":"https:\/\/trendsandvision.nl\/de\/","logo":{"@type":"ImageObject","inLanguage":"de","@id":"https:\/\/trendsandvision.nl\/de\/#\/schema\/logo\/image\/","url":"https:\/\/trendsandvision.nl\/de\/wp-content\/uploads\/sites\/3\/2022\/04\/trends-and-vision-logo.jpg","contentUrl":"https:\/\/trendsandvision.nl\/de\/wp-content\/uploads\/sites\/3\/2022\/04\/trends-and-vision-logo.jpg","width":213,"height":100,"caption":"Trends &amp; Vision (DE)"},"image":{"@id":"https:\/\/trendsandvision.nl\/de\/#\/schema\/logo\/image\/"}}]}},"_links":{"self":[{"href":"https:\/\/trendsandvision.nl\/de\/wp-json\/wp\/v2\/product\/18683","targetHints":{"allow":["GET"]}}],"collection":[{"href":"https:\/\/trendsandvision.nl\/de\/wp-json\/wp\/v2\/product"}],"about":[{"href":"https:\/\/trendsandvision.nl\/de\/wp-json\/wp\/v2\/types\/product"}],"wp:featuredmedia":[{"embeddable":true,"href":"https:\/\/trendsandvision.nl\/de\/wp-json\/wp\/v2\/media\/18684"}],"wp:attachment":[{"href":"https:\/\/trendsandvision.nl\/de\/wp-json\/wp\/v2\/media?parent=18683"}],"wp:term":[{"taxonomy":"product_brand","embeddable":true,"href":"https:\/\/trendsandvision.nl\/de\/wp-json\/wp\/v2\/product_brand?post=18683"},{"taxonomy":"product_cat","embeddable":true,"href":"https:\/\/trendsandvision.nl\/de\/wp-json\/wp\/v2\/product_cat?post=18683"},{"taxonomy":"product_tag","embeddable":true,"href":"https:\/\/trendsandvision.nl\/de\/wp-json\/wp\/v2\/product_tag?post=18683"}],"curies":[{"name":"wp","href":"https:\/\/api.w.org\/{rel}","templated":true}]}}