{"id":18667,"date":"2024-12-22T08:45:50","date_gmt":"2024-12-22T07:45:50","guid":{"rendered":"https:\/\/trendsandvision.nl\/de\/product\/esschert-design-baumbewaesserungsring\/"},"modified":"2026-04-22T15:21:45","modified_gmt":"2026-04-22T13:21:45","slug":"esschert-design-baumbewaesserungsring","status":"publish","type":"product","link":"https:\/\/trendsandvision.nl\/de\/product\/esschert-design-baumbewaesserungsring\/","title":{"rendered":"Esschert Design Baumbew\u00e4sserungsring"},"content":{"rendered":"<p>Esschert Design Baumbew\u00e4sserungsring.<br \/>\nHalten Sie Ihre B\u00e4ume gesund und gut bew\u00e4ssert mit unserem Baum-Bew\u00e4sserungsring. Hergestellt aus langlebigem PVC-Material f\u00fcr eine lange Lebensdauer. Der Ring wird um den Stamm des Baumes gelegt und verf\u00fcgt \u00fcber eine grosse \u00d6ffnung an der Oberseite zum Bef\u00fcllen mit dem Gartenschlauch. Zwei kleine Sprinkler am Boden sorgen bis zu 6 Stunden lang f\u00fcr eine gleichm\u00e4ssige Bew\u00e4sserung und f\u00f6rdern ein starkes Wurzelwachstum.<\/p>\n<p>Artikelnummer TG372<br \/>\nProduktgruppe(n) Garten &amp; Terrasse, Wassersparen, Urlaubshilfe.<br \/>\nProduktabmessungen in cm L 95 x T 95 x H 14<br \/>\nMaterial PVC<br \/>\nNettogewicht 0,2 kg<br \/>\nBarcode 8714982283581<br \/>\nProduzent <a href=\"https:\/\/www.esschertdesign.com\/shop\/de\/boombewateringsring-tg372\" target=\"_blank\">Esschert Design<\/a><\/p>\n","protected":false},"excerpt":{"rendered":"<p>Verpackt in einer farbigen Geschenkbox<br \/>\nEffiziente, freih\u00e4ndige <strong><a href=\"https:\/\/trendsandvision.nl\/de\/?s=Bew\u00e4sserung&amp;post_type=product&amp;dgwt_wcas=1\">Bew\u00e4sserung<\/a><\/strong><br \/>\n6 Stunden kontinuierliche Bew\u00e4sserung<br \/>\nFassungsverm\u00f6gen: 75 Liter<br \/>\nL 95 x T 95 x H 14 cm<br \/>\nMaterial PVC<br \/>\nNettogewicht 0,2 kg<br \/>\nBarcode 8714982283581<\/p>\n","protected":false},"featured_media":18668,"template":"","meta":[],"product_brand":[9597,9598],"product_cat":[1284],"product_tag":[8738,6979,7756,11281,9586,11280],"class_list":{"0":"post-18667","1":"product","2":"type-product","3":"status-publish","4":"has-post-thumbnail","6":"product_brand-esschert-design","7":"product_brand-trends-and-vision","8":"product_cat-water-in-the-garden","9":"product_tag-baumbewaesserungssack","10":"product_tag-baumfreundlich","11":"product_tag-bewaesserungssysteme","12":"product_tag-urlaubshilfe","13":"product_tag-wasser-management","14":"product_tag-wassersparen","15":"pa_anbieter-esschert-design","16":"pa_ean-code-7733","18":"first","19":"instock","20":"sale","21":"taxable","22":"shipping-taxable","23":"purchasable","24":"product-type-simple","25":"czr-hentry"},"yoast_head":"<!-- This site is optimized with the Yoast SEO Premium plugin v27.4 (Yoast SEO v27.5) - https:\/\/yoast.com\/product\/yoast-seo-premium-wordpress\/ -->\n<title>Esschert Design Baumbew\u00e4sserungsring (TG372 8714982283581)<\/title>\n<meta name=\"description\" content=\"Esschert Design Baumbew\u00e4sserungsring (TG372 EAN 8714982283581) Fassungsverm\u00f6gen: 75 Liter, 6 Stunden kontinuierliche Bew\u00e4sserung, L 95 x T 95 x H 14 cm\" \/>\n<meta name=\"robots\" content=\"index, follow, max-snippet:-1, max-image-preview:large, max-video-preview:-1\" \/>\n<link rel=\"canonical\" href=\"https:\/\/trendsandvision.nl\/de\/product\/esschert-design-baumbewaesserungsring\/\" \/>\n<meta property=\"og:locale\" content=\"de_DE\" \/>\n<meta property=\"og:type\" content=\"article\" \/>\n<meta property=\"og:title\" content=\"Esschert Design Baumbew\u00e4sserungsring\" \/>\n<meta property=\"og:description\" content=\"Esschert Design Baumbew\u00e4sserungsring (TG372 EAN 8714982283581) Fassungsverm\u00f6gen: 75 Liter, 6 Stunden kontinuierliche Bew\u00e4sserung, L 95 x T 95 x H 14 cm\" \/>\n<meta property=\"og:url\" content=\"https:\/\/trendsandvision.nl\/de\/product\/esschert-design-baumbewaesserungsring\/\" \/>\n<meta property=\"og:site_name\" content=\"Trends &amp; Vision (DE)\" \/>\n<meta property=\"article:modified_time\" content=\"2026-04-22T13:21:45+00:00\" \/>\n<meta property=\"og:image\" content=\"https:\/\/trendsandvision.nl\/de\/wp-content\/uploads\/sites\/3\/2024\/12\/TG372_01.jpg\" \/>\n\t<meta property=\"og:image:width\" content=\"800\" \/>\n\t<meta property=\"og:image:height\" content=\"800\" \/>\n\t<meta property=\"og:image:type\" content=\"image\/jpeg\" \/>\n<meta name=\"twitter:card\" content=\"summary_large_image\" \/>\n<meta name=\"twitter:label1\" content=\"Gesch\u00e4tzte Lesezeit\" \/>\n\t<meta name=\"twitter:data1\" content=\"2\u00a0Minuten\" \/>\n<script type=\"application\/ld+json\" class=\"yoast-schema-graph\">{\"@context\":\"https:\\\/\\\/schema.org\",\"@graph\":[{\"@type\":\"WebPage\",\"@id\":\"https:\\\/\\\/trendsandvision.nl\\\/de\\\/product\\\/esschert-design-baumbewaesserungsring\\\/\",\"url\":\"https:\\\/\\\/trendsandvision.nl\\\/de\\\/product\\\/esschert-design-baumbewaesserungsring\\\/\",\"name\":\"Esschert Design Baumbew\u00e4sserungsring (TG372 8714982283581)\",\"isPartOf\":{\"@id\":\"https:\\\/\\\/trendsandvision.nl\\\/de\\\/#website\"},\"primaryImageOfPage\":{\"@id\":\"https:\\\/\\\/trendsandvision.nl\\\/de\\\/product\\\/esschert-design-baumbewaesserungsring\\\/#primaryimage\"},\"image\":{\"@id\":\"https:\\\/\\\/trendsandvision.nl\\\/de\\\/product\\\/esschert-design-baumbewaesserungsring\\\/#primaryimage\"},\"thumbnailUrl\":\"https:\\\/\\\/trendsandvision.nl\\\/de\\\/wp-content\\\/uploads\\\/sites\\\/3\\\/2024\\\/12\\\/TG372_01.jpg\",\"datePublished\":\"2024-12-22T07:45:50+00:00\",\"dateModified\":\"2026-04-22T13:21:45+00:00\",\"description\":\"Esschert Design Baumbew\u00e4sserungsring (TG372 EAN 8714982283581) Fassungsverm\u00f6gen: 75 Liter, 6 Stunden kontinuierliche Bew\u00e4sserung, L 95 x T 95 x H 14 cm\",\"breadcrumb\":{\"@id\":\"https:\\\/\\\/trendsandvision.nl\\\/de\\\/product\\\/esschert-design-baumbewaesserungsring\\\/#breadcrumb\"},\"inLanguage\":\"de\",\"potentialAction\":[{\"@type\":\"ReadAction\",\"target\":[\"https:\\\/\\\/trendsandvision.nl\\\/de\\\/product\\\/esschert-design-baumbewaesserungsring\\\/\"]}]},{\"@type\":\"ImageObject\",\"inLanguage\":\"de\",\"@id\":\"https:\\\/\\\/trendsandvision.nl\\\/de\\\/product\\\/esschert-design-baumbewaesserungsring\\\/#primaryimage\",\"url\":\"https:\\\/\\\/trendsandvision.nl\\\/de\\\/wp-content\\\/uploads\\\/sites\\\/3\\\/2024\\\/12\\\/TG372_01.jpg\",\"contentUrl\":\"https:\\\/\\\/trendsandvision.nl\\\/de\\\/wp-content\\\/uploads\\\/sites\\\/3\\\/2024\\\/12\\\/TG372_01.jpg\",\"width\":800,\"height\":800,\"caption\":\"Trends and Vision Baumbew\u00e4sserungsring (TG372 EAN 8714982283581) Fassungsverm\u00f6gen: 75 Liter, 6 Stunden kontinuierliche Bew\u00e4sserung, L 95 x T 95 x H 14 cm\"},{\"@type\":\"BreadcrumbList\",\"@id\":\"https:\\\/\\\/trendsandvision.nl\\\/de\\\/product\\\/esschert-design-baumbewaesserungsring\\\/#breadcrumb\",\"itemListElement\":[{\"@type\":\"ListItem\",\"position\":1,\"name\":\"Home\",\"item\":\"https:\\\/\\\/trendsandvision.nl\\\/de\\\/\"},{\"@type\":\"ListItem\",\"position\":2,\"name\":\"Gesch\u00e4ft\",\"item\":\"https:\\\/\\\/trendsandvision.nl\\\/de\\\/geschaft\\\/\"},{\"@type\":\"ListItem\",\"position\":3,\"name\":\"Esschert Design Baumbew\u00e4sserungsring\"}]},{\"@type\":\"WebSite\",\"@id\":\"https:\\\/\\\/trendsandvision.nl\\\/de\\\/#website\",\"url\":\"https:\\\/\\\/trendsandvision.nl\\\/de\\\/\",\"name\":\"Trends &amp; Vision (DE)\",\"description\":\"Der Webshop f\u00fcr Esschert Design Artikel\",\"publisher\":{\"@id\":\"https:\\\/\\\/trendsandvision.nl\\\/de\\\/#organization\"},\"potentialAction\":[{\"@type\":\"SearchAction\",\"target\":{\"@type\":\"EntryPoint\",\"urlTemplate\":\"https:\\\/\\\/trendsandvision.nl\\\/de\\\/?s={search_term_string}\"},\"query-input\":{\"@type\":\"PropertyValueSpecification\",\"valueRequired\":true,\"valueName\":\"search_term_string\"}}],\"inLanguage\":\"de\"},{\"@type\":\"Organization\",\"@id\":\"https:\\\/\\\/trendsandvision.nl\\\/de\\\/#organization\",\"name\":\"Trends &amp; Vision (DE)\",\"url\":\"https:\\\/\\\/trendsandvision.nl\\\/de\\\/\",\"logo\":{\"@type\":\"ImageObject\",\"inLanguage\":\"de\",\"@id\":\"https:\\\/\\\/trendsandvision.nl\\\/de\\\/#\\\/schema\\\/logo\\\/image\\\/\",\"url\":\"https:\\\/\\\/trendsandvision.nl\\\/de\\\/wp-content\\\/uploads\\\/sites\\\/3\\\/2022\\\/04\\\/trends-and-vision-logo.jpg\",\"contentUrl\":\"https:\\\/\\\/trendsandvision.nl\\\/de\\\/wp-content\\\/uploads\\\/sites\\\/3\\\/2022\\\/04\\\/trends-and-vision-logo.jpg\",\"width\":213,\"height\":100,\"caption\":\"Trends &amp; Vision (DE)\"},\"image\":{\"@id\":\"https:\\\/\\\/trendsandvision.nl\\\/de\\\/#\\\/schema\\\/logo\\\/image\\\/\"}}]}<\/script>\n<!-- \/ Yoast SEO Premium plugin. -->","yoast_head_json":{"title":"Esschert Design Baumbew\u00e4sserungsring (TG372 8714982283581)","description":"Esschert Design Baumbew\u00e4sserungsring (TG372 EAN 8714982283581) Fassungsverm\u00f6gen: 75 Liter, 6 Stunden kontinuierliche Bew\u00e4sserung, L 95 x T 95 x H 14 cm","robots":{"index":"index","follow":"follow","max-snippet":"max-snippet:-1","max-image-preview":"max-image-preview:large","max-video-preview":"max-video-preview:-1"},"canonical":"https:\/\/trendsandvision.nl\/de\/product\/esschert-design-baumbewaesserungsring\/","og_locale":"de_DE","og_type":"article","og_title":"Esschert Design Baumbew\u00e4sserungsring","og_description":"Esschert Design Baumbew\u00e4sserungsring (TG372 EAN 8714982283581) Fassungsverm\u00f6gen: 75 Liter, 6 Stunden kontinuierliche Bew\u00e4sserung, L 95 x T 95 x H 14 cm","og_url":"https:\/\/trendsandvision.nl\/de\/product\/esschert-design-baumbewaesserungsring\/","og_site_name":"Trends &amp; Vision (DE)","article_modified_time":"2026-04-22T13:21:45+00:00","og_image":[{"width":800,"height":800,"url":"https:\/\/trendsandvision.nl\/de\/wp-content\/uploads\/sites\/3\/2024\/12\/TG372_01.jpg","type":"image\/jpeg"}],"twitter_card":"summary_large_image","twitter_misc":{"Gesch\u00e4tzte Lesezeit":"2\u00a0Minuten"},"schema":{"@context":"https:\/\/schema.org","@graph":[{"@type":"WebPage","@id":"https:\/\/trendsandvision.nl\/de\/product\/esschert-design-baumbewaesserungsring\/","url":"https:\/\/trendsandvision.nl\/de\/product\/esschert-design-baumbewaesserungsring\/","name":"Esschert Design Baumbew\u00e4sserungsring (TG372 8714982283581)","isPartOf":{"@id":"https:\/\/trendsandvision.nl\/de\/#website"},"primaryImageOfPage":{"@id":"https:\/\/trendsandvision.nl\/de\/product\/esschert-design-baumbewaesserungsring\/#primaryimage"},"image":{"@id":"https:\/\/trendsandvision.nl\/de\/product\/esschert-design-baumbewaesserungsring\/#primaryimage"},"thumbnailUrl":"https:\/\/trendsandvision.nl\/de\/wp-content\/uploads\/sites\/3\/2024\/12\/TG372_01.jpg","datePublished":"2024-12-22T07:45:50+00:00","dateModified":"2026-04-22T13:21:45+00:00","description":"Esschert Design Baumbew\u00e4sserungsring (TG372 EAN 8714982283581) Fassungsverm\u00f6gen: 75 Liter, 6 Stunden kontinuierliche Bew\u00e4sserung, L 95 x T 95 x H 14 cm","breadcrumb":{"@id":"https:\/\/trendsandvision.nl\/de\/product\/esschert-design-baumbewaesserungsring\/#breadcrumb"},"inLanguage":"de","potentialAction":[{"@type":"ReadAction","target":["https:\/\/trendsandvision.nl\/de\/product\/esschert-design-baumbewaesserungsring\/"]}]},{"@type":"ImageObject","inLanguage":"de","@id":"https:\/\/trendsandvision.nl\/de\/product\/esschert-design-baumbewaesserungsring\/#primaryimage","url":"https:\/\/trendsandvision.nl\/de\/wp-content\/uploads\/sites\/3\/2024\/12\/TG372_01.jpg","contentUrl":"https:\/\/trendsandvision.nl\/de\/wp-content\/uploads\/sites\/3\/2024\/12\/TG372_01.jpg","width":800,"height":800,"caption":"Trends and Vision Baumbew\u00e4sserungsring (TG372 EAN 8714982283581) Fassungsverm\u00f6gen: 75 Liter, 6 Stunden kontinuierliche Bew\u00e4sserung, L 95 x T 95 x H 14 cm"},{"@type":"BreadcrumbList","@id":"https:\/\/trendsandvision.nl\/de\/product\/esschert-design-baumbewaesserungsring\/#breadcrumb","itemListElement":[{"@type":"ListItem","position":1,"name":"Home","item":"https:\/\/trendsandvision.nl\/de\/"},{"@type":"ListItem","position":2,"name":"Gesch\u00e4ft","item":"https:\/\/trendsandvision.nl\/de\/geschaft\/"},{"@type":"ListItem","position":3,"name":"Esschert Design Baumbew\u00e4sserungsring"}]},{"@type":"WebSite","@id":"https:\/\/trendsandvision.nl\/de\/#website","url":"https:\/\/trendsandvision.nl\/de\/","name":"Trends &amp; Vision (DE)","description":"Der Webshop f\u00fcr Esschert Design Artikel","publisher":{"@id":"https:\/\/trendsandvision.nl\/de\/#organization"},"potentialAction":[{"@type":"SearchAction","target":{"@type":"EntryPoint","urlTemplate":"https:\/\/trendsandvision.nl\/de\/?s={search_term_string}"},"query-input":{"@type":"PropertyValueSpecification","valueRequired":true,"valueName":"search_term_string"}}],"inLanguage":"de"},{"@type":"Organization","@id":"https:\/\/trendsandvision.nl\/de\/#organization","name":"Trends &amp; Vision (DE)","url":"https:\/\/trendsandvision.nl\/de\/","logo":{"@type":"ImageObject","inLanguage":"de","@id":"https:\/\/trendsandvision.nl\/de\/#\/schema\/logo\/image\/","url":"https:\/\/trendsandvision.nl\/de\/wp-content\/uploads\/sites\/3\/2022\/04\/trends-and-vision-logo.jpg","contentUrl":"https:\/\/trendsandvision.nl\/de\/wp-content\/uploads\/sites\/3\/2022\/04\/trends-and-vision-logo.jpg","width":213,"height":100,"caption":"Trends &amp; Vision (DE)"},"image":{"@id":"https:\/\/trendsandvision.nl\/de\/#\/schema\/logo\/image\/"}}]}},"_links":{"self":[{"href":"https:\/\/trendsandvision.nl\/de\/wp-json\/wp\/v2\/product\/18667","targetHints":{"allow":["GET"]}}],"collection":[{"href":"https:\/\/trendsandvision.nl\/de\/wp-json\/wp\/v2\/product"}],"about":[{"href":"https:\/\/trendsandvision.nl\/de\/wp-json\/wp\/v2\/types\/product"}],"wp:featuredmedia":[{"embeddable":true,"href":"https:\/\/trendsandvision.nl\/de\/wp-json\/wp\/v2\/media\/18668"}],"wp:attachment":[{"href":"https:\/\/trendsandvision.nl\/de\/wp-json\/wp\/v2\/media?parent=18667"}],"wp:term":[{"taxonomy":"product_brand","embeddable":true,"href":"https:\/\/trendsandvision.nl\/de\/wp-json\/wp\/v2\/product_brand?post=18667"},{"taxonomy":"product_cat","embeddable":true,"href":"https:\/\/trendsandvision.nl\/de\/wp-json\/wp\/v2\/product_cat?post=18667"},{"taxonomy":"product_tag","embeddable":true,"href":"https:\/\/trendsandvision.nl\/de\/wp-json\/wp\/v2\/product_tag?post=18667"}],"curies":[{"name":"wp","href":"https:\/\/api.w.org\/{rel}","templated":true}]}}