{"id":18656,"date":"2024-12-22T08:45:41","date_gmt":"2024-12-22T07:45:41","guid":{"rendered":"https:\/\/trendsandvision.nl\/de\/product\/esschert-design-olla-zimmerpflanzen\/"},"modified":"2026-04-22T15:21:39","modified_gmt":"2026-04-22T13:21:39","slug":"esschert-design-olla-zimmerpflanzen","status":"publish","type":"product","link":"https:\/\/trendsandvision.nl\/de\/product\/esschert-design-olla-zimmerpflanzen\/","title":{"rendered":"Esschert Design Olla-Zimmerpflanzen"},"content":{"rendered":"<p>Esschert Design Olla-Zimmerpflanzen.<br \/>\nGraben Sie den Topf zwischen die Pflanzen im Pflanzgef\u00e4\u00df und f\u00fcllen Sie die <strong><a href=\"https:\/\/trendsandvision.nl\/de\/?s=Olla&amp;post_type=product&amp;dgwt_wcas=1\">Olla<\/a><\/strong> mit Wasser. Die Wurzeln der Pflanzen ziehen das Wasser aus dem Topf. Diese Form der Bew\u00e4sserung kann 70 % des Wasserverbrauchs im Garten einsparen.<br \/>\nIn einen Blumentopf oder ins Beet stellen. Den Beh\u00e4lter mit Wasser f\u00fcllen und mit dem Deckel verschliessen, um Verdunstung zu verhindern. Hergestellt aus por\u00f6sem Tonmaterial, das Wasser aufnimmt und langsam an die umliegende Erde abgibt. Durch Kapillarwirkung wird das Wasser aus dem Beh\u00e4lter gezogen und gleichm\u00e4ssig im Wurzelballen verteilt.<\/p>\n<p>Artikelname Olla f\u00fcr Zimmerpflanzen<br \/>\nArtikelnummer TG358<br \/>\nProduktabmessungen in cm \u00f8 L 7,9 x T 7,9 x H 14,6<br \/>\nVolumen in Litern 0.27<br \/>\nMaterial Terracotta<br \/>\nNettogewicht 0,267 kg<br \/>\nBarcode 8714982269370<br \/>\nProduzent <a href=\"https:\/\/www.esschertdesign.com\/shop\/de\/olla-kamerplanten-tg358\" target=\"_blank\">Esschert Design<\/a><\/p>\n","protected":false},"excerpt":{"rendered":"<p>\u2013 einfach zu bedienen<br \/>\n\u2013 kann bis zu 70 % des Wasserverbrauchs im Garten einsparen<br \/>\n\u2013 spart Zeit<br \/>\n\u2013 handgefertigt<br \/>\n\u2013 Es ist nicht m\u00f6glich, zu viel oder zu wenig Wasser zu geben<br \/>\n\u2013 weniger Unkraut<br \/>\n\u2013 weniger Schnecken<br \/>\n\u2013 verbessert die Bodenstruktur<\/p>\n","protected":false},"featured_media":18657,"template":"","meta":[],"product_brand":[9597,9598],"product_cat":[1284],"product_tag":[7756,10758,7757,7773],"class_list":{"0":"post-18656","1":"product","2":"type-product","3":"status-publish","4":"has-post-thumbnail","6":"product_brand-esschert-design","7":"product_brand-trends-and-vision","8":"product_cat-water-in-the-garden","9":"product_tag-bewaesserungssysteme","10":"product_tag-einsparen","11":"product_tag-terra-cotta","12":"product_tag-zimmerpflanzen","13":"pa_anbieter-esschert-design","14":"pa_ean-code-7730","16":"first","17":"instock","18":"sale","19":"taxable","20":"shipping-taxable","21":"purchasable","22":"product-type-simple","23":"czr-hentry"},"yoast_head":"<!-- This site is optimized with the Yoast SEO Premium plugin v27.4 (Yoast SEO v27.5) - https:\/\/yoast.com\/product\/yoast-seo-premium-wordpress\/ -->\n<title>Esschert Design Olla-Zimmerpflanzen (TG358 8714982269370)<\/title>\n<meta name=\"description\" content=\"Esschert DesignOlla-Zimmerpflanzen (TG358 8714982269370)cm \u00f8 L 7,9 x T 7,9 x H 14,6, Volumen in Litern 0.27,Material Terracotta, Nettogewicht 0,267 kg\" \/>\n<meta name=\"robots\" content=\"index, follow, max-snippet:-1, max-image-preview:large, max-video-preview:-1\" \/>\n<link rel=\"canonical\" href=\"https:\/\/trendsandvision.nl\/de\/product\/esschert-design-olla-zimmerpflanzen\/\" \/>\n<meta property=\"og:locale\" content=\"de_DE\" \/>\n<meta property=\"og:type\" content=\"article\" \/>\n<meta property=\"og:title\" content=\"Esschert Design Olla-Zimmerpflanzen\" \/>\n<meta property=\"og:description\" content=\"Esschert DesignOlla-Zimmerpflanzen (TG358 8714982269370)cm \u00f8 L 7,9 x T 7,9 x H 14,6, Volumen in Litern 0.27,Material Terracotta, Nettogewicht 0,267 kg\" \/>\n<meta property=\"og:url\" content=\"https:\/\/trendsandvision.nl\/de\/product\/esschert-design-olla-zimmerpflanzen\/\" \/>\n<meta property=\"og:site_name\" content=\"Trends &amp; Vision (DE)\" \/>\n<meta property=\"article:modified_time\" content=\"2026-04-22T13:21:39+00:00\" \/>\n<meta property=\"og:image\" content=\"https:\/\/trendsandvision.nl\/de\/wp-content\/uploads\/sites\/3\/2024\/12\/TG358_01.jpg\" \/>\n\t<meta property=\"og:image:width\" content=\"800\" \/>\n\t<meta property=\"og:image:height\" content=\"800\" \/>\n\t<meta property=\"og:image:type\" content=\"image\/jpeg\" \/>\n<meta name=\"twitter:card\" content=\"summary_large_image\" \/>\n<meta name=\"twitter:label1\" content=\"Gesch\u00e4tzte Lesezeit\" \/>\n\t<meta name=\"twitter:data1\" content=\"1\u00a0Minute\" \/>\n<script type=\"application\/ld+json\" class=\"yoast-schema-graph\">{\"@context\":\"https:\\\/\\\/schema.org\",\"@graph\":[{\"@type\":\"WebPage\",\"@id\":\"https:\\\/\\\/trendsandvision.nl\\\/de\\\/product\\\/esschert-design-olla-zimmerpflanzen\\\/\",\"url\":\"https:\\\/\\\/trendsandvision.nl\\\/de\\\/product\\\/esschert-design-olla-zimmerpflanzen\\\/\",\"name\":\"Esschert Design Olla-Zimmerpflanzen (TG358 8714982269370)\",\"isPartOf\":{\"@id\":\"https:\\\/\\\/trendsandvision.nl\\\/de\\\/#website\"},\"primaryImageOfPage\":{\"@id\":\"https:\\\/\\\/trendsandvision.nl\\\/de\\\/product\\\/esschert-design-olla-zimmerpflanzen\\\/#primaryimage\"},\"image\":{\"@id\":\"https:\\\/\\\/trendsandvision.nl\\\/de\\\/product\\\/esschert-design-olla-zimmerpflanzen\\\/#primaryimage\"},\"thumbnailUrl\":\"https:\\\/\\\/trendsandvision.nl\\\/de\\\/wp-content\\\/uploads\\\/sites\\\/3\\\/2024\\\/12\\\/TG358_01.jpg\",\"datePublished\":\"2024-12-22T07:45:41+00:00\",\"dateModified\":\"2026-04-22T13:21:39+00:00\",\"description\":\"Esschert DesignOlla-Zimmerpflanzen (TG358 8714982269370)cm \u00f8 L 7,9 x T 7,9 x H 14,6, Volumen in Litern 0.27,Material Terracotta, Nettogewicht 0,267 kg\",\"breadcrumb\":{\"@id\":\"https:\\\/\\\/trendsandvision.nl\\\/de\\\/product\\\/esschert-design-olla-zimmerpflanzen\\\/#breadcrumb\"},\"inLanguage\":\"de\",\"potentialAction\":[{\"@type\":\"ReadAction\",\"target\":[\"https:\\\/\\\/trendsandvision.nl\\\/de\\\/product\\\/esschert-design-olla-zimmerpflanzen\\\/\"]}]},{\"@type\":\"ImageObject\",\"inLanguage\":\"de\",\"@id\":\"https:\\\/\\\/trendsandvision.nl\\\/de\\\/product\\\/esschert-design-olla-zimmerpflanzen\\\/#primaryimage\",\"url\":\"https:\\\/\\\/trendsandvision.nl\\\/de\\\/wp-content\\\/uploads\\\/sites\\\/3\\\/2024\\\/12\\\/TG358_01.jpg\",\"contentUrl\":\"https:\\\/\\\/trendsandvision.nl\\\/de\\\/wp-content\\\/uploads\\\/sites\\\/3\\\/2024\\\/12\\\/TG358_01.jpg\",\"width\":800,\"height\":800,\"caption\":\"Trends and Vision Olla-Zimmerpflanzen (TG358 8714982269370)cm \u00f8 L 7,9 x T 7,9 x H 14,6, Volumen in Litern 0.27,Material Terracotta, Nettogewicht 0,267 kg\"},{\"@type\":\"BreadcrumbList\",\"@id\":\"https:\\\/\\\/trendsandvision.nl\\\/de\\\/product\\\/esschert-design-olla-zimmerpflanzen\\\/#breadcrumb\",\"itemListElement\":[{\"@type\":\"ListItem\",\"position\":1,\"name\":\"Home\",\"item\":\"https:\\\/\\\/trendsandvision.nl\\\/de\\\/\"},{\"@type\":\"ListItem\",\"position\":2,\"name\":\"Gesch\u00e4ft\",\"item\":\"https:\\\/\\\/trendsandvision.nl\\\/de\\\/geschaft\\\/\"},{\"@type\":\"ListItem\",\"position\":3,\"name\":\"Esschert Design Olla-Zimmerpflanzen\"}]},{\"@type\":\"WebSite\",\"@id\":\"https:\\\/\\\/trendsandvision.nl\\\/de\\\/#website\",\"url\":\"https:\\\/\\\/trendsandvision.nl\\\/de\\\/\",\"name\":\"Trends &amp; Vision (DE)\",\"description\":\"Der Webshop f\u00fcr Esschert Design Artikel\",\"publisher\":{\"@id\":\"https:\\\/\\\/trendsandvision.nl\\\/de\\\/#organization\"},\"potentialAction\":[{\"@type\":\"SearchAction\",\"target\":{\"@type\":\"EntryPoint\",\"urlTemplate\":\"https:\\\/\\\/trendsandvision.nl\\\/de\\\/?s={search_term_string}\"},\"query-input\":{\"@type\":\"PropertyValueSpecification\",\"valueRequired\":true,\"valueName\":\"search_term_string\"}}],\"inLanguage\":\"de\"},{\"@type\":\"Organization\",\"@id\":\"https:\\\/\\\/trendsandvision.nl\\\/de\\\/#organization\",\"name\":\"Trends &amp; Vision (DE)\",\"url\":\"https:\\\/\\\/trendsandvision.nl\\\/de\\\/\",\"logo\":{\"@type\":\"ImageObject\",\"inLanguage\":\"de\",\"@id\":\"https:\\\/\\\/trendsandvision.nl\\\/de\\\/#\\\/schema\\\/logo\\\/image\\\/\",\"url\":\"https:\\\/\\\/trendsandvision.nl\\\/de\\\/wp-content\\\/uploads\\\/sites\\\/3\\\/2022\\\/04\\\/trends-and-vision-logo.jpg\",\"contentUrl\":\"https:\\\/\\\/trendsandvision.nl\\\/de\\\/wp-content\\\/uploads\\\/sites\\\/3\\\/2022\\\/04\\\/trends-and-vision-logo.jpg\",\"width\":213,\"height\":100,\"caption\":\"Trends &amp; Vision (DE)\"},\"image\":{\"@id\":\"https:\\\/\\\/trendsandvision.nl\\\/de\\\/#\\\/schema\\\/logo\\\/image\\\/\"}}]}<\/script>\n<!-- \/ Yoast SEO Premium plugin. -->","yoast_head_json":{"title":"Esschert Design Olla-Zimmerpflanzen (TG358 8714982269370)","description":"Esschert DesignOlla-Zimmerpflanzen (TG358 8714982269370)cm \u00f8 L 7,9 x T 7,9 x H 14,6, Volumen in Litern 0.27,Material Terracotta, Nettogewicht 0,267 kg","robots":{"index":"index","follow":"follow","max-snippet":"max-snippet:-1","max-image-preview":"max-image-preview:large","max-video-preview":"max-video-preview:-1"},"canonical":"https:\/\/trendsandvision.nl\/de\/product\/esschert-design-olla-zimmerpflanzen\/","og_locale":"de_DE","og_type":"article","og_title":"Esschert Design Olla-Zimmerpflanzen","og_description":"Esschert DesignOlla-Zimmerpflanzen (TG358 8714982269370)cm \u00f8 L 7,9 x T 7,9 x H 14,6, Volumen in Litern 0.27,Material Terracotta, Nettogewicht 0,267 kg","og_url":"https:\/\/trendsandvision.nl\/de\/product\/esschert-design-olla-zimmerpflanzen\/","og_site_name":"Trends &amp; Vision (DE)","article_modified_time":"2026-04-22T13:21:39+00:00","og_image":[{"width":800,"height":800,"url":"https:\/\/trendsandvision.nl\/de\/wp-content\/uploads\/sites\/3\/2024\/12\/TG358_01.jpg","type":"image\/jpeg"}],"twitter_card":"summary_large_image","twitter_misc":{"Gesch\u00e4tzte Lesezeit":"1\u00a0Minute"},"schema":{"@context":"https:\/\/schema.org","@graph":[{"@type":"WebPage","@id":"https:\/\/trendsandvision.nl\/de\/product\/esschert-design-olla-zimmerpflanzen\/","url":"https:\/\/trendsandvision.nl\/de\/product\/esschert-design-olla-zimmerpflanzen\/","name":"Esschert Design Olla-Zimmerpflanzen (TG358 8714982269370)","isPartOf":{"@id":"https:\/\/trendsandvision.nl\/de\/#website"},"primaryImageOfPage":{"@id":"https:\/\/trendsandvision.nl\/de\/product\/esschert-design-olla-zimmerpflanzen\/#primaryimage"},"image":{"@id":"https:\/\/trendsandvision.nl\/de\/product\/esschert-design-olla-zimmerpflanzen\/#primaryimage"},"thumbnailUrl":"https:\/\/trendsandvision.nl\/de\/wp-content\/uploads\/sites\/3\/2024\/12\/TG358_01.jpg","datePublished":"2024-12-22T07:45:41+00:00","dateModified":"2026-04-22T13:21:39+00:00","description":"Esschert DesignOlla-Zimmerpflanzen (TG358 8714982269370)cm \u00f8 L 7,9 x T 7,9 x H 14,6, Volumen in Litern 0.27,Material Terracotta, Nettogewicht 0,267 kg","breadcrumb":{"@id":"https:\/\/trendsandvision.nl\/de\/product\/esschert-design-olla-zimmerpflanzen\/#breadcrumb"},"inLanguage":"de","potentialAction":[{"@type":"ReadAction","target":["https:\/\/trendsandvision.nl\/de\/product\/esschert-design-olla-zimmerpflanzen\/"]}]},{"@type":"ImageObject","inLanguage":"de","@id":"https:\/\/trendsandvision.nl\/de\/product\/esschert-design-olla-zimmerpflanzen\/#primaryimage","url":"https:\/\/trendsandvision.nl\/de\/wp-content\/uploads\/sites\/3\/2024\/12\/TG358_01.jpg","contentUrl":"https:\/\/trendsandvision.nl\/de\/wp-content\/uploads\/sites\/3\/2024\/12\/TG358_01.jpg","width":800,"height":800,"caption":"Trends and Vision Olla-Zimmerpflanzen (TG358 8714982269370)cm \u00f8 L 7,9 x T 7,9 x H 14,6, Volumen in Litern 0.27,Material Terracotta, Nettogewicht 0,267 kg"},{"@type":"BreadcrumbList","@id":"https:\/\/trendsandvision.nl\/de\/product\/esschert-design-olla-zimmerpflanzen\/#breadcrumb","itemListElement":[{"@type":"ListItem","position":1,"name":"Home","item":"https:\/\/trendsandvision.nl\/de\/"},{"@type":"ListItem","position":2,"name":"Gesch\u00e4ft","item":"https:\/\/trendsandvision.nl\/de\/geschaft\/"},{"@type":"ListItem","position":3,"name":"Esschert Design Olla-Zimmerpflanzen"}]},{"@type":"WebSite","@id":"https:\/\/trendsandvision.nl\/de\/#website","url":"https:\/\/trendsandvision.nl\/de\/","name":"Trends &amp; Vision (DE)","description":"Der Webshop f\u00fcr Esschert Design Artikel","publisher":{"@id":"https:\/\/trendsandvision.nl\/de\/#organization"},"potentialAction":[{"@type":"SearchAction","target":{"@type":"EntryPoint","urlTemplate":"https:\/\/trendsandvision.nl\/de\/?s={search_term_string}"},"query-input":{"@type":"PropertyValueSpecification","valueRequired":true,"valueName":"search_term_string"}}],"inLanguage":"de"},{"@type":"Organization","@id":"https:\/\/trendsandvision.nl\/de\/#organization","name":"Trends &amp; Vision (DE)","url":"https:\/\/trendsandvision.nl\/de\/","logo":{"@type":"ImageObject","inLanguage":"de","@id":"https:\/\/trendsandvision.nl\/de\/#\/schema\/logo\/image\/","url":"https:\/\/trendsandvision.nl\/de\/wp-content\/uploads\/sites\/3\/2022\/04\/trends-and-vision-logo.jpg","contentUrl":"https:\/\/trendsandvision.nl\/de\/wp-content\/uploads\/sites\/3\/2022\/04\/trends-and-vision-logo.jpg","width":213,"height":100,"caption":"Trends &amp; Vision (DE)"},"image":{"@id":"https:\/\/trendsandvision.nl\/de\/#\/schema\/logo\/image\/"}}]}},"_links":{"self":[{"href":"https:\/\/trendsandvision.nl\/de\/wp-json\/wp\/v2\/product\/18656","targetHints":{"allow":["GET"]}}],"collection":[{"href":"https:\/\/trendsandvision.nl\/de\/wp-json\/wp\/v2\/product"}],"about":[{"href":"https:\/\/trendsandvision.nl\/de\/wp-json\/wp\/v2\/types\/product"}],"wp:featuredmedia":[{"embeddable":true,"href":"https:\/\/trendsandvision.nl\/de\/wp-json\/wp\/v2\/media\/18657"}],"wp:attachment":[{"href":"https:\/\/trendsandvision.nl\/de\/wp-json\/wp\/v2\/media?parent=18656"}],"wp:term":[{"taxonomy":"product_brand","embeddable":true,"href":"https:\/\/trendsandvision.nl\/de\/wp-json\/wp\/v2\/product_brand?post=18656"},{"taxonomy":"product_cat","embeddable":true,"href":"https:\/\/trendsandvision.nl\/de\/wp-json\/wp\/v2\/product_cat?post=18656"},{"taxonomy":"product_tag","embeddable":true,"href":"https:\/\/trendsandvision.nl\/de\/wp-json\/wp\/v2\/product_tag?post=18656"}],"curies":[{"name":"wp","href":"https:\/\/api.w.org\/{rel}","templated":true}]}}