{"id":18641,"date":"2024-12-22T08:45:26","date_gmt":"2024-12-22T07:45:26","guid":{"rendered":"https:\/\/trendsandvision.nl\/de\/product\/esschert-design-pflanzenstuetzen-schwarze-locken\/"},"modified":"2026-04-07T10:45:54","modified_gmt":"2026-04-07T08:45:54","slug":"esschert-design-pflanzenstuetzen-schwarze-locken","status":"publish","type":"product","link":"https:\/\/trendsandvision.nl\/de\/product\/esschert-design-pflanzenstuetzen-schwarze-locken\/","title":{"rendered":"Esschert Design Pflanzenst\u00fctze schwarze Locken"},"content":{"rendered":"<p>Esschert Design Pflanzenst\u00fctze schwarze Locken.<br \/>\nDiese schwarze Pflanzenst\u00fctze mit Ornamentverzierungen bietet optimalen Halt f\u00fcr verschiedene Pflanzen, Str\u00e4ucher und Blumen. Dank der stabilen Konstruktion bleibt die Pflanze aufrecht und hat gen\u00fcgend Platz zum Wachsen.<br \/>\nDie neutrale schwarze Farbe passt in jeden Garten und zu jeder Bepflanzung.<br \/>\nIdeal f\u00fcr Kletterpflanzen, Blumen oder junge Str\u00e4ucher.<\/p>\n<p>Artikelname Pflanzenst\u00fctze schwarze Locken<br \/>\nWir verkaufen Pflanzenst\u00fctzen in verschiedenen Gr\u00f6\u00dfen und Formen.<br \/>\nArtikelnummer PY189<br \/>\nProduktgruppe(n) Garten &amp; Terrasse, Pflanzenst\u00fctzen, <strong><a href=\"https:\/\/trendsandvision.nl\/de\/?s=rankhi&amp;post_type=product&amp;dgwt_wcas=1\">Rankhilfe<\/a><\/strong><br \/>\nProduktabmessungen in cm L 57 x T 1,2 x H 170,3<br \/>\nMaterial Weichstahl<br \/>\nNettogewicht 1,84 kg<br \/>\nBarcode 8714982276514<br \/>\nProduzent <a href=\"https:\/\/www.esschertdesign.com\/shop\/de\/plantensteun-zwart-krullen-py189\" target=\"_blank\">Esschert Design<\/a><br \/>\nSehr geehrter Kunde, die Versandkosten f\u00fcr diesen Artikel sind vielleicht h\u00f6her als das Angebot im Shop angebt.<br \/>\nF\u00fcr die sichere Lieferung dieses Artikels sind die tats\u00e4chlichen Versandkosten vielleicht h\u00f6her<br \/>\nNach der Bestellung erhalten Sie ein E-Mail mit IDEAL \u201eLink\u201c wohin die m\u00f6gliche Mehrkosten sind berechnet.<\/p>\n","protected":false},"excerpt":{"rendered":"<p>Unterst\u00fctzt gesundes Pflanzenwachstum<br \/>\nStabil und robust<br \/>\nF\u00fcr verschiedene Pflanzen geeignet<br \/>\nL 57 x T 1,2 x H 170,3 cm<br \/>\nMaterial Weichstahl<br \/>\nNettogewicht 1,84 kg<br \/>\nBarcode 8714982276514<\/p>\n","protected":false},"featured_media":18642,"template":"","meta":[],"product_brand":[9597,9598],"product_cat":[503],"product_tag":[6740,6779,8690,11267],"class_list":{"0":"post-18641","1":"product","2":"type-product","3":"status-publish","4":"has-post-thumbnail","6":"product_brand-esschert-design","7":"product_brand-trends-and-vision","8":"product_cat-esscherts-garden","9":"product_tag-garten","10":"product_tag-pflanzenstuetzen","11":"product_tag-schnoerkel","12":"product_tag-schwarze-locken","13":"pa_anbieter-esschert-design","14":"pa_ean-code-7725","16":"first","17":"instock","18":"sale","19":"taxable","20":"shipping-taxable","21":"purchasable","22":"product-type-simple","23":"czr-hentry"},"yoast_head":"<!-- This site is optimized with the Yoast SEO Premium plugin v26.4 (Yoast SEO v27.3) - https:\/\/yoast.com\/product\/yoast-seo-premium-wordpress\/ -->\n<title>Esschert Design Pflanzenst\u00fctzen schwarze Locken (PY189 )<\/title>\n<meta name=\"description\" content=\"Esschert Design Pflanzenst\u00fctzen schwarze Locken(PY189 8714982276514) cm L 57 x T 1,2 x H 170,3, Material Weichstahl, Nettogewicht 1,84 kg\" \/>\n<meta name=\"robots\" content=\"index, follow, max-snippet:-1, max-image-preview:large, max-video-preview:-1\" \/>\n<link rel=\"canonical\" href=\"https:\/\/trendsandvision.nl\/de\/product\/esschert-design-pflanzenstuetzen-schwarze-locken\/\" \/>\n<meta property=\"og:locale\" content=\"de_DE\" \/>\n<meta property=\"og:type\" content=\"article\" \/>\n<meta property=\"og:title\" content=\"Esschert Design Pflanzenst\u00fctze schwarze Locken\" \/>\n<meta property=\"og:description\" content=\"Esschert Design Pflanzenst\u00fctzen schwarze Locken(PY189 8714982276514) cm L 57 x T 1,2 x H 170,3, Material Weichstahl, Nettogewicht 1,84 kg\" \/>\n<meta property=\"og:url\" content=\"https:\/\/trendsandvision.nl\/de\/product\/esschert-design-pflanzenstuetzen-schwarze-locken\/\" \/>\n<meta property=\"og:site_name\" content=\"Trends &amp; Vision (DE)\" \/>\n<meta property=\"article:modified_time\" content=\"2026-04-07T08:45:54+00:00\" \/>\n<meta property=\"og:image\" content=\"https:\/\/trendsandvision.nl\/de\/wp-content\/uploads\/sites\/3\/2024\/12\/PY189_01.jpg\" \/>\n\t<meta property=\"og:image:width\" content=\"800\" \/>\n\t<meta property=\"og:image:height\" content=\"800\" \/>\n\t<meta property=\"og:image:type\" content=\"image\/jpeg\" \/>\n<meta name=\"twitter:card\" content=\"summary_large_image\" \/>\n<meta name=\"twitter:label1\" content=\"Gesch\u00e4tzte Lesezeit\" \/>\n\t<meta name=\"twitter:data1\" content=\"1\u00a0Minute\" \/>\n<script type=\"application\/ld+json\" class=\"yoast-schema-graph\">{\"@context\":\"https:\\\/\\\/schema.org\",\"@graph\":[{\"@type\":\"WebPage\",\"@id\":\"https:\\\/\\\/trendsandvision.nl\\\/de\\\/product\\\/esschert-design-pflanzenstuetzen-schwarze-locken\\\/\",\"url\":\"https:\\\/\\\/trendsandvision.nl\\\/de\\\/product\\\/esschert-design-pflanzenstuetzen-schwarze-locken\\\/\",\"name\":\"Esschert Design Pflanzenst\u00fctzen schwarze Locken (PY189 )\",\"isPartOf\":{\"@id\":\"https:\\\/\\\/trendsandvision.nl\\\/de\\\/#website\"},\"primaryImageOfPage\":{\"@id\":\"https:\\\/\\\/trendsandvision.nl\\\/de\\\/product\\\/esschert-design-pflanzenstuetzen-schwarze-locken\\\/#primaryimage\"},\"image\":{\"@id\":\"https:\\\/\\\/trendsandvision.nl\\\/de\\\/product\\\/esschert-design-pflanzenstuetzen-schwarze-locken\\\/#primaryimage\"},\"thumbnailUrl\":\"https:\\\/\\\/trendsandvision.nl\\\/de\\\/wp-content\\\/uploads\\\/sites\\\/3\\\/2024\\\/12\\\/PY189_01.jpg\",\"datePublished\":\"2024-12-22T07:45:26+00:00\",\"dateModified\":\"2026-04-07T08:45:54+00:00\",\"description\":\"Esschert Design Pflanzenst\u00fctzen schwarze Locken(PY189 8714982276514) cm L 57 x T 1,2 x H 170,3, Material Weichstahl, Nettogewicht 1,84 kg\",\"breadcrumb\":{\"@id\":\"https:\\\/\\\/trendsandvision.nl\\\/de\\\/product\\\/esschert-design-pflanzenstuetzen-schwarze-locken\\\/#breadcrumb\"},\"inLanguage\":\"de\",\"potentialAction\":[{\"@type\":\"ReadAction\",\"target\":[\"https:\\\/\\\/trendsandvision.nl\\\/de\\\/product\\\/esschert-design-pflanzenstuetzen-schwarze-locken\\\/\"]}]},{\"@type\":\"ImageObject\",\"inLanguage\":\"de\",\"@id\":\"https:\\\/\\\/trendsandvision.nl\\\/de\\\/product\\\/esschert-design-pflanzenstuetzen-schwarze-locken\\\/#primaryimage\",\"url\":\"https:\\\/\\\/trendsandvision.nl\\\/de\\\/wp-content\\\/uploads\\\/sites\\\/3\\\/2024\\\/12\\\/PY189_01.jpg\",\"contentUrl\":\"https:\\\/\\\/trendsandvision.nl\\\/de\\\/wp-content\\\/uploads\\\/sites\\\/3\\\/2024\\\/12\\\/PY189_01.jpg\",\"width\":800,\"height\":800,\"caption\":\"Trends and Vision Pflanzenst\u00fctzen schwarze Locken(PY189 8714982276514) cm L 57 x T 1,2 x H 170,3, Material Weichstahl, Nettogewicht 1,84 kg\"},{\"@type\":\"BreadcrumbList\",\"@id\":\"https:\\\/\\\/trendsandvision.nl\\\/de\\\/product\\\/esschert-design-pflanzenstuetzen-schwarze-locken\\\/#breadcrumb\",\"itemListElement\":[{\"@type\":\"ListItem\",\"position\":1,\"name\":\"Home\",\"item\":\"https:\\\/\\\/trendsandvision.nl\\\/de\\\/\"},{\"@type\":\"ListItem\",\"position\":2,\"name\":\"Gesch\u00e4ft\",\"item\":\"https:\\\/\\\/trendsandvision.nl\\\/de\\\/geschaft\\\/\"},{\"@type\":\"ListItem\",\"position\":3,\"name\":\"Esschert Design Pflanzenst\u00fctze schwarze Locken\"}]},{\"@type\":\"WebSite\",\"@id\":\"https:\\\/\\\/trendsandvision.nl\\\/de\\\/#website\",\"url\":\"https:\\\/\\\/trendsandvision.nl\\\/de\\\/\",\"name\":\"Trends &amp; Vision (DE)\",\"description\":\"Der Webshop f\u00fcr Esschert Design Artikel\",\"publisher\":{\"@id\":\"https:\\\/\\\/trendsandvision.nl\\\/de\\\/#organization\"},\"potentialAction\":[{\"@type\":\"SearchAction\",\"target\":{\"@type\":\"EntryPoint\",\"urlTemplate\":\"https:\\\/\\\/trendsandvision.nl\\\/de\\\/?s={search_term_string}\"},\"query-input\":{\"@type\":\"PropertyValueSpecification\",\"valueRequired\":true,\"valueName\":\"search_term_string\"}}],\"inLanguage\":\"de\"},{\"@type\":\"Organization\",\"@id\":\"https:\\\/\\\/trendsandvision.nl\\\/de\\\/#organization\",\"name\":\"Trends &amp; Vision (DE)\",\"url\":\"https:\\\/\\\/trendsandvision.nl\\\/de\\\/\",\"logo\":{\"@type\":\"ImageObject\",\"inLanguage\":\"de\",\"@id\":\"https:\\\/\\\/trendsandvision.nl\\\/de\\\/#\\\/schema\\\/logo\\\/image\\\/\",\"url\":\"https:\\\/\\\/trendsandvision.nl\\\/de\\\/wp-content\\\/uploads\\\/sites\\\/3\\\/2022\\\/04\\\/trends-and-vision-logo.jpg\",\"contentUrl\":\"https:\\\/\\\/trendsandvision.nl\\\/de\\\/wp-content\\\/uploads\\\/sites\\\/3\\\/2022\\\/04\\\/trends-and-vision-logo.jpg\",\"width\":213,\"height\":100,\"caption\":\"Trends &amp; Vision (DE)\"},\"image\":{\"@id\":\"https:\\\/\\\/trendsandvision.nl\\\/de\\\/#\\\/schema\\\/logo\\\/image\\\/\"}}]}<\/script>\n<!-- \/ Yoast SEO Premium plugin. -->","yoast_head_json":{"title":"Esschert Design Pflanzenst\u00fctzen schwarze Locken (PY189 )","description":"Esschert Design Pflanzenst\u00fctzen schwarze Locken(PY189 8714982276514) cm L 57 x T 1,2 x H 170,3, Material Weichstahl, Nettogewicht 1,84 kg","robots":{"index":"index","follow":"follow","max-snippet":"max-snippet:-1","max-image-preview":"max-image-preview:large","max-video-preview":"max-video-preview:-1"},"canonical":"https:\/\/trendsandvision.nl\/de\/product\/esschert-design-pflanzenstuetzen-schwarze-locken\/","og_locale":"de_DE","og_type":"article","og_title":"Esschert Design Pflanzenst\u00fctze schwarze Locken","og_description":"Esschert Design Pflanzenst\u00fctzen schwarze Locken(PY189 8714982276514) cm L 57 x T 1,2 x H 170,3, Material Weichstahl, Nettogewicht 1,84 kg","og_url":"https:\/\/trendsandvision.nl\/de\/product\/esschert-design-pflanzenstuetzen-schwarze-locken\/","og_site_name":"Trends &amp; Vision (DE)","article_modified_time":"2026-04-07T08:45:54+00:00","og_image":[{"width":800,"height":800,"url":"https:\/\/trendsandvision.nl\/de\/wp-content\/uploads\/sites\/3\/2024\/12\/PY189_01.jpg","type":"image\/jpeg"}],"twitter_card":"summary_large_image","twitter_misc":{"Gesch\u00e4tzte Lesezeit":"1\u00a0Minute"},"schema":{"@context":"https:\/\/schema.org","@graph":[{"@type":"WebPage","@id":"https:\/\/trendsandvision.nl\/de\/product\/esschert-design-pflanzenstuetzen-schwarze-locken\/","url":"https:\/\/trendsandvision.nl\/de\/product\/esschert-design-pflanzenstuetzen-schwarze-locken\/","name":"Esschert Design Pflanzenst\u00fctzen schwarze Locken (PY189 )","isPartOf":{"@id":"https:\/\/trendsandvision.nl\/de\/#website"},"primaryImageOfPage":{"@id":"https:\/\/trendsandvision.nl\/de\/product\/esschert-design-pflanzenstuetzen-schwarze-locken\/#primaryimage"},"image":{"@id":"https:\/\/trendsandvision.nl\/de\/product\/esschert-design-pflanzenstuetzen-schwarze-locken\/#primaryimage"},"thumbnailUrl":"https:\/\/trendsandvision.nl\/de\/wp-content\/uploads\/sites\/3\/2024\/12\/PY189_01.jpg","datePublished":"2024-12-22T07:45:26+00:00","dateModified":"2026-04-07T08:45:54+00:00","description":"Esschert Design Pflanzenst\u00fctzen schwarze Locken(PY189 8714982276514) cm L 57 x T 1,2 x H 170,3, Material Weichstahl, Nettogewicht 1,84 kg","breadcrumb":{"@id":"https:\/\/trendsandvision.nl\/de\/product\/esschert-design-pflanzenstuetzen-schwarze-locken\/#breadcrumb"},"inLanguage":"de","potentialAction":[{"@type":"ReadAction","target":["https:\/\/trendsandvision.nl\/de\/product\/esschert-design-pflanzenstuetzen-schwarze-locken\/"]}]},{"@type":"ImageObject","inLanguage":"de","@id":"https:\/\/trendsandvision.nl\/de\/product\/esschert-design-pflanzenstuetzen-schwarze-locken\/#primaryimage","url":"https:\/\/trendsandvision.nl\/de\/wp-content\/uploads\/sites\/3\/2024\/12\/PY189_01.jpg","contentUrl":"https:\/\/trendsandvision.nl\/de\/wp-content\/uploads\/sites\/3\/2024\/12\/PY189_01.jpg","width":800,"height":800,"caption":"Trends and Vision Pflanzenst\u00fctzen schwarze Locken(PY189 8714982276514) cm L 57 x T 1,2 x H 170,3, Material Weichstahl, Nettogewicht 1,84 kg"},{"@type":"BreadcrumbList","@id":"https:\/\/trendsandvision.nl\/de\/product\/esschert-design-pflanzenstuetzen-schwarze-locken\/#breadcrumb","itemListElement":[{"@type":"ListItem","position":1,"name":"Home","item":"https:\/\/trendsandvision.nl\/de\/"},{"@type":"ListItem","position":2,"name":"Gesch\u00e4ft","item":"https:\/\/trendsandvision.nl\/de\/geschaft\/"},{"@type":"ListItem","position":3,"name":"Esschert Design Pflanzenst\u00fctze schwarze Locken"}]},{"@type":"WebSite","@id":"https:\/\/trendsandvision.nl\/de\/#website","url":"https:\/\/trendsandvision.nl\/de\/","name":"Trends &amp; Vision (DE)","description":"Der Webshop f\u00fcr Esschert Design Artikel","publisher":{"@id":"https:\/\/trendsandvision.nl\/de\/#organization"},"potentialAction":[{"@type":"SearchAction","target":{"@type":"EntryPoint","urlTemplate":"https:\/\/trendsandvision.nl\/de\/?s={search_term_string}"},"query-input":{"@type":"PropertyValueSpecification","valueRequired":true,"valueName":"search_term_string"}}],"inLanguage":"de"},{"@type":"Organization","@id":"https:\/\/trendsandvision.nl\/de\/#organization","name":"Trends &amp; Vision (DE)","url":"https:\/\/trendsandvision.nl\/de\/","logo":{"@type":"ImageObject","inLanguage":"de","@id":"https:\/\/trendsandvision.nl\/de\/#\/schema\/logo\/image\/","url":"https:\/\/trendsandvision.nl\/de\/wp-content\/uploads\/sites\/3\/2022\/04\/trends-and-vision-logo.jpg","contentUrl":"https:\/\/trendsandvision.nl\/de\/wp-content\/uploads\/sites\/3\/2022\/04\/trends-and-vision-logo.jpg","width":213,"height":100,"caption":"Trends &amp; Vision (DE)"},"image":{"@id":"https:\/\/trendsandvision.nl\/de\/#\/schema\/logo\/image\/"}}]}},"_links":{"self":[{"href":"https:\/\/trendsandvision.nl\/de\/wp-json\/wp\/v2\/product\/18641","targetHints":{"allow":["GET"]}}],"collection":[{"href":"https:\/\/trendsandvision.nl\/de\/wp-json\/wp\/v2\/product"}],"about":[{"href":"https:\/\/trendsandvision.nl\/de\/wp-json\/wp\/v2\/types\/product"}],"wp:featuredmedia":[{"embeddable":true,"href":"https:\/\/trendsandvision.nl\/de\/wp-json\/wp\/v2\/media\/18642"}],"wp:attachment":[{"href":"https:\/\/trendsandvision.nl\/de\/wp-json\/wp\/v2\/media?parent=18641"}],"wp:term":[{"taxonomy":"product_brand","embeddable":true,"href":"https:\/\/trendsandvision.nl\/de\/wp-json\/wp\/v2\/product_brand?post=18641"},{"taxonomy":"product_cat","embeddable":true,"href":"https:\/\/trendsandvision.nl\/de\/wp-json\/wp\/v2\/product_cat?post=18641"},{"taxonomy":"product_tag","embeddable":true,"href":"https:\/\/trendsandvision.nl\/de\/wp-json\/wp\/v2\/product_tag?post=18641"}],"curies":[{"name":"wp","href":"https:\/\/api.w.org\/{rel}","templated":true}]}}