{"id":18635,"date":"2024-12-22T08:45:22","date_gmt":"2024-12-22T07:45:22","guid":{"rendered":"https:\/\/trendsandvision.nl\/de\/product\/esschert-design-rankgitter-5-teile-blumen-s\/"},"modified":"2026-04-07T10:45:51","modified_gmt":"2026-04-07T08:45:51","slug":"esschert-design-rankgitter-5-teile-blumen-s","status":"publish","type":"product","link":"https:\/\/trendsandvision.nl\/de\/product\/esschert-design-rankgitter-5-teile-blumen-s\/","title":{"rendered":"Esschert Design Rankgitter 5 Teile Blumen S"},"content":{"rendered":"<p>Esschert Design Rankgitter 5 Teile Blumen S.<br \/>\nDieses dekorative 5-teilige Rankgitter st\u00fctzt Kletterpflanzen und versch\u00f6nert gleichzeitig den Garten durch seine Blumenmotive. Hergestellt aus langlebigen Materialien f\u00fcr eine lange Lebensdauer und gleichbleibende Qualit\u00e4t. Das Rankgitter eignet sich perfekt f\u00fcr kleine und mittelgro\u00dfe Kletterpflanzen wie Rosen, Clematis, Weinreben und Efeu. Das verspielte Blumenmotiv sorgt f\u00fcr einen dekorativen Akzent.<\/p>\n<p>Artikelname Spalier 5 teilig Blumen S<br \/>\nArtikelnummer PY186<br \/>\nProduktgruppe(n) Garten &amp; Terrasse, Pflanzenst\u00fctzen, <strong><a href=\"https:\/\/trendsandvision.nl\/de\/?s=rankhi&amp;post_type=product&amp;dgwt_wcas=1\">Rankhilfe<\/a><\/strong><br \/>\nProduktabmessungen in cm L 87 x T 1,5 x H 117,2<br \/>\nMaterial Weichstahl<br \/>\nNettogewicht 8,494 kg<br \/>\nBarcode 8714982276286<br \/>\nProduzent <a href=\"https:\/\/www.esschertdesign.com\/shop\/de\/trellis-5-delig-bloemen-s-py186\" target=\"_blank\">Esschert Design<\/a><br \/>\nF\u00fcnfteiliger Gartenzaun aus Cortenstahl mit wundersch\u00f6nem Blumenmotiv, in verschiedenen H\u00f6hen erh\u00e4ltlich.<\/p>\n","protected":false},"excerpt":{"rendered":"<p>L 87 x T 1,5 x H 117,2 cm<br \/>\nMaterial Weichstahl<br \/>\nNettogewicht 8,494 kg<br \/>\nBarcode 8714982276286<br \/>\nzerlegt verpackt<br \/>\nblockiert neugierige Blicke<br \/>\nkann auch als Rankgitter\/Sichtschutz verwendet werden<br \/>\nwird einfach in den Boden gesteckt<br \/>\nunterst\u00fctzt Kletterplfanzen<br \/>\nF\u00fcnfteiliger Gartenzaun aus Cortenstahl<br \/>\nmit wundersch\u00f6nem Blumenmotiv<br \/>\nin verschiedenen H\u00f6hen erh\u00e4ltlich.<br \/>\nlanglebige Materialien<br \/>\ndekoratives Design<\/p>\n","protected":false},"featured_media":18636,"template":"","meta":[],"product_brand":[9597,9598],"product_cat":[503],"product_tag":[6783,6740,6779,7781,7780],"class_list":{"0":"post-18635","1":"product","2":"type-product","3":"status-publish","4":"has-post-thumbnail","6":"product_brand-esschert-design","7":"product_brand-trends-and-vision","8":"product_cat-esscherts-garden","9":"product_tag-cortenstahl","10":"product_tag-garten","11":"product_tag-pflanzenstuetzen","12":"product_tag-rankgitter","13":"product_tag-trellis","14":"pa_anbieter-esschert-design","15":"pa_ean-code-7723","17":"first","18":"instock","19":"sale","20":"taxable","21":"shipping-taxable","22":"purchasable","23":"product-type-simple","24":"czr-hentry"},"yoast_head":"<!-- This site is optimized with the Yoast SEO Premium plugin v26.4 (Yoast SEO v27.3) - https:\/\/yoast.com\/product\/yoast-seo-premium-wordpress\/ -->\n<title>Esschert Design Rankgitter 5 Teile Blumen S (PY186 )<\/title>\n<meta name=\"description\" content=\"Esschert Design Rankgitter 5 Teile Blumen S (PY186 8714982276286)cm L 87 x T 1,5 x H 117,2,Weichstahl, Nettogewicht 8,494 kg, Barcode 8714982276286\" \/>\n<meta name=\"robots\" content=\"index, follow, max-snippet:-1, max-image-preview:large, max-video-preview:-1\" \/>\n<link rel=\"canonical\" href=\"https:\/\/trendsandvision.nl\/de\/product\/esschert-design-rankgitter-5-teile-blumen-s\/\" \/>\n<meta property=\"og:locale\" content=\"de_DE\" \/>\n<meta property=\"og:type\" content=\"article\" \/>\n<meta property=\"og:title\" content=\"Esschert Design Rankgitter 5 Teile Blumen S\" \/>\n<meta property=\"og:description\" content=\"Esschert Design Rankgitter 5 Teile Blumen S (PY186 8714982276286)cm L 87 x T 1,5 x H 117,2,Weichstahl, Nettogewicht 8,494 kg, Barcode 8714982276286\" \/>\n<meta property=\"og:url\" content=\"https:\/\/trendsandvision.nl\/de\/product\/esschert-design-rankgitter-5-teile-blumen-s\/\" \/>\n<meta property=\"og:site_name\" content=\"Trends &amp; Vision (DE)\" \/>\n<meta property=\"article:modified_time\" content=\"2026-04-07T08:45:51+00:00\" \/>\n<meta property=\"og:image\" content=\"https:\/\/trendsandvision.nl\/de\/wp-content\/uploads\/sites\/3\/2024\/12\/PY186_01.jpg\" \/>\n\t<meta property=\"og:image:width\" content=\"800\" \/>\n\t<meta property=\"og:image:height\" content=\"800\" \/>\n\t<meta property=\"og:image:type\" content=\"image\/jpeg\" \/>\n<meta name=\"twitter:card\" content=\"summary_large_image\" \/>\n<meta name=\"twitter:label1\" content=\"Gesch\u00e4tzte Lesezeit\" \/>\n\t<meta name=\"twitter:data1\" content=\"1\u00a0Minute\" \/>\n<script type=\"application\/ld+json\" class=\"yoast-schema-graph\">{\"@context\":\"https:\\\/\\\/schema.org\",\"@graph\":[{\"@type\":\"WebPage\",\"@id\":\"https:\\\/\\\/trendsandvision.nl\\\/de\\\/product\\\/esschert-design-rankgitter-5-teile-blumen-s\\\/\",\"url\":\"https:\\\/\\\/trendsandvision.nl\\\/de\\\/product\\\/esschert-design-rankgitter-5-teile-blumen-s\\\/\",\"name\":\"Esschert Design Rankgitter 5 Teile Blumen S (PY186 )\",\"isPartOf\":{\"@id\":\"https:\\\/\\\/trendsandvision.nl\\\/de\\\/#website\"},\"primaryImageOfPage\":{\"@id\":\"https:\\\/\\\/trendsandvision.nl\\\/de\\\/product\\\/esschert-design-rankgitter-5-teile-blumen-s\\\/#primaryimage\"},\"image\":{\"@id\":\"https:\\\/\\\/trendsandvision.nl\\\/de\\\/product\\\/esschert-design-rankgitter-5-teile-blumen-s\\\/#primaryimage\"},\"thumbnailUrl\":\"https:\\\/\\\/trendsandvision.nl\\\/de\\\/wp-content\\\/uploads\\\/sites\\\/3\\\/2024\\\/12\\\/PY186_01.jpg\",\"datePublished\":\"2024-12-22T07:45:22+00:00\",\"dateModified\":\"2026-04-07T08:45:51+00:00\",\"description\":\"Esschert Design Rankgitter 5 Teile Blumen S (PY186 8714982276286)cm L 87 x T 1,5 x H 117,2,Weichstahl, Nettogewicht 8,494 kg, Barcode 8714982276286\",\"breadcrumb\":{\"@id\":\"https:\\\/\\\/trendsandvision.nl\\\/de\\\/product\\\/esschert-design-rankgitter-5-teile-blumen-s\\\/#breadcrumb\"},\"inLanguage\":\"de\",\"potentialAction\":[{\"@type\":\"ReadAction\",\"target\":[\"https:\\\/\\\/trendsandvision.nl\\\/de\\\/product\\\/esschert-design-rankgitter-5-teile-blumen-s\\\/\"]}]},{\"@type\":\"ImageObject\",\"inLanguage\":\"de\",\"@id\":\"https:\\\/\\\/trendsandvision.nl\\\/de\\\/product\\\/esschert-design-rankgitter-5-teile-blumen-s\\\/#primaryimage\",\"url\":\"https:\\\/\\\/trendsandvision.nl\\\/de\\\/wp-content\\\/uploads\\\/sites\\\/3\\\/2024\\\/12\\\/PY186_01.jpg\",\"contentUrl\":\"https:\\\/\\\/trendsandvision.nl\\\/de\\\/wp-content\\\/uploads\\\/sites\\\/3\\\/2024\\\/12\\\/PY186_01.jpg\",\"width\":800,\"height\":800,\"caption\":\"Trends and Vision Rankgitter 5 Teile Blumen S (PY186 8714982276286)cm L 87 x T 1,5 x H 117,2,Weichstahl, Nettogewicht 8,494 kg, Barcode 8714982276286\"},{\"@type\":\"BreadcrumbList\",\"@id\":\"https:\\\/\\\/trendsandvision.nl\\\/de\\\/product\\\/esschert-design-rankgitter-5-teile-blumen-s\\\/#breadcrumb\",\"itemListElement\":[{\"@type\":\"ListItem\",\"position\":1,\"name\":\"Home\",\"item\":\"https:\\\/\\\/trendsandvision.nl\\\/de\\\/\"},{\"@type\":\"ListItem\",\"position\":2,\"name\":\"Gesch\u00e4ft\",\"item\":\"https:\\\/\\\/trendsandvision.nl\\\/de\\\/geschaft\\\/\"},{\"@type\":\"ListItem\",\"position\":3,\"name\":\"Esschert Design Rankgitter 5 Teile Blumen S\"}]},{\"@type\":\"WebSite\",\"@id\":\"https:\\\/\\\/trendsandvision.nl\\\/de\\\/#website\",\"url\":\"https:\\\/\\\/trendsandvision.nl\\\/de\\\/\",\"name\":\"Trends &amp; Vision (DE)\",\"description\":\"Der Webshop f\u00fcr Esschert Design Artikel\",\"publisher\":{\"@id\":\"https:\\\/\\\/trendsandvision.nl\\\/de\\\/#organization\"},\"potentialAction\":[{\"@type\":\"SearchAction\",\"target\":{\"@type\":\"EntryPoint\",\"urlTemplate\":\"https:\\\/\\\/trendsandvision.nl\\\/de\\\/?s={search_term_string}\"},\"query-input\":{\"@type\":\"PropertyValueSpecification\",\"valueRequired\":true,\"valueName\":\"search_term_string\"}}],\"inLanguage\":\"de\"},{\"@type\":\"Organization\",\"@id\":\"https:\\\/\\\/trendsandvision.nl\\\/de\\\/#organization\",\"name\":\"Trends &amp; Vision (DE)\",\"url\":\"https:\\\/\\\/trendsandvision.nl\\\/de\\\/\",\"logo\":{\"@type\":\"ImageObject\",\"inLanguage\":\"de\",\"@id\":\"https:\\\/\\\/trendsandvision.nl\\\/de\\\/#\\\/schema\\\/logo\\\/image\\\/\",\"url\":\"https:\\\/\\\/trendsandvision.nl\\\/de\\\/wp-content\\\/uploads\\\/sites\\\/3\\\/2022\\\/04\\\/trends-and-vision-logo.jpg\",\"contentUrl\":\"https:\\\/\\\/trendsandvision.nl\\\/de\\\/wp-content\\\/uploads\\\/sites\\\/3\\\/2022\\\/04\\\/trends-and-vision-logo.jpg\",\"width\":213,\"height\":100,\"caption\":\"Trends &amp; Vision (DE)\"},\"image\":{\"@id\":\"https:\\\/\\\/trendsandvision.nl\\\/de\\\/#\\\/schema\\\/logo\\\/image\\\/\"}}]}<\/script>\n<!-- \/ Yoast SEO Premium plugin. -->","yoast_head_json":{"title":"Esschert Design Rankgitter 5 Teile Blumen S (PY186 )","description":"Esschert Design Rankgitter 5 Teile Blumen S (PY186 8714982276286)cm L 87 x T 1,5 x H 117,2,Weichstahl, Nettogewicht 8,494 kg, Barcode 8714982276286","robots":{"index":"index","follow":"follow","max-snippet":"max-snippet:-1","max-image-preview":"max-image-preview:large","max-video-preview":"max-video-preview:-1"},"canonical":"https:\/\/trendsandvision.nl\/de\/product\/esschert-design-rankgitter-5-teile-blumen-s\/","og_locale":"de_DE","og_type":"article","og_title":"Esschert Design Rankgitter 5 Teile Blumen S","og_description":"Esschert Design Rankgitter 5 Teile Blumen S (PY186 8714982276286)cm L 87 x T 1,5 x H 117,2,Weichstahl, Nettogewicht 8,494 kg, Barcode 8714982276286","og_url":"https:\/\/trendsandvision.nl\/de\/product\/esschert-design-rankgitter-5-teile-blumen-s\/","og_site_name":"Trends &amp; Vision (DE)","article_modified_time":"2026-04-07T08:45:51+00:00","og_image":[{"width":800,"height":800,"url":"https:\/\/trendsandvision.nl\/de\/wp-content\/uploads\/sites\/3\/2024\/12\/PY186_01.jpg","type":"image\/jpeg"}],"twitter_card":"summary_large_image","twitter_misc":{"Gesch\u00e4tzte Lesezeit":"1\u00a0Minute"},"schema":{"@context":"https:\/\/schema.org","@graph":[{"@type":"WebPage","@id":"https:\/\/trendsandvision.nl\/de\/product\/esschert-design-rankgitter-5-teile-blumen-s\/","url":"https:\/\/trendsandvision.nl\/de\/product\/esschert-design-rankgitter-5-teile-blumen-s\/","name":"Esschert Design Rankgitter 5 Teile Blumen S (PY186 )","isPartOf":{"@id":"https:\/\/trendsandvision.nl\/de\/#website"},"primaryImageOfPage":{"@id":"https:\/\/trendsandvision.nl\/de\/product\/esschert-design-rankgitter-5-teile-blumen-s\/#primaryimage"},"image":{"@id":"https:\/\/trendsandvision.nl\/de\/product\/esschert-design-rankgitter-5-teile-blumen-s\/#primaryimage"},"thumbnailUrl":"https:\/\/trendsandvision.nl\/de\/wp-content\/uploads\/sites\/3\/2024\/12\/PY186_01.jpg","datePublished":"2024-12-22T07:45:22+00:00","dateModified":"2026-04-07T08:45:51+00:00","description":"Esschert Design Rankgitter 5 Teile Blumen S (PY186 8714982276286)cm L 87 x T 1,5 x H 117,2,Weichstahl, Nettogewicht 8,494 kg, Barcode 8714982276286","breadcrumb":{"@id":"https:\/\/trendsandvision.nl\/de\/product\/esschert-design-rankgitter-5-teile-blumen-s\/#breadcrumb"},"inLanguage":"de","potentialAction":[{"@type":"ReadAction","target":["https:\/\/trendsandvision.nl\/de\/product\/esschert-design-rankgitter-5-teile-blumen-s\/"]}]},{"@type":"ImageObject","inLanguage":"de","@id":"https:\/\/trendsandvision.nl\/de\/product\/esschert-design-rankgitter-5-teile-blumen-s\/#primaryimage","url":"https:\/\/trendsandvision.nl\/de\/wp-content\/uploads\/sites\/3\/2024\/12\/PY186_01.jpg","contentUrl":"https:\/\/trendsandvision.nl\/de\/wp-content\/uploads\/sites\/3\/2024\/12\/PY186_01.jpg","width":800,"height":800,"caption":"Trends and Vision Rankgitter 5 Teile Blumen S (PY186 8714982276286)cm L 87 x T 1,5 x H 117,2,Weichstahl, Nettogewicht 8,494 kg, Barcode 8714982276286"},{"@type":"BreadcrumbList","@id":"https:\/\/trendsandvision.nl\/de\/product\/esschert-design-rankgitter-5-teile-blumen-s\/#breadcrumb","itemListElement":[{"@type":"ListItem","position":1,"name":"Home","item":"https:\/\/trendsandvision.nl\/de\/"},{"@type":"ListItem","position":2,"name":"Gesch\u00e4ft","item":"https:\/\/trendsandvision.nl\/de\/geschaft\/"},{"@type":"ListItem","position":3,"name":"Esschert Design Rankgitter 5 Teile Blumen S"}]},{"@type":"WebSite","@id":"https:\/\/trendsandvision.nl\/de\/#website","url":"https:\/\/trendsandvision.nl\/de\/","name":"Trends &amp; Vision (DE)","description":"Der Webshop f\u00fcr Esschert Design Artikel","publisher":{"@id":"https:\/\/trendsandvision.nl\/de\/#organization"},"potentialAction":[{"@type":"SearchAction","target":{"@type":"EntryPoint","urlTemplate":"https:\/\/trendsandvision.nl\/de\/?s={search_term_string}"},"query-input":{"@type":"PropertyValueSpecification","valueRequired":true,"valueName":"search_term_string"}}],"inLanguage":"de"},{"@type":"Organization","@id":"https:\/\/trendsandvision.nl\/de\/#organization","name":"Trends &amp; Vision (DE)","url":"https:\/\/trendsandvision.nl\/de\/","logo":{"@type":"ImageObject","inLanguage":"de","@id":"https:\/\/trendsandvision.nl\/de\/#\/schema\/logo\/image\/","url":"https:\/\/trendsandvision.nl\/de\/wp-content\/uploads\/sites\/3\/2022\/04\/trends-and-vision-logo.jpg","contentUrl":"https:\/\/trendsandvision.nl\/de\/wp-content\/uploads\/sites\/3\/2022\/04\/trends-and-vision-logo.jpg","width":213,"height":100,"caption":"Trends &amp; Vision (DE)"},"image":{"@id":"https:\/\/trendsandvision.nl\/de\/#\/schema\/logo\/image\/"}}]}},"_links":{"self":[{"href":"https:\/\/trendsandvision.nl\/de\/wp-json\/wp\/v2\/product\/18635","targetHints":{"allow":["GET"]}}],"collection":[{"href":"https:\/\/trendsandvision.nl\/de\/wp-json\/wp\/v2\/product"}],"about":[{"href":"https:\/\/trendsandvision.nl\/de\/wp-json\/wp\/v2\/types\/product"}],"wp:featuredmedia":[{"embeddable":true,"href":"https:\/\/trendsandvision.nl\/de\/wp-json\/wp\/v2\/media\/18636"}],"wp:attachment":[{"href":"https:\/\/trendsandvision.nl\/de\/wp-json\/wp\/v2\/media?parent=18635"}],"wp:term":[{"taxonomy":"product_brand","embeddable":true,"href":"https:\/\/trendsandvision.nl\/de\/wp-json\/wp\/v2\/product_brand?post=18635"},{"taxonomy":"product_cat","embeddable":true,"href":"https:\/\/trendsandvision.nl\/de\/wp-json\/wp\/v2\/product_cat?post=18635"},{"taxonomy":"product_tag","embeddable":true,"href":"https:\/\/trendsandvision.nl\/de\/wp-json\/wp\/v2\/product_tag?post=18635"}],"curies":[{"name":"wp","href":"https:\/\/api.w.org\/{rel}","templated":true}]}}