{"id":18633,"date":"2024-12-22T08:45:19","date_gmt":"2024-12-22T07:45:19","guid":{"rendered":"https:\/\/trendsandvision.nl\/de\/product\/esschert-design-rankgitter-5-teile-voegel-s\/"},"modified":"2026-04-07T10:45:51","modified_gmt":"2026-04-07T08:45:51","slug":"esschert-design-rankgitter-5-teile-voegel-s","status":"publish","type":"product","link":"https:\/\/trendsandvision.nl\/de\/product\/esschert-design-rankgitter-5-teile-voegel-s\/","title":{"rendered":"Esschert Design Rankgitter 5 Teile V\u00f6gel S"},"content":{"rendered":"<p>Esschert Design Rankgitter 5 Teile V\u00f6gel S.<br \/>\nDieses dekorative 5-teilige Rankgitter st\u00fctzt Kletterpflanzen und versch\u00f6nert gleichzeitig den Garten durch seine Vogelmotive. Hergestellt aus langlebigen Materialien f\u00fcr eine lange Lebensdauer und gleichbleibende Qualit\u00e4t.<br \/>\nDas Rankgitter eignet sich perfekt f\u00fcr kleine und mittelgro\u00dfe Kletterpflanzen wie Rosen, Clematis, Weinreben und Efeu. Das verspielte Vogelmotiv sorgt f\u00fcr einen dekorativen Akzent.<\/p>\n<p>Artikelname Spalier 5 teilig V\u00f6gel S<br \/>\nArtikelnummer PY185<br \/>\nProduktgruppe(n) Garten &amp; Terrasse, <strong><a href=\"https:\/\/trendsandvision.nl\/de\/?s=pflanzenst&amp;post_type=product&amp;dgwt_wcas=1\">Pflanzenst\u00fctzen<\/a><\/strong>, <strong><a href=\"https:\/\/trendsandvision.nl\/de\/?s=rankhi&amp;post_type=product&amp;dgwt_wcas=1\">Rankhilfe<\/a><\/strong>, Rankgitter<br \/>\nProduktabmessungen in cm L 87 x T 1,5 x H 117,2<br \/>\nMaterial Weichstahl<br \/>\nNettogewicht 6,998 kg<br \/>\nBarcode 8714982276279<br \/>\nProduzent <a href=\"https:\/\/www.esschertdesign.com\/shop\/de\/trellis-5-delig-vogels-s-py185\" target=\"_blank\">Esschert Design<\/a><br \/>\nF\u00fcnfteiliger zerlegt verpackte Gartenzaun aus Cortenstahl mit wundersch\u00f6nem Blumenmotiv, in verschiedenen H\u00f6hen erh\u00e4ltlich.<\/p>\n","protected":false},"excerpt":{"rendered":"<p>L 87 x T 1,5 x H 117,2 cm<br \/>\nMaterial Weichstahl<br \/>\nNettogewicht 6,998 kg<br \/>\nBarcode 8714982276279<br \/>\nUnterst\u00fctzt Kletterplfanzen<br \/>\nLanglebige Materialien<br \/>\nDekoratives Design<br \/>\nblockiert neugierige Blicke<br \/>\nkann auch als Rankgitter\/Sichtschutz verwendet werden<br \/>\nwird einfach in den Boden gesteckt<br \/>\nzerlegt verpackt<\/p>\n","protected":false},"featured_media":18634,"template":"","meta":[],"product_brand":[9597,9598],"product_cat":[503],"product_tag":[6783,6740,6779,7781,7780,6714],"class_list":{"0":"post-18633","1":"product","2":"type-product","3":"status-publish","4":"has-post-thumbnail","6":"product_brand-esschert-design","7":"product_brand-trends-and-vision","8":"product_cat-esscherts-garden","9":"product_tag-cortenstahl","10":"product_tag-garten","11":"product_tag-pflanzenstuetzen","12":"product_tag-rankgitter","13":"product_tag-trellis","14":"product_tag-voegel","15":"pa_anbieter-esschert-design","16":"pa_ean-code-7722","18":"first","19":"instock","20":"sale","21":"taxable","22":"shipping-taxable","23":"purchasable","24":"product-type-simple","25":"czr-hentry"},"yoast_head":"<!-- This site is optimized with the Yoast SEO Premium plugin v26.4 (Yoast SEO v27.3) - https:\/\/yoast.com\/product\/yoast-seo-premium-wordpress\/ -->\n<title>Esschert Design Rankgitter 5 Teile V\u00f6gel S (PY185 )<\/title>\n<meta name=\"description\" content=\"Esschert Design Rankgitter 5 Teile V\u00f6gel S (PY185 8714982276279)cm L 87 x T 1,5 x H 117,2, Material Weichstahl, Nettogewicht 6,998 kg\" \/>\n<meta name=\"robots\" content=\"index, follow, max-snippet:-1, max-image-preview:large, max-video-preview:-1\" \/>\n<link rel=\"canonical\" href=\"https:\/\/trendsandvision.nl\/de\/product\/esschert-design-rankgitter-5-teile-voegel-s\/\" \/>\n<meta property=\"og:locale\" content=\"de_DE\" \/>\n<meta property=\"og:type\" content=\"article\" \/>\n<meta property=\"og:title\" content=\"Esschert Design Rankgitter 5 Teile V\u00f6gel S\" \/>\n<meta property=\"og:description\" content=\"Esschert Design Rankgitter 5 Teile V\u00f6gel S (PY185 8714982276279)cm L 87 x T 1,5 x H 117,2, Material Weichstahl, Nettogewicht 6,998 kg\" \/>\n<meta property=\"og:url\" content=\"https:\/\/trendsandvision.nl\/de\/product\/esschert-design-rankgitter-5-teile-voegel-s\/\" \/>\n<meta property=\"og:site_name\" content=\"Trends &amp; Vision (DE)\" \/>\n<meta property=\"article:modified_time\" content=\"2026-04-07T08:45:51+00:00\" \/>\n<meta property=\"og:image\" content=\"https:\/\/trendsandvision.nl\/de\/wp-content\/uploads\/sites\/3\/2024\/12\/PY185_01.jpg\" \/>\n\t<meta property=\"og:image:width\" content=\"800\" \/>\n\t<meta property=\"og:image:height\" content=\"800\" \/>\n\t<meta property=\"og:image:type\" content=\"image\/jpeg\" \/>\n<meta name=\"twitter:card\" content=\"summary_large_image\" \/>\n<meta name=\"twitter:label1\" content=\"Gesch\u00e4tzte Lesezeit\" \/>\n\t<meta name=\"twitter:data1\" content=\"1\u00a0Minute\" \/>\n<script type=\"application\/ld+json\" class=\"yoast-schema-graph\">{\"@context\":\"https:\\\/\\\/schema.org\",\"@graph\":[{\"@type\":\"WebPage\",\"@id\":\"https:\\\/\\\/trendsandvision.nl\\\/de\\\/product\\\/esschert-design-rankgitter-5-teile-voegel-s\\\/\",\"url\":\"https:\\\/\\\/trendsandvision.nl\\\/de\\\/product\\\/esschert-design-rankgitter-5-teile-voegel-s\\\/\",\"name\":\"Esschert Design Rankgitter 5 Teile V\u00f6gel S (PY185 )\",\"isPartOf\":{\"@id\":\"https:\\\/\\\/trendsandvision.nl\\\/de\\\/#website\"},\"primaryImageOfPage\":{\"@id\":\"https:\\\/\\\/trendsandvision.nl\\\/de\\\/product\\\/esschert-design-rankgitter-5-teile-voegel-s\\\/#primaryimage\"},\"image\":{\"@id\":\"https:\\\/\\\/trendsandvision.nl\\\/de\\\/product\\\/esschert-design-rankgitter-5-teile-voegel-s\\\/#primaryimage\"},\"thumbnailUrl\":\"https:\\\/\\\/trendsandvision.nl\\\/de\\\/wp-content\\\/uploads\\\/sites\\\/3\\\/2024\\\/12\\\/PY185_01.jpg\",\"datePublished\":\"2024-12-22T07:45:19+00:00\",\"dateModified\":\"2026-04-07T08:45:51+00:00\",\"description\":\"Esschert Design Rankgitter 5 Teile V\u00f6gel S (PY185 8714982276279)cm L 87 x T 1,5 x H 117,2, Material Weichstahl, Nettogewicht 6,998 kg\",\"breadcrumb\":{\"@id\":\"https:\\\/\\\/trendsandvision.nl\\\/de\\\/product\\\/esschert-design-rankgitter-5-teile-voegel-s\\\/#breadcrumb\"},\"inLanguage\":\"de\",\"potentialAction\":[{\"@type\":\"ReadAction\",\"target\":[\"https:\\\/\\\/trendsandvision.nl\\\/de\\\/product\\\/esschert-design-rankgitter-5-teile-voegel-s\\\/\"]}]},{\"@type\":\"ImageObject\",\"inLanguage\":\"de\",\"@id\":\"https:\\\/\\\/trendsandvision.nl\\\/de\\\/product\\\/esschert-design-rankgitter-5-teile-voegel-s\\\/#primaryimage\",\"url\":\"https:\\\/\\\/trendsandvision.nl\\\/de\\\/wp-content\\\/uploads\\\/sites\\\/3\\\/2024\\\/12\\\/PY185_01.jpg\",\"contentUrl\":\"https:\\\/\\\/trendsandvision.nl\\\/de\\\/wp-content\\\/uploads\\\/sites\\\/3\\\/2024\\\/12\\\/PY185_01.jpg\",\"width\":800,\"height\":800,\"caption\":\"Trends and Vision Rankgitter 5 Teile V\u00f6gel S (PY185 8714982276279)cm L 87 x T 1,5 x H 117,2, Material Weichstahl, Nettogewicht 6,998 kg\"},{\"@type\":\"BreadcrumbList\",\"@id\":\"https:\\\/\\\/trendsandvision.nl\\\/de\\\/product\\\/esschert-design-rankgitter-5-teile-voegel-s\\\/#breadcrumb\",\"itemListElement\":[{\"@type\":\"ListItem\",\"position\":1,\"name\":\"Home\",\"item\":\"https:\\\/\\\/trendsandvision.nl\\\/de\\\/\"},{\"@type\":\"ListItem\",\"position\":2,\"name\":\"Gesch\u00e4ft\",\"item\":\"https:\\\/\\\/trendsandvision.nl\\\/de\\\/geschaft\\\/\"},{\"@type\":\"ListItem\",\"position\":3,\"name\":\"Esschert Design Rankgitter 5 Teile V\u00f6gel S\"}]},{\"@type\":\"WebSite\",\"@id\":\"https:\\\/\\\/trendsandvision.nl\\\/de\\\/#website\",\"url\":\"https:\\\/\\\/trendsandvision.nl\\\/de\\\/\",\"name\":\"Trends &amp; Vision (DE)\",\"description\":\"Der Webshop f\u00fcr Esschert Design Artikel\",\"publisher\":{\"@id\":\"https:\\\/\\\/trendsandvision.nl\\\/de\\\/#organization\"},\"potentialAction\":[{\"@type\":\"SearchAction\",\"target\":{\"@type\":\"EntryPoint\",\"urlTemplate\":\"https:\\\/\\\/trendsandvision.nl\\\/de\\\/?s={search_term_string}\"},\"query-input\":{\"@type\":\"PropertyValueSpecification\",\"valueRequired\":true,\"valueName\":\"search_term_string\"}}],\"inLanguage\":\"de\"},{\"@type\":\"Organization\",\"@id\":\"https:\\\/\\\/trendsandvision.nl\\\/de\\\/#organization\",\"name\":\"Trends &amp; Vision (DE)\",\"url\":\"https:\\\/\\\/trendsandvision.nl\\\/de\\\/\",\"logo\":{\"@type\":\"ImageObject\",\"inLanguage\":\"de\",\"@id\":\"https:\\\/\\\/trendsandvision.nl\\\/de\\\/#\\\/schema\\\/logo\\\/image\\\/\",\"url\":\"https:\\\/\\\/trendsandvision.nl\\\/de\\\/wp-content\\\/uploads\\\/sites\\\/3\\\/2022\\\/04\\\/trends-and-vision-logo.jpg\",\"contentUrl\":\"https:\\\/\\\/trendsandvision.nl\\\/de\\\/wp-content\\\/uploads\\\/sites\\\/3\\\/2022\\\/04\\\/trends-and-vision-logo.jpg\",\"width\":213,\"height\":100,\"caption\":\"Trends &amp; Vision (DE)\"},\"image\":{\"@id\":\"https:\\\/\\\/trendsandvision.nl\\\/de\\\/#\\\/schema\\\/logo\\\/image\\\/\"}}]}<\/script>\n<!-- \/ Yoast SEO Premium plugin. -->","yoast_head_json":{"title":"Esschert Design Rankgitter 5 Teile V\u00f6gel S (PY185 )","description":"Esschert Design Rankgitter 5 Teile V\u00f6gel S (PY185 8714982276279)cm L 87 x T 1,5 x H 117,2, Material Weichstahl, Nettogewicht 6,998 kg","robots":{"index":"index","follow":"follow","max-snippet":"max-snippet:-1","max-image-preview":"max-image-preview:large","max-video-preview":"max-video-preview:-1"},"canonical":"https:\/\/trendsandvision.nl\/de\/product\/esschert-design-rankgitter-5-teile-voegel-s\/","og_locale":"de_DE","og_type":"article","og_title":"Esschert Design Rankgitter 5 Teile V\u00f6gel S","og_description":"Esschert Design Rankgitter 5 Teile V\u00f6gel S (PY185 8714982276279)cm L 87 x T 1,5 x H 117,2, Material Weichstahl, Nettogewicht 6,998 kg","og_url":"https:\/\/trendsandvision.nl\/de\/product\/esschert-design-rankgitter-5-teile-voegel-s\/","og_site_name":"Trends &amp; Vision (DE)","article_modified_time":"2026-04-07T08:45:51+00:00","og_image":[{"width":800,"height":800,"url":"https:\/\/trendsandvision.nl\/de\/wp-content\/uploads\/sites\/3\/2024\/12\/PY185_01.jpg","type":"image\/jpeg"}],"twitter_card":"summary_large_image","twitter_misc":{"Gesch\u00e4tzte Lesezeit":"1\u00a0Minute"},"schema":{"@context":"https:\/\/schema.org","@graph":[{"@type":"WebPage","@id":"https:\/\/trendsandvision.nl\/de\/product\/esschert-design-rankgitter-5-teile-voegel-s\/","url":"https:\/\/trendsandvision.nl\/de\/product\/esschert-design-rankgitter-5-teile-voegel-s\/","name":"Esschert Design Rankgitter 5 Teile V\u00f6gel S (PY185 )","isPartOf":{"@id":"https:\/\/trendsandvision.nl\/de\/#website"},"primaryImageOfPage":{"@id":"https:\/\/trendsandvision.nl\/de\/product\/esschert-design-rankgitter-5-teile-voegel-s\/#primaryimage"},"image":{"@id":"https:\/\/trendsandvision.nl\/de\/product\/esschert-design-rankgitter-5-teile-voegel-s\/#primaryimage"},"thumbnailUrl":"https:\/\/trendsandvision.nl\/de\/wp-content\/uploads\/sites\/3\/2024\/12\/PY185_01.jpg","datePublished":"2024-12-22T07:45:19+00:00","dateModified":"2026-04-07T08:45:51+00:00","description":"Esschert Design Rankgitter 5 Teile V\u00f6gel S (PY185 8714982276279)cm L 87 x T 1,5 x H 117,2, Material Weichstahl, Nettogewicht 6,998 kg","breadcrumb":{"@id":"https:\/\/trendsandvision.nl\/de\/product\/esschert-design-rankgitter-5-teile-voegel-s\/#breadcrumb"},"inLanguage":"de","potentialAction":[{"@type":"ReadAction","target":["https:\/\/trendsandvision.nl\/de\/product\/esschert-design-rankgitter-5-teile-voegel-s\/"]}]},{"@type":"ImageObject","inLanguage":"de","@id":"https:\/\/trendsandvision.nl\/de\/product\/esschert-design-rankgitter-5-teile-voegel-s\/#primaryimage","url":"https:\/\/trendsandvision.nl\/de\/wp-content\/uploads\/sites\/3\/2024\/12\/PY185_01.jpg","contentUrl":"https:\/\/trendsandvision.nl\/de\/wp-content\/uploads\/sites\/3\/2024\/12\/PY185_01.jpg","width":800,"height":800,"caption":"Trends and Vision Rankgitter 5 Teile V\u00f6gel S (PY185 8714982276279)cm L 87 x T 1,5 x H 117,2, Material Weichstahl, Nettogewicht 6,998 kg"},{"@type":"BreadcrumbList","@id":"https:\/\/trendsandvision.nl\/de\/product\/esschert-design-rankgitter-5-teile-voegel-s\/#breadcrumb","itemListElement":[{"@type":"ListItem","position":1,"name":"Home","item":"https:\/\/trendsandvision.nl\/de\/"},{"@type":"ListItem","position":2,"name":"Gesch\u00e4ft","item":"https:\/\/trendsandvision.nl\/de\/geschaft\/"},{"@type":"ListItem","position":3,"name":"Esschert Design Rankgitter 5 Teile V\u00f6gel S"}]},{"@type":"WebSite","@id":"https:\/\/trendsandvision.nl\/de\/#website","url":"https:\/\/trendsandvision.nl\/de\/","name":"Trends &amp; Vision (DE)","description":"Der Webshop f\u00fcr Esschert Design Artikel","publisher":{"@id":"https:\/\/trendsandvision.nl\/de\/#organization"},"potentialAction":[{"@type":"SearchAction","target":{"@type":"EntryPoint","urlTemplate":"https:\/\/trendsandvision.nl\/de\/?s={search_term_string}"},"query-input":{"@type":"PropertyValueSpecification","valueRequired":true,"valueName":"search_term_string"}}],"inLanguage":"de"},{"@type":"Organization","@id":"https:\/\/trendsandvision.nl\/de\/#organization","name":"Trends &amp; Vision (DE)","url":"https:\/\/trendsandvision.nl\/de\/","logo":{"@type":"ImageObject","inLanguage":"de","@id":"https:\/\/trendsandvision.nl\/de\/#\/schema\/logo\/image\/","url":"https:\/\/trendsandvision.nl\/de\/wp-content\/uploads\/sites\/3\/2022\/04\/trends-and-vision-logo.jpg","contentUrl":"https:\/\/trendsandvision.nl\/de\/wp-content\/uploads\/sites\/3\/2022\/04\/trends-and-vision-logo.jpg","width":213,"height":100,"caption":"Trends &amp; Vision (DE)"},"image":{"@id":"https:\/\/trendsandvision.nl\/de\/#\/schema\/logo\/image\/"}}]}},"_links":{"self":[{"href":"https:\/\/trendsandvision.nl\/de\/wp-json\/wp\/v2\/product\/18633","targetHints":{"allow":["GET"]}}],"collection":[{"href":"https:\/\/trendsandvision.nl\/de\/wp-json\/wp\/v2\/product"}],"about":[{"href":"https:\/\/trendsandvision.nl\/de\/wp-json\/wp\/v2\/types\/product"}],"wp:featuredmedia":[{"embeddable":true,"href":"https:\/\/trendsandvision.nl\/de\/wp-json\/wp\/v2\/media\/18634"}],"wp:attachment":[{"href":"https:\/\/trendsandvision.nl\/de\/wp-json\/wp\/v2\/media?parent=18633"}],"wp:term":[{"taxonomy":"product_brand","embeddable":true,"href":"https:\/\/trendsandvision.nl\/de\/wp-json\/wp\/v2\/product_brand?post=18633"},{"taxonomy":"product_cat","embeddable":true,"href":"https:\/\/trendsandvision.nl\/de\/wp-json\/wp\/v2\/product_cat?post=18633"},{"taxonomy":"product_tag","embeddable":true,"href":"https:\/\/trendsandvision.nl\/de\/wp-json\/wp\/v2\/product_tag?post=18633"}],"curies":[{"name":"wp","href":"https:\/\/api.w.org\/{rel}","templated":true}]}}