{"id":18622,"date":"2024-12-22T08:45:05","date_gmt":"2024-12-22T07:45:05","guid":{"rendered":"https:\/\/trendsandvision.nl\/de\/product\/esschert-design-randkante-aus-hochwertigem-cortenstahl\/"},"modified":"2026-04-22T15:17:19","modified_gmt":"2026-04-22T13:17:19","slug":"esschert-design-beetzaun-aus-hochwertigem-cortenstahl","status":"publish","type":"product","link":"https:\/\/trendsandvision.nl\/de\/product\/esschert-design-beetzaun-aus-hochwertigem-cortenstahl\/","title":{"rendered":"Esschert Design Beetzaun aus hochwertigem Cortenstahl"},"content":{"rendered":"<p>Esschert Design Beetzaun aus hochwertigem Cortenstahl.<br \/>\nBettkante aus hochwertigem Cortenstahl, flexibel und kann als Randkante oder Grabeinfassung wiederholt werden.<br \/>\nStilvolle L\u00f6sung zur Abgrenzung von Beeten, Wegen und Rasenfl\u00e4chen. Das Material bildet eine nat\u00fcrliche Rostschicht, die vor nahezu allen Witterungseinfl\u00fcssen sch\u00fctzt. Das Cortenstahl erfordert nur wenig Pflege und verleiht der Einfassung einen charaktervollen Look. Diese hochwertige Beetumrandung eignet sich besonders gut f\u00fcr l\u00e4ndliche Gartengestaltungen.<\/p>\n<p>Artikelnummer PS32<br \/>\nProduktgruppe(n) Garten &amp; Terrasse, <strong><a href=\"https:\/\/trendsandvision.nl\/de\/?s=beetz&amp;post_type=product&amp;dgwt_wcas=1\">Beetza\u00fcne<\/a><\/strong>, Grabeinfassungen<br \/>\nProduktabmessungen in cm L 105 x T 0,2 x H 35<br \/>\nMaterial Cortenstahl<br \/>\nNettogewicht 2,109 kg<br \/>\nBarcode 8714982276453<br \/>\nProduzent <a href=\"https:\/\/www.esschertdesign.com\/shop\/de\/perkrand-cortenstaal-hoog-ps32\" target=\"_blank\">Esschert Design<\/a><\/p>\n","protected":false},"excerpt":{"rendered":"<p>L 105 x T 0,2 x H 35 cm<br \/>\nMaterial Cortenstahl<br \/>\nNettogewicht 2,109 kg<br \/>\nBarcode 8714982276453<br \/>\nKein Wartungsaufwand erforderlich<br \/>\nWetterbest\u00e4ndig<br \/>\nBildet eine nat\u00fcrliche Rostschicht<\/p>\n","protected":false},"featured_media":18623,"template":"","meta":[],"product_brand":[9597,9598],"product_cat":[503],"product_tag":[7784,7783,6783,7782],"class_list":{"0":"post-18622","1":"product","2":"type-product","3":"status-publish","4":"has-post-thumbnail","6":"product_brand-esschert-design","7":"product_brand-trends-and-vision","8":"product_cat-esscherts-garden","9":"product_tag-beetzaeune","10":"product_tag-bettgelaender","11":"product_tag-cortenstahl","12":"product_tag-grenzzaeune","13":"pa_anbieter-esschert-design","14":"pa_ean-code-7718","16":"first","17":"instock","18":"sale","19":"taxable","20":"shipping-taxable","21":"purchasable","22":"product-type-simple","23":"czr-hentry"},"yoast_head":"<!-- This site is optimized with the Yoast SEO Premium plugin v27.4 (Yoast SEO v27.4) - https:\/\/yoast.com\/product\/yoast-seo-premium-wordpress\/ -->\n<title>Esschert Design Randkante aus hochwertigem Cortenstahl (PS32 )<\/title>\n<meta name=\"description\" content=\"Esschert Design Randkante aus hochwertigem Cortenstahl (PS32 8714982276453) cm L 105 x T 0,2 x H 35, Material Cortenstahl, Nettogewicht 2,109 kg\" \/>\n<meta name=\"robots\" content=\"index, follow, max-snippet:-1, max-image-preview:large, max-video-preview:-1\" \/>\n<link rel=\"canonical\" href=\"https:\/\/trendsandvision.nl\/de\/product\/esschert-design-beetzaun-aus-hochwertigem-cortenstahl\/\" \/>\n<meta property=\"og:locale\" content=\"de_DE\" \/>\n<meta property=\"og:type\" content=\"article\" \/>\n<meta property=\"og:title\" content=\"Esschert Design Beetzaun aus hochwertigem Cortenstahl\" \/>\n<meta property=\"og:description\" content=\"Esschert Design Randkante aus hochwertigem Cortenstahl (PS32 8714982276453) cm L 105 x T 0,2 x H 35, Material Cortenstahl, Nettogewicht 2,109 kg\" \/>\n<meta property=\"og:url\" content=\"https:\/\/trendsandvision.nl\/de\/product\/esschert-design-beetzaun-aus-hochwertigem-cortenstahl\/\" \/>\n<meta property=\"og:site_name\" content=\"Trends &amp; Vision (DE)\" \/>\n<meta property=\"article:modified_time\" content=\"2026-04-22T13:17:19+00:00\" \/>\n<meta property=\"og:image\" content=\"https:\/\/trendsandvision.nl\/de\/wp-content\/uploads\/sites\/3\/2024\/12\/PS32_01.jpg\" \/>\n\t<meta property=\"og:image:width\" content=\"800\" \/>\n\t<meta property=\"og:image:height\" content=\"800\" \/>\n\t<meta property=\"og:image:type\" content=\"image\/jpeg\" \/>\n<meta name=\"twitter:card\" content=\"summary_large_image\" \/>\n<meta name=\"twitter:label1\" content=\"Gesch\u00e4tzte Lesezeit\" \/>\n\t<meta name=\"twitter:data1\" content=\"1\u00a0Minute\" \/>\n<script type=\"application\/ld+json\" class=\"yoast-schema-graph\">{\"@context\":\"https:\\\/\\\/schema.org\",\"@graph\":[{\"@type\":\"WebPage\",\"@id\":\"https:\\\/\\\/trendsandvision.nl\\\/de\\\/product\\\/esschert-design-beetzaun-aus-hochwertigem-cortenstahl\\\/\",\"url\":\"https:\\\/\\\/trendsandvision.nl\\\/de\\\/product\\\/esschert-design-beetzaun-aus-hochwertigem-cortenstahl\\\/\",\"name\":\"Esschert Design Randkante aus hochwertigem Cortenstahl (PS32 )\",\"isPartOf\":{\"@id\":\"https:\\\/\\\/trendsandvision.nl\\\/de\\\/#website\"},\"primaryImageOfPage\":{\"@id\":\"https:\\\/\\\/trendsandvision.nl\\\/de\\\/product\\\/esschert-design-beetzaun-aus-hochwertigem-cortenstahl\\\/#primaryimage\"},\"image\":{\"@id\":\"https:\\\/\\\/trendsandvision.nl\\\/de\\\/product\\\/esschert-design-beetzaun-aus-hochwertigem-cortenstahl\\\/#primaryimage\"},\"thumbnailUrl\":\"https:\\\/\\\/trendsandvision.nl\\\/de\\\/wp-content\\\/uploads\\\/sites\\\/3\\\/2024\\\/12\\\/PS32_01.jpg\",\"datePublished\":\"2024-12-22T07:45:05+00:00\",\"dateModified\":\"2026-04-22T13:17:19+00:00\",\"description\":\"Esschert Design Randkante aus hochwertigem Cortenstahl (PS32 8714982276453) cm L 105 x T 0,2 x H 35, Material Cortenstahl, Nettogewicht 2,109 kg\",\"breadcrumb\":{\"@id\":\"https:\\\/\\\/trendsandvision.nl\\\/de\\\/product\\\/esschert-design-beetzaun-aus-hochwertigem-cortenstahl\\\/#breadcrumb\"},\"inLanguage\":\"de\",\"potentialAction\":[{\"@type\":\"ReadAction\",\"target\":[\"https:\\\/\\\/trendsandvision.nl\\\/de\\\/product\\\/esschert-design-beetzaun-aus-hochwertigem-cortenstahl\\\/\"]}]},{\"@type\":\"ImageObject\",\"inLanguage\":\"de\",\"@id\":\"https:\\\/\\\/trendsandvision.nl\\\/de\\\/product\\\/esschert-design-beetzaun-aus-hochwertigem-cortenstahl\\\/#primaryimage\",\"url\":\"https:\\\/\\\/trendsandvision.nl\\\/de\\\/wp-content\\\/uploads\\\/sites\\\/3\\\/2024\\\/12\\\/PS32_01.jpg\",\"contentUrl\":\"https:\\\/\\\/trendsandvision.nl\\\/de\\\/wp-content\\\/uploads\\\/sites\\\/3\\\/2024\\\/12\\\/PS32_01.jpg\",\"width\":800,\"height\":800,\"caption\":\"Trends and Vision Randkante aus hochwertigem Cortenstahl (PS32 8714982276453) cm L 105 x T 0,2 x H 35, Material Cortenstahl, Nettogewicht 2,109 kg\"},{\"@type\":\"BreadcrumbList\",\"@id\":\"https:\\\/\\\/trendsandvision.nl\\\/de\\\/product\\\/esschert-design-beetzaun-aus-hochwertigem-cortenstahl\\\/#breadcrumb\",\"itemListElement\":[{\"@type\":\"ListItem\",\"position\":1,\"name\":\"Home\",\"item\":\"https:\\\/\\\/trendsandvision.nl\\\/de\\\/\"},{\"@type\":\"ListItem\",\"position\":2,\"name\":\"Gesch\u00e4ft\",\"item\":\"https:\\\/\\\/trendsandvision.nl\\\/de\\\/geschaft\\\/\"},{\"@type\":\"ListItem\",\"position\":3,\"name\":\"Esschert Design Beetzaun aus hochwertigem Cortenstahl\"}]},{\"@type\":\"WebSite\",\"@id\":\"https:\\\/\\\/trendsandvision.nl\\\/de\\\/#website\",\"url\":\"https:\\\/\\\/trendsandvision.nl\\\/de\\\/\",\"name\":\"Trends &amp; Vision (DE)\",\"description\":\"Der Webshop f\u00fcr Esschert Design Artikel\",\"publisher\":{\"@id\":\"https:\\\/\\\/trendsandvision.nl\\\/de\\\/#organization\"},\"potentialAction\":[{\"@type\":\"SearchAction\",\"target\":{\"@type\":\"EntryPoint\",\"urlTemplate\":\"https:\\\/\\\/trendsandvision.nl\\\/de\\\/?s={search_term_string}\"},\"query-input\":{\"@type\":\"PropertyValueSpecification\",\"valueRequired\":true,\"valueName\":\"search_term_string\"}}],\"inLanguage\":\"de\"},{\"@type\":\"Organization\",\"@id\":\"https:\\\/\\\/trendsandvision.nl\\\/de\\\/#organization\",\"name\":\"Trends &amp; Vision (DE)\",\"url\":\"https:\\\/\\\/trendsandvision.nl\\\/de\\\/\",\"logo\":{\"@type\":\"ImageObject\",\"inLanguage\":\"de\",\"@id\":\"https:\\\/\\\/trendsandvision.nl\\\/de\\\/#\\\/schema\\\/logo\\\/image\\\/\",\"url\":\"https:\\\/\\\/trendsandvision.nl\\\/de\\\/wp-content\\\/uploads\\\/sites\\\/3\\\/2022\\\/04\\\/trends-and-vision-logo.jpg\",\"contentUrl\":\"https:\\\/\\\/trendsandvision.nl\\\/de\\\/wp-content\\\/uploads\\\/sites\\\/3\\\/2022\\\/04\\\/trends-and-vision-logo.jpg\",\"width\":213,\"height\":100,\"caption\":\"Trends &amp; Vision (DE)\"},\"image\":{\"@id\":\"https:\\\/\\\/trendsandvision.nl\\\/de\\\/#\\\/schema\\\/logo\\\/image\\\/\"}}]}<\/script>\n<!-- \/ Yoast SEO Premium plugin. -->","yoast_head_json":{"title":"Esschert Design Randkante aus hochwertigem Cortenstahl (PS32 )","description":"Esschert Design Randkante aus hochwertigem Cortenstahl (PS32 8714982276453) cm L 105 x T 0,2 x H 35, Material Cortenstahl, Nettogewicht 2,109 kg","robots":{"index":"index","follow":"follow","max-snippet":"max-snippet:-1","max-image-preview":"max-image-preview:large","max-video-preview":"max-video-preview:-1"},"canonical":"https:\/\/trendsandvision.nl\/de\/product\/esschert-design-beetzaun-aus-hochwertigem-cortenstahl\/","og_locale":"de_DE","og_type":"article","og_title":"Esschert Design Beetzaun aus hochwertigem Cortenstahl","og_description":"Esschert Design Randkante aus hochwertigem Cortenstahl (PS32 8714982276453) cm L 105 x T 0,2 x H 35, Material Cortenstahl, Nettogewicht 2,109 kg","og_url":"https:\/\/trendsandvision.nl\/de\/product\/esschert-design-beetzaun-aus-hochwertigem-cortenstahl\/","og_site_name":"Trends &amp; Vision (DE)","article_modified_time":"2026-04-22T13:17:19+00:00","og_image":[{"width":800,"height":800,"url":"https:\/\/trendsandvision.nl\/de\/wp-content\/uploads\/sites\/3\/2024\/12\/PS32_01.jpg","type":"image\/jpeg"}],"twitter_card":"summary_large_image","twitter_misc":{"Gesch\u00e4tzte Lesezeit":"1\u00a0Minute"},"schema":{"@context":"https:\/\/schema.org","@graph":[{"@type":"WebPage","@id":"https:\/\/trendsandvision.nl\/de\/product\/esschert-design-beetzaun-aus-hochwertigem-cortenstahl\/","url":"https:\/\/trendsandvision.nl\/de\/product\/esschert-design-beetzaun-aus-hochwertigem-cortenstahl\/","name":"Esschert Design Randkante aus hochwertigem Cortenstahl (PS32 )","isPartOf":{"@id":"https:\/\/trendsandvision.nl\/de\/#website"},"primaryImageOfPage":{"@id":"https:\/\/trendsandvision.nl\/de\/product\/esschert-design-beetzaun-aus-hochwertigem-cortenstahl\/#primaryimage"},"image":{"@id":"https:\/\/trendsandvision.nl\/de\/product\/esschert-design-beetzaun-aus-hochwertigem-cortenstahl\/#primaryimage"},"thumbnailUrl":"https:\/\/trendsandvision.nl\/de\/wp-content\/uploads\/sites\/3\/2024\/12\/PS32_01.jpg","datePublished":"2024-12-22T07:45:05+00:00","dateModified":"2026-04-22T13:17:19+00:00","description":"Esschert Design Randkante aus hochwertigem Cortenstahl (PS32 8714982276453) cm L 105 x T 0,2 x H 35, Material Cortenstahl, Nettogewicht 2,109 kg","breadcrumb":{"@id":"https:\/\/trendsandvision.nl\/de\/product\/esschert-design-beetzaun-aus-hochwertigem-cortenstahl\/#breadcrumb"},"inLanguage":"de","potentialAction":[{"@type":"ReadAction","target":["https:\/\/trendsandvision.nl\/de\/product\/esschert-design-beetzaun-aus-hochwertigem-cortenstahl\/"]}]},{"@type":"ImageObject","inLanguage":"de","@id":"https:\/\/trendsandvision.nl\/de\/product\/esschert-design-beetzaun-aus-hochwertigem-cortenstahl\/#primaryimage","url":"https:\/\/trendsandvision.nl\/de\/wp-content\/uploads\/sites\/3\/2024\/12\/PS32_01.jpg","contentUrl":"https:\/\/trendsandvision.nl\/de\/wp-content\/uploads\/sites\/3\/2024\/12\/PS32_01.jpg","width":800,"height":800,"caption":"Trends and Vision Randkante aus hochwertigem Cortenstahl (PS32 8714982276453) cm L 105 x T 0,2 x H 35, Material Cortenstahl, Nettogewicht 2,109 kg"},{"@type":"BreadcrumbList","@id":"https:\/\/trendsandvision.nl\/de\/product\/esschert-design-beetzaun-aus-hochwertigem-cortenstahl\/#breadcrumb","itemListElement":[{"@type":"ListItem","position":1,"name":"Home","item":"https:\/\/trendsandvision.nl\/de\/"},{"@type":"ListItem","position":2,"name":"Gesch\u00e4ft","item":"https:\/\/trendsandvision.nl\/de\/geschaft\/"},{"@type":"ListItem","position":3,"name":"Esschert Design Beetzaun aus hochwertigem Cortenstahl"}]},{"@type":"WebSite","@id":"https:\/\/trendsandvision.nl\/de\/#website","url":"https:\/\/trendsandvision.nl\/de\/","name":"Trends &amp; Vision (DE)","description":"Der Webshop f\u00fcr Esschert Design Artikel","publisher":{"@id":"https:\/\/trendsandvision.nl\/de\/#organization"},"potentialAction":[{"@type":"SearchAction","target":{"@type":"EntryPoint","urlTemplate":"https:\/\/trendsandvision.nl\/de\/?s={search_term_string}"},"query-input":{"@type":"PropertyValueSpecification","valueRequired":true,"valueName":"search_term_string"}}],"inLanguage":"de"},{"@type":"Organization","@id":"https:\/\/trendsandvision.nl\/de\/#organization","name":"Trends &amp; Vision (DE)","url":"https:\/\/trendsandvision.nl\/de\/","logo":{"@type":"ImageObject","inLanguage":"de","@id":"https:\/\/trendsandvision.nl\/de\/#\/schema\/logo\/image\/","url":"https:\/\/trendsandvision.nl\/de\/wp-content\/uploads\/sites\/3\/2022\/04\/trends-and-vision-logo.jpg","contentUrl":"https:\/\/trendsandvision.nl\/de\/wp-content\/uploads\/sites\/3\/2022\/04\/trends-and-vision-logo.jpg","width":213,"height":100,"caption":"Trends &amp; Vision (DE)"},"image":{"@id":"https:\/\/trendsandvision.nl\/de\/#\/schema\/logo\/image\/"}}]}},"_links":{"self":[{"href":"https:\/\/trendsandvision.nl\/de\/wp-json\/wp\/v2\/product\/18622","targetHints":{"allow":["GET"]}}],"collection":[{"href":"https:\/\/trendsandvision.nl\/de\/wp-json\/wp\/v2\/product"}],"about":[{"href":"https:\/\/trendsandvision.nl\/de\/wp-json\/wp\/v2\/types\/product"}],"wp:featuredmedia":[{"embeddable":true,"href":"https:\/\/trendsandvision.nl\/de\/wp-json\/wp\/v2\/media\/18623"}],"wp:attachment":[{"href":"https:\/\/trendsandvision.nl\/de\/wp-json\/wp\/v2\/media?parent=18622"}],"wp:term":[{"taxonomy":"product_brand","embeddable":true,"href":"https:\/\/trendsandvision.nl\/de\/wp-json\/wp\/v2\/product_brand?post=18622"},{"taxonomy":"product_cat","embeddable":true,"href":"https:\/\/trendsandvision.nl\/de\/wp-json\/wp\/v2\/product_cat?post=18622"},{"taxonomy":"product_tag","embeddable":true,"href":"https:\/\/trendsandvision.nl\/de\/wp-json\/wp\/v2\/product_tag?post=18622"}],"curies":[{"name":"wp","href":"https:\/\/api.w.org\/{rel}","templated":true}]}}