{"id":18586,"date":"2024-12-22T08:44:33","date_gmt":"2024-12-22T07:44:33","guid":{"rendered":"https:\/\/trendsandvision.nl\/de\/product\/esschert-design-belle-epoque-baumbank\/"},"modified":"2026-04-22T15:13:39","modified_gmt":"2026-04-22T13:13:39","slug":"esschert-design-belle-epoque-baumbank","status":"publish","type":"product","link":"https:\/\/trendsandvision.nl\/de\/product\/esschert-design-belle-epoque-baumbank\/","title":{"rendered":"Esschert Design Belle-\u00c9poque-Baumbank"},"content":{"rendered":"<p>Esschert Design <strong><a href=\"https:\/\/trendsandvision.nl\/de\/?s=Belle-\u00c9poque&amp;post_type=product&amp;dgwt_wcas=1\">Belle-\u00c9poque<\/a><\/strong>-Baumbank.<br \/>\nRobust und wetterfest: Diese runde Baumbank besteht aus langlebigem, wetterbest\u00e4ndigem Metall und ist speziell f\u00fcr den Au\u00dfenbereich konzipiert.<br \/>\nSchaffen Sie eine nostalgische und authentische Atmosph\u00e4re im Garten. Diese elegante Baumbank hat ein klassisches Aussehen und verleiht dem Garten eine romantische Atmosph\u00e4re. Platzieren Sie die Bank um einen Baum mit einem maximalen Durchmesser von 42 cm und genie\u00dfen Sie den Schatten, den der Baum spendet.<br \/>\nDiese Baumbank ist die perfekte M\u00f6glichkeit, die Natur zu genie\u00dfen und sch\u00f6ne Momente mit Ihren Liebsten zu teilen. Sie umschlie\u00dft den Baum und schafft eine besondere Sitzgelegenheit, die Gespr\u00e4che und N\u00e4he f\u00f6rdert. Die gro\u00dfz\u00fcgige Sitzfl\u00e4che bietet bequem Platz f\u00fcr mehrere Personen. Das klassische geschwungene Design verleiht dem Au\u00dfenbereich zus\u00e4tzlichen Charme.<\/p>\n<p>Lieferung erfolgt als einfach zu montierende Version.<\/p>\n<p>Artikelnummer MF077<br \/>\nProduktabmessungen in cm L 123 x T 123 x H 90<br \/>\nTragf\u00e4higkeit 440 kg<br \/>\nMaterial Eisen, PE<br \/>\nBruttogewicht 20,08 kg<br \/>\nNettogewicht 18,24 kg<br \/>\nBarcode 8714982283321<br \/>\nProduzent <a href=\"https:\/\/www.esschertdesign.com\/shop\/de\/belle-epoque-boom-bank-mf077\" target=\"_blank\">Esschert Design<\/a><\/p>\n","protected":false},"excerpt":{"rendered":"<p>Geeignet f\u00fcr B\u00e4ume mit einem Stammdurchmesser bis zu 42 cm (16,5 Zoll)<br \/>\nPulverbeschichtet und mit E-Beschichtung<br \/>\nEinfach zu montieren<br \/>\nTragf\u00e4higkeit 440 kg<br \/>\nL + T \u00f8 123 x H 90<br \/>\nMaterial Eisen, PE<br \/>\nNettogewicht 18,24 kg<br \/>\nBarcode 8714982283321<\/p>\n","protected":false},"featured_media":18587,"template":"","meta":[],"product_brand":[9597,9598],"product_cat":[741],"product_tag":[7791,9591,7789,7759,7470,7792],"class_list":{"0":"post-18586","1":"product","2":"type-product","3":"status-publish","4":"has-post-thumbnail","6":"product_brand-esschert-design","7":"product_brand-trends-and-vision","8":"product_cat-garden-furniture","9":"product_tag-baumbank","10":"product_tag-belle-epoque","11":"product_tag-gartenbank","12":"product_tag-gartenmoebel","13":"product_tag-metall","14":"product_tag-rundbank","15":"pa_anbieter-esschert-design","16":"pa_ean-code-7705","18":"first","19":"instock","20":"sale","21":"taxable","22":"shipping-taxable","23":"purchasable","24":"product-type-simple","25":"czr-hentry"},"yoast_head":"<!-- This site is optimized with the Yoast SEO Premium plugin v27.4 (Yoast SEO v27.5) - https:\/\/yoast.com\/product\/yoast-seo-premium-wordpress\/ -->\n<title>Esschert Design Belle-\u00c9poque-Baumbank (MF077)<\/title>\n<meta name=\"description\" content=\"Esschert Design Belle-\u00c9poque-Baumbank zu \u00f8 42 cm (MF077 EAN 8714982283321) Tragf\u00e4higkeit 440 kg, L + T \u00f8 123 x H 90 cm, Material Eisen, PE\" \/>\n<meta name=\"robots\" content=\"index, follow, max-snippet:-1, max-image-preview:large, max-video-preview:-1\" \/>\n<link rel=\"canonical\" href=\"https:\/\/trendsandvision.nl\/de\/product\/esschert-design-belle-epoque-baumbank\/\" \/>\n<meta property=\"og:locale\" content=\"de_DE\" \/>\n<meta property=\"og:type\" content=\"article\" \/>\n<meta property=\"og:title\" content=\"Esschert Design Belle-\u00c9poque-Baumbank\" \/>\n<meta property=\"og:description\" content=\"Esschert Design Belle-\u00c9poque-Baumbank zu \u00f8 42 cm (MF077 EAN 8714982283321) Tragf\u00e4higkeit 440 kg, L + T \u00f8 123 x H 90 cm, Material Eisen, PE\" \/>\n<meta property=\"og:url\" content=\"https:\/\/trendsandvision.nl\/de\/product\/esschert-design-belle-epoque-baumbank\/\" \/>\n<meta property=\"og:site_name\" content=\"Trends &amp; Vision (DE)\" \/>\n<meta property=\"article:modified_time\" content=\"2026-04-22T13:13:39+00:00\" \/>\n<meta property=\"og:image\" content=\"https:\/\/trendsandvision.nl\/de\/wp-content\/uploads\/sites\/3\/2024\/12\/MF077_01.jpg\" \/>\n\t<meta property=\"og:image:width\" content=\"800\" \/>\n\t<meta property=\"og:image:height\" content=\"800\" \/>\n\t<meta property=\"og:image:type\" content=\"image\/jpeg\" \/>\n<meta name=\"twitter:card\" content=\"summary_large_image\" \/>\n<meta name=\"twitter:label1\" content=\"Gesch\u00e4tzte Lesezeit\" \/>\n\t<meta name=\"twitter:data1\" content=\"2\u00a0Minuten\" \/>\n<script type=\"application\/ld+json\" class=\"yoast-schema-graph\">{\"@context\":\"https:\\\/\\\/schema.org\",\"@graph\":[{\"@type\":\"WebPage\",\"@id\":\"https:\\\/\\\/trendsandvision.nl\\\/de\\\/product\\\/esschert-design-belle-epoque-baumbank\\\/\",\"url\":\"https:\\\/\\\/trendsandvision.nl\\\/de\\\/product\\\/esschert-design-belle-epoque-baumbank\\\/\",\"name\":\"Esschert Design Belle-\u00c9poque-Baumbank (MF077)\",\"isPartOf\":{\"@id\":\"https:\\\/\\\/trendsandvision.nl\\\/de\\\/#website\"},\"primaryImageOfPage\":{\"@id\":\"https:\\\/\\\/trendsandvision.nl\\\/de\\\/product\\\/esschert-design-belle-epoque-baumbank\\\/#primaryimage\"},\"image\":{\"@id\":\"https:\\\/\\\/trendsandvision.nl\\\/de\\\/product\\\/esschert-design-belle-epoque-baumbank\\\/#primaryimage\"},\"thumbnailUrl\":\"https:\\\/\\\/trendsandvision.nl\\\/de\\\/wp-content\\\/uploads\\\/sites\\\/3\\\/2024\\\/12\\\/MF077_01.jpg\",\"datePublished\":\"2024-12-22T07:44:33+00:00\",\"dateModified\":\"2026-04-22T13:13:39+00:00\",\"description\":\"Esschert Design Belle-\u00c9poque-Baumbank zu \u00f8 42 cm (MF077 EAN 8714982283321) Tragf\u00e4higkeit 440 kg, L + T \u00f8 123 x H 90 cm, Material Eisen, PE\",\"breadcrumb\":{\"@id\":\"https:\\\/\\\/trendsandvision.nl\\\/de\\\/product\\\/esschert-design-belle-epoque-baumbank\\\/#breadcrumb\"},\"inLanguage\":\"de\",\"potentialAction\":[{\"@type\":\"ReadAction\",\"target\":[\"https:\\\/\\\/trendsandvision.nl\\\/de\\\/product\\\/esschert-design-belle-epoque-baumbank\\\/\"]}]},{\"@type\":\"ImageObject\",\"inLanguage\":\"de\",\"@id\":\"https:\\\/\\\/trendsandvision.nl\\\/de\\\/product\\\/esschert-design-belle-epoque-baumbank\\\/#primaryimage\",\"url\":\"https:\\\/\\\/trendsandvision.nl\\\/de\\\/wp-content\\\/uploads\\\/sites\\\/3\\\/2024\\\/12\\\/MF077_01.jpg\",\"contentUrl\":\"https:\\\/\\\/trendsandvision.nl\\\/de\\\/wp-content\\\/uploads\\\/sites\\\/3\\\/2024\\\/12\\\/MF077_01.jpg\",\"width\":800,\"height\":800,\"caption\":\"Trends and Vision Belle-\u00c9poque-Baumbank zu \u00f8 42 cm (MF077 EAN 8714982283321) Tragf\u00e4higkeit 440 kg, L + T \u00f8 123 x H 90 cm, Material Eisen, PE\"},{\"@type\":\"BreadcrumbList\",\"@id\":\"https:\\\/\\\/trendsandvision.nl\\\/de\\\/product\\\/esschert-design-belle-epoque-baumbank\\\/#breadcrumb\",\"itemListElement\":[{\"@type\":\"ListItem\",\"position\":1,\"name\":\"Home\",\"item\":\"https:\\\/\\\/trendsandvision.nl\\\/de\\\/\"},{\"@type\":\"ListItem\",\"position\":2,\"name\":\"Gesch\u00e4ft\",\"item\":\"https:\\\/\\\/trendsandvision.nl\\\/de\\\/geschaft\\\/\"},{\"@type\":\"ListItem\",\"position\":3,\"name\":\"Esschert Design Belle-\u00c9poque-Baumbank\"}]},{\"@type\":\"WebSite\",\"@id\":\"https:\\\/\\\/trendsandvision.nl\\\/de\\\/#website\",\"url\":\"https:\\\/\\\/trendsandvision.nl\\\/de\\\/\",\"name\":\"Trends &amp; Vision (DE)\",\"description\":\"Der Webshop f\u00fcr Esschert Design Artikel\",\"publisher\":{\"@id\":\"https:\\\/\\\/trendsandvision.nl\\\/de\\\/#organization\"},\"potentialAction\":[{\"@type\":\"SearchAction\",\"target\":{\"@type\":\"EntryPoint\",\"urlTemplate\":\"https:\\\/\\\/trendsandvision.nl\\\/de\\\/?s={search_term_string}\"},\"query-input\":{\"@type\":\"PropertyValueSpecification\",\"valueRequired\":true,\"valueName\":\"search_term_string\"}}],\"inLanguage\":\"de\"},{\"@type\":\"Organization\",\"@id\":\"https:\\\/\\\/trendsandvision.nl\\\/de\\\/#organization\",\"name\":\"Trends &amp; Vision (DE)\",\"url\":\"https:\\\/\\\/trendsandvision.nl\\\/de\\\/\",\"logo\":{\"@type\":\"ImageObject\",\"inLanguage\":\"de\",\"@id\":\"https:\\\/\\\/trendsandvision.nl\\\/de\\\/#\\\/schema\\\/logo\\\/image\\\/\",\"url\":\"https:\\\/\\\/trendsandvision.nl\\\/de\\\/wp-content\\\/uploads\\\/sites\\\/3\\\/2022\\\/04\\\/trends-and-vision-logo.jpg\",\"contentUrl\":\"https:\\\/\\\/trendsandvision.nl\\\/de\\\/wp-content\\\/uploads\\\/sites\\\/3\\\/2022\\\/04\\\/trends-and-vision-logo.jpg\",\"width\":213,\"height\":100,\"caption\":\"Trends &amp; Vision (DE)\"},\"image\":{\"@id\":\"https:\\\/\\\/trendsandvision.nl\\\/de\\\/#\\\/schema\\\/logo\\\/image\\\/\"}}]}<\/script>\n<!-- \/ Yoast SEO Premium plugin. -->","yoast_head_json":{"title":"Esschert Design Belle-\u00c9poque-Baumbank (MF077)","description":"Esschert Design Belle-\u00c9poque-Baumbank zu \u00f8 42 cm (MF077 EAN 8714982283321) Tragf\u00e4higkeit 440 kg, L + T \u00f8 123 x H 90 cm, Material Eisen, PE","robots":{"index":"index","follow":"follow","max-snippet":"max-snippet:-1","max-image-preview":"max-image-preview:large","max-video-preview":"max-video-preview:-1"},"canonical":"https:\/\/trendsandvision.nl\/de\/product\/esschert-design-belle-epoque-baumbank\/","og_locale":"de_DE","og_type":"article","og_title":"Esschert Design Belle-\u00c9poque-Baumbank","og_description":"Esschert Design Belle-\u00c9poque-Baumbank zu \u00f8 42 cm (MF077 EAN 8714982283321) Tragf\u00e4higkeit 440 kg, L + T \u00f8 123 x H 90 cm, Material Eisen, PE","og_url":"https:\/\/trendsandvision.nl\/de\/product\/esschert-design-belle-epoque-baumbank\/","og_site_name":"Trends &amp; Vision (DE)","article_modified_time":"2026-04-22T13:13:39+00:00","og_image":[{"width":800,"height":800,"url":"https:\/\/trendsandvision.nl\/de\/wp-content\/uploads\/sites\/3\/2024\/12\/MF077_01.jpg","type":"image\/jpeg"}],"twitter_card":"summary_large_image","twitter_misc":{"Gesch\u00e4tzte Lesezeit":"2\u00a0Minuten"},"schema":{"@context":"https:\/\/schema.org","@graph":[{"@type":"WebPage","@id":"https:\/\/trendsandvision.nl\/de\/product\/esschert-design-belle-epoque-baumbank\/","url":"https:\/\/trendsandvision.nl\/de\/product\/esschert-design-belle-epoque-baumbank\/","name":"Esschert Design Belle-\u00c9poque-Baumbank (MF077)","isPartOf":{"@id":"https:\/\/trendsandvision.nl\/de\/#website"},"primaryImageOfPage":{"@id":"https:\/\/trendsandvision.nl\/de\/product\/esschert-design-belle-epoque-baumbank\/#primaryimage"},"image":{"@id":"https:\/\/trendsandvision.nl\/de\/product\/esschert-design-belle-epoque-baumbank\/#primaryimage"},"thumbnailUrl":"https:\/\/trendsandvision.nl\/de\/wp-content\/uploads\/sites\/3\/2024\/12\/MF077_01.jpg","datePublished":"2024-12-22T07:44:33+00:00","dateModified":"2026-04-22T13:13:39+00:00","description":"Esschert Design Belle-\u00c9poque-Baumbank zu \u00f8 42 cm (MF077 EAN 8714982283321) Tragf\u00e4higkeit 440 kg, L + T \u00f8 123 x H 90 cm, Material Eisen, PE","breadcrumb":{"@id":"https:\/\/trendsandvision.nl\/de\/product\/esschert-design-belle-epoque-baumbank\/#breadcrumb"},"inLanguage":"de","potentialAction":[{"@type":"ReadAction","target":["https:\/\/trendsandvision.nl\/de\/product\/esschert-design-belle-epoque-baumbank\/"]}]},{"@type":"ImageObject","inLanguage":"de","@id":"https:\/\/trendsandvision.nl\/de\/product\/esschert-design-belle-epoque-baumbank\/#primaryimage","url":"https:\/\/trendsandvision.nl\/de\/wp-content\/uploads\/sites\/3\/2024\/12\/MF077_01.jpg","contentUrl":"https:\/\/trendsandvision.nl\/de\/wp-content\/uploads\/sites\/3\/2024\/12\/MF077_01.jpg","width":800,"height":800,"caption":"Trends and Vision Belle-\u00c9poque-Baumbank zu \u00f8 42 cm (MF077 EAN 8714982283321) Tragf\u00e4higkeit 440 kg, L + T \u00f8 123 x H 90 cm, Material Eisen, PE"},{"@type":"BreadcrumbList","@id":"https:\/\/trendsandvision.nl\/de\/product\/esschert-design-belle-epoque-baumbank\/#breadcrumb","itemListElement":[{"@type":"ListItem","position":1,"name":"Home","item":"https:\/\/trendsandvision.nl\/de\/"},{"@type":"ListItem","position":2,"name":"Gesch\u00e4ft","item":"https:\/\/trendsandvision.nl\/de\/geschaft\/"},{"@type":"ListItem","position":3,"name":"Esschert Design Belle-\u00c9poque-Baumbank"}]},{"@type":"WebSite","@id":"https:\/\/trendsandvision.nl\/de\/#website","url":"https:\/\/trendsandvision.nl\/de\/","name":"Trends &amp; Vision (DE)","description":"Der Webshop f\u00fcr Esschert Design Artikel","publisher":{"@id":"https:\/\/trendsandvision.nl\/de\/#organization"},"potentialAction":[{"@type":"SearchAction","target":{"@type":"EntryPoint","urlTemplate":"https:\/\/trendsandvision.nl\/de\/?s={search_term_string}"},"query-input":{"@type":"PropertyValueSpecification","valueRequired":true,"valueName":"search_term_string"}}],"inLanguage":"de"},{"@type":"Organization","@id":"https:\/\/trendsandvision.nl\/de\/#organization","name":"Trends &amp; Vision (DE)","url":"https:\/\/trendsandvision.nl\/de\/","logo":{"@type":"ImageObject","inLanguage":"de","@id":"https:\/\/trendsandvision.nl\/de\/#\/schema\/logo\/image\/","url":"https:\/\/trendsandvision.nl\/de\/wp-content\/uploads\/sites\/3\/2022\/04\/trends-and-vision-logo.jpg","contentUrl":"https:\/\/trendsandvision.nl\/de\/wp-content\/uploads\/sites\/3\/2022\/04\/trends-and-vision-logo.jpg","width":213,"height":100,"caption":"Trends &amp; Vision (DE)"},"image":{"@id":"https:\/\/trendsandvision.nl\/de\/#\/schema\/logo\/image\/"}}]}},"_links":{"self":[{"href":"https:\/\/trendsandvision.nl\/de\/wp-json\/wp\/v2\/product\/18586","targetHints":{"allow":["GET"]}}],"collection":[{"href":"https:\/\/trendsandvision.nl\/de\/wp-json\/wp\/v2\/product"}],"about":[{"href":"https:\/\/trendsandvision.nl\/de\/wp-json\/wp\/v2\/types\/product"}],"wp:featuredmedia":[{"embeddable":true,"href":"https:\/\/trendsandvision.nl\/de\/wp-json\/wp\/v2\/media\/18587"}],"wp:attachment":[{"href":"https:\/\/trendsandvision.nl\/de\/wp-json\/wp\/v2\/media?parent=18586"}],"wp:term":[{"taxonomy":"product_brand","embeddable":true,"href":"https:\/\/trendsandvision.nl\/de\/wp-json\/wp\/v2\/product_brand?post=18586"},{"taxonomy":"product_cat","embeddable":true,"href":"https:\/\/trendsandvision.nl\/de\/wp-json\/wp\/v2\/product_cat?post=18586"},{"taxonomy":"product_tag","embeddable":true,"href":"https:\/\/trendsandvision.nl\/de\/wp-json\/wp\/v2\/product_tag?post=18586"}],"curies":[{"name":"wp","href":"https:\/\/api.w.org\/{rel}","templated":true}]}}