{"id":18584,"date":"2024-12-22T08:44:31","date_gmt":"2024-12-22T07:44:31","guid":{"rendered":"https:\/\/trendsandvision.nl\/de\/product\/esschert-design-belle-epoque-sofa-fuer-verliebte\/"},"modified":"2026-04-22T15:13:35","modified_gmt":"2026-04-22T13:13:35","slug":"esschert-design-belle-epoque-liebesbank","status":"publish","type":"product","link":"https:\/\/trendsandvision.nl\/de\/product\/esschert-design-belle-epoque-liebesbank\/","title":{"rendered":"Esschert Design Belle \u00c9poque Liebesbank"},"content":{"rendered":"<p>Esschert Design Belle \u00c9poque Liebesbank.<br \/>\nDiese Lovers Bench ist weit mehr als ein einfaches M\u00f6belst\u00fcck. Sie ist ein romantischer R\u00fcckzugsort, der zu tiefgr\u00fcndigen Gespr\u00e4chen und gemeinsamen Momenten einl\u00e4dt. Speziell f\u00fcr vertraute Augenblicke mit dem Partner gestaltet, verf\u00fcgt die Bank \u00fcber zwei sich gegen\u00fcberliegende Sitzpl\u00e4tze, sodass man sich liebevoll in die Augen schauen kann, w\u00e4hrend man die ruhige Sch\u00f6nheit des Gartens genie\u00dft. Das geschwungene Herzmotiv verleiht ihr einen klassischen franz\u00f6sischen Charme. Aus Metall gefertigt, ist die Bank \u00e4u\u00dferst stabil und langlebig.<\/p>\n<p>Artikelname Belle \u00c9poque tete a tete \/ Liebesbank verliebten.<br \/>\nLieferung erfolgt als einfach zu montierende Version.<br \/>\nTragf\u00e4higkeit 240 kg<br \/>\nArtikelnummer MF076<br \/>\nProduktabmessungen in cm L 114 x T 77,2 x H 86,5<br \/>\nMaterial Eisen, PE<br \/>\nBruttogewicht 11,86 kg<br \/>\nNettogewicht 8,74 kg<br \/>\nBarcode 8714982283314<br \/>\nProduzent <a href=\"https:\/\/www.esschertdesign.com\/shop\/de\/belle-epoque-bank-voor-geliefden-mf076\" target=\"_blank\">Esschert Design<\/a><\/p>\n<p>Al unsere <strong><a href=\"https:\/\/trendsandvision.nl\/de\/?s=Belle-\u00c9poque&amp;post_type=product&amp;dgwt_wcas=1\">Belle-\u00c9poque<\/a><\/strong> Gartenm\u00f6bel<\/p>\n","protected":false},"excerpt":{"rendered":"<p>Tragf\u00e4higkeit insgesamt 240 kg verliebten<br \/>\nL 114 x T 77,2 x H 86,5 cm<br \/>\nMaterial Eisen, PE<br \/>\nNettogewicht 8,74 kg<br \/>\nBarcode 8714982283314<\/p>\n","protected":false},"featured_media":18585,"template":"","meta":[],"product_brand":[9597,9598],"product_cat":[741],"product_tag":[9592,7789,7759,7470,9332],"class_list":{"0":"post-18584","1":"product","2":"type-product","3":"status-publish","4":"has-post-thumbnail","6":"product_brand-esschert-design","7":"product_brand-trends-and-vision","8":"product_cat-garden-furniture","9":"product_tag-belle-epoque-bank","10":"product_tag-gartenbank","11":"product_tag-gartenmoebel","12":"product_tag-metall","13":"product_tag-tete-a-tete","14":"pa_anbieter-esschert-design","15":"pa_ean-code-7704","17":"first","18":"instock","19":"sale","20":"taxable","21":"shipping-taxable","22":"purchasable","23":"product-type-simple","24":"czr-hentry"},"yoast_head":"<!-- This site is optimized with the Yoast SEO Premium plugin v27.4 (Yoast SEO v27.5) - https:\/\/yoast.com\/product\/yoast-seo-premium-wordpress\/ -->\n<title>Esschert Design Belle \u00c9poque Liebesbank (MF076)<\/title>\n<meta name=\"description\" content=\"Esschert Design Belle \u00c9poque Liebesbank (MF076 EAN 8714982283314) L 114 x T 77,2 x H 86,5 cm, Eisen, PE, Gewicht 8,74 kg, Tragf\u00e4higkeit 240 kg verliebten\" \/>\n<meta name=\"robots\" content=\"index, follow, max-snippet:-1, max-image-preview:large, max-video-preview:-1\" \/>\n<link rel=\"canonical\" href=\"https:\/\/trendsandvision.nl\/de\/product\/esschert-design-belle-epoque-liebesbank\/\" \/>\n<meta property=\"og:locale\" content=\"de_DE\" \/>\n<meta property=\"og:type\" content=\"article\" \/>\n<meta property=\"og:title\" content=\"Esschert Design Belle \u00c9poque Liebesbank\" \/>\n<meta property=\"og:description\" content=\"Esschert Design Belle \u00c9poque Liebesbank (MF076 EAN 8714982283314) L 114 x T 77,2 x H 86,5 cm, Eisen, PE, Gewicht 8,74 kg, Tragf\u00e4higkeit 240 kg verliebten\" \/>\n<meta property=\"og:url\" content=\"https:\/\/trendsandvision.nl\/de\/product\/esschert-design-belle-epoque-liebesbank\/\" \/>\n<meta property=\"og:site_name\" content=\"Trends &amp; Vision (DE)\" \/>\n<meta property=\"article:modified_time\" content=\"2026-04-22T13:13:35+00:00\" \/>\n<meta property=\"og:image\" content=\"https:\/\/trendsandvision.nl\/de\/wp-content\/uploads\/sites\/3\/2024\/12\/MF076_01.jpg\" \/>\n\t<meta property=\"og:image:width\" content=\"800\" \/>\n\t<meta property=\"og:image:height\" content=\"800\" \/>\n\t<meta property=\"og:image:type\" content=\"image\/jpeg\" \/>\n<meta name=\"twitter:card\" content=\"summary_large_image\" \/>\n<meta name=\"twitter:label1\" content=\"Gesch\u00e4tzte Lesezeit\" \/>\n\t<meta name=\"twitter:data1\" content=\"1\u00a0Minute\" \/>\n<script type=\"application\/ld+json\" class=\"yoast-schema-graph\">{\"@context\":\"https:\\\/\\\/schema.org\",\"@graph\":[{\"@type\":\"WebPage\",\"@id\":\"https:\\\/\\\/trendsandvision.nl\\\/de\\\/product\\\/esschert-design-belle-epoque-liebesbank\\\/\",\"url\":\"https:\\\/\\\/trendsandvision.nl\\\/de\\\/product\\\/esschert-design-belle-epoque-liebesbank\\\/\",\"name\":\"Esschert Design Belle \u00c9poque Liebesbank (MF076)\",\"isPartOf\":{\"@id\":\"https:\\\/\\\/trendsandvision.nl\\\/de\\\/#website\"},\"primaryImageOfPage\":{\"@id\":\"https:\\\/\\\/trendsandvision.nl\\\/de\\\/product\\\/esschert-design-belle-epoque-liebesbank\\\/#primaryimage\"},\"image\":{\"@id\":\"https:\\\/\\\/trendsandvision.nl\\\/de\\\/product\\\/esschert-design-belle-epoque-liebesbank\\\/#primaryimage\"},\"thumbnailUrl\":\"https:\\\/\\\/trendsandvision.nl\\\/de\\\/wp-content\\\/uploads\\\/sites\\\/3\\\/2024\\\/12\\\/MF076_01.jpg\",\"datePublished\":\"2024-12-22T07:44:31+00:00\",\"dateModified\":\"2026-04-22T13:13:35+00:00\",\"description\":\"Esschert Design Belle \u00c9poque Liebesbank (MF076 EAN 8714982283314) L 114 x T 77,2 x H 86,5 cm, Eisen, PE, Gewicht 8,74 kg, Tragf\u00e4higkeit 240 kg verliebten\",\"breadcrumb\":{\"@id\":\"https:\\\/\\\/trendsandvision.nl\\\/de\\\/product\\\/esschert-design-belle-epoque-liebesbank\\\/#breadcrumb\"},\"inLanguage\":\"de\",\"potentialAction\":[{\"@type\":\"ReadAction\",\"target\":[\"https:\\\/\\\/trendsandvision.nl\\\/de\\\/product\\\/esschert-design-belle-epoque-liebesbank\\\/\"]}]},{\"@type\":\"ImageObject\",\"inLanguage\":\"de\",\"@id\":\"https:\\\/\\\/trendsandvision.nl\\\/de\\\/product\\\/esschert-design-belle-epoque-liebesbank\\\/#primaryimage\",\"url\":\"https:\\\/\\\/trendsandvision.nl\\\/de\\\/wp-content\\\/uploads\\\/sites\\\/3\\\/2024\\\/12\\\/MF076_01.jpg\",\"contentUrl\":\"https:\\\/\\\/trendsandvision.nl\\\/de\\\/wp-content\\\/uploads\\\/sites\\\/3\\\/2024\\\/12\\\/MF076_01.jpg\",\"width\":800,\"height\":800,\"caption\":\"Trends and Vision Belle \u00c9poque Liebesbank (MF076 EAN 8714982283314) L 114 x T 77,2 x H 86,5 cm, Eisen, PE, Gewicht 8,74 kg, Tragf\u00e4higkeit 240 kg verliebten\"},{\"@type\":\"BreadcrumbList\",\"@id\":\"https:\\\/\\\/trendsandvision.nl\\\/de\\\/product\\\/esschert-design-belle-epoque-liebesbank\\\/#breadcrumb\",\"itemListElement\":[{\"@type\":\"ListItem\",\"position\":1,\"name\":\"Home\",\"item\":\"https:\\\/\\\/trendsandvision.nl\\\/de\\\/\"},{\"@type\":\"ListItem\",\"position\":2,\"name\":\"Gesch\u00e4ft\",\"item\":\"https:\\\/\\\/trendsandvision.nl\\\/de\\\/geschaft\\\/\"},{\"@type\":\"ListItem\",\"position\":3,\"name\":\"Esschert Design Belle \u00c9poque Liebesbank\"}]},{\"@type\":\"WebSite\",\"@id\":\"https:\\\/\\\/trendsandvision.nl\\\/de\\\/#website\",\"url\":\"https:\\\/\\\/trendsandvision.nl\\\/de\\\/\",\"name\":\"Trends &amp; Vision (DE)\",\"description\":\"Der Webshop f\u00fcr Esschert Design Artikel\",\"publisher\":{\"@id\":\"https:\\\/\\\/trendsandvision.nl\\\/de\\\/#organization\"},\"potentialAction\":[{\"@type\":\"SearchAction\",\"target\":{\"@type\":\"EntryPoint\",\"urlTemplate\":\"https:\\\/\\\/trendsandvision.nl\\\/de\\\/?s={search_term_string}\"},\"query-input\":{\"@type\":\"PropertyValueSpecification\",\"valueRequired\":true,\"valueName\":\"search_term_string\"}}],\"inLanguage\":\"de\"},{\"@type\":\"Organization\",\"@id\":\"https:\\\/\\\/trendsandvision.nl\\\/de\\\/#organization\",\"name\":\"Trends &amp; Vision (DE)\",\"url\":\"https:\\\/\\\/trendsandvision.nl\\\/de\\\/\",\"logo\":{\"@type\":\"ImageObject\",\"inLanguage\":\"de\",\"@id\":\"https:\\\/\\\/trendsandvision.nl\\\/de\\\/#\\\/schema\\\/logo\\\/image\\\/\",\"url\":\"https:\\\/\\\/trendsandvision.nl\\\/de\\\/wp-content\\\/uploads\\\/sites\\\/3\\\/2022\\\/04\\\/trends-and-vision-logo.jpg\",\"contentUrl\":\"https:\\\/\\\/trendsandvision.nl\\\/de\\\/wp-content\\\/uploads\\\/sites\\\/3\\\/2022\\\/04\\\/trends-and-vision-logo.jpg\",\"width\":213,\"height\":100,\"caption\":\"Trends &amp; Vision (DE)\"},\"image\":{\"@id\":\"https:\\\/\\\/trendsandvision.nl\\\/de\\\/#\\\/schema\\\/logo\\\/image\\\/\"}}]}<\/script>\n<!-- \/ Yoast SEO Premium plugin. -->","yoast_head_json":{"title":"Esschert Design Belle \u00c9poque Liebesbank (MF076)","description":"Esschert Design Belle \u00c9poque Liebesbank (MF076 EAN 8714982283314) L 114 x T 77,2 x H 86,5 cm, Eisen, PE, Gewicht 8,74 kg, Tragf\u00e4higkeit 240 kg verliebten","robots":{"index":"index","follow":"follow","max-snippet":"max-snippet:-1","max-image-preview":"max-image-preview:large","max-video-preview":"max-video-preview:-1"},"canonical":"https:\/\/trendsandvision.nl\/de\/product\/esschert-design-belle-epoque-liebesbank\/","og_locale":"de_DE","og_type":"article","og_title":"Esschert Design Belle \u00c9poque Liebesbank","og_description":"Esschert Design Belle \u00c9poque Liebesbank (MF076 EAN 8714982283314) L 114 x T 77,2 x H 86,5 cm, Eisen, PE, Gewicht 8,74 kg, Tragf\u00e4higkeit 240 kg verliebten","og_url":"https:\/\/trendsandvision.nl\/de\/product\/esschert-design-belle-epoque-liebesbank\/","og_site_name":"Trends &amp; Vision (DE)","article_modified_time":"2026-04-22T13:13:35+00:00","og_image":[{"width":800,"height":800,"url":"https:\/\/trendsandvision.nl\/de\/wp-content\/uploads\/sites\/3\/2024\/12\/MF076_01.jpg","type":"image\/jpeg"}],"twitter_card":"summary_large_image","twitter_misc":{"Gesch\u00e4tzte Lesezeit":"1\u00a0Minute"},"schema":{"@context":"https:\/\/schema.org","@graph":[{"@type":"WebPage","@id":"https:\/\/trendsandvision.nl\/de\/product\/esschert-design-belle-epoque-liebesbank\/","url":"https:\/\/trendsandvision.nl\/de\/product\/esschert-design-belle-epoque-liebesbank\/","name":"Esschert Design Belle \u00c9poque Liebesbank (MF076)","isPartOf":{"@id":"https:\/\/trendsandvision.nl\/de\/#website"},"primaryImageOfPage":{"@id":"https:\/\/trendsandvision.nl\/de\/product\/esschert-design-belle-epoque-liebesbank\/#primaryimage"},"image":{"@id":"https:\/\/trendsandvision.nl\/de\/product\/esschert-design-belle-epoque-liebesbank\/#primaryimage"},"thumbnailUrl":"https:\/\/trendsandvision.nl\/de\/wp-content\/uploads\/sites\/3\/2024\/12\/MF076_01.jpg","datePublished":"2024-12-22T07:44:31+00:00","dateModified":"2026-04-22T13:13:35+00:00","description":"Esschert Design Belle \u00c9poque Liebesbank (MF076 EAN 8714982283314) L 114 x T 77,2 x H 86,5 cm, Eisen, PE, Gewicht 8,74 kg, Tragf\u00e4higkeit 240 kg verliebten","breadcrumb":{"@id":"https:\/\/trendsandvision.nl\/de\/product\/esschert-design-belle-epoque-liebesbank\/#breadcrumb"},"inLanguage":"de","potentialAction":[{"@type":"ReadAction","target":["https:\/\/trendsandvision.nl\/de\/product\/esschert-design-belle-epoque-liebesbank\/"]}]},{"@type":"ImageObject","inLanguage":"de","@id":"https:\/\/trendsandvision.nl\/de\/product\/esschert-design-belle-epoque-liebesbank\/#primaryimage","url":"https:\/\/trendsandvision.nl\/de\/wp-content\/uploads\/sites\/3\/2024\/12\/MF076_01.jpg","contentUrl":"https:\/\/trendsandvision.nl\/de\/wp-content\/uploads\/sites\/3\/2024\/12\/MF076_01.jpg","width":800,"height":800,"caption":"Trends and Vision Belle \u00c9poque Liebesbank (MF076 EAN 8714982283314) L 114 x T 77,2 x H 86,5 cm, Eisen, PE, Gewicht 8,74 kg, Tragf\u00e4higkeit 240 kg verliebten"},{"@type":"BreadcrumbList","@id":"https:\/\/trendsandvision.nl\/de\/product\/esschert-design-belle-epoque-liebesbank\/#breadcrumb","itemListElement":[{"@type":"ListItem","position":1,"name":"Home","item":"https:\/\/trendsandvision.nl\/de\/"},{"@type":"ListItem","position":2,"name":"Gesch\u00e4ft","item":"https:\/\/trendsandvision.nl\/de\/geschaft\/"},{"@type":"ListItem","position":3,"name":"Esschert Design Belle \u00c9poque Liebesbank"}]},{"@type":"WebSite","@id":"https:\/\/trendsandvision.nl\/de\/#website","url":"https:\/\/trendsandvision.nl\/de\/","name":"Trends &amp; Vision (DE)","description":"Der Webshop f\u00fcr Esschert Design Artikel","publisher":{"@id":"https:\/\/trendsandvision.nl\/de\/#organization"},"potentialAction":[{"@type":"SearchAction","target":{"@type":"EntryPoint","urlTemplate":"https:\/\/trendsandvision.nl\/de\/?s={search_term_string}"},"query-input":{"@type":"PropertyValueSpecification","valueRequired":true,"valueName":"search_term_string"}}],"inLanguage":"de"},{"@type":"Organization","@id":"https:\/\/trendsandvision.nl\/de\/#organization","name":"Trends &amp; Vision (DE)","url":"https:\/\/trendsandvision.nl\/de\/","logo":{"@type":"ImageObject","inLanguage":"de","@id":"https:\/\/trendsandvision.nl\/de\/#\/schema\/logo\/image\/","url":"https:\/\/trendsandvision.nl\/de\/wp-content\/uploads\/sites\/3\/2022\/04\/trends-and-vision-logo.jpg","contentUrl":"https:\/\/trendsandvision.nl\/de\/wp-content\/uploads\/sites\/3\/2022\/04\/trends-and-vision-logo.jpg","width":213,"height":100,"caption":"Trends &amp; Vision (DE)"},"image":{"@id":"https:\/\/trendsandvision.nl\/de\/#\/schema\/logo\/image\/"}}]}},"_links":{"self":[{"href":"https:\/\/trendsandvision.nl\/de\/wp-json\/wp\/v2\/product\/18584","targetHints":{"allow":["GET"]}}],"collection":[{"href":"https:\/\/trendsandvision.nl\/de\/wp-json\/wp\/v2\/product"}],"about":[{"href":"https:\/\/trendsandvision.nl\/de\/wp-json\/wp\/v2\/types\/product"}],"wp:featuredmedia":[{"embeddable":true,"href":"https:\/\/trendsandvision.nl\/de\/wp-json\/wp\/v2\/media\/18585"}],"wp:attachment":[{"href":"https:\/\/trendsandvision.nl\/de\/wp-json\/wp\/v2\/media?parent=18584"}],"wp:term":[{"taxonomy":"product_brand","embeddable":true,"href":"https:\/\/trendsandvision.nl\/de\/wp-json\/wp\/v2\/product_brand?post=18584"},{"taxonomy":"product_cat","embeddable":true,"href":"https:\/\/trendsandvision.nl\/de\/wp-json\/wp\/v2\/product_cat?post=18584"},{"taxonomy":"product_tag","embeddable":true,"href":"https:\/\/trendsandvision.nl\/de\/wp-json\/wp\/v2\/product_tag?post=18584"}],"curies":[{"name":"wp","href":"https:\/\/api.w.org\/{rel}","templated":true}]}}