{"id":18572,"date":"2024-12-22T08:44:17","date_gmt":"2024-12-22T07:44:17","guid":{"rendered":"https:\/\/trendsandvision.nl\/de\/product\/esschert-design-runder-belle-epoque-tisch\/"},"modified":"2026-04-22T15:13:31","modified_gmt":"2026-04-22T13:13:31","slug":"esschert-design-runder-belle-epoque-tisch","status":"publish","type":"product","link":"https:\/\/trendsandvision.nl\/de\/product\/esschert-design-runder-belle-epoque-tisch\/","title":{"rendered":"Esschert Design Runder Belle-\u00c9poque-Tisch"},"content":{"rendered":"<p>Esschert Design Runder <strong><a href=\"https:\/\/trendsandvision.nl\/de\/?s=epoque&amp;post_type=product&amp;dgwt_wcas=1\">Belle-\u00c9poque<\/a><\/strong>-Tisch.<br \/>\nDieser wundersch\u00f6ne Tisch steht auf vier stabilen Beinen, die mit einem elegant geschwungenen Herzmotiv verziert sind. Das verleiht ihm einen klassischen franz\u00f6sischen Look.<br \/>\nDer Tisch besteht aus wetterfestem Metall und ist ideal f\u00fcr den Au\u00dfenbereich.<br \/>\nDie runde Tischplatte bietet ausreichend Platz zum Essen, Spielen oder f\u00fcr eine Tasse Tee mit Freunden oder Familie. Das Herzmotiv an den Beinen sorgt f\u00fcr eine romantische Note.<\/p>\n<p>Runder Belle-\u00c9poque-Tisch<br \/>\nArtikelnummer MF070, inklapbare Tisch \u00f8 70 cm<br \/>\nProduktabmessungen in cm L &amp; T \u00f8 70 x H 71,5<br \/>\nMaterial Eisen, PE<br \/>\nNettogewicht 6,5 kg<br \/>\nBarcode 8714982283253<br \/>\nTragf\u00e4higkeit 90 kg<br \/>\nProduzent <a href=\"https:\/\/www.esschertdesign.com\/shop\/de\/belle-epoque-tafel-rond-mf070\" target=\"_blank\">Esschert Design<\/a><\/p>\n","protected":false},"excerpt":{"rendered":"<p>Einfach zu montieren<br \/>\nL + T \u00f8 70 x H 71,5 cm<br \/>\nNettogewicht 6,5 kg<br \/>\nBarcode 8714982283253<br \/>\nTragf\u00e4higkeit 90 kg<br \/>\nGeschwungenes Herzmotiv f\u00fcr franz\u00f6sisches Flair<br \/>\nPulverbeschichtung und E-Beschichtung<\/p>\n","protected":false},"featured_media":18573,"template":"","meta":[],"product_brand":[9597,9598],"product_cat":[741],"product_tag":[9594,11283,7759,7801,7470,6778,7802],"class_list":{"0":"post-18572","1":"product","2":"type-product","3":"status-publish","4":"has-post-thumbnail","6":"product_brand-esschert-design","7":"product_brand-trends-and-vision","8":"product_cat-garden-furniture","9":"product_tag-belle-epoque-schaukelstuhl","10":"product_tag-bistro","11":"product_tag-gartenmoebel","12":"product_tag-gartentischl","13":"product_tag-metall","14":"product_tag-terrasse","15":"product_tag-tisch","16":"pa_anbieter-esschert-design","17":"pa_ean-code-7698","19":"first","20":"instock","21":"sale","22":"taxable","23":"shipping-taxable","24":"purchasable","25":"product-type-simple","26":"czr-hentry"},"yoast_head":"<!-- This site is optimized with the Yoast SEO Premium plugin v27.4 (Yoast SEO v27.5) - https:\/\/yoast.com\/product\/yoast-seo-premium-wordpress\/ -->\n<title>Esschert Design Runder Belle-\u00c9poque-Tisch (MF070)<\/title>\n<meta name=\"description\" content=\"Esschert Design Runder Belle-\u00c9poque-Tisch, MF070 EAN 8714982283253 \u00f8 70 x H 71,5, Eisen, PE, Gewicht 6,5 kg, Tragf\u00e4higkeit 90 kg, Einfach zu montieren\" \/>\n<meta name=\"robots\" content=\"index, follow, max-snippet:-1, max-image-preview:large, max-video-preview:-1\" \/>\n<link rel=\"canonical\" href=\"https:\/\/trendsandvision.nl\/de\/product\/esschert-design-runder-belle-epoque-tisch\/\" \/>\n<meta property=\"og:locale\" content=\"de_DE\" \/>\n<meta property=\"og:type\" content=\"article\" \/>\n<meta property=\"og:title\" content=\"Esschert Design Runder Belle-\u00c9poque-Tisch\" \/>\n<meta property=\"og:description\" content=\"Esschert Design Runder Belle-\u00c9poque-Tisch, MF070 EAN 8714982283253 \u00f8 70 x H 71,5, Eisen, PE, Gewicht 6,5 kg, Tragf\u00e4higkeit 90 kg, Einfach zu montieren\" \/>\n<meta property=\"og:url\" content=\"https:\/\/trendsandvision.nl\/de\/product\/esschert-design-runder-belle-epoque-tisch\/\" \/>\n<meta property=\"og:site_name\" content=\"Trends &amp; Vision (DE)\" \/>\n<meta property=\"article:modified_time\" content=\"2026-04-22T13:13:31+00:00\" \/>\n<meta property=\"og:image\" content=\"https:\/\/trendsandvision.nl\/de\/wp-content\/uploads\/sites\/3\/2024\/12\/MF070_01.jpg\" \/>\n\t<meta property=\"og:image:width\" content=\"800\" \/>\n\t<meta property=\"og:image:height\" content=\"800\" \/>\n\t<meta property=\"og:image:type\" content=\"image\/jpeg\" \/>\n<meta name=\"twitter:card\" content=\"summary_large_image\" \/>\n<meta name=\"twitter:label1\" content=\"Gesch\u00e4tzte Lesezeit\" \/>\n\t<meta name=\"twitter:data1\" content=\"1\u00a0Minute\" \/>\n<script type=\"application\/ld+json\" class=\"yoast-schema-graph\">{\"@context\":\"https:\\\/\\\/schema.org\",\"@graph\":[{\"@type\":\"WebPage\",\"@id\":\"https:\\\/\\\/trendsandvision.nl\\\/de\\\/product\\\/esschert-design-runder-belle-epoque-tisch\\\/\",\"url\":\"https:\\\/\\\/trendsandvision.nl\\\/de\\\/product\\\/esschert-design-runder-belle-epoque-tisch\\\/\",\"name\":\"Esschert Design Runder Belle-\u00c9poque-Tisch (MF070)\",\"isPartOf\":{\"@id\":\"https:\\\/\\\/trendsandvision.nl\\\/de\\\/#website\"},\"primaryImageOfPage\":{\"@id\":\"https:\\\/\\\/trendsandvision.nl\\\/de\\\/product\\\/esschert-design-runder-belle-epoque-tisch\\\/#primaryimage\"},\"image\":{\"@id\":\"https:\\\/\\\/trendsandvision.nl\\\/de\\\/product\\\/esschert-design-runder-belle-epoque-tisch\\\/#primaryimage\"},\"thumbnailUrl\":\"https:\\\/\\\/trendsandvision.nl\\\/de\\\/wp-content\\\/uploads\\\/sites\\\/3\\\/2024\\\/12\\\/MF070_01.jpg\",\"datePublished\":\"2024-12-22T07:44:17+00:00\",\"dateModified\":\"2026-04-22T13:13:31+00:00\",\"description\":\"Esschert Design Runder Belle-\u00c9poque-Tisch, MF070 EAN 8714982283253 \u00f8 70 x H 71,5, Eisen, PE, Gewicht 6,5 kg, Tragf\u00e4higkeit 90 kg, Einfach zu montieren\",\"breadcrumb\":{\"@id\":\"https:\\\/\\\/trendsandvision.nl\\\/de\\\/product\\\/esschert-design-runder-belle-epoque-tisch\\\/#breadcrumb\"},\"inLanguage\":\"de\",\"potentialAction\":[{\"@type\":\"ReadAction\",\"target\":[\"https:\\\/\\\/trendsandvision.nl\\\/de\\\/product\\\/esschert-design-runder-belle-epoque-tisch\\\/\"]}]},{\"@type\":\"ImageObject\",\"inLanguage\":\"de\",\"@id\":\"https:\\\/\\\/trendsandvision.nl\\\/de\\\/product\\\/esschert-design-runder-belle-epoque-tisch\\\/#primaryimage\",\"url\":\"https:\\\/\\\/trendsandvision.nl\\\/de\\\/wp-content\\\/uploads\\\/sites\\\/3\\\/2024\\\/12\\\/MF070_01.jpg\",\"contentUrl\":\"https:\\\/\\\/trendsandvision.nl\\\/de\\\/wp-content\\\/uploads\\\/sites\\\/3\\\/2024\\\/12\\\/MF070_01.jpg\",\"width\":800,\"height\":800,\"caption\":\"Trends and Vision Runder Belle-\u00c9poque-Tisch, MF070 EAN 8714982283253 \u00f8 70 x H 71,5, Eisen, PE, Gewicht 6,5 kg, Tragf\u00e4higkeit 90 kg, Einfach zu montieren,\"},{\"@type\":\"BreadcrumbList\",\"@id\":\"https:\\\/\\\/trendsandvision.nl\\\/de\\\/product\\\/esschert-design-runder-belle-epoque-tisch\\\/#breadcrumb\",\"itemListElement\":[{\"@type\":\"ListItem\",\"position\":1,\"name\":\"Home\",\"item\":\"https:\\\/\\\/trendsandvision.nl\\\/de\\\/\"},{\"@type\":\"ListItem\",\"position\":2,\"name\":\"Gesch\u00e4ft\",\"item\":\"https:\\\/\\\/trendsandvision.nl\\\/de\\\/geschaft\\\/\"},{\"@type\":\"ListItem\",\"position\":3,\"name\":\"Esschert Design Runder Belle-\u00c9poque-Tisch\"}]},{\"@type\":\"WebSite\",\"@id\":\"https:\\\/\\\/trendsandvision.nl\\\/de\\\/#website\",\"url\":\"https:\\\/\\\/trendsandvision.nl\\\/de\\\/\",\"name\":\"Trends &amp; Vision (DE)\",\"description\":\"Der Webshop f\u00fcr Esschert Design Artikel\",\"publisher\":{\"@id\":\"https:\\\/\\\/trendsandvision.nl\\\/de\\\/#organization\"},\"potentialAction\":[{\"@type\":\"SearchAction\",\"target\":{\"@type\":\"EntryPoint\",\"urlTemplate\":\"https:\\\/\\\/trendsandvision.nl\\\/de\\\/?s={search_term_string}\"},\"query-input\":{\"@type\":\"PropertyValueSpecification\",\"valueRequired\":true,\"valueName\":\"search_term_string\"}}],\"inLanguage\":\"de\"},{\"@type\":\"Organization\",\"@id\":\"https:\\\/\\\/trendsandvision.nl\\\/de\\\/#organization\",\"name\":\"Trends &amp; Vision (DE)\",\"url\":\"https:\\\/\\\/trendsandvision.nl\\\/de\\\/\",\"logo\":{\"@type\":\"ImageObject\",\"inLanguage\":\"de\",\"@id\":\"https:\\\/\\\/trendsandvision.nl\\\/de\\\/#\\\/schema\\\/logo\\\/image\\\/\",\"url\":\"https:\\\/\\\/trendsandvision.nl\\\/de\\\/wp-content\\\/uploads\\\/sites\\\/3\\\/2022\\\/04\\\/trends-and-vision-logo.jpg\",\"contentUrl\":\"https:\\\/\\\/trendsandvision.nl\\\/de\\\/wp-content\\\/uploads\\\/sites\\\/3\\\/2022\\\/04\\\/trends-and-vision-logo.jpg\",\"width\":213,\"height\":100,\"caption\":\"Trends &amp; Vision (DE)\"},\"image\":{\"@id\":\"https:\\\/\\\/trendsandvision.nl\\\/de\\\/#\\\/schema\\\/logo\\\/image\\\/\"}}]}<\/script>\n<!-- \/ Yoast SEO Premium plugin. -->","yoast_head_json":{"title":"Esschert Design Runder Belle-\u00c9poque-Tisch (MF070)","description":"Esschert Design Runder Belle-\u00c9poque-Tisch, MF070 EAN 8714982283253 \u00f8 70 x H 71,5, Eisen, PE, Gewicht 6,5 kg, Tragf\u00e4higkeit 90 kg, Einfach zu montieren","robots":{"index":"index","follow":"follow","max-snippet":"max-snippet:-1","max-image-preview":"max-image-preview:large","max-video-preview":"max-video-preview:-1"},"canonical":"https:\/\/trendsandvision.nl\/de\/product\/esschert-design-runder-belle-epoque-tisch\/","og_locale":"de_DE","og_type":"article","og_title":"Esschert Design Runder Belle-\u00c9poque-Tisch","og_description":"Esschert Design Runder Belle-\u00c9poque-Tisch, MF070 EAN 8714982283253 \u00f8 70 x H 71,5, Eisen, PE, Gewicht 6,5 kg, Tragf\u00e4higkeit 90 kg, Einfach zu montieren","og_url":"https:\/\/trendsandvision.nl\/de\/product\/esschert-design-runder-belle-epoque-tisch\/","og_site_name":"Trends &amp; Vision (DE)","article_modified_time":"2026-04-22T13:13:31+00:00","og_image":[{"width":800,"height":800,"url":"https:\/\/trendsandvision.nl\/de\/wp-content\/uploads\/sites\/3\/2024\/12\/MF070_01.jpg","type":"image\/jpeg"}],"twitter_card":"summary_large_image","twitter_misc":{"Gesch\u00e4tzte Lesezeit":"1\u00a0Minute"},"schema":{"@context":"https:\/\/schema.org","@graph":[{"@type":"WebPage","@id":"https:\/\/trendsandvision.nl\/de\/product\/esschert-design-runder-belle-epoque-tisch\/","url":"https:\/\/trendsandvision.nl\/de\/product\/esschert-design-runder-belle-epoque-tisch\/","name":"Esschert Design Runder Belle-\u00c9poque-Tisch (MF070)","isPartOf":{"@id":"https:\/\/trendsandvision.nl\/de\/#website"},"primaryImageOfPage":{"@id":"https:\/\/trendsandvision.nl\/de\/product\/esschert-design-runder-belle-epoque-tisch\/#primaryimage"},"image":{"@id":"https:\/\/trendsandvision.nl\/de\/product\/esschert-design-runder-belle-epoque-tisch\/#primaryimage"},"thumbnailUrl":"https:\/\/trendsandvision.nl\/de\/wp-content\/uploads\/sites\/3\/2024\/12\/MF070_01.jpg","datePublished":"2024-12-22T07:44:17+00:00","dateModified":"2026-04-22T13:13:31+00:00","description":"Esschert Design Runder Belle-\u00c9poque-Tisch, MF070 EAN 8714982283253 \u00f8 70 x H 71,5, Eisen, PE, Gewicht 6,5 kg, Tragf\u00e4higkeit 90 kg, Einfach zu montieren","breadcrumb":{"@id":"https:\/\/trendsandvision.nl\/de\/product\/esschert-design-runder-belle-epoque-tisch\/#breadcrumb"},"inLanguage":"de","potentialAction":[{"@type":"ReadAction","target":["https:\/\/trendsandvision.nl\/de\/product\/esschert-design-runder-belle-epoque-tisch\/"]}]},{"@type":"ImageObject","inLanguage":"de","@id":"https:\/\/trendsandvision.nl\/de\/product\/esschert-design-runder-belle-epoque-tisch\/#primaryimage","url":"https:\/\/trendsandvision.nl\/de\/wp-content\/uploads\/sites\/3\/2024\/12\/MF070_01.jpg","contentUrl":"https:\/\/trendsandvision.nl\/de\/wp-content\/uploads\/sites\/3\/2024\/12\/MF070_01.jpg","width":800,"height":800,"caption":"Trends and Vision Runder Belle-\u00c9poque-Tisch, MF070 EAN 8714982283253 \u00f8 70 x H 71,5, Eisen, PE, Gewicht 6,5 kg, Tragf\u00e4higkeit 90 kg, Einfach zu montieren,"},{"@type":"BreadcrumbList","@id":"https:\/\/trendsandvision.nl\/de\/product\/esschert-design-runder-belle-epoque-tisch\/#breadcrumb","itemListElement":[{"@type":"ListItem","position":1,"name":"Home","item":"https:\/\/trendsandvision.nl\/de\/"},{"@type":"ListItem","position":2,"name":"Gesch\u00e4ft","item":"https:\/\/trendsandvision.nl\/de\/geschaft\/"},{"@type":"ListItem","position":3,"name":"Esschert Design Runder Belle-\u00c9poque-Tisch"}]},{"@type":"WebSite","@id":"https:\/\/trendsandvision.nl\/de\/#website","url":"https:\/\/trendsandvision.nl\/de\/","name":"Trends &amp; Vision (DE)","description":"Der Webshop f\u00fcr Esschert Design Artikel","publisher":{"@id":"https:\/\/trendsandvision.nl\/de\/#organization"},"potentialAction":[{"@type":"SearchAction","target":{"@type":"EntryPoint","urlTemplate":"https:\/\/trendsandvision.nl\/de\/?s={search_term_string}"},"query-input":{"@type":"PropertyValueSpecification","valueRequired":true,"valueName":"search_term_string"}}],"inLanguage":"de"},{"@type":"Organization","@id":"https:\/\/trendsandvision.nl\/de\/#organization","name":"Trends &amp; Vision (DE)","url":"https:\/\/trendsandvision.nl\/de\/","logo":{"@type":"ImageObject","inLanguage":"de","@id":"https:\/\/trendsandvision.nl\/de\/#\/schema\/logo\/image\/","url":"https:\/\/trendsandvision.nl\/de\/wp-content\/uploads\/sites\/3\/2022\/04\/trends-and-vision-logo.jpg","contentUrl":"https:\/\/trendsandvision.nl\/de\/wp-content\/uploads\/sites\/3\/2022\/04\/trends-and-vision-logo.jpg","width":213,"height":100,"caption":"Trends &amp; Vision (DE)"},"image":{"@id":"https:\/\/trendsandvision.nl\/de\/#\/schema\/logo\/image\/"}}]}},"_links":{"self":[{"href":"https:\/\/trendsandvision.nl\/de\/wp-json\/wp\/v2\/product\/18572","targetHints":{"allow":["GET"]}}],"collection":[{"href":"https:\/\/trendsandvision.nl\/de\/wp-json\/wp\/v2\/product"}],"about":[{"href":"https:\/\/trendsandvision.nl\/de\/wp-json\/wp\/v2\/types\/product"}],"wp:featuredmedia":[{"embeddable":true,"href":"https:\/\/trendsandvision.nl\/de\/wp-json\/wp\/v2\/media\/18573"}],"wp:attachment":[{"href":"https:\/\/trendsandvision.nl\/de\/wp-json\/wp\/v2\/media?parent=18572"}],"wp:term":[{"taxonomy":"product_brand","embeddable":true,"href":"https:\/\/trendsandvision.nl\/de\/wp-json\/wp\/v2\/product_brand?post=18572"},{"taxonomy":"product_cat","embeddable":true,"href":"https:\/\/trendsandvision.nl\/de\/wp-json\/wp\/v2\/product_cat?post=18572"},{"taxonomy":"product_tag","embeddable":true,"href":"https:\/\/trendsandvision.nl\/de\/wp-json\/wp\/v2\/product_tag?post=18572"}],"curies":[{"name":"wp","href":"https:\/\/api.w.org\/{rel}","templated":true}]}}