{"id":18570,"date":"2024-12-22T08:44:14","date_gmt":"2024-12-22T07:44:14","guid":{"rendered":"https:\/\/trendsandvision.nl\/de\/product\/esschert-design-tuerstopper-stiefel-khaki-wahl\/"},"modified":"2026-04-22T15:12:56","modified_gmt":"2026-04-22T13:12:56","slug":"esschert-design-tuerstopper-stiefel-khaki-wahl","status":"publish","type":"product","link":"https:\/\/trendsandvision.nl\/de\/product\/esschert-design-tuerstopper-stiefel-khaki-wahl\/","title":{"rendered":"Esschert Design T\u00fcrstopper Stiefel Khaki"},"content":{"rendered":"<p>Esschert Design T\u00fcrstopper Stiefel Khaki.<br \/>\nAuswahl zwischen Khaki oder <strong><a href=\"https:\/\/trendsandvision.nl\/de\/product\/esschert-design-tuerstopper-stiefel-gruen-wahl\/\">Gr\u00fcn<\/a><\/strong>, nicht vom Original zu unterscheiden, ein wirklich vornehmer Stiefel T\u00fcrstopper.<br \/>\nNie wieder zuschlagende T\u00fcren dank diesem T\u00fcrstopper in Form eines Gummistiefels. Hergestellt aus PVC, sch\u00fctzt er T\u00fcr und Boden vor Besch\u00e4digungen. Das Gewicht h\u00e4lt die T\u00fcr offen, w\u00e4hrend das Design f\u00fcr eine fr\u00f6hliche Note sorgt.<br \/>\nKlicken Sie f\u00fcr Ihre Wunschfarbe auf den Link oben, Preis gilt pro St\u00fcck.<\/p>\n<p>Esschert Design T\u00fcrstopper Stiefel Khaki<br \/>\nArtikelnummer LH337<br \/>\nProduktgruppe(n) T\u00fcr &amp; Halle, T\u00fcrstopper<br \/>\nProduktabmessungen in cm L 26,2 x T 11,2 x H 37<br \/>\nMaterial PVC, Sand, PE<br \/>\nNettogewicht 1,8 kg<br \/>\nBarcode 8714982280016<br \/>\nProduzent <a href=\"https:\/\/www.esschertdesign.com\/shop\/de\/deurstopper-laars-khaki-ass-lh337\" target=\"_blank\">Esschert Design<\/a><\/p>\n","protected":false},"excerpt":{"rendered":"<p>L 26,2 x T 11,2 x H 37 cm<br \/>\nMaterial PVC, Sand, PE<br \/>\nNettogewicht 1,8 kg<br \/>\nBarcode 8714982280016<\/p>\n","protected":false},"featured_media":18571,"template":"","meta":[],"product_brand":[9597,9598],"product_cat":[851],"product_tag":[9579,6798,6864],"class_list":{"0":"post-18570","1":"product","2":"type-product","3":"status-publish","4":"has-post-thumbnail","6":"product_brand-esschert-design","7":"product_brand-trends-and-vision","8":"product_cat-best-for-boots","9":"product_tag-pro-stueck","10":"product_tag-stiefel","11":"product_tag-tuerstopper","12":"pa_anbieter-esschert-design","13":"pa_ean-code-7697","15":"first","16":"instock","17":"sale","18":"taxable","19":"shipping-taxable","20":"purchasable","21":"product-type-simple","22":"czr-hentry"},"yoast_head":"<!-- This site is optimized with the Yoast SEO Premium plugin v27.4 (Yoast SEO v27.4) - https:\/\/yoast.com\/product\/yoast-seo-premium-wordpress\/ -->\n<title>Esschert Design T\u00fcrstopper Stiefel Khaki Wahl (LH337)<\/title>\n<meta name=\"description\" content=\"Esschert Design T\u00fcrstopper Stiefel Khaki Wahl (LH337 8714982280016) cm L 26,2 x T 11,2 x H 37, Material PVC, Sand, PE, Nettogewicht 1,8 kg\" \/>\n<meta name=\"robots\" content=\"index, follow, max-snippet:-1, max-image-preview:large, max-video-preview:-1\" \/>\n<link rel=\"canonical\" href=\"https:\/\/trendsandvision.nl\/de\/product\/esschert-design-tuerstopper-stiefel-khaki-wahl\/\" \/>\n<meta property=\"og:locale\" content=\"de_DE\" \/>\n<meta property=\"og:type\" content=\"article\" \/>\n<meta property=\"og:title\" content=\"Esschert Design T\u00fcrstopper Stiefel Khaki\" \/>\n<meta property=\"og:description\" content=\"Esschert Design T\u00fcrstopper Stiefel Khaki Wahl (LH337 8714982280016) cm L 26,2 x T 11,2 x H 37, Material PVC, Sand, PE, Nettogewicht 1,8 kg\" \/>\n<meta property=\"og:url\" content=\"https:\/\/trendsandvision.nl\/de\/product\/esschert-design-tuerstopper-stiefel-khaki-wahl\/\" \/>\n<meta property=\"og:site_name\" content=\"Trends &amp; Vision (DE)\" \/>\n<meta property=\"article:modified_time\" content=\"2026-04-22T13:12:56+00:00\" \/>\n<meta property=\"og:image\" content=\"https:\/\/trendsandvision.nl\/de\/wp-content\/uploads\/sites\/3\/2024\/12\/LH337_01.jpg\" \/>\n\t<meta property=\"og:image:width\" content=\"800\" \/>\n\t<meta property=\"og:image:height\" content=\"800\" \/>\n\t<meta property=\"og:image:type\" content=\"image\/jpeg\" \/>\n<meta name=\"twitter:card\" content=\"summary_large_image\" \/>\n<meta name=\"twitter:label1\" content=\"Gesch\u00e4tzte Lesezeit\" \/>\n\t<meta name=\"twitter:data1\" content=\"1\u00a0Minute\" \/>\n<script type=\"application\/ld+json\" class=\"yoast-schema-graph\">{\"@context\":\"https:\\\/\\\/schema.org\",\"@graph\":[{\"@type\":\"WebPage\",\"@id\":\"https:\\\/\\\/trendsandvision.nl\\\/de\\\/product\\\/esschert-design-tuerstopper-stiefel-khaki-wahl\\\/\",\"url\":\"https:\\\/\\\/trendsandvision.nl\\\/de\\\/product\\\/esschert-design-tuerstopper-stiefel-khaki-wahl\\\/\",\"name\":\"Esschert Design T\u00fcrstopper Stiefel Khaki Wahl (LH337)\",\"isPartOf\":{\"@id\":\"https:\\\/\\\/trendsandvision.nl\\\/de\\\/#website\"},\"primaryImageOfPage\":{\"@id\":\"https:\\\/\\\/trendsandvision.nl\\\/de\\\/product\\\/esschert-design-tuerstopper-stiefel-khaki-wahl\\\/#primaryimage\"},\"image\":{\"@id\":\"https:\\\/\\\/trendsandvision.nl\\\/de\\\/product\\\/esschert-design-tuerstopper-stiefel-khaki-wahl\\\/#primaryimage\"},\"thumbnailUrl\":\"https:\\\/\\\/trendsandvision.nl\\\/de\\\/wp-content\\\/uploads\\\/sites\\\/3\\\/2024\\\/12\\\/LH337_01.jpg\",\"datePublished\":\"2024-12-22T07:44:14+00:00\",\"dateModified\":\"2026-04-22T13:12:56+00:00\",\"description\":\"Esschert Design T\u00fcrstopper Stiefel Khaki Wahl (LH337 8714982280016) cm L 26,2 x T 11,2 x H 37, Material PVC, Sand, PE, Nettogewicht 1,8 kg\",\"breadcrumb\":{\"@id\":\"https:\\\/\\\/trendsandvision.nl\\\/de\\\/product\\\/esschert-design-tuerstopper-stiefel-khaki-wahl\\\/#breadcrumb\"},\"inLanguage\":\"de\",\"potentialAction\":[{\"@type\":\"ReadAction\",\"target\":[\"https:\\\/\\\/trendsandvision.nl\\\/de\\\/product\\\/esschert-design-tuerstopper-stiefel-khaki-wahl\\\/\"]}]},{\"@type\":\"ImageObject\",\"inLanguage\":\"de\",\"@id\":\"https:\\\/\\\/trendsandvision.nl\\\/de\\\/product\\\/esschert-design-tuerstopper-stiefel-khaki-wahl\\\/#primaryimage\",\"url\":\"https:\\\/\\\/trendsandvision.nl\\\/de\\\/wp-content\\\/uploads\\\/sites\\\/3\\\/2024\\\/12\\\/LH337_01.jpg\",\"contentUrl\":\"https:\\\/\\\/trendsandvision.nl\\\/de\\\/wp-content\\\/uploads\\\/sites\\\/3\\\/2024\\\/12\\\/LH337_01.jpg\",\"width\":800,\"height\":800,\"caption\":\"Trends and Vision T\u00fcrstopper Stiefel Khaki Wahl (LH337 8714982280016) cm L 26,2 x T 11,2 x H 37, Material PVC, Sand, PE, Nettogewicht 1,8 kg\"},{\"@type\":\"BreadcrumbList\",\"@id\":\"https:\\\/\\\/trendsandvision.nl\\\/de\\\/product\\\/esschert-design-tuerstopper-stiefel-khaki-wahl\\\/#breadcrumb\",\"itemListElement\":[{\"@type\":\"ListItem\",\"position\":1,\"name\":\"Home\",\"item\":\"https:\\\/\\\/trendsandvision.nl\\\/de\\\/\"},{\"@type\":\"ListItem\",\"position\":2,\"name\":\"Gesch\u00e4ft\",\"item\":\"https:\\\/\\\/trendsandvision.nl\\\/de\\\/geschaft\\\/\"},{\"@type\":\"ListItem\",\"position\":3,\"name\":\"Esschert Design T\u00fcrstopper Stiefel Khaki\"}]},{\"@type\":\"WebSite\",\"@id\":\"https:\\\/\\\/trendsandvision.nl\\\/de\\\/#website\",\"url\":\"https:\\\/\\\/trendsandvision.nl\\\/de\\\/\",\"name\":\"Trends &amp; Vision (DE)\",\"description\":\"Der Webshop f\u00fcr Esschert Design Artikel\",\"publisher\":{\"@id\":\"https:\\\/\\\/trendsandvision.nl\\\/de\\\/#organization\"},\"potentialAction\":[{\"@type\":\"SearchAction\",\"target\":{\"@type\":\"EntryPoint\",\"urlTemplate\":\"https:\\\/\\\/trendsandvision.nl\\\/de\\\/?s={search_term_string}\"},\"query-input\":{\"@type\":\"PropertyValueSpecification\",\"valueRequired\":true,\"valueName\":\"search_term_string\"}}],\"inLanguage\":\"de\"},{\"@type\":\"Organization\",\"@id\":\"https:\\\/\\\/trendsandvision.nl\\\/de\\\/#organization\",\"name\":\"Trends &amp; Vision (DE)\",\"url\":\"https:\\\/\\\/trendsandvision.nl\\\/de\\\/\",\"logo\":{\"@type\":\"ImageObject\",\"inLanguage\":\"de\",\"@id\":\"https:\\\/\\\/trendsandvision.nl\\\/de\\\/#\\\/schema\\\/logo\\\/image\\\/\",\"url\":\"https:\\\/\\\/trendsandvision.nl\\\/de\\\/wp-content\\\/uploads\\\/sites\\\/3\\\/2022\\\/04\\\/trends-and-vision-logo.jpg\",\"contentUrl\":\"https:\\\/\\\/trendsandvision.nl\\\/de\\\/wp-content\\\/uploads\\\/sites\\\/3\\\/2022\\\/04\\\/trends-and-vision-logo.jpg\",\"width\":213,\"height\":100,\"caption\":\"Trends &amp; Vision (DE)\"},\"image\":{\"@id\":\"https:\\\/\\\/trendsandvision.nl\\\/de\\\/#\\\/schema\\\/logo\\\/image\\\/\"}}]}<\/script>\n<!-- \/ Yoast SEO Premium plugin. -->","yoast_head_json":{"title":"Esschert Design T\u00fcrstopper Stiefel Khaki Wahl (LH337)","description":"Esschert Design T\u00fcrstopper Stiefel Khaki Wahl (LH337 8714982280016) cm L 26,2 x T 11,2 x H 37, Material PVC, Sand, PE, Nettogewicht 1,8 kg","robots":{"index":"index","follow":"follow","max-snippet":"max-snippet:-1","max-image-preview":"max-image-preview:large","max-video-preview":"max-video-preview:-1"},"canonical":"https:\/\/trendsandvision.nl\/de\/product\/esschert-design-tuerstopper-stiefel-khaki-wahl\/","og_locale":"de_DE","og_type":"article","og_title":"Esschert Design T\u00fcrstopper Stiefel Khaki","og_description":"Esschert Design T\u00fcrstopper Stiefel Khaki Wahl (LH337 8714982280016) cm L 26,2 x T 11,2 x H 37, Material PVC, Sand, PE, Nettogewicht 1,8 kg","og_url":"https:\/\/trendsandvision.nl\/de\/product\/esschert-design-tuerstopper-stiefel-khaki-wahl\/","og_site_name":"Trends &amp; Vision (DE)","article_modified_time":"2026-04-22T13:12:56+00:00","og_image":[{"width":800,"height":800,"url":"https:\/\/trendsandvision.nl\/de\/wp-content\/uploads\/sites\/3\/2024\/12\/LH337_01.jpg","type":"image\/jpeg"}],"twitter_card":"summary_large_image","twitter_misc":{"Gesch\u00e4tzte Lesezeit":"1\u00a0Minute"},"schema":{"@context":"https:\/\/schema.org","@graph":[{"@type":"WebPage","@id":"https:\/\/trendsandvision.nl\/de\/product\/esschert-design-tuerstopper-stiefel-khaki-wahl\/","url":"https:\/\/trendsandvision.nl\/de\/product\/esschert-design-tuerstopper-stiefel-khaki-wahl\/","name":"Esschert Design T\u00fcrstopper Stiefel Khaki Wahl (LH337)","isPartOf":{"@id":"https:\/\/trendsandvision.nl\/de\/#website"},"primaryImageOfPage":{"@id":"https:\/\/trendsandvision.nl\/de\/product\/esschert-design-tuerstopper-stiefel-khaki-wahl\/#primaryimage"},"image":{"@id":"https:\/\/trendsandvision.nl\/de\/product\/esschert-design-tuerstopper-stiefel-khaki-wahl\/#primaryimage"},"thumbnailUrl":"https:\/\/trendsandvision.nl\/de\/wp-content\/uploads\/sites\/3\/2024\/12\/LH337_01.jpg","datePublished":"2024-12-22T07:44:14+00:00","dateModified":"2026-04-22T13:12:56+00:00","description":"Esschert Design T\u00fcrstopper Stiefel Khaki Wahl (LH337 8714982280016) cm L 26,2 x T 11,2 x H 37, Material PVC, Sand, PE, Nettogewicht 1,8 kg","breadcrumb":{"@id":"https:\/\/trendsandvision.nl\/de\/product\/esschert-design-tuerstopper-stiefel-khaki-wahl\/#breadcrumb"},"inLanguage":"de","potentialAction":[{"@type":"ReadAction","target":["https:\/\/trendsandvision.nl\/de\/product\/esschert-design-tuerstopper-stiefel-khaki-wahl\/"]}]},{"@type":"ImageObject","inLanguage":"de","@id":"https:\/\/trendsandvision.nl\/de\/product\/esschert-design-tuerstopper-stiefel-khaki-wahl\/#primaryimage","url":"https:\/\/trendsandvision.nl\/de\/wp-content\/uploads\/sites\/3\/2024\/12\/LH337_01.jpg","contentUrl":"https:\/\/trendsandvision.nl\/de\/wp-content\/uploads\/sites\/3\/2024\/12\/LH337_01.jpg","width":800,"height":800,"caption":"Trends and Vision T\u00fcrstopper Stiefel Khaki Wahl (LH337 8714982280016) cm L 26,2 x T 11,2 x H 37, Material PVC, Sand, PE, Nettogewicht 1,8 kg"},{"@type":"BreadcrumbList","@id":"https:\/\/trendsandvision.nl\/de\/product\/esschert-design-tuerstopper-stiefel-khaki-wahl\/#breadcrumb","itemListElement":[{"@type":"ListItem","position":1,"name":"Home","item":"https:\/\/trendsandvision.nl\/de\/"},{"@type":"ListItem","position":2,"name":"Gesch\u00e4ft","item":"https:\/\/trendsandvision.nl\/de\/geschaft\/"},{"@type":"ListItem","position":3,"name":"Esschert Design T\u00fcrstopper Stiefel Khaki"}]},{"@type":"WebSite","@id":"https:\/\/trendsandvision.nl\/de\/#website","url":"https:\/\/trendsandvision.nl\/de\/","name":"Trends &amp; Vision (DE)","description":"Der Webshop f\u00fcr Esschert Design Artikel","publisher":{"@id":"https:\/\/trendsandvision.nl\/de\/#organization"},"potentialAction":[{"@type":"SearchAction","target":{"@type":"EntryPoint","urlTemplate":"https:\/\/trendsandvision.nl\/de\/?s={search_term_string}"},"query-input":{"@type":"PropertyValueSpecification","valueRequired":true,"valueName":"search_term_string"}}],"inLanguage":"de"},{"@type":"Organization","@id":"https:\/\/trendsandvision.nl\/de\/#organization","name":"Trends &amp; Vision (DE)","url":"https:\/\/trendsandvision.nl\/de\/","logo":{"@type":"ImageObject","inLanguage":"de","@id":"https:\/\/trendsandvision.nl\/de\/#\/schema\/logo\/image\/","url":"https:\/\/trendsandvision.nl\/de\/wp-content\/uploads\/sites\/3\/2022\/04\/trends-and-vision-logo.jpg","contentUrl":"https:\/\/trendsandvision.nl\/de\/wp-content\/uploads\/sites\/3\/2022\/04\/trends-and-vision-logo.jpg","width":213,"height":100,"caption":"Trends &amp; Vision (DE)"},"image":{"@id":"https:\/\/trendsandvision.nl\/de\/#\/schema\/logo\/image\/"}}]}},"_links":{"self":[{"href":"https:\/\/trendsandvision.nl\/de\/wp-json\/wp\/v2\/product\/18570","targetHints":{"allow":["GET"]}}],"collection":[{"href":"https:\/\/trendsandvision.nl\/de\/wp-json\/wp\/v2\/product"}],"about":[{"href":"https:\/\/trendsandvision.nl\/de\/wp-json\/wp\/v2\/types\/product"}],"wp:featuredmedia":[{"embeddable":true,"href":"https:\/\/trendsandvision.nl\/de\/wp-json\/wp\/v2\/media\/18571"}],"wp:attachment":[{"href":"https:\/\/trendsandvision.nl\/de\/wp-json\/wp\/v2\/media?parent=18570"}],"wp:term":[{"taxonomy":"product_brand","embeddable":true,"href":"https:\/\/trendsandvision.nl\/de\/wp-json\/wp\/v2\/product_brand?post=18570"},{"taxonomy":"product_cat","embeddable":true,"href":"https:\/\/trendsandvision.nl\/de\/wp-json\/wp\/v2\/product_cat?post=18570"},{"taxonomy":"product_tag","embeddable":true,"href":"https:\/\/trendsandvision.nl\/de\/wp-json\/wp\/v2\/product_tag?post=18570"}],"curies":[{"name":"wp","href":"https:\/\/api.w.org\/{rel}","templated":true}]}}