{"id":18564,"date":"2024-12-22T08:44:09","date_gmt":"2024-12-22T07:44:09","guid":{"rendered":"https:\/\/trendsandvision.nl\/de\/product\/esschert-design-kinderschirm-panorama-enten\/"},"modified":"2026-04-07T10:38:48","modified_gmt":"2026-04-07T08:38:48","slug":"esschert-design-kinderschirm-panorama-enten","status":"publish","type":"product","link":"https:\/\/trendsandvision.nl\/de\/product\/esschert-design-kinderschirm-panorama-enten\/","title":{"rendered":"Esschert Design Kinderschirm Panorama Enten"},"content":{"rendered":"<p><iframe loading=\"lazy\" title=\"Panoramic Ducks Umbrella Animation - KG345\" width=\"1140\" height=\"641\" src=\"https:\/\/www.youtube.com\/embed\/XXxRrWGp9kM?feature=oembed\" frameborder=\"0\" allow=\"accelerometer; autoplay; clipboard-write; encrypted-media; gyroscope; picture-in-picture; web-share\" referrerpolicy=\"strict-origin-when-cross-origin\" allowfullscreen><\/iframe><\/p>\n<p>Hergestellt aus leichtem Material, ist der Schirm f\u00fcr Kinder einfach zu tragen.<br \/>\nDank der automatischen \u00d6ffnungsfunktion l\u00e4sst er sich m\u00fchelos \u00f6ffnen.<br \/>\nSicherheit steht an erster Stelle mit abgerundeten Spitzen und einem kinderfreundlichen Mechanismus.<\/p>\n<p>F\u00fcr kreative Kinder oder f\u00fcr ein Kinderfest haben wir auch <strong><a href=\"https:\/\/trendsandvision.nl\/de\/?s=Ausmalregenschirm+&amp;post_type=product&amp;dgwt_wcas=1\">Kinderschirme zum Selbstbemalen<\/a><\/strong>.<br \/>\nArtikelname Kinderschirm mit Enten <strong><a href=\"https:\/\/trendsandvision.nl\/de\/?s=Panorama&amp;post_type=product&amp;dgwt_wcas=1\">Panorama<\/a><\/strong><\/p>\n<p>Artikelnummer KG345 Kinderregenschirm<br \/>\nProduktgruppe(n) Taschen&amp;Schirme, Regenschirme, Kinder, Regenschirme<br \/>\nProduktabmessungen in cm L 68,5 x T 68,5 x H 59<br \/>\nMaterial Polyester, Stahl, PP<br \/>\nNettogewicht 0,534 kg<br \/>\nBarcode 8714982278334<br \/>\nProduzent <a href=\"http:\/\/Esschert Design\" target=\"_blank\">Esschert Design<\/a><br \/>\nDas <a href=\"https:\/\/www.wetter.de\/deutschland\" target=\"_blank\">Wetter<\/a><\/p>\n","protected":false},"excerpt":{"rendered":"<p>L 68,5 x T 68,5 x H 59 cm<br \/>\nMaterial Polyester, Stahl, PP<br \/>\nNettogewicht 0,534 kg<br \/>\nBarcode 8714982278334<\/p>\n","protected":false},"featured_media":18565,"template":"","meta":[],"product_brand":[9597,9598],"product_cat":[3056],"product_tag":[7805,10834,8715],"class_list":{"0":"post-18564","1":"product","2":"type-product","3":"status-publish","4":"has-post-thumbnail","6":"product_brand-esschert-design","7":"product_brand-trends-and-vision","8":"product_cat-kids-in-the-garden","9":"product_tag-enten","10":"product_tag-kinderschirmen","11":"product_tag-regenschirmen","12":"pa_anbieter-esschert-design","13":"pa_ean-code-7695","15":"first","16":"instock","17":"sale","18":"taxable","19":"shipping-taxable","20":"purchasable","21":"product-type-simple","22":"czr-hentry"},"yoast_head":"<!-- This site is optimized with the Yoast SEO Premium plugin v26.4 (Yoast SEO v27.3) - https:\/\/yoast.com\/product\/yoast-seo-premium-wordpress\/ -->\n<title>Esschert Design Kinderschirm Panorama Enten (KG345 )<\/title>\n<meta name=\"description\" content=\"Esschert Design Kinderschirm Panorama Enten(KG345 8714982278334) cm L 68,5 x T 68,5 x H 59, Material Polyester, Stahl, PP, Nettogewicht 0,534 kg\" \/>\n<meta name=\"robots\" content=\"index, follow, max-snippet:-1, max-image-preview:large, max-video-preview:-1\" \/>\n<link rel=\"canonical\" href=\"https:\/\/trendsandvision.nl\/de\/product\/esschert-design-kinderschirm-panorama-enten\/\" \/>\n<meta property=\"og:locale\" content=\"de_DE\" \/>\n<meta property=\"og:type\" content=\"article\" \/>\n<meta property=\"og:title\" content=\"Esschert Design Kinderschirm Panorama Enten\" \/>\n<meta property=\"og:description\" content=\"Esschert Design Kinderschirm Panorama Enten(KG345 8714982278334) cm L 68,5 x T 68,5 x H 59, Material Polyester, Stahl, PP, Nettogewicht 0,534 kg\" \/>\n<meta property=\"og:url\" content=\"https:\/\/trendsandvision.nl\/de\/product\/esschert-design-kinderschirm-panorama-enten\/\" \/>\n<meta property=\"og:site_name\" content=\"Trends &amp; Vision (DE)\" \/>\n<meta property=\"article:modified_time\" content=\"2026-04-07T08:38:48+00:00\" \/>\n<meta property=\"og:image\" content=\"https:\/\/trendsandvision.nl\/de\/wp-content\/uploads\/sites\/3\/2024\/12\/KG345_01.jpg\" \/>\n\t<meta property=\"og:image:width\" content=\"800\" \/>\n\t<meta property=\"og:image:height\" content=\"800\" \/>\n\t<meta property=\"og:image:type\" content=\"image\/jpeg\" \/>\n<meta name=\"twitter:card\" content=\"summary_large_image\" \/>\n<meta name=\"twitter:label1\" content=\"Gesch\u00e4tzte Lesezeit\" \/>\n\t<meta name=\"twitter:data1\" content=\"1\u00a0Minute\" \/>\n<script type=\"application\/ld+json\" class=\"yoast-schema-graph\">{\"@context\":\"https:\\\/\\\/schema.org\",\"@graph\":[{\"@type\":\"WebPage\",\"@id\":\"https:\\\/\\\/trendsandvision.nl\\\/de\\\/product\\\/esschert-design-kinderschirm-panorama-enten\\\/\",\"url\":\"https:\\\/\\\/trendsandvision.nl\\\/de\\\/product\\\/esschert-design-kinderschirm-panorama-enten\\\/\",\"name\":\"Esschert Design Kinderschirm Panorama Enten (KG345 )\",\"isPartOf\":{\"@id\":\"https:\\\/\\\/trendsandvision.nl\\\/de\\\/#website\"},\"primaryImageOfPage\":{\"@id\":\"https:\\\/\\\/trendsandvision.nl\\\/de\\\/product\\\/esschert-design-kinderschirm-panorama-enten\\\/#primaryimage\"},\"image\":{\"@id\":\"https:\\\/\\\/trendsandvision.nl\\\/de\\\/product\\\/esschert-design-kinderschirm-panorama-enten\\\/#primaryimage\"},\"thumbnailUrl\":\"https:\\\/\\\/trendsandvision.nl\\\/de\\\/wp-content\\\/uploads\\\/sites\\\/3\\\/2024\\\/12\\\/KG345_01.jpg\",\"datePublished\":\"2024-12-22T07:44:09+00:00\",\"dateModified\":\"2026-04-07T08:38:48+00:00\",\"description\":\"Esschert Design Kinderschirm Panorama Enten(KG345 8714982278334) cm L 68,5 x T 68,5 x H 59, Material Polyester, Stahl, PP, Nettogewicht 0,534 kg\",\"breadcrumb\":{\"@id\":\"https:\\\/\\\/trendsandvision.nl\\\/de\\\/product\\\/esschert-design-kinderschirm-panorama-enten\\\/#breadcrumb\"},\"inLanguage\":\"de\",\"potentialAction\":[{\"@type\":\"ReadAction\",\"target\":[\"https:\\\/\\\/trendsandvision.nl\\\/de\\\/product\\\/esschert-design-kinderschirm-panorama-enten\\\/\"]}]},{\"@type\":\"ImageObject\",\"inLanguage\":\"de\",\"@id\":\"https:\\\/\\\/trendsandvision.nl\\\/de\\\/product\\\/esschert-design-kinderschirm-panorama-enten\\\/#primaryimage\",\"url\":\"https:\\\/\\\/trendsandvision.nl\\\/de\\\/wp-content\\\/uploads\\\/sites\\\/3\\\/2024\\\/12\\\/KG345_01.jpg\",\"contentUrl\":\"https:\\\/\\\/trendsandvision.nl\\\/de\\\/wp-content\\\/uploads\\\/sites\\\/3\\\/2024\\\/12\\\/KG345_01.jpg\",\"width\":800,\"height\":800,\"caption\":\"Trends and Vision Kinderschirm Panorama Enten(KG345 8714982278334) cm L 68,5 x T 68,5 x H 59, Material Polyester, Stahl, PP, Nettogewicht 0,534 kg\"},{\"@type\":\"BreadcrumbList\",\"@id\":\"https:\\\/\\\/trendsandvision.nl\\\/de\\\/product\\\/esschert-design-kinderschirm-panorama-enten\\\/#breadcrumb\",\"itemListElement\":[{\"@type\":\"ListItem\",\"position\":1,\"name\":\"Home\",\"item\":\"https:\\\/\\\/trendsandvision.nl\\\/de\\\/\"},{\"@type\":\"ListItem\",\"position\":2,\"name\":\"Gesch\u00e4ft\",\"item\":\"https:\\\/\\\/trendsandvision.nl\\\/de\\\/geschaft\\\/\"},{\"@type\":\"ListItem\",\"position\":3,\"name\":\"Esschert Design Kinderschirm Panorama Enten\"}]},{\"@type\":\"WebSite\",\"@id\":\"https:\\\/\\\/trendsandvision.nl\\\/de\\\/#website\",\"url\":\"https:\\\/\\\/trendsandvision.nl\\\/de\\\/\",\"name\":\"Trends &amp; Vision (DE)\",\"description\":\"Der Webshop f\u00fcr Esschert Design Artikel\",\"publisher\":{\"@id\":\"https:\\\/\\\/trendsandvision.nl\\\/de\\\/#organization\"},\"potentialAction\":[{\"@type\":\"SearchAction\",\"target\":{\"@type\":\"EntryPoint\",\"urlTemplate\":\"https:\\\/\\\/trendsandvision.nl\\\/de\\\/?s={search_term_string}\"},\"query-input\":{\"@type\":\"PropertyValueSpecification\",\"valueRequired\":true,\"valueName\":\"search_term_string\"}}],\"inLanguage\":\"de\"},{\"@type\":\"Organization\",\"@id\":\"https:\\\/\\\/trendsandvision.nl\\\/de\\\/#organization\",\"name\":\"Trends &amp; Vision (DE)\",\"url\":\"https:\\\/\\\/trendsandvision.nl\\\/de\\\/\",\"logo\":{\"@type\":\"ImageObject\",\"inLanguage\":\"de\",\"@id\":\"https:\\\/\\\/trendsandvision.nl\\\/de\\\/#\\\/schema\\\/logo\\\/image\\\/\",\"url\":\"https:\\\/\\\/trendsandvision.nl\\\/de\\\/wp-content\\\/uploads\\\/sites\\\/3\\\/2022\\\/04\\\/trends-and-vision-logo.jpg\",\"contentUrl\":\"https:\\\/\\\/trendsandvision.nl\\\/de\\\/wp-content\\\/uploads\\\/sites\\\/3\\\/2022\\\/04\\\/trends-and-vision-logo.jpg\",\"width\":213,\"height\":100,\"caption\":\"Trends &amp; Vision (DE)\"},\"image\":{\"@id\":\"https:\\\/\\\/trendsandvision.nl\\\/de\\\/#\\\/schema\\\/logo\\\/image\\\/\"}}]}<\/script>\n<!-- \/ Yoast SEO Premium plugin. -->","yoast_head_json":{"title":"Esschert Design Kinderschirm Panorama Enten (KG345 )","description":"Esschert Design Kinderschirm Panorama Enten(KG345 8714982278334) cm L 68,5 x T 68,5 x H 59, Material Polyester, Stahl, PP, Nettogewicht 0,534 kg","robots":{"index":"index","follow":"follow","max-snippet":"max-snippet:-1","max-image-preview":"max-image-preview:large","max-video-preview":"max-video-preview:-1"},"canonical":"https:\/\/trendsandvision.nl\/de\/product\/esschert-design-kinderschirm-panorama-enten\/","og_locale":"de_DE","og_type":"article","og_title":"Esschert Design Kinderschirm Panorama Enten","og_description":"Esschert Design Kinderschirm Panorama Enten(KG345 8714982278334) cm L 68,5 x T 68,5 x H 59, Material Polyester, Stahl, PP, Nettogewicht 0,534 kg","og_url":"https:\/\/trendsandvision.nl\/de\/product\/esschert-design-kinderschirm-panorama-enten\/","og_site_name":"Trends &amp; Vision (DE)","article_modified_time":"2026-04-07T08:38:48+00:00","og_image":[{"width":800,"height":800,"url":"https:\/\/trendsandvision.nl\/de\/wp-content\/uploads\/sites\/3\/2024\/12\/KG345_01.jpg","type":"image\/jpeg"}],"twitter_card":"summary_large_image","twitter_misc":{"Gesch\u00e4tzte Lesezeit":"1\u00a0Minute"},"schema":{"@context":"https:\/\/schema.org","@graph":[{"@type":"WebPage","@id":"https:\/\/trendsandvision.nl\/de\/product\/esschert-design-kinderschirm-panorama-enten\/","url":"https:\/\/trendsandvision.nl\/de\/product\/esschert-design-kinderschirm-panorama-enten\/","name":"Esschert Design Kinderschirm Panorama Enten (KG345 )","isPartOf":{"@id":"https:\/\/trendsandvision.nl\/de\/#website"},"primaryImageOfPage":{"@id":"https:\/\/trendsandvision.nl\/de\/product\/esschert-design-kinderschirm-panorama-enten\/#primaryimage"},"image":{"@id":"https:\/\/trendsandvision.nl\/de\/product\/esschert-design-kinderschirm-panorama-enten\/#primaryimage"},"thumbnailUrl":"https:\/\/trendsandvision.nl\/de\/wp-content\/uploads\/sites\/3\/2024\/12\/KG345_01.jpg","datePublished":"2024-12-22T07:44:09+00:00","dateModified":"2026-04-07T08:38:48+00:00","description":"Esschert Design Kinderschirm Panorama Enten(KG345 8714982278334) cm L 68,5 x T 68,5 x H 59, Material Polyester, Stahl, PP, Nettogewicht 0,534 kg","breadcrumb":{"@id":"https:\/\/trendsandvision.nl\/de\/product\/esschert-design-kinderschirm-panorama-enten\/#breadcrumb"},"inLanguage":"de","potentialAction":[{"@type":"ReadAction","target":["https:\/\/trendsandvision.nl\/de\/product\/esschert-design-kinderschirm-panorama-enten\/"]}]},{"@type":"ImageObject","inLanguage":"de","@id":"https:\/\/trendsandvision.nl\/de\/product\/esschert-design-kinderschirm-panorama-enten\/#primaryimage","url":"https:\/\/trendsandvision.nl\/de\/wp-content\/uploads\/sites\/3\/2024\/12\/KG345_01.jpg","contentUrl":"https:\/\/trendsandvision.nl\/de\/wp-content\/uploads\/sites\/3\/2024\/12\/KG345_01.jpg","width":800,"height":800,"caption":"Trends and Vision Kinderschirm Panorama Enten(KG345 8714982278334) cm L 68,5 x T 68,5 x H 59, Material Polyester, Stahl, PP, Nettogewicht 0,534 kg"},{"@type":"BreadcrumbList","@id":"https:\/\/trendsandvision.nl\/de\/product\/esschert-design-kinderschirm-panorama-enten\/#breadcrumb","itemListElement":[{"@type":"ListItem","position":1,"name":"Home","item":"https:\/\/trendsandvision.nl\/de\/"},{"@type":"ListItem","position":2,"name":"Gesch\u00e4ft","item":"https:\/\/trendsandvision.nl\/de\/geschaft\/"},{"@type":"ListItem","position":3,"name":"Esschert Design Kinderschirm Panorama Enten"}]},{"@type":"WebSite","@id":"https:\/\/trendsandvision.nl\/de\/#website","url":"https:\/\/trendsandvision.nl\/de\/","name":"Trends &amp; Vision (DE)","description":"Der Webshop f\u00fcr Esschert Design Artikel","publisher":{"@id":"https:\/\/trendsandvision.nl\/de\/#organization"},"potentialAction":[{"@type":"SearchAction","target":{"@type":"EntryPoint","urlTemplate":"https:\/\/trendsandvision.nl\/de\/?s={search_term_string}"},"query-input":{"@type":"PropertyValueSpecification","valueRequired":true,"valueName":"search_term_string"}}],"inLanguage":"de"},{"@type":"Organization","@id":"https:\/\/trendsandvision.nl\/de\/#organization","name":"Trends &amp; Vision (DE)","url":"https:\/\/trendsandvision.nl\/de\/","logo":{"@type":"ImageObject","inLanguage":"de","@id":"https:\/\/trendsandvision.nl\/de\/#\/schema\/logo\/image\/","url":"https:\/\/trendsandvision.nl\/de\/wp-content\/uploads\/sites\/3\/2022\/04\/trends-and-vision-logo.jpg","contentUrl":"https:\/\/trendsandvision.nl\/de\/wp-content\/uploads\/sites\/3\/2022\/04\/trends-and-vision-logo.jpg","width":213,"height":100,"caption":"Trends &amp; Vision (DE)"},"image":{"@id":"https:\/\/trendsandvision.nl\/de\/#\/schema\/logo\/image\/"}}]}},"_links":{"self":[{"href":"https:\/\/trendsandvision.nl\/de\/wp-json\/wp\/v2\/product\/18564","targetHints":{"allow":["GET"]}}],"collection":[{"href":"https:\/\/trendsandvision.nl\/de\/wp-json\/wp\/v2\/product"}],"about":[{"href":"https:\/\/trendsandvision.nl\/de\/wp-json\/wp\/v2\/types\/product"}],"wp:featuredmedia":[{"embeddable":true,"href":"https:\/\/trendsandvision.nl\/de\/wp-json\/wp\/v2\/media\/18565"}],"wp:attachment":[{"href":"https:\/\/trendsandvision.nl\/de\/wp-json\/wp\/v2\/media?parent=18564"}],"wp:term":[{"taxonomy":"product_brand","embeddable":true,"href":"https:\/\/trendsandvision.nl\/de\/wp-json\/wp\/v2\/product_brand?post=18564"},{"taxonomy":"product_cat","embeddable":true,"href":"https:\/\/trendsandvision.nl\/de\/wp-json\/wp\/v2\/product_cat?post=18564"},{"taxonomy":"product_tag","embeddable":true,"href":"https:\/\/trendsandvision.nl\/de\/wp-json\/wp\/v2\/product_tag?post=18564"}],"curies":[{"name":"wp","href":"https:\/\/api.w.org\/{rel}","templated":true}]}}