{"id":18558,"date":"2024-12-22T08:44:05","date_gmt":"2024-12-22T07:44:05","guid":{"rendered":"https:\/\/trendsandvision.nl\/de\/product\/esschert-design-kinderschirm-panorama-maulwurf\/"},"modified":"2026-04-07T10:38:47","modified_gmt":"2026-04-07T08:38:47","slug":"esschert-design-kinderschirm-panorama-maulwurf","status":"publish","type":"product","link":"https:\/\/trendsandvision.nl\/de\/product\/esschert-design-kinderschirm-panorama-maulwurf\/","title":{"rendered":"Esschert Design Kinderschirm Panorama Maulwurf"},"content":{"rendered":"<p>Esschert Design Kinderschirm Panorama Maulwurf.<br \/>\nMit diesem fr\u00f6hlichen Panorama-Kinderregenschirm wird ein Spaziergang im Regen zum Vergn\u00fcgen! Durch das transparente Design k\u00f6nnen die Kinder alles um sich herum sehen, w\u00e4hrend das lustige Motiv zus\u00e4tzlichen Spa\u00df bringt.<br \/>\nDank der kinderfreundlichen \u00d6ffnung und der stabilen Konstruktion ist der Schirm sicher und einfach f\u00fcr kleine Kinderh\u00e4nde zu bedienen.<\/p>\n<p>F\u00fcr kreative Kinder oder f\u00fcr ein Kinderfest haben wir auch <strong><a href=\"https:\/\/trendsandvision.nl\/de\/?s=Ausmalregenschirm+&amp;post_type=product&amp;dgwt_wcas=1\">Kinderschirme zum Selbstbemalen<\/a><\/strong>.<br \/>\nArtikelname ein\/aufklappbar Kinderschirm mit Maulwurf <strong><a href=\"https:\/\/trendsandvision.nl\/de\/?s=Panorama&amp;post_type=product&amp;dgwt_wcas=1\">Panorama<\/a><\/strong><br \/>\nArtikelnummer KG342 Kinderregenschirm<br \/>\nProduktgruppe(n) Taschen &amp; Schirme, Regenschirme, Kinder, Regenschirme<br \/>\nProduktabmessungen in cm L 68,5 x T 68,5 x H 59<br \/>\nMaterial Polyester, Stahl, PP<br \/>\nNettogewicht 0,534 kg<br \/>\nBarcode 8714982276552<br \/>\nProduzent <a href=\"https:\/\/www.esschertdesign.com\/shop\/de\/kinderparaplu-panorama-mol-kg342\" target=\"_blank\" rel=\"noopener\">Esschert Design<\/a><\/p>\n","protected":false},"excerpt":{"rendered":"<p>L 68,5 x T 68,5 x H 59 cm<br \/>\nTransparentes Panorama-Design<br \/>\nKinderfreundliche Bedienung<br \/>\nLeicht und stabil<br \/>\nMaterial Polyester, Stahl, PP<br \/>\nNettogewicht 0,534 kg<br \/>\nBarcode 8714982276552<\/p>\n","protected":false},"featured_media":18559,"template":"","meta":[],"product_brand":[9597,9598],"product_cat":[3056],"product_tag":[10834,7810,8715,7811],"class_list":{"0":"post-18558","1":"product","2":"type-product","3":"status-publish","4":"has-post-thumbnail","6":"product_brand-esschert-design","7":"product_brand-trends-and-vision","8":"product_cat-kids-in-the-garden","9":"product_tag-kinderschirmen","10":"product_tag-maulwurf","11":"product_tag-regenschirmen","12":"product_tag-talpidae","13":"pa_anbieter-esschert-design","14":"pa_ean-code-7693","16":"first","17":"instock","18":"sale","19":"taxable","20":"shipping-taxable","21":"purchasable","22":"product-type-simple","23":"czr-hentry"},"yoast_head":"<!-- This site is optimized with the Yoast SEO Premium plugin v26.4 (Yoast SEO v27.3) - https:\/\/yoast.com\/product\/yoast-seo-premium-wordpress\/ -->\n<title>Esschert Design Kinderschirm Panorama Maulwurf (KG342)<\/title>\n<meta name=\"description\" content=\"Esschert Design Kinderschirm Panorama Maulwurf(KG342 8714982276552) cm L 68,5 x T 68,5 x H 59, Material Polyester, Stahl, PP, Nettogewicht 0,534 kg\" \/>\n<meta name=\"robots\" content=\"index, follow, max-snippet:-1, max-image-preview:large, max-video-preview:-1\" \/>\n<link rel=\"canonical\" href=\"https:\/\/trendsandvision.nl\/de\/product\/esschert-design-kinderschirm-panorama-maulwurf\/\" \/>\n<meta property=\"og:locale\" content=\"de_DE\" \/>\n<meta property=\"og:type\" content=\"article\" \/>\n<meta property=\"og:title\" content=\"Esschert Design Kinderschirm Panorama Maulwurf\" \/>\n<meta property=\"og:description\" content=\"Esschert Design Kinderschirm Panorama Maulwurf(KG342 8714982276552) cm L 68,5 x T 68,5 x H 59, Material Polyester, Stahl, PP, Nettogewicht 0,534 kg\" \/>\n<meta property=\"og:url\" content=\"https:\/\/trendsandvision.nl\/de\/product\/esschert-design-kinderschirm-panorama-maulwurf\/\" \/>\n<meta property=\"og:site_name\" content=\"Trends &amp; Vision (DE)\" \/>\n<meta property=\"article:modified_time\" content=\"2026-04-07T08:38:47+00:00\" \/>\n<meta property=\"og:image\" content=\"https:\/\/trendsandvision.nl\/de\/wp-content\/uploads\/sites\/3\/2024\/12\/KG342_01.jpg\" \/>\n\t<meta property=\"og:image:width\" content=\"800\" \/>\n\t<meta property=\"og:image:height\" content=\"800\" \/>\n\t<meta property=\"og:image:type\" content=\"image\/jpeg\" \/>\n<meta name=\"twitter:card\" content=\"summary_large_image\" \/>\n<meta name=\"twitter:label1\" content=\"Gesch\u00e4tzte Lesezeit\" \/>\n\t<meta name=\"twitter:data1\" content=\"1\u00a0Minute\" \/>\n<script type=\"application\/ld+json\" class=\"yoast-schema-graph\">{\"@context\":\"https:\\\/\\\/schema.org\",\"@graph\":[{\"@type\":\"WebPage\",\"@id\":\"https:\\\/\\\/trendsandvision.nl\\\/de\\\/product\\\/esschert-design-kinderschirm-panorama-maulwurf\\\/\",\"url\":\"https:\\\/\\\/trendsandvision.nl\\\/de\\\/product\\\/esschert-design-kinderschirm-panorama-maulwurf\\\/\",\"name\":\"Esschert Design Kinderschirm Panorama Maulwurf (KG342)\",\"isPartOf\":{\"@id\":\"https:\\\/\\\/trendsandvision.nl\\\/de\\\/#website\"},\"primaryImageOfPage\":{\"@id\":\"https:\\\/\\\/trendsandvision.nl\\\/de\\\/product\\\/esschert-design-kinderschirm-panorama-maulwurf\\\/#primaryimage\"},\"image\":{\"@id\":\"https:\\\/\\\/trendsandvision.nl\\\/de\\\/product\\\/esschert-design-kinderschirm-panorama-maulwurf\\\/#primaryimage\"},\"thumbnailUrl\":\"https:\\\/\\\/trendsandvision.nl\\\/de\\\/wp-content\\\/uploads\\\/sites\\\/3\\\/2024\\\/12\\\/KG342_01.jpg\",\"datePublished\":\"2024-12-22T07:44:05+00:00\",\"dateModified\":\"2026-04-07T08:38:47+00:00\",\"description\":\"Esschert Design Kinderschirm Panorama Maulwurf(KG342 8714982276552) cm L 68,5 x T 68,5 x H 59, Material Polyester, Stahl, PP, Nettogewicht 0,534 kg\",\"breadcrumb\":{\"@id\":\"https:\\\/\\\/trendsandvision.nl\\\/de\\\/product\\\/esschert-design-kinderschirm-panorama-maulwurf\\\/#breadcrumb\"},\"inLanguage\":\"de\",\"potentialAction\":[{\"@type\":\"ReadAction\",\"target\":[\"https:\\\/\\\/trendsandvision.nl\\\/de\\\/product\\\/esschert-design-kinderschirm-panorama-maulwurf\\\/\"]}]},{\"@type\":\"ImageObject\",\"inLanguage\":\"de\",\"@id\":\"https:\\\/\\\/trendsandvision.nl\\\/de\\\/product\\\/esschert-design-kinderschirm-panorama-maulwurf\\\/#primaryimage\",\"url\":\"https:\\\/\\\/trendsandvision.nl\\\/de\\\/wp-content\\\/uploads\\\/sites\\\/3\\\/2024\\\/12\\\/KG342_01.jpg\",\"contentUrl\":\"https:\\\/\\\/trendsandvision.nl\\\/de\\\/wp-content\\\/uploads\\\/sites\\\/3\\\/2024\\\/12\\\/KG342_01.jpg\",\"width\":800,\"height\":800,\"caption\":\"Trends and Vision Kinderschirm Panorama Maulwurf(KG342 8714982276552) cm L 68,5 x T 68,5 x H 59, Material Polyester, Stahl, PP, Nettogewicht 0,534 kg\"},{\"@type\":\"BreadcrumbList\",\"@id\":\"https:\\\/\\\/trendsandvision.nl\\\/de\\\/product\\\/esschert-design-kinderschirm-panorama-maulwurf\\\/#breadcrumb\",\"itemListElement\":[{\"@type\":\"ListItem\",\"position\":1,\"name\":\"Home\",\"item\":\"https:\\\/\\\/trendsandvision.nl\\\/de\\\/\"},{\"@type\":\"ListItem\",\"position\":2,\"name\":\"Gesch\u00e4ft\",\"item\":\"https:\\\/\\\/trendsandvision.nl\\\/de\\\/geschaft\\\/\"},{\"@type\":\"ListItem\",\"position\":3,\"name\":\"Esschert Design Kinderschirm Panorama Maulwurf\"}]},{\"@type\":\"WebSite\",\"@id\":\"https:\\\/\\\/trendsandvision.nl\\\/de\\\/#website\",\"url\":\"https:\\\/\\\/trendsandvision.nl\\\/de\\\/\",\"name\":\"Trends &amp; Vision (DE)\",\"description\":\"Der Webshop f\u00fcr Esschert Design Artikel\",\"publisher\":{\"@id\":\"https:\\\/\\\/trendsandvision.nl\\\/de\\\/#organization\"},\"potentialAction\":[{\"@type\":\"SearchAction\",\"target\":{\"@type\":\"EntryPoint\",\"urlTemplate\":\"https:\\\/\\\/trendsandvision.nl\\\/de\\\/?s={search_term_string}\"},\"query-input\":{\"@type\":\"PropertyValueSpecification\",\"valueRequired\":true,\"valueName\":\"search_term_string\"}}],\"inLanguage\":\"de\"},{\"@type\":\"Organization\",\"@id\":\"https:\\\/\\\/trendsandvision.nl\\\/de\\\/#organization\",\"name\":\"Trends &amp; Vision (DE)\",\"url\":\"https:\\\/\\\/trendsandvision.nl\\\/de\\\/\",\"logo\":{\"@type\":\"ImageObject\",\"inLanguage\":\"de\",\"@id\":\"https:\\\/\\\/trendsandvision.nl\\\/de\\\/#\\\/schema\\\/logo\\\/image\\\/\",\"url\":\"https:\\\/\\\/trendsandvision.nl\\\/de\\\/wp-content\\\/uploads\\\/sites\\\/3\\\/2022\\\/04\\\/trends-and-vision-logo.jpg\",\"contentUrl\":\"https:\\\/\\\/trendsandvision.nl\\\/de\\\/wp-content\\\/uploads\\\/sites\\\/3\\\/2022\\\/04\\\/trends-and-vision-logo.jpg\",\"width\":213,\"height\":100,\"caption\":\"Trends &amp; Vision (DE)\"},\"image\":{\"@id\":\"https:\\\/\\\/trendsandvision.nl\\\/de\\\/#\\\/schema\\\/logo\\\/image\\\/\"}}]}<\/script>\n<!-- \/ Yoast SEO Premium plugin. -->","yoast_head_json":{"title":"Esschert Design Kinderschirm Panorama Maulwurf (KG342)","description":"Esschert Design Kinderschirm Panorama Maulwurf(KG342 8714982276552) cm L 68,5 x T 68,5 x H 59, Material Polyester, Stahl, PP, Nettogewicht 0,534 kg","robots":{"index":"index","follow":"follow","max-snippet":"max-snippet:-1","max-image-preview":"max-image-preview:large","max-video-preview":"max-video-preview:-1"},"canonical":"https:\/\/trendsandvision.nl\/de\/product\/esschert-design-kinderschirm-panorama-maulwurf\/","og_locale":"de_DE","og_type":"article","og_title":"Esschert Design Kinderschirm Panorama Maulwurf","og_description":"Esschert Design Kinderschirm Panorama Maulwurf(KG342 8714982276552) cm L 68,5 x T 68,5 x H 59, Material Polyester, Stahl, PP, Nettogewicht 0,534 kg","og_url":"https:\/\/trendsandvision.nl\/de\/product\/esschert-design-kinderschirm-panorama-maulwurf\/","og_site_name":"Trends &amp; Vision (DE)","article_modified_time":"2026-04-07T08:38:47+00:00","og_image":[{"width":800,"height":800,"url":"https:\/\/trendsandvision.nl\/de\/wp-content\/uploads\/sites\/3\/2024\/12\/KG342_01.jpg","type":"image\/jpeg"}],"twitter_card":"summary_large_image","twitter_misc":{"Gesch\u00e4tzte Lesezeit":"1\u00a0Minute"},"schema":{"@context":"https:\/\/schema.org","@graph":[{"@type":"WebPage","@id":"https:\/\/trendsandvision.nl\/de\/product\/esschert-design-kinderschirm-panorama-maulwurf\/","url":"https:\/\/trendsandvision.nl\/de\/product\/esschert-design-kinderschirm-panorama-maulwurf\/","name":"Esschert Design Kinderschirm Panorama Maulwurf (KG342)","isPartOf":{"@id":"https:\/\/trendsandvision.nl\/de\/#website"},"primaryImageOfPage":{"@id":"https:\/\/trendsandvision.nl\/de\/product\/esschert-design-kinderschirm-panorama-maulwurf\/#primaryimage"},"image":{"@id":"https:\/\/trendsandvision.nl\/de\/product\/esschert-design-kinderschirm-panorama-maulwurf\/#primaryimage"},"thumbnailUrl":"https:\/\/trendsandvision.nl\/de\/wp-content\/uploads\/sites\/3\/2024\/12\/KG342_01.jpg","datePublished":"2024-12-22T07:44:05+00:00","dateModified":"2026-04-07T08:38:47+00:00","description":"Esschert Design Kinderschirm Panorama Maulwurf(KG342 8714982276552) cm L 68,5 x T 68,5 x H 59, Material Polyester, Stahl, PP, Nettogewicht 0,534 kg","breadcrumb":{"@id":"https:\/\/trendsandvision.nl\/de\/product\/esschert-design-kinderschirm-panorama-maulwurf\/#breadcrumb"},"inLanguage":"de","potentialAction":[{"@type":"ReadAction","target":["https:\/\/trendsandvision.nl\/de\/product\/esschert-design-kinderschirm-panorama-maulwurf\/"]}]},{"@type":"ImageObject","inLanguage":"de","@id":"https:\/\/trendsandvision.nl\/de\/product\/esschert-design-kinderschirm-panorama-maulwurf\/#primaryimage","url":"https:\/\/trendsandvision.nl\/de\/wp-content\/uploads\/sites\/3\/2024\/12\/KG342_01.jpg","contentUrl":"https:\/\/trendsandvision.nl\/de\/wp-content\/uploads\/sites\/3\/2024\/12\/KG342_01.jpg","width":800,"height":800,"caption":"Trends and Vision Kinderschirm Panorama Maulwurf(KG342 8714982276552) cm L 68,5 x T 68,5 x H 59, Material Polyester, Stahl, PP, Nettogewicht 0,534 kg"},{"@type":"BreadcrumbList","@id":"https:\/\/trendsandvision.nl\/de\/product\/esschert-design-kinderschirm-panorama-maulwurf\/#breadcrumb","itemListElement":[{"@type":"ListItem","position":1,"name":"Home","item":"https:\/\/trendsandvision.nl\/de\/"},{"@type":"ListItem","position":2,"name":"Gesch\u00e4ft","item":"https:\/\/trendsandvision.nl\/de\/geschaft\/"},{"@type":"ListItem","position":3,"name":"Esschert Design Kinderschirm Panorama Maulwurf"}]},{"@type":"WebSite","@id":"https:\/\/trendsandvision.nl\/de\/#website","url":"https:\/\/trendsandvision.nl\/de\/","name":"Trends &amp; Vision (DE)","description":"Der Webshop f\u00fcr Esschert Design Artikel","publisher":{"@id":"https:\/\/trendsandvision.nl\/de\/#organization"},"potentialAction":[{"@type":"SearchAction","target":{"@type":"EntryPoint","urlTemplate":"https:\/\/trendsandvision.nl\/de\/?s={search_term_string}"},"query-input":{"@type":"PropertyValueSpecification","valueRequired":true,"valueName":"search_term_string"}}],"inLanguage":"de"},{"@type":"Organization","@id":"https:\/\/trendsandvision.nl\/de\/#organization","name":"Trends &amp; Vision (DE)","url":"https:\/\/trendsandvision.nl\/de\/","logo":{"@type":"ImageObject","inLanguage":"de","@id":"https:\/\/trendsandvision.nl\/de\/#\/schema\/logo\/image\/","url":"https:\/\/trendsandvision.nl\/de\/wp-content\/uploads\/sites\/3\/2022\/04\/trends-and-vision-logo.jpg","contentUrl":"https:\/\/trendsandvision.nl\/de\/wp-content\/uploads\/sites\/3\/2022\/04\/trends-and-vision-logo.jpg","width":213,"height":100,"caption":"Trends &amp; Vision (DE)"},"image":{"@id":"https:\/\/trendsandvision.nl\/de\/#\/schema\/logo\/image\/"}}]}},"_links":{"self":[{"href":"https:\/\/trendsandvision.nl\/de\/wp-json\/wp\/v2\/product\/18558","targetHints":{"allow":["GET"]}}],"collection":[{"href":"https:\/\/trendsandvision.nl\/de\/wp-json\/wp\/v2\/product"}],"about":[{"href":"https:\/\/trendsandvision.nl\/de\/wp-json\/wp\/v2\/types\/product"}],"wp:featuredmedia":[{"embeddable":true,"href":"https:\/\/trendsandvision.nl\/de\/wp-json\/wp\/v2\/media\/18559"}],"wp:attachment":[{"href":"https:\/\/trendsandvision.nl\/de\/wp-json\/wp\/v2\/media?parent=18558"}],"wp:term":[{"taxonomy":"product_brand","embeddable":true,"href":"https:\/\/trendsandvision.nl\/de\/wp-json\/wp\/v2\/product_brand?post=18558"},{"taxonomy":"product_cat","embeddable":true,"href":"https:\/\/trendsandvision.nl\/de\/wp-json\/wp\/v2\/product_cat?post=18558"},{"taxonomy":"product_tag","embeddable":true,"href":"https:\/\/trendsandvision.nl\/de\/wp-json\/wp\/v2\/product_tag?post=18558"}],"curies":[{"name":"wp","href":"https:\/\/api.w.org\/{rel}","templated":true}]}}