{"id":18554,"date":"2024-12-22T08:44:00","date_gmt":"2024-12-22T07:44:00","guid":{"rendered":"https:\/\/trendsandvision.nl\/de\/product\/esschert-design-maltasche-bauernhoftiere\/"},"modified":"2026-04-07T10:38:44","modified_gmt":"2026-04-07T08:38:44","slug":"esschert-design-maltasche-bauernhoftiere","status":"publish","type":"product","link":"https:\/\/trendsandvision.nl\/de\/product\/esschert-design-maltasche-bauernhoftiere\/","title":{"rendered":"Esschert Design Maltasche \u201eBauernhoftiere\u201c"},"content":{"rendered":"<p>Esschert Design Maltasche \u201eBauernhoftiere\u201c<br \/>\nDie Colour-in Bag vereint Kreativit\u00e4t mit Funktionalit\u00e4t.<br \/>\nDie Tasche ist mit einem sch\u00f6nen Motiv bedruckt, das Kinder mit dem beiliegenden Pinsel selbst ausmalen k\u00f6nnen.<br \/>\nSo entsteht f\u00fcr jedes Kind ein einzigartiges und pers\u00f6nliches Design.<br \/>\nNach dem Bemalen ist die Tasche ideal f\u00fcr den t\u00e4glichen Gebrauch. Farbe und Pinsel sind enthalten.<br \/>\nNach dem Bemalen sollte die Tasche 24 Stunden trocknen und anschlie\u00dfend auf der R\u00fcckseite geb\u00fcgelt werden.<\/p>\n<p>F\u00fcr kreative Kinder oder f\u00fcr ein Kinderfest haben wir lustige Regenschirme und Taschen f\u00fcr die Kinder, die Sie selbst bemalen k\u00f6nnen. Inklusive Farbe und Pinsel.<\/p>\n<p>Artikelnummer KG340<br \/>\nProduktgruppe(n) Kinder, Selber machen, Sonstiges, PIY<br \/>\nProduktabmessungen in cm L 29 x T 0,5 x H 36,5<br \/>\nMaterial Polyester, Acrylfarbe, PP, Birkenholz, Rosshaar<br \/>\nNettogewicht 0,139 kg<br \/>\nBarcode 8714982275586<br \/>\nmit CE-Kennzeichnung<br \/>\nProduzent <a href=\"https:\/\/www.esschertdesign.com\/shop\/de\/inkleurtas-boerderijdieren-kg340\" target=\"_blank\">Esschert Design<\/a><\/p>\n","protected":false},"excerpt":{"rendered":"<p>L 29 x T 0,5 x H 36,5<br \/>\nKreativ und lehrreich<br \/>\nEnth\u00e4lt 10 verschiedene Farben und 2 Pinsel<br \/>\nF\u00fcr den t\u00e4glichen Gebrauch geeignet<br \/>\nNettogewicht 0,139 kg<br \/>\nBarcode 8714982275586<br \/>\nmit CE-Kennzeichnung<\/p>\n","protected":false},"featured_media":18555,"template":"","meta":[],"product_brand":[9597,9598],"product_cat":[3056],"product_tag":[7429,9325,7025,7288,6735,7555,7532],"class_list":{"0":"post-18554","1":"product","2":"type-product","3":"status-publish","4":"has-post-thumbnail","6":"product_brand-esschert-design","7":"product_brand-trends-and-vision","8":"product_cat-kids-in-the-garden","9":"product_tag-bauernhoftiere","10":"product_tag-ce-kennzeichnung","11":"product_tag-edukativ","12":"product_tag-piy","13":"product_tag-selber-machen","14":"product_tag-selbst-mahlen","15":"product_tag-taschen","16":"pa_anbieter-esschert-design","17":"pa_ean-code-7691","19":"first","20":"instock","21":"sale","22":"taxable","23":"shipping-taxable","24":"purchasable","25":"product-type-simple","26":"czr-hentry"},"yoast_head":"<!-- This site is optimized with the Yoast SEO Premium plugin v26.4 (Yoast SEO v27.3) - https:\/\/yoast.com\/product\/yoast-seo-premium-wordpress\/ -->\n<title>Esschert Design Maltasche \u201eBauernhoftiere\u201c (KG340 )<\/title>\n<meta name=\"description\" content=\"Esschert Design Maltasche \u201eBauernhoftiere\u201c (KG340 8714982275586)cm L 29 x T 0,5 x H 36,5 Polyester, Acrylfarbe, CE-Kennzeichnung,gewicht 0,139 kg,\" \/>\n<meta name=\"robots\" content=\"index, follow, max-snippet:-1, max-image-preview:large, max-video-preview:-1\" \/>\n<link rel=\"canonical\" href=\"https:\/\/trendsandvision.nl\/de\/product\/esschert-design-maltasche-bauernhoftiere\/\" \/>\n<meta property=\"og:locale\" content=\"de_DE\" \/>\n<meta property=\"og:type\" content=\"article\" \/>\n<meta property=\"og:title\" content=\"Esschert Design Maltasche \u201eBauernhoftiere\u201c\" \/>\n<meta property=\"og:description\" content=\"Esschert Design Maltasche \u201eBauernhoftiere\u201c (KG340 8714982275586)cm L 29 x T 0,5 x H 36,5 Polyester, Acrylfarbe, CE-Kennzeichnung,gewicht 0,139 kg,\" \/>\n<meta property=\"og:url\" content=\"https:\/\/trendsandvision.nl\/de\/product\/esschert-design-maltasche-bauernhoftiere\/\" \/>\n<meta property=\"og:site_name\" content=\"Trends &amp; Vision (DE)\" \/>\n<meta property=\"article:modified_time\" content=\"2026-04-07T08:38:44+00:00\" \/>\n<meta property=\"og:image\" content=\"https:\/\/trendsandvision.nl\/de\/wp-content\/uploads\/sites\/3\/2024\/12\/KG340_01.jpg\" \/>\n\t<meta property=\"og:image:width\" content=\"800\" \/>\n\t<meta property=\"og:image:height\" content=\"800\" \/>\n\t<meta property=\"og:image:type\" content=\"image\/jpeg\" \/>\n<meta name=\"twitter:card\" content=\"summary_large_image\" \/>\n<meta name=\"twitter:label1\" content=\"Gesch\u00e4tzte Lesezeit\" \/>\n\t<meta name=\"twitter:data1\" content=\"1\u00a0Minute\" \/>\n<script type=\"application\/ld+json\" class=\"yoast-schema-graph\">{\"@context\":\"https:\\\/\\\/schema.org\",\"@graph\":[{\"@type\":\"WebPage\",\"@id\":\"https:\\\/\\\/trendsandvision.nl\\\/de\\\/product\\\/esschert-design-maltasche-bauernhoftiere\\\/\",\"url\":\"https:\\\/\\\/trendsandvision.nl\\\/de\\\/product\\\/esschert-design-maltasche-bauernhoftiere\\\/\",\"name\":\"Esschert Design Maltasche \u201eBauernhoftiere\u201c (KG340 )\",\"isPartOf\":{\"@id\":\"https:\\\/\\\/trendsandvision.nl\\\/de\\\/#website\"},\"primaryImageOfPage\":{\"@id\":\"https:\\\/\\\/trendsandvision.nl\\\/de\\\/product\\\/esschert-design-maltasche-bauernhoftiere\\\/#primaryimage\"},\"image\":{\"@id\":\"https:\\\/\\\/trendsandvision.nl\\\/de\\\/product\\\/esschert-design-maltasche-bauernhoftiere\\\/#primaryimage\"},\"thumbnailUrl\":\"https:\\\/\\\/trendsandvision.nl\\\/de\\\/wp-content\\\/uploads\\\/sites\\\/3\\\/2024\\\/12\\\/KG340_01.jpg\",\"datePublished\":\"2024-12-22T07:44:00+00:00\",\"dateModified\":\"2026-04-07T08:38:44+00:00\",\"description\":\"Esschert Design Maltasche \u201eBauernhoftiere\u201c (KG340 8714982275586)cm L 29 x T 0,5 x H 36,5 Polyester, Acrylfarbe, CE-Kennzeichnung,gewicht 0,139 kg,\",\"breadcrumb\":{\"@id\":\"https:\\\/\\\/trendsandvision.nl\\\/de\\\/product\\\/esschert-design-maltasche-bauernhoftiere\\\/#breadcrumb\"},\"inLanguage\":\"de\",\"potentialAction\":[{\"@type\":\"ReadAction\",\"target\":[\"https:\\\/\\\/trendsandvision.nl\\\/de\\\/product\\\/esschert-design-maltasche-bauernhoftiere\\\/\"]}]},{\"@type\":\"ImageObject\",\"inLanguage\":\"de\",\"@id\":\"https:\\\/\\\/trendsandvision.nl\\\/de\\\/product\\\/esschert-design-maltasche-bauernhoftiere\\\/#primaryimage\",\"url\":\"https:\\\/\\\/trendsandvision.nl\\\/de\\\/wp-content\\\/uploads\\\/sites\\\/3\\\/2024\\\/12\\\/KG340_01.jpg\",\"contentUrl\":\"https:\\\/\\\/trendsandvision.nl\\\/de\\\/wp-content\\\/uploads\\\/sites\\\/3\\\/2024\\\/12\\\/KG340_01.jpg\",\"width\":800,\"height\":800,\"caption\":\"Trends and Vision Maltasche \u201eBauernhoftiere\u201c (KG340 8714982275586)cm L 29 x T 0,5 x H 36,5 Polyester, Acrylfarbe, CE-Kennzeichnung,gewicht 0,139 kg,\"},{\"@type\":\"BreadcrumbList\",\"@id\":\"https:\\\/\\\/trendsandvision.nl\\\/de\\\/product\\\/esschert-design-maltasche-bauernhoftiere\\\/#breadcrumb\",\"itemListElement\":[{\"@type\":\"ListItem\",\"position\":1,\"name\":\"Home\",\"item\":\"https:\\\/\\\/trendsandvision.nl\\\/de\\\/\"},{\"@type\":\"ListItem\",\"position\":2,\"name\":\"Gesch\u00e4ft\",\"item\":\"https:\\\/\\\/trendsandvision.nl\\\/de\\\/geschaft\\\/\"},{\"@type\":\"ListItem\",\"position\":3,\"name\":\"Esschert Design Maltasche \u201eBauernhoftiere\u201c\"}]},{\"@type\":\"WebSite\",\"@id\":\"https:\\\/\\\/trendsandvision.nl\\\/de\\\/#website\",\"url\":\"https:\\\/\\\/trendsandvision.nl\\\/de\\\/\",\"name\":\"Trends &amp; Vision (DE)\",\"description\":\"Der Webshop f\u00fcr Esschert Design Artikel\",\"publisher\":{\"@id\":\"https:\\\/\\\/trendsandvision.nl\\\/de\\\/#organization\"},\"potentialAction\":[{\"@type\":\"SearchAction\",\"target\":{\"@type\":\"EntryPoint\",\"urlTemplate\":\"https:\\\/\\\/trendsandvision.nl\\\/de\\\/?s={search_term_string}\"},\"query-input\":{\"@type\":\"PropertyValueSpecification\",\"valueRequired\":true,\"valueName\":\"search_term_string\"}}],\"inLanguage\":\"de\"},{\"@type\":\"Organization\",\"@id\":\"https:\\\/\\\/trendsandvision.nl\\\/de\\\/#organization\",\"name\":\"Trends &amp; Vision (DE)\",\"url\":\"https:\\\/\\\/trendsandvision.nl\\\/de\\\/\",\"logo\":{\"@type\":\"ImageObject\",\"inLanguage\":\"de\",\"@id\":\"https:\\\/\\\/trendsandvision.nl\\\/de\\\/#\\\/schema\\\/logo\\\/image\\\/\",\"url\":\"https:\\\/\\\/trendsandvision.nl\\\/de\\\/wp-content\\\/uploads\\\/sites\\\/3\\\/2022\\\/04\\\/trends-and-vision-logo.jpg\",\"contentUrl\":\"https:\\\/\\\/trendsandvision.nl\\\/de\\\/wp-content\\\/uploads\\\/sites\\\/3\\\/2022\\\/04\\\/trends-and-vision-logo.jpg\",\"width\":213,\"height\":100,\"caption\":\"Trends &amp; Vision (DE)\"},\"image\":{\"@id\":\"https:\\\/\\\/trendsandvision.nl\\\/de\\\/#\\\/schema\\\/logo\\\/image\\\/\"}}]}<\/script>\n<!-- \/ Yoast SEO Premium plugin. -->","yoast_head_json":{"title":"Esschert Design Maltasche \u201eBauernhoftiere\u201c (KG340 )","description":"Esschert Design Maltasche \u201eBauernhoftiere\u201c (KG340 8714982275586)cm L 29 x T 0,5 x H 36,5 Polyester, Acrylfarbe, CE-Kennzeichnung,gewicht 0,139 kg,","robots":{"index":"index","follow":"follow","max-snippet":"max-snippet:-1","max-image-preview":"max-image-preview:large","max-video-preview":"max-video-preview:-1"},"canonical":"https:\/\/trendsandvision.nl\/de\/product\/esschert-design-maltasche-bauernhoftiere\/","og_locale":"de_DE","og_type":"article","og_title":"Esschert Design Maltasche \u201eBauernhoftiere\u201c","og_description":"Esschert Design Maltasche \u201eBauernhoftiere\u201c (KG340 8714982275586)cm L 29 x T 0,5 x H 36,5 Polyester, Acrylfarbe, CE-Kennzeichnung,gewicht 0,139 kg,","og_url":"https:\/\/trendsandvision.nl\/de\/product\/esschert-design-maltasche-bauernhoftiere\/","og_site_name":"Trends &amp; Vision (DE)","article_modified_time":"2026-04-07T08:38:44+00:00","og_image":[{"width":800,"height":800,"url":"https:\/\/trendsandvision.nl\/de\/wp-content\/uploads\/sites\/3\/2024\/12\/KG340_01.jpg","type":"image\/jpeg"}],"twitter_card":"summary_large_image","twitter_misc":{"Gesch\u00e4tzte Lesezeit":"1\u00a0Minute"},"schema":{"@context":"https:\/\/schema.org","@graph":[{"@type":"WebPage","@id":"https:\/\/trendsandvision.nl\/de\/product\/esschert-design-maltasche-bauernhoftiere\/","url":"https:\/\/trendsandvision.nl\/de\/product\/esschert-design-maltasche-bauernhoftiere\/","name":"Esschert Design Maltasche \u201eBauernhoftiere\u201c (KG340 )","isPartOf":{"@id":"https:\/\/trendsandvision.nl\/de\/#website"},"primaryImageOfPage":{"@id":"https:\/\/trendsandvision.nl\/de\/product\/esschert-design-maltasche-bauernhoftiere\/#primaryimage"},"image":{"@id":"https:\/\/trendsandvision.nl\/de\/product\/esschert-design-maltasche-bauernhoftiere\/#primaryimage"},"thumbnailUrl":"https:\/\/trendsandvision.nl\/de\/wp-content\/uploads\/sites\/3\/2024\/12\/KG340_01.jpg","datePublished":"2024-12-22T07:44:00+00:00","dateModified":"2026-04-07T08:38:44+00:00","description":"Esschert Design Maltasche \u201eBauernhoftiere\u201c (KG340 8714982275586)cm L 29 x T 0,5 x H 36,5 Polyester, Acrylfarbe, CE-Kennzeichnung,gewicht 0,139 kg,","breadcrumb":{"@id":"https:\/\/trendsandvision.nl\/de\/product\/esschert-design-maltasche-bauernhoftiere\/#breadcrumb"},"inLanguage":"de","potentialAction":[{"@type":"ReadAction","target":["https:\/\/trendsandvision.nl\/de\/product\/esschert-design-maltasche-bauernhoftiere\/"]}]},{"@type":"ImageObject","inLanguage":"de","@id":"https:\/\/trendsandvision.nl\/de\/product\/esschert-design-maltasche-bauernhoftiere\/#primaryimage","url":"https:\/\/trendsandvision.nl\/de\/wp-content\/uploads\/sites\/3\/2024\/12\/KG340_01.jpg","contentUrl":"https:\/\/trendsandvision.nl\/de\/wp-content\/uploads\/sites\/3\/2024\/12\/KG340_01.jpg","width":800,"height":800,"caption":"Trends and Vision Maltasche \u201eBauernhoftiere\u201c (KG340 8714982275586)cm L 29 x T 0,5 x H 36,5 Polyester, Acrylfarbe, CE-Kennzeichnung,gewicht 0,139 kg,"},{"@type":"BreadcrumbList","@id":"https:\/\/trendsandvision.nl\/de\/product\/esschert-design-maltasche-bauernhoftiere\/#breadcrumb","itemListElement":[{"@type":"ListItem","position":1,"name":"Home","item":"https:\/\/trendsandvision.nl\/de\/"},{"@type":"ListItem","position":2,"name":"Gesch\u00e4ft","item":"https:\/\/trendsandvision.nl\/de\/geschaft\/"},{"@type":"ListItem","position":3,"name":"Esschert Design Maltasche \u201eBauernhoftiere\u201c"}]},{"@type":"WebSite","@id":"https:\/\/trendsandvision.nl\/de\/#website","url":"https:\/\/trendsandvision.nl\/de\/","name":"Trends &amp; Vision (DE)","description":"Der Webshop f\u00fcr Esschert Design Artikel","publisher":{"@id":"https:\/\/trendsandvision.nl\/de\/#organization"},"potentialAction":[{"@type":"SearchAction","target":{"@type":"EntryPoint","urlTemplate":"https:\/\/trendsandvision.nl\/de\/?s={search_term_string}"},"query-input":{"@type":"PropertyValueSpecification","valueRequired":true,"valueName":"search_term_string"}}],"inLanguage":"de"},{"@type":"Organization","@id":"https:\/\/trendsandvision.nl\/de\/#organization","name":"Trends &amp; Vision (DE)","url":"https:\/\/trendsandvision.nl\/de\/","logo":{"@type":"ImageObject","inLanguage":"de","@id":"https:\/\/trendsandvision.nl\/de\/#\/schema\/logo\/image\/","url":"https:\/\/trendsandvision.nl\/de\/wp-content\/uploads\/sites\/3\/2022\/04\/trends-and-vision-logo.jpg","contentUrl":"https:\/\/trendsandvision.nl\/de\/wp-content\/uploads\/sites\/3\/2022\/04\/trends-and-vision-logo.jpg","width":213,"height":100,"caption":"Trends &amp; Vision (DE)"},"image":{"@id":"https:\/\/trendsandvision.nl\/de\/#\/schema\/logo\/image\/"}}]}},"_links":{"self":[{"href":"https:\/\/trendsandvision.nl\/de\/wp-json\/wp\/v2\/product\/18554","targetHints":{"allow":["GET"]}}],"collection":[{"href":"https:\/\/trendsandvision.nl\/de\/wp-json\/wp\/v2\/product"}],"about":[{"href":"https:\/\/trendsandvision.nl\/de\/wp-json\/wp\/v2\/types\/product"}],"wp:featuredmedia":[{"embeddable":true,"href":"https:\/\/trendsandvision.nl\/de\/wp-json\/wp\/v2\/media\/18555"}],"wp:attachment":[{"href":"https:\/\/trendsandvision.nl\/de\/wp-json\/wp\/v2\/media?parent=18554"}],"wp:term":[{"taxonomy":"product_brand","embeddable":true,"href":"https:\/\/trendsandvision.nl\/de\/wp-json\/wp\/v2\/product_brand?post=18554"},{"taxonomy":"product_cat","embeddable":true,"href":"https:\/\/trendsandvision.nl\/de\/wp-json\/wp\/v2\/product_cat?post=18554"},{"taxonomy":"product_tag","embeddable":true,"href":"https:\/\/trendsandvision.nl\/de\/wp-json\/wp\/v2\/product_tag?post=18554"}],"curies":[{"name":"wp","href":"https:\/\/api.w.org\/{rel}","templated":true}]}}