{"id":18552,"date":"2024-12-22T08:43:58","date_gmt":"2024-12-22T07:43:58","guid":{"rendered":"https:\/\/trendsandvision.nl\/de\/product\/esschert-design-maltasche-schmetterlinge\/"},"modified":"2026-04-07T10:38:43","modified_gmt":"2026-04-07T08:38:43","slug":"esschert-design-maltasche-schmetterlinge","status":"publish","type":"product","link":"https:\/\/trendsandvision.nl\/de\/product\/esschert-design-maltasche-schmetterlinge\/","title":{"rendered":"Esschert Design Maltasche \u201eSchmetterlinge\u201c"},"content":{"rendered":"<p>Die Colour-in Bag vereint Kreativit\u00e4t mit Funktionalit\u00e4t. Die Tasche ist mit einem sch\u00f6nen Motiv bedruckt, das Kinder mit dem beiliegenden Pinsel selbst ausmalen k\u00f6nnen. So entsteht f\u00fcr jedes Kind ein einzigartiges und pers\u00f6nliches Design.<br \/>\nNach dem Bemalen ist die Tasche ideal f\u00fcr den t\u00e4glichen Gebrauch.<br \/>\nFarbe und Pinsel sind enthalten.<br \/>\nNach dem Bemalen sollte die Tasche 24 Stunden trocknen und anschlie\u00dfend auf der R\u00fcckseite geb\u00fcgelt werden.<\/p>\n<p><strong>F\u00fcr kreative Kinder oder f\u00fcr ein Kinderfest haben wir lustige Regenschirme und Taschen f\u00fcr die Kinder, die Sie selbst bemalen k\u00f6nnen. Inklusive Farbe und Pinsel.<\/strong><\/p>\n<p>Artikelnummer KG339<br \/>\nProduktgruppe(n) Kinder, Selber machen, Sonstiges, PIY<br \/>\nProduktabmessungen in cm L 29 x T 0,5 x H 36,5<br \/>\nMaterial Polyester, Acrylfarbe, PP, Birkenholz, Rosshaar<br \/>\nNettogewicht 0,139 kg<br \/>\nBarcode 8714982275579<br \/>\nmit CE-Kennzeichnung<br \/>\nProduzent <a href=\"https:\/\/www.esschertdesign.com\/shop\/de\/inkleurtas-vlinders-kg339\" target=\"_blank\">Esschert Design<\/a><\/p>\n","protected":false},"excerpt":{"rendered":"<p>L 29 x T 0,5 x H 36,5 cm<br \/>\nPolyester, Acrylfarbe, PP, Birkenholz, Rosshaar<br \/>\nNettogewicht 0,139 kg<br \/>\nBarcode 8714982275579<br \/>\nmit CE-Kennzeichnung<\/p>\n","protected":false},"featured_media":18553,"template":"","meta":[],"product_brand":[9597,9598],"product_cat":[3056],"product_tag":[9325,7025,7288,7812,7555,7532],"class_list":{"0":"post-18552","1":"product","2":"type-product","3":"status-publish","4":"has-post-thumbnail","6":"product_brand-esschert-design","7":"product_brand-trends-and-vision","8":"product_cat-kids-in-the-garden","9":"product_tag-ce-kennzeichnung","10":"product_tag-edukativ","11":"product_tag-piy","12":"product_tag-schmetterlinge","13":"product_tag-selbst-mahlen","14":"product_tag-taschen","15":"pa_anbieter-esschert-design","16":"pa_ean-code-7690","18":"first","19":"instock","20":"sale","21":"taxable","22":"shipping-taxable","23":"purchasable","24":"product-type-simple","25":"czr-hentry"},"yoast_head":"<!-- This site is optimized with the Yoast SEO Premium plugin v26.4 (Yoast SEO v27.4) - https:\/\/yoast.com\/product\/yoast-seo-premium-wordpress\/ -->\n<title>Esschert Design Maltasche \u201eSchmetterlinge\u201c (KG339 )<\/title>\n<meta name=\"description\" content=\"Esschert Design Maltasche \u201eSchmetterlinge\u201c (KG339 8714982275579) cm L 29 x T 0,5 x H 36,5,- Polyester, Acrylfarbe, gewicht 0,139 kg , CE-Kennzeichnung\" \/>\n<meta name=\"robots\" content=\"index, follow, max-snippet:-1, max-image-preview:large, max-video-preview:-1\" \/>\n<link rel=\"canonical\" href=\"https:\/\/trendsandvision.nl\/de\/product\/esschert-design-maltasche-schmetterlinge\/\" \/>\n<meta property=\"og:locale\" content=\"de_DE\" \/>\n<meta property=\"og:type\" content=\"article\" \/>\n<meta property=\"og:title\" content=\"Esschert Design Maltasche \u201eSchmetterlinge\u201c\" \/>\n<meta property=\"og:description\" content=\"Esschert Design Maltasche \u201eSchmetterlinge\u201c (KG339 8714982275579) cm L 29 x T 0,5 x H 36,5,- Polyester, Acrylfarbe, gewicht 0,139 kg , CE-Kennzeichnung\" \/>\n<meta property=\"og:url\" content=\"https:\/\/trendsandvision.nl\/de\/product\/esschert-design-maltasche-schmetterlinge\/\" \/>\n<meta property=\"og:site_name\" content=\"Trends &amp; Vision (DE)\" \/>\n<meta property=\"article:modified_time\" content=\"2026-04-07T08:38:43+00:00\" \/>\n<meta property=\"og:image\" content=\"https:\/\/trendsandvision.nl\/de\/wp-content\/uploads\/sites\/3\/2024\/12\/KG339_01.jpg\" \/>\n\t<meta property=\"og:image:width\" content=\"800\" \/>\n\t<meta property=\"og:image:height\" content=\"800\" \/>\n\t<meta property=\"og:image:type\" content=\"image\/jpeg\" \/>\n<meta name=\"twitter:card\" content=\"summary_large_image\" \/>\n<meta name=\"twitter:label1\" content=\"Gesch\u00e4tzte Lesezeit\" \/>\n\t<meta name=\"twitter:data1\" content=\"1\u00a0Minute\" \/>\n<script type=\"application\/ld+json\" class=\"yoast-schema-graph\">{\"@context\":\"https:\\\/\\\/schema.org\",\"@graph\":[{\"@type\":\"WebPage\",\"@id\":\"https:\\\/\\\/trendsandvision.nl\\\/de\\\/product\\\/esschert-design-maltasche-schmetterlinge\\\/\",\"url\":\"https:\\\/\\\/trendsandvision.nl\\\/de\\\/product\\\/esschert-design-maltasche-schmetterlinge\\\/\",\"name\":\"Esschert Design Maltasche \u201eSchmetterlinge\u201c (KG339 )\",\"isPartOf\":{\"@id\":\"https:\\\/\\\/trendsandvision.nl\\\/de\\\/#website\"},\"primaryImageOfPage\":{\"@id\":\"https:\\\/\\\/trendsandvision.nl\\\/de\\\/product\\\/esschert-design-maltasche-schmetterlinge\\\/#primaryimage\"},\"image\":{\"@id\":\"https:\\\/\\\/trendsandvision.nl\\\/de\\\/product\\\/esschert-design-maltasche-schmetterlinge\\\/#primaryimage\"},\"thumbnailUrl\":\"https:\\\/\\\/trendsandvision.nl\\\/de\\\/wp-content\\\/uploads\\\/sites\\\/3\\\/2024\\\/12\\\/KG339_01.jpg\",\"datePublished\":\"2024-12-22T07:43:58+00:00\",\"dateModified\":\"2026-04-07T08:38:43+00:00\",\"description\":\"Esschert Design Maltasche \u201eSchmetterlinge\u201c (KG339 8714982275579) cm L 29 x T 0,5 x H 36,5,- Polyester, Acrylfarbe, gewicht 0,139 kg , CE-Kennzeichnung\",\"breadcrumb\":{\"@id\":\"https:\\\/\\\/trendsandvision.nl\\\/de\\\/product\\\/esschert-design-maltasche-schmetterlinge\\\/#breadcrumb\"},\"inLanguage\":\"de\",\"potentialAction\":[{\"@type\":\"ReadAction\",\"target\":[\"https:\\\/\\\/trendsandvision.nl\\\/de\\\/product\\\/esschert-design-maltasche-schmetterlinge\\\/\"]}]},{\"@type\":\"ImageObject\",\"inLanguage\":\"de\",\"@id\":\"https:\\\/\\\/trendsandvision.nl\\\/de\\\/product\\\/esschert-design-maltasche-schmetterlinge\\\/#primaryimage\",\"url\":\"https:\\\/\\\/trendsandvision.nl\\\/de\\\/wp-content\\\/uploads\\\/sites\\\/3\\\/2024\\\/12\\\/KG339_01.jpg\",\"contentUrl\":\"https:\\\/\\\/trendsandvision.nl\\\/de\\\/wp-content\\\/uploads\\\/sites\\\/3\\\/2024\\\/12\\\/KG339_01.jpg\",\"width\":800,\"height\":800,\"caption\":\"Trends and Vision Maltasche \u201eSchmetterlinge\u201c (KG339 8714982275579) cm L 29 x T 0,5 x H 36,5,- Polyester, Acrylfarbe, gewicht 0,139 kg , CE-Kennzeichnung\"},{\"@type\":\"BreadcrumbList\",\"@id\":\"https:\\\/\\\/trendsandvision.nl\\\/de\\\/product\\\/esschert-design-maltasche-schmetterlinge\\\/#breadcrumb\",\"itemListElement\":[{\"@type\":\"ListItem\",\"position\":1,\"name\":\"Home\",\"item\":\"https:\\\/\\\/trendsandvision.nl\\\/de\\\/\"},{\"@type\":\"ListItem\",\"position\":2,\"name\":\"Gesch\u00e4ft\",\"item\":\"https:\\\/\\\/trendsandvision.nl\\\/de\\\/geschaft\\\/\"},{\"@type\":\"ListItem\",\"position\":3,\"name\":\"Esschert Design Maltasche \u201eSchmetterlinge\u201c\"}]},{\"@type\":\"WebSite\",\"@id\":\"https:\\\/\\\/trendsandvision.nl\\\/de\\\/#website\",\"url\":\"https:\\\/\\\/trendsandvision.nl\\\/de\\\/\",\"name\":\"Trends &amp; Vision (DE)\",\"description\":\"Der Webshop f\u00fcr Esschert Design Artikel\",\"publisher\":{\"@id\":\"https:\\\/\\\/trendsandvision.nl\\\/de\\\/#organization\"},\"potentialAction\":[{\"@type\":\"SearchAction\",\"target\":{\"@type\":\"EntryPoint\",\"urlTemplate\":\"https:\\\/\\\/trendsandvision.nl\\\/de\\\/?s={search_term_string}\"},\"query-input\":{\"@type\":\"PropertyValueSpecification\",\"valueRequired\":true,\"valueName\":\"search_term_string\"}}],\"inLanguage\":\"de\"},{\"@type\":\"Organization\",\"@id\":\"https:\\\/\\\/trendsandvision.nl\\\/de\\\/#organization\",\"name\":\"Trends &amp; Vision (DE)\",\"url\":\"https:\\\/\\\/trendsandvision.nl\\\/de\\\/\",\"logo\":{\"@type\":\"ImageObject\",\"inLanguage\":\"de\",\"@id\":\"https:\\\/\\\/trendsandvision.nl\\\/de\\\/#\\\/schema\\\/logo\\\/image\\\/\",\"url\":\"https:\\\/\\\/trendsandvision.nl\\\/de\\\/wp-content\\\/uploads\\\/sites\\\/3\\\/2022\\\/04\\\/trends-and-vision-logo.jpg\",\"contentUrl\":\"https:\\\/\\\/trendsandvision.nl\\\/de\\\/wp-content\\\/uploads\\\/sites\\\/3\\\/2022\\\/04\\\/trends-and-vision-logo.jpg\",\"width\":213,\"height\":100,\"caption\":\"Trends &amp; Vision (DE)\"},\"image\":{\"@id\":\"https:\\\/\\\/trendsandvision.nl\\\/de\\\/#\\\/schema\\\/logo\\\/image\\\/\"}}]}<\/script>\n<!-- \/ Yoast SEO Premium plugin. -->","yoast_head_json":{"title":"Esschert Design Maltasche \u201eSchmetterlinge\u201c (KG339 )","description":"Esschert Design Maltasche \u201eSchmetterlinge\u201c (KG339 8714982275579) cm L 29 x T 0,5 x H 36,5,- Polyester, Acrylfarbe, gewicht 0,139 kg , CE-Kennzeichnung","robots":{"index":"index","follow":"follow","max-snippet":"max-snippet:-1","max-image-preview":"max-image-preview:large","max-video-preview":"max-video-preview:-1"},"canonical":"https:\/\/trendsandvision.nl\/de\/product\/esschert-design-maltasche-schmetterlinge\/","og_locale":"de_DE","og_type":"article","og_title":"Esschert Design Maltasche \u201eSchmetterlinge\u201c","og_description":"Esschert Design Maltasche \u201eSchmetterlinge\u201c (KG339 8714982275579) cm L 29 x T 0,5 x H 36,5,- Polyester, Acrylfarbe, gewicht 0,139 kg , CE-Kennzeichnung","og_url":"https:\/\/trendsandvision.nl\/de\/product\/esschert-design-maltasche-schmetterlinge\/","og_site_name":"Trends &amp; Vision (DE)","article_modified_time":"2026-04-07T08:38:43+00:00","og_image":[{"width":800,"height":800,"url":"https:\/\/trendsandvision.nl\/de\/wp-content\/uploads\/sites\/3\/2024\/12\/KG339_01.jpg","type":"image\/jpeg"}],"twitter_card":"summary_large_image","twitter_misc":{"Gesch\u00e4tzte Lesezeit":"1\u00a0Minute"},"schema":{"@context":"https:\/\/schema.org","@graph":[{"@type":"WebPage","@id":"https:\/\/trendsandvision.nl\/de\/product\/esschert-design-maltasche-schmetterlinge\/","url":"https:\/\/trendsandvision.nl\/de\/product\/esschert-design-maltasche-schmetterlinge\/","name":"Esschert Design Maltasche \u201eSchmetterlinge\u201c (KG339 )","isPartOf":{"@id":"https:\/\/trendsandvision.nl\/de\/#website"},"primaryImageOfPage":{"@id":"https:\/\/trendsandvision.nl\/de\/product\/esschert-design-maltasche-schmetterlinge\/#primaryimage"},"image":{"@id":"https:\/\/trendsandvision.nl\/de\/product\/esschert-design-maltasche-schmetterlinge\/#primaryimage"},"thumbnailUrl":"https:\/\/trendsandvision.nl\/de\/wp-content\/uploads\/sites\/3\/2024\/12\/KG339_01.jpg","datePublished":"2024-12-22T07:43:58+00:00","dateModified":"2026-04-07T08:38:43+00:00","description":"Esschert Design Maltasche \u201eSchmetterlinge\u201c (KG339 8714982275579) cm L 29 x T 0,5 x H 36,5,- Polyester, Acrylfarbe, gewicht 0,139 kg , CE-Kennzeichnung","breadcrumb":{"@id":"https:\/\/trendsandvision.nl\/de\/product\/esschert-design-maltasche-schmetterlinge\/#breadcrumb"},"inLanguage":"de","potentialAction":[{"@type":"ReadAction","target":["https:\/\/trendsandvision.nl\/de\/product\/esschert-design-maltasche-schmetterlinge\/"]}]},{"@type":"ImageObject","inLanguage":"de","@id":"https:\/\/trendsandvision.nl\/de\/product\/esschert-design-maltasche-schmetterlinge\/#primaryimage","url":"https:\/\/trendsandvision.nl\/de\/wp-content\/uploads\/sites\/3\/2024\/12\/KG339_01.jpg","contentUrl":"https:\/\/trendsandvision.nl\/de\/wp-content\/uploads\/sites\/3\/2024\/12\/KG339_01.jpg","width":800,"height":800,"caption":"Trends and Vision Maltasche \u201eSchmetterlinge\u201c (KG339 8714982275579) cm L 29 x T 0,5 x H 36,5,- Polyester, Acrylfarbe, gewicht 0,139 kg , CE-Kennzeichnung"},{"@type":"BreadcrumbList","@id":"https:\/\/trendsandvision.nl\/de\/product\/esschert-design-maltasche-schmetterlinge\/#breadcrumb","itemListElement":[{"@type":"ListItem","position":1,"name":"Home","item":"https:\/\/trendsandvision.nl\/de\/"},{"@type":"ListItem","position":2,"name":"Gesch\u00e4ft","item":"https:\/\/trendsandvision.nl\/de\/geschaft\/"},{"@type":"ListItem","position":3,"name":"Esschert Design Maltasche \u201eSchmetterlinge\u201c"}]},{"@type":"WebSite","@id":"https:\/\/trendsandvision.nl\/de\/#website","url":"https:\/\/trendsandvision.nl\/de\/","name":"Trends &amp; Vision (DE)","description":"Der Webshop f\u00fcr Esschert Design Artikel","publisher":{"@id":"https:\/\/trendsandvision.nl\/de\/#organization"},"potentialAction":[{"@type":"SearchAction","target":{"@type":"EntryPoint","urlTemplate":"https:\/\/trendsandvision.nl\/de\/?s={search_term_string}"},"query-input":{"@type":"PropertyValueSpecification","valueRequired":true,"valueName":"search_term_string"}}],"inLanguage":"de"},{"@type":"Organization","@id":"https:\/\/trendsandvision.nl\/de\/#organization","name":"Trends &amp; Vision (DE)","url":"https:\/\/trendsandvision.nl\/de\/","logo":{"@type":"ImageObject","inLanguage":"de","@id":"https:\/\/trendsandvision.nl\/de\/#\/schema\/logo\/image\/","url":"https:\/\/trendsandvision.nl\/de\/wp-content\/uploads\/sites\/3\/2022\/04\/trends-and-vision-logo.jpg","contentUrl":"https:\/\/trendsandvision.nl\/de\/wp-content\/uploads\/sites\/3\/2022\/04\/trends-and-vision-logo.jpg","width":213,"height":100,"caption":"Trends &amp; Vision (DE)"},"image":{"@id":"https:\/\/trendsandvision.nl\/de\/#\/schema\/logo\/image\/"}}]}},"_links":{"self":[{"href":"https:\/\/trendsandvision.nl\/de\/wp-json\/wp\/v2\/product\/18552","targetHints":{"allow":["GET"]}}],"collection":[{"href":"https:\/\/trendsandvision.nl\/de\/wp-json\/wp\/v2\/product"}],"about":[{"href":"https:\/\/trendsandvision.nl\/de\/wp-json\/wp\/v2\/types\/product"}],"wp:featuredmedia":[{"embeddable":true,"href":"https:\/\/trendsandvision.nl\/de\/wp-json\/wp\/v2\/media\/18553"}],"wp:attachment":[{"href":"https:\/\/trendsandvision.nl\/de\/wp-json\/wp\/v2\/media?parent=18552"}],"wp:term":[{"taxonomy":"product_brand","embeddable":true,"href":"https:\/\/trendsandvision.nl\/de\/wp-json\/wp\/v2\/product_brand?post=18552"},{"taxonomy":"product_cat","embeddable":true,"href":"https:\/\/trendsandvision.nl\/de\/wp-json\/wp\/v2\/product_cat?post=18552"},{"taxonomy":"product_tag","embeddable":true,"href":"https:\/\/trendsandvision.nl\/de\/wp-json\/wp\/v2\/product_tag?post=18552"}],"curies":[{"name":"wp","href":"https:\/\/api.w.org\/{rel}","templated":true}]}}