{"id":18546,"date":"2024-12-22T08:43:50","date_gmt":"2024-12-22T07:43:50","guid":{"rendered":"https:\/\/trendsandvision.nl\/de\/product\/esschert-design-werkzeugtasche-fuer-den-kindergarten\/"},"modified":"2026-04-22T15:11:07","modified_gmt":"2026-04-22T13:11:07","slug":"esschert-design-werkzeugtasche-fuer-den-kindergarten","status":"publish","type":"product","link":"https:\/\/trendsandvision.nl\/de\/product\/esschert-design-werkzeugtasche-fuer-den-kindergarten\/","title":{"rendered":"Esschert Design Werkzeugtasche f\u00fcr den Kindergarten"},"content":{"rendered":"<p>Esschert Design Werkzeugtasche f\u00fcr den Kindergarten.<br \/>\nDiese Kindergartenger\u00e4tetasche wurde speziell f\u00fcr junge Gartenliebhaber entwickelt. Die stabile Tasche verf\u00fcgt \u00fcber mehrere F\u00e4cher, in denen Kinder ihr kleines Gartenger\u00e4t ordentlich verstauen und \u00fcberallhin mitnehmen k\u00f6nnen. Mit dieser Tasche k\u00f6nnen Kinder die Natur spielerisch und abenteuerlich entdecken und lernen. Das fr\u00f6hliche Design macht sie zu einem attraktiven Produkt f\u00fcr das Kindersortiment innerhalb des Gartensortiments.<\/p>\n<p>F\u00fcr unsere kleinen G\u00e4rtner eine Werkzeugtasche mit kleinen Handwerkzeugen<br \/>\n<strong>Wenn Kinder l\u00e4nger in der Sonne spielen, achten Sie auf einen guten <a href=\"https:\/\/trendsandvision.nl\/de\/product\/esschert-design-kappe-mit-nackensonnenschutz-kinder\/\">Kopfschutz<\/a>! (Sonnenstich)<\/strong><br \/>\nArtikelname Kinderger\u00e4tetasche\/Werkzeugtasche<br \/>\nArtikelnummer KG336<br \/>\nProduktgruppe(n) Garten &amp; Terrasse, Gartenger\u00e4te, Praktisches Zubeh\u00f6r, Kinder, Gartenwerkzeuge, Metall\/Stahl\/Zink<br \/>\nProduktabmessungen in cm L 16,5 x T 13 x H 24,5<br \/>\nMaterial Pappelholz, Weichstahl, Polyester<br \/>\nNettogewicht 0,313 kg<br \/>\nBarcode 8714982275531<br \/>\nmit CE-Kennzeichnung<br \/>\nProduzent <a href=\"https:\/\/www.esschertdesign.com\/shop\/de\/kinder-tuingereedschaptas-kg336\" target=\"_blank\">Esschert Design<\/a><\/p>\n","protected":false},"excerpt":{"rendered":"<p>L 16,5 x T 13 x H 24,5 cm<br \/>\nPappelholz, Weichstahl, Polyester<br \/>\nNettogewicht 0,313 kg<br \/>\nBarcode 8714982275531<br \/>\nmit CE-Kennzeichnung<\/p>\n","protected":false},"featured_media":18547,"template":"","meta":[],"product_brand":[9597,9598],"product_cat":[3056],"product_tag":[9325,6721,9581,9583,6720,7532,7296],"class_list":{"0":"post-18546","1":"product","2":"type-product","3":"status-publish","4":"has-post-thumbnail","6":"product_brand-esschert-design","7":"product_brand-trends-and-vision","8":"product_cat-kids-in-the-garden","9":"product_tag-ce-kennzeichnung","10":"product_tag-gartenwerkzeuge","11":"product_tag-gt350","12":"product_tag-kappe-gt349","13":"product_tag-kinder","14":"product_tag-taschen","15":"product_tag-werkzeuge","16":"pa_anbieter-esschert-design","17":"pa_ean-code-7688","19":"first","20":"instock","21":"sale","22":"taxable","23":"shipping-taxable","24":"purchasable","25":"product-type-simple","26":"czr-hentry"},"yoast_head":"<!-- This site is optimized with the Yoast SEO Premium plugin v27.4 (Yoast SEO v27.4) - https:\/\/yoast.com\/product\/yoast-seo-premium-wordpress\/ -->\n<title>Esschert Design Werkzeugtasche f\u00fcr den Kindergarten (KG336 )<\/title>\n<meta name=\"description\" content=\"Esschert Design Werkzeugtasche f\u00fcr den Kindergarten (KG336 8714982275531)cm L 16,5 x T 13 x H 24,5- Material Pappelholz,Polyestergewicht 0,313 kg\" \/>\n<meta name=\"robots\" content=\"index, follow, max-snippet:-1, max-image-preview:large, max-video-preview:-1\" \/>\n<link rel=\"canonical\" href=\"https:\/\/trendsandvision.nl\/de\/product\/esschert-design-werkzeugtasche-fuer-den-kindergarten\/\" \/>\n<meta property=\"og:locale\" content=\"de_DE\" \/>\n<meta property=\"og:type\" content=\"article\" \/>\n<meta property=\"og:title\" content=\"Esschert Design Werkzeugtasche f\u00fcr den Kindergarten\" \/>\n<meta property=\"og:description\" content=\"Esschert Design Werkzeugtasche f\u00fcr den Kindergarten (KG336 8714982275531)cm L 16,5 x T 13 x H 24,5- Material Pappelholz,Polyestergewicht 0,313 kg\" \/>\n<meta property=\"og:url\" content=\"https:\/\/trendsandvision.nl\/de\/product\/esschert-design-werkzeugtasche-fuer-den-kindergarten\/\" \/>\n<meta property=\"og:site_name\" content=\"Trends &amp; Vision (DE)\" \/>\n<meta property=\"article:modified_time\" content=\"2026-04-22T13:11:07+00:00\" \/>\n<meta property=\"og:image\" content=\"https:\/\/trendsandvision.nl\/de\/wp-content\/uploads\/sites\/3\/2024\/12\/KG336_01.jpg\" \/>\n\t<meta property=\"og:image:width\" content=\"800\" \/>\n\t<meta property=\"og:image:height\" content=\"800\" \/>\n\t<meta property=\"og:image:type\" content=\"image\/jpeg\" \/>\n<meta name=\"twitter:card\" content=\"summary_large_image\" \/>\n<meta name=\"twitter:label1\" content=\"Gesch\u00e4tzte Lesezeit\" \/>\n\t<meta name=\"twitter:data1\" content=\"1\u00a0Minute\" \/>\n<script type=\"application\/ld+json\" class=\"yoast-schema-graph\">{\"@context\":\"https:\\\/\\\/schema.org\",\"@graph\":[{\"@type\":\"WebPage\",\"@id\":\"https:\\\/\\\/trendsandvision.nl\\\/de\\\/product\\\/esschert-design-werkzeugtasche-fuer-den-kindergarten\\\/\",\"url\":\"https:\\\/\\\/trendsandvision.nl\\\/de\\\/product\\\/esschert-design-werkzeugtasche-fuer-den-kindergarten\\\/\",\"name\":\"Esschert Design Werkzeugtasche f\u00fcr den Kindergarten (KG336 )\",\"isPartOf\":{\"@id\":\"https:\\\/\\\/trendsandvision.nl\\\/de\\\/#website\"},\"primaryImageOfPage\":{\"@id\":\"https:\\\/\\\/trendsandvision.nl\\\/de\\\/product\\\/esschert-design-werkzeugtasche-fuer-den-kindergarten\\\/#primaryimage\"},\"image\":{\"@id\":\"https:\\\/\\\/trendsandvision.nl\\\/de\\\/product\\\/esschert-design-werkzeugtasche-fuer-den-kindergarten\\\/#primaryimage\"},\"thumbnailUrl\":\"https:\\\/\\\/trendsandvision.nl\\\/de\\\/wp-content\\\/uploads\\\/sites\\\/3\\\/2024\\\/12\\\/KG336_01.jpg\",\"datePublished\":\"2024-12-22T07:43:50+00:00\",\"dateModified\":\"2026-04-22T13:11:07+00:00\",\"description\":\"Esschert Design Werkzeugtasche f\u00fcr den Kindergarten (KG336 8714982275531)cm L 16,5 x T 13 x H 24,5- Material Pappelholz,Polyestergewicht 0,313 kg\",\"breadcrumb\":{\"@id\":\"https:\\\/\\\/trendsandvision.nl\\\/de\\\/product\\\/esschert-design-werkzeugtasche-fuer-den-kindergarten\\\/#breadcrumb\"},\"inLanguage\":\"de\",\"potentialAction\":[{\"@type\":\"ReadAction\",\"target\":[\"https:\\\/\\\/trendsandvision.nl\\\/de\\\/product\\\/esschert-design-werkzeugtasche-fuer-den-kindergarten\\\/\"]}]},{\"@type\":\"ImageObject\",\"inLanguage\":\"de\",\"@id\":\"https:\\\/\\\/trendsandvision.nl\\\/de\\\/product\\\/esschert-design-werkzeugtasche-fuer-den-kindergarten\\\/#primaryimage\",\"url\":\"https:\\\/\\\/trendsandvision.nl\\\/de\\\/wp-content\\\/uploads\\\/sites\\\/3\\\/2024\\\/12\\\/KG336_01.jpg\",\"contentUrl\":\"https:\\\/\\\/trendsandvision.nl\\\/de\\\/wp-content\\\/uploads\\\/sites\\\/3\\\/2024\\\/12\\\/KG336_01.jpg\",\"width\":800,\"height\":800,\"caption\":\"Trends and Vision Werkzeugtasche f\u00fcr den Kindergarten (KG336 8714982275531)cm L 16,5 x T 13 x H 24,5- Material Pappelholz,Polyestergewicht 0,313 kg\"},{\"@type\":\"BreadcrumbList\",\"@id\":\"https:\\\/\\\/trendsandvision.nl\\\/de\\\/product\\\/esschert-design-werkzeugtasche-fuer-den-kindergarten\\\/#breadcrumb\",\"itemListElement\":[{\"@type\":\"ListItem\",\"position\":1,\"name\":\"Home\",\"item\":\"https:\\\/\\\/trendsandvision.nl\\\/de\\\/\"},{\"@type\":\"ListItem\",\"position\":2,\"name\":\"Gesch\u00e4ft\",\"item\":\"https:\\\/\\\/trendsandvision.nl\\\/de\\\/geschaft\\\/\"},{\"@type\":\"ListItem\",\"position\":3,\"name\":\"Esschert Design Werkzeugtasche f\u00fcr den Kindergarten\"}]},{\"@type\":\"WebSite\",\"@id\":\"https:\\\/\\\/trendsandvision.nl\\\/de\\\/#website\",\"url\":\"https:\\\/\\\/trendsandvision.nl\\\/de\\\/\",\"name\":\"Trends &amp; Vision (DE)\",\"description\":\"Der Webshop f\u00fcr Esschert Design Artikel\",\"publisher\":{\"@id\":\"https:\\\/\\\/trendsandvision.nl\\\/de\\\/#organization\"},\"potentialAction\":[{\"@type\":\"SearchAction\",\"target\":{\"@type\":\"EntryPoint\",\"urlTemplate\":\"https:\\\/\\\/trendsandvision.nl\\\/de\\\/?s={search_term_string}\"},\"query-input\":{\"@type\":\"PropertyValueSpecification\",\"valueRequired\":true,\"valueName\":\"search_term_string\"}}],\"inLanguage\":\"de\"},{\"@type\":\"Organization\",\"@id\":\"https:\\\/\\\/trendsandvision.nl\\\/de\\\/#organization\",\"name\":\"Trends &amp; Vision (DE)\",\"url\":\"https:\\\/\\\/trendsandvision.nl\\\/de\\\/\",\"logo\":{\"@type\":\"ImageObject\",\"inLanguage\":\"de\",\"@id\":\"https:\\\/\\\/trendsandvision.nl\\\/de\\\/#\\\/schema\\\/logo\\\/image\\\/\",\"url\":\"https:\\\/\\\/trendsandvision.nl\\\/de\\\/wp-content\\\/uploads\\\/sites\\\/3\\\/2022\\\/04\\\/trends-and-vision-logo.jpg\",\"contentUrl\":\"https:\\\/\\\/trendsandvision.nl\\\/de\\\/wp-content\\\/uploads\\\/sites\\\/3\\\/2022\\\/04\\\/trends-and-vision-logo.jpg\",\"width\":213,\"height\":100,\"caption\":\"Trends &amp; Vision (DE)\"},\"image\":{\"@id\":\"https:\\\/\\\/trendsandvision.nl\\\/de\\\/#\\\/schema\\\/logo\\\/image\\\/\"}}]}<\/script>\n<!-- \/ Yoast SEO Premium plugin. -->","yoast_head_json":{"title":"Esschert Design Werkzeugtasche f\u00fcr den Kindergarten (KG336 )","description":"Esschert Design Werkzeugtasche f\u00fcr den Kindergarten (KG336 8714982275531)cm L 16,5 x T 13 x H 24,5- Material Pappelholz,Polyestergewicht 0,313 kg","robots":{"index":"index","follow":"follow","max-snippet":"max-snippet:-1","max-image-preview":"max-image-preview:large","max-video-preview":"max-video-preview:-1"},"canonical":"https:\/\/trendsandvision.nl\/de\/product\/esschert-design-werkzeugtasche-fuer-den-kindergarten\/","og_locale":"de_DE","og_type":"article","og_title":"Esschert Design Werkzeugtasche f\u00fcr den Kindergarten","og_description":"Esschert Design Werkzeugtasche f\u00fcr den Kindergarten (KG336 8714982275531)cm L 16,5 x T 13 x H 24,5- Material Pappelholz,Polyestergewicht 0,313 kg","og_url":"https:\/\/trendsandvision.nl\/de\/product\/esschert-design-werkzeugtasche-fuer-den-kindergarten\/","og_site_name":"Trends &amp; Vision (DE)","article_modified_time":"2026-04-22T13:11:07+00:00","og_image":[{"width":800,"height":800,"url":"https:\/\/trendsandvision.nl\/de\/wp-content\/uploads\/sites\/3\/2024\/12\/KG336_01.jpg","type":"image\/jpeg"}],"twitter_card":"summary_large_image","twitter_misc":{"Gesch\u00e4tzte Lesezeit":"1\u00a0Minute"},"schema":{"@context":"https:\/\/schema.org","@graph":[{"@type":"WebPage","@id":"https:\/\/trendsandvision.nl\/de\/product\/esschert-design-werkzeugtasche-fuer-den-kindergarten\/","url":"https:\/\/trendsandvision.nl\/de\/product\/esschert-design-werkzeugtasche-fuer-den-kindergarten\/","name":"Esschert Design Werkzeugtasche f\u00fcr den Kindergarten (KG336 )","isPartOf":{"@id":"https:\/\/trendsandvision.nl\/de\/#website"},"primaryImageOfPage":{"@id":"https:\/\/trendsandvision.nl\/de\/product\/esschert-design-werkzeugtasche-fuer-den-kindergarten\/#primaryimage"},"image":{"@id":"https:\/\/trendsandvision.nl\/de\/product\/esschert-design-werkzeugtasche-fuer-den-kindergarten\/#primaryimage"},"thumbnailUrl":"https:\/\/trendsandvision.nl\/de\/wp-content\/uploads\/sites\/3\/2024\/12\/KG336_01.jpg","datePublished":"2024-12-22T07:43:50+00:00","dateModified":"2026-04-22T13:11:07+00:00","description":"Esschert Design Werkzeugtasche f\u00fcr den Kindergarten (KG336 8714982275531)cm L 16,5 x T 13 x H 24,5- Material Pappelholz,Polyestergewicht 0,313 kg","breadcrumb":{"@id":"https:\/\/trendsandvision.nl\/de\/product\/esschert-design-werkzeugtasche-fuer-den-kindergarten\/#breadcrumb"},"inLanguage":"de","potentialAction":[{"@type":"ReadAction","target":["https:\/\/trendsandvision.nl\/de\/product\/esschert-design-werkzeugtasche-fuer-den-kindergarten\/"]}]},{"@type":"ImageObject","inLanguage":"de","@id":"https:\/\/trendsandvision.nl\/de\/product\/esschert-design-werkzeugtasche-fuer-den-kindergarten\/#primaryimage","url":"https:\/\/trendsandvision.nl\/de\/wp-content\/uploads\/sites\/3\/2024\/12\/KG336_01.jpg","contentUrl":"https:\/\/trendsandvision.nl\/de\/wp-content\/uploads\/sites\/3\/2024\/12\/KG336_01.jpg","width":800,"height":800,"caption":"Trends and Vision Werkzeugtasche f\u00fcr den Kindergarten (KG336 8714982275531)cm L 16,5 x T 13 x H 24,5- Material Pappelholz,Polyestergewicht 0,313 kg"},{"@type":"BreadcrumbList","@id":"https:\/\/trendsandvision.nl\/de\/product\/esschert-design-werkzeugtasche-fuer-den-kindergarten\/#breadcrumb","itemListElement":[{"@type":"ListItem","position":1,"name":"Home","item":"https:\/\/trendsandvision.nl\/de\/"},{"@type":"ListItem","position":2,"name":"Gesch\u00e4ft","item":"https:\/\/trendsandvision.nl\/de\/geschaft\/"},{"@type":"ListItem","position":3,"name":"Esschert Design Werkzeugtasche f\u00fcr den Kindergarten"}]},{"@type":"WebSite","@id":"https:\/\/trendsandvision.nl\/de\/#website","url":"https:\/\/trendsandvision.nl\/de\/","name":"Trends &amp; Vision (DE)","description":"Der Webshop f\u00fcr Esschert Design Artikel","publisher":{"@id":"https:\/\/trendsandvision.nl\/de\/#organization"},"potentialAction":[{"@type":"SearchAction","target":{"@type":"EntryPoint","urlTemplate":"https:\/\/trendsandvision.nl\/de\/?s={search_term_string}"},"query-input":{"@type":"PropertyValueSpecification","valueRequired":true,"valueName":"search_term_string"}}],"inLanguage":"de"},{"@type":"Organization","@id":"https:\/\/trendsandvision.nl\/de\/#organization","name":"Trends &amp; Vision (DE)","url":"https:\/\/trendsandvision.nl\/de\/","logo":{"@type":"ImageObject","inLanguage":"de","@id":"https:\/\/trendsandvision.nl\/de\/#\/schema\/logo\/image\/","url":"https:\/\/trendsandvision.nl\/de\/wp-content\/uploads\/sites\/3\/2022\/04\/trends-and-vision-logo.jpg","contentUrl":"https:\/\/trendsandvision.nl\/de\/wp-content\/uploads\/sites\/3\/2022\/04\/trends-and-vision-logo.jpg","width":213,"height":100,"caption":"Trends &amp; Vision (DE)"},"image":{"@id":"https:\/\/trendsandvision.nl\/de\/#\/schema\/logo\/image\/"}}]}},"_links":{"self":[{"href":"https:\/\/trendsandvision.nl\/de\/wp-json\/wp\/v2\/product\/18546","targetHints":{"allow":["GET"]}}],"collection":[{"href":"https:\/\/trendsandvision.nl\/de\/wp-json\/wp\/v2\/product"}],"about":[{"href":"https:\/\/trendsandvision.nl\/de\/wp-json\/wp\/v2\/types\/product"}],"wp:featuredmedia":[{"embeddable":true,"href":"https:\/\/trendsandvision.nl\/de\/wp-json\/wp\/v2\/media\/18547"}],"wp:attachment":[{"href":"https:\/\/trendsandvision.nl\/de\/wp-json\/wp\/v2\/media?parent=18546"}],"wp:term":[{"taxonomy":"product_brand","embeddable":true,"href":"https:\/\/trendsandvision.nl\/de\/wp-json\/wp\/v2\/product_brand?post=18546"},{"taxonomy":"product_cat","embeddable":true,"href":"https:\/\/trendsandvision.nl\/de\/wp-json\/wp\/v2\/product_cat?post=18546"},{"taxonomy":"product_tag","embeddable":true,"href":"https:\/\/trendsandvision.nl\/de\/wp-json\/wp\/v2\/product_tag?post=18546"}],"curies":[{"name":"wp","href":"https:\/\/api.w.org\/{rel}","templated":true}]}}