{"id":18542,"date":"2024-12-22T08:43:47","date_gmt":"2024-12-22T07:43:47","guid":{"rendered":"https:\/\/trendsandvision.nl\/de\/product\/esschert-design-kinderschirm-panorama-schlange\/"},"modified":"2026-04-07T10:38:41","modified_gmt":"2026-04-07T08:38:41","slug":"esschert-design-kinderschirm-panorama-schlange","status":"publish","type":"product","link":"https:\/\/trendsandvision.nl\/de\/product\/esschert-design-kinderschirm-panorama-schlange\/","title":{"rendered":"Esschert Design Kinderschirm Panorama Schlange"},"content":{"rendered":"<p><iframe loading=\"lazy\" title=\"Panoramic Snake Umbrella Animation - KG333\" width=\"1140\" height=\"641\" src=\"https:\/\/www.youtube.com\/embed\/d0cefFQlb4g?feature=oembed\" frameborder=\"0\" allow=\"accelerometer; autoplay; clipboard-write; encrypted-media; gyroscope; picture-in-picture; web-share\" referrerpolicy=\"strict-origin-when-cross-origin\" allowfullscreen><\/iframe><\/p>\n<p>F\u00fcr kreative Kinder oder f\u00fcr ein Kinderfest haben wir auch <strong><a href=\"https:\/\/trendsandvision.nl\/de\/?s=Ausmalregenschirm+&amp;post_type=product&amp;dgwt_wcas=1\">Kinderschirme zum Selbstbemalen<\/a><\/strong>.<br \/>\nArtikelname ein\/aufklappbar Kinderschirm mit Schlange <strong><a href=\"https:\/\/trendsandvision.nl\/de\/?s=Panorama&amp;post_type=product&amp;dgwt_wcas=1\">Panorama<\/a><\/strong><\/p>\n<p>Mit diesem fr\u00f6hlichen Panorama-Kinderregenschirm wird ein Spaziergang im Regen zum Vergn\u00fcgen! Durch das transparente Design k\u00f6nnen die Kinder alles um sich herum sehen, w\u00e4hrend das lustige Motiv zus\u00e4tzlichen Spa\u00df bringt. Dank der kinderfreundlichen \u00d6ffnung und der stabilen Konstruktion ist der Schirm sicher und einfach f\u00fcr kleine Kinderh\u00e4nde zu bedienen.<\/p>\n<p>Artikelnummer KG333 Kinderregenschirm<br \/>\nProduktgruppe(n) Taschen &amp; Schirme, Regenschirme, Kinder, Regenschirme<br \/>\nProduktabmessungen in cm \u00f8 L 68,5 x T 68,5 x H 59<br \/>\nMaterial Polyester, Stahl, PP<br \/>\nNettogewicht 0,534 kg<br \/>\nBarcode 8714982275012<br \/>\nProduzent <a href=\"https:\/\/www.esschertdesign.com\/shop\/de\/kinderparaplu-panorama-slang-kg333\" target=\"_blank\">Esschert Design<\/a><\/p>\n","protected":false},"excerpt":{"rendered":"<p>L 68,5 x T 68,5 x H 59 cm<br \/>\nTransparentes Panorama-Design<br \/>\nKinderfreundliche Bedienung<br \/>\nLeicht und stabil<br \/>\nPolyester, Stahl, PP<br \/>\nNettogewicht 0,534 kg<br \/>\nBarcode 8714982275012<\/p>\n","protected":false},"featured_media":18543,"template":"","meta":[],"product_brand":[9597,9598],"product_cat":[3056],"product_tag":[10833,10834,8715,7813],"class_list":{"0":"post-18542","1":"product","2":"type-product","3":"status-publish","4":"has-post-thumbnail","6":"product_brand-esschert-design","7":"product_brand-trends-and-vision","8":"product_cat-kids-in-the-garden","9":"product_tag-kinderregenschirmen","10":"product_tag-kinderschirmen","11":"product_tag-regenschirmen","12":"product_tag-schlangen","13":"pa_anbieter-esschert-design","14":"pa_ean-code-7687","16":"first","17":"instock","18":"sale","19":"taxable","20":"shipping-taxable","21":"purchasable","22":"product-type-simple","23":"czr-hentry"},"yoast_head":"<!-- This site is optimized with the Yoast SEO Premium plugin v26.4 (Yoast SEO v27.3) - https:\/\/yoast.com\/product\/yoast-seo-premium-wordpress\/ -->\n<title>Esschert Design Kinderschirm Panorama Schlange (KG333 )<\/title>\n<meta name=\"description\" content=\"Esschert Design Kinderschirm Panorama Schlange (KG333 8714982275012)cm \u00f8 L 68,5 x T 68,5 x H 59, Material Polyester, Stahl, PP, Nettogewicht 0,534 kg\" \/>\n<meta name=\"robots\" content=\"index, follow, max-snippet:-1, max-image-preview:large, max-video-preview:-1\" \/>\n<link rel=\"canonical\" href=\"https:\/\/trendsandvision.nl\/de\/product\/esschert-design-kinderschirm-panorama-schlange\/\" \/>\n<meta property=\"og:locale\" content=\"de_DE\" \/>\n<meta property=\"og:type\" content=\"article\" \/>\n<meta property=\"og:title\" content=\"Esschert Design Kinderschirm Panorama Schlange\" \/>\n<meta property=\"og:description\" content=\"Esschert Design Kinderschirm Panorama Schlange (KG333 8714982275012)cm \u00f8 L 68,5 x T 68,5 x H 59, Material Polyester, Stahl, PP, Nettogewicht 0,534 kg\" \/>\n<meta property=\"og:url\" content=\"https:\/\/trendsandvision.nl\/de\/product\/esschert-design-kinderschirm-panorama-schlange\/\" \/>\n<meta property=\"og:site_name\" content=\"Trends &amp; Vision (DE)\" \/>\n<meta property=\"article:modified_time\" content=\"2026-04-07T08:38:41+00:00\" \/>\n<meta property=\"og:image\" content=\"https:\/\/trendsandvision.nl\/de\/wp-content\/uploads\/sites\/3\/2024\/12\/KG333_01.jpg\" \/>\n\t<meta property=\"og:image:width\" content=\"800\" \/>\n\t<meta property=\"og:image:height\" content=\"800\" \/>\n\t<meta property=\"og:image:type\" content=\"image\/jpeg\" \/>\n<meta name=\"twitter:card\" content=\"summary_large_image\" \/>\n<meta name=\"twitter:label1\" content=\"Gesch\u00e4tzte Lesezeit\" \/>\n\t<meta name=\"twitter:data1\" content=\"1\u00a0Minute\" \/>\n<script type=\"application\/ld+json\" class=\"yoast-schema-graph\">{\"@context\":\"https:\\\/\\\/schema.org\",\"@graph\":[{\"@type\":\"WebPage\",\"@id\":\"https:\\\/\\\/trendsandvision.nl\\\/de\\\/product\\\/esschert-design-kinderschirm-panorama-schlange\\\/\",\"url\":\"https:\\\/\\\/trendsandvision.nl\\\/de\\\/product\\\/esschert-design-kinderschirm-panorama-schlange\\\/\",\"name\":\"Esschert Design Kinderschirm Panorama Schlange (KG333 )\",\"isPartOf\":{\"@id\":\"https:\\\/\\\/trendsandvision.nl\\\/de\\\/#website\"},\"primaryImageOfPage\":{\"@id\":\"https:\\\/\\\/trendsandvision.nl\\\/de\\\/product\\\/esschert-design-kinderschirm-panorama-schlange\\\/#primaryimage\"},\"image\":{\"@id\":\"https:\\\/\\\/trendsandvision.nl\\\/de\\\/product\\\/esschert-design-kinderschirm-panorama-schlange\\\/#primaryimage\"},\"thumbnailUrl\":\"https:\\\/\\\/trendsandvision.nl\\\/de\\\/wp-content\\\/uploads\\\/sites\\\/3\\\/2024\\\/12\\\/KG333_01.jpg\",\"datePublished\":\"2024-12-22T07:43:47+00:00\",\"dateModified\":\"2026-04-07T08:38:41+00:00\",\"description\":\"Esschert Design Kinderschirm Panorama Schlange (KG333 8714982275012)cm \u00f8 L 68,5 x T 68,5 x H 59, Material Polyester, Stahl, PP, Nettogewicht 0,534 kg\",\"breadcrumb\":{\"@id\":\"https:\\\/\\\/trendsandvision.nl\\\/de\\\/product\\\/esschert-design-kinderschirm-panorama-schlange\\\/#breadcrumb\"},\"inLanguage\":\"de\",\"potentialAction\":[{\"@type\":\"ReadAction\",\"target\":[\"https:\\\/\\\/trendsandvision.nl\\\/de\\\/product\\\/esschert-design-kinderschirm-panorama-schlange\\\/\"]}]},{\"@type\":\"ImageObject\",\"inLanguage\":\"de\",\"@id\":\"https:\\\/\\\/trendsandvision.nl\\\/de\\\/product\\\/esschert-design-kinderschirm-panorama-schlange\\\/#primaryimage\",\"url\":\"https:\\\/\\\/trendsandvision.nl\\\/de\\\/wp-content\\\/uploads\\\/sites\\\/3\\\/2024\\\/12\\\/KG333_01.jpg\",\"contentUrl\":\"https:\\\/\\\/trendsandvision.nl\\\/de\\\/wp-content\\\/uploads\\\/sites\\\/3\\\/2024\\\/12\\\/KG333_01.jpg\",\"width\":800,\"height\":800,\"caption\":\"Esschert Design Kinderschirm Panorama Schlange (KG333 8714982275012)cm \u00f8 L 68,5 x T 68,5 x H 59, Material Polyester, Stahl, PP, Nettogewicht 0,534 kg\"},{\"@type\":\"BreadcrumbList\",\"@id\":\"https:\\\/\\\/trendsandvision.nl\\\/de\\\/product\\\/esschert-design-kinderschirm-panorama-schlange\\\/#breadcrumb\",\"itemListElement\":[{\"@type\":\"ListItem\",\"position\":1,\"name\":\"Home\",\"item\":\"https:\\\/\\\/trendsandvision.nl\\\/de\\\/\"},{\"@type\":\"ListItem\",\"position\":2,\"name\":\"Gesch\u00e4ft\",\"item\":\"https:\\\/\\\/trendsandvision.nl\\\/de\\\/geschaft\\\/\"},{\"@type\":\"ListItem\",\"position\":3,\"name\":\"Esschert Design Kinderschirm Panorama Schlange\"}]},{\"@type\":\"WebSite\",\"@id\":\"https:\\\/\\\/trendsandvision.nl\\\/de\\\/#website\",\"url\":\"https:\\\/\\\/trendsandvision.nl\\\/de\\\/\",\"name\":\"Trends &amp; Vision (DE)\",\"description\":\"Der Webshop f\u00fcr Esschert Design Artikel\",\"publisher\":{\"@id\":\"https:\\\/\\\/trendsandvision.nl\\\/de\\\/#organization\"},\"potentialAction\":[{\"@type\":\"SearchAction\",\"target\":{\"@type\":\"EntryPoint\",\"urlTemplate\":\"https:\\\/\\\/trendsandvision.nl\\\/de\\\/?s={search_term_string}\"},\"query-input\":{\"@type\":\"PropertyValueSpecification\",\"valueRequired\":true,\"valueName\":\"search_term_string\"}}],\"inLanguage\":\"de\"},{\"@type\":\"Organization\",\"@id\":\"https:\\\/\\\/trendsandvision.nl\\\/de\\\/#organization\",\"name\":\"Trends &amp; Vision (DE)\",\"url\":\"https:\\\/\\\/trendsandvision.nl\\\/de\\\/\",\"logo\":{\"@type\":\"ImageObject\",\"inLanguage\":\"de\",\"@id\":\"https:\\\/\\\/trendsandvision.nl\\\/de\\\/#\\\/schema\\\/logo\\\/image\\\/\",\"url\":\"https:\\\/\\\/trendsandvision.nl\\\/de\\\/wp-content\\\/uploads\\\/sites\\\/3\\\/2022\\\/04\\\/trends-and-vision-logo.jpg\",\"contentUrl\":\"https:\\\/\\\/trendsandvision.nl\\\/de\\\/wp-content\\\/uploads\\\/sites\\\/3\\\/2022\\\/04\\\/trends-and-vision-logo.jpg\",\"width\":213,\"height\":100,\"caption\":\"Trends &amp; Vision (DE)\"},\"image\":{\"@id\":\"https:\\\/\\\/trendsandvision.nl\\\/de\\\/#\\\/schema\\\/logo\\\/image\\\/\"}}]}<\/script>\n<!-- \/ Yoast SEO Premium plugin. -->","yoast_head_json":{"title":"Esschert Design Kinderschirm Panorama Schlange (KG333 )","description":"Esschert Design Kinderschirm Panorama Schlange (KG333 8714982275012)cm \u00f8 L 68,5 x T 68,5 x H 59, Material Polyester, Stahl, PP, Nettogewicht 0,534 kg","robots":{"index":"index","follow":"follow","max-snippet":"max-snippet:-1","max-image-preview":"max-image-preview:large","max-video-preview":"max-video-preview:-1"},"canonical":"https:\/\/trendsandvision.nl\/de\/product\/esschert-design-kinderschirm-panorama-schlange\/","og_locale":"de_DE","og_type":"article","og_title":"Esschert Design Kinderschirm Panorama Schlange","og_description":"Esschert Design Kinderschirm Panorama Schlange (KG333 8714982275012)cm \u00f8 L 68,5 x T 68,5 x H 59, Material Polyester, Stahl, PP, Nettogewicht 0,534 kg","og_url":"https:\/\/trendsandvision.nl\/de\/product\/esschert-design-kinderschirm-panorama-schlange\/","og_site_name":"Trends &amp; Vision (DE)","article_modified_time":"2026-04-07T08:38:41+00:00","og_image":[{"width":800,"height":800,"url":"https:\/\/trendsandvision.nl\/de\/wp-content\/uploads\/sites\/3\/2024\/12\/KG333_01.jpg","type":"image\/jpeg"}],"twitter_card":"summary_large_image","twitter_misc":{"Gesch\u00e4tzte Lesezeit":"1\u00a0Minute"},"schema":{"@context":"https:\/\/schema.org","@graph":[{"@type":"WebPage","@id":"https:\/\/trendsandvision.nl\/de\/product\/esschert-design-kinderschirm-panorama-schlange\/","url":"https:\/\/trendsandvision.nl\/de\/product\/esschert-design-kinderschirm-panorama-schlange\/","name":"Esschert Design Kinderschirm Panorama Schlange (KG333 )","isPartOf":{"@id":"https:\/\/trendsandvision.nl\/de\/#website"},"primaryImageOfPage":{"@id":"https:\/\/trendsandvision.nl\/de\/product\/esschert-design-kinderschirm-panorama-schlange\/#primaryimage"},"image":{"@id":"https:\/\/trendsandvision.nl\/de\/product\/esschert-design-kinderschirm-panorama-schlange\/#primaryimage"},"thumbnailUrl":"https:\/\/trendsandvision.nl\/de\/wp-content\/uploads\/sites\/3\/2024\/12\/KG333_01.jpg","datePublished":"2024-12-22T07:43:47+00:00","dateModified":"2026-04-07T08:38:41+00:00","description":"Esschert Design Kinderschirm Panorama Schlange (KG333 8714982275012)cm \u00f8 L 68,5 x T 68,5 x H 59, Material Polyester, Stahl, PP, Nettogewicht 0,534 kg","breadcrumb":{"@id":"https:\/\/trendsandvision.nl\/de\/product\/esschert-design-kinderschirm-panorama-schlange\/#breadcrumb"},"inLanguage":"de","potentialAction":[{"@type":"ReadAction","target":["https:\/\/trendsandvision.nl\/de\/product\/esschert-design-kinderschirm-panorama-schlange\/"]}]},{"@type":"ImageObject","inLanguage":"de","@id":"https:\/\/trendsandvision.nl\/de\/product\/esschert-design-kinderschirm-panorama-schlange\/#primaryimage","url":"https:\/\/trendsandvision.nl\/de\/wp-content\/uploads\/sites\/3\/2024\/12\/KG333_01.jpg","contentUrl":"https:\/\/trendsandvision.nl\/de\/wp-content\/uploads\/sites\/3\/2024\/12\/KG333_01.jpg","width":800,"height":800,"caption":"Esschert Design Kinderschirm Panorama Schlange (KG333 8714982275012)cm \u00f8 L 68,5 x T 68,5 x H 59, Material Polyester, Stahl, PP, Nettogewicht 0,534 kg"},{"@type":"BreadcrumbList","@id":"https:\/\/trendsandvision.nl\/de\/product\/esschert-design-kinderschirm-panorama-schlange\/#breadcrumb","itemListElement":[{"@type":"ListItem","position":1,"name":"Home","item":"https:\/\/trendsandvision.nl\/de\/"},{"@type":"ListItem","position":2,"name":"Gesch\u00e4ft","item":"https:\/\/trendsandvision.nl\/de\/geschaft\/"},{"@type":"ListItem","position":3,"name":"Esschert Design Kinderschirm Panorama Schlange"}]},{"@type":"WebSite","@id":"https:\/\/trendsandvision.nl\/de\/#website","url":"https:\/\/trendsandvision.nl\/de\/","name":"Trends &amp; Vision (DE)","description":"Der Webshop f\u00fcr Esschert Design Artikel","publisher":{"@id":"https:\/\/trendsandvision.nl\/de\/#organization"},"potentialAction":[{"@type":"SearchAction","target":{"@type":"EntryPoint","urlTemplate":"https:\/\/trendsandvision.nl\/de\/?s={search_term_string}"},"query-input":{"@type":"PropertyValueSpecification","valueRequired":true,"valueName":"search_term_string"}}],"inLanguage":"de"},{"@type":"Organization","@id":"https:\/\/trendsandvision.nl\/de\/#organization","name":"Trends &amp; Vision (DE)","url":"https:\/\/trendsandvision.nl\/de\/","logo":{"@type":"ImageObject","inLanguage":"de","@id":"https:\/\/trendsandvision.nl\/de\/#\/schema\/logo\/image\/","url":"https:\/\/trendsandvision.nl\/de\/wp-content\/uploads\/sites\/3\/2022\/04\/trends-and-vision-logo.jpg","contentUrl":"https:\/\/trendsandvision.nl\/de\/wp-content\/uploads\/sites\/3\/2022\/04\/trends-and-vision-logo.jpg","width":213,"height":100,"caption":"Trends &amp; Vision (DE)"},"image":{"@id":"https:\/\/trendsandvision.nl\/de\/#\/schema\/logo\/image\/"}}]}},"_links":{"self":[{"href":"https:\/\/trendsandvision.nl\/de\/wp-json\/wp\/v2\/product\/18542","targetHints":{"allow":["GET"]}}],"collection":[{"href":"https:\/\/trendsandvision.nl\/de\/wp-json\/wp\/v2\/product"}],"about":[{"href":"https:\/\/trendsandvision.nl\/de\/wp-json\/wp\/v2\/types\/product"}],"wp:featuredmedia":[{"embeddable":true,"href":"https:\/\/trendsandvision.nl\/de\/wp-json\/wp\/v2\/media\/18543"}],"wp:attachment":[{"href":"https:\/\/trendsandvision.nl\/de\/wp-json\/wp\/v2\/media?parent=18542"}],"wp:term":[{"taxonomy":"product_brand","embeddable":true,"href":"https:\/\/trendsandvision.nl\/de\/wp-json\/wp\/v2\/product_brand?post=18542"},{"taxonomy":"product_cat","embeddable":true,"href":"https:\/\/trendsandvision.nl\/de\/wp-json\/wp\/v2\/product_cat?post=18542"},{"taxonomy":"product_tag","embeddable":true,"href":"https:\/\/trendsandvision.nl\/de\/wp-json\/wp\/v2\/product_tag?post=18542"}],"curies":[{"name":"wp","href":"https:\/\/api.w.org\/{rel}","templated":true}]}}