{"id":18534,"date":"2024-12-22T08:43:41","date_gmt":"2024-12-22T07:43:41","guid":{"rendered":"https:\/\/trendsandvision.nl\/de\/product\/esschert-design-gartenhandschuhe-manschette-l\/"},"modified":"2026-04-22T15:09:16","modified_gmt":"2026-04-22T13:09:16","slug":"esschert-design-gartenhandschuhe-manschette-l","status":"publish","type":"product","link":"https:\/\/trendsandvision.nl\/de\/product\/esschert-design-gartenhandschuhe-manschette-l\/","title":{"rendered":"Esschert Design Gartenhandschuhe Manschette L"},"content":{"rendered":"<p>Esschert Design Gartenhandschuhe Manschette L.<br \/>\nDiese Gartenhandschuhe mit Stulpe bieten optimalen Schutz f\u00fcr H\u00e4nde und Unterarme. Ideal f\u00fcr schwerere Gartenarbeiten wie das Schneiden und Arbeiten mit dornigen Pflanzen. Die lange Stulpe sch\u00fctzt vor Kratzern und Dornen, w\u00e4hrend das robuste Material eine bequeme Passform und viel Bewegungsfreiheit gew\u00e4hrleistet. Die perfekten Gartenhandschuhe f\u00fcr anspruchsvolle Aufgaben.<\/p>\n<p>In verschiedenen Gr\u00f6\u00dfen erh\u00e4ltlich, Unsere <strong><a href=\"https:\/\/trendsandvision.nl\/de\/?s=handschu&amp;post_type=product&amp;dgwt_wcas=1\">Handschuhkollektion<\/a><\/strong><br \/>\nArtikelname Gartenhandschuhe mit Manschette L<br \/>\nGartenhandschuh Rindleder mit Manschette<\/p>\n<p>Artikelnummer JB049<br \/>\nProduktabmessungen in cm L 18 x T 0,8 x H 37,7<br \/>\nMaterial 40% Rindsleder, 36% Polyester, 24% Baumwolle<br \/>\nNettogewicht 0,233 kg<br \/>\nBarcode 8714982283420<br \/>\nProduzent <a href=\"https:\/\/www.esschertdesign.com\/shop\/de\/tuinhandschoenen-manchet-l-jb049\" target=\"_blank\">Esschert Design<\/a><br \/>\nmit CE-Kennzeichnung<\/p>\n","protected":false},"excerpt":{"rendered":"<p>L 18 x T 0,8 x H 37,7 cm<br \/>\nSch\u00fctzt H\u00e4nde und Unterarme<br \/>\nSicheres Arbeiten mit dornigen Pflanzen<br \/>\nIdeal f\u00fcr schwere Gartenarbeiten<br \/>\nStabil und kratzfest<br \/>\n40% Rindsleder, 36% Polyester, 24% Baumwolle<br \/>\nNettogewicht 0,233 kg<br \/>\nBarcode 8714982283420<br \/>\nmit CE-Kennzeichnung<\/p>\n","protected":false},"featured_media":18535,"template":"","meta":[],"product_brand":[9597,9598],"product_cat":[751],"product_tag":[9325,6925,6929,7560,6824,9588,7292],"class_list":{"0":"post-18534","1":"product","2":"type-product","3":"status-publish","4":"has-post-thumbnail","6":"product_brand-esschert-design","7":"product_brand-trends-and-vision","8":"product_cat-garden-tools","9":"product_tag-ce-kennzeichnung","10":"product_tag-gartengeraeten","11":"product_tag-gartenhandschuhe","12":"product_tag-handschuhe","13":"product_tag-hilfsmittel","14":"product_tag-jb037","15":"product_tag-schutz","16":"pa_anbieter-esschert-design","17":"pa_ean-code-7684","19":"first","20":"instock","21":"sale","22":"taxable","23":"shipping-taxable","24":"purchasable","25":"product-type-simple","26":"czr-hentry"},"yoast_head":"<!-- This site is optimized with the Yoast SEO Premium plugin v27.4 (Yoast SEO v27.4) - https:\/\/yoast.com\/product\/yoast-seo-premium-wordpress\/ -->\n<title>Esschert Design Gartenhandschuhe Manschette L (JB049 )<\/title>\n<meta name=\"description\" content=\"Esschert Design Gartenhandschuhe Manschette L(JB049 8714982283420)cm L 18 x T 0,8 x H 37,7, Rindsleder, Polyester,Baumwolle, 0,233 kg, CEKennzeichnung\" \/>\n<meta name=\"robots\" content=\"index, follow, max-snippet:-1, max-image-preview:large, max-video-preview:-1\" \/>\n<link rel=\"canonical\" href=\"https:\/\/trendsandvision.nl\/de\/product\/esschert-design-gartenhandschuhe-manschette-l\/\" \/>\n<meta property=\"og:locale\" content=\"de_DE\" \/>\n<meta property=\"og:type\" content=\"article\" \/>\n<meta property=\"og:title\" content=\"Esschert Design Gartenhandschuhe Manschette L\" \/>\n<meta property=\"og:description\" content=\"Esschert Design Gartenhandschuhe Manschette L(JB049 8714982283420)cm L 18 x T 0,8 x H 37,7, Rindsleder, Polyester,Baumwolle, 0,233 kg, CEKennzeichnung\" \/>\n<meta property=\"og:url\" content=\"https:\/\/trendsandvision.nl\/de\/product\/esschert-design-gartenhandschuhe-manschette-l\/\" \/>\n<meta property=\"og:site_name\" content=\"Trends &amp; Vision (DE)\" \/>\n<meta property=\"article:modified_time\" content=\"2026-04-22T13:09:16+00:00\" \/>\n<meta property=\"og:image\" content=\"https:\/\/trendsandvision.nl\/de\/wp-content\/uploads\/sites\/3\/2024\/12\/JB049_01.jpg\" \/>\n\t<meta property=\"og:image:width\" content=\"800\" \/>\n\t<meta property=\"og:image:height\" content=\"800\" \/>\n\t<meta property=\"og:image:type\" content=\"image\/jpeg\" \/>\n<meta name=\"twitter:card\" content=\"summary_large_image\" \/>\n<meta name=\"twitter:label1\" content=\"Gesch\u00e4tzte Lesezeit\" \/>\n\t<meta name=\"twitter:data1\" content=\"2\u00a0Minuten\" \/>\n<script type=\"application\/ld+json\" class=\"yoast-schema-graph\">{\"@context\":\"https:\\\/\\\/schema.org\",\"@graph\":[{\"@type\":\"WebPage\",\"@id\":\"https:\\\/\\\/trendsandvision.nl\\\/de\\\/product\\\/esschert-design-gartenhandschuhe-manschette-l\\\/\",\"url\":\"https:\\\/\\\/trendsandvision.nl\\\/de\\\/product\\\/esschert-design-gartenhandschuhe-manschette-l\\\/\",\"name\":\"Esschert Design Gartenhandschuhe Manschette L (JB049 )\",\"isPartOf\":{\"@id\":\"https:\\\/\\\/trendsandvision.nl\\\/de\\\/#website\"},\"primaryImageOfPage\":{\"@id\":\"https:\\\/\\\/trendsandvision.nl\\\/de\\\/product\\\/esschert-design-gartenhandschuhe-manschette-l\\\/#primaryimage\"},\"image\":{\"@id\":\"https:\\\/\\\/trendsandvision.nl\\\/de\\\/product\\\/esschert-design-gartenhandschuhe-manschette-l\\\/#primaryimage\"},\"thumbnailUrl\":\"https:\\\/\\\/trendsandvision.nl\\\/de\\\/wp-content\\\/uploads\\\/sites\\\/3\\\/2024\\\/12\\\/JB049_01.jpg\",\"datePublished\":\"2024-12-22T07:43:41+00:00\",\"dateModified\":\"2026-04-22T13:09:16+00:00\",\"description\":\"Esschert Design Gartenhandschuhe Manschette L(JB049 8714982283420)cm L 18 x T 0,8 x H 37,7, Rindsleder, Polyester,Baumwolle, 0,233 kg, CEKennzeichnung\",\"breadcrumb\":{\"@id\":\"https:\\\/\\\/trendsandvision.nl\\\/de\\\/product\\\/esschert-design-gartenhandschuhe-manschette-l\\\/#breadcrumb\"},\"inLanguage\":\"de\",\"potentialAction\":[{\"@type\":\"ReadAction\",\"target\":[\"https:\\\/\\\/trendsandvision.nl\\\/de\\\/product\\\/esschert-design-gartenhandschuhe-manschette-l\\\/\"]}]},{\"@type\":\"ImageObject\",\"inLanguage\":\"de\",\"@id\":\"https:\\\/\\\/trendsandvision.nl\\\/de\\\/product\\\/esschert-design-gartenhandschuhe-manschette-l\\\/#primaryimage\",\"url\":\"https:\\\/\\\/trendsandvision.nl\\\/de\\\/wp-content\\\/uploads\\\/sites\\\/3\\\/2024\\\/12\\\/JB049_01.jpg\",\"contentUrl\":\"https:\\\/\\\/trendsandvision.nl\\\/de\\\/wp-content\\\/uploads\\\/sites\\\/3\\\/2024\\\/12\\\/JB049_01.jpg\",\"width\":800,\"height\":800,\"caption\":\"Trends and Vision Gartenhandschuhe Manschette L(JB049 8714982283420)cm L 18 x T 0,8 x H 37,7, Rindsleder, Polyester,Baumwolle, 0,233 kg, CEKennzeichnung\"},{\"@type\":\"BreadcrumbList\",\"@id\":\"https:\\\/\\\/trendsandvision.nl\\\/de\\\/product\\\/esschert-design-gartenhandschuhe-manschette-l\\\/#breadcrumb\",\"itemListElement\":[{\"@type\":\"ListItem\",\"position\":1,\"name\":\"Home\",\"item\":\"https:\\\/\\\/trendsandvision.nl\\\/de\\\/\"},{\"@type\":\"ListItem\",\"position\":2,\"name\":\"Gesch\u00e4ft\",\"item\":\"https:\\\/\\\/trendsandvision.nl\\\/de\\\/geschaft\\\/\"},{\"@type\":\"ListItem\",\"position\":3,\"name\":\"Esschert Design Gartenhandschuhe Manschette L\"}]},{\"@type\":\"WebSite\",\"@id\":\"https:\\\/\\\/trendsandvision.nl\\\/de\\\/#website\",\"url\":\"https:\\\/\\\/trendsandvision.nl\\\/de\\\/\",\"name\":\"Trends &amp; Vision (DE)\",\"description\":\"Der Webshop f\u00fcr Esschert Design Artikel\",\"publisher\":{\"@id\":\"https:\\\/\\\/trendsandvision.nl\\\/de\\\/#organization\"},\"potentialAction\":[{\"@type\":\"SearchAction\",\"target\":{\"@type\":\"EntryPoint\",\"urlTemplate\":\"https:\\\/\\\/trendsandvision.nl\\\/de\\\/?s={search_term_string}\"},\"query-input\":{\"@type\":\"PropertyValueSpecification\",\"valueRequired\":true,\"valueName\":\"search_term_string\"}}],\"inLanguage\":\"de\"},{\"@type\":\"Organization\",\"@id\":\"https:\\\/\\\/trendsandvision.nl\\\/de\\\/#organization\",\"name\":\"Trends &amp; Vision (DE)\",\"url\":\"https:\\\/\\\/trendsandvision.nl\\\/de\\\/\",\"logo\":{\"@type\":\"ImageObject\",\"inLanguage\":\"de\",\"@id\":\"https:\\\/\\\/trendsandvision.nl\\\/de\\\/#\\\/schema\\\/logo\\\/image\\\/\",\"url\":\"https:\\\/\\\/trendsandvision.nl\\\/de\\\/wp-content\\\/uploads\\\/sites\\\/3\\\/2022\\\/04\\\/trends-and-vision-logo.jpg\",\"contentUrl\":\"https:\\\/\\\/trendsandvision.nl\\\/de\\\/wp-content\\\/uploads\\\/sites\\\/3\\\/2022\\\/04\\\/trends-and-vision-logo.jpg\",\"width\":213,\"height\":100,\"caption\":\"Trends &amp; Vision (DE)\"},\"image\":{\"@id\":\"https:\\\/\\\/trendsandvision.nl\\\/de\\\/#\\\/schema\\\/logo\\\/image\\\/\"}}]}<\/script>\n<!-- \/ Yoast SEO Premium plugin. -->","yoast_head_json":{"title":"Esschert Design Gartenhandschuhe Manschette L (JB049 )","description":"Esschert Design Gartenhandschuhe Manschette L(JB049 8714982283420)cm L 18 x T 0,8 x H 37,7, Rindsleder, Polyester,Baumwolle, 0,233 kg, CEKennzeichnung","robots":{"index":"index","follow":"follow","max-snippet":"max-snippet:-1","max-image-preview":"max-image-preview:large","max-video-preview":"max-video-preview:-1"},"canonical":"https:\/\/trendsandvision.nl\/de\/product\/esschert-design-gartenhandschuhe-manschette-l\/","og_locale":"de_DE","og_type":"article","og_title":"Esschert Design Gartenhandschuhe Manschette L","og_description":"Esschert Design Gartenhandschuhe Manschette L(JB049 8714982283420)cm L 18 x T 0,8 x H 37,7, Rindsleder, Polyester,Baumwolle, 0,233 kg, CEKennzeichnung","og_url":"https:\/\/trendsandvision.nl\/de\/product\/esschert-design-gartenhandschuhe-manschette-l\/","og_site_name":"Trends &amp; Vision (DE)","article_modified_time":"2026-04-22T13:09:16+00:00","og_image":[{"width":800,"height":800,"url":"https:\/\/trendsandvision.nl\/de\/wp-content\/uploads\/sites\/3\/2024\/12\/JB049_01.jpg","type":"image\/jpeg"}],"twitter_card":"summary_large_image","twitter_misc":{"Gesch\u00e4tzte Lesezeit":"2\u00a0Minuten"},"schema":{"@context":"https:\/\/schema.org","@graph":[{"@type":"WebPage","@id":"https:\/\/trendsandvision.nl\/de\/product\/esschert-design-gartenhandschuhe-manschette-l\/","url":"https:\/\/trendsandvision.nl\/de\/product\/esschert-design-gartenhandschuhe-manschette-l\/","name":"Esschert Design Gartenhandschuhe Manschette L (JB049 )","isPartOf":{"@id":"https:\/\/trendsandvision.nl\/de\/#website"},"primaryImageOfPage":{"@id":"https:\/\/trendsandvision.nl\/de\/product\/esschert-design-gartenhandschuhe-manschette-l\/#primaryimage"},"image":{"@id":"https:\/\/trendsandvision.nl\/de\/product\/esschert-design-gartenhandschuhe-manschette-l\/#primaryimage"},"thumbnailUrl":"https:\/\/trendsandvision.nl\/de\/wp-content\/uploads\/sites\/3\/2024\/12\/JB049_01.jpg","datePublished":"2024-12-22T07:43:41+00:00","dateModified":"2026-04-22T13:09:16+00:00","description":"Esschert Design Gartenhandschuhe Manschette L(JB049 8714982283420)cm L 18 x T 0,8 x H 37,7, Rindsleder, Polyester,Baumwolle, 0,233 kg, CEKennzeichnung","breadcrumb":{"@id":"https:\/\/trendsandvision.nl\/de\/product\/esschert-design-gartenhandschuhe-manschette-l\/#breadcrumb"},"inLanguage":"de","potentialAction":[{"@type":"ReadAction","target":["https:\/\/trendsandvision.nl\/de\/product\/esschert-design-gartenhandschuhe-manschette-l\/"]}]},{"@type":"ImageObject","inLanguage":"de","@id":"https:\/\/trendsandvision.nl\/de\/product\/esschert-design-gartenhandschuhe-manschette-l\/#primaryimage","url":"https:\/\/trendsandvision.nl\/de\/wp-content\/uploads\/sites\/3\/2024\/12\/JB049_01.jpg","contentUrl":"https:\/\/trendsandvision.nl\/de\/wp-content\/uploads\/sites\/3\/2024\/12\/JB049_01.jpg","width":800,"height":800,"caption":"Trends and Vision Gartenhandschuhe Manschette L(JB049 8714982283420)cm L 18 x T 0,8 x H 37,7, Rindsleder, Polyester,Baumwolle, 0,233 kg, CEKennzeichnung"},{"@type":"BreadcrumbList","@id":"https:\/\/trendsandvision.nl\/de\/product\/esschert-design-gartenhandschuhe-manschette-l\/#breadcrumb","itemListElement":[{"@type":"ListItem","position":1,"name":"Home","item":"https:\/\/trendsandvision.nl\/de\/"},{"@type":"ListItem","position":2,"name":"Gesch\u00e4ft","item":"https:\/\/trendsandvision.nl\/de\/geschaft\/"},{"@type":"ListItem","position":3,"name":"Esschert Design Gartenhandschuhe Manschette L"}]},{"@type":"WebSite","@id":"https:\/\/trendsandvision.nl\/de\/#website","url":"https:\/\/trendsandvision.nl\/de\/","name":"Trends &amp; Vision (DE)","description":"Der Webshop f\u00fcr Esschert Design Artikel","publisher":{"@id":"https:\/\/trendsandvision.nl\/de\/#organization"},"potentialAction":[{"@type":"SearchAction","target":{"@type":"EntryPoint","urlTemplate":"https:\/\/trendsandvision.nl\/de\/?s={search_term_string}"},"query-input":{"@type":"PropertyValueSpecification","valueRequired":true,"valueName":"search_term_string"}}],"inLanguage":"de"},{"@type":"Organization","@id":"https:\/\/trendsandvision.nl\/de\/#organization","name":"Trends &amp; Vision (DE)","url":"https:\/\/trendsandvision.nl\/de\/","logo":{"@type":"ImageObject","inLanguage":"de","@id":"https:\/\/trendsandvision.nl\/de\/#\/schema\/logo\/image\/","url":"https:\/\/trendsandvision.nl\/de\/wp-content\/uploads\/sites\/3\/2022\/04\/trends-and-vision-logo.jpg","contentUrl":"https:\/\/trendsandvision.nl\/de\/wp-content\/uploads\/sites\/3\/2022\/04\/trends-and-vision-logo.jpg","width":213,"height":100,"caption":"Trends &amp; Vision (DE)"},"image":{"@id":"https:\/\/trendsandvision.nl\/de\/#\/schema\/logo\/image\/"}}]}},"_links":{"self":[{"href":"https:\/\/trendsandvision.nl\/de\/wp-json\/wp\/v2\/product\/18534","targetHints":{"allow":["GET"]}}],"collection":[{"href":"https:\/\/trendsandvision.nl\/de\/wp-json\/wp\/v2\/product"}],"about":[{"href":"https:\/\/trendsandvision.nl\/de\/wp-json\/wp\/v2\/types\/product"}],"wp:featuredmedia":[{"embeddable":true,"href":"https:\/\/trendsandvision.nl\/de\/wp-json\/wp\/v2\/media\/18535"}],"wp:attachment":[{"href":"https:\/\/trendsandvision.nl\/de\/wp-json\/wp\/v2\/media?parent=18534"}],"wp:term":[{"taxonomy":"product_brand","embeddable":true,"href":"https:\/\/trendsandvision.nl\/de\/wp-json\/wp\/v2\/product_brand?post=18534"},{"taxonomy":"product_cat","embeddable":true,"href":"https:\/\/trendsandvision.nl\/de\/wp-json\/wp\/v2\/product_cat?post=18534"},{"taxonomy":"product_tag","embeddable":true,"href":"https:\/\/trendsandvision.nl\/de\/wp-json\/wp\/v2\/product_tag?post=18534"}],"curies":[{"name":"wp","href":"https:\/\/api.w.org\/{rel}","templated":true}]}}