{"id":18530,"date":"2024-12-22T08:43:38","date_gmt":"2024-12-22T07:43:38","guid":{"rendered":"https:\/\/trendsandvision.nl\/de\/product\/esschert-design-gartenhandschuhe-manschette-m\/"},"modified":"2026-03-10T08:11:55","modified_gmt":"2026-03-10T07:11:55","slug":"esschert-design-gartenhandschuhe-manschette-m","status":"publish","type":"product","link":"https:\/\/trendsandvision.nl\/de\/product\/esschert-design-gartenhandschuhe-manschette-m\/","title":{"rendered":"Esschert Design Gartenhandschuhe Manschette M"},"content":{"rendered":"<p>Esschert Design Gartenhandschuhe Manschette M.<br \/>\nWir m\u00fcssen Ihnen wahrscheinlich nicht sagen, wie wichtig Gartenhandschuhe sind. Sicherheit steht an erster Stelle. Unsere bequemen und hochwertigen <strong><a href=\"https:\/\/trendsandvision.nl\/de\/?s=handschu&amp;post_type=product&amp;dgwt_wcas=1\"> Gartenhandschuhe <\/a><\/strong>sch\u00fctzen Sie bei allen Arbeiten im und um den Garten. Allerdings gibt es Unterschiede zwischen Handschuhen und den Aufgaben, f\u00fcr die sie geeignet sind.<\/p>\n<p>Um Ihnen (und Ihren Kindern) die Wahl des richtigen Handschuhs zu erleichtern, haben wir sie nach Qualit\u00e4t, Arbeitsart und Schutzart kategorisiert. Die Handschuhe sind in verschiedenen Materialien, Gr\u00f6\u00dfen und Farben erh\u00e4ltlich. Ideal f\u00fcr alles, vom pr\u00e4zisen Beschneiden bis hin zu anspruchsvollen Erdarbeiten:<\/p>\n<p>Artikelname Gartenhandschuhe mit Stulpe M<br \/>\nGartenhandschuh Rindleder mit Manschette<br \/>\nIn verschiedenen Gr\u00f6\u00dfen erh\u00e4ltlich, Unsere <strong><a href=\"https:\/\/trendsandvision.nl\/de\/?s=handschu&amp;post_type=product&amp;dgwt_wcas=1\">Handschuhkollektion<\/a><\/strong><br \/>\nArtikelnummer JB048<br \/>\nProduktabmessungen in cm L 18 x T 0,8 x H 36,4<br \/>\nMaterial 40% Rindsleder, 36% Polyester, 24% Baumwolle<br \/>\nNettogewicht 0,231 kg<br \/>\nBarcode 8714982283413<br \/>\nmit CE-Kennzeichnung<br \/>\nProduzent <a href=\"https:\/\/www.esschertdesign.com\/shop\/de\/tuinhandschoenen-manchet-m-jb048\" target=\"_blank\">Esschert Design<\/a><\/p>\n","protected":false},"excerpt":{"rendered":"<p>L 18 x T 0,8 x H 36,4 cm<br \/>\nSch\u00fctzt H\u00e4nde und Unterarme<br \/>\nSicheres Arbeiten mit dornigen Pflanzen<br \/>\nIdeal f\u00fcr schwere Gartenarbeiten<br \/>\nStabil und kratzfest<br \/>\n40% Rindsleder, 36% Polyester, 24% Baumwolle<br \/>\nNettogewicht 0,231 kg<br \/>\nBarcode 8714982283413<br \/>\nmit CE-Kennzeichnung<\/p>\n","protected":false},"featured_media":18531,"template":"","meta":[],"product_brand":[9597,9598],"product_cat":[751],"product_tag":[9325,6934,9589,7560,9587,6943],"class_list":{"0":"post-18530","1":"product","2":"type-product","3":"status-publish","4":"has-post-thumbnail","6":"product_brand-esschert-design","7":"product_brand-trends-and-vision","8":"product_cat-garden-tools","9":"product_tag-ce-kennzeichnung","10":"product_tag-gartenhandschuhe-mit-stulpe","11":"product_tag-handschuh-jb037","12":"product_tag-handschuhe","13":"product_tag-manschette","14":"product_tag-rindsleder","15":"pa_anbieter-esschert-design","16":"pa_ean-code-7683","18":"first","19":"instock","20":"sale","21":"taxable","22":"shipping-taxable","23":"purchasable","24":"product-type-simple","25":"czr-hentry"},"yoast_head":"<!-- This site is optimized with the Yoast SEO Premium plugin v26.4 (Yoast SEO v27.3) - https:\/\/yoast.com\/product\/yoast-seo-premium-wordpress\/ -->\n<title>Esschert Design Gartenhandschuhe Manschette M (JB048)<\/title>\n<meta name=\"description\" content=\"Esschert Design Gartenhandschuhe Manschette M(JB048)cm L 18 x T 0,8 x H 36,4,Rindsleder, Polyester,Baumwolle, gewicht 0,231 kg,CE-Kennzeichnung\" \/>\n<meta name=\"robots\" content=\"index, follow, max-snippet:-1, max-image-preview:large, max-video-preview:-1\" \/>\n<link rel=\"canonical\" href=\"https:\/\/trendsandvision.nl\/de\/product\/esschert-design-gartenhandschuhe-manschette-m\/\" \/>\n<meta property=\"og:locale\" content=\"de_DE\" \/>\n<meta property=\"og:type\" content=\"article\" \/>\n<meta property=\"og:title\" content=\"Esschert Design Gartenhandschuhe Manschette M\" \/>\n<meta property=\"og:description\" content=\"Esschert Design Gartenhandschuhe Manschette M(JB048)cm L 18 x T 0,8 x H 36,4,Rindsleder, Polyester,Baumwolle, gewicht 0,231 kg,CE-Kennzeichnung\" \/>\n<meta property=\"og:url\" content=\"https:\/\/trendsandvision.nl\/de\/product\/esschert-design-gartenhandschuhe-manschette-m\/\" \/>\n<meta property=\"og:site_name\" content=\"Trends &amp; Vision (DE)\" \/>\n<meta property=\"article:modified_time\" content=\"2026-03-10T07:11:55+00:00\" \/>\n<meta property=\"og:image\" content=\"https:\/\/trendsandvision.nl\/de\/wp-content\/uploads\/sites\/3\/2024\/12\/JB048_01.jpg\" \/>\n\t<meta property=\"og:image:width\" content=\"800\" \/>\n\t<meta property=\"og:image:height\" content=\"800\" \/>\n\t<meta property=\"og:image:type\" content=\"image\/jpeg\" \/>\n<meta name=\"twitter:card\" content=\"summary_large_image\" \/>\n<meta name=\"twitter:label1\" content=\"Gesch\u00e4tzte Lesezeit\" \/>\n\t<meta name=\"twitter:data1\" content=\"2\u00a0Minuten\" \/>\n<script type=\"application\/ld+json\" class=\"yoast-schema-graph\">{\"@context\":\"https:\\\/\\\/schema.org\",\"@graph\":[{\"@type\":\"WebPage\",\"@id\":\"https:\\\/\\\/trendsandvision.nl\\\/de\\\/product\\\/esschert-design-gartenhandschuhe-manschette-m\\\/\",\"url\":\"https:\\\/\\\/trendsandvision.nl\\\/de\\\/product\\\/esschert-design-gartenhandschuhe-manschette-m\\\/\",\"name\":\"Esschert Design Gartenhandschuhe Manschette M (JB048)\",\"isPartOf\":{\"@id\":\"https:\\\/\\\/trendsandvision.nl\\\/de\\\/#website\"},\"primaryImageOfPage\":{\"@id\":\"https:\\\/\\\/trendsandvision.nl\\\/de\\\/product\\\/esschert-design-gartenhandschuhe-manschette-m\\\/#primaryimage\"},\"image\":{\"@id\":\"https:\\\/\\\/trendsandvision.nl\\\/de\\\/product\\\/esschert-design-gartenhandschuhe-manschette-m\\\/#primaryimage\"},\"thumbnailUrl\":\"https:\\\/\\\/trendsandvision.nl\\\/de\\\/wp-content\\\/uploads\\\/sites\\\/3\\\/2024\\\/12\\\/JB048_01.jpg\",\"datePublished\":\"2024-12-22T07:43:38+00:00\",\"dateModified\":\"2026-03-10T07:11:55+00:00\",\"description\":\"Esschert Design Gartenhandschuhe Manschette M(JB048)cm L 18 x T 0,8 x H 36,4,Rindsleder, Polyester,Baumwolle, gewicht 0,231 kg,CE-Kennzeichnung\",\"breadcrumb\":{\"@id\":\"https:\\\/\\\/trendsandvision.nl\\\/de\\\/product\\\/esschert-design-gartenhandschuhe-manschette-m\\\/#breadcrumb\"},\"inLanguage\":\"de\",\"potentialAction\":[{\"@type\":\"ReadAction\",\"target\":[\"https:\\\/\\\/trendsandvision.nl\\\/de\\\/product\\\/esschert-design-gartenhandschuhe-manschette-m\\\/\"]}]},{\"@type\":\"ImageObject\",\"inLanguage\":\"de\",\"@id\":\"https:\\\/\\\/trendsandvision.nl\\\/de\\\/product\\\/esschert-design-gartenhandschuhe-manschette-m\\\/#primaryimage\",\"url\":\"https:\\\/\\\/trendsandvision.nl\\\/de\\\/wp-content\\\/uploads\\\/sites\\\/3\\\/2024\\\/12\\\/JB048_01.jpg\",\"contentUrl\":\"https:\\\/\\\/trendsandvision.nl\\\/de\\\/wp-content\\\/uploads\\\/sites\\\/3\\\/2024\\\/12\\\/JB048_01.jpg\",\"width\":800,\"height\":800,\"caption\":\"Trends and Vision Gartenhandschuhe Manschette M(JB048)cm L 18 x T 0,8 x H 36,4,Rindsleder, Polyester,Baumwolle, gewicht 0,231 kg,CE-Kennzeichnung\"},{\"@type\":\"BreadcrumbList\",\"@id\":\"https:\\\/\\\/trendsandvision.nl\\\/de\\\/product\\\/esschert-design-gartenhandschuhe-manschette-m\\\/#breadcrumb\",\"itemListElement\":[{\"@type\":\"ListItem\",\"position\":1,\"name\":\"Home\",\"item\":\"https:\\\/\\\/trendsandvision.nl\\\/de\\\/\"},{\"@type\":\"ListItem\",\"position\":2,\"name\":\"Gesch\u00e4ft\",\"item\":\"https:\\\/\\\/trendsandvision.nl\\\/de\\\/geschaft\\\/\"},{\"@type\":\"ListItem\",\"position\":3,\"name\":\"Esschert Design Gartenhandschuhe Manschette M\"}]},{\"@type\":\"WebSite\",\"@id\":\"https:\\\/\\\/trendsandvision.nl\\\/de\\\/#website\",\"url\":\"https:\\\/\\\/trendsandvision.nl\\\/de\\\/\",\"name\":\"Trends &amp; Vision (DE)\",\"description\":\"Der Webshop f\u00fcr Esschert Design Artikel\",\"publisher\":{\"@id\":\"https:\\\/\\\/trendsandvision.nl\\\/de\\\/#organization\"},\"potentialAction\":[{\"@type\":\"SearchAction\",\"target\":{\"@type\":\"EntryPoint\",\"urlTemplate\":\"https:\\\/\\\/trendsandvision.nl\\\/de\\\/?s={search_term_string}\"},\"query-input\":{\"@type\":\"PropertyValueSpecification\",\"valueRequired\":true,\"valueName\":\"search_term_string\"}}],\"inLanguage\":\"de\"},{\"@type\":\"Organization\",\"@id\":\"https:\\\/\\\/trendsandvision.nl\\\/de\\\/#organization\",\"name\":\"Trends &amp; Vision (DE)\",\"url\":\"https:\\\/\\\/trendsandvision.nl\\\/de\\\/\",\"logo\":{\"@type\":\"ImageObject\",\"inLanguage\":\"de\",\"@id\":\"https:\\\/\\\/trendsandvision.nl\\\/de\\\/#\\\/schema\\\/logo\\\/image\\\/\",\"url\":\"https:\\\/\\\/trendsandvision.nl\\\/de\\\/wp-content\\\/uploads\\\/sites\\\/3\\\/2022\\\/04\\\/trends-and-vision-logo.jpg\",\"contentUrl\":\"https:\\\/\\\/trendsandvision.nl\\\/de\\\/wp-content\\\/uploads\\\/sites\\\/3\\\/2022\\\/04\\\/trends-and-vision-logo.jpg\",\"width\":213,\"height\":100,\"caption\":\"Trends &amp; Vision (DE)\"},\"image\":{\"@id\":\"https:\\\/\\\/trendsandvision.nl\\\/de\\\/#\\\/schema\\\/logo\\\/image\\\/\"}}]}<\/script>\n<!-- \/ Yoast SEO Premium plugin. -->","yoast_head_json":{"title":"Esschert Design Gartenhandschuhe Manschette M (JB048)","description":"Esschert Design Gartenhandschuhe Manschette M(JB048)cm L 18 x T 0,8 x H 36,4,Rindsleder, Polyester,Baumwolle, gewicht 0,231 kg,CE-Kennzeichnung","robots":{"index":"index","follow":"follow","max-snippet":"max-snippet:-1","max-image-preview":"max-image-preview:large","max-video-preview":"max-video-preview:-1"},"canonical":"https:\/\/trendsandvision.nl\/de\/product\/esschert-design-gartenhandschuhe-manschette-m\/","og_locale":"de_DE","og_type":"article","og_title":"Esschert Design Gartenhandschuhe Manschette M","og_description":"Esschert Design Gartenhandschuhe Manschette M(JB048)cm L 18 x T 0,8 x H 36,4,Rindsleder, Polyester,Baumwolle, gewicht 0,231 kg,CE-Kennzeichnung","og_url":"https:\/\/trendsandvision.nl\/de\/product\/esschert-design-gartenhandschuhe-manschette-m\/","og_site_name":"Trends &amp; Vision (DE)","article_modified_time":"2026-03-10T07:11:55+00:00","og_image":[{"width":800,"height":800,"url":"https:\/\/trendsandvision.nl\/de\/wp-content\/uploads\/sites\/3\/2024\/12\/JB048_01.jpg","type":"image\/jpeg"}],"twitter_card":"summary_large_image","twitter_misc":{"Gesch\u00e4tzte Lesezeit":"2\u00a0Minuten"},"schema":{"@context":"https:\/\/schema.org","@graph":[{"@type":"WebPage","@id":"https:\/\/trendsandvision.nl\/de\/product\/esschert-design-gartenhandschuhe-manschette-m\/","url":"https:\/\/trendsandvision.nl\/de\/product\/esschert-design-gartenhandschuhe-manschette-m\/","name":"Esschert Design Gartenhandschuhe Manschette M (JB048)","isPartOf":{"@id":"https:\/\/trendsandvision.nl\/de\/#website"},"primaryImageOfPage":{"@id":"https:\/\/trendsandvision.nl\/de\/product\/esschert-design-gartenhandschuhe-manschette-m\/#primaryimage"},"image":{"@id":"https:\/\/trendsandvision.nl\/de\/product\/esschert-design-gartenhandschuhe-manschette-m\/#primaryimage"},"thumbnailUrl":"https:\/\/trendsandvision.nl\/de\/wp-content\/uploads\/sites\/3\/2024\/12\/JB048_01.jpg","datePublished":"2024-12-22T07:43:38+00:00","dateModified":"2026-03-10T07:11:55+00:00","description":"Esschert Design Gartenhandschuhe Manschette M(JB048)cm L 18 x T 0,8 x H 36,4,Rindsleder, Polyester,Baumwolle, gewicht 0,231 kg,CE-Kennzeichnung","breadcrumb":{"@id":"https:\/\/trendsandvision.nl\/de\/product\/esschert-design-gartenhandschuhe-manschette-m\/#breadcrumb"},"inLanguage":"de","potentialAction":[{"@type":"ReadAction","target":["https:\/\/trendsandvision.nl\/de\/product\/esschert-design-gartenhandschuhe-manschette-m\/"]}]},{"@type":"ImageObject","inLanguage":"de","@id":"https:\/\/trendsandvision.nl\/de\/product\/esschert-design-gartenhandschuhe-manschette-m\/#primaryimage","url":"https:\/\/trendsandvision.nl\/de\/wp-content\/uploads\/sites\/3\/2024\/12\/JB048_01.jpg","contentUrl":"https:\/\/trendsandvision.nl\/de\/wp-content\/uploads\/sites\/3\/2024\/12\/JB048_01.jpg","width":800,"height":800,"caption":"Trends and Vision Gartenhandschuhe Manschette M(JB048)cm L 18 x T 0,8 x H 36,4,Rindsleder, Polyester,Baumwolle, gewicht 0,231 kg,CE-Kennzeichnung"},{"@type":"BreadcrumbList","@id":"https:\/\/trendsandvision.nl\/de\/product\/esschert-design-gartenhandschuhe-manschette-m\/#breadcrumb","itemListElement":[{"@type":"ListItem","position":1,"name":"Home","item":"https:\/\/trendsandvision.nl\/de\/"},{"@type":"ListItem","position":2,"name":"Gesch\u00e4ft","item":"https:\/\/trendsandvision.nl\/de\/geschaft\/"},{"@type":"ListItem","position":3,"name":"Esschert Design Gartenhandschuhe Manschette M"}]},{"@type":"WebSite","@id":"https:\/\/trendsandvision.nl\/de\/#website","url":"https:\/\/trendsandvision.nl\/de\/","name":"Trends &amp; Vision (DE)","description":"Der Webshop f\u00fcr Esschert Design Artikel","publisher":{"@id":"https:\/\/trendsandvision.nl\/de\/#organization"},"potentialAction":[{"@type":"SearchAction","target":{"@type":"EntryPoint","urlTemplate":"https:\/\/trendsandvision.nl\/de\/?s={search_term_string}"},"query-input":{"@type":"PropertyValueSpecification","valueRequired":true,"valueName":"search_term_string"}}],"inLanguage":"de"},{"@type":"Organization","@id":"https:\/\/trendsandvision.nl\/de\/#organization","name":"Trends &amp; Vision (DE)","url":"https:\/\/trendsandvision.nl\/de\/","logo":{"@type":"ImageObject","inLanguage":"de","@id":"https:\/\/trendsandvision.nl\/de\/#\/schema\/logo\/image\/","url":"https:\/\/trendsandvision.nl\/de\/wp-content\/uploads\/sites\/3\/2022\/04\/trends-and-vision-logo.jpg","contentUrl":"https:\/\/trendsandvision.nl\/de\/wp-content\/uploads\/sites\/3\/2022\/04\/trends-and-vision-logo.jpg","width":213,"height":100,"caption":"Trends &amp; Vision (DE)"},"image":{"@id":"https:\/\/trendsandvision.nl\/de\/#\/schema\/logo\/image\/"}}]}},"_links":{"self":[{"href":"https:\/\/trendsandvision.nl\/de\/wp-json\/wp\/v2\/product\/18530","targetHints":{"allow":["GET"]}}],"collection":[{"href":"https:\/\/trendsandvision.nl\/de\/wp-json\/wp\/v2\/product"}],"about":[{"href":"https:\/\/trendsandvision.nl\/de\/wp-json\/wp\/v2\/types\/product"}],"wp:featuredmedia":[{"embeddable":true,"href":"https:\/\/trendsandvision.nl\/de\/wp-json\/wp\/v2\/media\/18531"}],"wp:attachment":[{"href":"https:\/\/trendsandvision.nl\/de\/wp-json\/wp\/v2\/media?parent=18530"}],"wp:term":[{"taxonomy":"product_brand","embeddable":true,"href":"https:\/\/trendsandvision.nl\/de\/wp-json\/wp\/v2\/product_brand?post=18530"},{"taxonomy":"product_cat","embeddable":true,"href":"https:\/\/trendsandvision.nl\/de\/wp-json\/wp\/v2\/product_cat?post=18530"},{"taxonomy":"product_tag","embeddable":true,"href":"https:\/\/trendsandvision.nl\/de\/wp-json\/wp\/v2\/product_tag?post=18530"}],"curies":[{"name":"wp","href":"https:\/\/api.w.org\/{rel}","templated":true}]}}