{"id":18524,"date":"2024-12-22T08:43:33","date_gmt":"2024-12-22T07:43:33","guid":{"rendered":"https:\/\/trendsandvision.nl\/de\/product\/esschert-design-arbeitshandschuhe-m\/"},"modified":"2026-04-22T15:09:13","modified_gmt":"2026-04-22T13:09:13","slug":"esschert-design-arbeitshandschuhe-m","status":"publish","type":"product","link":"https:\/\/trendsandvision.nl\/de\/product\/esschert-design-arbeitshandschuhe-m\/","title":{"rendered":"Esschert Design Arbeitshandschuhe M"},"content":{"rendered":"<p>Esschert Design Arbeitshandschuhe M.<br \/>\nDiese einfachen Arbeitshandschuhe eignen sich f\u00fcr alle Gartenarbeiten, insbesondere f\u00fcr <strong>anspruchsvolle<\/strong> Gartenarbeiten.<br \/>\nDiese Arbeitshandschuhe bieten hervorragenden Schutz bei verschiedensten Gartenarbeiten. Daumen, Kn\u00f6chel und Handfl\u00e4che sind mit Polyester und Rindsleder verst\u00e4rkt, was sie angenehm zu tragen macht. Sie sch\u00fctzen die H\u00e4nde vor Schmutz, scharfen \u00c4sten und rauen Oberfl\u00e4chen, bieten dabei aber dennoch Bewegungsfreiheit und guten Griff. Ein unverzichtbares Basisprodukt f\u00fcr jedes Gartenger\u00e4te-Sortiment.<\/p>\n<p>Artikelnummer JB044<br \/>\nGartenhandschuhe f\u00fcr einen optimalen Schutz f\u00fcr Ihre H\u00e4nde.<br \/>\nIn verschiedenen Gr\u00f6\u00dfen erh\u00e4ltlich, Unsere <strong><a href=\"https:\/\/trendsandvision.nl\/de\/?s=handschu&amp;post_type=product&amp;dgwt_wcas=1\">Handschuhkollektion<\/a><\/strong><br \/>\nProduktabmessungen in cm L 14 x T 1,6 x H 24,5<br \/>\nMaterial 55% Rindsleder, 45% Polyester<br \/>\nNettogewicht 0,161 kg<br \/>\nBarcode 8714982283376<br \/>\nmit CE-Kennzeichnung<br \/>\nProduzent <a href=\"https:\/\/www.esschertdesign.com\/shop\/de\/werkhandschoenen-m-jb044\" target=\"_blank\">Esschert Design<\/a><\/p>\n","protected":false},"excerpt":{"rendered":"<p>L 14 x T 1,6 x H 24,5<br \/>\nStarker Schutz<br \/>\nF\u00fcr die t\u00e4gliche Gartenarbeit geeignet<br \/>\nBequeme Passform<br \/>\n55% Rindsleder, 45% Polyester<br \/>\nNettogewicht 0,161 kg<br \/>\nBarcode 8714982283376<br \/>\nmit CE-Kennzeichnung<\/p>\n","protected":false},"featured_media":18525,"template":"","meta":[],"product_brand":[9597,9598],"product_cat":[751],"product_tag":[9325,6925,6929,7560,6824,6943,7292],"class_list":{"0":"post-18524","1":"product","2":"type-product","3":"status-publish","4":"has-post-thumbnail","6":"product_brand-esschert-design","7":"product_brand-trends-and-vision","8":"product_cat-garden-tools","9":"product_tag-ce-kennzeichnung","10":"product_tag-gartengeraeten","11":"product_tag-gartenhandschuhe","12":"product_tag-handschuhe","13":"product_tag-hilfsmittel","14":"product_tag-rindsleder","15":"product_tag-schutz","16":"pa_anbieter-esschert-design","17":"pa_ean-code-7681","19":"first","20":"instock","21":"sale","22":"taxable","23":"shipping-taxable","24":"purchasable","25":"product-type-simple","26":"czr-hentry"},"yoast_head":"<!-- This site is optimized with the Yoast SEO Premium plugin v27.4 (Yoast SEO v27.4) - https:\/\/yoast.com\/product\/yoast-seo-premium-wordpress\/ -->\n<title>Esschert Design Arbeitshandschuhe M (JB044 8714982283376)<\/title>\n<meta name=\"description\" content=\"Esschert Design Arbeitshandschuhe M(JB044 EAN 8714982283376) cm L 14 x T 1,6 x H 24,5, Rindsleder,Polyester, Nettogewicht 0,161 kg, mit CE-Kennzeichnung\" \/>\n<meta name=\"robots\" content=\"index, follow, max-snippet:-1, max-image-preview:large, max-video-preview:-1\" \/>\n<link rel=\"canonical\" href=\"https:\/\/trendsandvision.nl\/de\/product\/esschert-design-arbeitshandschuhe-m\/\" \/>\n<meta property=\"og:locale\" content=\"de_DE\" \/>\n<meta property=\"og:type\" content=\"article\" \/>\n<meta property=\"og:title\" content=\"Esschert Design Arbeitshandschuhe M\" \/>\n<meta property=\"og:description\" content=\"Esschert Design Arbeitshandschuhe M(JB044 EAN 8714982283376) cm L 14 x T 1,6 x H 24,5, Rindsleder,Polyester, Nettogewicht 0,161 kg, mit CE-Kennzeichnung\" \/>\n<meta property=\"og:url\" content=\"https:\/\/trendsandvision.nl\/de\/product\/esschert-design-arbeitshandschuhe-m\/\" \/>\n<meta property=\"og:site_name\" content=\"Trends &amp; Vision (DE)\" \/>\n<meta property=\"article:modified_time\" content=\"2026-04-22T13:09:13+00:00\" \/>\n<meta property=\"og:image\" content=\"https:\/\/trendsandvision.nl\/de\/wp-content\/uploads\/sites\/3\/2024\/12\/JB044_01.jpg\" \/>\n\t<meta property=\"og:image:width\" content=\"800\" \/>\n\t<meta property=\"og:image:height\" content=\"800\" \/>\n\t<meta property=\"og:image:type\" content=\"image\/jpeg\" \/>\n<meta name=\"twitter:card\" content=\"summary_large_image\" \/>\n<meta name=\"twitter:label1\" content=\"Gesch\u00e4tzte Lesezeit\" \/>\n\t<meta name=\"twitter:data1\" content=\"1\u00a0Minute\" \/>\n<script type=\"application\/ld+json\" class=\"yoast-schema-graph\">{\"@context\":\"https:\\\/\\\/schema.org\",\"@graph\":[{\"@type\":\"WebPage\",\"@id\":\"https:\\\/\\\/trendsandvision.nl\\\/de\\\/product\\\/esschert-design-arbeitshandschuhe-m\\\/\",\"url\":\"https:\\\/\\\/trendsandvision.nl\\\/de\\\/product\\\/esschert-design-arbeitshandschuhe-m\\\/\",\"name\":\"Esschert Design Arbeitshandschuhe M (JB044 8714982283376)\",\"isPartOf\":{\"@id\":\"https:\\\/\\\/trendsandvision.nl\\\/de\\\/#website\"},\"primaryImageOfPage\":{\"@id\":\"https:\\\/\\\/trendsandvision.nl\\\/de\\\/product\\\/esschert-design-arbeitshandschuhe-m\\\/#primaryimage\"},\"image\":{\"@id\":\"https:\\\/\\\/trendsandvision.nl\\\/de\\\/product\\\/esschert-design-arbeitshandschuhe-m\\\/#primaryimage\"},\"thumbnailUrl\":\"https:\\\/\\\/trendsandvision.nl\\\/de\\\/wp-content\\\/uploads\\\/sites\\\/3\\\/2024\\\/12\\\/JB044_01.jpg\",\"datePublished\":\"2024-12-22T07:43:33+00:00\",\"dateModified\":\"2026-04-22T13:09:13+00:00\",\"description\":\"Esschert Design Arbeitshandschuhe M(JB044 EAN 8714982283376) cm L 14 x T 1,6 x H 24,5, Rindsleder,Polyester, Nettogewicht 0,161 kg, mit CE-Kennzeichnung\",\"breadcrumb\":{\"@id\":\"https:\\\/\\\/trendsandvision.nl\\\/de\\\/product\\\/esschert-design-arbeitshandschuhe-m\\\/#breadcrumb\"},\"inLanguage\":\"de\",\"potentialAction\":[{\"@type\":\"ReadAction\",\"target\":[\"https:\\\/\\\/trendsandvision.nl\\\/de\\\/product\\\/esschert-design-arbeitshandschuhe-m\\\/\"]}]},{\"@type\":\"ImageObject\",\"inLanguage\":\"de\",\"@id\":\"https:\\\/\\\/trendsandvision.nl\\\/de\\\/product\\\/esschert-design-arbeitshandschuhe-m\\\/#primaryimage\",\"url\":\"https:\\\/\\\/trendsandvision.nl\\\/de\\\/wp-content\\\/uploads\\\/sites\\\/3\\\/2024\\\/12\\\/JB044_01.jpg\",\"contentUrl\":\"https:\\\/\\\/trendsandvision.nl\\\/de\\\/wp-content\\\/uploads\\\/sites\\\/3\\\/2024\\\/12\\\/JB044_01.jpg\",\"width\":800,\"height\":800,\"caption\":\"Trends and Vision Arbeitshandschuhe M (JB044 EAN 8714982283376) cm L 14 x T 1,6 x H 24,5, Material 55% Rindsleder, 45% Polyester, Nettogewicht 0,161 kg, mit CE-Kennzeichnung\"},{\"@type\":\"BreadcrumbList\",\"@id\":\"https:\\\/\\\/trendsandvision.nl\\\/de\\\/product\\\/esschert-design-arbeitshandschuhe-m\\\/#breadcrumb\",\"itemListElement\":[{\"@type\":\"ListItem\",\"position\":1,\"name\":\"Home\",\"item\":\"https:\\\/\\\/trendsandvision.nl\\\/de\\\/\"},{\"@type\":\"ListItem\",\"position\":2,\"name\":\"Gesch\u00e4ft\",\"item\":\"https:\\\/\\\/trendsandvision.nl\\\/de\\\/geschaft\\\/\"},{\"@type\":\"ListItem\",\"position\":3,\"name\":\"Esschert Design Arbeitshandschuhe M\"}]},{\"@type\":\"WebSite\",\"@id\":\"https:\\\/\\\/trendsandvision.nl\\\/de\\\/#website\",\"url\":\"https:\\\/\\\/trendsandvision.nl\\\/de\\\/\",\"name\":\"Trends &amp; Vision (DE)\",\"description\":\"Der Webshop f\u00fcr Esschert Design Artikel\",\"publisher\":{\"@id\":\"https:\\\/\\\/trendsandvision.nl\\\/de\\\/#organization\"},\"potentialAction\":[{\"@type\":\"SearchAction\",\"target\":{\"@type\":\"EntryPoint\",\"urlTemplate\":\"https:\\\/\\\/trendsandvision.nl\\\/de\\\/?s={search_term_string}\"},\"query-input\":{\"@type\":\"PropertyValueSpecification\",\"valueRequired\":true,\"valueName\":\"search_term_string\"}}],\"inLanguage\":\"de\"},{\"@type\":\"Organization\",\"@id\":\"https:\\\/\\\/trendsandvision.nl\\\/de\\\/#organization\",\"name\":\"Trends &amp; Vision (DE)\",\"url\":\"https:\\\/\\\/trendsandvision.nl\\\/de\\\/\",\"logo\":{\"@type\":\"ImageObject\",\"inLanguage\":\"de\",\"@id\":\"https:\\\/\\\/trendsandvision.nl\\\/de\\\/#\\\/schema\\\/logo\\\/image\\\/\",\"url\":\"https:\\\/\\\/trendsandvision.nl\\\/de\\\/wp-content\\\/uploads\\\/sites\\\/3\\\/2022\\\/04\\\/trends-and-vision-logo.jpg\",\"contentUrl\":\"https:\\\/\\\/trendsandvision.nl\\\/de\\\/wp-content\\\/uploads\\\/sites\\\/3\\\/2022\\\/04\\\/trends-and-vision-logo.jpg\",\"width\":213,\"height\":100,\"caption\":\"Trends &amp; Vision (DE)\"},\"image\":{\"@id\":\"https:\\\/\\\/trendsandvision.nl\\\/de\\\/#\\\/schema\\\/logo\\\/image\\\/\"}}]}<\/script>\n<!-- \/ Yoast SEO Premium plugin. -->","yoast_head_json":{"title":"Esschert Design Arbeitshandschuhe M (JB044 8714982283376)","description":"Esschert Design Arbeitshandschuhe M(JB044 EAN 8714982283376) cm L 14 x T 1,6 x H 24,5, Rindsleder,Polyester, Nettogewicht 0,161 kg, mit CE-Kennzeichnung","robots":{"index":"index","follow":"follow","max-snippet":"max-snippet:-1","max-image-preview":"max-image-preview:large","max-video-preview":"max-video-preview:-1"},"canonical":"https:\/\/trendsandvision.nl\/de\/product\/esschert-design-arbeitshandschuhe-m\/","og_locale":"de_DE","og_type":"article","og_title":"Esschert Design Arbeitshandschuhe M","og_description":"Esschert Design Arbeitshandschuhe M(JB044 EAN 8714982283376) cm L 14 x T 1,6 x H 24,5, Rindsleder,Polyester, Nettogewicht 0,161 kg, mit CE-Kennzeichnung","og_url":"https:\/\/trendsandvision.nl\/de\/product\/esschert-design-arbeitshandschuhe-m\/","og_site_name":"Trends &amp; Vision (DE)","article_modified_time":"2026-04-22T13:09:13+00:00","og_image":[{"width":800,"height":800,"url":"https:\/\/trendsandvision.nl\/de\/wp-content\/uploads\/sites\/3\/2024\/12\/JB044_01.jpg","type":"image\/jpeg"}],"twitter_card":"summary_large_image","twitter_misc":{"Gesch\u00e4tzte Lesezeit":"1\u00a0Minute"},"schema":{"@context":"https:\/\/schema.org","@graph":[{"@type":"WebPage","@id":"https:\/\/trendsandvision.nl\/de\/product\/esschert-design-arbeitshandschuhe-m\/","url":"https:\/\/trendsandvision.nl\/de\/product\/esschert-design-arbeitshandschuhe-m\/","name":"Esschert Design Arbeitshandschuhe M (JB044 8714982283376)","isPartOf":{"@id":"https:\/\/trendsandvision.nl\/de\/#website"},"primaryImageOfPage":{"@id":"https:\/\/trendsandvision.nl\/de\/product\/esschert-design-arbeitshandschuhe-m\/#primaryimage"},"image":{"@id":"https:\/\/trendsandvision.nl\/de\/product\/esschert-design-arbeitshandschuhe-m\/#primaryimage"},"thumbnailUrl":"https:\/\/trendsandvision.nl\/de\/wp-content\/uploads\/sites\/3\/2024\/12\/JB044_01.jpg","datePublished":"2024-12-22T07:43:33+00:00","dateModified":"2026-04-22T13:09:13+00:00","description":"Esschert Design Arbeitshandschuhe M(JB044 EAN 8714982283376) cm L 14 x T 1,6 x H 24,5, Rindsleder,Polyester, Nettogewicht 0,161 kg, mit CE-Kennzeichnung","breadcrumb":{"@id":"https:\/\/trendsandvision.nl\/de\/product\/esschert-design-arbeitshandschuhe-m\/#breadcrumb"},"inLanguage":"de","potentialAction":[{"@type":"ReadAction","target":["https:\/\/trendsandvision.nl\/de\/product\/esschert-design-arbeitshandschuhe-m\/"]}]},{"@type":"ImageObject","inLanguage":"de","@id":"https:\/\/trendsandvision.nl\/de\/product\/esschert-design-arbeitshandschuhe-m\/#primaryimage","url":"https:\/\/trendsandvision.nl\/de\/wp-content\/uploads\/sites\/3\/2024\/12\/JB044_01.jpg","contentUrl":"https:\/\/trendsandvision.nl\/de\/wp-content\/uploads\/sites\/3\/2024\/12\/JB044_01.jpg","width":800,"height":800,"caption":"Trends and Vision Arbeitshandschuhe M (JB044 EAN 8714982283376) cm L 14 x T 1,6 x H 24,5, Material 55% Rindsleder, 45% Polyester, Nettogewicht 0,161 kg, mit CE-Kennzeichnung"},{"@type":"BreadcrumbList","@id":"https:\/\/trendsandvision.nl\/de\/product\/esschert-design-arbeitshandschuhe-m\/#breadcrumb","itemListElement":[{"@type":"ListItem","position":1,"name":"Home","item":"https:\/\/trendsandvision.nl\/de\/"},{"@type":"ListItem","position":2,"name":"Gesch\u00e4ft","item":"https:\/\/trendsandvision.nl\/de\/geschaft\/"},{"@type":"ListItem","position":3,"name":"Esschert Design Arbeitshandschuhe M"}]},{"@type":"WebSite","@id":"https:\/\/trendsandvision.nl\/de\/#website","url":"https:\/\/trendsandvision.nl\/de\/","name":"Trends &amp; Vision (DE)","description":"Der Webshop f\u00fcr Esschert Design Artikel","publisher":{"@id":"https:\/\/trendsandvision.nl\/de\/#organization"},"potentialAction":[{"@type":"SearchAction","target":{"@type":"EntryPoint","urlTemplate":"https:\/\/trendsandvision.nl\/de\/?s={search_term_string}"},"query-input":{"@type":"PropertyValueSpecification","valueRequired":true,"valueName":"search_term_string"}}],"inLanguage":"de"},{"@type":"Organization","@id":"https:\/\/trendsandvision.nl\/de\/#organization","name":"Trends &amp; Vision (DE)","url":"https:\/\/trendsandvision.nl\/de\/","logo":{"@type":"ImageObject","inLanguage":"de","@id":"https:\/\/trendsandvision.nl\/de\/#\/schema\/logo\/image\/","url":"https:\/\/trendsandvision.nl\/de\/wp-content\/uploads\/sites\/3\/2022\/04\/trends-and-vision-logo.jpg","contentUrl":"https:\/\/trendsandvision.nl\/de\/wp-content\/uploads\/sites\/3\/2022\/04\/trends-and-vision-logo.jpg","width":213,"height":100,"caption":"Trends &amp; Vision (DE)"},"image":{"@id":"https:\/\/trendsandvision.nl\/de\/#\/schema\/logo\/image\/"}}]}},"_links":{"self":[{"href":"https:\/\/trendsandvision.nl\/de\/wp-json\/wp\/v2\/product\/18524","targetHints":{"allow":["GET"]}}],"collection":[{"href":"https:\/\/trendsandvision.nl\/de\/wp-json\/wp\/v2\/product"}],"about":[{"href":"https:\/\/trendsandvision.nl\/de\/wp-json\/wp\/v2\/types\/product"}],"wp:featuredmedia":[{"embeddable":true,"href":"https:\/\/trendsandvision.nl\/de\/wp-json\/wp\/v2\/media\/18525"}],"wp:attachment":[{"href":"https:\/\/trendsandvision.nl\/de\/wp-json\/wp\/v2\/media?parent=18524"}],"wp:term":[{"taxonomy":"product_brand","embeddable":true,"href":"https:\/\/trendsandvision.nl\/de\/wp-json\/wp\/v2\/product_brand?post=18524"},{"taxonomy":"product_cat","embeddable":true,"href":"https:\/\/trendsandvision.nl\/de\/wp-json\/wp\/v2\/product_cat?post=18524"},{"taxonomy":"product_tag","embeddable":true,"href":"https:\/\/trendsandvision.nl\/de\/wp-json\/wp\/v2\/product_tag?post=18524"}],"curies":[{"name":"wp","href":"https:\/\/api.w.org\/{rel}","templated":true}]}}