{"id":18513,"date":"2024-12-22T08:43:28","date_gmt":"2024-12-22T07:43:28","guid":{"rendered":"https:\/\/trendsandvision.nl\/de\/product\/esschert-design-schneidmesser\/"},"modified":"2026-04-22T15:07:16","modified_gmt":"2026-04-22T13:07:16","slug":"esschert-design-messer-fuer-stecklinge","status":"publish","type":"product","link":"https:\/\/trendsandvision.nl\/de\/product\/esschert-design-messer-fuer-stecklinge\/","title":{"rendered":"Esschert Design Messer f\u00fcr Stecklinge"},"content":{"rendered":"<p>Esschert Design Messer f\u00fcr Stecklinge.<br \/>\nDieses Stecklingsmesser ist ein unverzichtbares Werkzeug f\u00fcr jeden Z\u00fcchter, Gartenliebhaber oder Profi. Dank der scharfen und schmalen Klinge lassen sich Stecklinge und Jungpflanzen einfach und pr\u00e4zise schneiden. Der ergonomische Griff sorgt f\u00fcr eine komfortable und sichere Handhabung. Ein Must-have f\u00fcr Ihr Garten- und Anzuchtsortiment.<\/p>\n<p>Artikelname Messer f\u00fcr Stecklinge<br \/>\nArtikelnummer GT362<br \/>\nProduktgruppe(n) Garten &amp; Terrasse, Gartenger\u00e4te, Handwerkzeuge, Kultivierung, Werkzeuge, Handwerkzeuge<br \/>\nProduktabmessungen in cm L 16,4 x T 1,6 x H 1,5<br \/>\nNettogewicht 0,049 kg<br \/>\nBarcode 8714982276224<br \/>\nFSC\u00ae 100%<br \/>\nMaterial <strong><a href=\"https:\/\/trendsandvision.nl\/de\/?s=Eschenholz&amp;post_type=product&amp;dgwt_wcas=1\">Eschenholz<\/a><\/strong>, Edelstahl<br \/>\nProduzent <a href=\"https:\/\/www.esschertdesign.com\/shop\/de\/stekmes-gt362\" target=\"_blank\">Esschert Design<\/a><\/p>\n","protected":false},"excerpt":{"rendered":"<p>L 16,4 x T 1,6 x H 1,5 cm<br \/>\nEschenholz, Edelstahl<br \/>\nScharfe und pr\u00e4zise Klinge<br \/>\nErgonomischer Griff<br \/>\nKompakt und handlich<br \/>\nNettogewicht 0,049 kg<br \/>\nBarcode 8714982276224<br \/>\nFSC\u00ae 100%<\/p>\n","protected":false},"featured_media":18514,"template":"","meta":[],"product_brand":[9597,9598],"product_cat":[751],"product_tag":[6950,6809,6755,7026,7448,7829,7819],"class_list":{"0":"post-18513","1":"product","2":"type-product","3":"status-publish","4":"has-post-thumbnail","6":"product_brand-esschert-design","7":"product_brand-trends-and-vision","8":"product_cat-garden-tools","9":"product_tag-edelstahl","10":"product_tag-fsc-100","11":"product_tag-gartengeraete","12":"product_tag-gewaechshaeuser","13":"product_tag-messer","14":"product_tag-schrebergarten","15":"product_tag-stecklinge","16":"pa_anbieter-esschert-design","17":"pa_ean-code-7679","19":"first","20":"instock","21":"sale","22":"taxable","23":"shipping-taxable","24":"purchasable","25":"product-type-simple","26":"czr-hentry"},"yoast_head":"<!-- This site is optimized with the Yoast SEO Premium plugin v27.4 (Yoast SEO v27.5) - https:\/\/yoast.com\/product\/yoast-seo-premium-wordpress\/ -->\n<title>Esschert Design Messer f\u00fcr Stecklinge (GT362 8714982276224) |<\/title>\n<meta name=\"description\" content=\"Esschert Design Messer f\u00fcr Stecklinge (GT362 8714982276224)cm L 16,4 x T 1,6 x H 1,5, Nettogewicht 0,049 kg, Barcode 8714982276224, FSC\u00ae 100%\" \/>\n<meta name=\"robots\" content=\"index, follow, max-snippet:-1, max-image-preview:large, max-video-preview:-1\" \/>\n<link rel=\"canonical\" href=\"https:\/\/trendsandvision.nl\/de\/product\/esschert-design-messer-fuer-stecklinge\/\" \/>\n<meta property=\"og:locale\" content=\"de_DE\" \/>\n<meta property=\"og:type\" content=\"article\" \/>\n<meta property=\"og:title\" content=\"Esschert Design Messer f\u00fcr Stecklinge\" \/>\n<meta property=\"og:description\" content=\"Esschert Design Messer f\u00fcr Stecklinge (GT362 8714982276224)cm L 16,4 x T 1,6 x H 1,5, Nettogewicht 0,049 kg, Barcode 8714982276224, FSC\u00ae 100%\" \/>\n<meta property=\"og:url\" content=\"https:\/\/trendsandvision.nl\/de\/product\/esschert-design-messer-fuer-stecklinge\/\" \/>\n<meta property=\"og:site_name\" content=\"Trends &amp; Vision (DE)\" \/>\n<meta property=\"article:modified_time\" content=\"2026-04-22T13:07:16+00:00\" \/>\n<meta property=\"og:image\" content=\"https:\/\/trendsandvision.nl\/de\/wp-content\/uploads\/sites\/3\/2024\/12\/GT362_01.jpg\" \/>\n\t<meta property=\"og:image:width\" content=\"800\" \/>\n\t<meta property=\"og:image:height\" content=\"800\" \/>\n\t<meta property=\"og:image:type\" content=\"image\/jpeg\" \/>\n<meta name=\"twitter:card\" content=\"summary_large_image\" \/>\n<meta name=\"twitter:label1\" content=\"Gesch\u00e4tzte Lesezeit\" \/>\n\t<meta name=\"twitter:data1\" content=\"2\u00a0Minuten\" \/>\n<script type=\"application\/ld+json\" class=\"yoast-schema-graph\">{\"@context\":\"https:\\\/\\\/schema.org\",\"@graph\":[{\"@type\":\"WebPage\",\"@id\":\"https:\\\/\\\/trendsandvision.nl\\\/de\\\/product\\\/esschert-design-messer-fuer-stecklinge\\\/\",\"url\":\"https:\\\/\\\/trendsandvision.nl\\\/de\\\/product\\\/esschert-design-messer-fuer-stecklinge\\\/\",\"name\":\"Esschert Design Messer f\u00fcr Stecklinge (GT362 8714982276224) |\",\"isPartOf\":{\"@id\":\"https:\\\/\\\/trendsandvision.nl\\\/de\\\/#website\"},\"primaryImageOfPage\":{\"@id\":\"https:\\\/\\\/trendsandvision.nl\\\/de\\\/product\\\/esschert-design-messer-fuer-stecklinge\\\/#primaryimage\"},\"image\":{\"@id\":\"https:\\\/\\\/trendsandvision.nl\\\/de\\\/product\\\/esschert-design-messer-fuer-stecklinge\\\/#primaryimage\"},\"thumbnailUrl\":\"https:\\\/\\\/trendsandvision.nl\\\/de\\\/wp-content\\\/uploads\\\/sites\\\/3\\\/2024\\\/12\\\/GT362_01.jpg\",\"datePublished\":\"2024-12-22T07:43:28+00:00\",\"dateModified\":\"2026-04-22T13:07:16+00:00\",\"description\":\"Esschert Design Messer f\u00fcr Stecklinge (GT362 8714982276224)cm L 16,4 x T 1,6 x H 1,5, Nettogewicht 0,049 kg, Barcode 8714982276224, FSC\u00ae 100%\",\"breadcrumb\":{\"@id\":\"https:\\\/\\\/trendsandvision.nl\\\/de\\\/product\\\/esschert-design-messer-fuer-stecklinge\\\/#breadcrumb\"},\"inLanguage\":\"de\",\"potentialAction\":[{\"@type\":\"ReadAction\",\"target\":[\"https:\\\/\\\/trendsandvision.nl\\\/de\\\/product\\\/esschert-design-messer-fuer-stecklinge\\\/\"]}]},{\"@type\":\"ImageObject\",\"inLanguage\":\"de\",\"@id\":\"https:\\\/\\\/trendsandvision.nl\\\/de\\\/product\\\/esschert-design-messer-fuer-stecklinge\\\/#primaryimage\",\"url\":\"https:\\\/\\\/trendsandvision.nl\\\/de\\\/wp-content\\\/uploads\\\/sites\\\/3\\\/2024\\\/12\\\/GT362_01.jpg\",\"contentUrl\":\"https:\\\/\\\/trendsandvision.nl\\\/de\\\/wp-content\\\/uploads\\\/sites\\\/3\\\/2024\\\/12\\\/GT362_01.jpg\",\"width\":800,\"height\":800,\"caption\":\"Trends and Vision Messer f\u00fcr Stecklinge (GT362 8714982276224)cm L 16,4 x T 1,6 x H 1,5, Nettogewicht 0,049 kg, Barcode 8714982276224, FSC\u00ae 100%\"},{\"@type\":\"BreadcrumbList\",\"@id\":\"https:\\\/\\\/trendsandvision.nl\\\/de\\\/product\\\/esschert-design-messer-fuer-stecklinge\\\/#breadcrumb\",\"itemListElement\":[{\"@type\":\"ListItem\",\"position\":1,\"name\":\"Home\",\"item\":\"https:\\\/\\\/trendsandvision.nl\\\/de\\\/\"},{\"@type\":\"ListItem\",\"position\":2,\"name\":\"Gesch\u00e4ft\",\"item\":\"https:\\\/\\\/trendsandvision.nl\\\/de\\\/geschaft\\\/\"},{\"@type\":\"ListItem\",\"position\":3,\"name\":\"Esschert Design Messer f\u00fcr Stecklinge\"}]},{\"@type\":\"WebSite\",\"@id\":\"https:\\\/\\\/trendsandvision.nl\\\/de\\\/#website\",\"url\":\"https:\\\/\\\/trendsandvision.nl\\\/de\\\/\",\"name\":\"Trends &amp; Vision (DE)\",\"description\":\"Der Webshop f\u00fcr Esschert Design Artikel\",\"publisher\":{\"@id\":\"https:\\\/\\\/trendsandvision.nl\\\/de\\\/#organization\"},\"potentialAction\":[{\"@type\":\"SearchAction\",\"target\":{\"@type\":\"EntryPoint\",\"urlTemplate\":\"https:\\\/\\\/trendsandvision.nl\\\/de\\\/?s={search_term_string}\"},\"query-input\":{\"@type\":\"PropertyValueSpecification\",\"valueRequired\":true,\"valueName\":\"search_term_string\"}}],\"inLanguage\":\"de\"},{\"@type\":\"Organization\",\"@id\":\"https:\\\/\\\/trendsandvision.nl\\\/de\\\/#organization\",\"name\":\"Trends &amp; Vision (DE)\",\"url\":\"https:\\\/\\\/trendsandvision.nl\\\/de\\\/\",\"logo\":{\"@type\":\"ImageObject\",\"inLanguage\":\"de\",\"@id\":\"https:\\\/\\\/trendsandvision.nl\\\/de\\\/#\\\/schema\\\/logo\\\/image\\\/\",\"url\":\"https:\\\/\\\/trendsandvision.nl\\\/de\\\/wp-content\\\/uploads\\\/sites\\\/3\\\/2022\\\/04\\\/trends-and-vision-logo.jpg\",\"contentUrl\":\"https:\\\/\\\/trendsandvision.nl\\\/de\\\/wp-content\\\/uploads\\\/sites\\\/3\\\/2022\\\/04\\\/trends-and-vision-logo.jpg\",\"width\":213,\"height\":100,\"caption\":\"Trends &amp; Vision (DE)\"},\"image\":{\"@id\":\"https:\\\/\\\/trendsandvision.nl\\\/de\\\/#\\\/schema\\\/logo\\\/image\\\/\"}}]}<\/script>\n<!-- \/ Yoast SEO Premium plugin. -->","yoast_head_json":{"title":"Esschert Design Messer f\u00fcr Stecklinge (GT362 8714982276224) |","description":"Esschert Design Messer f\u00fcr Stecklinge (GT362 8714982276224)cm L 16,4 x T 1,6 x H 1,5, Nettogewicht 0,049 kg, Barcode 8714982276224, FSC\u00ae 100%","robots":{"index":"index","follow":"follow","max-snippet":"max-snippet:-1","max-image-preview":"max-image-preview:large","max-video-preview":"max-video-preview:-1"},"canonical":"https:\/\/trendsandvision.nl\/de\/product\/esschert-design-messer-fuer-stecklinge\/","og_locale":"de_DE","og_type":"article","og_title":"Esschert Design Messer f\u00fcr Stecklinge","og_description":"Esschert Design Messer f\u00fcr Stecklinge (GT362 8714982276224)cm L 16,4 x T 1,6 x H 1,5, Nettogewicht 0,049 kg, Barcode 8714982276224, FSC\u00ae 100%","og_url":"https:\/\/trendsandvision.nl\/de\/product\/esschert-design-messer-fuer-stecklinge\/","og_site_name":"Trends &amp; Vision (DE)","article_modified_time":"2026-04-22T13:07:16+00:00","og_image":[{"width":800,"height":800,"url":"https:\/\/trendsandvision.nl\/de\/wp-content\/uploads\/sites\/3\/2024\/12\/GT362_01.jpg","type":"image\/jpeg"}],"twitter_card":"summary_large_image","twitter_misc":{"Gesch\u00e4tzte Lesezeit":"2\u00a0Minuten"},"schema":{"@context":"https:\/\/schema.org","@graph":[{"@type":"WebPage","@id":"https:\/\/trendsandvision.nl\/de\/product\/esschert-design-messer-fuer-stecklinge\/","url":"https:\/\/trendsandvision.nl\/de\/product\/esschert-design-messer-fuer-stecklinge\/","name":"Esschert Design Messer f\u00fcr Stecklinge (GT362 8714982276224) |","isPartOf":{"@id":"https:\/\/trendsandvision.nl\/de\/#website"},"primaryImageOfPage":{"@id":"https:\/\/trendsandvision.nl\/de\/product\/esschert-design-messer-fuer-stecklinge\/#primaryimage"},"image":{"@id":"https:\/\/trendsandvision.nl\/de\/product\/esschert-design-messer-fuer-stecklinge\/#primaryimage"},"thumbnailUrl":"https:\/\/trendsandvision.nl\/de\/wp-content\/uploads\/sites\/3\/2024\/12\/GT362_01.jpg","datePublished":"2024-12-22T07:43:28+00:00","dateModified":"2026-04-22T13:07:16+00:00","description":"Esschert Design Messer f\u00fcr Stecklinge (GT362 8714982276224)cm L 16,4 x T 1,6 x H 1,5, Nettogewicht 0,049 kg, Barcode 8714982276224, FSC\u00ae 100%","breadcrumb":{"@id":"https:\/\/trendsandvision.nl\/de\/product\/esschert-design-messer-fuer-stecklinge\/#breadcrumb"},"inLanguage":"de","potentialAction":[{"@type":"ReadAction","target":["https:\/\/trendsandvision.nl\/de\/product\/esschert-design-messer-fuer-stecklinge\/"]}]},{"@type":"ImageObject","inLanguage":"de","@id":"https:\/\/trendsandvision.nl\/de\/product\/esschert-design-messer-fuer-stecklinge\/#primaryimage","url":"https:\/\/trendsandvision.nl\/de\/wp-content\/uploads\/sites\/3\/2024\/12\/GT362_01.jpg","contentUrl":"https:\/\/trendsandvision.nl\/de\/wp-content\/uploads\/sites\/3\/2024\/12\/GT362_01.jpg","width":800,"height":800,"caption":"Trends and Vision Messer f\u00fcr Stecklinge (GT362 8714982276224)cm L 16,4 x T 1,6 x H 1,5, Nettogewicht 0,049 kg, Barcode 8714982276224, FSC\u00ae 100%"},{"@type":"BreadcrumbList","@id":"https:\/\/trendsandvision.nl\/de\/product\/esschert-design-messer-fuer-stecklinge\/#breadcrumb","itemListElement":[{"@type":"ListItem","position":1,"name":"Home","item":"https:\/\/trendsandvision.nl\/de\/"},{"@type":"ListItem","position":2,"name":"Gesch\u00e4ft","item":"https:\/\/trendsandvision.nl\/de\/geschaft\/"},{"@type":"ListItem","position":3,"name":"Esschert Design Messer f\u00fcr Stecklinge"}]},{"@type":"WebSite","@id":"https:\/\/trendsandvision.nl\/de\/#website","url":"https:\/\/trendsandvision.nl\/de\/","name":"Trends &amp; Vision (DE)","description":"Der Webshop f\u00fcr Esschert Design Artikel","publisher":{"@id":"https:\/\/trendsandvision.nl\/de\/#organization"},"potentialAction":[{"@type":"SearchAction","target":{"@type":"EntryPoint","urlTemplate":"https:\/\/trendsandvision.nl\/de\/?s={search_term_string}"},"query-input":{"@type":"PropertyValueSpecification","valueRequired":true,"valueName":"search_term_string"}}],"inLanguage":"de"},{"@type":"Organization","@id":"https:\/\/trendsandvision.nl\/de\/#organization","name":"Trends &amp; Vision (DE)","url":"https:\/\/trendsandvision.nl\/de\/","logo":{"@type":"ImageObject","inLanguage":"de","@id":"https:\/\/trendsandvision.nl\/de\/#\/schema\/logo\/image\/","url":"https:\/\/trendsandvision.nl\/de\/wp-content\/uploads\/sites\/3\/2022\/04\/trends-and-vision-logo.jpg","contentUrl":"https:\/\/trendsandvision.nl\/de\/wp-content\/uploads\/sites\/3\/2022\/04\/trends-and-vision-logo.jpg","width":213,"height":100,"caption":"Trends &amp; Vision (DE)"},"image":{"@id":"https:\/\/trendsandvision.nl\/de\/#\/schema\/logo\/image\/"}}]}},"_links":{"self":[{"href":"https:\/\/trendsandvision.nl\/de\/wp-json\/wp\/v2\/product\/18513","targetHints":{"allow":["GET"]}}],"collection":[{"href":"https:\/\/trendsandvision.nl\/de\/wp-json\/wp\/v2\/product"}],"about":[{"href":"https:\/\/trendsandvision.nl\/de\/wp-json\/wp\/v2\/types\/product"}],"wp:featuredmedia":[{"embeddable":true,"href":"https:\/\/trendsandvision.nl\/de\/wp-json\/wp\/v2\/media\/18514"}],"wp:attachment":[{"href":"https:\/\/trendsandvision.nl\/de\/wp-json\/wp\/v2\/media?parent=18513"}],"wp:term":[{"taxonomy":"product_brand","embeddable":true,"href":"https:\/\/trendsandvision.nl\/de\/wp-json\/wp\/v2\/product_brand?post=18513"},{"taxonomy":"product_cat","embeddable":true,"href":"https:\/\/trendsandvision.nl\/de\/wp-json\/wp\/v2\/product_cat?post=18513"},{"taxonomy":"product_tag","embeddable":true,"href":"https:\/\/trendsandvision.nl\/de\/wp-json\/wp\/v2\/product_tag?post=18513"}],"curies":[{"name":"wp","href":"https:\/\/api.w.org\/{rel}","templated":true}]}}