{"id":18498,"date":"2024-12-22T08:43:19","date_gmt":"2024-12-22T07:43:19","guid":{"rendered":"https:\/\/trendsandvision.nl\/de\/product\/esschert-design-nagelbuerste-mit-bimsstein\/"},"modified":"2026-04-07T10:34:38","modified_gmt":"2026-04-07T08:34:38","slug":"esschert-design-nagelbuerste-mit-bimsstein","status":"publish","type":"product","link":"https:\/\/trendsandvision.nl\/de\/product\/esschert-design-nagelbuerste-mit-bimsstein\/","title":{"rendered":"Esschert Design Nagelb\u00fcrste mit Bimsstein"},"content":{"rendered":"<p>Esschert Design Nagelb\u00fcrste mit Bimsstein.<br \/>\nNach einem Tag im Garten geh\u00f6ren <strong><a href=\"https:\/\/trendsandvision.nl\/de\/?s=pers\u00f6nliche+pflege&amp;post_type=product&amp;dgwt_wcas=1\">schmutzige H\u00e4nde<\/a><\/strong> und Dreck unter den N\u00e4geln der Vergangenheit an!<br \/>\nDie B\u00fcrste entfernt m\u00fchelos den Schmutz unter den N\u00e4geln, w\u00e4hrend der Bimsstein die Haut sanft und glatt macht.<br \/>\nKompakt und einfach zu verwenden. Zuerst die B\u00fcrste zum Entfernen des Schmutzes nutzen, dann einfach umdrehen und die Haut mit dem Bimsstein pflegen.<\/p>\n<p>Artikelnummer GT358<br \/>\nProduktgruppe(n) Garten &amp; Terrasse, Gartenger\u00e4te, Reinigungstools, Kultivierung, Werkzeuge, Pers\u00f6nliche Pflege<br \/>\nProduktabmessungen in cm L 9,7 x T 3,9 x H 4,2<br \/>\nMaterial Bimsstein, Schima-Superba-Holz, Schweineborsten, Baumwolle<br \/>\nNettogewicht 0,05 kg<br \/>\nBarcode 8714982273834<br \/>\nFSC\u00ae 100%<br \/>\nProduzent <a href=\"https:\/\/www.esschertdesign.com\/shop\/de\/nagelborstel-met-puimsteen-gt358\" target=\"_blank\">Esschert Design<\/a><\/p>\n","protected":false},"excerpt":{"rendered":"<p>L 9,7 x T 3,9 x H 4,2 cm<br \/>\nZwei-in-eins-Funktion<br \/>\nEffektive Schmutzentfernung &amp; Handreinigung<br \/>\nKompakt &amp; handlich<br \/>\nBimsstein, Schima-Superba-Holz,<br \/>\nSchweineborsten, Baumwolle<br \/>\nNettogewicht 0,05 kg<br \/>\nBarcode 8714982273834<br \/>\nFSC\u00ae 100%<\/p>\n","protected":false},"featured_media":18499,"template":"","meta":[],"product_brand":[9597,9598],"product_cat":[751],"product_tag":[7830,7831,7478,7302],"class_list":{"0":"post-18498","1":"product","2":"type-product","3":"status-publish","4":"has-post-thumbnail","6":"product_brand-esschert-design","7":"product_brand-trends-and-vision","8":"product_cat-garden-tools","9":"product_tag-bimsstein","10":"product_tag-nagelbuersten","11":"product_tag-persoenliche-pflege","12":"product_tag-reinigung","13":"pa_anbieter-esschert-design","14":"pa_ean-code-7676","16":"first","17":"instock","18":"sale","19":"taxable","20":"shipping-taxable","21":"purchasable","22":"product-type-simple","23":"czr-hentry"},"yoast_head":"<!-- This site is optimized with the Yoast SEO Premium plugin v26.4 (Yoast SEO v27.3) - https:\/\/yoast.com\/product\/yoast-seo-premium-wordpress\/ -->\n<title>Esschert Design Nagelb\u00fcrste mit Bimsstein (GT358 )<\/title>\n<meta name=\"description\" content=\"Esschert Design Nagelb\u00fcrste mit Bimsstein (GT358 8714982273834) cm L 9,7 x T 3,9 x H 4,2,Material (sehe Umschreibung)Nettogewicht 0,05 kg FSC\u00ae 100%\" \/>\n<meta name=\"robots\" content=\"index, follow, max-snippet:-1, max-image-preview:large, max-video-preview:-1\" \/>\n<link rel=\"canonical\" href=\"https:\/\/trendsandvision.nl\/de\/product\/esschert-design-nagelbuerste-mit-bimsstein\/\" \/>\n<meta property=\"og:locale\" content=\"de_DE\" \/>\n<meta property=\"og:type\" content=\"article\" \/>\n<meta property=\"og:title\" content=\"Esschert Design Nagelb\u00fcrste mit Bimsstein\" \/>\n<meta property=\"og:description\" content=\"Esschert Design Nagelb\u00fcrste mit Bimsstein (GT358 8714982273834) cm L 9,7 x T 3,9 x H 4,2,Material (sehe Umschreibung)Nettogewicht 0,05 kg FSC\u00ae 100%\" \/>\n<meta property=\"og:url\" content=\"https:\/\/trendsandvision.nl\/de\/product\/esschert-design-nagelbuerste-mit-bimsstein\/\" \/>\n<meta property=\"og:site_name\" content=\"Trends &amp; Vision (DE)\" \/>\n<meta property=\"article:modified_time\" content=\"2026-04-07T08:34:38+00:00\" \/>\n<meta property=\"og:image\" content=\"https:\/\/trendsandvision.nl\/de\/wp-content\/uploads\/sites\/3\/2024\/12\/GT358_01.jpg\" \/>\n\t<meta property=\"og:image:width\" content=\"800\" \/>\n\t<meta property=\"og:image:height\" content=\"800\" \/>\n\t<meta property=\"og:image:type\" content=\"image\/jpeg\" \/>\n<meta name=\"twitter:card\" content=\"summary_large_image\" \/>\n<meta name=\"twitter:label1\" content=\"Gesch\u00e4tzte Lesezeit\" \/>\n\t<meta name=\"twitter:data1\" content=\"1\u00a0Minute\" \/>\n<script type=\"application\/ld+json\" class=\"yoast-schema-graph\">{\"@context\":\"https:\\\/\\\/schema.org\",\"@graph\":[{\"@type\":\"WebPage\",\"@id\":\"https:\\\/\\\/trendsandvision.nl\\\/de\\\/product\\\/esschert-design-nagelbuerste-mit-bimsstein\\\/\",\"url\":\"https:\\\/\\\/trendsandvision.nl\\\/de\\\/product\\\/esschert-design-nagelbuerste-mit-bimsstein\\\/\",\"name\":\"Esschert Design Nagelb\u00fcrste mit Bimsstein (GT358 )\",\"isPartOf\":{\"@id\":\"https:\\\/\\\/trendsandvision.nl\\\/de\\\/#website\"},\"primaryImageOfPage\":{\"@id\":\"https:\\\/\\\/trendsandvision.nl\\\/de\\\/product\\\/esschert-design-nagelbuerste-mit-bimsstein\\\/#primaryimage\"},\"image\":{\"@id\":\"https:\\\/\\\/trendsandvision.nl\\\/de\\\/product\\\/esschert-design-nagelbuerste-mit-bimsstein\\\/#primaryimage\"},\"thumbnailUrl\":\"https:\\\/\\\/trendsandvision.nl\\\/de\\\/wp-content\\\/uploads\\\/sites\\\/3\\\/2024\\\/12\\\/GT358_01.jpg\",\"datePublished\":\"2024-12-22T07:43:19+00:00\",\"dateModified\":\"2026-04-07T08:34:38+00:00\",\"description\":\"Esschert Design Nagelb\u00fcrste mit Bimsstein (GT358 8714982273834) cm L 9,7 x T 3,9 x H 4,2,Material (sehe Umschreibung)Nettogewicht 0,05 kg FSC\u00ae 100%\",\"breadcrumb\":{\"@id\":\"https:\\\/\\\/trendsandvision.nl\\\/de\\\/product\\\/esschert-design-nagelbuerste-mit-bimsstein\\\/#breadcrumb\"},\"inLanguage\":\"de\",\"potentialAction\":[{\"@type\":\"ReadAction\",\"target\":[\"https:\\\/\\\/trendsandvision.nl\\\/de\\\/product\\\/esschert-design-nagelbuerste-mit-bimsstein\\\/\"]}]},{\"@type\":\"ImageObject\",\"inLanguage\":\"de\",\"@id\":\"https:\\\/\\\/trendsandvision.nl\\\/de\\\/product\\\/esschert-design-nagelbuerste-mit-bimsstein\\\/#primaryimage\",\"url\":\"https:\\\/\\\/trendsandvision.nl\\\/de\\\/wp-content\\\/uploads\\\/sites\\\/3\\\/2024\\\/12\\\/GT358_01.jpg\",\"contentUrl\":\"https:\\\/\\\/trendsandvision.nl\\\/de\\\/wp-content\\\/uploads\\\/sites\\\/3\\\/2024\\\/12\\\/GT358_01.jpg\",\"width\":800,\"height\":800,\"caption\":\"Trends and Vision Nagelb\u00fcrste mit Bimsstein (GT358 8714982273834) cm L 9,7 x T 3,9 x H 4,2,Material (sehe Umschreibung)Nettogewicht 0,05 kg FSC\u00ae 100%\"},{\"@type\":\"BreadcrumbList\",\"@id\":\"https:\\\/\\\/trendsandvision.nl\\\/de\\\/product\\\/esschert-design-nagelbuerste-mit-bimsstein\\\/#breadcrumb\",\"itemListElement\":[{\"@type\":\"ListItem\",\"position\":1,\"name\":\"Home\",\"item\":\"https:\\\/\\\/trendsandvision.nl\\\/de\\\/\"},{\"@type\":\"ListItem\",\"position\":2,\"name\":\"Gesch\u00e4ft\",\"item\":\"https:\\\/\\\/trendsandvision.nl\\\/de\\\/geschaft\\\/\"},{\"@type\":\"ListItem\",\"position\":3,\"name\":\"Esschert Design Nagelb\u00fcrste mit Bimsstein\"}]},{\"@type\":\"WebSite\",\"@id\":\"https:\\\/\\\/trendsandvision.nl\\\/de\\\/#website\",\"url\":\"https:\\\/\\\/trendsandvision.nl\\\/de\\\/\",\"name\":\"Trends &amp; Vision (DE)\",\"description\":\"Der Webshop f\u00fcr Esschert Design Artikel\",\"publisher\":{\"@id\":\"https:\\\/\\\/trendsandvision.nl\\\/de\\\/#organization\"},\"potentialAction\":[{\"@type\":\"SearchAction\",\"target\":{\"@type\":\"EntryPoint\",\"urlTemplate\":\"https:\\\/\\\/trendsandvision.nl\\\/de\\\/?s={search_term_string}\"},\"query-input\":{\"@type\":\"PropertyValueSpecification\",\"valueRequired\":true,\"valueName\":\"search_term_string\"}}],\"inLanguage\":\"de\"},{\"@type\":\"Organization\",\"@id\":\"https:\\\/\\\/trendsandvision.nl\\\/de\\\/#organization\",\"name\":\"Trends &amp; Vision (DE)\",\"url\":\"https:\\\/\\\/trendsandvision.nl\\\/de\\\/\",\"logo\":{\"@type\":\"ImageObject\",\"inLanguage\":\"de\",\"@id\":\"https:\\\/\\\/trendsandvision.nl\\\/de\\\/#\\\/schema\\\/logo\\\/image\\\/\",\"url\":\"https:\\\/\\\/trendsandvision.nl\\\/de\\\/wp-content\\\/uploads\\\/sites\\\/3\\\/2022\\\/04\\\/trends-and-vision-logo.jpg\",\"contentUrl\":\"https:\\\/\\\/trendsandvision.nl\\\/de\\\/wp-content\\\/uploads\\\/sites\\\/3\\\/2022\\\/04\\\/trends-and-vision-logo.jpg\",\"width\":213,\"height\":100,\"caption\":\"Trends &amp; Vision (DE)\"},\"image\":{\"@id\":\"https:\\\/\\\/trendsandvision.nl\\\/de\\\/#\\\/schema\\\/logo\\\/image\\\/\"}}]}<\/script>\n<!-- \/ Yoast SEO Premium plugin. -->","yoast_head_json":{"title":"Esschert Design Nagelb\u00fcrste mit Bimsstein (GT358 )","description":"Esschert Design Nagelb\u00fcrste mit Bimsstein (GT358 8714982273834) cm L 9,7 x T 3,9 x H 4,2,Material (sehe Umschreibung)Nettogewicht 0,05 kg FSC\u00ae 100%","robots":{"index":"index","follow":"follow","max-snippet":"max-snippet:-1","max-image-preview":"max-image-preview:large","max-video-preview":"max-video-preview:-1"},"canonical":"https:\/\/trendsandvision.nl\/de\/product\/esschert-design-nagelbuerste-mit-bimsstein\/","og_locale":"de_DE","og_type":"article","og_title":"Esschert Design Nagelb\u00fcrste mit Bimsstein","og_description":"Esschert Design Nagelb\u00fcrste mit Bimsstein (GT358 8714982273834) cm L 9,7 x T 3,9 x H 4,2,Material (sehe Umschreibung)Nettogewicht 0,05 kg FSC\u00ae 100%","og_url":"https:\/\/trendsandvision.nl\/de\/product\/esschert-design-nagelbuerste-mit-bimsstein\/","og_site_name":"Trends &amp; Vision (DE)","article_modified_time":"2026-04-07T08:34:38+00:00","og_image":[{"width":800,"height":800,"url":"https:\/\/trendsandvision.nl\/de\/wp-content\/uploads\/sites\/3\/2024\/12\/GT358_01.jpg","type":"image\/jpeg"}],"twitter_card":"summary_large_image","twitter_misc":{"Gesch\u00e4tzte Lesezeit":"1\u00a0Minute"},"schema":{"@context":"https:\/\/schema.org","@graph":[{"@type":"WebPage","@id":"https:\/\/trendsandvision.nl\/de\/product\/esschert-design-nagelbuerste-mit-bimsstein\/","url":"https:\/\/trendsandvision.nl\/de\/product\/esschert-design-nagelbuerste-mit-bimsstein\/","name":"Esschert Design Nagelb\u00fcrste mit Bimsstein (GT358 )","isPartOf":{"@id":"https:\/\/trendsandvision.nl\/de\/#website"},"primaryImageOfPage":{"@id":"https:\/\/trendsandvision.nl\/de\/product\/esschert-design-nagelbuerste-mit-bimsstein\/#primaryimage"},"image":{"@id":"https:\/\/trendsandvision.nl\/de\/product\/esschert-design-nagelbuerste-mit-bimsstein\/#primaryimage"},"thumbnailUrl":"https:\/\/trendsandvision.nl\/de\/wp-content\/uploads\/sites\/3\/2024\/12\/GT358_01.jpg","datePublished":"2024-12-22T07:43:19+00:00","dateModified":"2026-04-07T08:34:38+00:00","description":"Esschert Design Nagelb\u00fcrste mit Bimsstein (GT358 8714982273834) cm L 9,7 x T 3,9 x H 4,2,Material (sehe Umschreibung)Nettogewicht 0,05 kg FSC\u00ae 100%","breadcrumb":{"@id":"https:\/\/trendsandvision.nl\/de\/product\/esschert-design-nagelbuerste-mit-bimsstein\/#breadcrumb"},"inLanguage":"de","potentialAction":[{"@type":"ReadAction","target":["https:\/\/trendsandvision.nl\/de\/product\/esschert-design-nagelbuerste-mit-bimsstein\/"]}]},{"@type":"ImageObject","inLanguage":"de","@id":"https:\/\/trendsandvision.nl\/de\/product\/esschert-design-nagelbuerste-mit-bimsstein\/#primaryimage","url":"https:\/\/trendsandvision.nl\/de\/wp-content\/uploads\/sites\/3\/2024\/12\/GT358_01.jpg","contentUrl":"https:\/\/trendsandvision.nl\/de\/wp-content\/uploads\/sites\/3\/2024\/12\/GT358_01.jpg","width":800,"height":800,"caption":"Trends and Vision Nagelb\u00fcrste mit Bimsstein (GT358 8714982273834) cm L 9,7 x T 3,9 x H 4,2,Material (sehe Umschreibung)Nettogewicht 0,05 kg FSC\u00ae 100%"},{"@type":"BreadcrumbList","@id":"https:\/\/trendsandvision.nl\/de\/product\/esschert-design-nagelbuerste-mit-bimsstein\/#breadcrumb","itemListElement":[{"@type":"ListItem","position":1,"name":"Home","item":"https:\/\/trendsandvision.nl\/de\/"},{"@type":"ListItem","position":2,"name":"Gesch\u00e4ft","item":"https:\/\/trendsandvision.nl\/de\/geschaft\/"},{"@type":"ListItem","position":3,"name":"Esschert Design Nagelb\u00fcrste mit Bimsstein"}]},{"@type":"WebSite","@id":"https:\/\/trendsandvision.nl\/de\/#website","url":"https:\/\/trendsandvision.nl\/de\/","name":"Trends &amp; Vision (DE)","description":"Der Webshop f\u00fcr Esschert Design Artikel","publisher":{"@id":"https:\/\/trendsandvision.nl\/de\/#organization"},"potentialAction":[{"@type":"SearchAction","target":{"@type":"EntryPoint","urlTemplate":"https:\/\/trendsandvision.nl\/de\/?s={search_term_string}"},"query-input":{"@type":"PropertyValueSpecification","valueRequired":true,"valueName":"search_term_string"}}],"inLanguage":"de"},{"@type":"Organization","@id":"https:\/\/trendsandvision.nl\/de\/#organization","name":"Trends &amp; Vision (DE)","url":"https:\/\/trendsandvision.nl\/de\/","logo":{"@type":"ImageObject","inLanguage":"de","@id":"https:\/\/trendsandvision.nl\/de\/#\/schema\/logo\/image\/","url":"https:\/\/trendsandvision.nl\/de\/wp-content\/uploads\/sites\/3\/2022\/04\/trends-and-vision-logo.jpg","contentUrl":"https:\/\/trendsandvision.nl\/de\/wp-content\/uploads\/sites\/3\/2022\/04\/trends-and-vision-logo.jpg","width":213,"height":100,"caption":"Trends &amp; Vision (DE)"},"image":{"@id":"https:\/\/trendsandvision.nl\/de\/#\/schema\/logo\/image\/"}}]}},"_links":{"self":[{"href":"https:\/\/trendsandvision.nl\/de\/wp-json\/wp\/v2\/product\/18498","targetHints":{"allow":["GET"]}}],"collection":[{"href":"https:\/\/trendsandvision.nl\/de\/wp-json\/wp\/v2\/product"}],"about":[{"href":"https:\/\/trendsandvision.nl\/de\/wp-json\/wp\/v2\/types\/product"}],"wp:featuredmedia":[{"embeddable":true,"href":"https:\/\/trendsandvision.nl\/de\/wp-json\/wp\/v2\/media\/18499"}],"wp:attachment":[{"href":"https:\/\/trendsandvision.nl\/de\/wp-json\/wp\/v2\/media?parent=18498"}],"wp:term":[{"taxonomy":"product_brand","embeddable":true,"href":"https:\/\/trendsandvision.nl\/de\/wp-json\/wp\/v2\/product_brand?post=18498"},{"taxonomy":"product_cat","embeddable":true,"href":"https:\/\/trendsandvision.nl\/de\/wp-json\/wp\/v2\/product_cat?post=18498"},{"taxonomy":"product_tag","embeddable":true,"href":"https:\/\/trendsandvision.nl\/de\/wp-json\/wp\/v2\/product_tag?post=18498"}],"curies":[{"name":"wp","href":"https:\/\/api.w.org\/{rel}","templated":true}]}}