{"id":18487,"date":"2024-12-22T08:43:13","date_gmt":"2024-12-22T07:43:13","guid":{"rendered":"https:\/\/trendsandvision.nl\/de\/product\/esschert-design-gartengeraeteschuerze-aus-pu-leder\/"},"modified":"2026-04-07T10:34:28","modified_gmt":"2026-04-07T08:34:28","slug":"esschert-design-gartengeraeteschuerze-aus-pu-leder","status":"publish","type":"product","link":"https:\/\/trendsandvision.nl\/de\/product\/esschert-design-gartengeraeteschuerze-aus-pu-leder\/","title":{"rendered":"Esschert Design Gartenger\u00e4tesch\u00fcrze aus PU-Leder"},"content":{"rendered":"<p>Esschert Design Gartenger\u00e4tesch\u00fcrze aus PU-Leder.<br \/>\nDiese Gartenger\u00e4te-Sch\u00fcrze aus PU-Leder ist eine funktionale und stilvolle Erg\u00e4nzung f\u00fcr jedes Gartensortiment.<br \/>\nMit mehreren F\u00e4chern bietet die Sch\u00fcrze Platz f\u00fcr verschiedene Werkzeuge.<br \/>\nDas PU-Leder verleiht der Sch\u00fcrze ein edles Aussehen und ist leicht zu reinigen.<br \/>\nDank der verstellbaren B\u00e4nder ist die Sch\u00fcrze f\u00fcr jeden Benutzer bequem.<br \/>\nMit verschiedene handliche Taschen, die Sch\u00fcrze ist auch gut f\u00fcr Outdoor Coocking geeignet.<\/p>\n<p>Artikelnummer GT344<br \/>\nProduktgruppe(n)<br \/>\nGarten&amp;Terrasse, Gartenger\u00e4te, Praktisches Zubeh\u00f6r, Multifunktionelles Textil, Kultivierung, Werkzeuge, Arbeitskleidung<br \/>\nProduktabmessungen in cm L 64,5 x T 0,5 x H 82,5<br \/>\nMaterial 70% PU Kunstleder, 30% Polyester<br \/>\nNettogewicht 0,441 kg<br \/>\nBarcode 8714982259210<br \/>\nProduzent <a href=\"https:\/\/www.esschertdesign.com\/shop\/de\/tuingereedschapschort-pu-leer-gt344\" target=\"_blank\">Esschert Design<\/a><\/p>\n","protected":false},"excerpt":{"rendered":"<p>L 64,5 x T 0,5 x H 82,5 cm<br \/>\n70% PU Kunstleder, 30% Polyester<br \/>\nNettogewicht 0,441 kg<br \/>\nBarcode 8714982259210<\/p>\n","protected":false},"featured_media":18488,"template":"","meta":[],"product_brand":[9597,9598],"product_cat":[751],"product_tag":[6755,7835,6742,7824,7836],"class_list":{"0":"post-18487","1":"product","2":"type-product","3":"status-publish","4":"has-post-thumbnail","6":"product_brand-esschert-design","7":"product_brand-trends-and-vision","8":"product_cat-garden-tools","9":"product_tag-gartengeraete","10":"product_tag-gartengeraeteschuerze","11":"product_tag-gartenschuerze","12":"product_tag-pu-leder","13":"product_tag-schuerze","14":"pa_anbieter-esschert-design","15":"pa_ean-code-7674","17":"first","18":"instock","19":"sale","20":"taxable","21":"shipping-taxable","22":"purchasable","23":"product-type-simple","24":"czr-hentry"},"yoast_head":"<!-- This site is optimized with the Yoast SEO Premium plugin v26.4 (Yoast SEO v27.4) - https:\/\/yoast.com\/product\/yoast-seo-premium-wordpress\/ -->\n<title>Esschert Design Gartenger\u00e4tesch\u00fcrze aus PU-Leder (GT344 )<\/title>\n<meta name=\"description\" content=\"Esschert Design Gartenger\u00e4tesch\u00fcrze aus PU-Leder (GT344 8714982259210)cm L 64,5 x T 0,5 x H 82,5, Material,Kunstleder, Polyester, Nettogewicht 0,441 kg\" \/>\n<meta name=\"robots\" content=\"index, follow, max-snippet:-1, max-image-preview:large, max-video-preview:-1\" \/>\n<link rel=\"canonical\" href=\"https:\/\/trendsandvision.nl\/de\/product\/esschert-design-gartengeraeteschuerze-aus-pu-leder\/\" \/>\n<meta property=\"og:locale\" content=\"de_DE\" \/>\n<meta property=\"og:type\" content=\"article\" \/>\n<meta property=\"og:title\" content=\"Esschert Design Gartenger\u00e4tesch\u00fcrze aus PU-Leder\" \/>\n<meta property=\"og:description\" content=\"Esschert Design Gartenger\u00e4tesch\u00fcrze aus PU-Leder (GT344 8714982259210)cm L 64,5 x T 0,5 x H 82,5, Material,Kunstleder, Polyester, Nettogewicht 0,441 kg\" \/>\n<meta property=\"og:url\" content=\"https:\/\/trendsandvision.nl\/de\/product\/esschert-design-gartengeraeteschuerze-aus-pu-leder\/\" \/>\n<meta property=\"og:site_name\" content=\"Trends &amp; Vision (DE)\" \/>\n<meta property=\"article:modified_time\" content=\"2026-04-07T08:34:28+00:00\" \/>\n<meta property=\"og:image\" content=\"https:\/\/trendsandvision.nl\/de\/wp-content\/uploads\/sites\/3\/2024\/12\/GT344_01.jpg\" \/>\n\t<meta property=\"og:image:width\" content=\"800\" \/>\n\t<meta property=\"og:image:height\" content=\"800\" \/>\n\t<meta property=\"og:image:type\" content=\"image\/jpeg\" \/>\n<meta name=\"twitter:card\" content=\"summary_large_image\" \/>\n<meta name=\"twitter:label1\" content=\"Gesch\u00e4tzte Lesezeit\" \/>\n\t<meta name=\"twitter:data1\" content=\"1\u00a0Minute\" \/>\n<script type=\"application\/ld+json\" class=\"yoast-schema-graph\">{\"@context\":\"https:\\\/\\\/schema.org\",\"@graph\":[{\"@type\":\"WebPage\",\"@id\":\"https:\\\/\\\/trendsandvision.nl\\\/de\\\/product\\\/esschert-design-gartengeraeteschuerze-aus-pu-leder\\\/\",\"url\":\"https:\\\/\\\/trendsandvision.nl\\\/de\\\/product\\\/esschert-design-gartengeraeteschuerze-aus-pu-leder\\\/\",\"name\":\"Esschert Design Gartenger\u00e4tesch\u00fcrze aus PU-Leder (GT344 )\",\"isPartOf\":{\"@id\":\"https:\\\/\\\/trendsandvision.nl\\\/de\\\/#website\"},\"primaryImageOfPage\":{\"@id\":\"https:\\\/\\\/trendsandvision.nl\\\/de\\\/product\\\/esschert-design-gartengeraeteschuerze-aus-pu-leder\\\/#primaryimage\"},\"image\":{\"@id\":\"https:\\\/\\\/trendsandvision.nl\\\/de\\\/product\\\/esschert-design-gartengeraeteschuerze-aus-pu-leder\\\/#primaryimage\"},\"thumbnailUrl\":\"https:\\\/\\\/trendsandvision.nl\\\/de\\\/wp-content\\\/uploads\\\/sites\\\/3\\\/2024\\\/12\\\/GT344_01.jpg\",\"datePublished\":\"2024-12-22T07:43:13+00:00\",\"dateModified\":\"2026-04-07T08:34:28+00:00\",\"description\":\"Esschert Design Gartenger\u00e4tesch\u00fcrze aus PU-Leder (GT344 8714982259210)cm L 64,5 x T 0,5 x H 82,5, Material,Kunstleder, Polyester, Nettogewicht 0,441 kg\",\"breadcrumb\":{\"@id\":\"https:\\\/\\\/trendsandvision.nl\\\/de\\\/product\\\/esschert-design-gartengeraeteschuerze-aus-pu-leder\\\/#breadcrumb\"},\"inLanguage\":\"de\",\"potentialAction\":[{\"@type\":\"ReadAction\",\"target\":[\"https:\\\/\\\/trendsandvision.nl\\\/de\\\/product\\\/esschert-design-gartengeraeteschuerze-aus-pu-leder\\\/\"]}]},{\"@type\":\"ImageObject\",\"inLanguage\":\"de\",\"@id\":\"https:\\\/\\\/trendsandvision.nl\\\/de\\\/product\\\/esschert-design-gartengeraeteschuerze-aus-pu-leder\\\/#primaryimage\",\"url\":\"https:\\\/\\\/trendsandvision.nl\\\/de\\\/wp-content\\\/uploads\\\/sites\\\/3\\\/2024\\\/12\\\/GT344_01.jpg\",\"contentUrl\":\"https:\\\/\\\/trendsandvision.nl\\\/de\\\/wp-content\\\/uploads\\\/sites\\\/3\\\/2024\\\/12\\\/GT344_01.jpg\",\"width\":800,\"height\":800,\"caption\":\"Trends and Vision Gartenger\u00e4tesch\u00fcrze aus PU-Leder (GT344 8714982259210)cm L 64,5 x T 0,5 x H 82,5, Material,Kunstleder, Polyester, Nettogewicht 0,441 kg\"},{\"@type\":\"BreadcrumbList\",\"@id\":\"https:\\\/\\\/trendsandvision.nl\\\/de\\\/product\\\/esschert-design-gartengeraeteschuerze-aus-pu-leder\\\/#breadcrumb\",\"itemListElement\":[{\"@type\":\"ListItem\",\"position\":1,\"name\":\"Home\",\"item\":\"https:\\\/\\\/trendsandvision.nl\\\/de\\\/\"},{\"@type\":\"ListItem\",\"position\":2,\"name\":\"Gesch\u00e4ft\",\"item\":\"https:\\\/\\\/trendsandvision.nl\\\/de\\\/geschaft\\\/\"},{\"@type\":\"ListItem\",\"position\":3,\"name\":\"Esschert Design Gartenger\u00e4tesch\u00fcrze aus PU-Leder\"}]},{\"@type\":\"WebSite\",\"@id\":\"https:\\\/\\\/trendsandvision.nl\\\/de\\\/#website\",\"url\":\"https:\\\/\\\/trendsandvision.nl\\\/de\\\/\",\"name\":\"Trends &amp; Vision (DE)\",\"description\":\"Der Webshop f\u00fcr Esschert Design Artikel\",\"publisher\":{\"@id\":\"https:\\\/\\\/trendsandvision.nl\\\/de\\\/#organization\"},\"potentialAction\":[{\"@type\":\"SearchAction\",\"target\":{\"@type\":\"EntryPoint\",\"urlTemplate\":\"https:\\\/\\\/trendsandvision.nl\\\/de\\\/?s={search_term_string}\"},\"query-input\":{\"@type\":\"PropertyValueSpecification\",\"valueRequired\":true,\"valueName\":\"search_term_string\"}}],\"inLanguage\":\"de\"},{\"@type\":\"Organization\",\"@id\":\"https:\\\/\\\/trendsandvision.nl\\\/de\\\/#organization\",\"name\":\"Trends &amp; Vision (DE)\",\"url\":\"https:\\\/\\\/trendsandvision.nl\\\/de\\\/\",\"logo\":{\"@type\":\"ImageObject\",\"inLanguage\":\"de\",\"@id\":\"https:\\\/\\\/trendsandvision.nl\\\/de\\\/#\\\/schema\\\/logo\\\/image\\\/\",\"url\":\"https:\\\/\\\/trendsandvision.nl\\\/de\\\/wp-content\\\/uploads\\\/sites\\\/3\\\/2022\\\/04\\\/trends-and-vision-logo.jpg\",\"contentUrl\":\"https:\\\/\\\/trendsandvision.nl\\\/de\\\/wp-content\\\/uploads\\\/sites\\\/3\\\/2022\\\/04\\\/trends-and-vision-logo.jpg\",\"width\":213,\"height\":100,\"caption\":\"Trends &amp; Vision (DE)\"},\"image\":{\"@id\":\"https:\\\/\\\/trendsandvision.nl\\\/de\\\/#\\\/schema\\\/logo\\\/image\\\/\"}}]}<\/script>\n<!-- \/ Yoast SEO Premium plugin. -->","yoast_head_json":{"title":"Esschert Design Gartenger\u00e4tesch\u00fcrze aus PU-Leder (GT344 )","description":"Esschert Design Gartenger\u00e4tesch\u00fcrze aus PU-Leder (GT344 8714982259210)cm L 64,5 x T 0,5 x H 82,5, Material,Kunstleder, Polyester, Nettogewicht 0,441 kg","robots":{"index":"index","follow":"follow","max-snippet":"max-snippet:-1","max-image-preview":"max-image-preview:large","max-video-preview":"max-video-preview:-1"},"canonical":"https:\/\/trendsandvision.nl\/de\/product\/esschert-design-gartengeraeteschuerze-aus-pu-leder\/","og_locale":"de_DE","og_type":"article","og_title":"Esschert Design Gartenger\u00e4tesch\u00fcrze aus PU-Leder","og_description":"Esschert Design Gartenger\u00e4tesch\u00fcrze aus PU-Leder (GT344 8714982259210)cm L 64,5 x T 0,5 x H 82,5, Material,Kunstleder, Polyester, Nettogewicht 0,441 kg","og_url":"https:\/\/trendsandvision.nl\/de\/product\/esschert-design-gartengeraeteschuerze-aus-pu-leder\/","og_site_name":"Trends &amp; Vision (DE)","article_modified_time":"2026-04-07T08:34:28+00:00","og_image":[{"width":800,"height":800,"url":"https:\/\/trendsandvision.nl\/de\/wp-content\/uploads\/sites\/3\/2024\/12\/GT344_01.jpg","type":"image\/jpeg"}],"twitter_card":"summary_large_image","twitter_misc":{"Gesch\u00e4tzte Lesezeit":"1\u00a0Minute"},"schema":{"@context":"https:\/\/schema.org","@graph":[{"@type":"WebPage","@id":"https:\/\/trendsandvision.nl\/de\/product\/esschert-design-gartengeraeteschuerze-aus-pu-leder\/","url":"https:\/\/trendsandvision.nl\/de\/product\/esschert-design-gartengeraeteschuerze-aus-pu-leder\/","name":"Esschert Design Gartenger\u00e4tesch\u00fcrze aus PU-Leder (GT344 )","isPartOf":{"@id":"https:\/\/trendsandvision.nl\/de\/#website"},"primaryImageOfPage":{"@id":"https:\/\/trendsandvision.nl\/de\/product\/esschert-design-gartengeraeteschuerze-aus-pu-leder\/#primaryimage"},"image":{"@id":"https:\/\/trendsandvision.nl\/de\/product\/esschert-design-gartengeraeteschuerze-aus-pu-leder\/#primaryimage"},"thumbnailUrl":"https:\/\/trendsandvision.nl\/de\/wp-content\/uploads\/sites\/3\/2024\/12\/GT344_01.jpg","datePublished":"2024-12-22T07:43:13+00:00","dateModified":"2026-04-07T08:34:28+00:00","description":"Esschert Design Gartenger\u00e4tesch\u00fcrze aus PU-Leder (GT344 8714982259210)cm L 64,5 x T 0,5 x H 82,5, Material,Kunstleder, Polyester, Nettogewicht 0,441 kg","breadcrumb":{"@id":"https:\/\/trendsandvision.nl\/de\/product\/esschert-design-gartengeraeteschuerze-aus-pu-leder\/#breadcrumb"},"inLanguage":"de","potentialAction":[{"@type":"ReadAction","target":["https:\/\/trendsandvision.nl\/de\/product\/esschert-design-gartengeraeteschuerze-aus-pu-leder\/"]}]},{"@type":"ImageObject","inLanguage":"de","@id":"https:\/\/trendsandvision.nl\/de\/product\/esschert-design-gartengeraeteschuerze-aus-pu-leder\/#primaryimage","url":"https:\/\/trendsandvision.nl\/de\/wp-content\/uploads\/sites\/3\/2024\/12\/GT344_01.jpg","contentUrl":"https:\/\/trendsandvision.nl\/de\/wp-content\/uploads\/sites\/3\/2024\/12\/GT344_01.jpg","width":800,"height":800,"caption":"Trends and Vision Gartenger\u00e4tesch\u00fcrze aus PU-Leder (GT344 8714982259210)cm L 64,5 x T 0,5 x H 82,5, Material,Kunstleder, Polyester, Nettogewicht 0,441 kg"},{"@type":"BreadcrumbList","@id":"https:\/\/trendsandvision.nl\/de\/product\/esschert-design-gartengeraeteschuerze-aus-pu-leder\/#breadcrumb","itemListElement":[{"@type":"ListItem","position":1,"name":"Home","item":"https:\/\/trendsandvision.nl\/de\/"},{"@type":"ListItem","position":2,"name":"Gesch\u00e4ft","item":"https:\/\/trendsandvision.nl\/de\/geschaft\/"},{"@type":"ListItem","position":3,"name":"Esschert Design Gartenger\u00e4tesch\u00fcrze aus PU-Leder"}]},{"@type":"WebSite","@id":"https:\/\/trendsandvision.nl\/de\/#website","url":"https:\/\/trendsandvision.nl\/de\/","name":"Trends &amp; Vision (DE)","description":"Der Webshop f\u00fcr Esschert Design Artikel","publisher":{"@id":"https:\/\/trendsandvision.nl\/de\/#organization"},"potentialAction":[{"@type":"SearchAction","target":{"@type":"EntryPoint","urlTemplate":"https:\/\/trendsandvision.nl\/de\/?s={search_term_string}"},"query-input":{"@type":"PropertyValueSpecification","valueRequired":true,"valueName":"search_term_string"}}],"inLanguage":"de"},{"@type":"Organization","@id":"https:\/\/trendsandvision.nl\/de\/#organization","name":"Trends &amp; Vision (DE)","url":"https:\/\/trendsandvision.nl\/de\/","logo":{"@type":"ImageObject","inLanguage":"de","@id":"https:\/\/trendsandvision.nl\/de\/#\/schema\/logo\/image\/","url":"https:\/\/trendsandvision.nl\/de\/wp-content\/uploads\/sites\/3\/2022\/04\/trends-and-vision-logo.jpg","contentUrl":"https:\/\/trendsandvision.nl\/de\/wp-content\/uploads\/sites\/3\/2022\/04\/trends-and-vision-logo.jpg","width":213,"height":100,"caption":"Trends &amp; Vision (DE)"},"image":{"@id":"https:\/\/trendsandvision.nl\/de\/#\/schema\/logo\/image\/"}}]}},"_links":{"self":[{"href":"https:\/\/trendsandvision.nl\/de\/wp-json\/wp\/v2\/product\/18487","targetHints":{"allow":["GET"]}}],"collection":[{"href":"https:\/\/trendsandvision.nl\/de\/wp-json\/wp\/v2\/product"}],"about":[{"href":"https:\/\/trendsandvision.nl\/de\/wp-json\/wp\/v2\/types\/product"}],"wp:featuredmedia":[{"embeddable":true,"href":"https:\/\/trendsandvision.nl\/de\/wp-json\/wp\/v2\/media\/18488"}],"wp:attachment":[{"href":"https:\/\/trendsandvision.nl\/de\/wp-json\/wp\/v2\/media?parent=18487"}],"wp:term":[{"taxonomy":"product_brand","embeddable":true,"href":"https:\/\/trendsandvision.nl\/de\/wp-json\/wp\/v2\/product_brand?post=18487"},{"taxonomy":"product_cat","embeddable":true,"href":"https:\/\/trendsandvision.nl\/de\/wp-json\/wp\/v2\/product_cat?post=18487"},{"taxonomy":"product_tag","embeddable":true,"href":"https:\/\/trendsandvision.nl\/de\/wp-json\/wp\/v2\/product_tag?post=18487"}],"curies":[{"name":"wp","href":"https:\/\/api.w.org\/{rel}","templated":true}]}}