{"id":18477,"date":"2024-12-22T08:43:05","date_gmt":"2024-12-22T07:43:05","guid":{"rendered":"https:\/\/trendsandvision.nl\/de\/product\/esschert-design-bio-grillanzuender\/"},"modified":"2026-04-07T10:31:40","modified_gmt":"2026-04-07T08:31:40","slug":"esschert-design-bio-grillanzuender","status":"publish","type":"product","link":"https:\/\/trendsandvision.nl\/de\/product\/esschert-design-bio-grillanzuender\/","title":{"rendered":"Esschert Design Bio-Grillanz\u00fcnder"},"content":{"rendered":"<p>Esschert Design Bio-Grillanz\u00fcnder.<br \/>\nDieses Bio-Anz\u00fcndmittel ist eine sichere Methode, um Grill, Feuerschale oder Holzofen schnell zu entfachen. Es besteht aus nat\u00fcrlichen Rohstoffen, ist raucharm und geruchslos. Es brennt zuverl\u00e4ssig und kraftvoll \u2013 ganz ohne chemische Zus\u00e4tze.<\/p>\n<p>Artikelname Bio &#8211; Grillanz\u00fcnder<br \/>\nArtikelnummer FF969<br \/>\nProduktgruppe(n) Feuer, Zubeh\u00f6r<br \/>\nProduktabmessungen in cm L 7,5 x T 7,5 x H 24,3 \/ 750 ML<br \/>\nMaterial Kohlenwasserstoffe, C11-C14, N-Alkane, Isoalkane, Cyclene, &lt; 2% Aromaten.<br \/>\nNettogewicht 0,621 kg<br \/>\nBarcode 8714982283444<br \/>\nProduzent <a href=\"https:\/\/www.esschertdesign.com\/shop\/de\/bio-grill-aansteekmiddel-ff969\" target=\"_blank\">Esschert Design<\/a><\/p>\n","protected":false},"excerpt":{"rendered":"<p>L 7,5 x T 7,5 x H 24,3 cm<br \/>\nGeruchslos und raucharm<br \/>\nEntz\u00fcndet Holzkohle und Holz<br \/>\nMit praktischer Dosierkappe<br \/>\nNettogewicht 0,621 kg<br \/>\nBarcode 8714982283444<\/p>\n","protected":false},"featured_media":18478,"template":"","meta":[],"product_brand":[9597,9598],"product_cat":[1124],"product_tag":[7844,7315,7455,7316,7845],"class_list":{"0":"post-18477","1":"product","2":"type-product","3":"status-publish","4":"has-post-thumbnail","6":"product_brand-esschert-design","7":"product_brand-trends-and-vision","8":"product_cat-fancy-flames","9":"product_tag-anzuender","10":"product_tag-bbq","11":"product_tag-biologisch","12":"product_tag-grill","13":"product_tag-wiederverschliessbar","14":"pa_anbieter-esschert-design","15":"pa_ean-code-7671","17":"first","18":"instock","19":"sale","20":"taxable","21":"shipping-taxable","22":"purchasable","23":"product-type-simple","24":"czr-hentry"},"yoast_head":"<!-- This site is optimized with the Yoast SEO Premium plugin v26.4 (Yoast SEO v27.4) - https:\/\/yoast.com\/product\/yoast-seo-premium-wordpress\/ -->\n<title>Esschert Design Bio-Grillanz\u00fcnder (FF969 8714982283444)<\/title>\n<meta name=\"description\" content=\"Esschert Design Bio-Grillanz\u00fcnder (FF969 EAN 8714982283444) cm L 7,5 x T 7,5 x H 24,3 \/ 750 ML, Material (sehe Umschreibung) Gewicht 0,621 kg\" \/>\n<meta name=\"robots\" content=\"index, follow, max-snippet:-1, max-image-preview:large, max-video-preview:-1\" \/>\n<link rel=\"canonical\" href=\"https:\/\/trendsandvision.nl\/de\/product\/esschert-design-bio-grillanzuender\/\" \/>\n<meta property=\"og:locale\" content=\"de_DE\" \/>\n<meta property=\"og:type\" content=\"article\" \/>\n<meta property=\"og:title\" content=\"Esschert Design Bio-Grillanz\u00fcnder\" \/>\n<meta property=\"og:description\" content=\"Esschert Design Bio-Grillanz\u00fcnder (FF969 EAN 8714982283444) cm L 7,5 x T 7,5 x H 24,3 \/ 750 ML, Material (sehe Umschreibung) Gewicht 0,621 kg\" \/>\n<meta property=\"og:url\" content=\"https:\/\/trendsandvision.nl\/de\/product\/esschert-design-bio-grillanzuender\/\" \/>\n<meta property=\"og:site_name\" content=\"Trends &amp; Vision (DE)\" \/>\n<meta property=\"article:modified_time\" content=\"2026-04-07T08:31:40+00:00\" \/>\n<meta property=\"og:image\" content=\"https:\/\/trendsandvision.nl\/de\/wp-content\/uploads\/sites\/3\/2024\/12\/FF969_01.jpg\" \/>\n\t<meta property=\"og:image:width\" content=\"800\" \/>\n\t<meta property=\"og:image:height\" content=\"800\" \/>\n\t<meta property=\"og:image:type\" content=\"image\/jpeg\" \/>\n<meta name=\"twitter:card\" content=\"summary_large_image\" \/>\n<meta name=\"twitter:label1\" content=\"Gesch\u00e4tzte Lesezeit\" \/>\n\t<meta name=\"twitter:data1\" content=\"1\u00a0Minute\" \/>\n<script type=\"application\/ld+json\" class=\"yoast-schema-graph\">{\"@context\":\"https:\\\/\\\/schema.org\",\"@graph\":[{\"@type\":\"WebPage\",\"@id\":\"https:\\\/\\\/trendsandvision.nl\\\/de\\\/product\\\/esschert-design-bio-grillanzuender\\\/\",\"url\":\"https:\\\/\\\/trendsandvision.nl\\\/de\\\/product\\\/esschert-design-bio-grillanzuender\\\/\",\"name\":\"Esschert Design Bio-Grillanz\u00fcnder (FF969 8714982283444)\",\"isPartOf\":{\"@id\":\"https:\\\/\\\/trendsandvision.nl\\\/de\\\/#website\"},\"primaryImageOfPage\":{\"@id\":\"https:\\\/\\\/trendsandvision.nl\\\/de\\\/product\\\/esschert-design-bio-grillanzuender\\\/#primaryimage\"},\"image\":{\"@id\":\"https:\\\/\\\/trendsandvision.nl\\\/de\\\/product\\\/esschert-design-bio-grillanzuender\\\/#primaryimage\"},\"thumbnailUrl\":\"https:\\\/\\\/trendsandvision.nl\\\/de\\\/wp-content\\\/uploads\\\/sites\\\/3\\\/2024\\\/12\\\/FF969_01.jpg\",\"datePublished\":\"2024-12-22T07:43:05+00:00\",\"dateModified\":\"2026-04-07T08:31:40+00:00\",\"description\":\"Esschert Design Bio-Grillanz\u00fcnder (FF969 EAN 8714982283444) cm L 7,5 x T 7,5 x H 24,3 \\\/ 750 ML, Material (sehe Umschreibung) Gewicht 0,621 kg\",\"breadcrumb\":{\"@id\":\"https:\\\/\\\/trendsandvision.nl\\\/de\\\/product\\\/esschert-design-bio-grillanzuender\\\/#breadcrumb\"},\"inLanguage\":\"de\",\"potentialAction\":[{\"@type\":\"ReadAction\",\"target\":[\"https:\\\/\\\/trendsandvision.nl\\\/de\\\/product\\\/esschert-design-bio-grillanzuender\\\/\"]}]},{\"@type\":\"ImageObject\",\"inLanguage\":\"de\",\"@id\":\"https:\\\/\\\/trendsandvision.nl\\\/de\\\/product\\\/esschert-design-bio-grillanzuender\\\/#primaryimage\",\"url\":\"https:\\\/\\\/trendsandvision.nl\\\/de\\\/wp-content\\\/uploads\\\/sites\\\/3\\\/2024\\\/12\\\/FF969_01.jpg\",\"contentUrl\":\"https:\\\/\\\/trendsandvision.nl\\\/de\\\/wp-content\\\/uploads\\\/sites\\\/3\\\/2024\\\/12\\\/FF969_01.jpg\",\"width\":800,\"height\":800,\"caption\":\"Trends and Vision Bio-Grillanz\u00fcnder (FF969 EAN 8714982283444) cm L 7,5 x T 7,5 x H 24,3 \\\/ 750 ML, Material (sehe Umschreibung) Gewicht 0,621 kg\"},{\"@type\":\"BreadcrumbList\",\"@id\":\"https:\\\/\\\/trendsandvision.nl\\\/de\\\/product\\\/esschert-design-bio-grillanzuender\\\/#breadcrumb\",\"itemListElement\":[{\"@type\":\"ListItem\",\"position\":1,\"name\":\"Home\",\"item\":\"https:\\\/\\\/trendsandvision.nl\\\/de\\\/\"},{\"@type\":\"ListItem\",\"position\":2,\"name\":\"Gesch\u00e4ft\",\"item\":\"https:\\\/\\\/trendsandvision.nl\\\/de\\\/geschaft\\\/\"},{\"@type\":\"ListItem\",\"position\":3,\"name\":\"Esschert Design Bio-Grillanz\u00fcnder\"}]},{\"@type\":\"WebSite\",\"@id\":\"https:\\\/\\\/trendsandvision.nl\\\/de\\\/#website\",\"url\":\"https:\\\/\\\/trendsandvision.nl\\\/de\\\/\",\"name\":\"Trends &amp; Vision (DE)\",\"description\":\"Der Webshop f\u00fcr Esschert Design Artikel\",\"publisher\":{\"@id\":\"https:\\\/\\\/trendsandvision.nl\\\/de\\\/#organization\"},\"potentialAction\":[{\"@type\":\"SearchAction\",\"target\":{\"@type\":\"EntryPoint\",\"urlTemplate\":\"https:\\\/\\\/trendsandvision.nl\\\/de\\\/?s={search_term_string}\"},\"query-input\":{\"@type\":\"PropertyValueSpecification\",\"valueRequired\":true,\"valueName\":\"search_term_string\"}}],\"inLanguage\":\"de\"},{\"@type\":\"Organization\",\"@id\":\"https:\\\/\\\/trendsandvision.nl\\\/de\\\/#organization\",\"name\":\"Trends &amp; Vision (DE)\",\"url\":\"https:\\\/\\\/trendsandvision.nl\\\/de\\\/\",\"logo\":{\"@type\":\"ImageObject\",\"inLanguage\":\"de\",\"@id\":\"https:\\\/\\\/trendsandvision.nl\\\/de\\\/#\\\/schema\\\/logo\\\/image\\\/\",\"url\":\"https:\\\/\\\/trendsandvision.nl\\\/de\\\/wp-content\\\/uploads\\\/sites\\\/3\\\/2022\\\/04\\\/trends-and-vision-logo.jpg\",\"contentUrl\":\"https:\\\/\\\/trendsandvision.nl\\\/de\\\/wp-content\\\/uploads\\\/sites\\\/3\\\/2022\\\/04\\\/trends-and-vision-logo.jpg\",\"width\":213,\"height\":100,\"caption\":\"Trends &amp; Vision (DE)\"},\"image\":{\"@id\":\"https:\\\/\\\/trendsandvision.nl\\\/de\\\/#\\\/schema\\\/logo\\\/image\\\/\"}}]}<\/script>\n<!-- \/ Yoast SEO Premium plugin. -->","yoast_head_json":{"title":"Esschert Design Bio-Grillanz\u00fcnder (FF969 8714982283444)","description":"Esschert Design Bio-Grillanz\u00fcnder (FF969 EAN 8714982283444) cm L 7,5 x T 7,5 x H 24,3 \/ 750 ML, Material (sehe Umschreibung) Gewicht 0,621 kg","robots":{"index":"index","follow":"follow","max-snippet":"max-snippet:-1","max-image-preview":"max-image-preview:large","max-video-preview":"max-video-preview:-1"},"canonical":"https:\/\/trendsandvision.nl\/de\/product\/esschert-design-bio-grillanzuender\/","og_locale":"de_DE","og_type":"article","og_title":"Esschert Design Bio-Grillanz\u00fcnder","og_description":"Esschert Design Bio-Grillanz\u00fcnder (FF969 EAN 8714982283444) cm L 7,5 x T 7,5 x H 24,3 \/ 750 ML, Material (sehe Umschreibung) Gewicht 0,621 kg","og_url":"https:\/\/trendsandvision.nl\/de\/product\/esschert-design-bio-grillanzuender\/","og_site_name":"Trends &amp; Vision (DE)","article_modified_time":"2026-04-07T08:31:40+00:00","og_image":[{"width":800,"height":800,"url":"https:\/\/trendsandvision.nl\/de\/wp-content\/uploads\/sites\/3\/2024\/12\/FF969_01.jpg","type":"image\/jpeg"}],"twitter_card":"summary_large_image","twitter_misc":{"Gesch\u00e4tzte Lesezeit":"1\u00a0Minute"},"schema":{"@context":"https:\/\/schema.org","@graph":[{"@type":"WebPage","@id":"https:\/\/trendsandvision.nl\/de\/product\/esschert-design-bio-grillanzuender\/","url":"https:\/\/trendsandvision.nl\/de\/product\/esschert-design-bio-grillanzuender\/","name":"Esschert Design Bio-Grillanz\u00fcnder (FF969 8714982283444)","isPartOf":{"@id":"https:\/\/trendsandvision.nl\/de\/#website"},"primaryImageOfPage":{"@id":"https:\/\/trendsandvision.nl\/de\/product\/esschert-design-bio-grillanzuender\/#primaryimage"},"image":{"@id":"https:\/\/trendsandvision.nl\/de\/product\/esschert-design-bio-grillanzuender\/#primaryimage"},"thumbnailUrl":"https:\/\/trendsandvision.nl\/de\/wp-content\/uploads\/sites\/3\/2024\/12\/FF969_01.jpg","datePublished":"2024-12-22T07:43:05+00:00","dateModified":"2026-04-07T08:31:40+00:00","description":"Esschert Design Bio-Grillanz\u00fcnder (FF969 EAN 8714982283444) cm L 7,5 x T 7,5 x H 24,3 \/ 750 ML, Material (sehe Umschreibung) Gewicht 0,621 kg","breadcrumb":{"@id":"https:\/\/trendsandvision.nl\/de\/product\/esschert-design-bio-grillanzuender\/#breadcrumb"},"inLanguage":"de","potentialAction":[{"@type":"ReadAction","target":["https:\/\/trendsandvision.nl\/de\/product\/esschert-design-bio-grillanzuender\/"]}]},{"@type":"ImageObject","inLanguage":"de","@id":"https:\/\/trendsandvision.nl\/de\/product\/esschert-design-bio-grillanzuender\/#primaryimage","url":"https:\/\/trendsandvision.nl\/de\/wp-content\/uploads\/sites\/3\/2024\/12\/FF969_01.jpg","contentUrl":"https:\/\/trendsandvision.nl\/de\/wp-content\/uploads\/sites\/3\/2024\/12\/FF969_01.jpg","width":800,"height":800,"caption":"Trends and Vision Bio-Grillanz\u00fcnder (FF969 EAN 8714982283444) cm L 7,5 x T 7,5 x H 24,3 \/ 750 ML, Material (sehe Umschreibung) Gewicht 0,621 kg"},{"@type":"BreadcrumbList","@id":"https:\/\/trendsandvision.nl\/de\/product\/esschert-design-bio-grillanzuender\/#breadcrumb","itemListElement":[{"@type":"ListItem","position":1,"name":"Home","item":"https:\/\/trendsandvision.nl\/de\/"},{"@type":"ListItem","position":2,"name":"Gesch\u00e4ft","item":"https:\/\/trendsandvision.nl\/de\/geschaft\/"},{"@type":"ListItem","position":3,"name":"Esschert Design Bio-Grillanz\u00fcnder"}]},{"@type":"WebSite","@id":"https:\/\/trendsandvision.nl\/de\/#website","url":"https:\/\/trendsandvision.nl\/de\/","name":"Trends &amp; Vision (DE)","description":"Der Webshop f\u00fcr Esschert Design Artikel","publisher":{"@id":"https:\/\/trendsandvision.nl\/de\/#organization"},"potentialAction":[{"@type":"SearchAction","target":{"@type":"EntryPoint","urlTemplate":"https:\/\/trendsandvision.nl\/de\/?s={search_term_string}"},"query-input":{"@type":"PropertyValueSpecification","valueRequired":true,"valueName":"search_term_string"}}],"inLanguage":"de"},{"@type":"Organization","@id":"https:\/\/trendsandvision.nl\/de\/#organization","name":"Trends &amp; Vision (DE)","url":"https:\/\/trendsandvision.nl\/de\/","logo":{"@type":"ImageObject","inLanguage":"de","@id":"https:\/\/trendsandvision.nl\/de\/#\/schema\/logo\/image\/","url":"https:\/\/trendsandvision.nl\/de\/wp-content\/uploads\/sites\/3\/2022\/04\/trends-and-vision-logo.jpg","contentUrl":"https:\/\/trendsandvision.nl\/de\/wp-content\/uploads\/sites\/3\/2022\/04\/trends-and-vision-logo.jpg","width":213,"height":100,"caption":"Trends &amp; Vision (DE)"},"image":{"@id":"https:\/\/trendsandvision.nl\/de\/#\/schema\/logo\/image\/"}}]}},"_links":{"self":[{"href":"https:\/\/trendsandvision.nl\/de\/wp-json\/wp\/v2\/product\/18477","targetHints":{"allow":["GET"]}}],"collection":[{"href":"https:\/\/trendsandvision.nl\/de\/wp-json\/wp\/v2\/product"}],"about":[{"href":"https:\/\/trendsandvision.nl\/de\/wp-json\/wp\/v2\/types\/product"}],"wp:featuredmedia":[{"embeddable":true,"href":"https:\/\/trendsandvision.nl\/de\/wp-json\/wp\/v2\/media\/18478"}],"wp:attachment":[{"href":"https:\/\/trendsandvision.nl\/de\/wp-json\/wp\/v2\/media?parent=18477"}],"wp:term":[{"taxonomy":"product_brand","embeddable":true,"href":"https:\/\/trendsandvision.nl\/de\/wp-json\/wp\/v2\/product_brand?post=18477"},{"taxonomy":"product_cat","embeddable":true,"href":"https:\/\/trendsandvision.nl\/de\/wp-json\/wp\/v2\/product_cat?post=18477"},{"taxonomy":"product_tag","embeddable":true,"href":"https:\/\/trendsandvision.nl\/de\/wp-json\/wp\/v2\/product_tag?post=18477"}],"curies":[{"name":"wp","href":"https:\/\/api.w.org\/{rel}","templated":true}]}}