{"id":18468,"date":"2024-12-22T08:42:58","date_gmt":"2024-12-22T07:42:58","guid":{"rendered":"https:\/\/trendsandvision.nl\/de\/product\/esschert-design-grill-topflappen-aus-leder\/"},"modified":"2026-04-07T10:30:50","modified_gmt":"2026-04-07T08:30:50","slug":"esschert-design-grill-topflappen-aus-leder","status":"publish","type":"product","link":"https:\/\/trendsandvision.nl\/de\/product\/esschert-design-grill-topflappen-aus-leder\/","title":{"rendered":"Esschert Design Grill-Topflappen aus Leder"},"content":{"rendered":"<p>Esschert Design Grill-Topflappen aus Leder.<br \/>\nDiese BBQ-Topflappen aus Leder sind speziell f\u00fcr das Grillen bei hohen Temperaturen entwickelt. Sie sind ideal f\u00fcr den Einsatz mit gusseisernem oder metallischem Grillzubeh\u00f6r wie Bratpfannen oder Popcornt\u00f6pfen. Die Verst\u00e4rkung im Inneren bietet hervorragenden Schutz vor grosser Hitze, sodass heisses Kochgeschirr sicher gehandhabt werden kann.<\/p>\n<p>Artikelname Leder Grill- Topflappen<br \/>\nArtikelnummer FF647<br \/>\nProduktgruppe(n) Feuer, drau\u00dfen grillen und kochen, Zubeh\u00f6r<br \/>\nProduktabmessungen in cm L 23,3 x T 0,7 x H 27,1<br \/>\nMaterial Rindspaltleder, Neopren, Baumwolle, Nylon, Polyester, Messing, Weichstahl<br \/>\nNettogewicht 0,137 kg<br \/>\nBarcode 8714982280030<br \/>\nmit CE-Kennzeichnung<br \/>\nProduzent <a href=\"https:\/\/www.esschertdesign.com\/shop\/de\/leren-bbq-pannenlappen-ff647\" target=\"_blank\">Esschert Design<\/a><br \/>\nUnsere <strong><a href=\"https:\/\/trendsandvision.nl\/de\/?s=handschu&amp;post_type=product&amp;dgwt_wcas=1\">Handschuhkollektion<\/a><\/strong><\/p>\n","protected":false},"excerpt":{"rendered":"<p>Aus Rindsleder gefertigt<br \/>\n(Rindleder, Neopren, Baumwolle,<br \/>\nNylon, Polyester, Messing, Weichstahl)<br \/>\nSchlaufe zum Aufh\u00e4ngen<br \/>\nVerst\u00e4rkt zum Schutz vor grosser Hitze<br \/>\nL 23,3 x T 0,7 x H 27,1<br \/>\nNettogewicht 0,137 kg<br \/>\nBarcode 8714982280030<br \/>\nCE-Kennzeichnung<\/p>\n","protected":false},"featured_media":18469,"template":"","meta":[],"product_brand":[9597,9598],"product_cat":[1124],"product_tag":[7315,7427,6813,6812,6866,7292,7848],"class_list":{"0":"post-18468","1":"product","2":"type-product","3":"status-publish","4":"has-post-thumbnail","6":"product_brand-esschert-design","7":"product_brand-trends-and-vision","8":"product_cat-fancy-flames","9":"product_tag-bbq","10":"product_tag-draussen-grillen","11":"product_tag-grillen","12":"product_tag-kochen","13":"product_tag-leder","14":"product_tag-schutz","15":"product_tag-topflappen","16":"pa_anbieter-esschert-design","17":"pa_ean-code-7669","19":"first","20":"instock","21":"sale","22":"taxable","23":"shipping-taxable","24":"purchasable","25":"product-type-simple","26":"czr-hentry"},"yoast_head":"<!-- This site is optimized with the Yoast SEO Premium plugin v26.4 (Yoast SEO v27.3) - https:\/\/yoast.com\/product\/yoast-seo-premium-wordpress\/ -->\n<title>Esschert Design Grill-Topflappen aus Leder (FF647)<\/title>\n<meta name=\"description\" content=\"Esschert Design (FF647 8714982280030) cm L 23,3 x T 0,7 x H 27,1, Material Rindspaltleder, Nettogewicht 0,137 kg, mit CE-Kennzeichnung\" \/>\n<meta name=\"robots\" content=\"index, follow, max-snippet:-1, max-image-preview:large, max-video-preview:-1\" \/>\n<link rel=\"canonical\" href=\"https:\/\/trendsandvision.nl\/de\/product\/esschert-design-grill-topflappen-aus-leder\/\" \/>\n<meta property=\"og:locale\" content=\"de_DE\" \/>\n<meta property=\"og:type\" content=\"article\" \/>\n<meta property=\"og:title\" content=\"Esschert Design Grill-Topflappen aus Leder\" \/>\n<meta property=\"og:description\" content=\"Esschert Design (FF647 8714982280030) cm L 23,3 x T 0,7 x H 27,1, Material Rindspaltleder, Nettogewicht 0,137 kg, mit CE-Kennzeichnung\" \/>\n<meta property=\"og:url\" content=\"https:\/\/trendsandvision.nl\/de\/product\/esschert-design-grill-topflappen-aus-leder\/\" \/>\n<meta property=\"og:site_name\" content=\"Trends &amp; Vision (DE)\" \/>\n<meta property=\"article:modified_time\" content=\"2026-04-07T08:30:50+00:00\" \/>\n<meta property=\"og:image\" content=\"https:\/\/trendsandvision.nl\/de\/wp-content\/uploads\/sites\/3\/2024\/12\/FF647_01.jpg\" \/>\n\t<meta property=\"og:image:width\" content=\"800\" \/>\n\t<meta property=\"og:image:height\" content=\"800\" \/>\n\t<meta property=\"og:image:type\" content=\"image\/jpeg\" \/>\n<meta name=\"twitter:card\" content=\"summary_large_image\" \/>\n<meta name=\"twitter:label1\" content=\"Gesch\u00e4tzte Lesezeit\" \/>\n\t<meta name=\"twitter:data1\" content=\"1\u00a0Minute\" \/>\n<script type=\"application\/ld+json\" class=\"yoast-schema-graph\">{\"@context\":\"https:\\\/\\\/schema.org\",\"@graph\":[{\"@type\":\"WebPage\",\"@id\":\"https:\\\/\\\/trendsandvision.nl\\\/de\\\/product\\\/esschert-design-grill-topflappen-aus-leder\\\/\",\"url\":\"https:\\\/\\\/trendsandvision.nl\\\/de\\\/product\\\/esschert-design-grill-topflappen-aus-leder\\\/\",\"name\":\"Esschert Design Grill-Topflappen aus Leder (FF647)\",\"isPartOf\":{\"@id\":\"https:\\\/\\\/trendsandvision.nl\\\/de\\\/#website\"},\"primaryImageOfPage\":{\"@id\":\"https:\\\/\\\/trendsandvision.nl\\\/de\\\/product\\\/esschert-design-grill-topflappen-aus-leder\\\/#primaryimage\"},\"image\":{\"@id\":\"https:\\\/\\\/trendsandvision.nl\\\/de\\\/product\\\/esschert-design-grill-topflappen-aus-leder\\\/#primaryimage\"},\"thumbnailUrl\":\"https:\\\/\\\/trendsandvision.nl\\\/de\\\/wp-content\\\/uploads\\\/sites\\\/3\\\/2024\\\/12\\\/FF647_01.jpg\",\"datePublished\":\"2024-12-22T07:42:58+00:00\",\"dateModified\":\"2026-04-07T08:30:50+00:00\",\"description\":\"Esschert Design (FF647 8714982280030) cm L 23,3 x T 0,7 x H 27,1, Material Rindspaltleder, Nettogewicht 0,137 kg, mit CE-Kennzeichnung\",\"breadcrumb\":{\"@id\":\"https:\\\/\\\/trendsandvision.nl\\\/de\\\/product\\\/esschert-design-grill-topflappen-aus-leder\\\/#breadcrumb\"},\"inLanguage\":\"de\",\"potentialAction\":[{\"@type\":\"ReadAction\",\"target\":[\"https:\\\/\\\/trendsandvision.nl\\\/de\\\/product\\\/esschert-design-grill-topflappen-aus-leder\\\/\"]}]},{\"@type\":\"ImageObject\",\"inLanguage\":\"de\",\"@id\":\"https:\\\/\\\/trendsandvision.nl\\\/de\\\/product\\\/esschert-design-grill-topflappen-aus-leder\\\/#primaryimage\",\"url\":\"https:\\\/\\\/trendsandvision.nl\\\/de\\\/wp-content\\\/uploads\\\/sites\\\/3\\\/2024\\\/12\\\/FF647_01.jpg\",\"contentUrl\":\"https:\\\/\\\/trendsandvision.nl\\\/de\\\/wp-content\\\/uploads\\\/sites\\\/3\\\/2024\\\/12\\\/FF647_01.jpg\",\"width\":800,\"height\":800,\"caption\":\"Esschert Design Grill-Topflappen aus Leder (FF647 8714982280030) - 1\"},{\"@type\":\"BreadcrumbList\",\"@id\":\"https:\\\/\\\/trendsandvision.nl\\\/de\\\/product\\\/esschert-design-grill-topflappen-aus-leder\\\/#breadcrumb\",\"itemListElement\":[{\"@type\":\"ListItem\",\"position\":1,\"name\":\"Home\",\"item\":\"https:\\\/\\\/trendsandvision.nl\\\/de\\\/\"},{\"@type\":\"ListItem\",\"position\":2,\"name\":\"Gesch\u00e4ft\",\"item\":\"https:\\\/\\\/trendsandvision.nl\\\/de\\\/geschaft\\\/\"},{\"@type\":\"ListItem\",\"position\":3,\"name\":\"Esschert Design Grill-Topflappen aus Leder\"}]},{\"@type\":\"WebSite\",\"@id\":\"https:\\\/\\\/trendsandvision.nl\\\/de\\\/#website\",\"url\":\"https:\\\/\\\/trendsandvision.nl\\\/de\\\/\",\"name\":\"Trends &amp; Vision (DE)\",\"description\":\"Der Webshop f\u00fcr Esschert Design Artikel\",\"publisher\":{\"@id\":\"https:\\\/\\\/trendsandvision.nl\\\/de\\\/#organization\"},\"potentialAction\":[{\"@type\":\"SearchAction\",\"target\":{\"@type\":\"EntryPoint\",\"urlTemplate\":\"https:\\\/\\\/trendsandvision.nl\\\/de\\\/?s={search_term_string}\"},\"query-input\":{\"@type\":\"PropertyValueSpecification\",\"valueRequired\":true,\"valueName\":\"search_term_string\"}}],\"inLanguage\":\"de\"},{\"@type\":\"Organization\",\"@id\":\"https:\\\/\\\/trendsandvision.nl\\\/de\\\/#organization\",\"name\":\"Trends &amp; Vision (DE)\",\"url\":\"https:\\\/\\\/trendsandvision.nl\\\/de\\\/\",\"logo\":{\"@type\":\"ImageObject\",\"inLanguage\":\"de\",\"@id\":\"https:\\\/\\\/trendsandvision.nl\\\/de\\\/#\\\/schema\\\/logo\\\/image\\\/\",\"url\":\"https:\\\/\\\/trendsandvision.nl\\\/de\\\/wp-content\\\/uploads\\\/sites\\\/3\\\/2022\\\/04\\\/trends-and-vision-logo.jpg\",\"contentUrl\":\"https:\\\/\\\/trendsandvision.nl\\\/de\\\/wp-content\\\/uploads\\\/sites\\\/3\\\/2022\\\/04\\\/trends-and-vision-logo.jpg\",\"width\":213,\"height\":100,\"caption\":\"Trends &amp; Vision (DE)\"},\"image\":{\"@id\":\"https:\\\/\\\/trendsandvision.nl\\\/de\\\/#\\\/schema\\\/logo\\\/image\\\/\"}}]}<\/script>\n<!-- \/ Yoast SEO Premium plugin. -->","yoast_head_json":{"title":"Esschert Design Grill-Topflappen aus Leder (FF647)","description":"Esschert Design (FF647 8714982280030) cm L 23,3 x T 0,7 x H 27,1, Material Rindspaltleder, Nettogewicht 0,137 kg, mit CE-Kennzeichnung","robots":{"index":"index","follow":"follow","max-snippet":"max-snippet:-1","max-image-preview":"max-image-preview:large","max-video-preview":"max-video-preview:-1"},"canonical":"https:\/\/trendsandvision.nl\/de\/product\/esschert-design-grill-topflappen-aus-leder\/","og_locale":"de_DE","og_type":"article","og_title":"Esschert Design Grill-Topflappen aus Leder","og_description":"Esschert Design (FF647 8714982280030) cm L 23,3 x T 0,7 x H 27,1, Material Rindspaltleder, Nettogewicht 0,137 kg, mit CE-Kennzeichnung","og_url":"https:\/\/trendsandvision.nl\/de\/product\/esschert-design-grill-topflappen-aus-leder\/","og_site_name":"Trends &amp; Vision (DE)","article_modified_time":"2026-04-07T08:30:50+00:00","og_image":[{"width":800,"height":800,"url":"https:\/\/trendsandvision.nl\/de\/wp-content\/uploads\/sites\/3\/2024\/12\/FF647_01.jpg","type":"image\/jpeg"}],"twitter_card":"summary_large_image","twitter_misc":{"Gesch\u00e4tzte Lesezeit":"1\u00a0Minute"},"schema":{"@context":"https:\/\/schema.org","@graph":[{"@type":"WebPage","@id":"https:\/\/trendsandvision.nl\/de\/product\/esschert-design-grill-topflappen-aus-leder\/","url":"https:\/\/trendsandvision.nl\/de\/product\/esschert-design-grill-topflappen-aus-leder\/","name":"Esschert Design Grill-Topflappen aus Leder (FF647)","isPartOf":{"@id":"https:\/\/trendsandvision.nl\/de\/#website"},"primaryImageOfPage":{"@id":"https:\/\/trendsandvision.nl\/de\/product\/esschert-design-grill-topflappen-aus-leder\/#primaryimage"},"image":{"@id":"https:\/\/trendsandvision.nl\/de\/product\/esschert-design-grill-topflappen-aus-leder\/#primaryimage"},"thumbnailUrl":"https:\/\/trendsandvision.nl\/de\/wp-content\/uploads\/sites\/3\/2024\/12\/FF647_01.jpg","datePublished":"2024-12-22T07:42:58+00:00","dateModified":"2026-04-07T08:30:50+00:00","description":"Esschert Design (FF647 8714982280030) cm L 23,3 x T 0,7 x H 27,1, Material Rindspaltleder, Nettogewicht 0,137 kg, mit CE-Kennzeichnung","breadcrumb":{"@id":"https:\/\/trendsandvision.nl\/de\/product\/esschert-design-grill-topflappen-aus-leder\/#breadcrumb"},"inLanguage":"de","potentialAction":[{"@type":"ReadAction","target":["https:\/\/trendsandvision.nl\/de\/product\/esschert-design-grill-topflappen-aus-leder\/"]}]},{"@type":"ImageObject","inLanguage":"de","@id":"https:\/\/trendsandvision.nl\/de\/product\/esschert-design-grill-topflappen-aus-leder\/#primaryimage","url":"https:\/\/trendsandvision.nl\/de\/wp-content\/uploads\/sites\/3\/2024\/12\/FF647_01.jpg","contentUrl":"https:\/\/trendsandvision.nl\/de\/wp-content\/uploads\/sites\/3\/2024\/12\/FF647_01.jpg","width":800,"height":800,"caption":"Esschert Design Grill-Topflappen aus Leder (FF647 8714982280030) - 1"},{"@type":"BreadcrumbList","@id":"https:\/\/trendsandvision.nl\/de\/product\/esschert-design-grill-topflappen-aus-leder\/#breadcrumb","itemListElement":[{"@type":"ListItem","position":1,"name":"Home","item":"https:\/\/trendsandvision.nl\/de\/"},{"@type":"ListItem","position":2,"name":"Gesch\u00e4ft","item":"https:\/\/trendsandvision.nl\/de\/geschaft\/"},{"@type":"ListItem","position":3,"name":"Esschert Design Grill-Topflappen aus Leder"}]},{"@type":"WebSite","@id":"https:\/\/trendsandvision.nl\/de\/#website","url":"https:\/\/trendsandvision.nl\/de\/","name":"Trends &amp; Vision (DE)","description":"Der Webshop f\u00fcr Esschert Design Artikel","publisher":{"@id":"https:\/\/trendsandvision.nl\/de\/#organization"},"potentialAction":[{"@type":"SearchAction","target":{"@type":"EntryPoint","urlTemplate":"https:\/\/trendsandvision.nl\/de\/?s={search_term_string}"},"query-input":{"@type":"PropertyValueSpecification","valueRequired":true,"valueName":"search_term_string"}}],"inLanguage":"de"},{"@type":"Organization","@id":"https:\/\/trendsandvision.nl\/de\/#organization","name":"Trends &amp; Vision (DE)","url":"https:\/\/trendsandvision.nl\/de\/","logo":{"@type":"ImageObject","inLanguage":"de","@id":"https:\/\/trendsandvision.nl\/de\/#\/schema\/logo\/image\/","url":"https:\/\/trendsandvision.nl\/de\/wp-content\/uploads\/sites\/3\/2022\/04\/trends-and-vision-logo.jpg","contentUrl":"https:\/\/trendsandvision.nl\/de\/wp-content\/uploads\/sites\/3\/2022\/04\/trends-and-vision-logo.jpg","width":213,"height":100,"caption":"Trends &amp; Vision (DE)"},"image":{"@id":"https:\/\/trendsandvision.nl\/de\/#\/schema\/logo\/image\/"}}]}},"_links":{"self":[{"href":"https:\/\/trendsandvision.nl\/de\/wp-json\/wp\/v2\/product\/18468","targetHints":{"allow":["GET"]}}],"collection":[{"href":"https:\/\/trendsandvision.nl\/de\/wp-json\/wp\/v2\/product"}],"about":[{"href":"https:\/\/trendsandvision.nl\/de\/wp-json\/wp\/v2\/types\/product"}],"wp:featuredmedia":[{"embeddable":true,"href":"https:\/\/trendsandvision.nl\/de\/wp-json\/wp\/v2\/media\/18469"}],"wp:attachment":[{"href":"https:\/\/trendsandvision.nl\/de\/wp-json\/wp\/v2\/media?parent=18468"}],"wp:term":[{"taxonomy":"product_brand","embeddable":true,"href":"https:\/\/trendsandvision.nl\/de\/wp-json\/wp\/v2\/product_brand?post=18468"},{"taxonomy":"product_cat","embeddable":true,"href":"https:\/\/trendsandvision.nl\/de\/wp-json\/wp\/v2\/product_cat?post=18468"},{"taxonomy":"product_tag","embeddable":true,"href":"https:\/\/trendsandvision.nl\/de\/wp-json\/wp\/v2\/product_tag?post=18468"}],"curies":[{"name":"wp","href":"https:\/\/api.w.org\/{rel}","templated":true}]}}