{"id":18462,"date":"2024-12-22T08:42:56","date_gmt":"2024-12-22T07:42:56","guid":{"rendered":"https:\/\/trendsandvision.nl\/de\/product\/esschert-design-grillrost-mit-klappstaender\/"},"modified":"2026-04-22T15:02:56","modified_gmt":"2026-04-22T13:02:56","slug":"esschert-design-grillrost-mit-klappstaender","status":"publish","type":"product","link":"https:\/\/trendsandvision.nl\/de\/product\/esschert-design-grillrost-mit-klappstaender\/","title":{"rendered":"Esschert Design Grillrost mit Klappst\u00e4nder"},"content":{"rendered":"<p>Esschert Design Grillrost mit Klappst\u00e4nder.<br \/>\nDieser Grillrost ist der perfekte Begleiter f\u00fcrs Kochen im Freien. Er verf\u00fcgt \u00fcber einen klappbaren Standfuss, der den Rost \u00fcber der W\u00e4rmequelle positioniert. Der klappbare Griff besteht aus FSC\u00ae-zertifiziertem Buchenholz und wurde f\u00fcr h\u00f6chsten Komfort entwickelt. Er bietet einen nat\u00fcrlichen, k\u00fchlen Halt und spart Platz beim Verstauen. Ideal zum Grillen von Gem\u00fcse, Meeresfr\u00fcchten, Fleisch und mehr. Der Rost sorgt f\u00fcr eine gleichm\u00e4ssige W\u00e4rmeverteilung und l\u00e4sst sich leicht reinigen.<\/p>\n<p>Artikelname Grillkorb mit faltbarem St\u00e4nder<br \/>\nArtikelnummer FF646<br \/>\nProduktgruppe(n) Feuer, drau\u00dfen grillen und kochen, Zubeh\u00f6r<br \/>\nProduktabmessungen in cm L 31,5 x T 52,7 x H 19,8<br \/>\nMaterial Weichstahl, Buchenholz<br \/>\nNettogewicht 0,558 kg<br \/>\nBarcode 8714982280023<br \/>\nFSC\u00ae 100%<br \/>\nProduzent <a href=\"https:\/\/www.esschertdesign.com\/shop\/de\/grillrek-met-inklapbare-standaard-ff646\" target=\"_blank\">Esschert Design<\/a><\/p>\n","protected":false},"excerpt":{"rendered":"<p>L 31,5 x T 52,7 x H 19,8<br \/>\nWeichstahl, Buchenholz<br \/>\nPlatzsparend verstaubar dank klappbarer Konstruktion<br \/>\nGleichm\u00e4ssige W\u00e4rmeverteilung<br \/>\nHervorragender Halt und hoher Komfort<br \/>\nNettogewicht 0,558 kg<br \/>\nBarcode 8714982280023<br \/>\nFSC\u00ae 100%<\/p>\n","protected":false},"featured_media":18463,"template":"","meta":[],"product_brand":[9597,9598],"product_cat":[1124],"product_tag":[7315,7427,6813,7849,7850,6812],"class_list":{"0":"post-18462","1":"product","2":"type-product","3":"status-publish","4":"has-post-thumbnail","6":"product_brand-esschert-design","7":"product_brand-trends-and-vision","8":"product_cat-fancy-flames","9":"product_tag-bbq","10":"product_tag-draussen-grillen","11":"product_tag-grillen","12":"product_tag-grillroste","13":"product_tag-klappstaender","14":"product_tag-kochen","15":"pa_anbieter-esschert-design","16":"pa_ean-code-7668","18":"first","19":"instock","20":"sale","21":"taxable","22":"shipping-taxable","23":"purchasable","24":"product-type-simple","25":"czr-hentry"},"yoast_head":"<!-- This site is optimized with the Yoast SEO Premium plugin v27.4 (Yoast SEO v27.4) - https:\/\/yoast.com\/product\/yoast-seo-premium-wordpress\/ -->\n<title>Esschert Design Grillrost mit Klappst\u00e4nder (FF646)<\/title>\n<meta name=\"description\" content=\"Esschert Design Grillrost mit Klappst\u00e4nder(FF646 8714982280023)cm L 31,5 x T 52,7 x H 19,8Material Weichstahl, BuchenholzBruttogewicht 0,558 kgNettogewicht 0,558 kgBarcode 8714982280023FSC\u00ae 100%\" \/>\n<meta name=\"robots\" content=\"index, follow, max-snippet:-1, max-image-preview:large, max-video-preview:-1\" \/>\n<link rel=\"canonical\" href=\"https:\/\/trendsandvision.nl\/de\/product\/esschert-design-grillrost-mit-klappstaender\/\" \/>\n<meta property=\"og:locale\" content=\"de_DE\" \/>\n<meta property=\"og:type\" content=\"article\" \/>\n<meta property=\"og:title\" content=\"Esschert Design Grillrost mit Klappst\u00e4nder\" \/>\n<meta property=\"og:description\" content=\"Esschert Design Grillrost mit Klappst\u00e4nder(FF646 8714982280023)cm L 31,5 x T 52,7 x H 19,8Material Weichstahl, BuchenholzBruttogewicht 0,558 kgNettogewicht 0,558 kgBarcode 8714982280023FSC\u00ae 100%\" \/>\n<meta property=\"og:url\" content=\"https:\/\/trendsandvision.nl\/de\/product\/esschert-design-grillrost-mit-klappstaender\/\" \/>\n<meta property=\"og:site_name\" content=\"Trends &amp; Vision (DE)\" \/>\n<meta property=\"article:modified_time\" content=\"2026-04-22T13:02:56+00:00\" \/>\n<meta property=\"og:image\" content=\"https:\/\/trendsandvision.nl\/de\/wp-content\/uploads\/sites\/3\/2024\/12\/FF646_01.jpg\" \/>\n\t<meta property=\"og:image:width\" content=\"800\" \/>\n\t<meta property=\"og:image:height\" content=\"800\" \/>\n\t<meta property=\"og:image:type\" content=\"image\/jpeg\" \/>\n<meta name=\"twitter:card\" content=\"summary_large_image\" \/>\n<meta name=\"twitter:label1\" content=\"Gesch\u00e4tzte Lesezeit\" \/>\n\t<meta name=\"twitter:data1\" content=\"1\u00a0Minute\" \/>\n<script type=\"application\/ld+json\" class=\"yoast-schema-graph\">{\"@context\":\"https:\\\/\\\/schema.org\",\"@graph\":[{\"@type\":\"WebPage\",\"@id\":\"https:\\\/\\\/trendsandvision.nl\\\/de\\\/product\\\/esschert-design-grillrost-mit-klappstaender\\\/\",\"url\":\"https:\\\/\\\/trendsandvision.nl\\\/de\\\/product\\\/esschert-design-grillrost-mit-klappstaender\\\/\",\"name\":\"Esschert Design Grillrost mit Klappst\u00e4nder (FF646)\",\"isPartOf\":{\"@id\":\"https:\\\/\\\/trendsandvision.nl\\\/de\\\/#website\"},\"primaryImageOfPage\":{\"@id\":\"https:\\\/\\\/trendsandvision.nl\\\/de\\\/product\\\/esschert-design-grillrost-mit-klappstaender\\\/#primaryimage\"},\"image\":{\"@id\":\"https:\\\/\\\/trendsandvision.nl\\\/de\\\/product\\\/esschert-design-grillrost-mit-klappstaender\\\/#primaryimage\"},\"thumbnailUrl\":\"https:\\\/\\\/trendsandvision.nl\\\/de\\\/wp-content\\\/uploads\\\/sites\\\/3\\\/2024\\\/12\\\/FF646_01.jpg\",\"datePublished\":\"2024-12-22T07:42:56+00:00\",\"dateModified\":\"2026-04-22T13:02:56+00:00\",\"description\":\"Esschert Design Grillrost mit Klappst\u00e4nder(FF646 8714982280023)cm L 31,5 x T 52,7 x H 19,8Material Weichstahl, BuchenholzBruttogewicht 0,558 kgNettogewicht 0,558 kgBarcode 8714982280023FSC\u00ae 100%\",\"breadcrumb\":{\"@id\":\"https:\\\/\\\/trendsandvision.nl\\\/de\\\/product\\\/esschert-design-grillrost-mit-klappstaender\\\/#breadcrumb\"},\"inLanguage\":\"de\",\"potentialAction\":[{\"@type\":\"ReadAction\",\"target\":[\"https:\\\/\\\/trendsandvision.nl\\\/de\\\/product\\\/esschert-design-grillrost-mit-klappstaender\\\/\"]}]},{\"@type\":\"ImageObject\",\"inLanguage\":\"de\",\"@id\":\"https:\\\/\\\/trendsandvision.nl\\\/de\\\/product\\\/esschert-design-grillrost-mit-klappstaender\\\/#primaryimage\",\"url\":\"https:\\\/\\\/trendsandvision.nl\\\/de\\\/wp-content\\\/uploads\\\/sites\\\/3\\\/2024\\\/12\\\/FF646_01.jpg\",\"contentUrl\":\"https:\\\/\\\/trendsandvision.nl\\\/de\\\/wp-content\\\/uploads\\\/sites\\\/3\\\/2024\\\/12\\\/FF646_01.jpg\",\"width\":800,\"height\":800,\"caption\":\"Esschert Design Grillrost mit Klappst\u00e4nder (FF646 8714982280023) - 1\"},{\"@type\":\"BreadcrumbList\",\"@id\":\"https:\\\/\\\/trendsandvision.nl\\\/de\\\/product\\\/esschert-design-grillrost-mit-klappstaender\\\/#breadcrumb\",\"itemListElement\":[{\"@type\":\"ListItem\",\"position\":1,\"name\":\"Home\",\"item\":\"https:\\\/\\\/trendsandvision.nl\\\/de\\\/\"},{\"@type\":\"ListItem\",\"position\":2,\"name\":\"Gesch\u00e4ft\",\"item\":\"https:\\\/\\\/trendsandvision.nl\\\/de\\\/geschaft\\\/\"},{\"@type\":\"ListItem\",\"position\":3,\"name\":\"Esschert Design Grillrost mit Klappst\u00e4nder\"}]},{\"@type\":\"WebSite\",\"@id\":\"https:\\\/\\\/trendsandvision.nl\\\/de\\\/#website\",\"url\":\"https:\\\/\\\/trendsandvision.nl\\\/de\\\/\",\"name\":\"Trends &amp; Vision (DE)\",\"description\":\"Der Webshop f\u00fcr Esschert Design Artikel\",\"publisher\":{\"@id\":\"https:\\\/\\\/trendsandvision.nl\\\/de\\\/#organization\"},\"potentialAction\":[{\"@type\":\"SearchAction\",\"target\":{\"@type\":\"EntryPoint\",\"urlTemplate\":\"https:\\\/\\\/trendsandvision.nl\\\/de\\\/?s={search_term_string}\"},\"query-input\":{\"@type\":\"PropertyValueSpecification\",\"valueRequired\":true,\"valueName\":\"search_term_string\"}}],\"inLanguage\":\"de\"},{\"@type\":\"Organization\",\"@id\":\"https:\\\/\\\/trendsandvision.nl\\\/de\\\/#organization\",\"name\":\"Trends &amp; Vision (DE)\",\"url\":\"https:\\\/\\\/trendsandvision.nl\\\/de\\\/\",\"logo\":{\"@type\":\"ImageObject\",\"inLanguage\":\"de\",\"@id\":\"https:\\\/\\\/trendsandvision.nl\\\/de\\\/#\\\/schema\\\/logo\\\/image\\\/\",\"url\":\"https:\\\/\\\/trendsandvision.nl\\\/de\\\/wp-content\\\/uploads\\\/sites\\\/3\\\/2022\\\/04\\\/trends-and-vision-logo.jpg\",\"contentUrl\":\"https:\\\/\\\/trendsandvision.nl\\\/de\\\/wp-content\\\/uploads\\\/sites\\\/3\\\/2022\\\/04\\\/trends-and-vision-logo.jpg\",\"width\":213,\"height\":100,\"caption\":\"Trends &amp; Vision (DE)\"},\"image\":{\"@id\":\"https:\\\/\\\/trendsandvision.nl\\\/de\\\/#\\\/schema\\\/logo\\\/image\\\/\"}}]}<\/script>\n<!-- \/ Yoast SEO Premium plugin. -->","yoast_head_json":{"title":"Esschert Design Grillrost mit Klappst\u00e4nder (FF646)","description":"Esschert Design Grillrost mit Klappst\u00e4nder(FF646 8714982280023)cm L 31,5 x T 52,7 x H 19,8Material Weichstahl, BuchenholzBruttogewicht 0,558 kgNettogewicht 0,558 kgBarcode 8714982280023FSC\u00ae 100%","robots":{"index":"index","follow":"follow","max-snippet":"max-snippet:-1","max-image-preview":"max-image-preview:large","max-video-preview":"max-video-preview:-1"},"canonical":"https:\/\/trendsandvision.nl\/de\/product\/esschert-design-grillrost-mit-klappstaender\/","og_locale":"de_DE","og_type":"article","og_title":"Esschert Design Grillrost mit Klappst\u00e4nder","og_description":"Esschert Design Grillrost mit Klappst\u00e4nder(FF646 8714982280023)cm L 31,5 x T 52,7 x H 19,8Material Weichstahl, BuchenholzBruttogewicht 0,558 kgNettogewicht 0,558 kgBarcode 8714982280023FSC\u00ae 100%","og_url":"https:\/\/trendsandvision.nl\/de\/product\/esschert-design-grillrost-mit-klappstaender\/","og_site_name":"Trends &amp; Vision (DE)","article_modified_time":"2026-04-22T13:02:56+00:00","og_image":[{"width":800,"height":800,"url":"https:\/\/trendsandvision.nl\/de\/wp-content\/uploads\/sites\/3\/2024\/12\/FF646_01.jpg","type":"image\/jpeg"}],"twitter_card":"summary_large_image","twitter_misc":{"Gesch\u00e4tzte Lesezeit":"1\u00a0Minute"},"schema":{"@context":"https:\/\/schema.org","@graph":[{"@type":"WebPage","@id":"https:\/\/trendsandvision.nl\/de\/product\/esschert-design-grillrost-mit-klappstaender\/","url":"https:\/\/trendsandvision.nl\/de\/product\/esschert-design-grillrost-mit-klappstaender\/","name":"Esschert Design Grillrost mit Klappst\u00e4nder (FF646)","isPartOf":{"@id":"https:\/\/trendsandvision.nl\/de\/#website"},"primaryImageOfPage":{"@id":"https:\/\/trendsandvision.nl\/de\/product\/esschert-design-grillrost-mit-klappstaender\/#primaryimage"},"image":{"@id":"https:\/\/trendsandvision.nl\/de\/product\/esschert-design-grillrost-mit-klappstaender\/#primaryimage"},"thumbnailUrl":"https:\/\/trendsandvision.nl\/de\/wp-content\/uploads\/sites\/3\/2024\/12\/FF646_01.jpg","datePublished":"2024-12-22T07:42:56+00:00","dateModified":"2026-04-22T13:02:56+00:00","description":"Esschert Design Grillrost mit Klappst\u00e4nder(FF646 8714982280023)cm L 31,5 x T 52,7 x H 19,8Material Weichstahl, BuchenholzBruttogewicht 0,558 kgNettogewicht 0,558 kgBarcode 8714982280023FSC\u00ae 100%","breadcrumb":{"@id":"https:\/\/trendsandvision.nl\/de\/product\/esschert-design-grillrost-mit-klappstaender\/#breadcrumb"},"inLanguage":"de","potentialAction":[{"@type":"ReadAction","target":["https:\/\/trendsandvision.nl\/de\/product\/esschert-design-grillrost-mit-klappstaender\/"]}]},{"@type":"ImageObject","inLanguage":"de","@id":"https:\/\/trendsandvision.nl\/de\/product\/esschert-design-grillrost-mit-klappstaender\/#primaryimage","url":"https:\/\/trendsandvision.nl\/de\/wp-content\/uploads\/sites\/3\/2024\/12\/FF646_01.jpg","contentUrl":"https:\/\/trendsandvision.nl\/de\/wp-content\/uploads\/sites\/3\/2024\/12\/FF646_01.jpg","width":800,"height":800,"caption":"Esschert Design Grillrost mit Klappst\u00e4nder (FF646 8714982280023) - 1"},{"@type":"BreadcrumbList","@id":"https:\/\/trendsandvision.nl\/de\/product\/esschert-design-grillrost-mit-klappstaender\/#breadcrumb","itemListElement":[{"@type":"ListItem","position":1,"name":"Home","item":"https:\/\/trendsandvision.nl\/de\/"},{"@type":"ListItem","position":2,"name":"Gesch\u00e4ft","item":"https:\/\/trendsandvision.nl\/de\/geschaft\/"},{"@type":"ListItem","position":3,"name":"Esschert Design Grillrost mit Klappst\u00e4nder"}]},{"@type":"WebSite","@id":"https:\/\/trendsandvision.nl\/de\/#website","url":"https:\/\/trendsandvision.nl\/de\/","name":"Trends &amp; Vision (DE)","description":"Der Webshop f\u00fcr Esschert Design Artikel","publisher":{"@id":"https:\/\/trendsandvision.nl\/de\/#organization"},"potentialAction":[{"@type":"SearchAction","target":{"@type":"EntryPoint","urlTemplate":"https:\/\/trendsandvision.nl\/de\/?s={search_term_string}"},"query-input":{"@type":"PropertyValueSpecification","valueRequired":true,"valueName":"search_term_string"}}],"inLanguage":"de"},{"@type":"Organization","@id":"https:\/\/trendsandvision.nl\/de\/#organization","name":"Trends &amp; Vision (DE)","url":"https:\/\/trendsandvision.nl\/de\/","logo":{"@type":"ImageObject","inLanguage":"de","@id":"https:\/\/trendsandvision.nl\/de\/#\/schema\/logo\/image\/","url":"https:\/\/trendsandvision.nl\/de\/wp-content\/uploads\/sites\/3\/2022\/04\/trends-and-vision-logo.jpg","contentUrl":"https:\/\/trendsandvision.nl\/de\/wp-content\/uploads\/sites\/3\/2022\/04\/trends-and-vision-logo.jpg","width":213,"height":100,"caption":"Trends &amp; Vision (DE)"},"image":{"@id":"https:\/\/trendsandvision.nl\/de\/#\/schema\/logo\/image\/"}}]}},"_links":{"self":[{"href":"https:\/\/trendsandvision.nl\/de\/wp-json\/wp\/v2\/product\/18462","targetHints":{"allow":["GET"]}}],"collection":[{"href":"https:\/\/trendsandvision.nl\/de\/wp-json\/wp\/v2\/product"}],"about":[{"href":"https:\/\/trendsandvision.nl\/de\/wp-json\/wp\/v2\/types\/product"}],"wp:featuredmedia":[{"embeddable":true,"href":"https:\/\/trendsandvision.nl\/de\/wp-json\/wp\/v2\/media\/18463"}],"wp:attachment":[{"href":"https:\/\/trendsandvision.nl\/de\/wp-json\/wp\/v2\/media?parent=18462"}],"wp:term":[{"taxonomy":"product_brand","embeddable":true,"href":"https:\/\/trendsandvision.nl\/de\/wp-json\/wp\/v2\/product_brand?post=18462"},{"taxonomy":"product_cat","embeddable":true,"href":"https:\/\/trendsandvision.nl\/de\/wp-json\/wp\/v2\/product_cat?post=18462"},{"taxonomy":"product_tag","embeddable":true,"href":"https:\/\/trendsandvision.nl\/de\/wp-json\/wp\/v2\/product_tag?post=18462"}],"curies":[{"name":"wp","href":"https:\/\/api.w.org\/{rel}","templated":true}]}}