{"id":18448,"date":"2024-12-22T08:42:47","date_gmt":"2024-12-22T07:42:47","guid":{"rendered":"https:\/\/trendsandvision.nl\/de\/product\/esschert-design-pfanne-mit-gusseisendeckel\/"},"modified":"2026-04-07T10:30:48","modified_gmt":"2026-04-07T08:30:48","slug":"esschert-design-pfanne-mit-gusseisendeckel","status":"publish","type":"product","link":"https:\/\/trendsandvision.nl\/de\/product\/esschert-design-pfanne-mit-gusseisendeckel\/","title":{"rendered":"Esschert Design Pfanne mit Gusseisendeckel"},"content":{"rendered":"<p>Esschert Design Pfanne mit Gusseisendeckel.<br \/>\nRunde Gusseisenpfanne mit Deckel aus Gusseisen:<br \/>\n<strong><a href=\"https:\/\/trendsandvision.nl\/de\/?s=pfanne&amp;post_type=product&amp;dgwt_wcas=1\">Gusseisenpfannen<\/a><\/strong> sind langlebig<br \/>\nEntdecken Sie die unvergleichliche Qualit\u00e4t und Vielseitigkeit eines gusseisernen Schmortopfs mit Deckel!<br \/>\nDer Topf besteht aus hochwertigem Gusseisen.<br \/>\nUnd speichert die W\u00e4rme hervorragend und liefert perfekte Kochergebnisse.<br \/>\nDer mitgelieferte Deckel sorgt f\u00fcr eine gleichm\u00e4ssige W\u00e4rmeverteilung und h\u00e4lt die Feuchtigkeit im Topf.<br \/>\nDank seines grossz\u00fcgigen Formats ist er ein unverzichtbares Kochutensil f\u00fcr den Einsatz im Freien.<\/p>\n<p>Artikelname Pfanne mit Gusseisendeckel<br \/>\nArtikelnummer FF642<br \/>\nProduktgruppe(n) Feuer, drau\u00dfen grillen und kochen, Zubeh\u00f6r<br \/>\nProduktabmessungen in cm L 30,9 x T 18,8 x H 13,1<br \/>\nMaterial Gusseisen<br \/>\nNettogewicht 2,401 kg<br \/>\nBarcode 8714982276590<br \/>\nProduzent <a href=\"https:\/\/www.esschertdesign.com\/shop\/de\/pan-met-deksel-gietijzer-ff642\" target=\"_blank\">Esschert Design<\/a><\/p>\n","protected":false},"excerpt":{"rendered":"<p>L 30,9 x T 18,8 x H 13,1<br \/>\nMaterial Gusseisen<br \/>\nHervorragende W\u00e4rmespeicherung<br \/>\nInklusive Deckel f\u00fcr gleichm\u00e4ssige W\u00e4rmeverteilung<br \/>\nGrossz\u00fcgiges Format<br \/>\nNettogewicht 2,401 kg<br \/>\nBarcode 8714982276590<\/p>\n","protected":false},"featured_media":18449,"template":"","meta":[],"product_brand":[9597,9598],"product_cat":[1124],"product_tag":[7315,7854,7856,7427,6790,6725,6812,9401,9402,7855],"class_list":{"0":"post-18448","1":"product","2":"type-product","3":"status-publish","4":"has-post-thumbnail","6":"product_brand-esschert-design","7":"product_brand-trends-and-vision","8":"product_cat-fancy-flames","9":"product_tag-bbq","10":"product_tag-bratpfanne","11":"product_tag-deckel","12":"product_tag-draussen-grillen","13":"product_tag-gusseisen","14":"product_tag-handwerkskunst","15":"product_tag-kochen","16":"product_tag-krisenvorsorge","17":"product_tag-notpaket","18":"product_tag-pfannen","19":"pa_anbieter-esschert-design","20":"pa_ean-code-7665","22":"first","23":"instock","24":"sale","25":"taxable","26":"shipping-taxable","27":"purchasable","28":"product-type-simple","29":"czr-hentry"},"yoast_head":"<!-- This site is optimized with the Yoast SEO Premium plugin v26.4 (Yoast SEO v27.3) - https:\/\/yoast.com\/product\/yoast-seo-premium-wordpress\/ -->\n<title>Esschert Design Pfanne mit Gusseisendeckel (FF642 )<\/title>\n<meta name=\"description\" content=\"Esschert Design Pfanne mit Gusseisendeckel(FF642 8714982276590) cm L 30,9 x T 18,8 x H 13,1- Material Gusseisen-Nettogewicht 2,401 kg\" \/>\n<meta name=\"robots\" content=\"index, follow, max-snippet:-1, max-image-preview:large, max-video-preview:-1\" \/>\n<link rel=\"canonical\" href=\"https:\/\/trendsandvision.nl\/de\/product\/esschert-design-pfanne-mit-gusseisendeckel\/\" \/>\n<meta property=\"og:locale\" content=\"de_DE\" \/>\n<meta property=\"og:type\" content=\"article\" \/>\n<meta property=\"og:title\" content=\"Esschert Design Pfanne mit Gusseisendeckel\" \/>\n<meta property=\"og:description\" content=\"Esschert Design Pfanne mit Gusseisendeckel(FF642 8714982276590) cm L 30,9 x T 18,8 x H 13,1- Material Gusseisen-Nettogewicht 2,401 kg\" \/>\n<meta property=\"og:url\" content=\"https:\/\/trendsandvision.nl\/de\/product\/esschert-design-pfanne-mit-gusseisendeckel\/\" \/>\n<meta property=\"og:site_name\" content=\"Trends &amp; Vision (DE)\" \/>\n<meta property=\"article:modified_time\" content=\"2026-04-07T08:30:48+00:00\" \/>\n<meta property=\"og:image\" content=\"https:\/\/trendsandvision.nl\/de\/wp-content\/uploads\/sites\/3\/2024\/12\/FF642_01.jpg\" \/>\n\t<meta property=\"og:image:width\" content=\"800\" \/>\n\t<meta property=\"og:image:height\" content=\"800\" \/>\n\t<meta property=\"og:image:type\" content=\"image\/jpeg\" \/>\n<meta name=\"twitter:card\" content=\"summary_large_image\" \/>\n<meta name=\"twitter:label1\" content=\"Gesch\u00e4tzte Lesezeit\" \/>\n\t<meta name=\"twitter:data1\" content=\"1\u00a0Minute\" \/>\n<script type=\"application\/ld+json\" class=\"yoast-schema-graph\">{\"@context\":\"https:\\\/\\\/schema.org\",\"@graph\":[{\"@type\":\"WebPage\",\"@id\":\"https:\\\/\\\/trendsandvision.nl\\\/de\\\/product\\\/esschert-design-pfanne-mit-gusseisendeckel\\\/\",\"url\":\"https:\\\/\\\/trendsandvision.nl\\\/de\\\/product\\\/esschert-design-pfanne-mit-gusseisendeckel\\\/\",\"name\":\"Esschert Design Pfanne mit Gusseisendeckel (FF642 )\",\"isPartOf\":{\"@id\":\"https:\\\/\\\/trendsandvision.nl\\\/de\\\/#website\"},\"primaryImageOfPage\":{\"@id\":\"https:\\\/\\\/trendsandvision.nl\\\/de\\\/product\\\/esschert-design-pfanne-mit-gusseisendeckel\\\/#primaryimage\"},\"image\":{\"@id\":\"https:\\\/\\\/trendsandvision.nl\\\/de\\\/product\\\/esschert-design-pfanne-mit-gusseisendeckel\\\/#primaryimage\"},\"thumbnailUrl\":\"https:\\\/\\\/trendsandvision.nl\\\/de\\\/wp-content\\\/uploads\\\/sites\\\/3\\\/2024\\\/12\\\/FF642_01.jpg\",\"datePublished\":\"2024-12-22T07:42:47+00:00\",\"dateModified\":\"2026-04-07T08:30:48+00:00\",\"description\":\"Esschert Design Pfanne mit Gusseisendeckel(FF642 8714982276590) cm L 30,9 x T 18,8 x H 13,1- Material Gusseisen-Nettogewicht 2,401 kg\",\"breadcrumb\":{\"@id\":\"https:\\\/\\\/trendsandvision.nl\\\/de\\\/product\\\/esschert-design-pfanne-mit-gusseisendeckel\\\/#breadcrumb\"},\"inLanguage\":\"de\",\"potentialAction\":[{\"@type\":\"ReadAction\",\"target\":[\"https:\\\/\\\/trendsandvision.nl\\\/de\\\/product\\\/esschert-design-pfanne-mit-gusseisendeckel\\\/\"]}]},{\"@type\":\"ImageObject\",\"inLanguage\":\"de\",\"@id\":\"https:\\\/\\\/trendsandvision.nl\\\/de\\\/product\\\/esschert-design-pfanne-mit-gusseisendeckel\\\/#primaryimage\",\"url\":\"https:\\\/\\\/trendsandvision.nl\\\/de\\\/wp-content\\\/uploads\\\/sites\\\/3\\\/2024\\\/12\\\/FF642_01.jpg\",\"contentUrl\":\"https:\\\/\\\/trendsandvision.nl\\\/de\\\/wp-content\\\/uploads\\\/sites\\\/3\\\/2024\\\/12\\\/FF642_01.jpg\",\"width\":800,\"height\":800,\"caption\":\"Trends and Vision Pfanne mit Gusseisendeckel (FF642 8714982276590) cm L 30,9 x T 18,8 x H 13,1- Material Gusseisen-Nettogewicht 2,401 kg\"},{\"@type\":\"BreadcrumbList\",\"@id\":\"https:\\\/\\\/trendsandvision.nl\\\/de\\\/product\\\/esschert-design-pfanne-mit-gusseisendeckel\\\/#breadcrumb\",\"itemListElement\":[{\"@type\":\"ListItem\",\"position\":1,\"name\":\"Home\",\"item\":\"https:\\\/\\\/trendsandvision.nl\\\/de\\\/\"},{\"@type\":\"ListItem\",\"position\":2,\"name\":\"Gesch\u00e4ft\",\"item\":\"https:\\\/\\\/trendsandvision.nl\\\/de\\\/geschaft\\\/\"},{\"@type\":\"ListItem\",\"position\":3,\"name\":\"Esschert Design Pfanne mit Gusseisendeckel\"}]},{\"@type\":\"WebSite\",\"@id\":\"https:\\\/\\\/trendsandvision.nl\\\/de\\\/#website\",\"url\":\"https:\\\/\\\/trendsandvision.nl\\\/de\\\/\",\"name\":\"Trends &amp; Vision (DE)\",\"description\":\"Der Webshop f\u00fcr Esschert Design Artikel\",\"publisher\":{\"@id\":\"https:\\\/\\\/trendsandvision.nl\\\/de\\\/#organization\"},\"potentialAction\":[{\"@type\":\"SearchAction\",\"target\":{\"@type\":\"EntryPoint\",\"urlTemplate\":\"https:\\\/\\\/trendsandvision.nl\\\/de\\\/?s={search_term_string}\"},\"query-input\":{\"@type\":\"PropertyValueSpecification\",\"valueRequired\":true,\"valueName\":\"search_term_string\"}}],\"inLanguage\":\"de\"},{\"@type\":\"Organization\",\"@id\":\"https:\\\/\\\/trendsandvision.nl\\\/de\\\/#organization\",\"name\":\"Trends &amp; Vision (DE)\",\"url\":\"https:\\\/\\\/trendsandvision.nl\\\/de\\\/\",\"logo\":{\"@type\":\"ImageObject\",\"inLanguage\":\"de\",\"@id\":\"https:\\\/\\\/trendsandvision.nl\\\/de\\\/#\\\/schema\\\/logo\\\/image\\\/\",\"url\":\"https:\\\/\\\/trendsandvision.nl\\\/de\\\/wp-content\\\/uploads\\\/sites\\\/3\\\/2022\\\/04\\\/trends-and-vision-logo.jpg\",\"contentUrl\":\"https:\\\/\\\/trendsandvision.nl\\\/de\\\/wp-content\\\/uploads\\\/sites\\\/3\\\/2022\\\/04\\\/trends-and-vision-logo.jpg\",\"width\":213,\"height\":100,\"caption\":\"Trends &amp; Vision (DE)\"},\"image\":{\"@id\":\"https:\\\/\\\/trendsandvision.nl\\\/de\\\/#\\\/schema\\\/logo\\\/image\\\/\"}}]}<\/script>\n<!-- \/ Yoast SEO Premium plugin. -->","yoast_head_json":{"title":"Esschert Design Pfanne mit Gusseisendeckel (FF642 )","description":"Esschert Design Pfanne mit Gusseisendeckel(FF642 8714982276590) cm L 30,9 x T 18,8 x H 13,1- Material Gusseisen-Nettogewicht 2,401 kg","robots":{"index":"index","follow":"follow","max-snippet":"max-snippet:-1","max-image-preview":"max-image-preview:large","max-video-preview":"max-video-preview:-1"},"canonical":"https:\/\/trendsandvision.nl\/de\/product\/esschert-design-pfanne-mit-gusseisendeckel\/","og_locale":"de_DE","og_type":"article","og_title":"Esschert Design Pfanne mit Gusseisendeckel","og_description":"Esschert Design Pfanne mit Gusseisendeckel(FF642 8714982276590) cm L 30,9 x T 18,8 x H 13,1- Material Gusseisen-Nettogewicht 2,401 kg","og_url":"https:\/\/trendsandvision.nl\/de\/product\/esschert-design-pfanne-mit-gusseisendeckel\/","og_site_name":"Trends &amp; Vision (DE)","article_modified_time":"2026-04-07T08:30:48+00:00","og_image":[{"width":800,"height":800,"url":"https:\/\/trendsandvision.nl\/de\/wp-content\/uploads\/sites\/3\/2024\/12\/FF642_01.jpg","type":"image\/jpeg"}],"twitter_card":"summary_large_image","twitter_misc":{"Gesch\u00e4tzte Lesezeit":"1\u00a0Minute"},"schema":{"@context":"https:\/\/schema.org","@graph":[{"@type":"WebPage","@id":"https:\/\/trendsandvision.nl\/de\/product\/esschert-design-pfanne-mit-gusseisendeckel\/","url":"https:\/\/trendsandvision.nl\/de\/product\/esschert-design-pfanne-mit-gusseisendeckel\/","name":"Esschert Design Pfanne mit Gusseisendeckel (FF642 )","isPartOf":{"@id":"https:\/\/trendsandvision.nl\/de\/#website"},"primaryImageOfPage":{"@id":"https:\/\/trendsandvision.nl\/de\/product\/esschert-design-pfanne-mit-gusseisendeckel\/#primaryimage"},"image":{"@id":"https:\/\/trendsandvision.nl\/de\/product\/esschert-design-pfanne-mit-gusseisendeckel\/#primaryimage"},"thumbnailUrl":"https:\/\/trendsandvision.nl\/de\/wp-content\/uploads\/sites\/3\/2024\/12\/FF642_01.jpg","datePublished":"2024-12-22T07:42:47+00:00","dateModified":"2026-04-07T08:30:48+00:00","description":"Esschert Design Pfanne mit Gusseisendeckel(FF642 8714982276590) cm L 30,9 x T 18,8 x H 13,1- Material Gusseisen-Nettogewicht 2,401 kg","breadcrumb":{"@id":"https:\/\/trendsandvision.nl\/de\/product\/esschert-design-pfanne-mit-gusseisendeckel\/#breadcrumb"},"inLanguage":"de","potentialAction":[{"@type":"ReadAction","target":["https:\/\/trendsandvision.nl\/de\/product\/esschert-design-pfanne-mit-gusseisendeckel\/"]}]},{"@type":"ImageObject","inLanguage":"de","@id":"https:\/\/trendsandvision.nl\/de\/product\/esschert-design-pfanne-mit-gusseisendeckel\/#primaryimage","url":"https:\/\/trendsandvision.nl\/de\/wp-content\/uploads\/sites\/3\/2024\/12\/FF642_01.jpg","contentUrl":"https:\/\/trendsandvision.nl\/de\/wp-content\/uploads\/sites\/3\/2024\/12\/FF642_01.jpg","width":800,"height":800,"caption":"Trends and Vision Pfanne mit Gusseisendeckel (FF642 8714982276590) cm L 30,9 x T 18,8 x H 13,1- Material Gusseisen-Nettogewicht 2,401 kg"},{"@type":"BreadcrumbList","@id":"https:\/\/trendsandvision.nl\/de\/product\/esschert-design-pfanne-mit-gusseisendeckel\/#breadcrumb","itemListElement":[{"@type":"ListItem","position":1,"name":"Home","item":"https:\/\/trendsandvision.nl\/de\/"},{"@type":"ListItem","position":2,"name":"Gesch\u00e4ft","item":"https:\/\/trendsandvision.nl\/de\/geschaft\/"},{"@type":"ListItem","position":3,"name":"Esschert Design Pfanne mit Gusseisendeckel"}]},{"@type":"WebSite","@id":"https:\/\/trendsandvision.nl\/de\/#website","url":"https:\/\/trendsandvision.nl\/de\/","name":"Trends &amp; Vision (DE)","description":"Der Webshop f\u00fcr Esschert Design Artikel","publisher":{"@id":"https:\/\/trendsandvision.nl\/de\/#organization"},"potentialAction":[{"@type":"SearchAction","target":{"@type":"EntryPoint","urlTemplate":"https:\/\/trendsandvision.nl\/de\/?s={search_term_string}"},"query-input":{"@type":"PropertyValueSpecification","valueRequired":true,"valueName":"search_term_string"}}],"inLanguage":"de"},{"@type":"Organization","@id":"https:\/\/trendsandvision.nl\/de\/#organization","name":"Trends &amp; Vision (DE)","url":"https:\/\/trendsandvision.nl\/de\/","logo":{"@type":"ImageObject","inLanguage":"de","@id":"https:\/\/trendsandvision.nl\/de\/#\/schema\/logo\/image\/","url":"https:\/\/trendsandvision.nl\/de\/wp-content\/uploads\/sites\/3\/2022\/04\/trends-and-vision-logo.jpg","contentUrl":"https:\/\/trendsandvision.nl\/de\/wp-content\/uploads\/sites\/3\/2022\/04\/trends-and-vision-logo.jpg","width":213,"height":100,"caption":"Trends &amp; Vision (DE)"},"image":{"@id":"https:\/\/trendsandvision.nl\/de\/#\/schema\/logo\/image\/"}}]}},"_links":{"self":[{"href":"https:\/\/trendsandvision.nl\/de\/wp-json\/wp\/v2\/product\/18448","targetHints":{"allow":["GET"]}}],"collection":[{"href":"https:\/\/trendsandvision.nl\/de\/wp-json\/wp\/v2\/product"}],"about":[{"href":"https:\/\/trendsandvision.nl\/de\/wp-json\/wp\/v2\/types\/product"}],"wp:featuredmedia":[{"embeddable":true,"href":"https:\/\/trendsandvision.nl\/de\/wp-json\/wp\/v2\/media\/18449"}],"wp:attachment":[{"href":"https:\/\/trendsandvision.nl\/de\/wp-json\/wp\/v2\/media?parent=18448"}],"wp:term":[{"taxonomy":"product_brand","embeddable":true,"href":"https:\/\/trendsandvision.nl\/de\/wp-json\/wp\/v2\/product_brand?post=18448"},{"taxonomy":"product_cat","embeddable":true,"href":"https:\/\/trendsandvision.nl\/de\/wp-json\/wp\/v2\/product_cat?post=18448"},{"taxonomy":"product_tag","embeddable":true,"href":"https:\/\/trendsandvision.nl\/de\/wp-json\/wp\/v2\/product_tag?post=18448"}],"curies":[{"name":"wp","href":"https:\/\/api.w.org\/{rel}","templated":true}]}}