{"id":18445,"date":"2024-12-22T08:42:45","date_gmt":"2024-12-22T07:42:45","guid":{"rendered":"https:\/\/trendsandvision.nl\/de\/product\/esschert-design-quadratische-bratpfanne-aus-gusseisen\/"},"modified":"2026-04-07T10:30:47","modified_gmt":"2026-04-07T08:30:47","slug":"esschert-design-quadratische-bratpfanne-aus-gusseisen","status":"publish","type":"product","link":"https:\/\/trendsandvision.nl\/de\/product\/esschert-design-quadratische-bratpfanne-aus-gusseisen\/","title":{"rendered":"Esschert Design Quadratische Bratpfanne aus Gusseisen"},"content":{"rendered":"<p>Esschert Design Quadratische Bratpfanne aus Gusseisen.<br \/>\nQuadratische Gusseisenpfanne mit Grillboden<br \/>\n<strong><a href=\"https:\/\/trendsandvision.nl\/de\/?s=pfanne&amp;post_type=product&amp;dgwt_wcas=1\">Gusseisenpfannen<\/a><\/strong> sind langlebig<br \/>\nDie ultimative Bratpfanne f\u00fcr dein Grillvergn\u00fcgen im Freien. Sie sorgt f\u00fcr eine gleichm\u00e4ssige W\u00e4rmeverteilung und ist f\u00fcr jahrelangen Gebrauch ausgelegt. Der quadratische, geriffelte Boden erzeugt ein perfektes Grillmuster, das Geschmack und Aroma ideal verst\u00e4rkt. Die hohen R\u00e4nder bieten Stabilit\u00e4t auf dem Grill und zus\u00e4tzlichen Platz f\u00fcr Gem\u00fcse, Kartoffeln oder Saucen. Zwei Ausg\u00fcsse erleichtern das Abgiessen von \u00fcbersch\u00fcssigem Fett oder Fl\u00fcssigkeit.<\/p>\n<p>Artikelname Grillpfanne Gusseisen<br \/>\nArtikelnummer FF640<br \/>\nProduktgruppe(n) Feuer, drau\u00dfen grillen und kochen, Zubeh\u00f6r<br \/>\nProduktabmessungen in cm L 35,5 x T 23,8 x H 5,7<br \/>\nMaterial Gusseisen<br \/>\nNettogewicht 1,704 kg<br \/>\nBarcode 8714982276576<br \/>\nProduzent <a href=\"https:\/\/www.esschertdesign.com\/shop\/de\/koekepan-vierkant-gietijzer-ff640\" target=\"_blank\">Esschert Design<\/a><\/p>\n","protected":false},"excerpt":{"rendered":"<p>L 35,5 x T 23,8 x H 5,7<br \/>\nMaterial Gusseisen<br \/>\nAusgiesser auf beiden Seiten<br \/>\nGleichm\u00e4ssige W\u00e4rmeverteilung<br \/>\nGeriffelter Boden und hohe R\u00e4nder<br \/>\nNettogewicht 1,704 kg<br \/>\nBarcode 8714982276576<\/p>\n","protected":false},"featured_media":18446,"template":"","meta":[],"product_brand":[9597,9598],"product_cat":[1124],"product_tag":[7315,7854,7427,6790,6725,6812,9401,9400,9402,7855,7128],"class_list":{"0":"post-18445","1":"product","2":"type-product","3":"status-publish","4":"has-post-thumbnail","6":"product_brand-esschert-design","7":"product_brand-trends-and-vision","8":"product_cat-fancy-flames","9":"product_tag-bbq","10":"product_tag-bratpfanne","11":"product_tag-draussen-grillen","12":"product_tag-gusseisen","13":"product_tag-handwerkskunst","14":"product_tag-kochen","15":"product_tag-krisenvorsorge","16":"product_tag-notfallvorsorge","17":"product_tag-notpaket","18":"product_tag-pfannen","19":"product_tag-quadratisch","20":"pa_anbieter-esschert-design","21":"pa_ean-code-7664","23":"first","24":"instock","25":"sale","26":"taxable","27":"shipping-taxable","28":"purchasable","29":"product-type-simple","30":"czr-hentry"},"yoast_head":"<!-- This site is optimized with the Yoast SEO Premium plugin v26.4 (Yoast SEO v27.3) - https:\/\/yoast.com\/product\/yoast-seo-premium-wordpress\/ -->\n<title>Esschert Design Quadratische Bratpfanne aus Gusseisen (FF640 8714982276576) | Trends &amp; Vision<\/title>\n<meta name=\"description\" content=\"Esschert Design (FF640 8714982276576)\" \/>\n<meta name=\"robots\" content=\"index, follow, max-snippet:-1, max-image-preview:large, max-video-preview:-1\" \/>\n<link rel=\"canonical\" href=\"https:\/\/trendsandvision.nl\/de\/product\/esschert-design-quadratische-bratpfanne-aus-gusseisen\/\" \/>\n<meta property=\"og:locale\" content=\"de_DE\" \/>\n<meta property=\"og:type\" content=\"article\" \/>\n<meta property=\"og:title\" content=\"Esschert Design Quadratische Bratpfanne aus Gusseisen\" \/>\n<meta property=\"og:description\" content=\"Esschert Design (FF640 8714982276576)\" \/>\n<meta property=\"og:url\" content=\"https:\/\/trendsandvision.nl\/de\/product\/esschert-design-quadratische-bratpfanne-aus-gusseisen\/\" \/>\n<meta property=\"og:site_name\" content=\"Trends &amp; Vision (DE)\" \/>\n<meta property=\"article:modified_time\" content=\"2026-04-07T08:30:47+00:00\" \/>\n<meta property=\"og:image\" content=\"https:\/\/trendsandvision.nl\/de\/wp-content\/uploads\/sites\/3\/2024\/12\/FF640_01.jpg\" \/>\n\t<meta property=\"og:image:width\" content=\"800\" \/>\n\t<meta property=\"og:image:height\" content=\"800\" \/>\n\t<meta property=\"og:image:type\" content=\"image\/jpeg\" \/>\n<meta name=\"twitter:card\" content=\"summary_large_image\" \/>\n<meta name=\"twitter:label1\" content=\"Gesch\u00e4tzte Lesezeit\" \/>\n\t<meta name=\"twitter:data1\" content=\"1\u00a0Minute\" \/>\n<script type=\"application\/ld+json\" class=\"yoast-schema-graph\">{\"@context\":\"https:\\\/\\\/schema.org\",\"@graph\":[{\"@type\":\"WebPage\",\"@id\":\"https:\\\/\\\/trendsandvision.nl\\\/de\\\/product\\\/esschert-design-quadratische-bratpfanne-aus-gusseisen\\\/\",\"url\":\"https:\\\/\\\/trendsandvision.nl\\\/de\\\/product\\\/esschert-design-quadratische-bratpfanne-aus-gusseisen\\\/\",\"name\":\"Esschert Design Quadratische Bratpfanne aus Gusseisen (FF640 8714982276576) | Trends & Vision\",\"isPartOf\":{\"@id\":\"https:\\\/\\\/trendsandvision.nl\\\/de\\\/#website\"},\"primaryImageOfPage\":{\"@id\":\"https:\\\/\\\/trendsandvision.nl\\\/de\\\/product\\\/esschert-design-quadratische-bratpfanne-aus-gusseisen\\\/#primaryimage\"},\"image\":{\"@id\":\"https:\\\/\\\/trendsandvision.nl\\\/de\\\/product\\\/esschert-design-quadratische-bratpfanne-aus-gusseisen\\\/#primaryimage\"},\"thumbnailUrl\":\"https:\\\/\\\/trendsandvision.nl\\\/de\\\/wp-content\\\/uploads\\\/sites\\\/3\\\/2024\\\/12\\\/FF640_01.jpg\",\"datePublished\":\"2024-12-22T07:42:45+00:00\",\"dateModified\":\"2026-04-07T08:30:47+00:00\",\"description\":\"Esschert Design (FF640 8714982276576)\",\"breadcrumb\":{\"@id\":\"https:\\\/\\\/trendsandvision.nl\\\/de\\\/product\\\/esschert-design-quadratische-bratpfanne-aus-gusseisen\\\/#breadcrumb\"},\"inLanguage\":\"de\",\"potentialAction\":[{\"@type\":\"ReadAction\",\"target\":[\"https:\\\/\\\/trendsandvision.nl\\\/de\\\/product\\\/esschert-design-quadratische-bratpfanne-aus-gusseisen\\\/\"]}]},{\"@type\":\"ImageObject\",\"inLanguage\":\"de\",\"@id\":\"https:\\\/\\\/trendsandvision.nl\\\/de\\\/product\\\/esschert-design-quadratische-bratpfanne-aus-gusseisen\\\/#primaryimage\",\"url\":\"https:\\\/\\\/trendsandvision.nl\\\/de\\\/wp-content\\\/uploads\\\/sites\\\/3\\\/2024\\\/12\\\/FF640_01.jpg\",\"contentUrl\":\"https:\\\/\\\/trendsandvision.nl\\\/de\\\/wp-content\\\/uploads\\\/sites\\\/3\\\/2024\\\/12\\\/FF640_01.jpg\",\"width\":800,\"height\":800,\"caption\":\"Esschert Design Quadratische Bratpfanne aus Gusseisen (FF640 8714982276576) - 1\"},{\"@type\":\"BreadcrumbList\",\"@id\":\"https:\\\/\\\/trendsandvision.nl\\\/de\\\/product\\\/esschert-design-quadratische-bratpfanne-aus-gusseisen\\\/#breadcrumb\",\"itemListElement\":[{\"@type\":\"ListItem\",\"position\":1,\"name\":\"Home\",\"item\":\"https:\\\/\\\/trendsandvision.nl\\\/de\\\/\"},{\"@type\":\"ListItem\",\"position\":2,\"name\":\"Gesch\u00e4ft\",\"item\":\"https:\\\/\\\/trendsandvision.nl\\\/de\\\/geschaft\\\/\"},{\"@type\":\"ListItem\",\"position\":3,\"name\":\"Esschert Design Quadratische Bratpfanne aus Gusseisen\"}]},{\"@type\":\"WebSite\",\"@id\":\"https:\\\/\\\/trendsandvision.nl\\\/de\\\/#website\",\"url\":\"https:\\\/\\\/trendsandvision.nl\\\/de\\\/\",\"name\":\"Trends &amp; Vision (DE)\",\"description\":\"Der Webshop f\u00fcr Esschert Design Artikel\",\"publisher\":{\"@id\":\"https:\\\/\\\/trendsandvision.nl\\\/de\\\/#organization\"},\"potentialAction\":[{\"@type\":\"SearchAction\",\"target\":{\"@type\":\"EntryPoint\",\"urlTemplate\":\"https:\\\/\\\/trendsandvision.nl\\\/de\\\/?s={search_term_string}\"},\"query-input\":{\"@type\":\"PropertyValueSpecification\",\"valueRequired\":true,\"valueName\":\"search_term_string\"}}],\"inLanguage\":\"de\"},{\"@type\":\"Organization\",\"@id\":\"https:\\\/\\\/trendsandvision.nl\\\/de\\\/#organization\",\"name\":\"Trends &amp; Vision (DE)\",\"url\":\"https:\\\/\\\/trendsandvision.nl\\\/de\\\/\",\"logo\":{\"@type\":\"ImageObject\",\"inLanguage\":\"de\",\"@id\":\"https:\\\/\\\/trendsandvision.nl\\\/de\\\/#\\\/schema\\\/logo\\\/image\\\/\",\"url\":\"https:\\\/\\\/trendsandvision.nl\\\/de\\\/wp-content\\\/uploads\\\/sites\\\/3\\\/2022\\\/04\\\/trends-and-vision-logo.jpg\",\"contentUrl\":\"https:\\\/\\\/trendsandvision.nl\\\/de\\\/wp-content\\\/uploads\\\/sites\\\/3\\\/2022\\\/04\\\/trends-and-vision-logo.jpg\",\"width\":213,\"height\":100,\"caption\":\"Trends &amp; Vision (DE)\"},\"image\":{\"@id\":\"https:\\\/\\\/trendsandvision.nl\\\/de\\\/#\\\/schema\\\/logo\\\/image\\\/\"}}]}<\/script>\n<!-- \/ Yoast SEO Premium plugin. -->","yoast_head_json":{"title":"Esschert Design Quadratische Bratpfanne aus Gusseisen (FF640 8714982276576) | Trends & Vision","description":"Esschert Design (FF640 8714982276576)","robots":{"index":"index","follow":"follow","max-snippet":"max-snippet:-1","max-image-preview":"max-image-preview:large","max-video-preview":"max-video-preview:-1"},"canonical":"https:\/\/trendsandvision.nl\/de\/product\/esschert-design-quadratische-bratpfanne-aus-gusseisen\/","og_locale":"de_DE","og_type":"article","og_title":"Esschert Design Quadratische Bratpfanne aus Gusseisen","og_description":"Esschert Design (FF640 8714982276576)","og_url":"https:\/\/trendsandvision.nl\/de\/product\/esschert-design-quadratische-bratpfanne-aus-gusseisen\/","og_site_name":"Trends &amp; Vision (DE)","article_modified_time":"2026-04-07T08:30:47+00:00","og_image":[{"width":800,"height":800,"url":"https:\/\/trendsandvision.nl\/de\/wp-content\/uploads\/sites\/3\/2024\/12\/FF640_01.jpg","type":"image\/jpeg"}],"twitter_card":"summary_large_image","twitter_misc":{"Gesch\u00e4tzte Lesezeit":"1\u00a0Minute"},"schema":{"@context":"https:\/\/schema.org","@graph":[{"@type":"WebPage","@id":"https:\/\/trendsandvision.nl\/de\/product\/esschert-design-quadratische-bratpfanne-aus-gusseisen\/","url":"https:\/\/trendsandvision.nl\/de\/product\/esschert-design-quadratische-bratpfanne-aus-gusseisen\/","name":"Esschert Design Quadratische Bratpfanne aus Gusseisen (FF640 8714982276576) | Trends & Vision","isPartOf":{"@id":"https:\/\/trendsandvision.nl\/de\/#website"},"primaryImageOfPage":{"@id":"https:\/\/trendsandvision.nl\/de\/product\/esschert-design-quadratische-bratpfanne-aus-gusseisen\/#primaryimage"},"image":{"@id":"https:\/\/trendsandvision.nl\/de\/product\/esschert-design-quadratische-bratpfanne-aus-gusseisen\/#primaryimage"},"thumbnailUrl":"https:\/\/trendsandvision.nl\/de\/wp-content\/uploads\/sites\/3\/2024\/12\/FF640_01.jpg","datePublished":"2024-12-22T07:42:45+00:00","dateModified":"2026-04-07T08:30:47+00:00","description":"Esschert Design (FF640 8714982276576)","breadcrumb":{"@id":"https:\/\/trendsandvision.nl\/de\/product\/esschert-design-quadratische-bratpfanne-aus-gusseisen\/#breadcrumb"},"inLanguage":"de","potentialAction":[{"@type":"ReadAction","target":["https:\/\/trendsandvision.nl\/de\/product\/esschert-design-quadratische-bratpfanne-aus-gusseisen\/"]}]},{"@type":"ImageObject","inLanguage":"de","@id":"https:\/\/trendsandvision.nl\/de\/product\/esschert-design-quadratische-bratpfanne-aus-gusseisen\/#primaryimage","url":"https:\/\/trendsandvision.nl\/de\/wp-content\/uploads\/sites\/3\/2024\/12\/FF640_01.jpg","contentUrl":"https:\/\/trendsandvision.nl\/de\/wp-content\/uploads\/sites\/3\/2024\/12\/FF640_01.jpg","width":800,"height":800,"caption":"Esschert Design Quadratische Bratpfanne aus Gusseisen (FF640 8714982276576) - 1"},{"@type":"BreadcrumbList","@id":"https:\/\/trendsandvision.nl\/de\/product\/esschert-design-quadratische-bratpfanne-aus-gusseisen\/#breadcrumb","itemListElement":[{"@type":"ListItem","position":1,"name":"Home","item":"https:\/\/trendsandvision.nl\/de\/"},{"@type":"ListItem","position":2,"name":"Gesch\u00e4ft","item":"https:\/\/trendsandvision.nl\/de\/geschaft\/"},{"@type":"ListItem","position":3,"name":"Esschert Design Quadratische Bratpfanne aus Gusseisen"}]},{"@type":"WebSite","@id":"https:\/\/trendsandvision.nl\/de\/#website","url":"https:\/\/trendsandvision.nl\/de\/","name":"Trends &amp; Vision (DE)","description":"Der Webshop f\u00fcr Esschert Design Artikel","publisher":{"@id":"https:\/\/trendsandvision.nl\/de\/#organization"},"potentialAction":[{"@type":"SearchAction","target":{"@type":"EntryPoint","urlTemplate":"https:\/\/trendsandvision.nl\/de\/?s={search_term_string}"},"query-input":{"@type":"PropertyValueSpecification","valueRequired":true,"valueName":"search_term_string"}}],"inLanguage":"de"},{"@type":"Organization","@id":"https:\/\/trendsandvision.nl\/de\/#organization","name":"Trends &amp; Vision (DE)","url":"https:\/\/trendsandvision.nl\/de\/","logo":{"@type":"ImageObject","inLanguage":"de","@id":"https:\/\/trendsandvision.nl\/de\/#\/schema\/logo\/image\/","url":"https:\/\/trendsandvision.nl\/de\/wp-content\/uploads\/sites\/3\/2022\/04\/trends-and-vision-logo.jpg","contentUrl":"https:\/\/trendsandvision.nl\/de\/wp-content\/uploads\/sites\/3\/2022\/04\/trends-and-vision-logo.jpg","width":213,"height":100,"caption":"Trends &amp; Vision (DE)"},"image":{"@id":"https:\/\/trendsandvision.nl\/de\/#\/schema\/logo\/image\/"}}]}},"_links":{"self":[{"href":"https:\/\/trendsandvision.nl\/de\/wp-json\/wp\/v2\/product\/18445","targetHints":{"allow":["GET"]}}],"collection":[{"href":"https:\/\/trendsandvision.nl\/de\/wp-json\/wp\/v2\/product"}],"about":[{"href":"https:\/\/trendsandvision.nl\/de\/wp-json\/wp\/v2\/types\/product"}],"wp:featuredmedia":[{"embeddable":true,"href":"https:\/\/trendsandvision.nl\/de\/wp-json\/wp\/v2\/media\/18446"}],"wp:attachment":[{"href":"https:\/\/trendsandvision.nl\/de\/wp-json\/wp\/v2\/media?parent=18445"}],"wp:term":[{"taxonomy":"product_brand","embeddable":true,"href":"https:\/\/trendsandvision.nl\/de\/wp-json\/wp\/v2\/product_brand?post=18445"},{"taxonomy":"product_cat","embeddable":true,"href":"https:\/\/trendsandvision.nl\/de\/wp-json\/wp\/v2\/product_cat?post=18445"},{"taxonomy":"product_tag","embeddable":true,"href":"https:\/\/trendsandvision.nl\/de\/wp-json\/wp\/v2\/product_tag?post=18445"}],"curies":[{"name":"wp","href":"https:\/\/api.w.org\/{rel}","templated":true}]}}