{"id":18442,"date":"2024-12-22T08:42:42","date_gmt":"2024-12-22T07:42:42","guid":{"rendered":"https:\/\/trendsandvision.nl\/de\/product\/esschert-design-holzfeuchtemessgeraet\/"},"modified":"2026-04-07T10:30:47","modified_gmt":"2026-04-07T08:30:47","slug":"esschert-design-holzfeuchtemessgeraet","status":"publish","type":"product","link":"https:\/\/trendsandvision.nl\/de\/product\/esschert-design-holzfeuchtemessgeraet\/","title":{"rendered":"Esschert Design Holzfeuchtemessger\u00e4t"},"content":{"rendered":"<p>Esschert Design Holzfeuchtemessger\u00e4t.<br \/>\nMit diesem Holzfeuchtemessger\u00e4t l\u00e4sst sich der Feuchtigkeitsgehalt von Brennholz pr\u00e4zise bestimmen \u2013 f\u00fcr eine optimale Effizienz der Heizungsanlage. So verbrennen Sie Holz stets im idealen Feuchtigkeitsbereich. Das Heizen mit trockenem Holz ist umweltfreundlicher, da es weniger Treibhausgase und Schadstoffe freisetzt als feuchtes Holz.<\/p>\n<p>Artikelnummer FF639<br \/>\nProduktgruppe(n) Feuer, drau\u00dfen grillen und kochen, Zubeh\u00f6r<br \/>\nProduktabmessungen in cm L 6,2 x T 12,9 x H 3<br \/>\nMaterial ABS, PCB<br \/>\nNettogewicht 0,118 kg<br \/>\nBarcode 8714982276200<br \/>\nmit CE-Kennzeichnung<br \/>\nProduzent <a href=\"https:\/\/www.esschertdesign.com\/shop\/de\/hout-vochtmeter-ff639\" target=\"_blank\">Esschert Design<\/a><\/p>\n","protected":false},"excerpt":{"rendered":"<p>Digitales Feuchtigkeitsmessger\u00e4t<br \/>\nMisst den Feuchtigkeitsgehalt von Holz<br \/>\nKompaktes, handliches Design<br \/>\nLCD-Display zeigt deutlich den Feuchtigkeitsgehalt an<br \/>\nSicherheitszackenkappe<br \/>\nL 6,2 x T 12,9 x H 3<br \/>\nMaterial ABS, PCB<br \/>\nNettogewicht 0,118 kg<br \/>\nBarcode 8714982276200<br \/>\nmit CE-Kennzeichnung<\/p>\n","protected":false},"featured_media":18443,"template":"","meta":[],"product_brand":[9597,9598],"product_cat":[1124],"product_tag":[7490,6834,7857,7858],"class_list":{"0":"post-18442","1":"product","2":"type-product","3":"status-publish","4":"has-post-thumbnail","6":"product_brand-esschert-design","7":"product_brand-trends-and-vision","8":"product_cat-fancy-flames","9":"product_tag-boden-feuchtigkeitsmesser","10":"product_tag-holz","11":"product_tag-holzfeuchtemessgeraet","12":"product_tag-messgeraete","13":"pa_anbieter-esschert-design","14":"pa_ean-code-7663","16":"first","17":"instock","18":"sale","19":"taxable","20":"shipping-taxable","21":"purchasable","22":"product-type-simple","23":"czr-hentry"},"yoast_head":"<!-- This site is optimized with the Yoast SEO Premium plugin v26.4 (Yoast SEO v27.3) - https:\/\/yoast.com\/product\/yoast-seo-premium-wordpress\/ -->\n<title>Esschert Design Holzfeuchtemessger\u00e4t (FF639 8714982276200)<\/title>\n<meta name=\"description\" content=\"Esschert Design Holzfeuchtemessger\u00e4t(FF639 8714982276200) cm L 6,2 x T 12,9 x H 3- Material ABS, PCB- Nettogewicht 0,118 kg-mit CE-Kennzeichnung\" \/>\n<meta name=\"robots\" content=\"index, follow, max-snippet:-1, max-image-preview:large, max-video-preview:-1\" \/>\n<link rel=\"canonical\" href=\"https:\/\/trendsandvision.nl\/de\/product\/esschert-design-holzfeuchtemessgeraet\/\" \/>\n<meta property=\"og:locale\" content=\"de_DE\" \/>\n<meta property=\"og:type\" content=\"article\" \/>\n<meta property=\"og:title\" content=\"Esschert Design Holzfeuchtemessger\u00e4t\" \/>\n<meta property=\"og:description\" content=\"Esschert Design Holzfeuchtemessger\u00e4t(FF639 8714982276200) cm L 6,2 x T 12,9 x H 3- Material ABS, PCB- Nettogewicht 0,118 kg-mit CE-Kennzeichnung\" \/>\n<meta property=\"og:url\" content=\"https:\/\/trendsandvision.nl\/de\/product\/esschert-design-holzfeuchtemessgeraet\/\" \/>\n<meta property=\"og:site_name\" content=\"Trends &amp; Vision (DE)\" \/>\n<meta property=\"article:modified_time\" content=\"2026-04-07T08:30:47+00:00\" \/>\n<meta property=\"og:image\" content=\"https:\/\/trendsandvision.nl\/de\/wp-content\/uploads\/sites\/3\/2024\/12\/FF639_01.jpg\" \/>\n\t<meta property=\"og:image:width\" content=\"800\" \/>\n\t<meta property=\"og:image:height\" content=\"800\" \/>\n\t<meta property=\"og:image:type\" content=\"image\/jpeg\" \/>\n<meta name=\"twitter:card\" content=\"summary_large_image\" \/>\n<meta name=\"twitter:label1\" content=\"Gesch\u00e4tzte Lesezeit\" \/>\n\t<meta name=\"twitter:data1\" content=\"2\u00a0Minuten\" \/>\n<script type=\"application\/ld+json\" class=\"yoast-schema-graph\">{\"@context\":\"https:\\\/\\\/schema.org\",\"@graph\":[{\"@type\":\"WebPage\",\"@id\":\"https:\\\/\\\/trendsandvision.nl\\\/de\\\/product\\\/esschert-design-holzfeuchtemessgeraet\\\/\",\"url\":\"https:\\\/\\\/trendsandvision.nl\\\/de\\\/product\\\/esschert-design-holzfeuchtemessgeraet\\\/\",\"name\":\"Esschert Design Holzfeuchtemessger\u00e4t (FF639 8714982276200)\",\"isPartOf\":{\"@id\":\"https:\\\/\\\/trendsandvision.nl\\\/de\\\/#website\"},\"primaryImageOfPage\":{\"@id\":\"https:\\\/\\\/trendsandvision.nl\\\/de\\\/product\\\/esschert-design-holzfeuchtemessgeraet\\\/#primaryimage\"},\"image\":{\"@id\":\"https:\\\/\\\/trendsandvision.nl\\\/de\\\/product\\\/esschert-design-holzfeuchtemessgeraet\\\/#primaryimage\"},\"thumbnailUrl\":\"https:\\\/\\\/trendsandvision.nl\\\/de\\\/wp-content\\\/uploads\\\/sites\\\/3\\\/2024\\\/12\\\/FF639_01.jpg\",\"datePublished\":\"2024-12-22T07:42:42+00:00\",\"dateModified\":\"2026-04-07T08:30:47+00:00\",\"description\":\"Esschert Design Holzfeuchtemessger\u00e4t(FF639 8714982276200) cm L 6,2 x T 12,9 x H 3- Material ABS, PCB- Nettogewicht 0,118 kg-mit CE-Kennzeichnung\",\"breadcrumb\":{\"@id\":\"https:\\\/\\\/trendsandvision.nl\\\/de\\\/product\\\/esschert-design-holzfeuchtemessgeraet\\\/#breadcrumb\"},\"inLanguage\":\"de\",\"potentialAction\":[{\"@type\":\"ReadAction\",\"target\":[\"https:\\\/\\\/trendsandvision.nl\\\/de\\\/product\\\/esschert-design-holzfeuchtemessgeraet\\\/\"]}]},{\"@type\":\"ImageObject\",\"inLanguage\":\"de\",\"@id\":\"https:\\\/\\\/trendsandvision.nl\\\/de\\\/product\\\/esschert-design-holzfeuchtemessgeraet\\\/#primaryimage\",\"url\":\"https:\\\/\\\/trendsandvision.nl\\\/de\\\/wp-content\\\/uploads\\\/sites\\\/3\\\/2024\\\/12\\\/FF639_01.jpg\",\"contentUrl\":\"https:\\\/\\\/trendsandvision.nl\\\/de\\\/wp-content\\\/uploads\\\/sites\\\/3\\\/2024\\\/12\\\/FF639_01.jpg\",\"width\":800,\"height\":800,\"caption\":\"Trends and Vision Holzfeuchtemessger\u00e4t(FF639 8714982276200) cm L 6,2 x T 12,9 x H 3- Material ABS, PCB- Nettogewicht 0,118 kg-mit CE-Kennzeichnung\"},{\"@type\":\"BreadcrumbList\",\"@id\":\"https:\\\/\\\/trendsandvision.nl\\\/de\\\/product\\\/esschert-design-holzfeuchtemessgeraet\\\/#breadcrumb\",\"itemListElement\":[{\"@type\":\"ListItem\",\"position\":1,\"name\":\"Home\",\"item\":\"https:\\\/\\\/trendsandvision.nl\\\/de\\\/\"},{\"@type\":\"ListItem\",\"position\":2,\"name\":\"Gesch\u00e4ft\",\"item\":\"https:\\\/\\\/trendsandvision.nl\\\/de\\\/geschaft\\\/\"},{\"@type\":\"ListItem\",\"position\":3,\"name\":\"Esschert Design Holzfeuchtemessger\u00e4t\"}]},{\"@type\":\"WebSite\",\"@id\":\"https:\\\/\\\/trendsandvision.nl\\\/de\\\/#website\",\"url\":\"https:\\\/\\\/trendsandvision.nl\\\/de\\\/\",\"name\":\"Trends &amp; Vision (DE)\",\"description\":\"Der Webshop f\u00fcr Esschert Design Artikel\",\"publisher\":{\"@id\":\"https:\\\/\\\/trendsandvision.nl\\\/de\\\/#organization\"},\"potentialAction\":[{\"@type\":\"SearchAction\",\"target\":{\"@type\":\"EntryPoint\",\"urlTemplate\":\"https:\\\/\\\/trendsandvision.nl\\\/de\\\/?s={search_term_string}\"},\"query-input\":{\"@type\":\"PropertyValueSpecification\",\"valueRequired\":true,\"valueName\":\"search_term_string\"}}],\"inLanguage\":\"de\"},{\"@type\":\"Organization\",\"@id\":\"https:\\\/\\\/trendsandvision.nl\\\/de\\\/#organization\",\"name\":\"Trends &amp; Vision (DE)\",\"url\":\"https:\\\/\\\/trendsandvision.nl\\\/de\\\/\",\"logo\":{\"@type\":\"ImageObject\",\"inLanguage\":\"de\",\"@id\":\"https:\\\/\\\/trendsandvision.nl\\\/de\\\/#\\\/schema\\\/logo\\\/image\\\/\",\"url\":\"https:\\\/\\\/trendsandvision.nl\\\/de\\\/wp-content\\\/uploads\\\/sites\\\/3\\\/2022\\\/04\\\/trends-and-vision-logo.jpg\",\"contentUrl\":\"https:\\\/\\\/trendsandvision.nl\\\/de\\\/wp-content\\\/uploads\\\/sites\\\/3\\\/2022\\\/04\\\/trends-and-vision-logo.jpg\",\"width\":213,\"height\":100,\"caption\":\"Trends &amp; Vision (DE)\"},\"image\":{\"@id\":\"https:\\\/\\\/trendsandvision.nl\\\/de\\\/#\\\/schema\\\/logo\\\/image\\\/\"}}]}<\/script>\n<!-- \/ Yoast SEO Premium plugin. -->","yoast_head_json":{"title":"Esschert Design Holzfeuchtemessger\u00e4t (FF639 8714982276200)","description":"Esschert Design Holzfeuchtemessger\u00e4t(FF639 8714982276200) cm L 6,2 x T 12,9 x H 3- Material ABS, PCB- Nettogewicht 0,118 kg-mit CE-Kennzeichnung","robots":{"index":"index","follow":"follow","max-snippet":"max-snippet:-1","max-image-preview":"max-image-preview:large","max-video-preview":"max-video-preview:-1"},"canonical":"https:\/\/trendsandvision.nl\/de\/product\/esschert-design-holzfeuchtemessgeraet\/","og_locale":"de_DE","og_type":"article","og_title":"Esschert Design Holzfeuchtemessger\u00e4t","og_description":"Esschert Design Holzfeuchtemessger\u00e4t(FF639 8714982276200) cm L 6,2 x T 12,9 x H 3- Material ABS, PCB- Nettogewicht 0,118 kg-mit CE-Kennzeichnung","og_url":"https:\/\/trendsandvision.nl\/de\/product\/esschert-design-holzfeuchtemessgeraet\/","og_site_name":"Trends &amp; Vision (DE)","article_modified_time":"2026-04-07T08:30:47+00:00","og_image":[{"width":800,"height":800,"url":"https:\/\/trendsandvision.nl\/de\/wp-content\/uploads\/sites\/3\/2024\/12\/FF639_01.jpg","type":"image\/jpeg"}],"twitter_card":"summary_large_image","twitter_misc":{"Gesch\u00e4tzte Lesezeit":"2\u00a0Minuten"},"schema":{"@context":"https:\/\/schema.org","@graph":[{"@type":"WebPage","@id":"https:\/\/trendsandvision.nl\/de\/product\/esschert-design-holzfeuchtemessgeraet\/","url":"https:\/\/trendsandvision.nl\/de\/product\/esschert-design-holzfeuchtemessgeraet\/","name":"Esschert Design Holzfeuchtemessger\u00e4t (FF639 8714982276200)","isPartOf":{"@id":"https:\/\/trendsandvision.nl\/de\/#website"},"primaryImageOfPage":{"@id":"https:\/\/trendsandvision.nl\/de\/product\/esschert-design-holzfeuchtemessgeraet\/#primaryimage"},"image":{"@id":"https:\/\/trendsandvision.nl\/de\/product\/esschert-design-holzfeuchtemessgeraet\/#primaryimage"},"thumbnailUrl":"https:\/\/trendsandvision.nl\/de\/wp-content\/uploads\/sites\/3\/2024\/12\/FF639_01.jpg","datePublished":"2024-12-22T07:42:42+00:00","dateModified":"2026-04-07T08:30:47+00:00","description":"Esschert Design Holzfeuchtemessger\u00e4t(FF639 8714982276200) cm L 6,2 x T 12,9 x H 3- Material ABS, PCB- Nettogewicht 0,118 kg-mit CE-Kennzeichnung","breadcrumb":{"@id":"https:\/\/trendsandvision.nl\/de\/product\/esschert-design-holzfeuchtemessgeraet\/#breadcrumb"},"inLanguage":"de","potentialAction":[{"@type":"ReadAction","target":["https:\/\/trendsandvision.nl\/de\/product\/esschert-design-holzfeuchtemessgeraet\/"]}]},{"@type":"ImageObject","inLanguage":"de","@id":"https:\/\/trendsandvision.nl\/de\/product\/esschert-design-holzfeuchtemessgeraet\/#primaryimage","url":"https:\/\/trendsandvision.nl\/de\/wp-content\/uploads\/sites\/3\/2024\/12\/FF639_01.jpg","contentUrl":"https:\/\/trendsandvision.nl\/de\/wp-content\/uploads\/sites\/3\/2024\/12\/FF639_01.jpg","width":800,"height":800,"caption":"Trends and Vision Holzfeuchtemessger\u00e4t(FF639 8714982276200) cm L 6,2 x T 12,9 x H 3- Material ABS, PCB- Nettogewicht 0,118 kg-mit CE-Kennzeichnung"},{"@type":"BreadcrumbList","@id":"https:\/\/trendsandvision.nl\/de\/product\/esschert-design-holzfeuchtemessgeraet\/#breadcrumb","itemListElement":[{"@type":"ListItem","position":1,"name":"Home","item":"https:\/\/trendsandvision.nl\/de\/"},{"@type":"ListItem","position":2,"name":"Gesch\u00e4ft","item":"https:\/\/trendsandvision.nl\/de\/geschaft\/"},{"@type":"ListItem","position":3,"name":"Esschert Design Holzfeuchtemessger\u00e4t"}]},{"@type":"WebSite","@id":"https:\/\/trendsandvision.nl\/de\/#website","url":"https:\/\/trendsandvision.nl\/de\/","name":"Trends &amp; Vision (DE)","description":"Der Webshop f\u00fcr Esschert Design Artikel","publisher":{"@id":"https:\/\/trendsandvision.nl\/de\/#organization"},"potentialAction":[{"@type":"SearchAction","target":{"@type":"EntryPoint","urlTemplate":"https:\/\/trendsandvision.nl\/de\/?s={search_term_string}"},"query-input":{"@type":"PropertyValueSpecification","valueRequired":true,"valueName":"search_term_string"}}],"inLanguage":"de"},{"@type":"Organization","@id":"https:\/\/trendsandvision.nl\/de\/#organization","name":"Trends &amp; Vision (DE)","url":"https:\/\/trendsandvision.nl\/de\/","logo":{"@type":"ImageObject","inLanguage":"de","@id":"https:\/\/trendsandvision.nl\/de\/#\/schema\/logo\/image\/","url":"https:\/\/trendsandvision.nl\/de\/wp-content\/uploads\/sites\/3\/2022\/04\/trends-and-vision-logo.jpg","contentUrl":"https:\/\/trendsandvision.nl\/de\/wp-content\/uploads\/sites\/3\/2022\/04\/trends-and-vision-logo.jpg","width":213,"height":100,"caption":"Trends &amp; Vision (DE)"},"image":{"@id":"https:\/\/trendsandvision.nl\/de\/#\/schema\/logo\/image\/"}}]}},"_links":{"self":[{"href":"https:\/\/trendsandvision.nl\/de\/wp-json\/wp\/v2\/product\/18442","targetHints":{"allow":["GET"]}}],"collection":[{"href":"https:\/\/trendsandvision.nl\/de\/wp-json\/wp\/v2\/product"}],"about":[{"href":"https:\/\/trendsandvision.nl\/de\/wp-json\/wp\/v2\/types\/product"}],"wp:featuredmedia":[{"embeddable":true,"href":"https:\/\/trendsandvision.nl\/de\/wp-json\/wp\/v2\/media\/18443"}],"wp:attachment":[{"href":"https:\/\/trendsandvision.nl\/de\/wp-json\/wp\/v2\/media?parent=18442"}],"wp:term":[{"taxonomy":"product_brand","embeddable":true,"href":"https:\/\/trendsandvision.nl\/de\/wp-json\/wp\/v2\/product_brand?post=18442"},{"taxonomy":"product_cat","embeddable":true,"href":"https:\/\/trendsandvision.nl\/de\/wp-json\/wp\/v2\/product_cat?post=18442"},{"taxonomy":"product_tag","embeddable":true,"href":"https:\/\/trendsandvision.nl\/de\/wp-json\/wp\/v2\/product_tag?post=18442"}],"curies":[{"name":"wp","href":"https:\/\/api.w.org\/{rel}","templated":true}]}}