{"id":18440,"date":"2024-12-22T08:42:40","date_gmt":"2024-12-22T07:42:40","guid":{"rendered":"https:\/\/trendsandvision.nl\/de\/product\/esschert-design-getrocknet-wurmmischung-07-kg-im-eimer\/"},"modified":"2026-04-07T10:28:21","modified_gmt":"2026-04-07T08:28:21","slug":"esschert-design-getrocknete-wurmmischung-07-kg-im-eimer","status":"publish","type":"product","link":"https:\/\/trendsandvision.nl\/de\/product\/esschert-design-getrocknete-wurmmischung-07-kg-im-eimer\/","title":{"rendered":"Esschert Design Getrocknete Wurmmischung 0,7 kg im Eimer"},"content":{"rendered":"<p>Esschert Design Getrocknete Wurmmischung 0,7 kg im Eimer.<br \/>\nEine Mischung aus getrockneten Kalziumw\u00fcrmern und getrockneten Mehlw\u00fcrmern.<br \/>\nDiese Wurm-Mischung vereint das Beste aus zwei Welten: den hohen Kalziumgehalt der Calciumw\u00fcrmer mit den eiwei\u00dfreichen und gesunden Eigenschaften von Mehlw\u00fcrmern.<br \/>\nDie Mischung unterst\u00fctzt starke Knochen, gesunde Eierschalen und ein gest\u00e4rktes Immunsystem.<br \/>\nVerpackt in einem praktischen, <strong><a href=\"https:\/\/trendsandvision.nl\/de\/?s=stapelbaren+Eimer&amp;post_type=product&amp;dgwt_wcas=1\">stapelbaren Eimer<\/a><\/strong> mit stabilem Griff.<br \/>\nDer Eimer ist fest verschlossen, sodass Sch\u00e4dlinge wie Ratten keinen Zugang zu den W\u00fcrmern haben.<\/p>\n<p>Artikelname Getrockneter W\u00fcrmermix 0,7 kg Eimer.<br \/>\nArtikelnummer FB963<br \/>\nProduktabmessungen in cm L 22,5 x T 22,5 x H 18,7<br \/>\nMaterial Mehlw\u00fcrmer, calciw\u00fcrmer<br \/>\nNettogewicht 0,7 kg<br \/>\nBarcode 8714982284755<br \/>\nProduzent <a href=\"https:\/\/www.esschertdesign.com\/shop\/de\/gedroog-wormenmix-0-7kg-in-emmer-fb963\" target=\"_blank\">Esschert Design<\/a><\/p>\n","protected":false},"excerpt":{"rendered":"<p>Einfach stapel und verstaubar<br \/>\nNagetiersichere Aufbewahrung<br \/>\nLeicht zu transportieren<br \/>\nL 22,5 x T 22,5 x H 18,7 cm<br \/>\nMehlw\u00fcrmer, Calciw\u00fcrmer<br \/>\nNettogewicht 0,7 kg<br \/>\nBarcode 8714982284755<\/p>\n","protected":false},"featured_media":18441,"template":"","meta":[],"product_brand":[9597,9598],"product_cat":[1315],"product_tag":[6767,7861,7860,7437,6953,7859],"class_list":{"0":"post-18440","1":"product","2":"type-product","3":"status-publish","4":"has-post-thumbnail","6":"product_brand-esschert-design","7":"product_brand-trends-and-vision","8":"product_cat-best-for-birds","9":"product_tag-abschliessbar","10":"product_tag-incl-handgriff","11":"product_tag-leicht-tragbar","12":"product_tag-stapelbar","13":"product_tag-vogelfutter","14":"product_tag-wurmmischung","15":"pa_anbieter-esschert-design","16":"pa_ean-code-7662","18":"first","19":"instock","20":"sale","21":"taxable","22":"shipping-taxable","23":"purchasable","24":"product-type-simple","25":"czr-hentry"},"yoast_head":"<!-- This site is optimized with the Yoast SEO Premium plugin v26.4 (Yoast SEO v27.3) - https:\/\/yoast.com\/product\/yoast-seo-premium-wordpress\/ -->\n<title>Esschert Design Getrocknete Wurmmischung 0,7 kg im Eimer<\/title>\n<meta name=\"description\" content=\"Esschert Design Getrocknete Wurmmischung 0,7 kg im Eimer(FB963 8714982284755)cm L 22,5 x T 22,5 x H 18,7- Mehlw\u00fcrmer, calciw\u00fcrmer-gewicht 0,7 kg\" \/>\n<meta name=\"robots\" content=\"index, follow, max-snippet:-1, max-image-preview:large, max-video-preview:-1\" \/>\n<link rel=\"canonical\" href=\"https:\/\/trendsandvision.nl\/de\/product\/esschert-design-getrocknete-wurmmischung-07-kg-im-eimer\/\" \/>\n<meta property=\"og:locale\" content=\"de_DE\" \/>\n<meta property=\"og:type\" content=\"article\" \/>\n<meta property=\"og:title\" content=\"Esschert Design Getrocknete Wurmmischung 0,7 kg im Eimer\" \/>\n<meta property=\"og:description\" content=\"Esschert Design Getrocknete Wurmmischung 0,7 kg im Eimer(FB963 8714982284755)cm L 22,5 x T 22,5 x H 18,7- Mehlw\u00fcrmer, calciw\u00fcrmer-gewicht 0,7 kg\" \/>\n<meta property=\"og:url\" content=\"https:\/\/trendsandvision.nl\/de\/product\/esschert-design-getrocknete-wurmmischung-07-kg-im-eimer\/\" \/>\n<meta property=\"og:site_name\" content=\"Trends &amp; Vision (DE)\" \/>\n<meta property=\"article:modified_time\" content=\"2026-04-07T08:28:21+00:00\" \/>\n<meta property=\"og:image\" content=\"https:\/\/trendsandvision.nl\/de\/wp-content\/uploads\/sites\/3\/2024\/12\/FB963_01.jpg\" \/>\n\t<meta property=\"og:image:width\" content=\"800\" \/>\n\t<meta property=\"og:image:height\" content=\"800\" \/>\n\t<meta property=\"og:image:type\" content=\"image\/jpeg\" \/>\n<meta name=\"twitter:card\" content=\"summary_large_image\" \/>\n<meta name=\"twitter:label1\" content=\"Gesch\u00e4tzte Lesezeit\" \/>\n\t<meta name=\"twitter:data1\" content=\"1\u00a0Minute\" \/>\n<script type=\"application\/ld+json\" class=\"yoast-schema-graph\">{\"@context\":\"https:\\\/\\\/schema.org\",\"@graph\":[{\"@type\":\"WebPage\",\"@id\":\"https:\\\/\\\/trendsandvision.nl\\\/de\\\/product\\\/esschert-design-getrocknete-wurmmischung-07-kg-im-eimer\\\/\",\"url\":\"https:\\\/\\\/trendsandvision.nl\\\/de\\\/product\\\/esschert-design-getrocknete-wurmmischung-07-kg-im-eimer\\\/\",\"name\":\"Esschert Design Getrocknete Wurmmischung 0,7 kg im Eimer\",\"isPartOf\":{\"@id\":\"https:\\\/\\\/trendsandvision.nl\\\/de\\\/#website\"},\"primaryImageOfPage\":{\"@id\":\"https:\\\/\\\/trendsandvision.nl\\\/de\\\/product\\\/esschert-design-getrocknete-wurmmischung-07-kg-im-eimer\\\/#primaryimage\"},\"image\":{\"@id\":\"https:\\\/\\\/trendsandvision.nl\\\/de\\\/product\\\/esschert-design-getrocknete-wurmmischung-07-kg-im-eimer\\\/#primaryimage\"},\"thumbnailUrl\":\"https:\\\/\\\/trendsandvision.nl\\\/de\\\/wp-content\\\/uploads\\\/sites\\\/3\\\/2024\\\/12\\\/FB963_01.jpg\",\"datePublished\":\"2024-12-22T07:42:40+00:00\",\"dateModified\":\"2026-04-07T08:28:21+00:00\",\"description\":\"Esschert Design Getrocknete Wurmmischung 0,7 kg im Eimer(FB963 8714982284755)cm L 22,5 x T 22,5 x H 18,7- Mehlw\u00fcrmer, calciw\u00fcrmer-gewicht 0,7 kg\",\"breadcrumb\":{\"@id\":\"https:\\\/\\\/trendsandvision.nl\\\/de\\\/product\\\/esschert-design-getrocknete-wurmmischung-07-kg-im-eimer\\\/#breadcrumb\"},\"inLanguage\":\"de\",\"potentialAction\":[{\"@type\":\"ReadAction\",\"target\":[\"https:\\\/\\\/trendsandvision.nl\\\/de\\\/product\\\/esschert-design-getrocknete-wurmmischung-07-kg-im-eimer\\\/\"]}]},{\"@type\":\"ImageObject\",\"inLanguage\":\"de\",\"@id\":\"https:\\\/\\\/trendsandvision.nl\\\/de\\\/product\\\/esschert-design-getrocknete-wurmmischung-07-kg-im-eimer\\\/#primaryimage\",\"url\":\"https:\\\/\\\/trendsandvision.nl\\\/de\\\/wp-content\\\/uploads\\\/sites\\\/3\\\/2024\\\/12\\\/FB963_01.jpg\",\"contentUrl\":\"https:\\\/\\\/trendsandvision.nl\\\/de\\\/wp-content\\\/uploads\\\/sites\\\/3\\\/2024\\\/12\\\/FB963_01.jpg\",\"width\":800,\"height\":800,\"caption\":\"Trends and Vision Getrocknete Wurmmischung 0,7 kg Einfach stapel und verstaubar Nagetiersichere Aufbewahrung Leicht zu transportieren\"},{\"@type\":\"BreadcrumbList\",\"@id\":\"https:\\\/\\\/trendsandvision.nl\\\/de\\\/product\\\/esschert-design-getrocknete-wurmmischung-07-kg-im-eimer\\\/#breadcrumb\",\"itemListElement\":[{\"@type\":\"ListItem\",\"position\":1,\"name\":\"Home\",\"item\":\"https:\\\/\\\/trendsandvision.nl\\\/de\\\/\"},{\"@type\":\"ListItem\",\"position\":2,\"name\":\"Gesch\u00e4ft\",\"item\":\"https:\\\/\\\/trendsandvision.nl\\\/de\\\/geschaft\\\/\"},{\"@type\":\"ListItem\",\"position\":3,\"name\":\"Esschert Design Getrocknete Wurmmischung 0,7 kg im Eimer\"}]},{\"@type\":\"WebSite\",\"@id\":\"https:\\\/\\\/trendsandvision.nl\\\/de\\\/#website\",\"url\":\"https:\\\/\\\/trendsandvision.nl\\\/de\\\/\",\"name\":\"Trends &amp; Vision (DE)\",\"description\":\"Der Webshop f\u00fcr Esschert Design Artikel\",\"publisher\":{\"@id\":\"https:\\\/\\\/trendsandvision.nl\\\/de\\\/#organization\"},\"potentialAction\":[{\"@type\":\"SearchAction\",\"target\":{\"@type\":\"EntryPoint\",\"urlTemplate\":\"https:\\\/\\\/trendsandvision.nl\\\/de\\\/?s={search_term_string}\"},\"query-input\":{\"@type\":\"PropertyValueSpecification\",\"valueRequired\":true,\"valueName\":\"search_term_string\"}}],\"inLanguage\":\"de\"},{\"@type\":\"Organization\",\"@id\":\"https:\\\/\\\/trendsandvision.nl\\\/de\\\/#organization\",\"name\":\"Trends &amp; Vision (DE)\",\"url\":\"https:\\\/\\\/trendsandvision.nl\\\/de\\\/\",\"logo\":{\"@type\":\"ImageObject\",\"inLanguage\":\"de\",\"@id\":\"https:\\\/\\\/trendsandvision.nl\\\/de\\\/#\\\/schema\\\/logo\\\/image\\\/\",\"url\":\"https:\\\/\\\/trendsandvision.nl\\\/de\\\/wp-content\\\/uploads\\\/sites\\\/3\\\/2022\\\/04\\\/trends-and-vision-logo.jpg\",\"contentUrl\":\"https:\\\/\\\/trendsandvision.nl\\\/de\\\/wp-content\\\/uploads\\\/sites\\\/3\\\/2022\\\/04\\\/trends-and-vision-logo.jpg\",\"width\":213,\"height\":100,\"caption\":\"Trends &amp; Vision (DE)\"},\"image\":{\"@id\":\"https:\\\/\\\/trendsandvision.nl\\\/de\\\/#\\\/schema\\\/logo\\\/image\\\/\"}}]}<\/script>\n<!-- \/ Yoast SEO Premium plugin. -->","yoast_head_json":{"title":"Esschert Design Getrocknete Wurmmischung 0,7 kg im Eimer","description":"Esschert Design Getrocknete Wurmmischung 0,7 kg im Eimer(FB963 8714982284755)cm L 22,5 x T 22,5 x H 18,7- Mehlw\u00fcrmer, calciw\u00fcrmer-gewicht 0,7 kg","robots":{"index":"index","follow":"follow","max-snippet":"max-snippet:-1","max-image-preview":"max-image-preview:large","max-video-preview":"max-video-preview:-1"},"canonical":"https:\/\/trendsandvision.nl\/de\/product\/esschert-design-getrocknete-wurmmischung-07-kg-im-eimer\/","og_locale":"de_DE","og_type":"article","og_title":"Esschert Design Getrocknete Wurmmischung 0,7 kg im Eimer","og_description":"Esschert Design Getrocknete Wurmmischung 0,7 kg im Eimer(FB963 8714982284755)cm L 22,5 x T 22,5 x H 18,7- Mehlw\u00fcrmer, calciw\u00fcrmer-gewicht 0,7 kg","og_url":"https:\/\/trendsandvision.nl\/de\/product\/esschert-design-getrocknete-wurmmischung-07-kg-im-eimer\/","og_site_name":"Trends &amp; Vision (DE)","article_modified_time":"2026-04-07T08:28:21+00:00","og_image":[{"width":800,"height":800,"url":"https:\/\/trendsandvision.nl\/de\/wp-content\/uploads\/sites\/3\/2024\/12\/FB963_01.jpg","type":"image\/jpeg"}],"twitter_card":"summary_large_image","twitter_misc":{"Gesch\u00e4tzte Lesezeit":"1\u00a0Minute"},"schema":{"@context":"https:\/\/schema.org","@graph":[{"@type":"WebPage","@id":"https:\/\/trendsandvision.nl\/de\/product\/esschert-design-getrocknete-wurmmischung-07-kg-im-eimer\/","url":"https:\/\/trendsandvision.nl\/de\/product\/esschert-design-getrocknete-wurmmischung-07-kg-im-eimer\/","name":"Esschert Design Getrocknete Wurmmischung 0,7 kg im Eimer","isPartOf":{"@id":"https:\/\/trendsandvision.nl\/de\/#website"},"primaryImageOfPage":{"@id":"https:\/\/trendsandvision.nl\/de\/product\/esschert-design-getrocknete-wurmmischung-07-kg-im-eimer\/#primaryimage"},"image":{"@id":"https:\/\/trendsandvision.nl\/de\/product\/esschert-design-getrocknete-wurmmischung-07-kg-im-eimer\/#primaryimage"},"thumbnailUrl":"https:\/\/trendsandvision.nl\/de\/wp-content\/uploads\/sites\/3\/2024\/12\/FB963_01.jpg","datePublished":"2024-12-22T07:42:40+00:00","dateModified":"2026-04-07T08:28:21+00:00","description":"Esschert Design Getrocknete Wurmmischung 0,7 kg im Eimer(FB963 8714982284755)cm L 22,5 x T 22,5 x H 18,7- Mehlw\u00fcrmer, calciw\u00fcrmer-gewicht 0,7 kg","breadcrumb":{"@id":"https:\/\/trendsandvision.nl\/de\/product\/esschert-design-getrocknete-wurmmischung-07-kg-im-eimer\/#breadcrumb"},"inLanguage":"de","potentialAction":[{"@type":"ReadAction","target":["https:\/\/trendsandvision.nl\/de\/product\/esschert-design-getrocknete-wurmmischung-07-kg-im-eimer\/"]}]},{"@type":"ImageObject","inLanguage":"de","@id":"https:\/\/trendsandvision.nl\/de\/product\/esschert-design-getrocknete-wurmmischung-07-kg-im-eimer\/#primaryimage","url":"https:\/\/trendsandvision.nl\/de\/wp-content\/uploads\/sites\/3\/2024\/12\/FB963_01.jpg","contentUrl":"https:\/\/trendsandvision.nl\/de\/wp-content\/uploads\/sites\/3\/2024\/12\/FB963_01.jpg","width":800,"height":800,"caption":"Trends and Vision Getrocknete Wurmmischung 0,7 kg Einfach stapel und verstaubar Nagetiersichere Aufbewahrung Leicht zu transportieren"},{"@type":"BreadcrumbList","@id":"https:\/\/trendsandvision.nl\/de\/product\/esschert-design-getrocknete-wurmmischung-07-kg-im-eimer\/#breadcrumb","itemListElement":[{"@type":"ListItem","position":1,"name":"Home","item":"https:\/\/trendsandvision.nl\/de\/"},{"@type":"ListItem","position":2,"name":"Gesch\u00e4ft","item":"https:\/\/trendsandvision.nl\/de\/geschaft\/"},{"@type":"ListItem","position":3,"name":"Esschert Design Getrocknete Wurmmischung 0,7 kg im Eimer"}]},{"@type":"WebSite","@id":"https:\/\/trendsandvision.nl\/de\/#website","url":"https:\/\/trendsandvision.nl\/de\/","name":"Trends &amp; Vision (DE)","description":"Der Webshop f\u00fcr Esschert Design Artikel","publisher":{"@id":"https:\/\/trendsandvision.nl\/de\/#organization"},"potentialAction":[{"@type":"SearchAction","target":{"@type":"EntryPoint","urlTemplate":"https:\/\/trendsandvision.nl\/de\/?s={search_term_string}"},"query-input":{"@type":"PropertyValueSpecification","valueRequired":true,"valueName":"search_term_string"}}],"inLanguage":"de"},{"@type":"Organization","@id":"https:\/\/trendsandvision.nl\/de\/#organization","name":"Trends &amp; Vision (DE)","url":"https:\/\/trendsandvision.nl\/de\/","logo":{"@type":"ImageObject","inLanguage":"de","@id":"https:\/\/trendsandvision.nl\/de\/#\/schema\/logo\/image\/","url":"https:\/\/trendsandvision.nl\/de\/wp-content\/uploads\/sites\/3\/2022\/04\/trends-and-vision-logo.jpg","contentUrl":"https:\/\/trendsandvision.nl\/de\/wp-content\/uploads\/sites\/3\/2022\/04\/trends-and-vision-logo.jpg","width":213,"height":100,"caption":"Trends &amp; Vision (DE)"},"image":{"@id":"https:\/\/trendsandvision.nl\/de\/#\/schema\/logo\/image\/"}}]}},"_links":{"self":[{"href":"https:\/\/trendsandvision.nl\/de\/wp-json\/wp\/v2\/product\/18440","targetHints":{"allow":["GET"]}}],"collection":[{"href":"https:\/\/trendsandvision.nl\/de\/wp-json\/wp\/v2\/product"}],"about":[{"href":"https:\/\/trendsandvision.nl\/de\/wp-json\/wp\/v2\/types\/product"}],"wp:featuredmedia":[{"embeddable":true,"href":"https:\/\/trendsandvision.nl\/de\/wp-json\/wp\/v2\/media\/18441"}],"wp:attachment":[{"href":"https:\/\/trendsandvision.nl\/de\/wp-json\/wp\/v2\/media?parent=18440"}],"wp:term":[{"taxonomy":"product_brand","embeddable":true,"href":"https:\/\/trendsandvision.nl\/de\/wp-json\/wp\/v2\/product_brand?post=18440"},{"taxonomy":"product_cat","embeddable":true,"href":"https:\/\/trendsandvision.nl\/de\/wp-json\/wp\/v2\/product_cat?post=18440"},{"taxonomy":"product_tag","embeddable":true,"href":"https:\/\/trendsandvision.nl\/de\/wp-json\/wp\/v2\/product_tag?post=18440"}],"curies":[{"name":"wp","href":"https:\/\/api.w.org\/{rel}","templated":true}]}}