{"id":18419,"date":"2024-12-22T08:42:28","date_gmt":"2024-12-22T07:42:28","guid":{"rendered":"https:\/\/trendsandvision.nl\/de\/product\/esschert-design-vogeltraenke-aus-keramik-auf-fuss-petrol-s\/"},"modified":"2026-04-07T10:27:25","modified_gmt":"2026-04-07T08:27:25","slug":"esschert-design-vogeltraenke-aus-keramik-auf-fuss-petrol-s","status":"publish","type":"product","link":"https:\/\/trendsandvision.nl\/de\/product\/esschert-design-vogeltraenke-aus-keramik-auf-fuss-petrol-s\/","title":{"rendered":"Esschert Design Vogeltr\u00e4nke aus Keramik auf Fu\u00df, Petrol S"},"content":{"rendered":"<p>Esschert Design Vogeltr\u00e4nke aus Keramik auf Fu\u00df, Petrol S.<br \/>\nKeramisches Vogelbad mit St\u00e4nder. Es bietet V\u00f6geln einen sicheren Trinkplatz, fernab von Gefahren wie Katzen oder anderen Bodenr\u00e4ubern.<br \/>\nDie erh\u00f6hte Position verschafft den V\u00f6geln einen guten \u00dcberblick \u00fcber ihre Umgebung und erschwert Raubtieren den Zugang.<br \/>\nSelbst bei Wind oder leichten Ersch\u00fctterungen bleibt das Vogelbad stabil stehen.<\/p>\n<p>Vogeltr\u00e4nke aus Keramik auf Fu\u00df, Petrol S<br \/>\nArtikelnummer FB661<br \/>\nProduktgruppe(n) V\u00f6gel &amp; Gartentiere, Vogelb\u00e4der, Auf Fu\u00df<br \/>\nProduktabmessungen in cm \u00f8 L 28,8 x T 28,8 x H 22,3<br \/>\nMaterial Terracotta<br \/>\nBruttogewicht 3,6 kg<br \/>\nNettogewicht 2,9 kg<br \/>\nBarcode 8714982282133<br \/>\nProduzent <a href=\"https:\/\/www.esschertdesign.com\/shop\/de\/vogelbad-keramiek-op-voet-petrol-s-fb661\" target=\"_blank\">Esschert Design<\/a><br \/>\nAll unsere <strong><a href=\"https:\/\/trendsandvision.nl\/de\/?s=tr\u00e4nke&amp;post_type=product&amp;dgwt_wcas=1\">Vogeltr\u00e4nke<\/a><\/strong><\/p>\n","protected":false},"excerpt":{"rendered":"<p>Aus Keramik gefertigt<br \/>\nFrostbest\u00e4ndig<br \/>\nFuss mit dem Vogelbad verbunden<br \/>\n\u00f8 L 28,8 x T 28,8 x H 22,3 cm<br \/>\nMaterial Terracotta<br \/>\nBruttogewicht 3,6 kg<br \/>\nNettogewicht 2,9 kg<br \/>\nBarcode 8714982282133<\/p>\n","protected":false},"featured_media":18420,"template":"","meta":[],"product_brand":[9597,9598],"product_cat":[1315],"product_tag":[7228,7864,11279,7548,8722,7138,6963],"class_list":{"0":"post-18419","1":"product","2":"type-product","3":"status-publish","4":"has-post-thumbnail","6":"product_brand-esschert-design","7":"product_brand-trends-and-vision","8":"product_cat-best-for-birds","9":"product_tag-auf-fuss","10":"product_tag-futterstelle","11":"product_tag-petrol-s","12":"product_tag-rund","13":"product_tag-terracotta","14":"product_tag-vogelbaeder","15":"product_tag-vogeltraenke","16":"pa_anbieter-esschert-design","17":"pa_ean-code-7657","19":"first","20":"instock","21":"sale","22":"taxable","23":"shipping-taxable","24":"purchasable","25":"product-type-simple","26":"czr-hentry"},"yoast_head":"<!-- This site is optimized with the Yoast SEO Premium plugin v26.4 (Yoast SEO v27.3) - https:\/\/yoast.com\/product\/yoast-seo-premium-wordpress\/ -->\n<title>Esschert Design Vogeltr\u00e4nke aus Keramik auf Fu\u00df, Petrol S<\/title>\n<meta name=\"description\" content=\"Esschert Design Vogeltr\u00e4nke aus Keramik auf Fu\u00df, Petrol S (FB661 8714982282133) cm \u00f8 L 28,8 x T 28,8 x H 22,3-Terracotta-gewicht 3,6 kg-gewicht 2,9 kg\" \/>\n<meta name=\"robots\" content=\"index, follow, max-snippet:-1, max-image-preview:large, max-video-preview:-1\" \/>\n<link rel=\"canonical\" href=\"https:\/\/trendsandvision.nl\/de\/product\/esschert-design-vogeltraenke-aus-keramik-auf-fuss-petrol-s\/\" \/>\n<meta property=\"og:locale\" content=\"de_DE\" \/>\n<meta property=\"og:type\" content=\"article\" \/>\n<meta property=\"og:title\" content=\"Esschert Design Vogeltr\u00e4nke aus Keramik auf Fu\u00df, Petrol S\" \/>\n<meta property=\"og:description\" content=\"Esschert Design Vogeltr\u00e4nke aus Keramik auf Fu\u00df, Petrol S (FB661 8714982282133) cm \u00f8 L 28,8 x T 28,8 x H 22,3-Terracotta-gewicht 3,6 kg-gewicht 2,9 kg\" \/>\n<meta property=\"og:url\" content=\"https:\/\/trendsandvision.nl\/de\/product\/esschert-design-vogeltraenke-aus-keramik-auf-fuss-petrol-s\/\" \/>\n<meta property=\"og:site_name\" content=\"Trends &amp; Vision (DE)\" \/>\n<meta property=\"article:modified_time\" content=\"2026-04-07T08:27:25+00:00\" \/>\n<meta property=\"og:image\" content=\"https:\/\/trendsandvision.nl\/de\/wp-content\/uploads\/sites\/3\/2024\/12\/FB661_01.jpg\" \/>\n\t<meta property=\"og:image:width\" content=\"800\" \/>\n\t<meta property=\"og:image:height\" content=\"800\" \/>\n\t<meta property=\"og:image:type\" content=\"image\/jpeg\" \/>\n<meta name=\"twitter:card\" content=\"summary_large_image\" \/>\n<meta name=\"twitter:label1\" content=\"Gesch\u00e4tzte Lesezeit\" \/>\n\t<meta name=\"twitter:data1\" content=\"1\u00a0Minute\" \/>\n<script type=\"application\/ld+json\" class=\"yoast-schema-graph\">{\"@context\":\"https:\\\/\\\/schema.org\",\"@graph\":[{\"@type\":\"WebPage\",\"@id\":\"https:\\\/\\\/trendsandvision.nl\\\/de\\\/product\\\/esschert-design-vogeltraenke-aus-keramik-auf-fuss-petrol-s\\\/\",\"url\":\"https:\\\/\\\/trendsandvision.nl\\\/de\\\/product\\\/esschert-design-vogeltraenke-aus-keramik-auf-fuss-petrol-s\\\/\",\"name\":\"Esschert Design Vogeltr\u00e4nke aus Keramik auf Fu\u00df, Petrol S\",\"isPartOf\":{\"@id\":\"https:\\\/\\\/trendsandvision.nl\\\/de\\\/#website\"},\"primaryImageOfPage\":{\"@id\":\"https:\\\/\\\/trendsandvision.nl\\\/de\\\/product\\\/esschert-design-vogeltraenke-aus-keramik-auf-fuss-petrol-s\\\/#primaryimage\"},\"image\":{\"@id\":\"https:\\\/\\\/trendsandvision.nl\\\/de\\\/product\\\/esschert-design-vogeltraenke-aus-keramik-auf-fuss-petrol-s\\\/#primaryimage\"},\"thumbnailUrl\":\"https:\\\/\\\/trendsandvision.nl\\\/de\\\/wp-content\\\/uploads\\\/sites\\\/3\\\/2024\\\/12\\\/FB661_01.jpg\",\"datePublished\":\"2024-12-22T07:42:28+00:00\",\"dateModified\":\"2026-04-07T08:27:25+00:00\",\"description\":\"Esschert Design Vogeltr\u00e4nke aus Keramik auf Fu\u00df, Petrol S (FB661 8714982282133) cm \u00f8 L 28,8 x T 28,8 x H 22,3-Terracotta-gewicht 3,6 kg-gewicht 2,9 kg\",\"breadcrumb\":{\"@id\":\"https:\\\/\\\/trendsandvision.nl\\\/de\\\/product\\\/esschert-design-vogeltraenke-aus-keramik-auf-fuss-petrol-s\\\/#breadcrumb\"},\"inLanguage\":\"de\",\"potentialAction\":[{\"@type\":\"ReadAction\",\"target\":[\"https:\\\/\\\/trendsandvision.nl\\\/de\\\/product\\\/esschert-design-vogeltraenke-aus-keramik-auf-fuss-petrol-s\\\/\"]}]},{\"@type\":\"ImageObject\",\"inLanguage\":\"de\",\"@id\":\"https:\\\/\\\/trendsandvision.nl\\\/de\\\/product\\\/esschert-design-vogeltraenke-aus-keramik-auf-fuss-petrol-s\\\/#primaryimage\",\"url\":\"https:\\\/\\\/trendsandvision.nl\\\/de\\\/wp-content\\\/uploads\\\/sites\\\/3\\\/2024\\\/12\\\/FB661_01.jpg\",\"contentUrl\":\"https:\\\/\\\/trendsandvision.nl\\\/de\\\/wp-content\\\/uploads\\\/sites\\\/3\\\/2024\\\/12\\\/FB661_01.jpg\",\"width\":800,\"height\":800,\"caption\":\"Trends and Vision Vogeltr\u00e4nke aus Keramik auf Fu\u00df, Petrol S (FB661 8714982282133) cm \u00f8 L 28,8 x T 28,8 x H 22,3-Terracotta-gewicht 3,6 kg-gewicht 2,9 kg\"},{\"@type\":\"BreadcrumbList\",\"@id\":\"https:\\\/\\\/trendsandvision.nl\\\/de\\\/product\\\/esschert-design-vogeltraenke-aus-keramik-auf-fuss-petrol-s\\\/#breadcrumb\",\"itemListElement\":[{\"@type\":\"ListItem\",\"position\":1,\"name\":\"Home\",\"item\":\"https:\\\/\\\/trendsandvision.nl\\\/de\\\/\"},{\"@type\":\"ListItem\",\"position\":2,\"name\":\"Gesch\u00e4ft\",\"item\":\"https:\\\/\\\/trendsandvision.nl\\\/de\\\/geschaft\\\/\"},{\"@type\":\"ListItem\",\"position\":3,\"name\":\"Esschert Design Vogeltr\u00e4nke aus Keramik auf Fu\u00df, Petrol S\"}]},{\"@type\":\"WebSite\",\"@id\":\"https:\\\/\\\/trendsandvision.nl\\\/de\\\/#website\",\"url\":\"https:\\\/\\\/trendsandvision.nl\\\/de\\\/\",\"name\":\"Trends &amp; Vision (DE)\",\"description\":\"Der Webshop f\u00fcr Esschert Design Artikel\",\"publisher\":{\"@id\":\"https:\\\/\\\/trendsandvision.nl\\\/de\\\/#organization\"},\"potentialAction\":[{\"@type\":\"SearchAction\",\"target\":{\"@type\":\"EntryPoint\",\"urlTemplate\":\"https:\\\/\\\/trendsandvision.nl\\\/de\\\/?s={search_term_string}\"},\"query-input\":{\"@type\":\"PropertyValueSpecification\",\"valueRequired\":true,\"valueName\":\"search_term_string\"}}],\"inLanguage\":\"de\"},{\"@type\":\"Organization\",\"@id\":\"https:\\\/\\\/trendsandvision.nl\\\/de\\\/#organization\",\"name\":\"Trends &amp; Vision (DE)\",\"url\":\"https:\\\/\\\/trendsandvision.nl\\\/de\\\/\",\"logo\":{\"@type\":\"ImageObject\",\"inLanguage\":\"de\",\"@id\":\"https:\\\/\\\/trendsandvision.nl\\\/de\\\/#\\\/schema\\\/logo\\\/image\\\/\",\"url\":\"https:\\\/\\\/trendsandvision.nl\\\/de\\\/wp-content\\\/uploads\\\/sites\\\/3\\\/2022\\\/04\\\/trends-and-vision-logo.jpg\",\"contentUrl\":\"https:\\\/\\\/trendsandvision.nl\\\/de\\\/wp-content\\\/uploads\\\/sites\\\/3\\\/2022\\\/04\\\/trends-and-vision-logo.jpg\",\"width\":213,\"height\":100,\"caption\":\"Trends &amp; Vision (DE)\"},\"image\":{\"@id\":\"https:\\\/\\\/trendsandvision.nl\\\/de\\\/#\\\/schema\\\/logo\\\/image\\\/\"}}]}<\/script>\n<!-- \/ Yoast SEO Premium plugin. -->","yoast_head_json":{"title":"Esschert Design Vogeltr\u00e4nke aus Keramik auf Fu\u00df, Petrol S","description":"Esschert Design Vogeltr\u00e4nke aus Keramik auf Fu\u00df, Petrol S (FB661 8714982282133) cm \u00f8 L 28,8 x T 28,8 x H 22,3-Terracotta-gewicht 3,6 kg-gewicht 2,9 kg","robots":{"index":"index","follow":"follow","max-snippet":"max-snippet:-1","max-image-preview":"max-image-preview:large","max-video-preview":"max-video-preview:-1"},"canonical":"https:\/\/trendsandvision.nl\/de\/product\/esschert-design-vogeltraenke-aus-keramik-auf-fuss-petrol-s\/","og_locale":"de_DE","og_type":"article","og_title":"Esschert Design Vogeltr\u00e4nke aus Keramik auf Fu\u00df, Petrol S","og_description":"Esschert Design Vogeltr\u00e4nke aus Keramik auf Fu\u00df, Petrol S (FB661 8714982282133) cm \u00f8 L 28,8 x T 28,8 x H 22,3-Terracotta-gewicht 3,6 kg-gewicht 2,9 kg","og_url":"https:\/\/trendsandvision.nl\/de\/product\/esschert-design-vogeltraenke-aus-keramik-auf-fuss-petrol-s\/","og_site_name":"Trends &amp; Vision (DE)","article_modified_time":"2026-04-07T08:27:25+00:00","og_image":[{"width":800,"height":800,"url":"https:\/\/trendsandvision.nl\/de\/wp-content\/uploads\/sites\/3\/2024\/12\/FB661_01.jpg","type":"image\/jpeg"}],"twitter_card":"summary_large_image","twitter_misc":{"Gesch\u00e4tzte Lesezeit":"1\u00a0Minute"},"schema":{"@context":"https:\/\/schema.org","@graph":[{"@type":"WebPage","@id":"https:\/\/trendsandvision.nl\/de\/product\/esschert-design-vogeltraenke-aus-keramik-auf-fuss-petrol-s\/","url":"https:\/\/trendsandvision.nl\/de\/product\/esschert-design-vogeltraenke-aus-keramik-auf-fuss-petrol-s\/","name":"Esschert Design Vogeltr\u00e4nke aus Keramik auf Fu\u00df, Petrol S","isPartOf":{"@id":"https:\/\/trendsandvision.nl\/de\/#website"},"primaryImageOfPage":{"@id":"https:\/\/trendsandvision.nl\/de\/product\/esschert-design-vogeltraenke-aus-keramik-auf-fuss-petrol-s\/#primaryimage"},"image":{"@id":"https:\/\/trendsandvision.nl\/de\/product\/esschert-design-vogeltraenke-aus-keramik-auf-fuss-petrol-s\/#primaryimage"},"thumbnailUrl":"https:\/\/trendsandvision.nl\/de\/wp-content\/uploads\/sites\/3\/2024\/12\/FB661_01.jpg","datePublished":"2024-12-22T07:42:28+00:00","dateModified":"2026-04-07T08:27:25+00:00","description":"Esschert Design Vogeltr\u00e4nke aus Keramik auf Fu\u00df, Petrol S (FB661 8714982282133) cm \u00f8 L 28,8 x T 28,8 x H 22,3-Terracotta-gewicht 3,6 kg-gewicht 2,9 kg","breadcrumb":{"@id":"https:\/\/trendsandvision.nl\/de\/product\/esschert-design-vogeltraenke-aus-keramik-auf-fuss-petrol-s\/#breadcrumb"},"inLanguage":"de","potentialAction":[{"@type":"ReadAction","target":["https:\/\/trendsandvision.nl\/de\/product\/esschert-design-vogeltraenke-aus-keramik-auf-fuss-petrol-s\/"]}]},{"@type":"ImageObject","inLanguage":"de","@id":"https:\/\/trendsandvision.nl\/de\/product\/esschert-design-vogeltraenke-aus-keramik-auf-fuss-petrol-s\/#primaryimage","url":"https:\/\/trendsandvision.nl\/de\/wp-content\/uploads\/sites\/3\/2024\/12\/FB661_01.jpg","contentUrl":"https:\/\/trendsandvision.nl\/de\/wp-content\/uploads\/sites\/3\/2024\/12\/FB661_01.jpg","width":800,"height":800,"caption":"Trends and Vision Vogeltr\u00e4nke aus Keramik auf Fu\u00df, Petrol S (FB661 8714982282133) cm \u00f8 L 28,8 x T 28,8 x H 22,3-Terracotta-gewicht 3,6 kg-gewicht 2,9 kg"},{"@type":"BreadcrumbList","@id":"https:\/\/trendsandvision.nl\/de\/product\/esschert-design-vogeltraenke-aus-keramik-auf-fuss-petrol-s\/#breadcrumb","itemListElement":[{"@type":"ListItem","position":1,"name":"Home","item":"https:\/\/trendsandvision.nl\/de\/"},{"@type":"ListItem","position":2,"name":"Gesch\u00e4ft","item":"https:\/\/trendsandvision.nl\/de\/geschaft\/"},{"@type":"ListItem","position":3,"name":"Esschert Design Vogeltr\u00e4nke aus Keramik auf Fu\u00df, Petrol S"}]},{"@type":"WebSite","@id":"https:\/\/trendsandvision.nl\/de\/#website","url":"https:\/\/trendsandvision.nl\/de\/","name":"Trends &amp; Vision (DE)","description":"Der Webshop f\u00fcr Esschert Design Artikel","publisher":{"@id":"https:\/\/trendsandvision.nl\/de\/#organization"},"potentialAction":[{"@type":"SearchAction","target":{"@type":"EntryPoint","urlTemplate":"https:\/\/trendsandvision.nl\/de\/?s={search_term_string}"},"query-input":{"@type":"PropertyValueSpecification","valueRequired":true,"valueName":"search_term_string"}}],"inLanguage":"de"},{"@type":"Organization","@id":"https:\/\/trendsandvision.nl\/de\/#organization","name":"Trends &amp; Vision (DE)","url":"https:\/\/trendsandvision.nl\/de\/","logo":{"@type":"ImageObject","inLanguage":"de","@id":"https:\/\/trendsandvision.nl\/de\/#\/schema\/logo\/image\/","url":"https:\/\/trendsandvision.nl\/de\/wp-content\/uploads\/sites\/3\/2022\/04\/trends-and-vision-logo.jpg","contentUrl":"https:\/\/trendsandvision.nl\/de\/wp-content\/uploads\/sites\/3\/2022\/04\/trends-and-vision-logo.jpg","width":213,"height":100,"caption":"Trends &amp; Vision (DE)"},"image":{"@id":"https:\/\/trendsandvision.nl\/de\/#\/schema\/logo\/image\/"}}]}},"_links":{"self":[{"href":"https:\/\/trendsandvision.nl\/de\/wp-json\/wp\/v2\/product\/18419","targetHints":{"allow":["GET"]}}],"collection":[{"href":"https:\/\/trendsandvision.nl\/de\/wp-json\/wp\/v2\/product"}],"about":[{"href":"https:\/\/trendsandvision.nl\/de\/wp-json\/wp\/v2\/types\/product"}],"wp:featuredmedia":[{"embeddable":true,"href":"https:\/\/trendsandvision.nl\/de\/wp-json\/wp\/v2\/media\/18420"}],"wp:attachment":[{"href":"https:\/\/trendsandvision.nl\/de\/wp-json\/wp\/v2\/media?parent=18419"}],"wp:term":[{"taxonomy":"product_brand","embeddable":true,"href":"https:\/\/trendsandvision.nl\/de\/wp-json\/wp\/v2\/product_brand?post=18419"},{"taxonomy":"product_cat","embeddable":true,"href":"https:\/\/trendsandvision.nl\/de\/wp-json\/wp\/v2\/product_cat?post=18419"},{"taxonomy":"product_tag","embeddable":true,"href":"https:\/\/trendsandvision.nl\/de\/wp-json\/wp\/v2\/product_tag?post=18419"}],"curies":[{"name":"wp","href":"https:\/\/api.w.org\/{rel}","templated":true}]}}