{"id":18395,"date":"2024-12-22T08:42:14","date_gmt":"2024-12-22T07:42:14","guid":{"rendered":"https:\/\/trendsandvision.nl\/de\/product\/esschert-design-vogeltraenke-aus-granit-oval\/"},"modified":"2026-04-07T10:27:21","modified_gmt":"2026-04-07T08:27:21","slug":"esschert-design-vogeltraenke-aus-granit-oval","status":"publish","type":"product","link":"https:\/\/trendsandvision.nl\/de\/product\/esschert-design-vogeltraenke-aus-granit-oval\/","title":{"rendered":"Esschert Design Vogeltr\u00e4nke aus Granit oval"},"content":{"rendered":"<p>Esschert Design Vogeltr\u00e4nke aus Granit oval.<br \/>\nDieses <strong><a href=\"https:\/\/trendsandvision.nl\/de\/?s=Granit-Vogelbad&amp;post_type=product&amp;dgwt_wcas=1\">Granit-Vogelbad<\/a><\/strong> hat einen erh\u00f6hten Seite, auf dem die V\u00f6gel sitzen k\u00f6nnen.<br \/>\nWechseln Sie das Wasser regelm\u00e4\u00dfig und reinigen Sie dann das Bad.<\/p>\n<p>Artikelnummer FB650<br \/>\nProduktgruppe(n) V\u00f6gel &amp; Gartentiere, Vogelb\u00e4der, Stehend<br \/>\nProduktabmessungen in cm L 30,4 x T 20,2 x H 6,4<br \/>\nMaterial Granit<br \/>\nNettogewicht 6,137 kg<br \/>\nBruttogewicht 7,137 kg<br \/>\nBarcode 8714982276248<br \/>\nProduzent <a href=\"https:\/\/www.esschertdesign.com\/shop\/de\/vogelbad-graniet-ovaal-fb650\" target=\"_blank\">Esschert Design<\/a><\/p>\n","protected":false},"excerpt":{"rendered":"<p>L 30,4 x T 20,2 x H 6,4 cm<br \/>\nMaterial Granit<br \/>\nRaue, nat\u00fcrliche Kanten<br \/>\nFrei von sch\u00e4dlichen Chemikalien oder Stoffen<br \/>\nLanglebig und wetterbest\u00e4ndig<br \/>\nVerpackt in einer Holzkiste<br \/>\nNettogewicht 6,137 kg<br \/>\nBarcode 8714982276248<\/p>\n","protected":false},"featured_media":18396,"template":"","meta":[],"product_brand":[9597,9598],"product_cat":[1315],"product_tag":[7864,7865,7867,7215,6963],"class_list":{"0":"post-18395","1":"product","2":"type-product","3":"status-publish","4":"has-post-thumbnail","6":"product_brand-esschert-design","7":"product_brand-trends-and-vision","8":"product_cat-best-for-birds","9":"product_tag-futterstelle","10":"product_tag-granito","11":"product_tag-oval","12":"product_tag-vogelbad","13":"product_tag-vogeltraenke","14":"pa_anbieter-esschert-design","15":"pa_ean-code-7653","17":"first","18":"instock","19":"sale","20":"taxable","21":"shipping-taxable","22":"purchasable","23":"product-type-simple","24":"czr-hentry"},"yoast_head":"<!-- This site is optimized with the Yoast SEO Premium plugin v26.4 (Yoast SEO v27.3) - https:\/\/yoast.com\/product\/yoast-seo-premium-wordpress\/ -->\n<title>Esschert Design Vogeltr\u00e4nke aus Granit oval (FB650 )<\/title>\n<meta name=\"description\" content=\"Esschert Design Vogeltr\u00e4nke aus Granit oval(FB650 8714982276248) cm L 30,4 x T 20,2 x H 6,4, Material Granit, Nettogewicht 6,137 kg, Bruttogewicht 7,137 kg\" \/>\n<meta name=\"robots\" content=\"index, follow, max-snippet:-1, max-image-preview:large, max-video-preview:-1\" \/>\n<link rel=\"canonical\" href=\"https:\/\/trendsandvision.nl\/de\/product\/esschert-design-vogeltraenke-aus-granit-oval\/\" \/>\n<meta property=\"og:locale\" content=\"de_DE\" \/>\n<meta property=\"og:type\" content=\"article\" \/>\n<meta property=\"og:title\" content=\"Esschert Design Vogeltr\u00e4nke aus Granit oval\" \/>\n<meta property=\"og:description\" content=\"Esschert Design Vogeltr\u00e4nke aus Granit oval(FB650 8714982276248) cm L 30,4 x T 20,2 x H 6,4, Material Granit, Nettogewicht 6,137 kg, Bruttogewicht 7,137 kg\" \/>\n<meta property=\"og:url\" content=\"https:\/\/trendsandvision.nl\/de\/product\/esschert-design-vogeltraenke-aus-granit-oval\/\" \/>\n<meta property=\"og:site_name\" content=\"Trends &amp; Vision (DE)\" \/>\n<meta property=\"article:modified_time\" content=\"2026-04-07T08:27:21+00:00\" \/>\n<meta property=\"og:image\" content=\"https:\/\/trendsandvision.nl\/de\/wp-content\/uploads\/sites\/3\/2024\/12\/FB650_01.jpg\" \/>\n\t<meta property=\"og:image:width\" content=\"800\" \/>\n\t<meta property=\"og:image:height\" content=\"800\" \/>\n\t<meta property=\"og:image:type\" content=\"image\/jpeg\" \/>\n<meta name=\"twitter:card\" content=\"summary_large_image\" \/>\n<meta name=\"twitter:label1\" content=\"Gesch\u00e4tzte Lesezeit\" \/>\n\t<meta name=\"twitter:data1\" content=\"1\u00a0Minute\" \/>\n<script type=\"application\/ld+json\" class=\"yoast-schema-graph\">{\"@context\":\"https:\\\/\\\/schema.org\",\"@graph\":[{\"@type\":\"WebPage\",\"@id\":\"https:\\\/\\\/trendsandvision.nl\\\/de\\\/product\\\/esschert-design-vogeltraenke-aus-granit-oval\\\/\",\"url\":\"https:\\\/\\\/trendsandvision.nl\\\/de\\\/product\\\/esschert-design-vogeltraenke-aus-granit-oval\\\/\",\"name\":\"Esschert Design Vogeltr\u00e4nke aus Granit oval (FB650 )\",\"isPartOf\":{\"@id\":\"https:\\\/\\\/trendsandvision.nl\\\/de\\\/#website\"},\"primaryImageOfPage\":{\"@id\":\"https:\\\/\\\/trendsandvision.nl\\\/de\\\/product\\\/esschert-design-vogeltraenke-aus-granit-oval\\\/#primaryimage\"},\"image\":{\"@id\":\"https:\\\/\\\/trendsandvision.nl\\\/de\\\/product\\\/esschert-design-vogeltraenke-aus-granit-oval\\\/#primaryimage\"},\"thumbnailUrl\":\"https:\\\/\\\/trendsandvision.nl\\\/de\\\/wp-content\\\/uploads\\\/sites\\\/3\\\/2024\\\/12\\\/FB650_01.jpg\",\"datePublished\":\"2024-12-22T07:42:14+00:00\",\"dateModified\":\"2026-04-07T08:27:21+00:00\",\"description\":\"Esschert Design Vogeltr\u00e4nke aus Granit oval(FB650 8714982276248) cm L 30,4 x T 20,2 x H 6,4, Material Granit, Nettogewicht 6,137 kg, Bruttogewicht 7,137 kg\",\"breadcrumb\":{\"@id\":\"https:\\\/\\\/trendsandvision.nl\\\/de\\\/product\\\/esschert-design-vogeltraenke-aus-granit-oval\\\/#breadcrumb\"},\"inLanguage\":\"de\",\"potentialAction\":[{\"@type\":\"ReadAction\",\"target\":[\"https:\\\/\\\/trendsandvision.nl\\\/de\\\/product\\\/esschert-design-vogeltraenke-aus-granit-oval\\\/\"]}]},{\"@type\":\"ImageObject\",\"inLanguage\":\"de\",\"@id\":\"https:\\\/\\\/trendsandvision.nl\\\/de\\\/product\\\/esschert-design-vogeltraenke-aus-granit-oval\\\/#primaryimage\",\"url\":\"https:\\\/\\\/trendsandvision.nl\\\/de\\\/wp-content\\\/uploads\\\/sites\\\/3\\\/2024\\\/12\\\/FB650_01.jpg\",\"contentUrl\":\"https:\\\/\\\/trendsandvision.nl\\\/de\\\/wp-content\\\/uploads\\\/sites\\\/3\\\/2024\\\/12\\\/FB650_01.jpg\",\"width\":800,\"height\":800,\"caption\":\"Trends and Vision Vogeltr\u00e4nke aus Granit oval(FB650 8714982276248) cm L 30,4 x T 20,2 x H 6,4, Material Granit, Nettogewicht 6,137 kg, Bruttogewicht 7,137 kg\"},{\"@type\":\"BreadcrumbList\",\"@id\":\"https:\\\/\\\/trendsandvision.nl\\\/de\\\/product\\\/esschert-design-vogeltraenke-aus-granit-oval\\\/#breadcrumb\",\"itemListElement\":[{\"@type\":\"ListItem\",\"position\":1,\"name\":\"Home\",\"item\":\"https:\\\/\\\/trendsandvision.nl\\\/de\\\/\"},{\"@type\":\"ListItem\",\"position\":2,\"name\":\"Gesch\u00e4ft\",\"item\":\"https:\\\/\\\/trendsandvision.nl\\\/de\\\/geschaft\\\/\"},{\"@type\":\"ListItem\",\"position\":3,\"name\":\"Esschert Design Vogeltr\u00e4nke aus Granit oval\"}]},{\"@type\":\"WebSite\",\"@id\":\"https:\\\/\\\/trendsandvision.nl\\\/de\\\/#website\",\"url\":\"https:\\\/\\\/trendsandvision.nl\\\/de\\\/\",\"name\":\"Trends &amp; Vision (DE)\",\"description\":\"Der Webshop f\u00fcr Esschert Design Artikel\",\"publisher\":{\"@id\":\"https:\\\/\\\/trendsandvision.nl\\\/de\\\/#organization\"},\"potentialAction\":[{\"@type\":\"SearchAction\",\"target\":{\"@type\":\"EntryPoint\",\"urlTemplate\":\"https:\\\/\\\/trendsandvision.nl\\\/de\\\/?s={search_term_string}\"},\"query-input\":{\"@type\":\"PropertyValueSpecification\",\"valueRequired\":true,\"valueName\":\"search_term_string\"}}],\"inLanguage\":\"de\"},{\"@type\":\"Organization\",\"@id\":\"https:\\\/\\\/trendsandvision.nl\\\/de\\\/#organization\",\"name\":\"Trends &amp; Vision (DE)\",\"url\":\"https:\\\/\\\/trendsandvision.nl\\\/de\\\/\",\"logo\":{\"@type\":\"ImageObject\",\"inLanguage\":\"de\",\"@id\":\"https:\\\/\\\/trendsandvision.nl\\\/de\\\/#\\\/schema\\\/logo\\\/image\\\/\",\"url\":\"https:\\\/\\\/trendsandvision.nl\\\/de\\\/wp-content\\\/uploads\\\/sites\\\/3\\\/2022\\\/04\\\/trends-and-vision-logo.jpg\",\"contentUrl\":\"https:\\\/\\\/trendsandvision.nl\\\/de\\\/wp-content\\\/uploads\\\/sites\\\/3\\\/2022\\\/04\\\/trends-and-vision-logo.jpg\",\"width\":213,\"height\":100,\"caption\":\"Trends &amp; Vision (DE)\"},\"image\":{\"@id\":\"https:\\\/\\\/trendsandvision.nl\\\/de\\\/#\\\/schema\\\/logo\\\/image\\\/\"}}]}<\/script>\n<!-- \/ Yoast SEO Premium plugin. -->","yoast_head_json":{"title":"Esschert Design Vogeltr\u00e4nke aus Granit oval (FB650 )","description":"Esschert Design Vogeltr\u00e4nke aus Granit oval(FB650 8714982276248) cm L 30,4 x T 20,2 x H 6,4, Material Granit, Nettogewicht 6,137 kg, Bruttogewicht 7,137 kg","robots":{"index":"index","follow":"follow","max-snippet":"max-snippet:-1","max-image-preview":"max-image-preview:large","max-video-preview":"max-video-preview:-1"},"canonical":"https:\/\/trendsandvision.nl\/de\/product\/esschert-design-vogeltraenke-aus-granit-oval\/","og_locale":"de_DE","og_type":"article","og_title":"Esschert Design Vogeltr\u00e4nke aus Granit oval","og_description":"Esschert Design Vogeltr\u00e4nke aus Granit oval(FB650 8714982276248) cm L 30,4 x T 20,2 x H 6,4, Material Granit, Nettogewicht 6,137 kg, Bruttogewicht 7,137 kg","og_url":"https:\/\/trendsandvision.nl\/de\/product\/esschert-design-vogeltraenke-aus-granit-oval\/","og_site_name":"Trends &amp; Vision (DE)","article_modified_time":"2026-04-07T08:27:21+00:00","og_image":[{"width":800,"height":800,"url":"https:\/\/trendsandvision.nl\/de\/wp-content\/uploads\/sites\/3\/2024\/12\/FB650_01.jpg","type":"image\/jpeg"}],"twitter_card":"summary_large_image","twitter_misc":{"Gesch\u00e4tzte Lesezeit":"1\u00a0Minute"},"schema":{"@context":"https:\/\/schema.org","@graph":[{"@type":"WebPage","@id":"https:\/\/trendsandvision.nl\/de\/product\/esschert-design-vogeltraenke-aus-granit-oval\/","url":"https:\/\/trendsandvision.nl\/de\/product\/esschert-design-vogeltraenke-aus-granit-oval\/","name":"Esschert Design Vogeltr\u00e4nke aus Granit oval (FB650 )","isPartOf":{"@id":"https:\/\/trendsandvision.nl\/de\/#website"},"primaryImageOfPage":{"@id":"https:\/\/trendsandvision.nl\/de\/product\/esschert-design-vogeltraenke-aus-granit-oval\/#primaryimage"},"image":{"@id":"https:\/\/trendsandvision.nl\/de\/product\/esschert-design-vogeltraenke-aus-granit-oval\/#primaryimage"},"thumbnailUrl":"https:\/\/trendsandvision.nl\/de\/wp-content\/uploads\/sites\/3\/2024\/12\/FB650_01.jpg","datePublished":"2024-12-22T07:42:14+00:00","dateModified":"2026-04-07T08:27:21+00:00","description":"Esschert Design Vogeltr\u00e4nke aus Granit oval(FB650 8714982276248) cm L 30,4 x T 20,2 x H 6,4, Material Granit, Nettogewicht 6,137 kg, Bruttogewicht 7,137 kg","breadcrumb":{"@id":"https:\/\/trendsandvision.nl\/de\/product\/esschert-design-vogeltraenke-aus-granit-oval\/#breadcrumb"},"inLanguage":"de","potentialAction":[{"@type":"ReadAction","target":["https:\/\/trendsandvision.nl\/de\/product\/esschert-design-vogeltraenke-aus-granit-oval\/"]}]},{"@type":"ImageObject","inLanguage":"de","@id":"https:\/\/trendsandvision.nl\/de\/product\/esschert-design-vogeltraenke-aus-granit-oval\/#primaryimage","url":"https:\/\/trendsandvision.nl\/de\/wp-content\/uploads\/sites\/3\/2024\/12\/FB650_01.jpg","contentUrl":"https:\/\/trendsandvision.nl\/de\/wp-content\/uploads\/sites\/3\/2024\/12\/FB650_01.jpg","width":800,"height":800,"caption":"Trends and Vision Vogeltr\u00e4nke aus Granit oval(FB650 8714982276248) cm L 30,4 x T 20,2 x H 6,4, Material Granit, Nettogewicht 6,137 kg, Bruttogewicht 7,137 kg"},{"@type":"BreadcrumbList","@id":"https:\/\/trendsandvision.nl\/de\/product\/esschert-design-vogeltraenke-aus-granit-oval\/#breadcrumb","itemListElement":[{"@type":"ListItem","position":1,"name":"Home","item":"https:\/\/trendsandvision.nl\/de\/"},{"@type":"ListItem","position":2,"name":"Gesch\u00e4ft","item":"https:\/\/trendsandvision.nl\/de\/geschaft\/"},{"@type":"ListItem","position":3,"name":"Esschert Design Vogeltr\u00e4nke aus Granit oval"}]},{"@type":"WebSite","@id":"https:\/\/trendsandvision.nl\/de\/#website","url":"https:\/\/trendsandvision.nl\/de\/","name":"Trends &amp; Vision (DE)","description":"Der Webshop f\u00fcr Esschert Design Artikel","publisher":{"@id":"https:\/\/trendsandvision.nl\/de\/#organization"},"potentialAction":[{"@type":"SearchAction","target":{"@type":"EntryPoint","urlTemplate":"https:\/\/trendsandvision.nl\/de\/?s={search_term_string}"},"query-input":{"@type":"PropertyValueSpecification","valueRequired":true,"valueName":"search_term_string"}}],"inLanguage":"de"},{"@type":"Organization","@id":"https:\/\/trendsandvision.nl\/de\/#organization","name":"Trends &amp; Vision (DE)","url":"https:\/\/trendsandvision.nl\/de\/","logo":{"@type":"ImageObject","inLanguage":"de","@id":"https:\/\/trendsandvision.nl\/de\/#\/schema\/logo\/image\/","url":"https:\/\/trendsandvision.nl\/de\/wp-content\/uploads\/sites\/3\/2022\/04\/trends-and-vision-logo.jpg","contentUrl":"https:\/\/trendsandvision.nl\/de\/wp-content\/uploads\/sites\/3\/2022\/04\/trends-and-vision-logo.jpg","width":213,"height":100,"caption":"Trends &amp; Vision (DE)"},"image":{"@id":"https:\/\/trendsandvision.nl\/de\/#\/schema\/logo\/image\/"}}]}},"_links":{"self":[{"href":"https:\/\/trendsandvision.nl\/de\/wp-json\/wp\/v2\/product\/18395","targetHints":{"allow":["GET"]}}],"collection":[{"href":"https:\/\/trendsandvision.nl\/de\/wp-json\/wp\/v2\/product"}],"about":[{"href":"https:\/\/trendsandvision.nl\/de\/wp-json\/wp\/v2\/types\/product"}],"wp:featuredmedia":[{"embeddable":true,"href":"https:\/\/trendsandvision.nl\/de\/wp-json\/wp\/v2\/media\/18396"}],"wp:attachment":[{"href":"https:\/\/trendsandvision.nl\/de\/wp-json\/wp\/v2\/media?parent=18395"}],"wp:term":[{"taxonomy":"product_brand","embeddable":true,"href":"https:\/\/trendsandvision.nl\/de\/wp-json\/wp\/v2\/product_brand?post=18395"},{"taxonomy":"product_cat","embeddable":true,"href":"https:\/\/trendsandvision.nl\/de\/wp-json\/wp\/v2\/product_cat?post=18395"},{"taxonomy":"product_tag","embeddable":true,"href":"https:\/\/trendsandvision.nl\/de\/wp-json\/wp\/v2\/product_tag?post=18395"}],"curies":[{"name":"wp","href":"https:\/\/api.w.org\/{rel}","templated":true}]}}