{"id":18389,"date":"2024-12-22T08:42:11","date_gmt":"2024-12-22T07:42:11","guid":{"rendered":"https:\/\/trendsandvision.nl\/de\/product\/esschert-design-vogelbad-granit-rund-l\/"},"modified":"2026-04-07T10:27:20","modified_gmt":"2026-04-07T08:27:20","slug":"esschert-design-vogelbad-granit-rund-l","status":"publish","type":"product","link":"https:\/\/trendsandvision.nl\/de\/product\/esschert-design-vogelbad-granit-rund-l\/","title":{"rendered":"Esschert Design Vogelbad Granit rund L"},"content":{"rendered":"<p>Esschert Design Vogelbad Granit rund L.<br \/>\nDieses wundersch\u00f6ne, grossz\u00fcgige Vogelbad aus Granit bietet V\u00f6geln eine luxuri\u00f6se Oase zum Trinken und Baden. Das Granit sorgt f\u00fcr eine lange Lebensdauer. Es f\u00fcgt sich harmonisch in jede Umgebung ein und verleiht dem Aussenbereich eine edle Note. Dieses Vogelbad kann jahrelang im Freien stehen, ohne zu verwittern oder seine Struktur zu verlieren. Granit ist ein nat\u00fcrliches Material, das keine sch\u00e4dlichen Chemikalien oder Stoffe enth\u00e4lt.<br \/>\nDieses <strong><a href=\"https:\/\/trendsandvision.nl\/de\/?s=Granit-Vogelbad&amp;post_type=product&amp;dgwt_wcas=1\">Granit-Vogelbad<\/a><\/strong> hat einen erh\u00f6hten Seite, auf dem die V\u00f6gel sitzen und trinken k\u00f6nnen in den Sommermonaten.<\/p>\n<p>Artikelnummer FB649<br \/>\nProduktgruppe(n) V\u00f6gel &amp; Gartentiere, Vogelb\u00e4der, Stehend<br \/>\nProduktabmessungen in cm \u00f8 L 36,9 x T 36,9 x H 6,4<br \/>\nMaterial Granit<br \/>\nNettogewicht 12,932 kg<br \/>\nBarcode 8714982276231<br \/>\nProduzent <a href=\"https:\/\/www.esschertdesign.com\/shop\/de\/vogelbad-graniet-rond-l-fb649\" target=\"_blank\">Esschert Design<\/a><\/p>\n","protected":false},"excerpt":{"rendered":"<p>\u00f8 L 36,9 x T 36,9 x H 6,4 cm<br \/>\nMaterial Granit<br \/>\nRaue, nat\u00fcrliche Kanten<br \/>\nFrei von sch\u00e4dlichen Chemikalien oder Stoffen<br \/>\nLanglebig und wetterbest\u00e4ndig<br \/>\nVerpackt in einer Holzkiste<br \/>\nNettogewicht 12,932 kg<br \/>\nBarcode 8714982276231<\/p>\n","protected":false},"featured_media":18390,"template":"","meta":[],"product_brand":[9597,9598],"product_cat":[1315],"product_tag":[7864,7865,7548,7215,6963],"class_list":{"0":"post-18389","1":"product","2":"type-product","3":"status-publish","4":"has-post-thumbnail","6":"product_brand-esschert-design","7":"product_brand-trends-and-vision","8":"product_cat-best-for-birds","9":"product_tag-futterstelle","10":"product_tag-granito","11":"product_tag-rund","12":"product_tag-vogelbad","13":"product_tag-vogeltraenke","14":"pa_anbieter-esschert-design","15":"pa_ean-code-7652","17":"first","18":"instock","19":"sale","20":"taxable","21":"shipping-taxable","22":"purchasable","23":"product-type-simple","24":"czr-hentry"},"yoast_head":"<!-- This site is optimized with the Yoast SEO Premium plugin v26.4 (Yoast SEO v27.3) - https:\/\/yoast.com\/product\/yoast-seo-premium-wordpress\/ -->\n<title>Esschert Design Vogelbad Granit rund L (FB649 8714982276231)<\/title>\n<meta name=\"description\" content=\"Esschert Design Vogelbad Granit rund L(FB649 8714982276231)cm \u00f8 L 36,9 x T 36,9 x H 6,4, Material Granit, Nettogewicht 12,932 kg\" \/>\n<meta name=\"robots\" content=\"index, follow, max-snippet:-1, max-image-preview:large, max-video-preview:-1\" \/>\n<link rel=\"canonical\" href=\"https:\/\/trendsandvision.nl\/de\/product\/esschert-design-vogelbad-granit-rund-l\/\" \/>\n<meta property=\"og:locale\" content=\"de_DE\" \/>\n<meta property=\"og:type\" content=\"article\" \/>\n<meta property=\"og:title\" content=\"Esschert Design Vogelbad Granit rund L\" \/>\n<meta property=\"og:description\" content=\"Esschert Design Vogelbad Granit rund L(FB649 8714982276231)cm \u00f8 L 36,9 x T 36,9 x H 6,4, Material Granit, Nettogewicht 12,932 kg\" \/>\n<meta property=\"og:url\" content=\"https:\/\/trendsandvision.nl\/de\/product\/esschert-design-vogelbad-granit-rund-l\/\" \/>\n<meta property=\"og:site_name\" content=\"Trends &amp; Vision (DE)\" \/>\n<meta property=\"article:modified_time\" content=\"2026-04-07T08:27:20+00:00\" \/>\n<meta property=\"og:image\" content=\"https:\/\/trendsandvision.nl\/de\/wp-content\/uploads\/sites\/3\/2024\/12\/FB649_01.jpg\" \/>\n\t<meta property=\"og:image:width\" content=\"800\" \/>\n\t<meta property=\"og:image:height\" content=\"800\" \/>\n\t<meta property=\"og:image:type\" content=\"image\/jpeg\" \/>\n<meta name=\"twitter:card\" content=\"summary_large_image\" \/>\n<meta name=\"twitter:label1\" content=\"Gesch\u00e4tzte Lesezeit\" \/>\n\t<meta name=\"twitter:data1\" content=\"1\u00a0Minute\" \/>\n<script type=\"application\/ld+json\" class=\"yoast-schema-graph\">{\"@context\":\"https:\\\/\\\/schema.org\",\"@graph\":[{\"@type\":\"WebPage\",\"@id\":\"https:\\\/\\\/trendsandvision.nl\\\/de\\\/product\\\/esschert-design-vogelbad-granit-rund-l\\\/\",\"url\":\"https:\\\/\\\/trendsandvision.nl\\\/de\\\/product\\\/esschert-design-vogelbad-granit-rund-l\\\/\",\"name\":\"Esschert Design Vogelbad Granit rund L (FB649 8714982276231)\",\"isPartOf\":{\"@id\":\"https:\\\/\\\/trendsandvision.nl\\\/de\\\/#website\"},\"primaryImageOfPage\":{\"@id\":\"https:\\\/\\\/trendsandvision.nl\\\/de\\\/product\\\/esschert-design-vogelbad-granit-rund-l\\\/#primaryimage\"},\"image\":{\"@id\":\"https:\\\/\\\/trendsandvision.nl\\\/de\\\/product\\\/esschert-design-vogelbad-granit-rund-l\\\/#primaryimage\"},\"thumbnailUrl\":\"https:\\\/\\\/trendsandvision.nl\\\/de\\\/wp-content\\\/uploads\\\/sites\\\/3\\\/2024\\\/12\\\/FB649_01.jpg\",\"datePublished\":\"2024-12-22T07:42:11+00:00\",\"dateModified\":\"2026-04-07T08:27:20+00:00\",\"description\":\"Esschert Design Vogelbad Granit rund L(FB649 8714982276231)cm \u00f8 L 36,9 x T 36,9 x H 6,4, Material Granit, Nettogewicht 12,932 kg\",\"breadcrumb\":{\"@id\":\"https:\\\/\\\/trendsandvision.nl\\\/de\\\/product\\\/esschert-design-vogelbad-granit-rund-l\\\/#breadcrumb\"},\"inLanguage\":\"de\",\"potentialAction\":[{\"@type\":\"ReadAction\",\"target\":[\"https:\\\/\\\/trendsandvision.nl\\\/de\\\/product\\\/esschert-design-vogelbad-granit-rund-l\\\/\"]}]},{\"@type\":\"ImageObject\",\"inLanguage\":\"de\",\"@id\":\"https:\\\/\\\/trendsandvision.nl\\\/de\\\/product\\\/esschert-design-vogelbad-granit-rund-l\\\/#primaryimage\",\"url\":\"https:\\\/\\\/trendsandvision.nl\\\/de\\\/wp-content\\\/uploads\\\/sites\\\/3\\\/2024\\\/12\\\/FB649_01.jpg\",\"contentUrl\":\"https:\\\/\\\/trendsandvision.nl\\\/de\\\/wp-content\\\/uploads\\\/sites\\\/3\\\/2024\\\/12\\\/FB649_01.jpg\",\"width\":800,\"height\":800,\"caption\":\"Trends and Vision Vogelbad Granit rund L(FB649 8714982276231)cm \u00f8 L 36,9 x T 36,9 x H 6,4, Material Granit, Nettogewicht 12,932 kg\"},{\"@type\":\"BreadcrumbList\",\"@id\":\"https:\\\/\\\/trendsandvision.nl\\\/de\\\/product\\\/esschert-design-vogelbad-granit-rund-l\\\/#breadcrumb\",\"itemListElement\":[{\"@type\":\"ListItem\",\"position\":1,\"name\":\"Home\",\"item\":\"https:\\\/\\\/trendsandvision.nl\\\/de\\\/\"},{\"@type\":\"ListItem\",\"position\":2,\"name\":\"Gesch\u00e4ft\",\"item\":\"https:\\\/\\\/trendsandvision.nl\\\/de\\\/geschaft\\\/\"},{\"@type\":\"ListItem\",\"position\":3,\"name\":\"Esschert Design Vogelbad Granit rund L\"}]},{\"@type\":\"WebSite\",\"@id\":\"https:\\\/\\\/trendsandvision.nl\\\/de\\\/#website\",\"url\":\"https:\\\/\\\/trendsandvision.nl\\\/de\\\/\",\"name\":\"Trends &amp; Vision (DE)\",\"description\":\"Der Webshop f\u00fcr Esschert Design Artikel\",\"publisher\":{\"@id\":\"https:\\\/\\\/trendsandvision.nl\\\/de\\\/#organization\"},\"potentialAction\":[{\"@type\":\"SearchAction\",\"target\":{\"@type\":\"EntryPoint\",\"urlTemplate\":\"https:\\\/\\\/trendsandvision.nl\\\/de\\\/?s={search_term_string}\"},\"query-input\":{\"@type\":\"PropertyValueSpecification\",\"valueRequired\":true,\"valueName\":\"search_term_string\"}}],\"inLanguage\":\"de\"},{\"@type\":\"Organization\",\"@id\":\"https:\\\/\\\/trendsandvision.nl\\\/de\\\/#organization\",\"name\":\"Trends &amp; Vision (DE)\",\"url\":\"https:\\\/\\\/trendsandvision.nl\\\/de\\\/\",\"logo\":{\"@type\":\"ImageObject\",\"inLanguage\":\"de\",\"@id\":\"https:\\\/\\\/trendsandvision.nl\\\/de\\\/#\\\/schema\\\/logo\\\/image\\\/\",\"url\":\"https:\\\/\\\/trendsandvision.nl\\\/de\\\/wp-content\\\/uploads\\\/sites\\\/3\\\/2022\\\/04\\\/trends-and-vision-logo.jpg\",\"contentUrl\":\"https:\\\/\\\/trendsandvision.nl\\\/de\\\/wp-content\\\/uploads\\\/sites\\\/3\\\/2022\\\/04\\\/trends-and-vision-logo.jpg\",\"width\":213,\"height\":100,\"caption\":\"Trends &amp; Vision (DE)\"},\"image\":{\"@id\":\"https:\\\/\\\/trendsandvision.nl\\\/de\\\/#\\\/schema\\\/logo\\\/image\\\/\"}}]}<\/script>\n<!-- \/ Yoast SEO Premium plugin. -->","yoast_head_json":{"title":"Esschert Design Vogelbad Granit rund L (FB649 8714982276231)","description":"Esschert Design Vogelbad Granit rund L(FB649 8714982276231)cm \u00f8 L 36,9 x T 36,9 x H 6,4, Material Granit, Nettogewicht 12,932 kg","robots":{"index":"index","follow":"follow","max-snippet":"max-snippet:-1","max-image-preview":"max-image-preview:large","max-video-preview":"max-video-preview:-1"},"canonical":"https:\/\/trendsandvision.nl\/de\/product\/esschert-design-vogelbad-granit-rund-l\/","og_locale":"de_DE","og_type":"article","og_title":"Esschert Design Vogelbad Granit rund L","og_description":"Esschert Design Vogelbad Granit rund L(FB649 8714982276231)cm \u00f8 L 36,9 x T 36,9 x H 6,4, Material Granit, Nettogewicht 12,932 kg","og_url":"https:\/\/trendsandvision.nl\/de\/product\/esschert-design-vogelbad-granit-rund-l\/","og_site_name":"Trends &amp; Vision (DE)","article_modified_time":"2026-04-07T08:27:20+00:00","og_image":[{"width":800,"height":800,"url":"https:\/\/trendsandvision.nl\/de\/wp-content\/uploads\/sites\/3\/2024\/12\/FB649_01.jpg","type":"image\/jpeg"}],"twitter_card":"summary_large_image","twitter_misc":{"Gesch\u00e4tzte Lesezeit":"1\u00a0Minute"},"schema":{"@context":"https:\/\/schema.org","@graph":[{"@type":"WebPage","@id":"https:\/\/trendsandvision.nl\/de\/product\/esschert-design-vogelbad-granit-rund-l\/","url":"https:\/\/trendsandvision.nl\/de\/product\/esschert-design-vogelbad-granit-rund-l\/","name":"Esschert Design Vogelbad Granit rund L (FB649 8714982276231)","isPartOf":{"@id":"https:\/\/trendsandvision.nl\/de\/#website"},"primaryImageOfPage":{"@id":"https:\/\/trendsandvision.nl\/de\/product\/esschert-design-vogelbad-granit-rund-l\/#primaryimage"},"image":{"@id":"https:\/\/trendsandvision.nl\/de\/product\/esschert-design-vogelbad-granit-rund-l\/#primaryimage"},"thumbnailUrl":"https:\/\/trendsandvision.nl\/de\/wp-content\/uploads\/sites\/3\/2024\/12\/FB649_01.jpg","datePublished":"2024-12-22T07:42:11+00:00","dateModified":"2026-04-07T08:27:20+00:00","description":"Esschert Design Vogelbad Granit rund L(FB649 8714982276231)cm \u00f8 L 36,9 x T 36,9 x H 6,4, Material Granit, Nettogewicht 12,932 kg","breadcrumb":{"@id":"https:\/\/trendsandvision.nl\/de\/product\/esschert-design-vogelbad-granit-rund-l\/#breadcrumb"},"inLanguage":"de","potentialAction":[{"@type":"ReadAction","target":["https:\/\/trendsandvision.nl\/de\/product\/esschert-design-vogelbad-granit-rund-l\/"]}]},{"@type":"ImageObject","inLanguage":"de","@id":"https:\/\/trendsandvision.nl\/de\/product\/esschert-design-vogelbad-granit-rund-l\/#primaryimage","url":"https:\/\/trendsandvision.nl\/de\/wp-content\/uploads\/sites\/3\/2024\/12\/FB649_01.jpg","contentUrl":"https:\/\/trendsandvision.nl\/de\/wp-content\/uploads\/sites\/3\/2024\/12\/FB649_01.jpg","width":800,"height":800,"caption":"Trends and Vision Vogelbad Granit rund L(FB649 8714982276231)cm \u00f8 L 36,9 x T 36,9 x H 6,4, Material Granit, Nettogewicht 12,932 kg"},{"@type":"BreadcrumbList","@id":"https:\/\/trendsandvision.nl\/de\/product\/esschert-design-vogelbad-granit-rund-l\/#breadcrumb","itemListElement":[{"@type":"ListItem","position":1,"name":"Home","item":"https:\/\/trendsandvision.nl\/de\/"},{"@type":"ListItem","position":2,"name":"Gesch\u00e4ft","item":"https:\/\/trendsandvision.nl\/de\/geschaft\/"},{"@type":"ListItem","position":3,"name":"Esschert Design Vogelbad Granit rund L"}]},{"@type":"WebSite","@id":"https:\/\/trendsandvision.nl\/de\/#website","url":"https:\/\/trendsandvision.nl\/de\/","name":"Trends &amp; Vision (DE)","description":"Der Webshop f\u00fcr Esschert Design Artikel","publisher":{"@id":"https:\/\/trendsandvision.nl\/de\/#organization"},"potentialAction":[{"@type":"SearchAction","target":{"@type":"EntryPoint","urlTemplate":"https:\/\/trendsandvision.nl\/de\/?s={search_term_string}"},"query-input":{"@type":"PropertyValueSpecification","valueRequired":true,"valueName":"search_term_string"}}],"inLanguage":"de"},{"@type":"Organization","@id":"https:\/\/trendsandvision.nl\/de\/#organization","name":"Trends &amp; Vision (DE)","url":"https:\/\/trendsandvision.nl\/de\/","logo":{"@type":"ImageObject","inLanguage":"de","@id":"https:\/\/trendsandvision.nl\/de\/#\/schema\/logo\/image\/","url":"https:\/\/trendsandvision.nl\/de\/wp-content\/uploads\/sites\/3\/2022\/04\/trends-and-vision-logo.jpg","contentUrl":"https:\/\/trendsandvision.nl\/de\/wp-content\/uploads\/sites\/3\/2022\/04\/trends-and-vision-logo.jpg","width":213,"height":100,"caption":"Trends &amp; Vision (DE)"},"image":{"@id":"https:\/\/trendsandvision.nl\/de\/#\/schema\/logo\/image\/"}}]}},"_links":{"self":[{"href":"https:\/\/trendsandvision.nl\/de\/wp-json\/wp\/v2\/product\/18389","targetHints":{"allow":["GET"]}}],"collection":[{"href":"https:\/\/trendsandvision.nl\/de\/wp-json\/wp\/v2\/product"}],"about":[{"href":"https:\/\/trendsandvision.nl\/de\/wp-json\/wp\/v2\/types\/product"}],"wp:featuredmedia":[{"embeddable":true,"href":"https:\/\/trendsandvision.nl\/de\/wp-json\/wp\/v2\/media\/18390"}],"wp:attachment":[{"href":"https:\/\/trendsandvision.nl\/de\/wp-json\/wp\/v2\/media?parent=18389"}],"wp:term":[{"taxonomy":"product_brand","embeddable":true,"href":"https:\/\/trendsandvision.nl\/de\/wp-json\/wp\/v2\/product_brand?post=18389"},{"taxonomy":"product_cat","embeddable":true,"href":"https:\/\/trendsandvision.nl\/de\/wp-json\/wp\/v2\/product_cat?post=18389"},{"taxonomy":"product_tag","embeddable":true,"href":"https:\/\/trendsandvision.nl\/de\/wp-json\/wp\/v2\/product_tag?post=18389"}],"curies":[{"name":"wp","href":"https:\/\/api.w.org\/{rel}","templated":true}]}}