{"id":18367,"date":"2024-12-22T08:41:57","date_gmt":"2024-12-22T07:41:57","guid":{"rendered":"https:\/\/trendsandvision.nl\/de\/product\/esschert-design-einmachglas-075-liter\/"},"modified":"2026-03-08T07:41:08","modified_gmt":"2026-03-08T06:41:08","slug":"esschert-design-einmachglas-075-liter","status":"publish","type":"product","link":"https:\/\/trendsandvision.nl\/de\/product\/esschert-design-einmachglas-075-liter\/","title":{"rendered":"Esschert Design Einmachglas 0,75 Liter"},"content":{"rendered":"<p>Esschert Design Einmachglas 0,75 Liter.<br \/>\nEinmachen ist eine alte Technik, um Lebensmittel l\u00e4nger haltbar zu machen.<br \/>\nBei dieser Technik lagern Sie Lebensmittel in luftdicht verschlossenen Gl\u00e4sern.<br \/>\nIdeal f\u00fcr die Langzeitlagerung von Obst und Gem\u00fcse.<br \/>\nDie T\u00f6pfe sind wiederverwendbar<\/p>\n<p>Artikelname Einmachglas 0,75 Liter<br \/>\nArtikelnummer C2169<br \/>\nProduktgruppe(n) Kultivierung, T\u00f6pfe und Gef\u00e4\u00dfe, Einmachgl\u00e4ser<br \/>\nProduktabmessungen in cm \u00f8 L 13,5 x T 10,7 x H 14,3<br \/>\nVolumen in Litern 0.75<br \/>\nWiederverwendbar<br \/>\nMaterial Glas, Edelstahl, Silikon<br \/>\nNettogewicht 0,527 kg<br \/>\nBarcode 8714982280061<br \/>\nProduzent <a href=\"https:\/\/www.esschertdesign.com\/shop\/de\/inmaakpot-0-75-liter-c2169\" target=\"_blank\">Esschert Design<\/a><br \/>\nAlle <strong><a href=\"https:\/\/trendsandvision.nl\/de\/?s=Einmachglas&amp;post_type=product&amp;dgwt_wcas=1\">Variationen und Zubeh\u00f6r<\/a><\/strong>.<\/p>\n","protected":false},"excerpt":{"rendered":"<p>\u00f8 L 13,5 x T 10,7 x H 14,3 cm<br \/>\nVolumen 0.75 L<br \/>\nMit orangefarbenem Gummiring<br \/>\nWiederverwendbar<br \/>\nFassungsverm\u00f6gen: 0,75 Liter<br \/>\nGlas, Edelstahl, Silikon<br \/>\nNettogewicht 0,527 kg<br \/>\nBarcode 8714982280061<\/p>\n","protected":false},"featured_media":18368,"template":"","meta":[],"product_brand":[9597,9598],"product_cat":[1128],"product_tag":[7871,7473,7477,7290],"class_list":{"0":"post-18367","1":"product","2":"type-product","3":"status-publish","4":"has-post-thumbnail","6":"product_brand-esschert-design","7":"product_brand-trends-and-vision","8":"product_cat-secrets-du-potager","9":"product_tag-einkochen","10":"product_tag-einmachglaeser","11":"product_tag-glas","12":"product_tag-wiederverwendbar","13":"pa_anbieter-esschert-design","14":"pa_ean-code-7647","16":"first","17":"instock","18":"sale","19":"taxable","20":"shipping-taxable","21":"purchasable","22":"product-type-simple","23":"czr-hentry"},"yoast_head":"<!-- This site is optimized with the Yoast SEO Premium plugin v26.4 (Yoast SEO v27.3) - https:\/\/yoast.com\/product\/yoast-seo-premium-wordpress\/ -->\n<title>Esschert Design Einmachglas 0,75 Liter (C2169 8714982280061)<\/title>\n<meta name=\"description\" content=\"Esschert Design Einmachglas 0,75 Liter (C2169 8714982280061)cm \u00f8 L 13,5 x T 10,7 x H 14,3Volumen in Litern 0.75, Glas, Edelstahl, Silikon,gewicht 0,527 kg\" \/>\n<meta name=\"robots\" content=\"index, follow, max-snippet:-1, max-image-preview:large, max-video-preview:-1\" \/>\n<link rel=\"canonical\" href=\"https:\/\/trendsandvision.nl\/de\/product\/esschert-design-einmachglas-075-liter\/\" \/>\n<meta property=\"og:locale\" content=\"de_DE\" \/>\n<meta property=\"og:type\" content=\"article\" \/>\n<meta property=\"og:title\" content=\"Esschert Design Einmachglas 0,75 Liter\" \/>\n<meta property=\"og:description\" content=\"Esschert Design Einmachglas 0,75 Liter (C2169 8714982280061)cm \u00f8 L 13,5 x T 10,7 x H 14,3Volumen in Litern 0.75, Glas, Edelstahl, Silikon,gewicht 0,527 kg\" \/>\n<meta property=\"og:url\" content=\"https:\/\/trendsandvision.nl\/de\/product\/esschert-design-einmachglas-075-liter\/\" \/>\n<meta property=\"og:site_name\" content=\"Trends &amp; Vision (DE)\" \/>\n<meta property=\"article:modified_time\" content=\"2026-03-08T06:41:08+00:00\" \/>\n<meta property=\"og:image\" content=\"https:\/\/trendsandvision.nl\/de\/wp-content\/uploads\/sites\/3\/2024\/12\/C2169_01.jpg\" \/>\n\t<meta property=\"og:image:width\" content=\"800\" \/>\n\t<meta property=\"og:image:height\" content=\"800\" \/>\n\t<meta property=\"og:image:type\" content=\"image\/jpeg\" \/>\n<meta name=\"twitter:card\" content=\"summary_large_image\" \/>\n<meta name=\"twitter:label1\" content=\"Gesch\u00e4tzte Lesezeit\" \/>\n\t<meta name=\"twitter:data1\" content=\"1\u00a0Minute\" \/>\n<script type=\"application\/ld+json\" class=\"yoast-schema-graph\">{\"@context\":\"https:\\\/\\\/schema.org\",\"@graph\":[{\"@type\":\"WebPage\",\"@id\":\"https:\\\/\\\/trendsandvision.nl\\\/de\\\/product\\\/esschert-design-einmachglas-075-liter\\\/\",\"url\":\"https:\\\/\\\/trendsandvision.nl\\\/de\\\/product\\\/esschert-design-einmachglas-075-liter\\\/\",\"name\":\"Esschert Design Einmachglas 0,75 Liter (C2169 8714982280061)\",\"isPartOf\":{\"@id\":\"https:\\\/\\\/trendsandvision.nl\\\/de\\\/#website\"},\"primaryImageOfPage\":{\"@id\":\"https:\\\/\\\/trendsandvision.nl\\\/de\\\/product\\\/esschert-design-einmachglas-075-liter\\\/#primaryimage\"},\"image\":{\"@id\":\"https:\\\/\\\/trendsandvision.nl\\\/de\\\/product\\\/esschert-design-einmachglas-075-liter\\\/#primaryimage\"},\"thumbnailUrl\":\"https:\\\/\\\/trendsandvision.nl\\\/de\\\/wp-content\\\/uploads\\\/sites\\\/3\\\/2024\\\/12\\\/C2169_01.jpg\",\"datePublished\":\"2024-12-22T07:41:57+00:00\",\"dateModified\":\"2026-03-08T06:41:08+00:00\",\"description\":\"Esschert Design Einmachglas 0,75 Liter (C2169 8714982280061)cm \u00f8 L 13,5 x T 10,7 x H 14,3Volumen in Litern 0.75, Glas, Edelstahl, Silikon,gewicht 0,527 kg\",\"breadcrumb\":{\"@id\":\"https:\\\/\\\/trendsandvision.nl\\\/de\\\/product\\\/esschert-design-einmachglas-075-liter\\\/#breadcrumb\"},\"inLanguage\":\"de\",\"potentialAction\":[{\"@type\":\"ReadAction\",\"target\":[\"https:\\\/\\\/trendsandvision.nl\\\/de\\\/product\\\/esschert-design-einmachglas-075-liter\\\/\"]}]},{\"@type\":\"ImageObject\",\"inLanguage\":\"de\",\"@id\":\"https:\\\/\\\/trendsandvision.nl\\\/de\\\/product\\\/esschert-design-einmachglas-075-liter\\\/#primaryimage\",\"url\":\"https:\\\/\\\/trendsandvision.nl\\\/de\\\/wp-content\\\/uploads\\\/sites\\\/3\\\/2024\\\/12\\\/C2169_01.jpg\",\"contentUrl\":\"https:\\\/\\\/trendsandvision.nl\\\/de\\\/wp-content\\\/uploads\\\/sites\\\/3\\\/2024\\\/12\\\/C2169_01.jpg\",\"width\":800,\"height\":800,\"caption\":\"Trends and Vision Einmachglas 0,75 Liter (C2169 8714982280061)cm \u00f8 L 13,5 x T 10,7 x H 14,3Volumen in Litern 0.75, Glas, Edelstahl, Silikon,gewicht 0,527 kg\"},{\"@type\":\"BreadcrumbList\",\"@id\":\"https:\\\/\\\/trendsandvision.nl\\\/de\\\/product\\\/esschert-design-einmachglas-075-liter\\\/#breadcrumb\",\"itemListElement\":[{\"@type\":\"ListItem\",\"position\":1,\"name\":\"Home\",\"item\":\"https:\\\/\\\/trendsandvision.nl\\\/de\\\/\"},{\"@type\":\"ListItem\",\"position\":2,\"name\":\"Gesch\u00e4ft\",\"item\":\"https:\\\/\\\/trendsandvision.nl\\\/de\\\/geschaft\\\/\"},{\"@type\":\"ListItem\",\"position\":3,\"name\":\"Esschert Design Einmachglas 0,75 Liter\"}]},{\"@type\":\"WebSite\",\"@id\":\"https:\\\/\\\/trendsandvision.nl\\\/de\\\/#website\",\"url\":\"https:\\\/\\\/trendsandvision.nl\\\/de\\\/\",\"name\":\"Trends &amp; Vision (DE)\",\"description\":\"Der Webshop f\u00fcr Esschert Design Artikel\",\"publisher\":{\"@id\":\"https:\\\/\\\/trendsandvision.nl\\\/de\\\/#organization\"},\"potentialAction\":[{\"@type\":\"SearchAction\",\"target\":{\"@type\":\"EntryPoint\",\"urlTemplate\":\"https:\\\/\\\/trendsandvision.nl\\\/de\\\/?s={search_term_string}\"},\"query-input\":{\"@type\":\"PropertyValueSpecification\",\"valueRequired\":true,\"valueName\":\"search_term_string\"}}],\"inLanguage\":\"de\"},{\"@type\":\"Organization\",\"@id\":\"https:\\\/\\\/trendsandvision.nl\\\/de\\\/#organization\",\"name\":\"Trends &amp; Vision (DE)\",\"url\":\"https:\\\/\\\/trendsandvision.nl\\\/de\\\/\",\"logo\":{\"@type\":\"ImageObject\",\"inLanguage\":\"de\",\"@id\":\"https:\\\/\\\/trendsandvision.nl\\\/de\\\/#\\\/schema\\\/logo\\\/image\\\/\",\"url\":\"https:\\\/\\\/trendsandvision.nl\\\/de\\\/wp-content\\\/uploads\\\/sites\\\/3\\\/2022\\\/04\\\/trends-and-vision-logo.jpg\",\"contentUrl\":\"https:\\\/\\\/trendsandvision.nl\\\/de\\\/wp-content\\\/uploads\\\/sites\\\/3\\\/2022\\\/04\\\/trends-and-vision-logo.jpg\",\"width\":213,\"height\":100,\"caption\":\"Trends &amp; Vision (DE)\"},\"image\":{\"@id\":\"https:\\\/\\\/trendsandvision.nl\\\/de\\\/#\\\/schema\\\/logo\\\/image\\\/\"}}]}<\/script>\n<!-- \/ Yoast SEO Premium plugin. -->","yoast_head_json":{"title":"Esschert Design Einmachglas 0,75 Liter (C2169 8714982280061)","description":"Esschert Design Einmachglas 0,75 Liter (C2169 8714982280061)cm \u00f8 L 13,5 x T 10,7 x H 14,3Volumen in Litern 0.75, Glas, Edelstahl, Silikon,gewicht 0,527 kg","robots":{"index":"index","follow":"follow","max-snippet":"max-snippet:-1","max-image-preview":"max-image-preview:large","max-video-preview":"max-video-preview:-1"},"canonical":"https:\/\/trendsandvision.nl\/de\/product\/esschert-design-einmachglas-075-liter\/","og_locale":"de_DE","og_type":"article","og_title":"Esschert Design Einmachglas 0,75 Liter","og_description":"Esschert Design Einmachglas 0,75 Liter (C2169 8714982280061)cm \u00f8 L 13,5 x T 10,7 x H 14,3Volumen in Litern 0.75, Glas, Edelstahl, Silikon,gewicht 0,527 kg","og_url":"https:\/\/trendsandvision.nl\/de\/product\/esschert-design-einmachglas-075-liter\/","og_site_name":"Trends &amp; Vision (DE)","article_modified_time":"2026-03-08T06:41:08+00:00","og_image":[{"width":800,"height":800,"url":"https:\/\/trendsandvision.nl\/de\/wp-content\/uploads\/sites\/3\/2024\/12\/C2169_01.jpg","type":"image\/jpeg"}],"twitter_card":"summary_large_image","twitter_misc":{"Gesch\u00e4tzte Lesezeit":"1\u00a0Minute"},"schema":{"@context":"https:\/\/schema.org","@graph":[{"@type":"WebPage","@id":"https:\/\/trendsandvision.nl\/de\/product\/esschert-design-einmachglas-075-liter\/","url":"https:\/\/trendsandvision.nl\/de\/product\/esschert-design-einmachglas-075-liter\/","name":"Esschert Design Einmachglas 0,75 Liter (C2169 8714982280061)","isPartOf":{"@id":"https:\/\/trendsandvision.nl\/de\/#website"},"primaryImageOfPage":{"@id":"https:\/\/trendsandvision.nl\/de\/product\/esschert-design-einmachglas-075-liter\/#primaryimage"},"image":{"@id":"https:\/\/trendsandvision.nl\/de\/product\/esschert-design-einmachglas-075-liter\/#primaryimage"},"thumbnailUrl":"https:\/\/trendsandvision.nl\/de\/wp-content\/uploads\/sites\/3\/2024\/12\/C2169_01.jpg","datePublished":"2024-12-22T07:41:57+00:00","dateModified":"2026-03-08T06:41:08+00:00","description":"Esschert Design Einmachglas 0,75 Liter (C2169 8714982280061)cm \u00f8 L 13,5 x T 10,7 x H 14,3Volumen in Litern 0.75, Glas, Edelstahl, Silikon,gewicht 0,527 kg","breadcrumb":{"@id":"https:\/\/trendsandvision.nl\/de\/product\/esschert-design-einmachglas-075-liter\/#breadcrumb"},"inLanguage":"de","potentialAction":[{"@type":"ReadAction","target":["https:\/\/trendsandvision.nl\/de\/product\/esschert-design-einmachglas-075-liter\/"]}]},{"@type":"ImageObject","inLanguage":"de","@id":"https:\/\/trendsandvision.nl\/de\/product\/esschert-design-einmachglas-075-liter\/#primaryimage","url":"https:\/\/trendsandvision.nl\/de\/wp-content\/uploads\/sites\/3\/2024\/12\/C2169_01.jpg","contentUrl":"https:\/\/trendsandvision.nl\/de\/wp-content\/uploads\/sites\/3\/2024\/12\/C2169_01.jpg","width":800,"height":800,"caption":"Trends and Vision Einmachglas 0,75 Liter (C2169 8714982280061)cm \u00f8 L 13,5 x T 10,7 x H 14,3Volumen in Litern 0.75, Glas, Edelstahl, Silikon,gewicht 0,527 kg"},{"@type":"BreadcrumbList","@id":"https:\/\/trendsandvision.nl\/de\/product\/esschert-design-einmachglas-075-liter\/#breadcrumb","itemListElement":[{"@type":"ListItem","position":1,"name":"Home","item":"https:\/\/trendsandvision.nl\/de\/"},{"@type":"ListItem","position":2,"name":"Gesch\u00e4ft","item":"https:\/\/trendsandvision.nl\/de\/geschaft\/"},{"@type":"ListItem","position":3,"name":"Esschert Design Einmachglas 0,75 Liter"}]},{"@type":"WebSite","@id":"https:\/\/trendsandvision.nl\/de\/#website","url":"https:\/\/trendsandvision.nl\/de\/","name":"Trends &amp; Vision (DE)","description":"Der Webshop f\u00fcr Esschert Design Artikel","publisher":{"@id":"https:\/\/trendsandvision.nl\/de\/#organization"},"potentialAction":[{"@type":"SearchAction","target":{"@type":"EntryPoint","urlTemplate":"https:\/\/trendsandvision.nl\/de\/?s={search_term_string}"},"query-input":{"@type":"PropertyValueSpecification","valueRequired":true,"valueName":"search_term_string"}}],"inLanguage":"de"},{"@type":"Organization","@id":"https:\/\/trendsandvision.nl\/de\/#organization","name":"Trends &amp; Vision (DE)","url":"https:\/\/trendsandvision.nl\/de\/","logo":{"@type":"ImageObject","inLanguage":"de","@id":"https:\/\/trendsandvision.nl\/de\/#\/schema\/logo\/image\/","url":"https:\/\/trendsandvision.nl\/de\/wp-content\/uploads\/sites\/3\/2022\/04\/trends-and-vision-logo.jpg","contentUrl":"https:\/\/trendsandvision.nl\/de\/wp-content\/uploads\/sites\/3\/2022\/04\/trends-and-vision-logo.jpg","width":213,"height":100,"caption":"Trends &amp; Vision (DE)"},"image":{"@id":"https:\/\/trendsandvision.nl\/de\/#\/schema\/logo\/image\/"}}]}},"_links":{"self":[{"href":"https:\/\/trendsandvision.nl\/de\/wp-json\/wp\/v2\/product\/18367","targetHints":{"allow":["GET"]}}],"collection":[{"href":"https:\/\/trendsandvision.nl\/de\/wp-json\/wp\/v2\/product"}],"about":[{"href":"https:\/\/trendsandvision.nl\/de\/wp-json\/wp\/v2\/types\/product"}],"wp:featuredmedia":[{"embeddable":true,"href":"https:\/\/trendsandvision.nl\/de\/wp-json\/wp\/v2\/media\/18368"}],"wp:attachment":[{"href":"https:\/\/trendsandvision.nl\/de\/wp-json\/wp\/v2\/media?parent=18367"}],"wp:term":[{"taxonomy":"product_brand","embeddable":true,"href":"https:\/\/trendsandvision.nl\/de\/wp-json\/wp\/v2\/product_brand?post=18367"},{"taxonomy":"product_cat","embeddable":true,"href":"https:\/\/trendsandvision.nl\/de\/wp-json\/wp\/v2\/product_cat?post=18367"},{"taxonomy":"product_tag","embeddable":true,"href":"https:\/\/trendsandvision.nl\/de\/wp-json\/wp\/v2\/product_tag?post=18367"}],"curies":[{"name":"wp","href":"https:\/\/api.w.org\/{rel}","templated":true}]}}