{"id":18357,"date":"2024-12-22T08:41:47","date_gmt":"2024-12-22T07:41:47","guid":{"rendered":"https:\/\/trendsandvision.nl\/de\/product\/esschert-design-blumentopfaufhaenger-o-25-cm\/"},"modified":"2026-04-07T10:22:00","modified_gmt":"2026-04-07T08:22:00","slug":"esschert-design-blumentopfaufhaenger-o-25-cm","status":"publish","type":"product","link":"https:\/\/trendsandvision.nl\/de\/product\/esschert-design-blumentopfaufhaenger-o-25-cm\/","title":{"rendered":"Esschert Design Blumentopfaufh\u00e4nger \u00d8 25 cm"},"content":{"rendered":"<p>Esschert Design Blumentopfaufh\u00e4nger \u00d8 25 cm.<br \/>\nAlles &#8222;<strong><a href=\"https:\/\/trendsandvision.nl\/de\/?s=hanger&amp;post_type=product&amp;dgwt_wcas=1\">h\u00e4ngt<\/a><\/strong>&#8220; bei uns..<br \/>\nDieser Pflanzenh\u00e4nger ist ein stilvolles und funktionales Element, das sich perfekt in jedes moderne Interieur-Sortiment einf\u00fcgt. Mit diesem H\u00e4nger lassen sich Pflanzen schwebend vor dem Fenster, an der Decke oder in leeren Ecken platzieren. Das Design passt zu jedem Interieur und nutzt den Raum optimal. Durch die Kombination mehrerer Gr\u00f6\u00dfen entsteht ein verspielter Effekt.<\/p>\n<p>Alle <strong><a href=\"https:\/\/trendsandvision.nl\/de\/?s=Blumentopfaufh\u00e4nger&amp;post_type=product&amp;dgwt_wcas=1\">Topfaufh\u00e4nger<\/a><\/strong> mit verschiedene Diameter<br \/>\n<strong><a href=\"https:\/\/trendsandvision.nl\/de\/?s=Hanging+Basket+haken&amp;post_type=product&amp;dgwt_wcas=1\">alle Haken<\/a><\/strong><\/p>\n<p>Artikelname: Blumentopfh\u00e4nger \u00d8 25 cm<br \/>\nArtikelnummer: BPH203<br \/>\nProduktabmessungen in cm \u00f8 33 x 25.1 x 35.5<br \/>\nMaterial Stahl mit niedrigem Kohlenstoffgehalt, Eisen<br \/>\nNettogewicht 0,407 kg<br \/>\nTragf\u00e4higkeit 10.0 KG<br \/>\nProduzent <a href=\"https:\/\/www.esschertdesign.com\/shop\/de\/bloempot-hanger-d23cm-bph203\" target=\"_blank\" rel=\"noopener\">Esschert Design<\/a><\/p>\n","protected":false},"excerpt":{"rendered":"<p>Artikelname: Blumentopfh\u00e4nger \u00d8 25 cm<br \/>\nArtikelnummer: BPH203<br \/>\ncm \u00f8 33 x 25.1 x 35.5<br \/>\nMaterial: Stahl mit<br \/>\nniedrigem Kohlenstoffgehalt, Eisen<br \/>\nNettogewicht 0,407 kg<br \/>\nTragf\u00e4higkeit 10.0 KG<br \/>\n<strong><a href=\"https:\/\/trendsandvision.nl\/de\/?s=Hanging+Basket+haken&amp;post_type=product&amp;dgwt_wcas=1\">alle Haken<\/a><\/strong><\/p>\n","protected":false},"featured_media":18358,"template":"","meta":[],"product_brand":[9597,9598],"product_cat":[503],"product_tag":[7878,7918,6740,7874],"class_list":{"0":"post-18357","1":"product","2":"type-product","3":"status-publish","4":"has-post-thumbnail","6":"product_brand-esschert-design","7":"product_brand-trends-and-vision","8":"product_cat-esscherts-garden","9":"product_tag-aufhaenger","10":"product_tag-blumentopfhaenger","11":"product_tag-garten","12":"product_tag-wahl-o","13":"pa_anbieter-esschert-design","14":"pa_ean-code-7643","16":"first","17":"instock","18":"sale","19":"taxable","20":"shipping-taxable","21":"purchasable","22":"product-type-simple","23":"czr-hentry"},"yoast_head":"<!-- This site is optimized with the Yoast SEO Premium plugin v26.4 (Yoast SEO v27.3) - https:\/\/yoast.com\/product\/yoast-seo-premium-wordpress\/ -->\n<title>Esschert Design Blumentopfaufh\u00e4nger \u00d8 25 cm(BPH203 )<\/title>\n<meta name=\"description\" content=\"Esschert Design Blumentopfaufh\u00e4nger \u00d8 25 cm(BPH203 8714982283543)cm \u00f8 33 x 25.1 x 35.5 stahl, Eisen,gewicht 0,407 kg, Tragf\u00e4higkeit 10.0 KG\" \/>\n<meta name=\"robots\" content=\"index, follow, max-snippet:-1, max-image-preview:large, max-video-preview:-1\" \/>\n<link rel=\"canonical\" href=\"https:\/\/trendsandvision.nl\/de\/product\/esschert-design-blumentopfaufhaenger-o-25-cm\/\" \/>\n<meta property=\"og:locale\" content=\"de_DE\" \/>\n<meta property=\"og:type\" content=\"article\" \/>\n<meta property=\"og:title\" content=\"Esschert Design Blumentopfaufh\u00e4nger \u00d8 25 cm\" \/>\n<meta property=\"og:description\" content=\"Esschert Design Blumentopfaufh\u00e4nger \u00d8 25 cm(BPH203 8714982283543)cm \u00f8 33 x 25.1 x 35.5 stahl, Eisen,gewicht 0,407 kg, Tragf\u00e4higkeit 10.0 KG\" \/>\n<meta property=\"og:url\" content=\"https:\/\/trendsandvision.nl\/de\/product\/esschert-design-blumentopfaufhaenger-o-25-cm\/\" \/>\n<meta property=\"og:site_name\" content=\"Trends &amp; Vision (DE)\" \/>\n<meta property=\"article:modified_time\" content=\"2026-04-07T08:22:00+00:00\" \/>\n<meta property=\"og:image\" content=\"https:\/\/trendsandvision.nl\/de\/wp-content\/uploads\/sites\/3\/2024\/12\/BPH203_01.jpg\" \/>\n\t<meta property=\"og:image:width\" content=\"800\" \/>\n\t<meta property=\"og:image:height\" content=\"800\" \/>\n\t<meta property=\"og:image:type\" content=\"image\/jpeg\" \/>\n<meta name=\"twitter:card\" content=\"summary_large_image\" \/>\n<meta name=\"twitter:label1\" content=\"Gesch\u00e4tzte Lesezeit\" \/>\n\t<meta name=\"twitter:data1\" content=\"1\u00a0Minute\" \/>\n<script type=\"application\/ld+json\" class=\"yoast-schema-graph\">{\"@context\":\"https:\\\/\\\/schema.org\",\"@graph\":[{\"@type\":\"WebPage\",\"@id\":\"https:\\\/\\\/trendsandvision.nl\\\/de\\\/product\\\/esschert-design-blumentopfaufhaenger-o-25-cm\\\/\",\"url\":\"https:\\\/\\\/trendsandvision.nl\\\/de\\\/product\\\/esschert-design-blumentopfaufhaenger-o-25-cm\\\/\",\"name\":\"Esschert Design Blumentopfaufh\u00e4nger \u00d8 25 cm(BPH203 )\",\"isPartOf\":{\"@id\":\"https:\\\/\\\/trendsandvision.nl\\\/de\\\/#website\"},\"primaryImageOfPage\":{\"@id\":\"https:\\\/\\\/trendsandvision.nl\\\/de\\\/product\\\/esschert-design-blumentopfaufhaenger-o-25-cm\\\/#primaryimage\"},\"image\":{\"@id\":\"https:\\\/\\\/trendsandvision.nl\\\/de\\\/product\\\/esschert-design-blumentopfaufhaenger-o-25-cm\\\/#primaryimage\"},\"thumbnailUrl\":\"https:\\\/\\\/trendsandvision.nl\\\/de\\\/wp-content\\\/uploads\\\/sites\\\/3\\\/2024\\\/12\\\/BPH203_01.jpg\",\"datePublished\":\"2024-12-22T07:41:47+00:00\",\"dateModified\":\"2026-04-07T08:22:00+00:00\",\"description\":\"Esschert Design Blumentopfaufh\u00e4nger \u00d8 25 cm(BPH203 8714982283543)cm \u00f8 33 x 25.1 x 35.5 stahl, Eisen,gewicht 0,407 kg, Tragf\u00e4higkeit 10.0 KG\",\"breadcrumb\":{\"@id\":\"https:\\\/\\\/trendsandvision.nl\\\/de\\\/product\\\/esschert-design-blumentopfaufhaenger-o-25-cm\\\/#breadcrumb\"},\"inLanguage\":\"de\",\"potentialAction\":[{\"@type\":\"ReadAction\",\"target\":[\"https:\\\/\\\/trendsandvision.nl\\\/de\\\/product\\\/esschert-design-blumentopfaufhaenger-o-25-cm\\\/\"]}]},{\"@type\":\"ImageObject\",\"inLanguage\":\"de\",\"@id\":\"https:\\\/\\\/trendsandvision.nl\\\/de\\\/product\\\/esschert-design-blumentopfaufhaenger-o-25-cm\\\/#primaryimage\",\"url\":\"https:\\\/\\\/trendsandvision.nl\\\/de\\\/wp-content\\\/uploads\\\/sites\\\/3\\\/2024\\\/12\\\/BPH203_01.jpg\",\"contentUrl\":\"https:\\\/\\\/trendsandvision.nl\\\/de\\\/wp-content\\\/uploads\\\/sites\\\/3\\\/2024\\\/12\\\/BPH203_01.jpg\",\"width\":800,\"height\":800,\"caption\":\"Trends and Vision Blumentopfaufh\u00e4nger \u00d8 25 cm(BPH203 8714982283543)cm \u00f8 33 x 25.1 x 35.5 stahl, Eisen,gewicht 0,407 kg, Tragf\u00e4higkeit 10.0 KG\"},{\"@type\":\"BreadcrumbList\",\"@id\":\"https:\\\/\\\/trendsandvision.nl\\\/de\\\/product\\\/esschert-design-blumentopfaufhaenger-o-25-cm\\\/#breadcrumb\",\"itemListElement\":[{\"@type\":\"ListItem\",\"position\":1,\"name\":\"Home\",\"item\":\"https:\\\/\\\/trendsandvision.nl\\\/de\\\/\"},{\"@type\":\"ListItem\",\"position\":2,\"name\":\"Gesch\u00e4ft\",\"item\":\"https:\\\/\\\/trendsandvision.nl\\\/de\\\/geschaft\\\/\"},{\"@type\":\"ListItem\",\"position\":3,\"name\":\"Esschert Design Blumentopfaufh\u00e4nger \u00d8 25 cm\"}]},{\"@type\":\"WebSite\",\"@id\":\"https:\\\/\\\/trendsandvision.nl\\\/de\\\/#website\",\"url\":\"https:\\\/\\\/trendsandvision.nl\\\/de\\\/\",\"name\":\"Trends &amp; Vision (DE)\",\"description\":\"Der Webshop f\u00fcr Esschert Design Artikel\",\"publisher\":{\"@id\":\"https:\\\/\\\/trendsandvision.nl\\\/de\\\/#organization\"},\"potentialAction\":[{\"@type\":\"SearchAction\",\"target\":{\"@type\":\"EntryPoint\",\"urlTemplate\":\"https:\\\/\\\/trendsandvision.nl\\\/de\\\/?s={search_term_string}\"},\"query-input\":{\"@type\":\"PropertyValueSpecification\",\"valueRequired\":true,\"valueName\":\"search_term_string\"}}],\"inLanguage\":\"de\"},{\"@type\":\"Organization\",\"@id\":\"https:\\\/\\\/trendsandvision.nl\\\/de\\\/#organization\",\"name\":\"Trends &amp; Vision (DE)\",\"url\":\"https:\\\/\\\/trendsandvision.nl\\\/de\\\/\",\"logo\":{\"@type\":\"ImageObject\",\"inLanguage\":\"de\",\"@id\":\"https:\\\/\\\/trendsandvision.nl\\\/de\\\/#\\\/schema\\\/logo\\\/image\\\/\",\"url\":\"https:\\\/\\\/trendsandvision.nl\\\/de\\\/wp-content\\\/uploads\\\/sites\\\/3\\\/2022\\\/04\\\/trends-and-vision-logo.jpg\",\"contentUrl\":\"https:\\\/\\\/trendsandvision.nl\\\/de\\\/wp-content\\\/uploads\\\/sites\\\/3\\\/2022\\\/04\\\/trends-and-vision-logo.jpg\",\"width\":213,\"height\":100,\"caption\":\"Trends &amp; Vision (DE)\"},\"image\":{\"@id\":\"https:\\\/\\\/trendsandvision.nl\\\/de\\\/#\\\/schema\\\/logo\\\/image\\\/\"}}]}<\/script>\n<!-- \/ Yoast SEO Premium plugin. -->","yoast_head_json":{"title":"Esschert Design Blumentopfaufh\u00e4nger \u00d8 25 cm(BPH203 )","description":"Esschert Design Blumentopfaufh\u00e4nger \u00d8 25 cm(BPH203 8714982283543)cm \u00f8 33 x 25.1 x 35.5 stahl, Eisen,gewicht 0,407 kg, Tragf\u00e4higkeit 10.0 KG","robots":{"index":"index","follow":"follow","max-snippet":"max-snippet:-1","max-image-preview":"max-image-preview:large","max-video-preview":"max-video-preview:-1"},"canonical":"https:\/\/trendsandvision.nl\/de\/product\/esschert-design-blumentopfaufhaenger-o-25-cm\/","og_locale":"de_DE","og_type":"article","og_title":"Esschert Design Blumentopfaufh\u00e4nger \u00d8 25 cm","og_description":"Esschert Design Blumentopfaufh\u00e4nger \u00d8 25 cm(BPH203 8714982283543)cm \u00f8 33 x 25.1 x 35.5 stahl, Eisen,gewicht 0,407 kg, Tragf\u00e4higkeit 10.0 KG","og_url":"https:\/\/trendsandvision.nl\/de\/product\/esschert-design-blumentopfaufhaenger-o-25-cm\/","og_site_name":"Trends &amp; Vision (DE)","article_modified_time":"2026-04-07T08:22:00+00:00","og_image":[{"width":800,"height":800,"url":"https:\/\/trendsandvision.nl\/de\/wp-content\/uploads\/sites\/3\/2024\/12\/BPH203_01.jpg","type":"image\/jpeg"}],"twitter_card":"summary_large_image","twitter_misc":{"Gesch\u00e4tzte Lesezeit":"1\u00a0Minute"},"schema":{"@context":"https:\/\/schema.org","@graph":[{"@type":"WebPage","@id":"https:\/\/trendsandvision.nl\/de\/product\/esschert-design-blumentopfaufhaenger-o-25-cm\/","url":"https:\/\/trendsandvision.nl\/de\/product\/esschert-design-blumentopfaufhaenger-o-25-cm\/","name":"Esschert Design Blumentopfaufh\u00e4nger \u00d8 25 cm(BPH203 )","isPartOf":{"@id":"https:\/\/trendsandvision.nl\/de\/#website"},"primaryImageOfPage":{"@id":"https:\/\/trendsandvision.nl\/de\/product\/esschert-design-blumentopfaufhaenger-o-25-cm\/#primaryimage"},"image":{"@id":"https:\/\/trendsandvision.nl\/de\/product\/esschert-design-blumentopfaufhaenger-o-25-cm\/#primaryimage"},"thumbnailUrl":"https:\/\/trendsandvision.nl\/de\/wp-content\/uploads\/sites\/3\/2024\/12\/BPH203_01.jpg","datePublished":"2024-12-22T07:41:47+00:00","dateModified":"2026-04-07T08:22:00+00:00","description":"Esschert Design Blumentopfaufh\u00e4nger \u00d8 25 cm(BPH203 8714982283543)cm \u00f8 33 x 25.1 x 35.5 stahl, Eisen,gewicht 0,407 kg, Tragf\u00e4higkeit 10.0 KG","breadcrumb":{"@id":"https:\/\/trendsandvision.nl\/de\/product\/esschert-design-blumentopfaufhaenger-o-25-cm\/#breadcrumb"},"inLanguage":"de","potentialAction":[{"@type":"ReadAction","target":["https:\/\/trendsandvision.nl\/de\/product\/esschert-design-blumentopfaufhaenger-o-25-cm\/"]}]},{"@type":"ImageObject","inLanguage":"de","@id":"https:\/\/trendsandvision.nl\/de\/product\/esschert-design-blumentopfaufhaenger-o-25-cm\/#primaryimage","url":"https:\/\/trendsandvision.nl\/de\/wp-content\/uploads\/sites\/3\/2024\/12\/BPH203_01.jpg","contentUrl":"https:\/\/trendsandvision.nl\/de\/wp-content\/uploads\/sites\/3\/2024\/12\/BPH203_01.jpg","width":800,"height":800,"caption":"Trends and Vision Blumentopfaufh\u00e4nger \u00d8 25 cm(BPH203 8714982283543)cm \u00f8 33 x 25.1 x 35.5 stahl, Eisen,gewicht 0,407 kg, Tragf\u00e4higkeit 10.0 KG"},{"@type":"BreadcrumbList","@id":"https:\/\/trendsandvision.nl\/de\/product\/esschert-design-blumentopfaufhaenger-o-25-cm\/#breadcrumb","itemListElement":[{"@type":"ListItem","position":1,"name":"Home","item":"https:\/\/trendsandvision.nl\/de\/"},{"@type":"ListItem","position":2,"name":"Gesch\u00e4ft","item":"https:\/\/trendsandvision.nl\/de\/geschaft\/"},{"@type":"ListItem","position":3,"name":"Esschert Design Blumentopfaufh\u00e4nger \u00d8 25 cm"}]},{"@type":"WebSite","@id":"https:\/\/trendsandvision.nl\/de\/#website","url":"https:\/\/trendsandvision.nl\/de\/","name":"Trends &amp; Vision (DE)","description":"Der Webshop f\u00fcr Esschert Design Artikel","publisher":{"@id":"https:\/\/trendsandvision.nl\/de\/#organization"},"potentialAction":[{"@type":"SearchAction","target":{"@type":"EntryPoint","urlTemplate":"https:\/\/trendsandvision.nl\/de\/?s={search_term_string}"},"query-input":{"@type":"PropertyValueSpecification","valueRequired":true,"valueName":"search_term_string"}}],"inLanguage":"de"},{"@type":"Organization","@id":"https:\/\/trendsandvision.nl\/de\/#organization","name":"Trends &amp; Vision (DE)","url":"https:\/\/trendsandvision.nl\/de\/","logo":{"@type":"ImageObject","inLanguage":"de","@id":"https:\/\/trendsandvision.nl\/de\/#\/schema\/logo\/image\/","url":"https:\/\/trendsandvision.nl\/de\/wp-content\/uploads\/sites\/3\/2022\/04\/trends-and-vision-logo.jpg","contentUrl":"https:\/\/trendsandvision.nl\/de\/wp-content\/uploads\/sites\/3\/2022\/04\/trends-and-vision-logo.jpg","width":213,"height":100,"caption":"Trends &amp; Vision (DE)"},"image":{"@id":"https:\/\/trendsandvision.nl\/de\/#\/schema\/logo\/image\/"}}]}},"_links":{"self":[{"href":"https:\/\/trendsandvision.nl\/de\/wp-json\/wp\/v2\/product\/18357","targetHints":{"allow":["GET"]}}],"collection":[{"href":"https:\/\/trendsandvision.nl\/de\/wp-json\/wp\/v2\/product"}],"about":[{"href":"https:\/\/trendsandvision.nl\/de\/wp-json\/wp\/v2\/types\/product"}],"wp:featuredmedia":[{"embeddable":true,"href":"https:\/\/trendsandvision.nl\/de\/wp-json\/wp\/v2\/media\/18358"}],"wp:attachment":[{"href":"https:\/\/trendsandvision.nl\/de\/wp-json\/wp\/v2\/media?parent=18357"}],"wp:term":[{"taxonomy":"product_brand","embeddable":true,"href":"https:\/\/trendsandvision.nl\/de\/wp-json\/wp\/v2\/product_brand?post=18357"},{"taxonomy":"product_cat","embeddable":true,"href":"https:\/\/trendsandvision.nl\/de\/wp-json\/wp\/v2\/product_cat?post=18357"},{"taxonomy":"product_tag","embeddable":true,"href":"https:\/\/trendsandvision.nl\/de\/wp-json\/wp\/v2\/product_tag?post=18357"}],"curies":[{"name":"wp","href":"https:\/\/api.w.org\/{rel}","templated":true}]}}