{"id":18324,"date":"2024-12-22T08:41:19","date_gmt":"2024-12-22T07:41:19","guid":{"rendered":"https:\/\/trendsandvision.nl\/de\/product\/esschert-design-trolley-metall-rund-indoor-l\/"},"modified":"2026-04-07T10:21:53","modified_gmt":"2026-04-07T08:21:53","slug":"esschert-design-trolley-metall-rund-indoor-l","status":"publish","type":"product","link":"https:\/\/trendsandvision.nl\/de\/product\/esschert-design-trolley-metall-rund-indoor-l\/","title":{"rendered":"Esschert Design Trolley Metall rund Indoor L"},"content":{"rendered":"<p>Esschert Design Trolley Metall rund Indoor L.<br \/>\nKompakter, runder Pflanzenroller aus Metall zum einfachen Umstellen von Pflanzen.<br \/>\nDank der vier leichtg\u00e4ngigen Rollen lassen sich Pflanzen m\u00fchelos verschieben  Kratzfrei.<br \/>\nDie perfekte L\u00f6sung f\u00fcr alle, die ihr Zuhause regelm\u00e4\u00dfig umgestalten m\u00f6chten.<br \/>\nMit einer Tragkraft von 60 Kilogramm lassen sich nahezu alle Pflanzen problemlos bewegen.<\/p>\n<p>Artikelname Pflanzenroller Metall rund Indoor L<br \/>\nArtikelnummer BPH187<br \/>\nProduktgruppe(n) Indoor, Pflanzenwagen<br \/>\nProduktabmessungen in cm \u00f8 L 38 x T 38 x H 6,5<br \/>\nMaterial Eisen, PP (Polypropylen), PVC (Polyvinylchlorid)<br \/>\nNettogewicht 0,739 kg<br \/>\nBarcode 8714982277061<br \/>\nTragf\u00e4higkeit 60 KG<br \/>\nProduzent <a href=\"http:\/\/Kompakter, runder Pflanzenroller aus Metall zum einfachen Umstellen von Pflanzen. Dank der vier leichtg\u00e4ngigen Rollen lassen sich Pflanzen m\u00fchelos verschieben \u2013 schweres Heben geh\u00f6rt der Vergangenheit an. Kratzfrei. Die perfekte L\u00f6sung f\u00fcr alle, die ihr Zuhause regelm\u00e4\u00dfig umgestalten m\u00f6chten. Mit einer Tragkraft von 60 Kilogramm lassen sich nahezu alle Pflanzen problemlos bewegen.\" target=\"_blank\">Esschert Design<\/a><\/p>\n","protected":false},"excerpt":{"rendered":"<p>\u00f8 L 38 x T 38 x H 6,5 CM<br \/>\n4 leichtg\u00e4ngige Rollen<br \/>\nTragkraft 60 kg<br \/>\nKeine Kratzer auf dem Boden<br \/>\nEisen, PP (Polypropylen), PVC<br \/>\nNettogewicht 0,739 kg<br \/>\nBarcode 8714982277061<br \/>\nTragf\u00e4higkeit 60 KG<\/p>\n","protected":false},"featured_media":18325,"template":"","meta":[],"product_brand":[9597,9598],"product_cat":[503],"product_tag":[6990,7470,7820,7548,7886],"class_list":{"0":"post-18324","1":"product","2":"type-product","3":"status-publish","4":"has-post-thumbnail","6":"product_brand-esschert-design","7":"product_brand-trends-and-vision","8":"product_cat-esscherts-garden","9":"product_tag-indoor","10":"product_tag-metall","11":"product_tag-pflanzenwagen","12":"product_tag-rund","13":"product_tag-trolley","14":"pa_anbieter-esschert-design","15":"pa_ean-code-7632","17":"first","18":"instock","19":"sale","20":"taxable","21":"shipping-taxable","22":"purchasable","23":"product-type-simple","24":"czr-hentry"},"yoast_head":"<!-- This site is optimized with the Yoast SEO Premium plugin v26.4 (Yoast SEO v27.3) - https:\/\/yoast.com\/product\/yoast-seo-premium-wordpress\/ -->\n<title>Esschert Design Trolley Metall rund Indoor L (BPH187 )<\/title>\n<meta name=\"description\" content=\"Esschert Design Trolley Metall rund Indoor L(BPH187 8714982277061)cm \u00f8 L 38 x T 38 x H 6,5Material Eisen, PP PVC ,Nettogewicht 0,739 kg, Tragf\u00e4higkeit 60 KG\" \/>\n<meta name=\"robots\" content=\"index, follow, max-snippet:-1, max-image-preview:large, max-video-preview:-1\" \/>\n<link rel=\"canonical\" href=\"https:\/\/trendsandvision.nl\/de\/product\/esschert-design-trolley-metall-rund-indoor-l\/\" \/>\n<meta property=\"og:locale\" content=\"de_DE\" \/>\n<meta property=\"og:type\" content=\"article\" \/>\n<meta property=\"og:title\" content=\"Esschert Design Trolley Metall rund Indoor L\" \/>\n<meta property=\"og:description\" content=\"Esschert Design Trolley Metall rund Indoor L(BPH187 8714982277061)cm \u00f8 L 38 x T 38 x H 6,5Material Eisen, PP PVC ,Nettogewicht 0,739 kg, Tragf\u00e4higkeit 60 KG\" \/>\n<meta property=\"og:url\" content=\"https:\/\/trendsandvision.nl\/de\/product\/esschert-design-trolley-metall-rund-indoor-l\/\" \/>\n<meta property=\"og:site_name\" content=\"Trends &amp; Vision (DE)\" \/>\n<meta property=\"article:modified_time\" content=\"2026-04-07T08:21:53+00:00\" \/>\n<meta property=\"og:image\" content=\"https:\/\/trendsandvision.nl\/de\/wp-content\/uploads\/sites\/3\/2024\/12\/BPH187_01.jpg\" \/>\n\t<meta property=\"og:image:width\" content=\"800\" \/>\n\t<meta property=\"og:image:height\" content=\"800\" \/>\n\t<meta property=\"og:image:type\" content=\"image\/jpeg\" \/>\n<meta name=\"twitter:card\" content=\"summary_large_image\" \/>\n<meta name=\"twitter:label1\" content=\"Gesch\u00e4tzte Lesezeit\" \/>\n\t<meta name=\"twitter:data1\" content=\"1\u00a0Minute\" \/>\n<script type=\"application\/ld+json\" class=\"yoast-schema-graph\">{\"@context\":\"https:\\\/\\\/schema.org\",\"@graph\":[{\"@type\":\"WebPage\",\"@id\":\"https:\\\/\\\/trendsandvision.nl\\\/de\\\/product\\\/esschert-design-trolley-metall-rund-indoor-l\\\/\",\"url\":\"https:\\\/\\\/trendsandvision.nl\\\/de\\\/product\\\/esschert-design-trolley-metall-rund-indoor-l\\\/\",\"name\":\"Esschert Design Trolley Metall rund Indoor L (BPH187 )\",\"isPartOf\":{\"@id\":\"https:\\\/\\\/trendsandvision.nl\\\/de\\\/#website\"},\"primaryImageOfPage\":{\"@id\":\"https:\\\/\\\/trendsandvision.nl\\\/de\\\/product\\\/esschert-design-trolley-metall-rund-indoor-l\\\/#primaryimage\"},\"image\":{\"@id\":\"https:\\\/\\\/trendsandvision.nl\\\/de\\\/product\\\/esschert-design-trolley-metall-rund-indoor-l\\\/#primaryimage\"},\"thumbnailUrl\":\"https:\\\/\\\/trendsandvision.nl\\\/de\\\/wp-content\\\/uploads\\\/sites\\\/3\\\/2024\\\/12\\\/BPH187_01.jpg\",\"datePublished\":\"2024-12-22T07:41:19+00:00\",\"dateModified\":\"2026-04-07T08:21:53+00:00\",\"description\":\"Esschert Design Trolley Metall rund Indoor L(BPH187 8714982277061)cm \u00f8 L 38 x T 38 x H 6,5Material Eisen, PP PVC ,Nettogewicht 0,739 kg, Tragf\u00e4higkeit 60 KG\",\"breadcrumb\":{\"@id\":\"https:\\\/\\\/trendsandvision.nl\\\/de\\\/product\\\/esschert-design-trolley-metall-rund-indoor-l\\\/#breadcrumb\"},\"inLanguage\":\"de\",\"potentialAction\":[{\"@type\":\"ReadAction\",\"target\":[\"https:\\\/\\\/trendsandvision.nl\\\/de\\\/product\\\/esschert-design-trolley-metall-rund-indoor-l\\\/\"]}]},{\"@type\":\"ImageObject\",\"inLanguage\":\"de\",\"@id\":\"https:\\\/\\\/trendsandvision.nl\\\/de\\\/product\\\/esschert-design-trolley-metall-rund-indoor-l\\\/#primaryimage\",\"url\":\"https:\\\/\\\/trendsandvision.nl\\\/de\\\/wp-content\\\/uploads\\\/sites\\\/3\\\/2024\\\/12\\\/BPH187_01.jpg\",\"contentUrl\":\"https:\\\/\\\/trendsandvision.nl\\\/de\\\/wp-content\\\/uploads\\\/sites\\\/3\\\/2024\\\/12\\\/BPH187_01.jpg\",\"width\":800,\"height\":800,\"caption\":\"Trends and Vision Trolley Metall rund Indoor L(BPH187 8714982277061)cm \u00f8 L 38 x T 38 x H 6,5Material Eisen, PP PVC ,Nettogewicht 0,739 kg, Tragf\u00e4higkeit 60 KG\"},{\"@type\":\"BreadcrumbList\",\"@id\":\"https:\\\/\\\/trendsandvision.nl\\\/de\\\/product\\\/esschert-design-trolley-metall-rund-indoor-l\\\/#breadcrumb\",\"itemListElement\":[{\"@type\":\"ListItem\",\"position\":1,\"name\":\"Home\",\"item\":\"https:\\\/\\\/trendsandvision.nl\\\/de\\\/\"},{\"@type\":\"ListItem\",\"position\":2,\"name\":\"Gesch\u00e4ft\",\"item\":\"https:\\\/\\\/trendsandvision.nl\\\/de\\\/geschaft\\\/\"},{\"@type\":\"ListItem\",\"position\":3,\"name\":\"Esschert Design Trolley Metall rund Indoor L\"}]},{\"@type\":\"WebSite\",\"@id\":\"https:\\\/\\\/trendsandvision.nl\\\/de\\\/#website\",\"url\":\"https:\\\/\\\/trendsandvision.nl\\\/de\\\/\",\"name\":\"Trends &amp; Vision (DE)\",\"description\":\"Der Webshop f\u00fcr Esschert Design Artikel\",\"publisher\":{\"@id\":\"https:\\\/\\\/trendsandvision.nl\\\/de\\\/#organization\"},\"potentialAction\":[{\"@type\":\"SearchAction\",\"target\":{\"@type\":\"EntryPoint\",\"urlTemplate\":\"https:\\\/\\\/trendsandvision.nl\\\/de\\\/?s={search_term_string}\"},\"query-input\":{\"@type\":\"PropertyValueSpecification\",\"valueRequired\":true,\"valueName\":\"search_term_string\"}}],\"inLanguage\":\"de\"},{\"@type\":\"Organization\",\"@id\":\"https:\\\/\\\/trendsandvision.nl\\\/de\\\/#organization\",\"name\":\"Trends &amp; Vision (DE)\",\"url\":\"https:\\\/\\\/trendsandvision.nl\\\/de\\\/\",\"logo\":{\"@type\":\"ImageObject\",\"inLanguage\":\"de\",\"@id\":\"https:\\\/\\\/trendsandvision.nl\\\/de\\\/#\\\/schema\\\/logo\\\/image\\\/\",\"url\":\"https:\\\/\\\/trendsandvision.nl\\\/de\\\/wp-content\\\/uploads\\\/sites\\\/3\\\/2022\\\/04\\\/trends-and-vision-logo.jpg\",\"contentUrl\":\"https:\\\/\\\/trendsandvision.nl\\\/de\\\/wp-content\\\/uploads\\\/sites\\\/3\\\/2022\\\/04\\\/trends-and-vision-logo.jpg\",\"width\":213,\"height\":100,\"caption\":\"Trends &amp; Vision (DE)\"},\"image\":{\"@id\":\"https:\\\/\\\/trendsandvision.nl\\\/de\\\/#\\\/schema\\\/logo\\\/image\\\/\"}}]}<\/script>\n<!-- \/ Yoast SEO Premium plugin. -->","yoast_head_json":{"title":"Esschert Design Trolley Metall rund Indoor L (BPH187 )","description":"Esschert Design Trolley Metall rund Indoor L(BPH187 8714982277061)cm \u00f8 L 38 x T 38 x H 6,5Material Eisen, PP PVC ,Nettogewicht 0,739 kg, Tragf\u00e4higkeit 60 KG","robots":{"index":"index","follow":"follow","max-snippet":"max-snippet:-1","max-image-preview":"max-image-preview:large","max-video-preview":"max-video-preview:-1"},"canonical":"https:\/\/trendsandvision.nl\/de\/product\/esschert-design-trolley-metall-rund-indoor-l\/","og_locale":"de_DE","og_type":"article","og_title":"Esschert Design Trolley Metall rund Indoor L","og_description":"Esschert Design Trolley Metall rund Indoor L(BPH187 8714982277061)cm \u00f8 L 38 x T 38 x H 6,5Material Eisen, PP PVC ,Nettogewicht 0,739 kg, Tragf\u00e4higkeit 60 KG","og_url":"https:\/\/trendsandvision.nl\/de\/product\/esschert-design-trolley-metall-rund-indoor-l\/","og_site_name":"Trends &amp; Vision (DE)","article_modified_time":"2026-04-07T08:21:53+00:00","og_image":[{"width":800,"height":800,"url":"https:\/\/trendsandvision.nl\/de\/wp-content\/uploads\/sites\/3\/2024\/12\/BPH187_01.jpg","type":"image\/jpeg"}],"twitter_card":"summary_large_image","twitter_misc":{"Gesch\u00e4tzte Lesezeit":"1\u00a0Minute"},"schema":{"@context":"https:\/\/schema.org","@graph":[{"@type":"WebPage","@id":"https:\/\/trendsandvision.nl\/de\/product\/esschert-design-trolley-metall-rund-indoor-l\/","url":"https:\/\/trendsandvision.nl\/de\/product\/esschert-design-trolley-metall-rund-indoor-l\/","name":"Esschert Design Trolley Metall rund Indoor L (BPH187 )","isPartOf":{"@id":"https:\/\/trendsandvision.nl\/de\/#website"},"primaryImageOfPage":{"@id":"https:\/\/trendsandvision.nl\/de\/product\/esschert-design-trolley-metall-rund-indoor-l\/#primaryimage"},"image":{"@id":"https:\/\/trendsandvision.nl\/de\/product\/esschert-design-trolley-metall-rund-indoor-l\/#primaryimage"},"thumbnailUrl":"https:\/\/trendsandvision.nl\/de\/wp-content\/uploads\/sites\/3\/2024\/12\/BPH187_01.jpg","datePublished":"2024-12-22T07:41:19+00:00","dateModified":"2026-04-07T08:21:53+00:00","description":"Esschert Design Trolley Metall rund Indoor L(BPH187 8714982277061)cm \u00f8 L 38 x T 38 x H 6,5Material Eisen, PP PVC ,Nettogewicht 0,739 kg, Tragf\u00e4higkeit 60 KG","breadcrumb":{"@id":"https:\/\/trendsandvision.nl\/de\/product\/esschert-design-trolley-metall-rund-indoor-l\/#breadcrumb"},"inLanguage":"de","potentialAction":[{"@type":"ReadAction","target":["https:\/\/trendsandvision.nl\/de\/product\/esschert-design-trolley-metall-rund-indoor-l\/"]}]},{"@type":"ImageObject","inLanguage":"de","@id":"https:\/\/trendsandvision.nl\/de\/product\/esschert-design-trolley-metall-rund-indoor-l\/#primaryimage","url":"https:\/\/trendsandvision.nl\/de\/wp-content\/uploads\/sites\/3\/2024\/12\/BPH187_01.jpg","contentUrl":"https:\/\/trendsandvision.nl\/de\/wp-content\/uploads\/sites\/3\/2024\/12\/BPH187_01.jpg","width":800,"height":800,"caption":"Trends and Vision Trolley Metall rund Indoor L(BPH187 8714982277061)cm \u00f8 L 38 x T 38 x H 6,5Material Eisen, PP PVC ,Nettogewicht 0,739 kg, Tragf\u00e4higkeit 60 KG"},{"@type":"BreadcrumbList","@id":"https:\/\/trendsandvision.nl\/de\/product\/esschert-design-trolley-metall-rund-indoor-l\/#breadcrumb","itemListElement":[{"@type":"ListItem","position":1,"name":"Home","item":"https:\/\/trendsandvision.nl\/de\/"},{"@type":"ListItem","position":2,"name":"Gesch\u00e4ft","item":"https:\/\/trendsandvision.nl\/de\/geschaft\/"},{"@type":"ListItem","position":3,"name":"Esschert Design Trolley Metall rund Indoor L"}]},{"@type":"WebSite","@id":"https:\/\/trendsandvision.nl\/de\/#website","url":"https:\/\/trendsandvision.nl\/de\/","name":"Trends &amp; Vision (DE)","description":"Der Webshop f\u00fcr Esschert Design Artikel","publisher":{"@id":"https:\/\/trendsandvision.nl\/de\/#organization"},"potentialAction":[{"@type":"SearchAction","target":{"@type":"EntryPoint","urlTemplate":"https:\/\/trendsandvision.nl\/de\/?s={search_term_string}"},"query-input":{"@type":"PropertyValueSpecification","valueRequired":true,"valueName":"search_term_string"}}],"inLanguage":"de"},{"@type":"Organization","@id":"https:\/\/trendsandvision.nl\/de\/#organization","name":"Trends &amp; Vision (DE)","url":"https:\/\/trendsandvision.nl\/de\/","logo":{"@type":"ImageObject","inLanguage":"de","@id":"https:\/\/trendsandvision.nl\/de\/#\/schema\/logo\/image\/","url":"https:\/\/trendsandvision.nl\/de\/wp-content\/uploads\/sites\/3\/2022\/04\/trends-and-vision-logo.jpg","contentUrl":"https:\/\/trendsandvision.nl\/de\/wp-content\/uploads\/sites\/3\/2022\/04\/trends-and-vision-logo.jpg","width":213,"height":100,"caption":"Trends &amp; Vision (DE)"},"image":{"@id":"https:\/\/trendsandvision.nl\/de\/#\/schema\/logo\/image\/"}}]}},"_links":{"self":[{"href":"https:\/\/trendsandvision.nl\/de\/wp-json\/wp\/v2\/product\/18324","targetHints":{"allow":["GET"]}}],"collection":[{"href":"https:\/\/trendsandvision.nl\/de\/wp-json\/wp\/v2\/product"}],"about":[{"href":"https:\/\/trendsandvision.nl\/de\/wp-json\/wp\/v2\/types\/product"}],"wp:featuredmedia":[{"embeddable":true,"href":"https:\/\/trendsandvision.nl\/de\/wp-json\/wp\/v2\/media\/18325"}],"wp:attachment":[{"href":"https:\/\/trendsandvision.nl\/de\/wp-json\/wp\/v2\/media?parent=18324"}],"wp:term":[{"taxonomy":"product_brand","embeddable":true,"href":"https:\/\/trendsandvision.nl\/de\/wp-json\/wp\/v2\/product_brand?post=18324"},{"taxonomy":"product_cat","embeddable":true,"href":"https:\/\/trendsandvision.nl\/de\/wp-json\/wp\/v2\/product_cat?post=18324"},{"taxonomy":"product_tag","embeddable":true,"href":"https:\/\/trendsandvision.nl\/de\/wp-json\/wp\/v2\/product_tag?post=18324"}],"curies":[{"name":"wp","href":"https:\/\/api.w.org\/{rel}","templated":true}]}}