{"id":18294,"date":"2024-12-22T08:40:59","date_gmt":"2024-12-22T07:40:59","guid":{"rendered":"https:\/\/trendsandvision.nl\/de\/product\/esschert-design-bleichtopf-terrakotta-m\/"},"modified":"2026-04-07T10:20:26","modified_gmt":"2026-04-07T08:20:26","slug":"esschert-design-bleichtopf-terrakotta-m","status":"publish","type":"product","link":"https:\/\/trendsandvision.nl\/de\/product\/esschert-design-bleichtopf-terrakotta-m\/","title":{"rendered":"Esschert Design Bleichtopf Terrakotta M"},"content":{"rendered":"<p>Dieser mittelgro\u00dfe <strong><a href=\"https:\/\/trendsandvision.nl\/de\/?s=Bleichtopf&amp;post_type=product&amp;dgwt_wcas=1\">Bleichtopf<\/a><\/strong> eignet sich nicht nur gro\u00dfartig f\u00fcr Sellerie oder Rhabarber \u2013 er l\u00e4\u00dft sich auch sehr sch\u00f6n zum Vortrieb einsetzen.<br \/>\nAls Bleichtopf f\u00fcr Salat, Meerkohl oder Chicor\u00e9e.<br \/>\nOder als tempor\u00e4ren Wetterschutz f\u00fcr naseweise Fr\u00fchjahrsbl\u00fcher, die vor einem sp\u00e4ten Wintereinbruch gesch\u00fctzt werden m\u00fcssen. <\/p>\n<p>Der Versand der Bleicht\u00f6pfe ist eine delikate Angelegenheit. Um sicher zu stellen das die gro\u00dfen schweren Glocken auch heil ankommen setzen wir unser ganzes Verpackungswissen ein und polstern doppelt und dreifach.<\/p>\n<p>Artikelname Bleichtopf Terracotta M.<br \/>\nArtikelnummer AT56<br \/>\nProduktgruppe(n) <strong><a href=\"https:\/\/trendsandvision.nl\/de\/?s=Kultivierung&amp;post_type=product&amp;dgwt_wcas=1\">Kultivierung<\/a><\/strong>, <strong><a href=\"https:\/\/trendsandvision.nl\/de\/?s=Gew\u00e4chsh\u00e4us&amp;post_type=product&amp;dgwt_wcas=1\">Gew\u00e4chsh\u00e4user und Fr\u00fchbeete<\/a><\/strong>, <strong><a href=\"https:\/\/trendsandvision.nl\/de\/?s=glocke&amp;post_type=product&amp;dgwt_wcas=1\">Pflanzglocken<\/a><\/strong>.<br \/>\nProduktabmessungen in cm \u00f8 L 28 x T 28 x H 31<br \/>\nMaterial Terracotta.<br \/>\nBruttogewicht 4,6 kg<br \/>\nNettogewicht 4,1 kg<br \/>\nBarcode 8714982276866<br \/>\nProduzent <a href=\"https:\/\/www.esschertdesign.com\/shop\/de\/bleekpot-terracotta-m-at56\" target=\"_blank\">Esschert Design<\/a><\/p>\n","protected":false},"excerpt":{"rendered":"<p>100 % Terrakotta<br \/>\nTraditionelles Konservieren und Bleichen<br \/>\nSchafft ideale Bedingungen f\u00fcr optimales Pflanzenwachstum<br \/>\n\u00f8 L 28 x T 28 x H 31 cm<br \/>\nMaterial Terracotta<br \/>\nGewicht 4,1 kg<br \/>\nBarcode 8714982276866<\/p>\n","protected":false},"featured_media":18295,"template":"","meta":[],"product_brand":[9597,9598],"product_cat":[503],"product_tag":[7891,7890,7892,7482,7757,7894,7893],"class_list":{"0":"post-18294","1":"product","2":"type-product","3":"status-publish","4":"has-post-thumbnail","6":"product_brand-esschert-design","7":"product_brand-trends-and-vision","8":"product_cat-esscherts-garden","9":"product_tag-bleichtopfe","10":"product_tag-cloches","11":"product_tag-frostschutz","12":"product_tag-mit-deckel","13":"product_tag-terra-cotta","14":"product_tag-vortrieb","15":"product_tag-wetterschutz","16":"pa_anbieter-esschert-design","17":"pa_ean-code-7624","19":"first","20":"instock","21":"sale","22":"taxable","23":"shipping-taxable","24":"purchasable","25":"product-type-simple","26":"czr-hentry"},"yoast_head":"<!-- This site is optimized with the Yoast SEO Premium plugin v26.4 (Yoast SEO v27.4) - https:\/\/yoast.com\/product\/yoast-seo-premium-wordpress\/ -->\n<title>Esschert Design Bleichtopf Terrakotta M (AT56 8714982276866)<\/title>\n<meta name=\"description\" content=\"Esschert Design Bleichtopf Terrakotta M (AT56 8714982276866) \u00f8 L 28 x T 28 x H 31 cm, Material Terracotta, Gewicht 4,1 kg\" \/>\n<meta name=\"robots\" content=\"index, follow, max-snippet:-1, max-image-preview:large, max-video-preview:-1\" \/>\n<link rel=\"canonical\" href=\"https:\/\/trendsandvision.nl\/de\/product\/esschert-design-bleichtopf-terrakotta-m\/\" \/>\n<meta property=\"og:locale\" content=\"de_DE\" \/>\n<meta property=\"og:type\" content=\"article\" \/>\n<meta property=\"og:title\" content=\"Esschert Design Bleichtopf Terrakotta M\" \/>\n<meta property=\"og:description\" content=\"Esschert Design Bleichtopf Terrakotta M (AT56 8714982276866) \u00f8 L 28 x T 28 x H 31 cm, Material Terracotta, Gewicht 4,1 kg\" \/>\n<meta property=\"og:url\" content=\"https:\/\/trendsandvision.nl\/de\/product\/esschert-design-bleichtopf-terrakotta-m\/\" \/>\n<meta property=\"og:site_name\" content=\"Trends &amp; Vision (DE)\" \/>\n<meta property=\"article:modified_time\" content=\"2026-04-07T08:20:26+00:00\" \/>\n<meta property=\"og:image\" content=\"https:\/\/trendsandvision.nl\/de\/wp-content\/uploads\/sites\/3\/2024\/12\/AT56_01.jpg\" \/>\n\t<meta property=\"og:image:width\" content=\"800\" \/>\n\t<meta property=\"og:image:height\" content=\"800\" \/>\n\t<meta property=\"og:image:type\" content=\"image\/jpeg\" \/>\n<meta name=\"twitter:card\" content=\"summary_large_image\" \/>\n<meta name=\"twitter:label1\" content=\"Gesch\u00e4tzte Lesezeit\" \/>\n\t<meta name=\"twitter:data1\" content=\"1\u00a0Minute\" \/>\n<script type=\"application\/ld+json\" class=\"yoast-schema-graph\">{\"@context\":\"https:\\\/\\\/schema.org\",\"@graph\":[{\"@type\":\"WebPage\",\"@id\":\"https:\\\/\\\/trendsandvision.nl\\\/de\\\/product\\\/esschert-design-bleichtopf-terrakotta-m\\\/\",\"url\":\"https:\\\/\\\/trendsandvision.nl\\\/de\\\/product\\\/esschert-design-bleichtopf-terrakotta-m\\\/\",\"name\":\"Esschert Design Bleichtopf Terrakotta M (AT56 8714982276866)\",\"isPartOf\":{\"@id\":\"https:\\\/\\\/trendsandvision.nl\\\/de\\\/#website\"},\"primaryImageOfPage\":{\"@id\":\"https:\\\/\\\/trendsandvision.nl\\\/de\\\/product\\\/esschert-design-bleichtopf-terrakotta-m\\\/#primaryimage\"},\"image\":{\"@id\":\"https:\\\/\\\/trendsandvision.nl\\\/de\\\/product\\\/esschert-design-bleichtopf-terrakotta-m\\\/#primaryimage\"},\"thumbnailUrl\":\"https:\\\/\\\/trendsandvision.nl\\\/de\\\/wp-content\\\/uploads\\\/sites\\\/3\\\/2024\\\/12\\\/AT56_01.jpg\",\"datePublished\":\"2024-12-22T07:40:59+00:00\",\"dateModified\":\"2026-04-07T08:20:26+00:00\",\"description\":\"Esschert Design Bleichtopf Terrakotta M (AT56 8714982276866) \u00f8 L 28 x T 28 x H 31 cm, Material Terracotta, Gewicht 4,1 kg\",\"breadcrumb\":{\"@id\":\"https:\\\/\\\/trendsandvision.nl\\\/de\\\/product\\\/esschert-design-bleichtopf-terrakotta-m\\\/#breadcrumb\"},\"inLanguage\":\"de\",\"potentialAction\":[{\"@type\":\"ReadAction\",\"target\":[\"https:\\\/\\\/trendsandvision.nl\\\/de\\\/product\\\/esschert-design-bleichtopf-terrakotta-m\\\/\"]}]},{\"@type\":\"ImageObject\",\"inLanguage\":\"de\",\"@id\":\"https:\\\/\\\/trendsandvision.nl\\\/de\\\/product\\\/esschert-design-bleichtopf-terrakotta-m\\\/#primaryimage\",\"url\":\"https:\\\/\\\/trendsandvision.nl\\\/de\\\/wp-content\\\/uploads\\\/sites\\\/3\\\/2024\\\/12\\\/AT56_01.jpg\",\"contentUrl\":\"https:\\\/\\\/trendsandvision.nl\\\/de\\\/wp-content\\\/uploads\\\/sites\\\/3\\\/2024\\\/12\\\/AT56_01.jpg\",\"width\":800,\"height\":800,\"caption\":\"Esschert Design Bleichtopf Terrakotta M (AT56 8714982276866) - 1\"},{\"@type\":\"BreadcrumbList\",\"@id\":\"https:\\\/\\\/trendsandvision.nl\\\/de\\\/product\\\/esschert-design-bleichtopf-terrakotta-m\\\/#breadcrumb\",\"itemListElement\":[{\"@type\":\"ListItem\",\"position\":1,\"name\":\"Home\",\"item\":\"https:\\\/\\\/trendsandvision.nl\\\/de\\\/\"},{\"@type\":\"ListItem\",\"position\":2,\"name\":\"Gesch\u00e4ft\",\"item\":\"https:\\\/\\\/trendsandvision.nl\\\/de\\\/geschaft\\\/\"},{\"@type\":\"ListItem\",\"position\":3,\"name\":\"Esschert Design Bleichtopf Terrakotta M\"}]},{\"@type\":\"WebSite\",\"@id\":\"https:\\\/\\\/trendsandvision.nl\\\/de\\\/#website\",\"url\":\"https:\\\/\\\/trendsandvision.nl\\\/de\\\/\",\"name\":\"Trends &amp; Vision (DE)\",\"description\":\"Der Webshop f\u00fcr Esschert Design Artikel\",\"publisher\":{\"@id\":\"https:\\\/\\\/trendsandvision.nl\\\/de\\\/#organization\"},\"potentialAction\":[{\"@type\":\"SearchAction\",\"target\":{\"@type\":\"EntryPoint\",\"urlTemplate\":\"https:\\\/\\\/trendsandvision.nl\\\/de\\\/?s={search_term_string}\"},\"query-input\":{\"@type\":\"PropertyValueSpecification\",\"valueRequired\":true,\"valueName\":\"search_term_string\"}}],\"inLanguage\":\"de\"},{\"@type\":\"Organization\",\"@id\":\"https:\\\/\\\/trendsandvision.nl\\\/de\\\/#organization\",\"name\":\"Trends &amp; Vision (DE)\",\"url\":\"https:\\\/\\\/trendsandvision.nl\\\/de\\\/\",\"logo\":{\"@type\":\"ImageObject\",\"inLanguage\":\"de\",\"@id\":\"https:\\\/\\\/trendsandvision.nl\\\/de\\\/#\\\/schema\\\/logo\\\/image\\\/\",\"url\":\"https:\\\/\\\/trendsandvision.nl\\\/de\\\/wp-content\\\/uploads\\\/sites\\\/3\\\/2022\\\/04\\\/trends-and-vision-logo.jpg\",\"contentUrl\":\"https:\\\/\\\/trendsandvision.nl\\\/de\\\/wp-content\\\/uploads\\\/sites\\\/3\\\/2022\\\/04\\\/trends-and-vision-logo.jpg\",\"width\":213,\"height\":100,\"caption\":\"Trends &amp; Vision (DE)\"},\"image\":{\"@id\":\"https:\\\/\\\/trendsandvision.nl\\\/de\\\/#\\\/schema\\\/logo\\\/image\\\/\"}}]}<\/script>\n<!-- \/ Yoast SEO Premium plugin. -->","yoast_head_json":{"title":"Esschert Design Bleichtopf Terrakotta M (AT56 8714982276866)","description":"Esschert Design Bleichtopf Terrakotta M (AT56 8714982276866) \u00f8 L 28 x T 28 x H 31 cm, Material Terracotta, Gewicht 4,1 kg","robots":{"index":"index","follow":"follow","max-snippet":"max-snippet:-1","max-image-preview":"max-image-preview:large","max-video-preview":"max-video-preview:-1"},"canonical":"https:\/\/trendsandvision.nl\/de\/product\/esschert-design-bleichtopf-terrakotta-m\/","og_locale":"de_DE","og_type":"article","og_title":"Esschert Design Bleichtopf Terrakotta M","og_description":"Esschert Design Bleichtopf Terrakotta M (AT56 8714982276866) \u00f8 L 28 x T 28 x H 31 cm, Material Terracotta, Gewicht 4,1 kg","og_url":"https:\/\/trendsandvision.nl\/de\/product\/esschert-design-bleichtopf-terrakotta-m\/","og_site_name":"Trends &amp; Vision (DE)","article_modified_time":"2026-04-07T08:20:26+00:00","og_image":[{"width":800,"height":800,"url":"https:\/\/trendsandvision.nl\/de\/wp-content\/uploads\/sites\/3\/2024\/12\/AT56_01.jpg","type":"image\/jpeg"}],"twitter_card":"summary_large_image","twitter_misc":{"Gesch\u00e4tzte Lesezeit":"1\u00a0Minute"},"schema":{"@context":"https:\/\/schema.org","@graph":[{"@type":"WebPage","@id":"https:\/\/trendsandvision.nl\/de\/product\/esschert-design-bleichtopf-terrakotta-m\/","url":"https:\/\/trendsandvision.nl\/de\/product\/esschert-design-bleichtopf-terrakotta-m\/","name":"Esschert Design Bleichtopf Terrakotta M (AT56 8714982276866)","isPartOf":{"@id":"https:\/\/trendsandvision.nl\/de\/#website"},"primaryImageOfPage":{"@id":"https:\/\/trendsandvision.nl\/de\/product\/esschert-design-bleichtopf-terrakotta-m\/#primaryimage"},"image":{"@id":"https:\/\/trendsandvision.nl\/de\/product\/esschert-design-bleichtopf-terrakotta-m\/#primaryimage"},"thumbnailUrl":"https:\/\/trendsandvision.nl\/de\/wp-content\/uploads\/sites\/3\/2024\/12\/AT56_01.jpg","datePublished":"2024-12-22T07:40:59+00:00","dateModified":"2026-04-07T08:20:26+00:00","description":"Esschert Design Bleichtopf Terrakotta M (AT56 8714982276866) \u00f8 L 28 x T 28 x H 31 cm, Material Terracotta, Gewicht 4,1 kg","breadcrumb":{"@id":"https:\/\/trendsandvision.nl\/de\/product\/esschert-design-bleichtopf-terrakotta-m\/#breadcrumb"},"inLanguage":"de","potentialAction":[{"@type":"ReadAction","target":["https:\/\/trendsandvision.nl\/de\/product\/esschert-design-bleichtopf-terrakotta-m\/"]}]},{"@type":"ImageObject","inLanguage":"de","@id":"https:\/\/trendsandvision.nl\/de\/product\/esschert-design-bleichtopf-terrakotta-m\/#primaryimage","url":"https:\/\/trendsandvision.nl\/de\/wp-content\/uploads\/sites\/3\/2024\/12\/AT56_01.jpg","contentUrl":"https:\/\/trendsandvision.nl\/de\/wp-content\/uploads\/sites\/3\/2024\/12\/AT56_01.jpg","width":800,"height":800,"caption":"Esschert Design Bleichtopf Terrakotta M (AT56 8714982276866) - 1"},{"@type":"BreadcrumbList","@id":"https:\/\/trendsandvision.nl\/de\/product\/esschert-design-bleichtopf-terrakotta-m\/#breadcrumb","itemListElement":[{"@type":"ListItem","position":1,"name":"Home","item":"https:\/\/trendsandvision.nl\/de\/"},{"@type":"ListItem","position":2,"name":"Gesch\u00e4ft","item":"https:\/\/trendsandvision.nl\/de\/geschaft\/"},{"@type":"ListItem","position":3,"name":"Esschert Design Bleichtopf Terrakotta M"}]},{"@type":"WebSite","@id":"https:\/\/trendsandvision.nl\/de\/#website","url":"https:\/\/trendsandvision.nl\/de\/","name":"Trends &amp; Vision (DE)","description":"Der Webshop f\u00fcr Esschert Design Artikel","publisher":{"@id":"https:\/\/trendsandvision.nl\/de\/#organization"},"potentialAction":[{"@type":"SearchAction","target":{"@type":"EntryPoint","urlTemplate":"https:\/\/trendsandvision.nl\/de\/?s={search_term_string}"},"query-input":{"@type":"PropertyValueSpecification","valueRequired":true,"valueName":"search_term_string"}}],"inLanguage":"de"},{"@type":"Organization","@id":"https:\/\/trendsandvision.nl\/de\/#organization","name":"Trends &amp; Vision (DE)","url":"https:\/\/trendsandvision.nl\/de\/","logo":{"@type":"ImageObject","inLanguage":"de","@id":"https:\/\/trendsandvision.nl\/de\/#\/schema\/logo\/image\/","url":"https:\/\/trendsandvision.nl\/de\/wp-content\/uploads\/sites\/3\/2022\/04\/trends-and-vision-logo.jpg","contentUrl":"https:\/\/trendsandvision.nl\/de\/wp-content\/uploads\/sites\/3\/2022\/04\/trends-and-vision-logo.jpg","width":213,"height":100,"caption":"Trends &amp; Vision (DE)"},"image":{"@id":"https:\/\/trendsandvision.nl\/de\/#\/schema\/logo\/image\/"}}]}},"_links":{"self":[{"href":"https:\/\/trendsandvision.nl\/de\/wp-json\/wp\/v2\/product\/18294","targetHints":{"allow":["GET"]}}],"collection":[{"href":"https:\/\/trendsandvision.nl\/de\/wp-json\/wp\/v2\/product"}],"about":[{"href":"https:\/\/trendsandvision.nl\/de\/wp-json\/wp\/v2\/types\/product"}],"wp:featuredmedia":[{"embeddable":true,"href":"https:\/\/trendsandvision.nl\/de\/wp-json\/wp\/v2\/media\/18295"}],"wp:attachment":[{"href":"https:\/\/trendsandvision.nl\/de\/wp-json\/wp\/v2\/media?parent=18294"}],"wp:term":[{"taxonomy":"product_brand","embeddable":true,"href":"https:\/\/trendsandvision.nl\/de\/wp-json\/wp\/v2\/product_brand?post=18294"},{"taxonomy":"product_cat","embeddable":true,"href":"https:\/\/trendsandvision.nl\/de\/wp-json\/wp\/v2\/product_cat?post=18294"},{"taxonomy":"product_tag","embeddable":true,"href":"https:\/\/trendsandvision.nl\/de\/wp-json\/wp\/v2\/product_tag?post=18294"}],"curies":[{"name":"wp","href":"https:\/\/api.w.org\/{rel}","templated":true}]}}