{"id":18249,"date":"2024-12-22T08:40:20","date_gmt":"2024-12-22T07:40:20","guid":{"rendered":"https:\/\/trendsandvision.nl\/de\/product\/esschert-design-haengende-offene-terrarienroehre-l\/"},"modified":"2026-04-07T10:18:53","modified_gmt":"2026-04-07T08:18:53","slug":"esschert-design-haengende-offene-terrarium-glas-roehre-l","status":"publish","type":"product","link":"https:\/\/trendsandvision.nl\/de\/product\/esschert-design-haengende-offene-terrarium-glas-roehre-l\/","title":{"rendered":"Esschert Design H\u00e4ngende offene Terrarium glas-r\u00f6hre L"},"content":{"rendered":"<p>Esschert Design H\u00e4ngende offene Terrarium glas-r\u00f6hre L.<br \/>\nDieses h\u00e4ngende Terrarium ist ein echter Blickfang in unserem Sortiment.<br \/>\nHier kann eine Pflanze vom Samen bis zur vollen Reife heranwachsen. Und wobei der Wachstumsprozess dank des Glases gut beobachtet werden kann. Es nimmt kaum Platz in der Wohnung ein, da es hoch an der Wand oder sogar an der Decke aufgeh\u00e4ngt wird.<br \/>\nEine originelle Erg\u00e4nzung f\u00fcr Ihr Indoor-Dekorationssortiment.<\/p>\n<p>Artikelname H\u00e4ngende offene Terrarium glas-r\u00f6hre L<br \/>\nArtikelnummer AGG144<br \/>\nProduktgruppe(n) Indoor, Pflanzen Terrarium, Offen, Sonstiges<br \/>\nProduktabmessungen in cm \u00f8 L 7,5 x T 6,4 x H 92,5<br \/>\nVolumen in Litern 1.6<br \/>\nMaterial Glas, Hanfseif<br \/>\nNettogewicht 0,682 kg<br \/>\nBarcode 8714982273551<br \/>\nProduzent <a href=\"https:\/\/www.esschertdesign.com\/shop\/de\/hangende-open-terrarium-koker-m-agg143\" target=\"_blank\">Esschert Design<\/a><br \/>\n<strong><a href=\"https:\/\/trendsandvision.nl\/de\/?s=Hanging+Basket+haken&amp;post_type=product&amp;dgwt_wcas=1\">alle Haken<\/a><\/strong><\/p>\n","protected":false},"excerpt":{"rendered":"<p>\u00f8 L 7,5 x T 6,4 x H 92,5 cm<br \/>\nVolumen in Litern 1.6<br \/>\nMaterial Glas, Hanfseif<br \/>\nNettogewicht 0,682 kg<br \/>\nBarcode 8714982273551<br \/>\n<strong><a href=\"https:\/\/trendsandvision.nl\/de\/?s=Hanging+Basket+haken&amp;post_type=product&amp;dgwt_wcas=1\">alle Haken<\/a><\/strong><\/p>\n","protected":false},"featured_media":18250,"template":"","meta":[],"product_brand":[9597,9598],"product_cat":[503],"product_tag":[7904,11265,7903,11260],"class_list":{"0":"post-18249","1":"product","2":"type-product","3":"status-publish","4":"has-post-thumbnail","6":"product_brand-esschert-design","7":"product_brand-trends-and-vision","8":"product_cat-esscherts-garden","9":"product_tag-glasroehre","10":"product_tag-offene-terrarium-glas-roehre-l","11":"product_tag-terrarien","12":"product_tag-urban-gardening","13":"pa_anbieter-esschert-design","14":"pa_ean-code-7608","16":"first","17":"instock","18":"sale","19":"taxable","20":"shipping-taxable","21":"purchasable","22":"product-type-simple","23":"czr-hentry"},"yoast_head":"<!-- This site is optimized with the Yoast SEO Premium plugin v26.4 (Yoast SEO v27.4) - https:\/\/yoast.com\/product\/yoast-seo-premium-wordpress\/ -->\n<title>Esschert Design H\u00e4ngende offeneTerrarium glas-r\u00f6hre L (AGG144)<\/title>\n<meta name=\"description\" content=\"Esschert Design H\u00e4ngende offene Terrarium glas-r\u00f6hre L(AGG144 8714982273551)cm \u00f8 L 7,5 x T 6,4 x H 92,5Volumen in Litern 1.6Material Glas, gewicht 0,682 kg\" \/>\n<meta name=\"robots\" content=\"index, follow, max-snippet:-1, max-image-preview:large, max-video-preview:-1\" \/>\n<link rel=\"canonical\" href=\"https:\/\/trendsandvision.nl\/de\/product\/esschert-design-haengende-offene-terrarium-glas-roehre-l\/\" \/>\n<meta property=\"og:locale\" content=\"de_DE\" \/>\n<meta property=\"og:type\" content=\"article\" \/>\n<meta property=\"og:title\" content=\"Esschert Design H\u00e4ngende offene Terrarium glas-r\u00f6hre L\" \/>\n<meta property=\"og:description\" content=\"Esschert Design H\u00e4ngende offene Terrarium glas-r\u00f6hre L(AGG144 8714982273551)cm \u00f8 L 7,5 x T 6,4 x H 92,5Volumen in Litern 1.6Material Glas, gewicht 0,682 kg\" \/>\n<meta property=\"og:url\" content=\"https:\/\/trendsandvision.nl\/de\/product\/esschert-design-haengende-offene-terrarium-glas-roehre-l\/\" \/>\n<meta property=\"og:site_name\" content=\"Trends &amp; Vision (DE)\" \/>\n<meta property=\"article:modified_time\" content=\"2026-04-07T08:18:53+00:00\" \/>\n<meta property=\"og:image\" content=\"https:\/\/trendsandvision.nl\/de\/wp-content\/uploads\/sites\/3\/2024\/12\/AGG144_01.jpg\" \/>\n\t<meta property=\"og:image:width\" content=\"800\" \/>\n\t<meta property=\"og:image:height\" content=\"800\" \/>\n\t<meta property=\"og:image:type\" content=\"image\/jpeg\" \/>\n<meta name=\"twitter:card\" content=\"summary_large_image\" \/>\n<meta name=\"twitter:label1\" content=\"Gesch\u00e4tzte Lesezeit\" \/>\n\t<meta name=\"twitter:data1\" content=\"1\u00a0Minute\" \/>\n<script type=\"application\/ld+json\" class=\"yoast-schema-graph\">{\"@context\":\"https:\\\/\\\/schema.org\",\"@graph\":[{\"@type\":\"WebPage\",\"@id\":\"https:\\\/\\\/trendsandvision.nl\\\/de\\\/product\\\/esschert-design-haengende-offene-terrarium-glas-roehre-l\\\/\",\"url\":\"https:\\\/\\\/trendsandvision.nl\\\/de\\\/product\\\/esschert-design-haengende-offene-terrarium-glas-roehre-l\\\/\",\"name\":\"Esschert Design H\u00e4ngende offeneTerrarium glas-r\u00f6hre L (AGG144)\",\"isPartOf\":{\"@id\":\"https:\\\/\\\/trendsandvision.nl\\\/de\\\/#website\"},\"primaryImageOfPage\":{\"@id\":\"https:\\\/\\\/trendsandvision.nl\\\/de\\\/product\\\/esschert-design-haengende-offene-terrarium-glas-roehre-l\\\/#primaryimage\"},\"image\":{\"@id\":\"https:\\\/\\\/trendsandvision.nl\\\/de\\\/product\\\/esschert-design-haengende-offene-terrarium-glas-roehre-l\\\/#primaryimage\"},\"thumbnailUrl\":\"https:\\\/\\\/trendsandvision.nl\\\/de\\\/wp-content\\\/uploads\\\/sites\\\/3\\\/2024\\\/12\\\/AGG144_01.jpg\",\"datePublished\":\"2024-12-22T07:40:20+00:00\",\"dateModified\":\"2026-04-07T08:18:53+00:00\",\"description\":\"Esschert Design H\u00e4ngende offene Terrarium glas-r\u00f6hre L(AGG144 8714982273551)cm \u00f8 L 7,5 x T 6,4 x H 92,5Volumen in Litern 1.6Material Glas, gewicht 0,682 kg\",\"breadcrumb\":{\"@id\":\"https:\\\/\\\/trendsandvision.nl\\\/de\\\/product\\\/esschert-design-haengende-offene-terrarium-glas-roehre-l\\\/#breadcrumb\"},\"inLanguage\":\"de\",\"potentialAction\":[{\"@type\":\"ReadAction\",\"target\":[\"https:\\\/\\\/trendsandvision.nl\\\/de\\\/product\\\/esschert-design-haengende-offene-terrarium-glas-roehre-l\\\/\"]}]},{\"@type\":\"ImageObject\",\"inLanguage\":\"de\",\"@id\":\"https:\\\/\\\/trendsandvision.nl\\\/de\\\/product\\\/esschert-design-haengende-offene-terrarium-glas-roehre-l\\\/#primaryimage\",\"url\":\"https:\\\/\\\/trendsandvision.nl\\\/de\\\/wp-content\\\/uploads\\\/sites\\\/3\\\/2024\\\/12\\\/AGG144_01.jpg\",\"contentUrl\":\"https:\\\/\\\/trendsandvision.nl\\\/de\\\/wp-content\\\/uploads\\\/sites\\\/3\\\/2024\\\/12\\\/AGG144_01.jpg\",\"width\":800,\"height\":800,\"caption\":\"Trends and Vision H\u00e4ngende offene Terrarium glas-r\u00f6hre L(AGG144 8714982273551)cm \u00f8 L 7,5 x T 6,4 x H 92,5Volumen in Litern 1.6Material Glas, gewicht 0,682 kg\"},{\"@type\":\"BreadcrumbList\",\"@id\":\"https:\\\/\\\/trendsandvision.nl\\\/de\\\/product\\\/esschert-design-haengende-offene-terrarium-glas-roehre-l\\\/#breadcrumb\",\"itemListElement\":[{\"@type\":\"ListItem\",\"position\":1,\"name\":\"Home\",\"item\":\"https:\\\/\\\/trendsandvision.nl\\\/de\\\/\"},{\"@type\":\"ListItem\",\"position\":2,\"name\":\"Gesch\u00e4ft\",\"item\":\"https:\\\/\\\/trendsandvision.nl\\\/de\\\/geschaft\\\/\"},{\"@type\":\"ListItem\",\"position\":3,\"name\":\"Esschert Design H\u00e4ngende offene Terrarium glas-r\u00f6hre L\"}]},{\"@type\":\"WebSite\",\"@id\":\"https:\\\/\\\/trendsandvision.nl\\\/de\\\/#website\",\"url\":\"https:\\\/\\\/trendsandvision.nl\\\/de\\\/\",\"name\":\"Trends &amp; Vision (DE)\",\"description\":\"Der Webshop f\u00fcr Esschert Design Artikel\",\"publisher\":{\"@id\":\"https:\\\/\\\/trendsandvision.nl\\\/de\\\/#organization\"},\"potentialAction\":[{\"@type\":\"SearchAction\",\"target\":{\"@type\":\"EntryPoint\",\"urlTemplate\":\"https:\\\/\\\/trendsandvision.nl\\\/de\\\/?s={search_term_string}\"},\"query-input\":{\"@type\":\"PropertyValueSpecification\",\"valueRequired\":true,\"valueName\":\"search_term_string\"}}],\"inLanguage\":\"de\"},{\"@type\":\"Organization\",\"@id\":\"https:\\\/\\\/trendsandvision.nl\\\/de\\\/#organization\",\"name\":\"Trends &amp; Vision (DE)\",\"url\":\"https:\\\/\\\/trendsandvision.nl\\\/de\\\/\",\"logo\":{\"@type\":\"ImageObject\",\"inLanguage\":\"de\",\"@id\":\"https:\\\/\\\/trendsandvision.nl\\\/de\\\/#\\\/schema\\\/logo\\\/image\\\/\",\"url\":\"https:\\\/\\\/trendsandvision.nl\\\/de\\\/wp-content\\\/uploads\\\/sites\\\/3\\\/2022\\\/04\\\/trends-and-vision-logo.jpg\",\"contentUrl\":\"https:\\\/\\\/trendsandvision.nl\\\/de\\\/wp-content\\\/uploads\\\/sites\\\/3\\\/2022\\\/04\\\/trends-and-vision-logo.jpg\",\"width\":213,\"height\":100,\"caption\":\"Trends &amp; Vision (DE)\"},\"image\":{\"@id\":\"https:\\\/\\\/trendsandvision.nl\\\/de\\\/#\\\/schema\\\/logo\\\/image\\\/\"}}]}<\/script>\n<!-- \/ Yoast SEO Premium plugin. -->","yoast_head_json":{"title":"Esschert Design H\u00e4ngende offeneTerrarium glas-r\u00f6hre L (AGG144)","description":"Esschert Design H\u00e4ngende offene Terrarium glas-r\u00f6hre L(AGG144 8714982273551)cm \u00f8 L 7,5 x T 6,4 x H 92,5Volumen in Litern 1.6Material Glas, gewicht 0,682 kg","robots":{"index":"index","follow":"follow","max-snippet":"max-snippet:-1","max-image-preview":"max-image-preview:large","max-video-preview":"max-video-preview:-1"},"canonical":"https:\/\/trendsandvision.nl\/de\/product\/esschert-design-haengende-offene-terrarium-glas-roehre-l\/","og_locale":"de_DE","og_type":"article","og_title":"Esschert Design H\u00e4ngende offene Terrarium glas-r\u00f6hre L","og_description":"Esschert Design H\u00e4ngende offene Terrarium glas-r\u00f6hre L(AGG144 8714982273551)cm \u00f8 L 7,5 x T 6,4 x H 92,5Volumen in Litern 1.6Material Glas, gewicht 0,682 kg","og_url":"https:\/\/trendsandvision.nl\/de\/product\/esschert-design-haengende-offene-terrarium-glas-roehre-l\/","og_site_name":"Trends &amp; Vision (DE)","article_modified_time":"2026-04-07T08:18:53+00:00","og_image":[{"width":800,"height":800,"url":"https:\/\/trendsandvision.nl\/de\/wp-content\/uploads\/sites\/3\/2024\/12\/AGG144_01.jpg","type":"image\/jpeg"}],"twitter_card":"summary_large_image","twitter_misc":{"Gesch\u00e4tzte Lesezeit":"1\u00a0Minute"},"schema":{"@context":"https:\/\/schema.org","@graph":[{"@type":"WebPage","@id":"https:\/\/trendsandvision.nl\/de\/product\/esschert-design-haengende-offene-terrarium-glas-roehre-l\/","url":"https:\/\/trendsandvision.nl\/de\/product\/esschert-design-haengende-offene-terrarium-glas-roehre-l\/","name":"Esschert Design H\u00e4ngende offeneTerrarium glas-r\u00f6hre L (AGG144)","isPartOf":{"@id":"https:\/\/trendsandvision.nl\/de\/#website"},"primaryImageOfPage":{"@id":"https:\/\/trendsandvision.nl\/de\/product\/esschert-design-haengende-offene-terrarium-glas-roehre-l\/#primaryimage"},"image":{"@id":"https:\/\/trendsandvision.nl\/de\/product\/esschert-design-haengende-offene-terrarium-glas-roehre-l\/#primaryimage"},"thumbnailUrl":"https:\/\/trendsandvision.nl\/de\/wp-content\/uploads\/sites\/3\/2024\/12\/AGG144_01.jpg","datePublished":"2024-12-22T07:40:20+00:00","dateModified":"2026-04-07T08:18:53+00:00","description":"Esschert Design H\u00e4ngende offene Terrarium glas-r\u00f6hre L(AGG144 8714982273551)cm \u00f8 L 7,5 x T 6,4 x H 92,5Volumen in Litern 1.6Material Glas, gewicht 0,682 kg","breadcrumb":{"@id":"https:\/\/trendsandvision.nl\/de\/product\/esschert-design-haengende-offene-terrarium-glas-roehre-l\/#breadcrumb"},"inLanguage":"de","potentialAction":[{"@type":"ReadAction","target":["https:\/\/trendsandvision.nl\/de\/product\/esschert-design-haengende-offene-terrarium-glas-roehre-l\/"]}]},{"@type":"ImageObject","inLanguage":"de","@id":"https:\/\/trendsandvision.nl\/de\/product\/esschert-design-haengende-offene-terrarium-glas-roehre-l\/#primaryimage","url":"https:\/\/trendsandvision.nl\/de\/wp-content\/uploads\/sites\/3\/2024\/12\/AGG144_01.jpg","contentUrl":"https:\/\/trendsandvision.nl\/de\/wp-content\/uploads\/sites\/3\/2024\/12\/AGG144_01.jpg","width":800,"height":800,"caption":"Trends and Vision H\u00e4ngende offene Terrarium glas-r\u00f6hre L(AGG144 8714982273551)cm \u00f8 L 7,5 x T 6,4 x H 92,5Volumen in Litern 1.6Material Glas, gewicht 0,682 kg"},{"@type":"BreadcrumbList","@id":"https:\/\/trendsandvision.nl\/de\/product\/esschert-design-haengende-offene-terrarium-glas-roehre-l\/#breadcrumb","itemListElement":[{"@type":"ListItem","position":1,"name":"Home","item":"https:\/\/trendsandvision.nl\/de\/"},{"@type":"ListItem","position":2,"name":"Gesch\u00e4ft","item":"https:\/\/trendsandvision.nl\/de\/geschaft\/"},{"@type":"ListItem","position":3,"name":"Esschert Design H\u00e4ngende offene Terrarium glas-r\u00f6hre L"}]},{"@type":"WebSite","@id":"https:\/\/trendsandvision.nl\/de\/#website","url":"https:\/\/trendsandvision.nl\/de\/","name":"Trends &amp; Vision (DE)","description":"Der Webshop f\u00fcr Esschert Design Artikel","publisher":{"@id":"https:\/\/trendsandvision.nl\/de\/#organization"},"potentialAction":[{"@type":"SearchAction","target":{"@type":"EntryPoint","urlTemplate":"https:\/\/trendsandvision.nl\/de\/?s={search_term_string}"},"query-input":{"@type":"PropertyValueSpecification","valueRequired":true,"valueName":"search_term_string"}}],"inLanguage":"de"},{"@type":"Organization","@id":"https:\/\/trendsandvision.nl\/de\/#organization","name":"Trends &amp; Vision (DE)","url":"https:\/\/trendsandvision.nl\/de\/","logo":{"@type":"ImageObject","inLanguage":"de","@id":"https:\/\/trendsandvision.nl\/de\/#\/schema\/logo\/image\/","url":"https:\/\/trendsandvision.nl\/de\/wp-content\/uploads\/sites\/3\/2022\/04\/trends-and-vision-logo.jpg","contentUrl":"https:\/\/trendsandvision.nl\/de\/wp-content\/uploads\/sites\/3\/2022\/04\/trends-and-vision-logo.jpg","width":213,"height":100,"caption":"Trends &amp; Vision (DE)"},"image":{"@id":"https:\/\/trendsandvision.nl\/de\/#\/schema\/logo\/image\/"}}]}},"_links":{"self":[{"href":"https:\/\/trendsandvision.nl\/de\/wp-json\/wp\/v2\/product\/18249","targetHints":{"allow":["GET"]}}],"collection":[{"href":"https:\/\/trendsandvision.nl\/de\/wp-json\/wp\/v2\/product"}],"about":[{"href":"https:\/\/trendsandvision.nl\/de\/wp-json\/wp\/v2\/types\/product"}],"wp:featuredmedia":[{"embeddable":true,"href":"https:\/\/trendsandvision.nl\/de\/wp-json\/wp\/v2\/media\/18250"}],"wp:attachment":[{"href":"https:\/\/trendsandvision.nl\/de\/wp-json\/wp\/v2\/media?parent=18249"}],"wp:term":[{"taxonomy":"product_brand","embeddable":true,"href":"https:\/\/trendsandvision.nl\/de\/wp-json\/wp\/v2\/product_brand?post=18249"},{"taxonomy":"product_cat","embeddable":true,"href":"https:\/\/trendsandvision.nl\/de\/wp-json\/wp\/v2\/product_cat?post=18249"},{"taxonomy":"product_tag","embeddable":true,"href":"https:\/\/trendsandvision.nl\/de\/wp-json\/wp\/v2\/product_tag?post=18249"}],"curies":[{"name":"wp","href":"https:\/\/api.w.org\/{rel}","templated":true}]}}