{"id":18222,"date":"2024-12-22T08:40:05","date_gmt":"2024-12-22T07:40:05","guid":{"rendered":"https:\/\/trendsandvision.nl\/de\/product\/esschert-design-reagenzglasaufhaenger-l\/"},"modified":"2026-04-22T14:50:21","modified_gmt":"2026-04-22T12:50:21","slug":"esschert-design-reagenzglasaufhaenger-l","status":"publish","type":"product","link":"https:\/\/trendsandvision.nl\/de\/product\/esschert-design-reagenzglasaufhaenger-l\/","title":{"rendered":"Esschert Design Reagenzglasaufh\u00e4nger L"},"content":{"rendered":"<p>Esschert Design Reagenzglasaufh\u00e4nger L.<br \/>\nBringe Leben in dein Zuhause mit diesem gro\u00dfen Reagenzglas-H\u00e4nger mit ganzen 12 Glasr\u00f6hrchen.<br \/>\nEin echter Hingucker f\u00fcr die Wand oder das Fenster, der unendlich viele Kombinationsm\u00f6glichkeiten mit Blumen und Stecklingen bietet. Die gestufte Anordnung sorgt f\u00fcr einen verspielten Effekt und verleiht deiner gr\u00fcnen Dekoration Tiefe.<br \/>\nF\u00fclle die Reagenzgl\u00e4ser mit Wasser, um Stecklinge zu bewurzeln oder Blumen l\u00e4nger frisch zu halten.<\/p>\n<p>Artikelname: Reagenzglash\u00e4nger L<br \/>\nArtikelnummer: AGG139<br \/>\nProduktgruppe(n) Indoor, Sonstiges<br \/>\nProduktabmessungen in cm L 22,2 x T 4,5 x H 70<br \/>\nMaterial: Kiefer , Glas, Jute, Edelstahl, Nylon<br \/>\nNettogewicht 0,513 kg<br \/>\nBarcode 8714982273506<br \/>\nFSC\u00ae 100%<br \/>\nProduzent <a href=\"https:\/\/www.esschertdesign.com\/shop\/de\/reageerbuishanger-l-agg139\" target=\"_blank\">Esschert Design<\/a><br \/>\n<strong><a href=\"https:\/\/trendsandvision.nl\/de\/?s=Hanging+Basket+haken&amp;post_type=product&amp;dgwt_wcas=1\">alle Haken<\/a><\/strong><\/p>\n","protected":false},"excerpt":{"rendered":"<p>Artikelname: Reagenzglash\u00e4nger L<br \/>\nArtikelnummer: AGG139<br \/>\nInklusive Reinigungsb\u00fcrste<br \/>\nEinfach aufzuh\u00e4ngen<br \/>\nSicht auf das Wurzelwachstum<br \/>\nL 22,2 x T 4,5 x H 70 cm<br \/>\nMaterial Kiefer , Glas, Jute, Edelstahl, Nylon<br \/>\nNettogewicht 0,513 kg<br \/>\nBarcode 8714982273506<br \/>\nFSC\u00ae FSC 100%<br \/>\n<strong><a href=\"https:\/\/trendsandvision.nl\/de\/?s=Hanging+Basket+haken&amp;post_type=product&amp;dgwt_wcas=1\">alle Haken<\/a><\/strong><\/p>\n","protected":false},"featured_media":18218,"template":"","meta":[],"product_brand":[9597,9598],"product_cat":[503],"product_tag":[6829,7477,7906,11264,11260,7875],"class_list":{"0":"post-18222","1":"product","2":"type-product","3":"status-publish","4":"has-post-thumbnail","6":"product_brand-esschert-design","7":"product_brand-trends-and-vision","8":"product_cat-esscherts-garden","9":"product_tag-fsc","10":"product_tag-glas","11":"product_tag-reagenzglas","12":"product_tag-reagenzglashaenger-l","13":"product_tag-urban-gardening","14":"product_tag-wandhalter","15":"pa_anbieter-esschert-design","16":"pa_ean-code-7603","18":"first","19":"instock","20":"sale","21":"taxable","22":"shipping-taxable","23":"purchasable","24":"product-type-simple","25":"czr-hentry"},"yoast_head":"<!-- This site is optimized with the Yoast SEO Premium plugin v27.4 (Yoast SEO v27.5) - https:\/\/yoast.com\/product\/yoast-seo-premium-wordpress\/ -->\n<title>Esschert Design Reagenzglasaufh\u00e4nger L (AGG139 )<\/title>\n<meta name=\"description\" content=\"Esschert Design Reagenzglasaufh\u00e4nger L (AGG139 8714982273506)cm L 22,2 x T 4,5 x H 70,Kiefer , Glas, Jute, Edelstahl, Nylon, gewicht 0,513 kg, FSC\u00ae 100%\" \/>\n<meta name=\"robots\" content=\"index, follow, max-snippet:-1, max-image-preview:large, max-video-preview:-1\" \/>\n<link rel=\"canonical\" href=\"https:\/\/trendsandvision.nl\/de\/product\/esschert-design-reagenzglasaufhaenger-l\/\" \/>\n<meta property=\"og:locale\" content=\"de_DE\" \/>\n<meta property=\"og:type\" content=\"article\" \/>\n<meta property=\"og:title\" content=\"Esschert Design Reagenzglasaufh\u00e4nger L\" \/>\n<meta property=\"og:description\" content=\"Esschert Design Reagenzglasaufh\u00e4nger L (AGG139 8714982273506)cm L 22,2 x T 4,5 x H 70,Kiefer , Glas, Jute, Edelstahl, Nylon, gewicht 0,513 kg, FSC\u00ae 100%\" \/>\n<meta property=\"og:url\" content=\"https:\/\/trendsandvision.nl\/de\/product\/esschert-design-reagenzglasaufhaenger-l\/\" \/>\n<meta property=\"og:site_name\" content=\"Trends &amp; Vision (DE)\" \/>\n<meta property=\"article:modified_time\" content=\"2026-04-22T12:50:21+00:00\" \/>\n<meta property=\"og:image\" content=\"https:\/\/trendsandvision.nl\/de\/wp-content\/uploads\/sites\/3\/2024\/12\/AGG138_01.jpg\" \/>\n\t<meta property=\"og:image:width\" content=\"800\" \/>\n\t<meta property=\"og:image:height\" content=\"800\" \/>\n\t<meta property=\"og:image:type\" content=\"image\/jpeg\" \/>\n<meta name=\"twitter:card\" content=\"summary_large_image\" \/>\n<meta name=\"twitter:label1\" content=\"Gesch\u00e4tzte Lesezeit\" \/>\n\t<meta name=\"twitter:data1\" content=\"1\u00a0Minute\" \/>\n<script type=\"application\/ld+json\" class=\"yoast-schema-graph\">{\"@context\":\"https:\\\/\\\/schema.org\",\"@graph\":[{\"@type\":\"WebPage\",\"@id\":\"https:\\\/\\\/trendsandvision.nl\\\/de\\\/product\\\/esschert-design-reagenzglasaufhaenger-l\\\/\",\"url\":\"https:\\\/\\\/trendsandvision.nl\\\/de\\\/product\\\/esschert-design-reagenzglasaufhaenger-l\\\/\",\"name\":\"Esschert Design Reagenzglasaufh\u00e4nger L (AGG139 )\",\"isPartOf\":{\"@id\":\"https:\\\/\\\/trendsandvision.nl\\\/de\\\/#website\"},\"primaryImageOfPage\":{\"@id\":\"https:\\\/\\\/trendsandvision.nl\\\/de\\\/product\\\/esschert-design-reagenzglasaufhaenger-l\\\/#primaryimage\"},\"image\":{\"@id\":\"https:\\\/\\\/trendsandvision.nl\\\/de\\\/product\\\/esschert-design-reagenzglasaufhaenger-l\\\/#primaryimage\"},\"thumbnailUrl\":\"https:\\\/\\\/trendsandvision.nl\\\/de\\\/wp-content\\\/uploads\\\/sites\\\/3\\\/2024\\\/12\\\/AGG138_01.jpg\",\"datePublished\":\"2024-12-22T07:40:05+00:00\",\"dateModified\":\"2026-04-22T12:50:21+00:00\",\"description\":\"Esschert Design Reagenzglasaufh\u00e4nger L (AGG139 8714982273506)cm L 22,2 x T 4,5 x H 70,Kiefer , Glas, Jute, Edelstahl, Nylon, gewicht 0,513 kg, FSC\u00ae 100%\",\"breadcrumb\":{\"@id\":\"https:\\\/\\\/trendsandvision.nl\\\/de\\\/product\\\/esschert-design-reagenzglasaufhaenger-l\\\/#breadcrumb\"},\"inLanguage\":\"de\",\"potentialAction\":[{\"@type\":\"ReadAction\",\"target\":[\"https:\\\/\\\/trendsandvision.nl\\\/de\\\/product\\\/esschert-design-reagenzglasaufhaenger-l\\\/\"]}]},{\"@type\":\"ImageObject\",\"inLanguage\":\"de\",\"@id\":\"https:\\\/\\\/trendsandvision.nl\\\/de\\\/product\\\/esschert-design-reagenzglasaufhaenger-l\\\/#primaryimage\",\"url\":\"https:\\\/\\\/trendsandvision.nl\\\/de\\\/wp-content\\\/uploads\\\/sites\\\/3\\\/2024\\\/12\\\/AGG138_01.jpg\",\"contentUrl\":\"https:\\\/\\\/trendsandvision.nl\\\/de\\\/wp-content\\\/uploads\\\/sites\\\/3\\\/2024\\\/12\\\/AGG138_01.jpg\",\"width\":800,\"height\":800,\"caption\":\"Trends and Vision Reagenzglashalter M(AGG138 8714982273490)cm L 31,3 x T 4,5 x H 13 Material: Kiefer , Glas, Jute, Edelstahl, Nylon,gewicht 0,241 kgFSC\u00ae 100%\"},{\"@type\":\"BreadcrumbList\",\"@id\":\"https:\\\/\\\/trendsandvision.nl\\\/de\\\/product\\\/esschert-design-reagenzglasaufhaenger-l\\\/#breadcrumb\",\"itemListElement\":[{\"@type\":\"ListItem\",\"position\":1,\"name\":\"Home\",\"item\":\"https:\\\/\\\/trendsandvision.nl\\\/de\\\/\"},{\"@type\":\"ListItem\",\"position\":2,\"name\":\"Gesch\u00e4ft\",\"item\":\"https:\\\/\\\/trendsandvision.nl\\\/de\\\/geschaft\\\/\"},{\"@type\":\"ListItem\",\"position\":3,\"name\":\"Esschert Design Reagenzglasaufh\u00e4nger L\"}]},{\"@type\":\"WebSite\",\"@id\":\"https:\\\/\\\/trendsandvision.nl\\\/de\\\/#website\",\"url\":\"https:\\\/\\\/trendsandvision.nl\\\/de\\\/\",\"name\":\"Trends &amp; Vision (DE)\",\"description\":\"Der Webshop f\u00fcr Esschert Design Artikel\",\"publisher\":{\"@id\":\"https:\\\/\\\/trendsandvision.nl\\\/de\\\/#organization\"},\"potentialAction\":[{\"@type\":\"SearchAction\",\"target\":{\"@type\":\"EntryPoint\",\"urlTemplate\":\"https:\\\/\\\/trendsandvision.nl\\\/de\\\/?s={search_term_string}\"},\"query-input\":{\"@type\":\"PropertyValueSpecification\",\"valueRequired\":true,\"valueName\":\"search_term_string\"}}],\"inLanguage\":\"de\"},{\"@type\":\"Organization\",\"@id\":\"https:\\\/\\\/trendsandvision.nl\\\/de\\\/#organization\",\"name\":\"Trends &amp; Vision (DE)\",\"url\":\"https:\\\/\\\/trendsandvision.nl\\\/de\\\/\",\"logo\":{\"@type\":\"ImageObject\",\"inLanguage\":\"de\",\"@id\":\"https:\\\/\\\/trendsandvision.nl\\\/de\\\/#\\\/schema\\\/logo\\\/image\\\/\",\"url\":\"https:\\\/\\\/trendsandvision.nl\\\/de\\\/wp-content\\\/uploads\\\/sites\\\/3\\\/2022\\\/04\\\/trends-and-vision-logo.jpg\",\"contentUrl\":\"https:\\\/\\\/trendsandvision.nl\\\/de\\\/wp-content\\\/uploads\\\/sites\\\/3\\\/2022\\\/04\\\/trends-and-vision-logo.jpg\",\"width\":213,\"height\":100,\"caption\":\"Trends &amp; Vision (DE)\"},\"image\":{\"@id\":\"https:\\\/\\\/trendsandvision.nl\\\/de\\\/#\\\/schema\\\/logo\\\/image\\\/\"}}]}<\/script>\n<!-- \/ Yoast SEO Premium plugin. -->","yoast_head_json":{"title":"Esschert Design Reagenzglasaufh\u00e4nger L (AGG139 )","description":"Esschert Design Reagenzglasaufh\u00e4nger L (AGG139 8714982273506)cm L 22,2 x T 4,5 x H 70,Kiefer , Glas, Jute, Edelstahl, Nylon, gewicht 0,513 kg, FSC\u00ae 100%","robots":{"index":"index","follow":"follow","max-snippet":"max-snippet:-1","max-image-preview":"max-image-preview:large","max-video-preview":"max-video-preview:-1"},"canonical":"https:\/\/trendsandvision.nl\/de\/product\/esschert-design-reagenzglasaufhaenger-l\/","og_locale":"de_DE","og_type":"article","og_title":"Esschert Design Reagenzglasaufh\u00e4nger L","og_description":"Esschert Design Reagenzglasaufh\u00e4nger L (AGG139 8714982273506)cm L 22,2 x T 4,5 x H 70,Kiefer , Glas, Jute, Edelstahl, Nylon, gewicht 0,513 kg, FSC\u00ae 100%","og_url":"https:\/\/trendsandvision.nl\/de\/product\/esschert-design-reagenzglasaufhaenger-l\/","og_site_name":"Trends &amp; Vision (DE)","article_modified_time":"2026-04-22T12:50:21+00:00","og_image":[{"width":800,"height":800,"url":"https:\/\/trendsandvision.nl\/de\/wp-content\/uploads\/sites\/3\/2024\/12\/AGG138_01.jpg","type":"image\/jpeg"}],"twitter_card":"summary_large_image","twitter_misc":{"Gesch\u00e4tzte Lesezeit":"1\u00a0Minute"},"schema":{"@context":"https:\/\/schema.org","@graph":[{"@type":"WebPage","@id":"https:\/\/trendsandvision.nl\/de\/product\/esschert-design-reagenzglasaufhaenger-l\/","url":"https:\/\/trendsandvision.nl\/de\/product\/esschert-design-reagenzglasaufhaenger-l\/","name":"Esschert Design Reagenzglasaufh\u00e4nger L (AGG139 )","isPartOf":{"@id":"https:\/\/trendsandvision.nl\/de\/#website"},"primaryImageOfPage":{"@id":"https:\/\/trendsandvision.nl\/de\/product\/esschert-design-reagenzglasaufhaenger-l\/#primaryimage"},"image":{"@id":"https:\/\/trendsandvision.nl\/de\/product\/esschert-design-reagenzglasaufhaenger-l\/#primaryimage"},"thumbnailUrl":"https:\/\/trendsandvision.nl\/de\/wp-content\/uploads\/sites\/3\/2024\/12\/AGG138_01.jpg","datePublished":"2024-12-22T07:40:05+00:00","dateModified":"2026-04-22T12:50:21+00:00","description":"Esschert Design Reagenzglasaufh\u00e4nger L (AGG139 8714982273506)cm L 22,2 x T 4,5 x H 70,Kiefer , Glas, Jute, Edelstahl, Nylon, gewicht 0,513 kg, FSC\u00ae 100%","breadcrumb":{"@id":"https:\/\/trendsandvision.nl\/de\/product\/esschert-design-reagenzglasaufhaenger-l\/#breadcrumb"},"inLanguage":"de","potentialAction":[{"@type":"ReadAction","target":["https:\/\/trendsandvision.nl\/de\/product\/esschert-design-reagenzglasaufhaenger-l\/"]}]},{"@type":"ImageObject","inLanguage":"de","@id":"https:\/\/trendsandvision.nl\/de\/product\/esschert-design-reagenzglasaufhaenger-l\/#primaryimage","url":"https:\/\/trendsandvision.nl\/de\/wp-content\/uploads\/sites\/3\/2024\/12\/AGG138_01.jpg","contentUrl":"https:\/\/trendsandvision.nl\/de\/wp-content\/uploads\/sites\/3\/2024\/12\/AGG138_01.jpg","width":800,"height":800,"caption":"Trends and Vision Reagenzglashalter M(AGG138 8714982273490)cm L 31,3 x T 4,5 x H 13 Material: Kiefer , Glas, Jute, Edelstahl, Nylon,gewicht 0,241 kgFSC\u00ae 100%"},{"@type":"BreadcrumbList","@id":"https:\/\/trendsandvision.nl\/de\/product\/esschert-design-reagenzglasaufhaenger-l\/#breadcrumb","itemListElement":[{"@type":"ListItem","position":1,"name":"Home","item":"https:\/\/trendsandvision.nl\/de\/"},{"@type":"ListItem","position":2,"name":"Gesch\u00e4ft","item":"https:\/\/trendsandvision.nl\/de\/geschaft\/"},{"@type":"ListItem","position":3,"name":"Esschert Design Reagenzglasaufh\u00e4nger L"}]},{"@type":"WebSite","@id":"https:\/\/trendsandvision.nl\/de\/#website","url":"https:\/\/trendsandvision.nl\/de\/","name":"Trends &amp; Vision (DE)","description":"Der Webshop f\u00fcr Esschert Design Artikel","publisher":{"@id":"https:\/\/trendsandvision.nl\/de\/#organization"},"potentialAction":[{"@type":"SearchAction","target":{"@type":"EntryPoint","urlTemplate":"https:\/\/trendsandvision.nl\/de\/?s={search_term_string}"},"query-input":{"@type":"PropertyValueSpecification","valueRequired":true,"valueName":"search_term_string"}}],"inLanguage":"de"},{"@type":"Organization","@id":"https:\/\/trendsandvision.nl\/de\/#organization","name":"Trends &amp; Vision (DE)","url":"https:\/\/trendsandvision.nl\/de\/","logo":{"@type":"ImageObject","inLanguage":"de","@id":"https:\/\/trendsandvision.nl\/de\/#\/schema\/logo\/image\/","url":"https:\/\/trendsandvision.nl\/de\/wp-content\/uploads\/sites\/3\/2022\/04\/trends-and-vision-logo.jpg","contentUrl":"https:\/\/trendsandvision.nl\/de\/wp-content\/uploads\/sites\/3\/2022\/04\/trends-and-vision-logo.jpg","width":213,"height":100,"caption":"Trends &amp; Vision (DE)"},"image":{"@id":"https:\/\/trendsandvision.nl\/de\/#\/schema\/logo\/image\/"}}]}},"_links":{"self":[{"href":"https:\/\/trendsandvision.nl\/de\/wp-json\/wp\/v2\/product\/18222","targetHints":{"allow":["GET"]}}],"collection":[{"href":"https:\/\/trendsandvision.nl\/de\/wp-json\/wp\/v2\/product"}],"about":[{"href":"https:\/\/trendsandvision.nl\/de\/wp-json\/wp\/v2\/types\/product"}],"wp:featuredmedia":[{"embeddable":true,"href":"https:\/\/trendsandvision.nl\/de\/wp-json\/wp\/v2\/media\/18218"}],"wp:attachment":[{"href":"https:\/\/trendsandvision.nl\/de\/wp-json\/wp\/v2\/media?parent=18222"}],"wp:term":[{"taxonomy":"product_brand","embeddable":true,"href":"https:\/\/trendsandvision.nl\/de\/wp-json\/wp\/v2\/product_brand?post=18222"},{"taxonomy":"product_cat","embeddable":true,"href":"https:\/\/trendsandvision.nl\/de\/wp-json\/wp\/v2\/product_cat?post=18222"},{"taxonomy":"product_tag","embeddable":true,"href":"https:\/\/trendsandvision.nl\/de\/wp-json\/wp\/v2\/product_tag?post=18222"}],"curies":[{"name":"wp","href":"https:\/\/api.w.org\/{rel}","templated":true}]}}