{"id":18162,"date":"2024-12-22T08:39:25","date_gmt":"2024-12-22T07:39:25","guid":{"rendered":"https:\/\/trendsandvision.nl\/de\/product\/esschert-design-windspiel-vogel-wahl\/"},"modified":"2026-02-22T08:42:41","modified_gmt":"2026-02-22T07:42:41","slug":"esschert-design-windspiel-vogel-wahl","status":"publish","type":"product","link":"https:\/\/trendsandvision.nl\/de\/product\/esschert-design-windspiel-vogel-wahl\/","title":{"rendered":"Esschert Design Windspiel Vogel Wahl"},"content":{"rendered":"<p>Esschert Design Windspiel Vogel Wahl.<br \/>\nDieses Windspiel mit Vogelmotiv bringt eine Symphonie der Natur in den Garten! Mit liebevollen Details f\u00e4ngt es die Sch\u00f6nheit der V\u00f6gel perfekt ein.<br \/>\nJede Figur h\u00e4ngt elegant am Windspiel und sorgt f\u00fcr ein wundersch\u00f6nes Schauspiel, das im Wind tanzt. Einmal aufgeh\u00e4ngt, bleibt es jahrelang sch\u00f6n. Mit jedem Windhauch genie\u00dft man die ganze Pracht der Natur.<\/p>\n<p>Artikelname Windspiel Vogel<br \/>\nArtikelnummer 37000643<br \/>\nProduktgruppe(n) Garten&amp;Terrasse, Meteorologie,  Windspiele<br \/>\nWahl\/preis pro st\u00fcck<br \/>\nMaterial Polyresin, Eisen, Jute<br \/>\nNettogewicht 0,134 kg<br \/>\nBarcode 8713968379249<br \/>\nProduzent <a href=\"https:\/\/www.esschertdesign.com\/shop\/de\/windgong-vogel-ass-37000643\" target=\"_blank\">Esschert Design<\/a><br \/>\n<strong><a href=\"https:\/\/trendsandvision.nl\/de\/?s=Hanging+Basket+haken&amp;post_type=product&amp;dgwt_wcas=1\">alle Haken<\/a><\/strong><\/p>\n","protected":false},"excerpt":{"rendered":"<p>Artikelname: Windspiel Vogel<br \/>\nArtikelnummer: 37000643<br \/>\nWahl\/Preis pro St\u00fcck<br \/>\nMit wundersch\u00f6nen Details verarbeitet<br \/>\nH\u00e4lt viele Jahre<br \/>\nSanfter Klang bei jedem Luftzug<br \/>\nMaterial Polyresin, Eisen, Jute<br \/>\nNettogewicht 0,134 kg<br \/>\nBarcode 8713968379249<br \/>\n<strong><a href=\"https:\/\/trendsandvision.nl\/de\/?s=Hanging+Basket+haken&amp;post_type=product&amp;dgwt_wcas=1\">alle Haken<\/a><\/strong><\/p>\n","protected":false},"featured_media":18163,"template":"","meta":[],"product_brand":[9597,9598],"product_cat":[24],"product_tag":[6714,6945,7754],"class_list":{"0":"post-18162","1":"product","2":"type-product","3":"status-publish","4":"has-post-thumbnail","6":"product_brand-esschert-design","7":"product_brand-trends-and-vision","8":"product_cat-true-to-nature","9":"product_tag-voegel","10":"product_tag-wahl","11":"product_tag-windspiele","12":"pa_anbieter-esschert-design","13":"pa_ean-code-7589","15":"first","16":"instock","17":"sale","18":"taxable","19":"shipping-taxable","20":"purchasable","21":"product-type-simple","22":"czr-hentry"},"yoast_head":"<!-- This site is optimized with the Yoast SEO Premium plugin v26.4 (Yoast SEO v27.3) - https:\/\/yoast.com\/product\/yoast-seo-premium-wordpress\/ -->\n<title>Esschert Design Windspiel Vogel Wahl (37000643 )<\/title>\n<meta name=\"description\" content=\"Esschert Design Windspiel Vogel Wahl (37000643 8713968379249)Polyresin, Eisen, Jute, Nettogewicht 0,134 kg, Barcode 8713968379249\" \/>\n<meta name=\"robots\" content=\"index, follow, max-snippet:-1, max-image-preview:large, max-video-preview:-1\" \/>\n<link rel=\"canonical\" href=\"https:\/\/trendsandvision.nl\/de\/product\/esschert-design-windspiel-vogel-wahl\/\" \/>\n<meta property=\"og:locale\" content=\"de_DE\" \/>\n<meta property=\"og:type\" content=\"article\" \/>\n<meta property=\"og:title\" content=\"Esschert Design Windspiel Vogel Wahl\" \/>\n<meta property=\"og:description\" content=\"Esschert Design Windspiel Vogel Wahl (37000643 8713968379249)Polyresin, Eisen, Jute, Nettogewicht 0,134 kg, Barcode 8713968379249\" \/>\n<meta property=\"og:url\" content=\"https:\/\/trendsandvision.nl\/de\/product\/esschert-design-windspiel-vogel-wahl\/\" \/>\n<meta property=\"og:site_name\" content=\"Trends &amp; Vision (DE)\" \/>\n<meta property=\"article:modified_time\" content=\"2026-02-22T07:42:41+00:00\" \/>\n<meta property=\"og:image\" content=\"https:\/\/trendsandvision.nl\/de\/wp-content\/uploads\/sites\/3\/2024\/12\/37000643_01.jpg\" \/>\n\t<meta property=\"og:image:width\" content=\"800\" \/>\n\t<meta property=\"og:image:height\" content=\"800\" \/>\n\t<meta property=\"og:image:type\" content=\"image\/jpeg\" \/>\n<meta name=\"twitter:card\" content=\"summary_large_image\" \/>\n<meta name=\"twitter:label1\" content=\"Gesch\u00e4tzte Lesezeit\" \/>\n\t<meta name=\"twitter:data1\" content=\"1\u00a0Minute\" \/>\n<script type=\"application\/ld+json\" class=\"yoast-schema-graph\">{\"@context\":\"https:\\\/\\\/schema.org\",\"@graph\":[{\"@type\":\"WebPage\",\"@id\":\"https:\\\/\\\/trendsandvision.nl\\\/de\\\/product\\\/esschert-design-windspiel-vogel-wahl\\\/\",\"url\":\"https:\\\/\\\/trendsandvision.nl\\\/de\\\/product\\\/esschert-design-windspiel-vogel-wahl\\\/\",\"name\":\"Esschert Design Windspiel Vogel Wahl (37000643 )\",\"isPartOf\":{\"@id\":\"https:\\\/\\\/trendsandvision.nl\\\/de\\\/#website\"},\"primaryImageOfPage\":{\"@id\":\"https:\\\/\\\/trendsandvision.nl\\\/de\\\/product\\\/esschert-design-windspiel-vogel-wahl\\\/#primaryimage\"},\"image\":{\"@id\":\"https:\\\/\\\/trendsandvision.nl\\\/de\\\/product\\\/esschert-design-windspiel-vogel-wahl\\\/#primaryimage\"},\"thumbnailUrl\":\"https:\\\/\\\/trendsandvision.nl\\\/de\\\/wp-content\\\/uploads\\\/sites\\\/3\\\/2024\\\/12\\\/37000643_01.jpg\",\"datePublished\":\"2024-12-22T07:39:25+00:00\",\"dateModified\":\"2026-02-22T07:42:41+00:00\",\"description\":\"Esschert Design Windspiel Vogel Wahl (37000643 8713968379249)Polyresin, Eisen, Jute, Nettogewicht 0,134 kg, Barcode 8713968379249\",\"breadcrumb\":{\"@id\":\"https:\\\/\\\/trendsandvision.nl\\\/de\\\/product\\\/esschert-design-windspiel-vogel-wahl\\\/#breadcrumb\"},\"inLanguage\":\"de\",\"potentialAction\":[{\"@type\":\"ReadAction\",\"target\":[\"https:\\\/\\\/trendsandvision.nl\\\/de\\\/product\\\/esschert-design-windspiel-vogel-wahl\\\/\"]}]},{\"@type\":\"ImageObject\",\"inLanguage\":\"de\",\"@id\":\"https:\\\/\\\/trendsandvision.nl\\\/de\\\/product\\\/esschert-design-windspiel-vogel-wahl\\\/#primaryimage\",\"url\":\"https:\\\/\\\/trendsandvision.nl\\\/de\\\/wp-content\\\/uploads\\\/sites\\\/3\\\/2024\\\/12\\\/37000643_01.jpg\",\"contentUrl\":\"https:\\\/\\\/trendsandvision.nl\\\/de\\\/wp-content\\\/uploads\\\/sites\\\/3\\\/2024\\\/12\\\/37000643_01.jpg\",\"width\":800,\"height\":800,\"caption\":\"Trends and Vision Windspiel Vogel Wahl (37000643 8713968379249)Polyresin, Eisen, Jute, Nettogewicht 0,134 kg, Barcode 8713968379249\"},{\"@type\":\"BreadcrumbList\",\"@id\":\"https:\\\/\\\/trendsandvision.nl\\\/de\\\/product\\\/esschert-design-windspiel-vogel-wahl\\\/#breadcrumb\",\"itemListElement\":[{\"@type\":\"ListItem\",\"position\":1,\"name\":\"Home\",\"item\":\"https:\\\/\\\/trendsandvision.nl\\\/de\\\/\"},{\"@type\":\"ListItem\",\"position\":2,\"name\":\"Gesch\u00e4ft\",\"item\":\"https:\\\/\\\/trendsandvision.nl\\\/de\\\/geschaft\\\/\"},{\"@type\":\"ListItem\",\"position\":3,\"name\":\"Esschert Design Windspiel Vogel Wahl\"}]},{\"@type\":\"WebSite\",\"@id\":\"https:\\\/\\\/trendsandvision.nl\\\/de\\\/#website\",\"url\":\"https:\\\/\\\/trendsandvision.nl\\\/de\\\/\",\"name\":\"Trends &amp; Vision (DE)\",\"description\":\"Der Webshop f\u00fcr Esschert Design Artikel\",\"publisher\":{\"@id\":\"https:\\\/\\\/trendsandvision.nl\\\/de\\\/#organization\"},\"potentialAction\":[{\"@type\":\"SearchAction\",\"target\":{\"@type\":\"EntryPoint\",\"urlTemplate\":\"https:\\\/\\\/trendsandvision.nl\\\/de\\\/?s={search_term_string}\"},\"query-input\":{\"@type\":\"PropertyValueSpecification\",\"valueRequired\":true,\"valueName\":\"search_term_string\"}}],\"inLanguage\":\"de\"},{\"@type\":\"Organization\",\"@id\":\"https:\\\/\\\/trendsandvision.nl\\\/de\\\/#organization\",\"name\":\"Trends &amp; Vision (DE)\",\"url\":\"https:\\\/\\\/trendsandvision.nl\\\/de\\\/\",\"logo\":{\"@type\":\"ImageObject\",\"inLanguage\":\"de\",\"@id\":\"https:\\\/\\\/trendsandvision.nl\\\/de\\\/#\\\/schema\\\/logo\\\/image\\\/\",\"url\":\"https:\\\/\\\/trendsandvision.nl\\\/de\\\/wp-content\\\/uploads\\\/sites\\\/3\\\/2022\\\/04\\\/trends-and-vision-logo.jpg\",\"contentUrl\":\"https:\\\/\\\/trendsandvision.nl\\\/de\\\/wp-content\\\/uploads\\\/sites\\\/3\\\/2022\\\/04\\\/trends-and-vision-logo.jpg\",\"width\":213,\"height\":100,\"caption\":\"Trends &amp; Vision (DE)\"},\"image\":{\"@id\":\"https:\\\/\\\/trendsandvision.nl\\\/de\\\/#\\\/schema\\\/logo\\\/image\\\/\"}}]}<\/script>\n<!-- \/ Yoast SEO Premium plugin. -->","yoast_head_json":{"title":"Esschert Design Windspiel Vogel Wahl (37000643 )","description":"Esschert Design Windspiel Vogel Wahl (37000643 8713968379249)Polyresin, Eisen, Jute, Nettogewicht 0,134 kg, Barcode 8713968379249","robots":{"index":"index","follow":"follow","max-snippet":"max-snippet:-1","max-image-preview":"max-image-preview:large","max-video-preview":"max-video-preview:-1"},"canonical":"https:\/\/trendsandvision.nl\/de\/product\/esschert-design-windspiel-vogel-wahl\/","og_locale":"de_DE","og_type":"article","og_title":"Esschert Design Windspiel Vogel Wahl","og_description":"Esschert Design Windspiel Vogel Wahl (37000643 8713968379249)Polyresin, Eisen, Jute, Nettogewicht 0,134 kg, Barcode 8713968379249","og_url":"https:\/\/trendsandvision.nl\/de\/product\/esschert-design-windspiel-vogel-wahl\/","og_site_name":"Trends &amp; Vision (DE)","article_modified_time":"2026-02-22T07:42:41+00:00","og_image":[{"width":800,"height":800,"url":"https:\/\/trendsandvision.nl\/de\/wp-content\/uploads\/sites\/3\/2024\/12\/37000643_01.jpg","type":"image\/jpeg"}],"twitter_card":"summary_large_image","twitter_misc":{"Gesch\u00e4tzte Lesezeit":"1\u00a0Minute"},"schema":{"@context":"https:\/\/schema.org","@graph":[{"@type":"WebPage","@id":"https:\/\/trendsandvision.nl\/de\/product\/esschert-design-windspiel-vogel-wahl\/","url":"https:\/\/trendsandvision.nl\/de\/product\/esschert-design-windspiel-vogel-wahl\/","name":"Esschert Design Windspiel Vogel Wahl (37000643 )","isPartOf":{"@id":"https:\/\/trendsandvision.nl\/de\/#website"},"primaryImageOfPage":{"@id":"https:\/\/trendsandvision.nl\/de\/product\/esschert-design-windspiel-vogel-wahl\/#primaryimage"},"image":{"@id":"https:\/\/trendsandvision.nl\/de\/product\/esschert-design-windspiel-vogel-wahl\/#primaryimage"},"thumbnailUrl":"https:\/\/trendsandvision.nl\/de\/wp-content\/uploads\/sites\/3\/2024\/12\/37000643_01.jpg","datePublished":"2024-12-22T07:39:25+00:00","dateModified":"2026-02-22T07:42:41+00:00","description":"Esschert Design Windspiel Vogel Wahl (37000643 8713968379249)Polyresin, Eisen, Jute, Nettogewicht 0,134 kg, Barcode 8713968379249","breadcrumb":{"@id":"https:\/\/trendsandvision.nl\/de\/product\/esschert-design-windspiel-vogel-wahl\/#breadcrumb"},"inLanguage":"de","potentialAction":[{"@type":"ReadAction","target":["https:\/\/trendsandvision.nl\/de\/product\/esschert-design-windspiel-vogel-wahl\/"]}]},{"@type":"ImageObject","inLanguage":"de","@id":"https:\/\/trendsandvision.nl\/de\/product\/esschert-design-windspiel-vogel-wahl\/#primaryimage","url":"https:\/\/trendsandvision.nl\/de\/wp-content\/uploads\/sites\/3\/2024\/12\/37000643_01.jpg","contentUrl":"https:\/\/trendsandvision.nl\/de\/wp-content\/uploads\/sites\/3\/2024\/12\/37000643_01.jpg","width":800,"height":800,"caption":"Trends and Vision Windspiel Vogel Wahl (37000643 8713968379249)Polyresin, Eisen, Jute, Nettogewicht 0,134 kg, Barcode 8713968379249"},{"@type":"BreadcrumbList","@id":"https:\/\/trendsandvision.nl\/de\/product\/esschert-design-windspiel-vogel-wahl\/#breadcrumb","itemListElement":[{"@type":"ListItem","position":1,"name":"Home","item":"https:\/\/trendsandvision.nl\/de\/"},{"@type":"ListItem","position":2,"name":"Gesch\u00e4ft","item":"https:\/\/trendsandvision.nl\/de\/geschaft\/"},{"@type":"ListItem","position":3,"name":"Esschert Design Windspiel Vogel Wahl"}]},{"@type":"WebSite","@id":"https:\/\/trendsandvision.nl\/de\/#website","url":"https:\/\/trendsandvision.nl\/de\/","name":"Trends &amp; Vision (DE)","description":"Der Webshop f\u00fcr Esschert Design Artikel","publisher":{"@id":"https:\/\/trendsandvision.nl\/de\/#organization"},"potentialAction":[{"@type":"SearchAction","target":{"@type":"EntryPoint","urlTemplate":"https:\/\/trendsandvision.nl\/de\/?s={search_term_string}"},"query-input":{"@type":"PropertyValueSpecification","valueRequired":true,"valueName":"search_term_string"}}],"inLanguage":"de"},{"@type":"Organization","@id":"https:\/\/trendsandvision.nl\/de\/#organization","name":"Trends &amp; Vision (DE)","url":"https:\/\/trendsandvision.nl\/de\/","logo":{"@type":"ImageObject","inLanguage":"de","@id":"https:\/\/trendsandvision.nl\/de\/#\/schema\/logo\/image\/","url":"https:\/\/trendsandvision.nl\/de\/wp-content\/uploads\/sites\/3\/2022\/04\/trends-and-vision-logo.jpg","contentUrl":"https:\/\/trendsandvision.nl\/de\/wp-content\/uploads\/sites\/3\/2022\/04\/trends-and-vision-logo.jpg","width":213,"height":100,"caption":"Trends &amp; Vision (DE)"},"image":{"@id":"https:\/\/trendsandvision.nl\/de\/#\/schema\/logo\/image\/"}}]}},"_links":{"self":[{"href":"https:\/\/trendsandvision.nl\/de\/wp-json\/wp\/v2\/product\/18162","targetHints":{"allow":["GET"]}}],"collection":[{"href":"https:\/\/trendsandvision.nl\/de\/wp-json\/wp\/v2\/product"}],"about":[{"href":"https:\/\/trendsandvision.nl\/de\/wp-json\/wp\/v2\/types\/product"}],"wp:featuredmedia":[{"embeddable":true,"href":"https:\/\/trendsandvision.nl\/de\/wp-json\/wp\/v2\/media\/18163"}],"wp:attachment":[{"href":"https:\/\/trendsandvision.nl\/de\/wp-json\/wp\/v2\/media?parent=18162"}],"wp:term":[{"taxonomy":"product_brand","embeddable":true,"href":"https:\/\/trendsandvision.nl\/de\/wp-json\/wp\/v2\/product_brand?post=18162"},{"taxonomy":"product_cat","embeddable":true,"href":"https:\/\/trendsandvision.nl\/de\/wp-json\/wp\/v2\/product_cat?post=18162"},{"taxonomy":"product_tag","embeddable":true,"href":"https:\/\/trendsandvision.nl\/de\/wp-json\/wp\/v2\/product_tag?post=18162"}],"curies":[{"name":"wp","href":"https:\/\/api.w.org\/{rel}","templated":true}]}}