{"id":18154,"date":"2024-12-22T08:39:16","date_gmt":"2024-12-22T07:39:16","guid":{"rendered":"https:\/\/trendsandvision.nl\/de\/product\/esschert-design-gehaekelter-katzenkopf-wahl\/"},"modified":"2026-04-07T10:17:49","modified_gmt":"2026-04-07T08:17:49","slug":"esschert-design-haken-katzenkopf-wahl","status":"publish","type":"product","link":"https:\/\/trendsandvision.nl\/de\/product\/esschert-design-haken-katzenkopf-wahl\/","title":{"rendered":"Esschert Design Haken Katzenkopf Wahl"},"content":{"rendered":"<p>Esschert Design Haken Katzenkopf Wahl.<br \/>\nVerleihen Sie Ihrem Zuhause mit unseren wundersch\u00f6nen Haken zum Aufh\u00e4ngen von Jacken, Taschen oder H\u00fcten eine verspielte und charmante Note. Diese dekorativen Haken vereinen Funktionalit\u00e4t mit Stil und sind eine vielseitige Erg\u00e4nzung f\u00fcr jeden Raum. Die stabile Konstruktion sorgt daf\u00fcr, dass Ihre Gegenst\u00e4nde sicher an Ort und Stelle bleiben \u2013 und bringt gleichzeitig Pers\u00f6nlichkeit in Ihr Interieur. (<strong><a href=\"https:\/\/trendsandvision.nl\/de\/?s=Verleihen+Sie+Ihrem+Zuhause&amp;post_type=product&amp;dgwt_wcas=1\">alle \u00e4hnliche Haken<\/a><\/strong>)<\/p>\n<p>Haken Katzenkopf Wahl<br \/>\nWundersch\u00f6ne rustikale Haken mit den K\u00f6pfen von Katzen.<br \/>\nJeder Tierkopf ist in massiver Qualit\u00e4t gegossen.<br \/>\nArtikelnummer 37000639<br \/>\nProduktgruppe(n) T\u00fcr&amp;Halle, Haken<br \/>\nWahl\/preis pro st\u00fcck<br \/>\nProduktabmessungen in cm L 4,4 x T 4,5 x H 11,8<br \/>\nMaterial Polyresin, Zinklegierung<br \/>\nNettogewicht 0,103 kg<br \/>\nBarcode 8713968379041<br \/>\nTragf\u00e4higkeit 2kg<br \/>\nProduzent <a href=\"https:\/\/www.esschertdesign.com\/shop\/de\/haak-kattenkop-ass-37000639\" target=\"_blank\">Esschert Design<\/a><\/p>\n","protected":false},"excerpt":{"rendered":"<p>Wahl\/preis pro St\u00fcck<br \/>\nHaken aus Metall<br \/>\nSchl\u00fcsselloch\u00f6ffnung auf der R\u00fcckseite zur einfachen Wandbefestigung<br \/>\nRobuste Konstruktion<br \/>\nL 4,4 x T 4,5 x H 11,8 cm<br \/>\nMaterial Polyresin, Zinklegierung<br \/>\nNettogewicht 0,103 kg<br \/>\nBarcode 8713968379041<br \/>\nTragf\u00e4higkeit 2kg<\/p>\n","protected":false},"featured_media":18155,"template":"","meta":[],"product_brand":[9597,9598],"product_cat":[24],"product_tag":[6709,7378,7470,6842,6945],"class_list":{"0":"post-18154","1":"product","2":"type-product","3":"status-publish","4":"has-post-thumbnail","6":"product_brand-esschert-design","7":"product_brand-trends-and-vision","8":"product_cat-true-to-nature","9":"product_tag-haken","10":"product_tag-katzen","11":"product_tag-metall","12":"product_tag-polyresin","13":"product_tag-wahl","14":"pa_anbieter-esschert-design","15":"pa_ean-code-7585","17":"first","18":"instock","19":"sale","20":"taxable","21":"shipping-taxable","22":"purchasable","23":"product-type-simple","24":"czr-hentry"},"yoast_head":"<!-- This site is optimized with the Yoast SEO Premium plugin v26.4 (Yoast SEO v27.4) - https:\/\/yoast.com\/product\/yoast-seo-premium-wordpress\/ -->\n<title>Esschert Design Haken Katzenkopf Wahl (37000639)<\/title>\n<meta name=\"description\" content=\"Esschert Design Haken Katzenkopf Wahl (37000639 8713968379041)cm L 4,4 x T 4,5 x H 11,8, Polyresin, Zink, legierunggewicht 0,103 kg, Tragf\u00e4higkeit 2kg\" \/>\n<meta name=\"robots\" content=\"index, follow, max-snippet:-1, max-image-preview:large, max-video-preview:-1\" \/>\n<link rel=\"canonical\" href=\"https:\/\/trendsandvision.nl\/de\/product\/esschert-design-haken-katzenkopf-wahl\/\" \/>\n<meta property=\"og:locale\" content=\"de_DE\" \/>\n<meta property=\"og:type\" content=\"article\" \/>\n<meta property=\"og:title\" content=\"Esschert Design Haken Katzenkopf Wahl\" \/>\n<meta property=\"og:description\" content=\"Esschert Design Haken Katzenkopf Wahl (37000639 8713968379041)cm L 4,4 x T 4,5 x H 11,8, Polyresin, Zink, legierunggewicht 0,103 kg, Tragf\u00e4higkeit 2kg\" \/>\n<meta property=\"og:url\" content=\"https:\/\/trendsandvision.nl\/de\/product\/esschert-design-haken-katzenkopf-wahl\/\" \/>\n<meta property=\"og:site_name\" content=\"Trends &amp; Vision (DE)\" \/>\n<meta property=\"article:modified_time\" content=\"2026-04-07T08:17:49+00:00\" \/>\n<meta property=\"og:image\" content=\"https:\/\/trendsandvision.nl\/de\/wp-content\/uploads\/sites\/3\/2024\/12\/37000639_01.jpg\" \/>\n\t<meta property=\"og:image:width\" content=\"800\" \/>\n\t<meta property=\"og:image:height\" content=\"800\" \/>\n\t<meta property=\"og:image:type\" content=\"image\/jpeg\" \/>\n<meta name=\"twitter:card\" content=\"summary_large_image\" \/>\n<meta name=\"twitter:label1\" content=\"Gesch\u00e4tzte Lesezeit\" \/>\n\t<meta name=\"twitter:data1\" content=\"1\u00a0Minute\" \/>\n<script type=\"application\/ld+json\" class=\"yoast-schema-graph\">{\"@context\":\"https:\\\/\\\/schema.org\",\"@graph\":[{\"@type\":\"WebPage\",\"@id\":\"https:\\\/\\\/trendsandvision.nl\\\/de\\\/product\\\/esschert-design-haken-katzenkopf-wahl\\\/\",\"url\":\"https:\\\/\\\/trendsandvision.nl\\\/de\\\/product\\\/esschert-design-haken-katzenkopf-wahl\\\/\",\"name\":\"Esschert Design Haken Katzenkopf Wahl (37000639)\",\"isPartOf\":{\"@id\":\"https:\\\/\\\/trendsandvision.nl\\\/de\\\/#website\"},\"primaryImageOfPage\":{\"@id\":\"https:\\\/\\\/trendsandvision.nl\\\/de\\\/product\\\/esschert-design-haken-katzenkopf-wahl\\\/#primaryimage\"},\"image\":{\"@id\":\"https:\\\/\\\/trendsandvision.nl\\\/de\\\/product\\\/esschert-design-haken-katzenkopf-wahl\\\/#primaryimage\"},\"thumbnailUrl\":\"https:\\\/\\\/trendsandvision.nl\\\/de\\\/wp-content\\\/uploads\\\/sites\\\/3\\\/2024\\\/12\\\/37000639_01.jpg\",\"datePublished\":\"2024-12-22T07:39:16+00:00\",\"dateModified\":\"2026-04-07T08:17:49+00:00\",\"description\":\"Esschert Design Haken Katzenkopf Wahl (37000639 8713968379041)cm L 4,4 x T 4,5 x H 11,8, Polyresin, Zink, legierunggewicht 0,103 kg, Tragf\u00e4higkeit 2kg\",\"breadcrumb\":{\"@id\":\"https:\\\/\\\/trendsandvision.nl\\\/de\\\/product\\\/esschert-design-haken-katzenkopf-wahl\\\/#breadcrumb\"},\"inLanguage\":\"de\",\"potentialAction\":[{\"@type\":\"ReadAction\",\"target\":[\"https:\\\/\\\/trendsandvision.nl\\\/de\\\/product\\\/esschert-design-haken-katzenkopf-wahl\\\/\"]}]},{\"@type\":\"ImageObject\",\"inLanguage\":\"de\",\"@id\":\"https:\\\/\\\/trendsandvision.nl\\\/de\\\/product\\\/esschert-design-haken-katzenkopf-wahl\\\/#primaryimage\",\"url\":\"https:\\\/\\\/trendsandvision.nl\\\/de\\\/wp-content\\\/uploads\\\/sites\\\/3\\\/2024\\\/12\\\/37000639_01.jpg\",\"contentUrl\":\"https:\\\/\\\/trendsandvision.nl\\\/de\\\/wp-content\\\/uploads\\\/sites\\\/3\\\/2024\\\/12\\\/37000639_01.jpg\",\"width\":800,\"height\":800,\"caption\":\"Trends and Vision Haken Katzenkopf Wahl (37000639 8713968379041)cm L 4,4 x T 4,5 x H 11,8, Polyresin, Zink, legierunggewicht 0,103 kg, Tragf\u00e4higkeit 2kg\"},{\"@type\":\"BreadcrumbList\",\"@id\":\"https:\\\/\\\/trendsandvision.nl\\\/de\\\/product\\\/esschert-design-haken-katzenkopf-wahl\\\/#breadcrumb\",\"itemListElement\":[{\"@type\":\"ListItem\",\"position\":1,\"name\":\"Home\",\"item\":\"https:\\\/\\\/trendsandvision.nl\\\/de\\\/\"},{\"@type\":\"ListItem\",\"position\":2,\"name\":\"Gesch\u00e4ft\",\"item\":\"https:\\\/\\\/trendsandvision.nl\\\/de\\\/geschaft\\\/\"},{\"@type\":\"ListItem\",\"position\":3,\"name\":\"Esschert Design Haken Katzenkopf Wahl\"}]},{\"@type\":\"WebSite\",\"@id\":\"https:\\\/\\\/trendsandvision.nl\\\/de\\\/#website\",\"url\":\"https:\\\/\\\/trendsandvision.nl\\\/de\\\/\",\"name\":\"Trends &amp; Vision (DE)\",\"description\":\"Der Webshop f\u00fcr Esschert Design Artikel\",\"publisher\":{\"@id\":\"https:\\\/\\\/trendsandvision.nl\\\/de\\\/#organization\"},\"potentialAction\":[{\"@type\":\"SearchAction\",\"target\":{\"@type\":\"EntryPoint\",\"urlTemplate\":\"https:\\\/\\\/trendsandvision.nl\\\/de\\\/?s={search_term_string}\"},\"query-input\":{\"@type\":\"PropertyValueSpecification\",\"valueRequired\":true,\"valueName\":\"search_term_string\"}}],\"inLanguage\":\"de\"},{\"@type\":\"Organization\",\"@id\":\"https:\\\/\\\/trendsandvision.nl\\\/de\\\/#organization\",\"name\":\"Trends &amp; Vision (DE)\",\"url\":\"https:\\\/\\\/trendsandvision.nl\\\/de\\\/\",\"logo\":{\"@type\":\"ImageObject\",\"inLanguage\":\"de\",\"@id\":\"https:\\\/\\\/trendsandvision.nl\\\/de\\\/#\\\/schema\\\/logo\\\/image\\\/\",\"url\":\"https:\\\/\\\/trendsandvision.nl\\\/de\\\/wp-content\\\/uploads\\\/sites\\\/3\\\/2022\\\/04\\\/trends-and-vision-logo.jpg\",\"contentUrl\":\"https:\\\/\\\/trendsandvision.nl\\\/de\\\/wp-content\\\/uploads\\\/sites\\\/3\\\/2022\\\/04\\\/trends-and-vision-logo.jpg\",\"width\":213,\"height\":100,\"caption\":\"Trends &amp; Vision (DE)\"},\"image\":{\"@id\":\"https:\\\/\\\/trendsandvision.nl\\\/de\\\/#\\\/schema\\\/logo\\\/image\\\/\"}}]}<\/script>\n<!-- \/ Yoast SEO Premium plugin. -->","yoast_head_json":{"title":"Esschert Design Haken Katzenkopf Wahl (37000639)","description":"Esschert Design Haken Katzenkopf Wahl (37000639 8713968379041)cm L 4,4 x T 4,5 x H 11,8, Polyresin, Zink, legierunggewicht 0,103 kg, Tragf\u00e4higkeit 2kg","robots":{"index":"index","follow":"follow","max-snippet":"max-snippet:-1","max-image-preview":"max-image-preview:large","max-video-preview":"max-video-preview:-1"},"canonical":"https:\/\/trendsandvision.nl\/de\/product\/esschert-design-haken-katzenkopf-wahl\/","og_locale":"de_DE","og_type":"article","og_title":"Esschert Design Haken Katzenkopf Wahl","og_description":"Esschert Design Haken Katzenkopf Wahl (37000639 8713968379041)cm L 4,4 x T 4,5 x H 11,8, Polyresin, Zink, legierunggewicht 0,103 kg, Tragf\u00e4higkeit 2kg","og_url":"https:\/\/trendsandvision.nl\/de\/product\/esschert-design-haken-katzenkopf-wahl\/","og_site_name":"Trends &amp; Vision (DE)","article_modified_time":"2026-04-07T08:17:49+00:00","og_image":[{"width":800,"height":800,"url":"https:\/\/trendsandvision.nl\/de\/wp-content\/uploads\/sites\/3\/2024\/12\/37000639_01.jpg","type":"image\/jpeg"}],"twitter_card":"summary_large_image","twitter_misc":{"Gesch\u00e4tzte Lesezeit":"1\u00a0Minute"},"schema":{"@context":"https:\/\/schema.org","@graph":[{"@type":"WebPage","@id":"https:\/\/trendsandvision.nl\/de\/product\/esschert-design-haken-katzenkopf-wahl\/","url":"https:\/\/trendsandvision.nl\/de\/product\/esschert-design-haken-katzenkopf-wahl\/","name":"Esschert Design Haken Katzenkopf Wahl (37000639)","isPartOf":{"@id":"https:\/\/trendsandvision.nl\/de\/#website"},"primaryImageOfPage":{"@id":"https:\/\/trendsandvision.nl\/de\/product\/esschert-design-haken-katzenkopf-wahl\/#primaryimage"},"image":{"@id":"https:\/\/trendsandvision.nl\/de\/product\/esschert-design-haken-katzenkopf-wahl\/#primaryimage"},"thumbnailUrl":"https:\/\/trendsandvision.nl\/de\/wp-content\/uploads\/sites\/3\/2024\/12\/37000639_01.jpg","datePublished":"2024-12-22T07:39:16+00:00","dateModified":"2026-04-07T08:17:49+00:00","description":"Esschert Design Haken Katzenkopf Wahl (37000639 8713968379041)cm L 4,4 x T 4,5 x H 11,8, Polyresin, Zink, legierunggewicht 0,103 kg, Tragf\u00e4higkeit 2kg","breadcrumb":{"@id":"https:\/\/trendsandvision.nl\/de\/product\/esschert-design-haken-katzenkopf-wahl\/#breadcrumb"},"inLanguage":"de","potentialAction":[{"@type":"ReadAction","target":["https:\/\/trendsandvision.nl\/de\/product\/esschert-design-haken-katzenkopf-wahl\/"]}]},{"@type":"ImageObject","inLanguage":"de","@id":"https:\/\/trendsandvision.nl\/de\/product\/esschert-design-haken-katzenkopf-wahl\/#primaryimage","url":"https:\/\/trendsandvision.nl\/de\/wp-content\/uploads\/sites\/3\/2024\/12\/37000639_01.jpg","contentUrl":"https:\/\/trendsandvision.nl\/de\/wp-content\/uploads\/sites\/3\/2024\/12\/37000639_01.jpg","width":800,"height":800,"caption":"Trends and Vision Haken Katzenkopf Wahl (37000639 8713968379041)cm L 4,4 x T 4,5 x H 11,8, Polyresin, Zink, legierunggewicht 0,103 kg, Tragf\u00e4higkeit 2kg"},{"@type":"BreadcrumbList","@id":"https:\/\/trendsandvision.nl\/de\/product\/esschert-design-haken-katzenkopf-wahl\/#breadcrumb","itemListElement":[{"@type":"ListItem","position":1,"name":"Home","item":"https:\/\/trendsandvision.nl\/de\/"},{"@type":"ListItem","position":2,"name":"Gesch\u00e4ft","item":"https:\/\/trendsandvision.nl\/de\/geschaft\/"},{"@type":"ListItem","position":3,"name":"Esschert Design Haken Katzenkopf Wahl"}]},{"@type":"WebSite","@id":"https:\/\/trendsandvision.nl\/de\/#website","url":"https:\/\/trendsandvision.nl\/de\/","name":"Trends &amp; Vision (DE)","description":"Der Webshop f\u00fcr Esschert Design Artikel","publisher":{"@id":"https:\/\/trendsandvision.nl\/de\/#organization"},"potentialAction":[{"@type":"SearchAction","target":{"@type":"EntryPoint","urlTemplate":"https:\/\/trendsandvision.nl\/de\/?s={search_term_string}"},"query-input":{"@type":"PropertyValueSpecification","valueRequired":true,"valueName":"search_term_string"}}],"inLanguage":"de"},{"@type":"Organization","@id":"https:\/\/trendsandvision.nl\/de\/#organization","name":"Trends &amp; Vision (DE)","url":"https:\/\/trendsandvision.nl\/de\/","logo":{"@type":"ImageObject","inLanguage":"de","@id":"https:\/\/trendsandvision.nl\/de\/#\/schema\/logo\/image\/","url":"https:\/\/trendsandvision.nl\/de\/wp-content\/uploads\/sites\/3\/2022\/04\/trends-and-vision-logo.jpg","contentUrl":"https:\/\/trendsandvision.nl\/de\/wp-content\/uploads\/sites\/3\/2022\/04\/trends-and-vision-logo.jpg","width":213,"height":100,"caption":"Trends &amp; Vision (DE)"},"image":{"@id":"https:\/\/trendsandvision.nl\/de\/#\/schema\/logo\/image\/"}}]}},"_links":{"self":[{"href":"https:\/\/trendsandvision.nl\/de\/wp-json\/wp\/v2\/product\/18154","targetHints":{"allow":["GET"]}}],"collection":[{"href":"https:\/\/trendsandvision.nl\/de\/wp-json\/wp\/v2\/product"}],"about":[{"href":"https:\/\/trendsandvision.nl\/de\/wp-json\/wp\/v2\/types\/product"}],"wp:featuredmedia":[{"embeddable":true,"href":"https:\/\/trendsandvision.nl\/de\/wp-json\/wp\/v2\/media\/18155"}],"wp:attachment":[{"href":"https:\/\/trendsandvision.nl\/de\/wp-json\/wp\/v2\/media?parent=18154"}],"wp:term":[{"taxonomy":"product_brand","embeddable":true,"href":"https:\/\/trendsandvision.nl\/de\/wp-json\/wp\/v2\/product_brand?post=18154"},{"taxonomy":"product_cat","embeddable":true,"href":"https:\/\/trendsandvision.nl\/de\/wp-json\/wp\/v2\/product_cat?post=18154"},{"taxonomy":"product_tag","embeddable":true,"href":"https:\/\/trendsandvision.nl\/de\/wp-json\/wp\/v2\/product_tag?post=18154"}],"curies":[{"name":"wp","href":"https:\/\/api.w.org\/{rel}","templated":true}]}}