{"id":18152,"date":"2024-12-22T08:39:14","date_gmt":"2024-12-22T07:39:14","guid":{"rendered":"https:\/\/trendsandvision.nl\/de\/product\/esschert-design-gehaekelter-waldtierkopf-wahl\/"},"modified":"2026-04-07T10:17:49","modified_gmt":"2026-04-07T08:17:49","slug":"esschert-design-haken-waldtierkopf-wahl","status":"publish","type":"product","link":"https:\/\/trendsandvision.nl\/de\/product\/esschert-design-haken-waldtierkopf-wahl\/","title":{"rendered":"Esschert Design Haken Waldtierkopf Wahl"},"content":{"rendered":"<p>Esschert Design Haken Waldtierkopf Wahl.<br \/>\nVerleihen Sie Ihrem Zuhause mit unseren wundersch\u00f6nen Haken zum Aufh\u00e4ngen von Jacken, Taschen oder H\u00fcten eine verspielte und charmante Note. Diese dekorativen Haken vereinen Funktionalit\u00e4t mit Stil und sind eine vielseitige Erg\u00e4nzung f\u00fcr jeden Raum. Die stabile Konstruktion sorgt daf\u00fcr, dass Ihre Gegenst\u00e4nde sicher an Ort und Stelle bleiben \u2013 und bringt gleichzeitig Pers\u00f6nlichkeit in Ihr Interieur. (<strong><a href=\"https:\/\/trendsandvision.nl\/de\/?s=Verleihen+Sie+Ihrem+Zuhause&amp;post_type=product&amp;dgwt_wcas=1\">alle   \u00e4hnliche Haken<\/a><\/strong>)<\/p>\n<p>Haken Waldtierkopf Wahl<br \/>\nWundersch\u00f6ne rustikale Haken mit den K\u00f6pfen von Waldtiere.<br \/>\nFuchs, Eule, Eichh\u00f6rnchen und Igel.<br \/>\nJeder Tierkopf ist in massiver Qualit\u00e4t gegossen.<\/p>\n<p>Artikelnummer 37000638<br \/>\nPreis pro st\u00fcck\/wahl<br \/>\nProduktgruppe(n) T\u00fcr&amp;Halle, Haken<br \/>\nProduktabmessungen in cm L 4,9 x T 4,5 x H 11,8<br \/>\nMaterial Polyresin, Zinklegierung<br \/>\nNettogewicht 0,107 kg<br \/>\nBarcode 8713968378990<br \/>\nTragf\u00e4higkeit 2 kg<br \/>\nProduzent <a href=\"https:\/\/www.esschertdesign.com\/shop\/de\/haak-bosdierkop-ass-37000638\" target=\"_blank\">Esschert Design<\/a><\/p>\n","protected":false},"excerpt":{"rendered":"<p>Haken aus Metall, Preis pro St\u00fcck<br \/>\nSchl\u00fcsselloch\u00f6ffnung auf der<br \/>\nR\u00fcckseite zur einfachen Wandbefestigung<br \/>\nRobuste Konstruktion<br \/>\nL 4,9 x T 4,5 x H 11,8 cm<br \/>\nMaterial Polyresin, Zinklegierung<br \/>\nNettogewicht 0,107 kg<br \/>\nBarcode 8713968378990<br \/>\nTragf\u00e4higkeit 2 kg<\/p>\n","protected":false},"featured_media":18153,"template":"","meta":[],"product_brand":[9597,9598],"product_cat":[24],"product_tag":[6709,7378,7470,6842,6945,7426],"class_list":{"0":"post-18152","1":"product","2":"type-product","3":"status-publish","4":"has-post-thumbnail","6":"product_brand-esschert-design","7":"product_brand-trends-and-vision","8":"product_cat-true-to-nature","9":"product_tag-haken","10":"product_tag-katzen","11":"product_tag-metall","12":"product_tag-polyresin","13":"product_tag-wahl","14":"product_tag-waldtiere","15":"pa_anbieter-esschert-design","16":"pa_ean-code-7584","18":"first","19":"instock","20":"sale","21":"taxable","22":"shipping-taxable","23":"purchasable","24":"product-type-simple","25":"czr-hentry"},"yoast_head":"<!-- This site is optimized with the Yoast SEO Premium plugin v26.4 (Yoast SEO v27.3) - https:\/\/yoast.com\/product\/yoast-seo-premium-wordpress\/ -->\n<title>Esschert Design Haken Waldtierkopf Wahl(37000638 )<\/title>\n<meta name=\"description\" content=\"Esschert Design Haken Waldtierkopf Wahl (37000638 8713968378990)cm L 4,9 x T 4,5 x H 11,8, Polyresin, Zinklegierung,gewicht 0,107 kg,Tragf\u00e4higkeit 2 kg\" \/>\n<meta name=\"robots\" content=\"index, follow, max-snippet:-1, max-image-preview:large, max-video-preview:-1\" \/>\n<link rel=\"canonical\" href=\"https:\/\/trendsandvision.nl\/de\/product\/esschert-design-haken-waldtierkopf-wahl\/\" \/>\n<meta property=\"og:locale\" content=\"de_DE\" \/>\n<meta property=\"og:type\" content=\"article\" \/>\n<meta property=\"og:title\" content=\"Esschert Design Haken Waldtierkopf Wahl\" \/>\n<meta property=\"og:description\" content=\"Esschert Design Haken Waldtierkopf Wahl (37000638 8713968378990)cm L 4,9 x T 4,5 x H 11,8, Polyresin, Zinklegierung,gewicht 0,107 kg,Tragf\u00e4higkeit 2 kg\" \/>\n<meta property=\"og:url\" content=\"https:\/\/trendsandvision.nl\/de\/product\/esschert-design-haken-waldtierkopf-wahl\/\" \/>\n<meta property=\"og:site_name\" content=\"Trends &amp; Vision (DE)\" \/>\n<meta property=\"article:modified_time\" content=\"2026-04-07T08:17:49+00:00\" \/>\n<meta property=\"og:image\" content=\"https:\/\/trendsandvision.nl\/de\/wp-content\/uploads\/sites\/3\/2024\/12\/37000638_01.jpg\" \/>\n\t<meta property=\"og:image:width\" content=\"800\" \/>\n\t<meta property=\"og:image:height\" content=\"800\" \/>\n\t<meta property=\"og:image:type\" content=\"image\/jpeg\" \/>\n<meta name=\"twitter:card\" content=\"summary_large_image\" \/>\n<meta name=\"twitter:label1\" content=\"Gesch\u00e4tzte Lesezeit\" \/>\n\t<meta name=\"twitter:data1\" content=\"1\u00a0Minute\" \/>\n<script type=\"application\/ld+json\" class=\"yoast-schema-graph\">{\"@context\":\"https:\\\/\\\/schema.org\",\"@graph\":[{\"@type\":\"WebPage\",\"@id\":\"https:\\\/\\\/trendsandvision.nl\\\/de\\\/product\\\/esschert-design-haken-waldtierkopf-wahl\\\/\",\"url\":\"https:\\\/\\\/trendsandvision.nl\\\/de\\\/product\\\/esschert-design-haken-waldtierkopf-wahl\\\/\",\"name\":\"Esschert Design Haken Waldtierkopf Wahl(37000638 )\",\"isPartOf\":{\"@id\":\"https:\\\/\\\/trendsandvision.nl\\\/de\\\/#website\"},\"primaryImageOfPage\":{\"@id\":\"https:\\\/\\\/trendsandvision.nl\\\/de\\\/product\\\/esschert-design-haken-waldtierkopf-wahl\\\/#primaryimage\"},\"image\":{\"@id\":\"https:\\\/\\\/trendsandvision.nl\\\/de\\\/product\\\/esschert-design-haken-waldtierkopf-wahl\\\/#primaryimage\"},\"thumbnailUrl\":\"https:\\\/\\\/trendsandvision.nl\\\/de\\\/wp-content\\\/uploads\\\/sites\\\/3\\\/2024\\\/12\\\/37000638_01.jpg\",\"datePublished\":\"2024-12-22T07:39:14+00:00\",\"dateModified\":\"2026-04-07T08:17:49+00:00\",\"description\":\"Esschert Design Haken Waldtierkopf Wahl (37000638 8713968378990)cm L 4,9 x T 4,5 x H 11,8, Polyresin, Zinklegierung,gewicht 0,107 kg,Tragf\u00e4higkeit 2 kg\",\"breadcrumb\":{\"@id\":\"https:\\\/\\\/trendsandvision.nl\\\/de\\\/product\\\/esschert-design-haken-waldtierkopf-wahl\\\/#breadcrumb\"},\"inLanguage\":\"de\",\"potentialAction\":[{\"@type\":\"ReadAction\",\"target\":[\"https:\\\/\\\/trendsandvision.nl\\\/de\\\/product\\\/esschert-design-haken-waldtierkopf-wahl\\\/\"]}]},{\"@type\":\"ImageObject\",\"inLanguage\":\"de\",\"@id\":\"https:\\\/\\\/trendsandvision.nl\\\/de\\\/product\\\/esschert-design-haken-waldtierkopf-wahl\\\/#primaryimage\",\"url\":\"https:\\\/\\\/trendsandvision.nl\\\/de\\\/wp-content\\\/uploads\\\/sites\\\/3\\\/2024\\\/12\\\/37000638_01.jpg\",\"contentUrl\":\"https:\\\/\\\/trendsandvision.nl\\\/de\\\/wp-content\\\/uploads\\\/sites\\\/3\\\/2024\\\/12\\\/37000638_01.jpg\",\"width\":800,\"height\":800,\"caption\":\"Trends and Vision Haken Waldtierkopf Wahl (37000638 8713968378990)cm L 4,9 x T 4,5 x H 11,8, Polyresin, Zinklegierung,gewicht 0,107 kg,Tragf\u00e4higkeit 2 kg\"},{\"@type\":\"BreadcrumbList\",\"@id\":\"https:\\\/\\\/trendsandvision.nl\\\/de\\\/product\\\/esschert-design-haken-waldtierkopf-wahl\\\/#breadcrumb\",\"itemListElement\":[{\"@type\":\"ListItem\",\"position\":1,\"name\":\"Home\",\"item\":\"https:\\\/\\\/trendsandvision.nl\\\/de\\\/\"},{\"@type\":\"ListItem\",\"position\":2,\"name\":\"Gesch\u00e4ft\",\"item\":\"https:\\\/\\\/trendsandvision.nl\\\/de\\\/geschaft\\\/\"},{\"@type\":\"ListItem\",\"position\":3,\"name\":\"Esschert Design Haken Waldtierkopf Wahl\"}]},{\"@type\":\"WebSite\",\"@id\":\"https:\\\/\\\/trendsandvision.nl\\\/de\\\/#website\",\"url\":\"https:\\\/\\\/trendsandvision.nl\\\/de\\\/\",\"name\":\"Trends &amp; Vision (DE)\",\"description\":\"Der Webshop f\u00fcr Esschert Design Artikel\",\"publisher\":{\"@id\":\"https:\\\/\\\/trendsandvision.nl\\\/de\\\/#organization\"},\"potentialAction\":[{\"@type\":\"SearchAction\",\"target\":{\"@type\":\"EntryPoint\",\"urlTemplate\":\"https:\\\/\\\/trendsandvision.nl\\\/de\\\/?s={search_term_string}\"},\"query-input\":{\"@type\":\"PropertyValueSpecification\",\"valueRequired\":true,\"valueName\":\"search_term_string\"}}],\"inLanguage\":\"de\"},{\"@type\":\"Organization\",\"@id\":\"https:\\\/\\\/trendsandvision.nl\\\/de\\\/#organization\",\"name\":\"Trends &amp; Vision (DE)\",\"url\":\"https:\\\/\\\/trendsandvision.nl\\\/de\\\/\",\"logo\":{\"@type\":\"ImageObject\",\"inLanguage\":\"de\",\"@id\":\"https:\\\/\\\/trendsandvision.nl\\\/de\\\/#\\\/schema\\\/logo\\\/image\\\/\",\"url\":\"https:\\\/\\\/trendsandvision.nl\\\/de\\\/wp-content\\\/uploads\\\/sites\\\/3\\\/2022\\\/04\\\/trends-and-vision-logo.jpg\",\"contentUrl\":\"https:\\\/\\\/trendsandvision.nl\\\/de\\\/wp-content\\\/uploads\\\/sites\\\/3\\\/2022\\\/04\\\/trends-and-vision-logo.jpg\",\"width\":213,\"height\":100,\"caption\":\"Trends &amp; Vision (DE)\"},\"image\":{\"@id\":\"https:\\\/\\\/trendsandvision.nl\\\/de\\\/#\\\/schema\\\/logo\\\/image\\\/\"}}]}<\/script>\n<!-- \/ Yoast SEO Premium plugin. -->","yoast_head_json":{"title":"Esschert Design Haken Waldtierkopf Wahl(37000638 )","description":"Esschert Design Haken Waldtierkopf Wahl (37000638 8713968378990)cm L 4,9 x T 4,5 x H 11,8, Polyresin, Zinklegierung,gewicht 0,107 kg,Tragf\u00e4higkeit 2 kg","robots":{"index":"index","follow":"follow","max-snippet":"max-snippet:-1","max-image-preview":"max-image-preview:large","max-video-preview":"max-video-preview:-1"},"canonical":"https:\/\/trendsandvision.nl\/de\/product\/esschert-design-haken-waldtierkopf-wahl\/","og_locale":"de_DE","og_type":"article","og_title":"Esschert Design Haken Waldtierkopf Wahl","og_description":"Esschert Design Haken Waldtierkopf Wahl (37000638 8713968378990)cm L 4,9 x T 4,5 x H 11,8, Polyresin, Zinklegierung,gewicht 0,107 kg,Tragf\u00e4higkeit 2 kg","og_url":"https:\/\/trendsandvision.nl\/de\/product\/esschert-design-haken-waldtierkopf-wahl\/","og_site_name":"Trends &amp; Vision (DE)","article_modified_time":"2026-04-07T08:17:49+00:00","og_image":[{"width":800,"height":800,"url":"https:\/\/trendsandvision.nl\/de\/wp-content\/uploads\/sites\/3\/2024\/12\/37000638_01.jpg","type":"image\/jpeg"}],"twitter_card":"summary_large_image","twitter_misc":{"Gesch\u00e4tzte Lesezeit":"1\u00a0Minute"},"schema":{"@context":"https:\/\/schema.org","@graph":[{"@type":"WebPage","@id":"https:\/\/trendsandvision.nl\/de\/product\/esschert-design-haken-waldtierkopf-wahl\/","url":"https:\/\/trendsandvision.nl\/de\/product\/esschert-design-haken-waldtierkopf-wahl\/","name":"Esschert Design Haken Waldtierkopf Wahl(37000638 )","isPartOf":{"@id":"https:\/\/trendsandvision.nl\/de\/#website"},"primaryImageOfPage":{"@id":"https:\/\/trendsandvision.nl\/de\/product\/esschert-design-haken-waldtierkopf-wahl\/#primaryimage"},"image":{"@id":"https:\/\/trendsandvision.nl\/de\/product\/esschert-design-haken-waldtierkopf-wahl\/#primaryimage"},"thumbnailUrl":"https:\/\/trendsandvision.nl\/de\/wp-content\/uploads\/sites\/3\/2024\/12\/37000638_01.jpg","datePublished":"2024-12-22T07:39:14+00:00","dateModified":"2026-04-07T08:17:49+00:00","description":"Esschert Design Haken Waldtierkopf Wahl (37000638 8713968378990)cm L 4,9 x T 4,5 x H 11,8, Polyresin, Zinklegierung,gewicht 0,107 kg,Tragf\u00e4higkeit 2 kg","breadcrumb":{"@id":"https:\/\/trendsandvision.nl\/de\/product\/esschert-design-haken-waldtierkopf-wahl\/#breadcrumb"},"inLanguage":"de","potentialAction":[{"@type":"ReadAction","target":["https:\/\/trendsandvision.nl\/de\/product\/esschert-design-haken-waldtierkopf-wahl\/"]}]},{"@type":"ImageObject","inLanguage":"de","@id":"https:\/\/trendsandvision.nl\/de\/product\/esschert-design-haken-waldtierkopf-wahl\/#primaryimage","url":"https:\/\/trendsandvision.nl\/de\/wp-content\/uploads\/sites\/3\/2024\/12\/37000638_01.jpg","contentUrl":"https:\/\/trendsandvision.nl\/de\/wp-content\/uploads\/sites\/3\/2024\/12\/37000638_01.jpg","width":800,"height":800,"caption":"Trends and Vision Haken Waldtierkopf Wahl (37000638 8713968378990)cm L 4,9 x T 4,5 x H 11,8, Polyresin, Zinklegierung,gewicht 0,107 kg,Tragf\u00e4higkeit 2 kg"},{"@type":"BreadcrumbList","@id":"https:\/\/trendsandvision.nl\/de\/product\/esschert-design-haken-waldtierkopf-wahl\/#breadcrumb","itemListElement":[{"@type":"ListItem","position":1,"name":"Home","item":"https:\/\/trendsandvision.nl\/de\/"},{"@type":"ListItem","position":2,"name":"Gesch\u00e4ft","item":"https:\/\/trendsandvision.nl\/de\/geschaft\/"},{"@type":"ListItem","position":3,"name":"Esschert Design Haken Waldtierkopf Wahl"}]},{"@type":"WebSite","@id":"https:\/\/trendsandvision.nl\/de\/#website","url":"https:\/\/trendsandvision.nl\/de\/","name":"Trends &amp; Vision (DE)","description":"Der Webshop f\u00fcr Esschert Design Artikel","publisher":{"@id":"https:\/\/trendsandvision.nl\/de\/#organization"},"potentialAction":[{"@type":"SearchAction","target":{"@type":"EntryPoint","urlTemplate":"https:\/\/trendsandvision.nl\/de\/?s={search_term_string}"},"query-input":{"@type":"PropertyValueSpecification","valueRequired":true,"valueName":"search_term_string"}}],"inLanguage":"de"},{"@type":"Organization","@id":"https:\/\/trendsandvision.nl\/de\/#organization","name":"Trends &amp; Vision (DE)","url":"https:\/\/trendsandvision.nl\/de\/","logo":{"@type":"ImageObject","inLanguage":"de","@id":"https:\/\/trendsandvision.nl\/de\/#\/schema\/logo\/image\/","url":"https:\/\/trendsandvision.nl\/de\/wp-content\/uploads\/sites\/3\/2022\/04\/trends-and-vision-logo.jpg","contentUrl":"https:\/\/trendsandvision.nl\/de\/wp-content\/uploads\/sites\/3\/2022\/04\/trends-and-vision-logo.jpg","width":213,"height":100,"caption":"Trends &amp; Vision (DE)"},"image":{"@id":"https:\/\/trendsandvision.nl\/de\/#\/schema\/logo\/image\/"}}]}},"_links":{"self":[{"href":"https:\/\/trendsandvision.nl\/de\/wp-json\/wp\/v2\/product\/18152","targetHints":{"allow":["GET"]}}],"collection":[{"href":"https:\/\/trendsandvision.nl\/de\/wp-json\/wp\/v2\/product"}],"about":[{"href":"https:\/\/trendsandvision.nl\/de\/wp-json\/wp\/v2\/types\/product"}],"wp:featuredmedia":[{"embeddable":true,"href":"https:\/\/trendsandvision.nl\/de\/wp-json\/wp\/v2\/media\/18153"}],"wp:attachment":[{"href":"https:\/\/trendsandvision.nl\/de\/wp-json\/wp\/v2\/media?parent=18152"}],"wp:term":[{"taxonomy":"product_brand","embeddable":true,"href":"https:\/\/trendsandvision.nl\/de\/wp-json\/wp\/v2\/product_brand?post=18152"},{"taxonomy":"product_cat","embeddable":true,"href":"https:\/\/trendsandvision.nl\/de\/wp-json\/wp\/v2\/product_cat?post=18152"},{"taxonomy":"product_tag","embeddable":true,"href":"https:\/\/trendsandvision.nl\/de\/wp-json\/wp\/v2\/product_tag?post=18152"}],"curies":[{"name":"wp","href":"https:\/\/api.w.org\/{rel}","templated":true}]}}