{"id":17595,"date":"2024-11-21T17:31:51","date_gmt":"2024-11-21T16:31:51","guid":{"rendered":"https:\/\/trendsandvision.nl\/de\/?post_type=product&#038;p=17595"},"modified":"2026-04-07T10:46:49","modified_gmt":"2026-04-07T08:46:49","slug":"esschert-design-tuermatte-kokos-tulpen","status":"publish","type":"product","link":"https:\/\/trendsandvision.nl\/de\/product\/esschert-design-tuermatte-kokos-tulpen\/","title":{"rendered":"Esschert Design T\u00fcrmatte Kokos Tulpen"},"content":{"rendered":"<p>Esschert Design T\u00fcrmatte Kokos Tulpen.<br \/>\nDiese wundersch\u00f6ne Fu\u00dfmatte Tulpen! aus Kokosfasern ist ein echter Blickfang.<br \/>\nDas einladende Motiv versch\u00f6nert den Eingangsbereich deines Hauses oder Gartens. Dank der Kokosfasern l\u00e4sst sich Schmutz von Garten oder Stra\u00dfe leicht abstreifen und gelangt nicht ins Haus.<\/p>\n<p>T\u00fcrmatte Kokos Tulpen<br \/>\nKokosnuss-Fu\u00dfmatte mit Holl\u00e4ndischem Tulpendekor.<br \/>\nArtikelname T\u00fcrmatte Kokos Tulpen<br \/>\nArtikelnummer RB222<br \/>\nProduktgruppe(n) T\u00fcr &amp; Halle, T\u00fcrmatten, Kokosfaser<br \/>\nProduktabmessungen in cm L 75 x T 25 x H 1,7<br \/>\nMaterial Kokosfaser, PVC<br \/>\nNettogewicht 1,101 kg<br \/>\nBarcode 8714982149078<br \/>\nProduzent <a href=\"https:\/\/www.esschertdesign.com\/shop\/de\/deurmat-kokos-tulpen-s-rb222\" target=\"_blank\">Esschert Design<\/a><\/p>\n","protected":false},"excerpt":{"rendered":"<p>Artikelnummer RB222<br \/>\nSchmutz l\u00e4sst sich leicht abstreifen<br \/>\nEchter Blickfang<br \/>\nEinladendes Motiv<br \/>\nin cm L 75 x T 25 x H 1,7<br \/>\nMaterial Kokosfaser, PVC<br \/>\nNettogewicht 1,101 kg<\/p>\n","protected":false},"featured_media":17596,"template":"","meta":[],"product_brand":[9597,9598],"product_cat":[851],"product_tag":[7295,7021,6736],"class_list":{"0":"post-17595","1":"product","2":"type-product","3":"status-publish","4":"has-post-thumbnail","6":"product_brand-esschert-design","7":"product_brand-trends-and-vision","8":"product_cat-best-for-boots","9":"product_tag-kokos","10":"product_tag-tulp","11":"product_tag-tuermatten","13":"first","14":"instock","15":"sale","16":"taxable","17":"shipping-taxable","18":"purchasable","19":"product-type-simple","20":"czr-hentry"},"yoast_head":"<!-- This site is optimized with the Yoast SEO Premium plugin v26.4 (Yoast SEO v27.3) - https:\/\/yoast.com\/product\/yoast-seo-premium-wordpress\/ -->\n<title>Esschert Design T\u00fcrmatte Kokos Tulpen - Trends &amp; Vision (DE)<\/title>\n<meta name=\"description\" content=\"Esschert Design T\u00fcrmatte Kokos Tulpen L 75 x T 25 x H 1,7 cm, Material Kokosfaser, PVC, Nettogewicht 1,101 kg, Barcode 8714982149078\" \/>\n<meta name=\"robots\" content=\"index, follow, max-snippet:-1, max-image-preview:large, max-video-preview:-1\" \/>\n<link rel=\"canonical\" href=\"https:\/\/trendsandvision.nl\/de\/product\/esschert-design-tuermatte-kokos-tulpen\/\" \/>\n<meta property=\"og:locale\" content=\"de_DE\" \/>\n<meta property=\"og:type\" content=\"article\" \/>\n<meta property=\"og:title\" content=\"Esschert Design T\u00fcrmatte Kokos Tulpen\" \/>\n<meta property=\"og:description\" content=\"Esschert Design T\u00fcrmatte Kokos Tulpen L 75 x T 25 x H 1,7 cm, Material Kokosfaser, PVC, Nettogewicht 1,101 kg, Barcode 8714982149078\" \/>\n<meta property=\"og:url\" content=\"https:\/\/trendsandvision.nl\/de\/product\/esschert-design-tuermatte-kokos-tulpen\/\" \/>\n<meta property=\"og:site_name\" content=\"Trends &amp; Vision (DE)\" \/>\n<meta property=\"article:modified_time\" content=\"2026-04-07T08:46:49+00:00\" \/>\n<meta property=\"og:image\" content=\"https:\/\/trendsandvision.nl\/de\/wp-content\/uploads\/sites\/3\/2024\/11\/Scherm\u00adafbeelding-2024-11-21-om-16.26.03.png\" \/>\n\t<meta property=\"og:image:width\" content=\"958\" \/>\n\t<meta property=\"og:image:height\" content=\"860\" \/>\n\t<meta property=\"og:image:type\" content=\"image\/png\" \/>\n<meta name=\"twitter:card\" content=\"summary_large_image\" \/>\n<meta name=\"twitter:label1\" content=\"Gesch\u00e4tzte Lesezeit\" \/>\n\t<meta name=\"twitter:data1\" content=\"1\u00a0Minute\" \/>\n<script type=\"application\/ld+json\" class=\"yoast-schema-graph\">{\"@context\":\"https:\\\/\\\/schema.org\",\"@graph\":[{\"@type\":\"WebPage\",\"@id\":\"https:\\\/\\\/trendsandvision.nl\\\/de\\\/product\\\/esschert-design-tuermatte-kokos-tulpen\\\/\",\"url\":\"https:\\\/\\\/trendsandvision.nl\\\/de\\\/product\\\/esschert-design-tuermatte-kokos-tulpen\\\/\",\"name\":\"Esschert Design T\u00fcrmatte Kokos Tulpen - Trends &amp; Vision (DE)\",\"isPartOf\":{\"@id\":\"https:\\\/\\\/trendsandvision.nl\\\/de\\\/#website\"},\"primaryImageOfPage\":{\"@id\":\"https:\\\/\\\/trendsandvision.nl\\\/de\\\/product\\\/esschert-design-tuermatte-kokos-tulpen\\\/#primaryimage\"},\"image\":{\"@id\":\"https:\\\/\\\/trendsandvision.nl\\\/de\\\/product\\\/esschert-design-tuermatte-kokos-tulpen\\\/#primaryimage\"},\"thumbnailUrl\":\"https:\\\/\\\/trendsandvision.nl\\\/de\\\/wp-content\\\/uploads\\\/sites\\\/3\\\/2024\\\/11\\\/Scherm\u00adafbeelding-2024-11-21-om-16.26.03.png\",\"datePublished\":\"2024-11-21T16:31:51+00:00\",\"dateModified\":\"2026-04-07T08:46:49+00:00\",\"description\":\"Esschert Design T\u00fcrmatte Kokos Tulpen L 75 x T 25 x H 1,7 cm, Material Kokosfaser, PVC, Nettogewicht 1,101 kg, Barcode 8714982149078\",\"breadcrumb\":{\"@id\":\"https:\\\/\\\/trendsandvision.nl\\\/de\\\/product\\\/esschert-design-tuermatte-kokos-tulpen\\\/#breadcrumb\"},\"inLanguage\":\"de\",\"potentialAction\":[{\"@type\":\"ReadAction\",\"target\":[\"https:\\\/\\\/trendsandvision.nl\\\/de\\\/product\\\/esschert-design-tuermatte-kokos-tulpen\\\/\"]}]},{\"@type\":\"ImageObject\",\"inLanguage\":\"de\",\"@id\":\"https:\\\/\\\/trendsandvision.nl\\\/de\\\/product\\\/esschert-design-tuermatte-kokos-tulpen\\\/#primaryimage\",\"url\":\"https:\\\/\\\/trendsandvision.nl\\\/de\\\/wp-content\\\/uploads\\\/sites\\\/3\\\/2024\\\/11\\\/Scherm\u00adafbeelding-2024-11-21-om-16.26.03.png\",\"contentUrl\":\"https:\\\/\\\/trendsandvision.nl\\\/de\\\/wp-content\\\/uploads\\\/sites\\\/3\\\/2024\\\/11\\\/Scherm\u00adafbeelding-2024-11-21-om-16.26.03.png\",\"width\":958,\"height\":860,\"caption\":\"Trends and Vision T\u00fcrmatte Kokos Tulpen L 75 x T 25 x H 1,7 cm, Material Kokosfaser, PVC, Nettogewicht 1,101 kg, Barcode 8714982149078\"},{\"@type\":\"BreadcrumbList\",\"@id\":\"https:\\\/\\\/trendsandvision.nl\\\/de\\\/product\\\/esschert-design-tuermatte-kokos-tulpen\\\/#breadcrumb\",\"itemListElement\":[{\"@type\":\"ListItem\",\"position\":1,\"name\":\"Home\",\"item\":\"https:\\\/\\\/trendsandvision.nl\\\/de\\\/\"},{\"@type\":\"ListItem\",\"position\":2,\"name\":\"Gesch\u00e4ft\",\"item\":\"https:\\\/\\\/trendsandvision.nl\\\/de\\\/geschaft\\\/\"},{\"@type\":\"ListItem\",\"position\":3,\"name\":\"Esschert Design T\u00fcrmatte Kokos Tulpen\"}]},{\"@type\":\"WebSite\",\"@id\":\"https:\\\/\\\/trendsandvision.nl\\\/de\\\/#website\",\"url\":\"https:\\\/\\\/trendsandvision.nl\\\/de\\\/\",\"name\":\"Trends &amp; Vision (DE)\",\"description\":\"Der Webshop f\u00fcr Esschert Design Artikel\",\"publisher\":{\"@id\":\"https:\\\/\\\/trendsandvision.nl\\\/de\\\/#organization\"},\"potentialAction\":[{\"@type\":\"SearchAction\",\"target\":{\"@type\":\"EntryPoint\",\"urlTemplate\":\"https:\\\/\\\/trendsandvision.nl\\\/de\\\/?s={search_term_string}\"},\"query-input\":{\"@type\":\"PropertyValueSpecification\",\"valueRequired\":true,\"valueName\":\"search_term_string\"}}],\"inLanguage\":\"de\"},{\"@type\":\"Organization\",\"@id\":\"https:\\\/\\\/trendsandvision.nl\\\/de\\\/#organization\",\"name\":\"Trends &amp; Vision (DE)\",\"url\":\"https:\\\/\\\/trendsandvision.nl\\\/de\\\/\",\"logo\":{\"@type\":\"ImageObject\",\"inLanguage\":\"de\",\"@id\":\"https:\\\/\\\/trendsandvision.nl\\\/de\\\/#\\\/schema\\\/logo\\\/image\\\/\",\"url\":\"https:\\\/\\\/trendsandvision.nl\\\/de\\\/wp-content\\\/uploads\\\/sites\\\/3\\\/2022\\\/04\\\/trends-and-vision-logo.jpg\",\"contentUrl\":\"https:\\\/\\\/trendsandvision.nl\\\/de\\\/wp-content\\\/uploads\\\/sites\\\/3\\\/2022\\\/04\\\/trends-and-vision-logo.jpg\",\"width\":213,\"height\":100,\"caption\":\"Trends &amp; Vision (DE)\"},\"image\":{\"@id\":\"https:\\\/\\\/trendsandvision.nl\\\/de\\\/#\\\/schema\\\/logo\\\/image\\\/\"}}]}<\/script>\n<!-- \/ Yoast SEO Premium plugin. -->","yoast_head_json":{"title":"Esschert Design T\u00fcrmatte Kokos Tulpen - Trends &amp; Vision (DE)","description":"Esschert Design T\u00fcrmatte Kokos Tulpen L 75 x T 25 x H 1,7 cm, Material Kokosfaser, PVC, Nettogewicht 1,101 kg, Barcode 8714982149078","robots":{"index":"index","follow":"follow","max-snippet":"max-snippet:-1","max-image-preview":"max-image-preview:large","max-video-preview":"max-video-preview:-1"},"canonical":"https:\/\/trendsandvision.nl\/de\/product\/esschert-design-tuermatte-kokos-tulpen\/","og_locale":"de_DE","og_type":"article","og_title":"Esschert Design T\u00fcrmatte Kokos Tulpen","og_description":"Esschert Design T\u00fcrmatte Kokos Tulpen L 75 x T 25 x H 1,7 cm, Material Kokosfaser, PVC, Nettogewicht 1,101 kg, Barcode 8714982149078","og_url":"https:\/\/trendsandvision.nl\/de\/product\/esschert-design-tuermatte-kokos-tulpen\/","og_site_name":"Trends &amp; Vision (DE)","article_modified_time":"2026-04-07T08:46:49+00:00","og_image":[{"width":958,"height":860,"url":"https:\/\/trendsandvision.nl\/de\/wp-content\/uploads\/sites\/3\/2024\/11\/Scherm\u00adafbeelding-2024-11-21-om-16.26.03.png","type":"image\/png"}],"twitter_card":"summary_large_image","twitter_misc":{"Gesch\u00e4tzte Lesezeit":"1\u00a0Minute"},"schema":{"@context":"https:\/\/schema.org","@graph":[{"@type":"WebPage","@id":"https:\/\/trendsandvision.nl\/de\/product\/esschert-design-tuermatte-kokos-tulpen\/","url":"https:\/\/trendsandvision.nl\/de\/product\/esschert-design-tuermatte-kokos-tulpen\/","name":"Esschert Design T\u00fcrmatte Kokos Tulpen - Trends &amp; Vision (DE)","isPartOf":{"@id":"https:\/\/trendsandvision.nl\/de\/#website"},"primaryImageOfPage":{"@id":"https:\/\/trendsandvision.nl\/de\/product\/esschert-design-tuermatte-kokos-tulpen\/#primaryimage"},"image":{"@id":"https:\/\/trendsandvision.nl\/de\/product\/esschert-design-tuermatte-kokos-tulpen\/#primaryimage"},"thumbnailUrl":"https:\/\/trendsandvision.nl\/de\/wp-content\/uploads\/sites\/3\/2024\/11\/Scherm\u00adafbeelding-2024-11-21-om-16.26.03.png","datePublished":"2024-11-21T16:31:51+00:00","dateModified":"2026-04-07T08:46:49+00:00","description":"Esschert Design T\u00fcrmatte Kokos Tulpen L 75 x T 25 x H 1,7 cm, Material Kokosfaser, PVC, Nettogewicht 1,101 kg, Barcode 8714982149078","breadcrumb":{"@id":"https:\/\/trendsandvision.nl\/de\/product\/esschert-design-tuermatte-kokos-tulpen\/#breadcrumb"},"inLanguage":"de","potentialAction":[{"@type":"ReadAction","target":["https:\/\/trendsandvision.nl\/de\/product\/esschert-design-tuermatte-kokos-tulpen\/"]}]},{"@type":"ImageObject","inLanguage":"de","@id":"https:\/\/trendsandvision.nl\/de\/product\/esschert-design-tuermatte-kokos-tulpen\/#primaryimage","url":"https:\/\/trendsandvision.nl\/de\/wp-content\/uploads\/sites\/3\/2024\/11\/Scherm\u00adafbeelding-2024-11-21-om-16.26.03.png","contentUrl":"https:\/\/trendsandvision.nl\/de\/wp-content\/uploads\/sites\/3\/2024\/11\/Scherm\u00adafbeelding-2024-11-21-om-16.26.03.png","width":958,"height":860,"caption":"Trends and Vision T\u00fcrmatte Kokos Tulpen L 75 x T 25 x H 1,7 cm, Material Kokosfaser, PVC, Nettogewicht 1,101 kg, Barcode 8714982149078"},{"@type":"BreadcrumbList","@id":"https:\/\/trendsandvision.nl\/de\/product\/esschert-design-tuermatte-kokos-tulpen\/#breadcrumb","itemListElement":[{"@type":"ListItem","position":1,"name":"Home","item":"https:\/\/trendsandvision.nl\/de\/"},{"@type":"ListItem","position":2,"name":"Gesch\u00e4ft","item":"https:\/\/trendsandvision.nl\/de\/geschaft\/"},{"@type":"ListItem","position":3,"name":"Esschert Design T\u00fcrmatte Kokos Tulpen"}]},{"@type":"WebSite","@id":"https:\/\/trendsandvision.nl\/de\/#website","url":"https:\/\/trendsandvision.nl\/de\/","name":"Trends &amp; Vision (DE)","description":"Der Webshop f\u00fcr Esschert Design Artikel","publisher":{"@id":"https:\/\/trendsandvision.nl\/de\/#organization"},"potentialAction":[{"@type":"SearchAction","target":{"@type":"EntryPoint","urlTemplate":"https:\/\/trendsandvision.nl\/de\/?s={search_term_string}"},"query-input":{"@type":"PropertyValueSpecification","valueRequired":true,"valueName":"search_term_string"}}],"inLanguage":"de"},{"@type":"Organization","@id":"https:\/\/trendsandvision.nl\/de\/#organization","name":"Trends &amp; Vision (DE)","url":"https:\/\/trendsandvision.nl\/de\/","logo":{"@type":"ImageObject","inLanguage":"de","@id":"https:\/\/trendsandvision.nl\/de\/#\/schema\/logo\/image\/","url":"https:\/\/trendsandvision.nl\/de\/wp-content\/uploads\/sites\/3\/2022\/04\/trends-and-vision-logo.jpg","contentUrl":"https:\/\/trendsandvision.nl\/de\/wp-content\/uploads\/sites\/3\/2022\/04\/trends-and-vision-logo.jpg","width":213,"height":100,"caption":"Trends &amp; Vision (DE)"},"image":{"@id":"https:\/\/trendsandvision.nl\/de\/#\/schema\/logo\/image\/"}}]}},"_links":{"self":[{"href":"https:\/\/trendsandvision.nl\/de\/wp-json\/wp\/v2\/product\/17595","targetHints":{"allow":["GET"]}}],"collection":[{"href":"https:\/\/trendsandvision.nl\/de\/wp-json\/wp\/v2\/product"}],"about":[{"href":"https:\/\/trendsandvision.nl\/de\/wp-json\/wp\/v2\/types\/product"}],"wp:featuredmedia":[{"embeddable":true,"href":"https:\/\/trendsandvision.nl\/de\/wp-json\/wp\/v2\/media\/17596"}],"wp:attachment":[{"href":"https:\/\/trendsandvision.nl\/de\/wp-json\/wp\/v2\/media?parent=17595"}],"wp:term":[{"taxonomy":"product_brand","embeddable":true,"href":"https:\/\/trendsandvision.nl\/de\/wp-json\/wp\/v2\/product_brand?post=17595"},{"taxonomy":"product_cat","embeddable":true,"href":"https:\/\/trendsandvision.nl\/de\/wp-json\/wp\/v2\/product_cat?post=17595"},{"taxonomy":"product_tag","embeddable":true,"href":"https:\/\/trendsandvision.nl\/de\/wp-json\/wp\/v2\/product_tag?post=17595"}],"curies":[{"name":"wp","href":"https:\/\/api.w.org\/{rel}","templated":true}]}}